{"id":53163,"date":"2025-09-05T12:17:30","date_gmt":"2025-09-05T09:17:30","guid":{"rendered":"https:\/\/rst-steel.com\/product\/ozz-xo1-p-led-lisavalo-ovaali_prm_72576\/"},"modified":"2026-03-16T09:17:46","modified_gmt":"2026-03-16T06:17:46","slug":"ozz-xo1-p-led-auxiliary-light-oval_prm_72576","status":"publish","type":"product","link":"https:\/\/com.rst-steel.eu\/sv\/produkt\/ozz-xo1-p-led-auxiliary-light-oval_prm_72576\/","title":{"rendered":"OZZ XO1 P Extraljus"},"content":{"rendered":"<p>Enhance driving safety and visibility with the <span style=\"font-weight: bold\">OZZ XO1 P<\/span> oval LED auxiliary light, featuring an advanced dynamic position light and warning light. This premium light offers versatile lighting functions, including a dual-color white or amber position light and a warning light with three different flashing patterns.<\/p>\n<ul>\n<li>\n<\/li>\n<\/ul>\n<p>The 5000K color temperature provides bright and comfortable illumination in all weather conditions. With 95W power and a luminous flux of 5,100 lumens, it ensures you can see and be seen even in the most demanding driving conditions. The aluminum housing and polycarbonate lens provide durability and long service life.<\/p>\n<ul>\n<li>\n<\/li>\n<\/ul>\n<p>Installation is easy thanks to the 6-pin DT connector, and the light operates over a wide 10\u201335V voltage range. The OZZ XO1 P is designed for reliable performance and longevity.<\/p>\n<ul>\n<li>\n<\/li>\n<\/ul>\n<p><span style=\"font-weight: bold\">Tekniska specifikationer<\/p>\n<p><\/span><\/p>\n<ul>\n<li>Voltage: 10\u201335V<\/li>\n<li>Power: 95W<\/li>\n<li>Luminous flux: 5,100 lm<\/li>\n<li>F\u00e4rgtemperatur: 5000K<\/li>\n<li>Materials: Aluminum, Polycarbonate<\/li>\n<li>Referensnummer: 50<\/li>\n<li>Beam range (1 lux): 475 m<\/li>\n<li>Connector: 6-pin DT<\/li>\n<li>Weight: 2.969 kg<\/li>\n<li>IP-klassning: IP67<\/li>\n<li>Approvals: R112, R7, R65, ECE R10\n<p><\/li>\n<\/ul>\n<p><span style=\"font-weight: bold\">Dimensioner:<\/p>\n<p><\/span><\/p>\n<ul>\n<li>Width: 245 mm<\/li>\n<li>Height: 140 \/ 162.5 mm<\/li>\n<li>Djup: 90 mm<\/li>\n<\/ul>","protected":false},"excerpt":{"rendered":"<p>OZZ XO1 P Oval LED Extraljus med 5,100 lm ljusfl\u00f6de<\/p>","protected":false},"featured_media":53159,"comment_status":"open","ping_status":"closed","template":"","meta":{"_improvement_type_select":"improve_an_existing","_thumb_yes_seoaic":false,"_frame_yes_seoaic":false,"seoaic_generate_description":"","seoaic_improve_instructions_prompt":"","seoaic_rollback_content_improvement":"","seoaic_idea_thumbnail_generator":"","thumbnail_generated":false,"thumbnail_generate_prompt":"","seoaic_article_description":""},"make_fuel_type":[],"make_model":[],"make_brand":[],"make_year":[],"pwb-brand":[8337],"product_brand":[],"product_cat":[8223,6195,6209],"product_tag":[8498,8495],"class_list":{"0":"post-53163","1":"product","2":"type-product","3":"status-publish","4":"has-post-thumbnail","6":"pwb-brand-brand_ozz","7":"product_cat-rstozz","8":"product_cat-lamps","9":"product_cat-auxiliary-lights","10":"product_tag-auxiliary-light","11":"product_tag-ozz","13":"first","14":"instock","15":"taxable","16":"shipping-taxable","17":"purchasable","18":"product-type-variable"},"yoast_head":"<!-- This site is optimized with the Yoast SEO plugin v25.7 - https:\/\/yoast.com\/wordpress\/plugins\/seo\/ -->\n<title>OZZ XO1 P LED-Auxiliary Light Oval - RST-Steel<\/title>\n<meta name=\"description\" content=\"OZZ XO1 P Oval LED auxiliary light \u2013 95W, 5,100 lm, dynamic white\/amber position light, warning light, 475 m beam, IP67, durable and versatile.\" \/>\n<meta name=\"robots\" content=\"index, follow, max-snippet:-1, max-image-preview:large, max-video-preview:-1\" \/>\n<link rel=\"canonical\" href=\"https:\/\/com.rst-steel.eu\/sv\/produkt\/ozz-xo1-p-led-auxiliary-light-oval_prm_72576\/\" \/>\n<meta property=\"og:locale\" content=\"sv_SE\" \/>\n<meta property=\"og:type\" content=\"article\" \/>\n<meta property=\"og:title\" content=\"OZZ XO1 P LED-Auxiliary Light Oval - RST-Steel\" \/>\n<meta property=\"og:description\" content=\"OZZ XO1 P Oval LED auxiliary light \u2013 95W, 5,100 lm, dynamic white\/amber position light, warning light, 475 m beam, IP67, durable and versatile.\" \/>\n<meta property=\"og:url\" content=\"https:\/\/com.rst-steel.eu\/sv\/produkt\/ozz-xo1-p-led-auxiliary-light-oval_prm_72576\/\" \/>\n<meta property=\"og:site_name\" content=\"RST-Steel\" \/>\n<meta property=\"article:publisher\" content=\"https:\/\/www.facebook.com\/rststeel\" \/>\n<meta property=\"article:modified_time\" content=\"2026-03-16T06:17:46+00:00\" \/>\n<meta property=\"og:image\" content=\"https:\/\/com.rst-steel.eu\/wp-content\/uploads\/2025\/09\/ca6271672312ff5e122d924828f7d7874920eb7a_Lis__valo_OZZ_88105_sammutettuna.jpg\" \/>\n\t<meta property=\"og:image:width\" content=\"600\" \/>\n\t<meta property=\"og:image:height\" content=\"600\" \/>\n\t<meta property=\"og:image:type\" content=\"image\/jpeg\" \/>\n<meta name=\"twitter:card\" content=\"summary_large_image\" \/>\n<meta name=\"twitter:label1\" content=\"Ber\u00e4knad l\u00e4stid\" \/>\n\t<meta name=\"twitter:data1\" content=\"1 minut\" \/>\n<script type=\"application\/ld+json\" class=\"yoast-schema-graph\">{\"@context\":\"https:\/\/schema.org\",\"@graph\":[{\"@type\":\"WebPage\",\"@id\":\"https:\/\/com.rst-steel.eu\/product\/ozz-xo1-p-led-auxiliary-light-oval_prm_72576\/\",\"url\":\"https:\/\/com.rst-steel.eu\/product\/ozz-xo1-p-led-auxiliary-light-oval_prm_72576\/\",\"name\":\"OZZ XO1 P LED-Auxiliary Light Oval - RST-Steel\",\"isPartOf\":{\"@id\":\"https:\/\/com.rst-steel.eu\/#website\"},\"primaryImageOfPage\":{\"@id\":\"https:\/\/com.rst-steel.eu\/product\/ozz-xo1-p-led-auxiliary-light-oval_prm_72576\/#primaryimage\"},\"image\":{\"@id\":\"https:\/\/com.rst-steel.eu\/product\/ozz-xo1-p-led-auxiliary-light-oval_prm_72576\/#primaryimage\"},\"thumbnailUrl\":\"https:\/\/com.rst-steel.eu\/wp-content\/uploads\/2025\/09\/ca6271672312ff5e122d924828f7d7874920eb7a_Lis__valo_OZZ_88105_sammutettuna.jpg\",\"datePublished\":\"2025-09-05T09:17:30+00:00\",\"dateModified\":\"2026-03-16T06:17:46+00:00\",\"description\":\"OZZ XO1 P Oval LED auxiliary light \u2013 95W, 5,100 lm, dynamic white\/amber position light, warning light, 475 m beam, IP67, durable and versatile.\",\"breadcrumb\":{\"@id\":\"https:\/\/com.rst-steel.eu\/product\/ozz-xo1-p-led-auxiliary-light-oval_prm_72576\/#breadcrumb\"},\"inLanguage\":\"sv-SE\",\"potentialAction\":[{\"@type\":\"ReadAction\",\"target\":[\"https:\/\/com.rst-steel.eu\/product\/ozz-xo1-p-led-auxiliary-light-oval_prm_72576\/\"]}]},{\"@type\":\"ImageObject\",\"inLanguage\":\"sv-SE\",\"@id\":\"https:\/\/com.rst-steel.eu\/product\/ozz-xo1-p-led-auxiliary-light-oval_prm_72576\/#primaryimage\",\"url\":\"https:\/\/com.rst-steel.eu\/wp-content\/uploads\/2025\/09\/ca6271672312ff5e122d924828f7d7874920eb7a_Lis__valo_OZZ_88105_sammutettuna.jpg\",\"contentUrl\":\"https:\/\/com.rst-steel.eu\/wp-content\/uploads\/2025\/09\/ca6271672312ff5e122d924828f7d7874920eb7a_Lis__valo_OZZ_88105_sammutettuna.jpg\",\"width\":600,\"height\":600,\"caption\":\"OZZ XO1 P LED-Auxiliary Light Oval\"},{\"@type\":\"BreadcrumbList\",\"@id\":\"https:\/\/com.rst-steel.eu\/product\/ozz-xo1-p-led-auxiliary-light-oval_prm_72576\/#breadcrumb\",\"itemListElement\":[{\"@type\":\"ListItem\",\"position\":1,\"name\":\"Home\",\"item\":\"https:\/\/com.rst-steel.eu\/\"},{\"@type\":\"ListItem\",\"position\":2,\"name\":\"RST-Steel Shop\",\"item\":\"https:\/\/com.rst-steel.eu\/shop\/\"},{\"@type\":\"ListItem\",\"position\":3,\"name\":\"OZZ XO1 P LED-Auxiliary Light Oval\"}]},{\"@type\":\"WebSite\",\"@id\":\"https:\/\/com.rst-steel.eu\/#website\",\"url\":\"https:\/\/com.rst-steel.eu\/\",\"name\":\"RST-Steel.com\",\"description\":\"Finnish quality steel, for quality-conscious drivers\",\"publisher\":{\"@id\":\"https:\/\/com.rst-steel.eu\/#organization\"},\"alternateName\":\"Safe and stylish RST-Steel quality\",\"potentialAction\":[{\"@type\":\"SearchAction\",\"target\":{\"@type\":\"EntryPoint\",\"urlTemplate\":\"https:\/\/com.rst-steel.eu\/?s={search_term_string}\"},\"query-input\":{\"@type\":\"PropertyValueSpecification\",\"valueRequired\":true,\"valueName\":\"search_term_string\"}}],\"inLanguage\":\"sv-SE\"},{\"@type\":\"Organization\",\"@id\":\"https:\/\/com.rst-steel.eu\/#organization\",\"name\":\"RST-Steel Oy\",\"url\":\"https:\/\/com.rst-steel.eu\/\",\"logo\":{\"@type\":\"ImageObject\",\"inLanguage\":\"sv-SE\",\"@id\":\"https:\/\/com.rst-steel.eu\/#\/schema\/logo\/image\/\",\"url\":\"https:\/\/com.rst-steel.eu\/wp-content\/uploads\/2023\/04\/cropped-Rst-logo-valkoinen-teksti-3.png\",\"contentUrl\":\"https:\/\/com.rst-steel.eu\/wp-content\/uploads\/2023\/04\/cropped-Rst-logo-valkoinen-teksti-3.png\",\"width\":512,\"height\":115,\"caption\":\"RST-Steel Oy\"},\"image\":{\"@id\":\"https:\/\/com.rst-steel.eu\/#\/schema\/logo\/image\/\"},\"sameAs\":[\"https:\/\/www.facebook.com\/rststeel\",\"https:\/\/www.instagram.com\/rststeeloy\/\"]}]}<\/script>\n<!-- \/ Yoast SEO plugin. -->","yoast_head_json":{"title":"OZZ XO1 P LED-Auxiliary Light Oval - RST-Steel","description":"OZZ XO1 P Oval LED auxiliary light \u2013 95W, 5,100 lm, dynamic white\/amber position light, warning light, 475 m beam, IP67, durable and versatile.","robots":{"index":"index","follow":"follow","max-snippet":"max-snippet:-1","max-image-preview":"max-image-preview:large","max-video-preview":"max-video-preview:-1"},"canonical":"https:\/\/com.rst-steel.eu\/sv\/produkt\/ozz-xo1-p-led-auxiliary-light-oval_prm_72576\/","og_locale":"sv_SE","og_type":"article","og_title":"OZZ XO1 P LED-Auxiliary Light Oval - RST-Steel","og_description":"OZZ XO1 P Oval LED auxiliary light \u2013 95W, 5,100 lm, dynamic white\/amber position light, warning light, 475 m beam, IP67, durable and versatile.","og_url":"https:\/\/com.rst-steel.eu\/sv\/produkt\/ozz-xo1-p-led-auxiliary-light-oval_prm_72576\/","og_site_name":"RST-Steel","article_publisher":"https:\/\/www.facebook.com\/rststeel","article_modified_time":"2026-03-16T06:17:46+00:00","og_image":[{"width":600,"height":600,"url":"https:\/\/com.rst-steel.eu\/wp-content\/uploads\/2025\/09\/ca6271672312ff5e122d924828f7d7874920eb7a_Lis__valo_OZZ_88105_sammutettuna.jpg","type":"image\/jpeg"}],"twitter_card":"summary_large_image","twitter_misc":{"Ber\u00e4knad l\u00e4stid":"1 minut"},"schema":{"@context":"https:\/\/schema.org","@graph":[{"@type":"WebPage","@id":"https:\/\/com.rst-steel.eu\/product\/ozz-xo1-p-led-auxiliary-light-oval_prm_72576\/","url":"https:\/\/com.rst-steel.eu\/product\/ozz-xo1-p-led-auxiliary-light-oval_prm_72576\/","name":"OZZ XO1 P LED-Auxiliary Light Oval - RST-Steel","isPartOf":{"@id":"https:\/\/com.rst-steel.eu\/#website"},"primaryImageOfPage":{"@id":"https:\/\/com.rst-steel.eu\/product\/ozz-xo1-p-led-auxiliary-light-oval_prm_72576\/#primaryimage"},"image":{"@id":"https:\/\/com.rst-steel.eu\/product\/ozz-xo1-p-led-auxiliary-light-oval_prm_72576\/#primaryimage"},"thumbnailUrl":"https:\/\/com.rst-steel.eu\/wp-content\/uploads\/2025\/09\/ca6271672312ff5e122d924828f7d7874920eb7a_Lis__valo_OZZ_88105_sammutettuna.jpg","datePublished":"2025-09-05T09:17:30+00:00","dateModified":"2026-03-16T06:17:46+00:00","description":"OZZ XO1 P Oval LED auxiliary light \u2013 95W, 5,100 lm, dynamic white\/amber position light, warning light, 475 m beam, IP67, durable and versatile.","breadcrumb":{"@id":"https:\/\/com.rst-steel.eu\/product\/ozz-xo1-p-led-auxiliary-light-oval_prm_72576\/#breadcrumb"},"inLanguage":"sv-SE","potentialAction":[{"@type":"ReadAction","target":["https:\/\/com.rst-steel.eu\/product\/ozz-xo1-p-led-auxiliary-light-oval_prm_72576\/"]}]},{"@type":"ImageObject","inLanguage":"sv-SE","@id":"https:\/\/com.rst-steel.eu\/product\/ozz-xo1-p-led-auxiliary-light-oval_prm_72576\/#primaryimage","url":"https:\/\/com.rst-steel.eu\/wp-content\/uploads\/2025\/09\/ca6271672312ff5e122d924828f7d7874920eb7a_Lis__valo_OZZ_88105_sammutettuna.jpg","contentUrl":"https:\/\/com.rst-steel.eu\/wp-content\/uploads\/2025\/09\/ca6271672312ff5e122d924828f7d7874920eb7a_Lis__valo_OZZ_88105_sammutettuna.jpg","width":600,"height":600,"caption":"OZZ XO1 P LED-Auxiliary Light Oval"},{"@type":"BreadcrumbList","@id":"https:\/\/com.rst-steel.eu\/product\/ozz-xo1-p-led-auxiliary-light-oval_prm_72576\/#breadcrumb","itemListElement":[{"@type":"ListItem","position":1,"name":"Home","item":"https:\/\/com.rst-steel.eu\/"},{"@type":"ListItem","position":2,"name":"RST-Steel Shop","item":"https:\/\/com.rst-steel.eu\/shop\/"},{"@type":"ListItem","position":3,"name":"OZZ XO1 P LED-Auxiliary Light Oval"}]},{"@type":"WebSite","@id":"https:\/\/com.rst-steel.eu\/#website","url":"https:\/\/com.rst-steel.eu\/","name":"RST-Stahl.com","description":"Finskt kvalitetsst\u00e5l, f\u00f6r kvalitetsmedvetna f\u00f6rare","publisher":{"@id":"https:\/\/com.rst-steel.eu\/#organization"},"alternateName":"Safe and stylish RST-Steel quality","potentialAction":[{"@type":"SearchAction","target":{"@type":"EntryPoint","urlTemplate":"https:\/\/com.rst-steel.eu\/?s={search_term_string}"},"query-input":{"@type":"PropertyValueSpecification","valueRequired":true,"valueName":"search_term_string"}}],"inLanguage":"sv-SE"},{"@type":"Organization","@id":"https:\/\/com.rst-steel.eu\/#organization","name":"RST-Steel Oy","url":"https:\/\/com.rst-steel.eu\/","logo":{"@type":"ImageObject","inLanguage":"sv-SE","@id":"https:\/\/com.rst-steel.eu\/#\/schema\/logo\/image\/","url":"https:\/\/com.rst-steel.eu\/wp-content\/uploads\/2023\/04\/cropped-Rst-logo-valkoinen-teksti-3.png","contentUrl":"https:\/\/com.rst-steel.eu\/wp-content\/uploads\/2023\/04\/cropped-Rst-logo-valkoinen-teksti-3.png","width":512,"height":115,"caption":"RST-Steel Oy"},"image":{"@id":"https:\/\/com.rst-steel.eu\/#\/schema\/logo\/image\/"},"sameAs":["https:\/\/www.facebook.com\/rststeel","https:\/\/www.instagram.com\/rststeeloy\/"]}]}},"brands":[{"id":8337,"name":"OZZ","slug":"brand_ozz"}],"_links":{"self":[{"href":"https:\/\/com.rst-steel.eu\/sv\/wp-json\/wp\/v2\/product\/53163","targetHints":{"allow":["GET"]}}],"collection":[{"href":"https:\/\/com.rst-steel.eu\/sv\/wp-json\/wp\/v2\/product"}],"about":[{"href":"https:\/\/com.rst-steel.eu\/sv\/wp-json\/wp\/v2\/types\/product"}],"replies":[{"embeddable":true,"href":"https:\/\/com.rst-steel.eu\/sv\/wp-json\/wp\/v2\/comments?post=53163"}],"version-history":[{"count":0,"href":"https:\/\/com.rst-steel.eu\/sv\/wp-json\/wp\/v2\/product\/53163\/revisions"}],"wp:featuredmedia":[{"embeddable":true,"href":"https:\/\/com.rst-steel.eu\/sv\/wp-json\/wp\/v2\/media\/53159"}],"wp:attachment":[{"href":"https:\/\/com.rst-steel.eu\/sv\/wp-json\/wp\/v2\/media?parent=53163"}],"wp:term":[{"taxonomy":"make_fuel_type","embeddable":true,"href":"https:\/\/com.rst-steel.eu\/sv\/wp-json\/wp\/v2\/make_fuel_type?post=53163"},{"taxonomy":"make_model","embeddable":true,"href":"https:\/\/com.rst-steel.eu\/sv\/wp-json\/wp\/v2\/make_model?post=53163"},{"taxonomy":"make_brand","embeddable":true,"href":"https:\/\/com.rst-steel.eu\/sv\/wp-json\/wp\/v2\/make_brand?post=53163"},{"taxonomy":"make_year","embeddable":true,"href":"https:\/\/com.rst-steel.eu\/sv\/wp-json\/wp\/v2\/make_year?post=53163"},{"taxonomy":"pwb-brand","embeddable":true,"href":"https:\/\/com.rst-steel.eu\/sv\/wp-json\/wp\/v2\/pwb-brand?post=53163"},{"taxonomy":"product_brand","embeddable":true,"href":"https:\/\/com.rst-steel.eu\/sv\/wp-json\/wp\/v2\/product_brand?post=53163"},{"taxonomy":"product_cat","embeddable":true,"href":"https:\/\/com.rst-steel.eu\/sv\/wp-json\/wp\/v2\/product_cat?post=53163"},{"taxonomy":"product_tag","embeddable":true,"href":"https:\/\/com.rst-steel.eu\/sv\/wp-json\/wp\/v2\/product_tag?post=53163"}],"curies":[{"name":"wp","href":"https:\/\/api.w.org\/{rel}","templated":true}]}}