{"id":53111,"date":"2025-09-04T12:10:44","date_gmt":"2025-09-04T09:10:44","guid":{"rendered":"https:\/\/rst-steel.com\/product\/bull-bar-dakar-volvo-fh-aero-2024-_prm_76216\/"},"modified":"2026-03-16T09:20:07","modified_gmt":"2026-03-16T06:20:07","slug":"bullbar-dakar-v55-volvo-fh-aero-legalpro_prm_76216","status":"publish","type":"product","link":"https:\/\/com.rst-steel.eu\/sv\/produkt\/bullbar-dakar-v55-volvo-fh-aero-legalpro_prm_76216\/","title":{"rendered":"Bullbar Dakar V55 Volvo FH AERO (LegalPro)"},"content":{"rendered":"<p><span style=\"font-weight: bold\">Bullbar&nbsp; Dakar V55 Volvo FH Aero (LegalPro)<\/span><\/p>\n<ul>\n<li>&nbsp;<\/li>\n<\/ul>\n<p><strong>This bullbar have received official road approval and may be used legally in all EU countries as well as Norway.<\/strong><\/p>\n<ul>\n<li>&nbsp;<\/li>\n<\/ul>\n<p><span style=\"font-weight: bold\">Egenskaper:<\/span><\/p>\n<ul>\n<li><span style=\"font-weight: bold\">Kompatibilitet:<\/span> Perfect fit for Volvo FH Aero.<\/li>\n<li><strong>Towability:<\/strong> Truck can be easily towed using our specially developed towing loops, which are revealed when the bull bar is placed in service position(towing loops needs to be purchased separately. Product code <em><strong><a href=\"https:\/\/rst-steel.com\/product\/towing-loops-for-volvo-aero-bull-bar_prm_76166\/\">31221<\/a><\/strong><\/em>)<\/li>\n<li><span style=\"font-weight: bold\">H\u00e5llbarhet:<\/span> Tillverkad av h\u00f6gkvalitativt rostfritt st\u00e5l som \u00e4r utformat f\u00f6r att t\u00e5la \u00e4ven de tuffaste f\u00f6rh\u00e5llandena.<\/li>\n<li><span style=\"font-weight: bold\">Enkel installation:<\/span> Levereras med installationsanvisningar och monteringsbeslag, vilket g\u00f6r att du sj\u00e4lv kan montera st\u00f6tf\u00e5ngaren om s\u00e5 \u00f6nskas.<\/li>\n<li><strong>Stilren design:<\/strong> Ger din lastbil ett modernt och dynamiskt utseende. Den slanka designen i polerad eller m\u00e5lad st\u00e5lyta f\u00e5r din lastbil att sticka ut och se imponerande ut.<\/li>\n<li><strong>Maximalt skydd:<\/strong> The bull bar provides effective protection for the front of your vehicle, safeguarding it from collisions and damage. This reduces the risk of repairs and keeps your truck performing at its best for years to come.<\/li>\n<li><strong>Kompatibel med ACC, AEB, Lane Keeping Assist osv.<\/strong><\/li>\n<li>&nbsp;<\/li>\n<\/ul>\n<p><span style=\"font-weight: bold\">Vad betyder ett v\u00e4g-godk\u00e4nt bullbar?<\/span><\/p>\n<p>Ett v\u00e4g-godk\u00e4nt bullbar betyder att produkten \u00e4r fullt godk\u00e4nd f\u00f6r v\u00e4gbruk i Europa och Norge, och att den kan sitta kvar p\u00e5 fordonet vid periodiska besiktningar.<\/p>\n<p>RST-Steel bull bars are premium-quality products manufactured in Finland from stainless steel and carrying the Key Flag Symbol.<\/p>\n<p>The bull bar protects the front of the vehicle in potential collision situations. It gives the truck a bold and stylish appearance, attracts attention, and may even spark \u201csteel fever,\u201d helping you and your company stand out in a positive way.<\/p>\n<p>Vehicle front grille can be opened and cabin tilted with the bull bar in place.<\/p>\n<p>The bull bar can be equipped with auxiliary lights and marker lights to improve visibility in traffic, while increasing safety for both you and other road users.<\/p>\n<ul>\n<li>&nbsp;<\/li>\n<\/ul>\n<p><strong>The bull bar is designed for quick and easy removal, making maintenance fast and efficient.<\/strong><\/p>\n<ul>\n<li>&nbsp;<\/li>\n<\/ul>\n<p><strong>Varf\u00f6r v\u00e4lja RST-Steel?<\/strong><\/p>\n<ul>\n<li><strong>Tillverkad i Finland<\/strong>&nbsp;Alla v\u00e5ra produkter tillverkas i v\u00e5r egen produktionsanl\u00e4ggning i Nivala, Finland.<\/li>\n<li><strong>Tillf\u00f6rlitlighet:<\/strong> M\u00e5nga \u00e5rs erfarenhet och expertis s\u00e4kerst\u00e4ller v\u00e5ra produkters h\u00f6ga kvalitet och h\u00e5llbarhet.<\/li>\n<li><strong>Kundn\u00f6jdhet:<\/strong>&nbsp;Tusentals n\u00f6jda kunder v\u00e4rlden \u00f6ver litar p\u00e5 RST-Steels produkter.<\/li>\n<li>&nbsp;<\/li>\n<\/ul>\n<p><strong>Teknisk information:<\/strong><\/p>\n<ul>\n<li><strong>F\u00e4rg:<\/strong> Polished stainless steel or Powdercoated with RAL colors<\/li>\n<li><strong>Net:<\/strong> On the front side of bullbar<\/li>\n<li><strong>Pipes diameters:<\/strong> 76 mm \/ 60 mm<\/li>\n<li><strong>Pipes material:<\/strong> AISI 304<\/li>\n<li><strong>Lamp holders:<\/strong> 6pcs welded lamp holders for 9&#8221; round lamps, or for example 2x 40cm Lightbars or 1x 80cm Lightbar<\/li>\n<li><strong>Wiring kit holder:<\/strong> Behind the vertical beam is holder for the RST-Steel&#8217;s wiring kit<\/li>\n<li><strong>Wiring kit connector holder: <\/strong>Welded holder in bracket for wiring kit connector.<\/li>\n<li><strong>Weight:<\/strong> 40kg<\/li>\n<li><strong>Warranty:<\/strong> 1 year<\/li>\n<li>&nbsp;<\/li>\n<\/ul>\n<p><a href=\"https:\/\/www.youtube.com\/watch?v=G2FVajPh-pM\"><strong>VIDEO F\u00d6R INSTALLATION AV BULLBAR-KABELSATS FINNS H\u00c4R!<\/strong><\/a><\/p>\n<p><strong>Leveransinneh\u00e5ll:<\/strong><\/p>\n<ul>\n<li>Frontskydd<\/li>\n<li>Monteringsf\u00e4sten som beh\u00f6vs f\u00f6r installation<\/li>\n<li>Instruktioner f\u00f6r installation<\/li>\n<li>&nbsp;<\/li>\n<\/ul>\n<p><strong>Installationstid:<\/strong><\/p>\n<ul>\n<li>&nbsp;45 minuter utan de elektriska anslutningarna<\/li>\n<\/ul>","protected":false},"excerpt":{"rendered":"<div><span style=\"font-weight: bold\">Skydda din lastbil p\u00e5 b\u00e4sta m\u00f6jliga s\u00e4tt!<\/span><\/div>\n<div><\/div>","protected":false},"featured_media":120678,"comment_status":"open","ping_status":"closed","template":"","meta":{"_improvement_type_select":"improve_an_existing","_thumb_yes_seoaic":false,"_frame_yes_seoaic":false,"seoaic_generate_description":"","seoaic_improve_instructions_prompt":"","seoaic_rollback_content_improvement":"","seoaic_idea_thumbnail_generator":"","thumbnail_generated":false,"thumbnail_generate_prompt":"","seoaic_article_description":""},"make_fuel_type":[],"make_model":[6966],"make_brand":[3745],"make_year":[3748],"pwb-brand":[8334],"product_brand":[],"product_cat":[6280,7158],"product_tag":[8501],"class_list":{"0":"post-53111","1":"product","2":"type-product","3":"status-publish","4":"has-post-thumbnail","6":"make_model-fh-aero","7":"make_brand-volvo","8":"make_year-trucks","9":"pwb-brand-brand_rststeel","10":"product_cat-bullbars","11":"product_cat-volvo-ka-kk","12":"product_tag-bullbar-dakar","13":"product_shipping_class-bullbars","15":"first","16":"instock","17":"taxable","18":"shipping-taxable","19":"purchasable","20":"product-type-variable"},"yoast_head":"<!-- This site is optimized with the Yoast SEO plugin v25.7 - https:\/\/yoast.com\/wordpress\/plugins\/seo\/ -->\n<title>Bullbar Dakar V55 Volvo FH AERO (LegalPro) RST-Steel<\/title>\n<meta name=\"description\" content=\"Bull Bar Dakar for Volvo FH AERO 2024 \u2013 durable, heavy-duty front protection for trucks, designed for safety and rugged off-road conditions.\" \/>\n<meta name=\"robots\" content=\"index, follow, max-snippet:-1, max-image-preview:large, max-video-preview:-1\" \/>\n<link rel=\"canonical\" href=\"https:\/\/com.rst-steel.eu\/sv\/produkt\/bullbar-dakar-v55-volvo-fh-aero-legalpro_prm_76216\/\" \/>\n<meta property=\"og:locale\" content=\"sv_SE\" \/>\n<meta property=\"og:type\" content=\"article\" \/>\n<meta property=\"og:title\" content=\"Bullbar Dakar V55 Volvo FH AERO (LegalPro) RST-Steel\" \/>\n<meta property=\"og:description\" content=\"Bull Bar Dakar for Volvo FH AERO 2024 \u2013 durable, heavy-duty front protection for trucks, designed for safety and rugged off-road conditions.\" \/>\n<meta property=\"og:url\" content=\"https:\/\/com.rst-steel.eu\/sv\/produkt\/bullbar-dakar-v55-volvo-fh-aero-legalpro_prm_76216\/\" \/>\n<meta property=\"og:site_name\" content=\"RST-Steel\" \/>\n<meta property=\"article:publisher\" content=\"https:\/\/www.facebook.com\/rststeel\" \/>\n<meta property=\"article:modified_time\" content=\"2026-03-16T06:20:07+00:00\" \/>\n<meta property=\"og:image\" content=\"https:\/\/com.rst-steel.eu\/wp-content\/uploads\/2026\/01\/069067e3e01eb77885b03cb01b730855c048b720_VO0155__2_.jpg\" \/>\n\t<meta property=\"og:image:width\" content=\"2048\" \/>\n\t<meta property=\"og:image:height\" content=\"2048\" \/>\n\t<meta property=\"og:image:type\" content=\"image\/jpeg\" \/>\n<meta name=\"twitter:card\" content=\"summary_large_image\" \/>\n<meta name=\"twitter:label1\" content=\"Ber\u00e4knad l\u00e4stid\" \/>\n\t<meta name=\"twitter:data1\" content=\"3 minuter\" \/>\n<script type=\"application\/ld+json\" class=\"yoast-schema-graph\">{\"@context\":\"https:\/\/schema.org\",\"@graph\":[{\"@type\":\"WebPage\",\"@id\":\"https:\/\/com.rst-steel.eu\/sv\/produkt\/bullbar-dakar-v55-volvo-fh-aero-legalpro_prm_76216\/\",\"url\":\"https:\/\/com.rst-steel.eu\/sv\/produkt\/bullbar-dakar-v55-volvo-fh-aero-legalpro_prm_76216\/\",\"name\":\"Bullbar Dakar V55 Volvo FH AERO (LegalPro) RST-Steel\",\"isPartOf\":{\"@id\":\"https:\/\/com.rst-steel.eu\/#website\"},\"primaryImageOfPage\":{\"@id\":\"https:\/\/com.rst-steel.eu\/sv\/produkt\/bullbar-dakar-v55-volvo-fh-aero-legalpro_prm_76216\/#primaryimage\"},\"image\":{\"@id\":\"https:\/\/com.rst-steel.eu\/sv\/produkt\/bullbar-dakar-v55-volvo-fh-aero-legalpro_prm_76216\/#primaryimage\"},\"thumbnailUrl\":\"https:\/\/com.rst-steel.eu\/wp-content\/uploads\/2026\/01\/069067e3e01eb77885b03cb01b730855c048b720_VO0155__2_.jpg\",\"datePublished\":\"2025-09-04T09:10:44+00:00\",\"dateModified\":\"2026-03-16T06:20:07+00:00\",\"description\":\"Bull Bar Dakar for Volvo FH AERO 2024 \u2013 durable, heavy-duty front protection for trucks, designed for safety and rugged off-road conditions.\",\"breadcrumb\":{\"@id\":\"https:\/\/com.rst-steel.eu\/sv\/produkt\/bullbar-dakar-v55-volvo-fh-aero-legalpro_prm_76216\/#breadcrumb\"},\"inLanguage\":\"sv-SE\",\"potentialAction\":[{\"@type\":\"ReadAction\",\"target\":[\"https:\/\/com.rst-steel.eu\/sv\/produkt\/bullbar-dakar-v55-volvo-fh-aero-legalpro_prm_76216\/\"]}]},{\"@type\":\"ImageObject\",\"inLanguage\":\"sv-SE\",\"@id\":\"https:\/\/com.rst-steel.eu\/sv\/produkt\/bullbar-dakar-v55-volvo-fh-aero-legalpro_prm_76216\/#primaryimage\",\"url\":\"https:\/\/com.rst-steel.eu\/wp-content\/uploads\/2026\/01\/069067e3e01eb77885b03cb01b730855c048b720_VO0155__2_.jpg\",\"contentUrl\":\"https:\/\/com.rst-steel.eu\/wp-content\/uploads\/2026\/01\/069067e3e01eb77885b03cb01b730855c048b720_VO0155__2_.jpg\",\"width\":2048,\"height\":2048,\"caption\":\"Bull bar Dakar V55 Volvo FH AERO (LegalPro)\"},{\"@type\":\"BreadcrumbList\",\"@id\":\"https:\/\/com.rst-steel.eu\/sv\/produkt\/bullbar-dakar-v55-volvo-fh-aero-legalpro_prm_76216\/#breadcrumb\",\"itemListElement\":[{\"@type\":\"ListItem\",\"position\":1,\"name\":\"Home\",\"item\":\"https:\/\/com.rst-steel.eu\/\"},{\"@type\":\"ListItem\",\"position\":2,\"name\":\"RST-Steel Shop\",\"item\":\"https:\/\/com.rst-steel.eu\/shop\/\"},{\"@type\":\"ListItem\",\"position\":3,\"name\":\"Bullbar Dakar V55 Volvo FH AERO (LegalPro)\"}]},{\"@type\":\"WebSite\",\"@id\":\"https:\/\/com.rst-steel.eu\/#website\",\"url\":\"https:\/\/com.rst-steel.eu\/\",\"name\":\"RST-Steel.com\",\"description\":\"Finnish quality steel, for quality-conscious drivers\",\"publisher\":{\"@id\":\"https:\/\/com.rst-steel.eu\/#organization\"},\"alternateName\":\"Safe and stylish RST-Steel quality\",\"potentialAction\":[{\"@type\":\"SearchAction\",\"target\":{\"@type\":\"EntryPoint\",\"urlTemplate\":\"https:\/\/com.rst-steel.eu\/?s={search_term_string}\"},\"query-input\":{\"@type\":\"PropertyValueSpecification\",\"valueRequired\":true,\"valueName\":\"search_term_string\"}}],\"inLanguage\":\"sv-SE\"},{\"@type\":\"Organization\",\"@id\":\"https:\/\/com.rst-steel.eu\/#organization\",\"name\":\"RST-Steel Oy\",\"url\":\"https:\/\/com.rst-steel.eu\/\",\"logo\":{\"@type\":\"ImageObject\",\"inLanguage\":\"sv-SE\",\"@id\":\"https:\/\/com.rst-steel.eu\/#\/schema\/logo\/image\/\",\"url\":\"https:\/\/com.rst-steel.eu\/wp-content\/uploads\/2023\/04\/cropped-Rst-logo-valkoinen-teksti-3.png\",\"contentUrl\":\"https:\/\/com.rst-steel.eu\/wp-content\/uploads\/2023\/04\/cropped-Rst-logo-valkoinen-teksti-3.png\",\"width\":512,\"height\":115,\"caption\":\"RST-Steel Oy\"},\"image\":{\"@id\":\"https:\/\/com.rst-steel.eu\/#\/schema\/logo\/image\/\"},\"sameAs\":[\"https:\/\/www.facebook.com\/rststeel\",\"https:\/\/www.instagram.com\/rststeeloy\/\"]}]}<\/script>\n<!-- \/ Yoast SEO plugin. -->","yoast_head_json":{"title":"Bullbar Dakar V55 Volvo FH AERO (LegalPro) RST-Steel","description":"Bull Bar Dakar for Volvo FH AERO 2024 \u2013 durable, heavy-duty front protection for trucks, designed for safety and rugged off-road conditions.","robots":{"index":"index","follow":"follow","max-snippet":"max-snippet:-1","max-image-preview":"max-image-preview:large","max-video-preview":"max-video-preview:-1"},"canonical":"https:\/\/com.rst-steel.eu\/sv\/produkt\/bullbar-dakar-v55-volvo-fh-aero-legalpro_prm_76216\/","og_locale":"sv_SE","og_type":"article","og_title":"Bullbar Dakar V55 Volvo FH AERO (LegalPro) RST-Steel","og_description":"Bull Bar Dakar for Volvo FH AERO 2024 \u2013 durable, heavy-duty front protection for trucks, designed for safety and rugged off-road conditions.","og_url":"https:\/\/com.rst-steel.eu\/sv\/produkt\/bullbar-dakar-v55-volvo-fh-aero-legalpro_prm_76216\/","og_site_name":"RST-Steel","article_publisher":"https:\/\/www.facebook.com\/rststeel","article_modified_time":"2026-03-16T06:20:07+00:00","og_image":[{"width":2048,"height":2048,"url":"https:\/\/com.rst-steel.eu\/wp-content\/uploads\/2026\/01\/069067e3e01eb77885b03cb01b730855c048b720_VO0155__2_.jpg","type":"image\/jpeg"}],"twitter_card":"summary_large_image","twitter_misc":{"Ber\u00e4knad l\u00e4stid":"3 minuter"},"schema":{"@context":"https:\/\/schema.org","@graph":[{"@type":"WebPage","@id":"https:\/\/com.rst-steel.eu\/sv\/produkt\/bullbar-dakar-v55-volvo-fh-aero-legalpro_prm_76216\/","url":"https:\/\/com.rst-steel.eu\/sv\/produkt\/bullbar-dakar-v55-volvo-fh-aero-legalpro_prm_76216\/","name":"Bullbar Dakar V55 Volvo FH AERO (LegalPro) RST-Steel","isPartOf":{"@id":"https:\/\/com.rst-steel.eu\/#website"},"primaryImageOfPage":{"@id":"https:\/\/com.rst-steel.eu\/sv\/produkt\/bullbar-dakar-v55-volvo-fh-aero-legalpro_prm_76216\/#primaryimage"},"image":{"@id":"https:\/\/com.rst-steel.eu\/sv\/produkt\/bullbar-dakar-v55-volvo-fh-aero-legalpro_prm_76216\/#primaryimage"},"thumbnailUrl":"https:\/\/com.rst-steel.eu\/wp-content\/uploads\/2026\/01\/069067e3e01eb77885b03cb01b730855c048b720_VO0155__2_.jpg","datePublished":"2025-09-04T09:10:44+00:00","dateModified":"2026-03-16T06:20:07+00:00","description":"Bull Bar Dakar for Volvo FH AERO 2024 \u2013 durable, heavy-duty front protection for trucks, designed for safety and rugged off-road conditions.","breadcrumb":{"@id":"https:\/\/com.rst-steel.eu\/sv\/produkt\/bullbar-dakar-v55-volvo-fh-aero-legalpro_prm_76216\/#breadcrumb"},"inLanguage":"sv-SE","potentialAction":[{"@type":"ReadAction","target":["https:\/\/com.rst-steel.eu\/sv\/produkt\/bullbar-dakar-v55-volvo-fh-aero-legalpro_prm_76216\/"]}]},{"@type":"ImageObject","inLanguage":"sv-SE","@id":"https:\/\/com.rst-steel.eu\/sv\/produkt\/bullbar-dakar-v55-volvo-fh-aero-legalpro_prm_76216\/#primaryimage","url":"https:\/\/com.rst-steel.eu\/wp-content\/uploads\/2026\/01\/069067e3e01eb77885b03cb01b730855c048b720_VO0155__2_.jpg","contentUrl":"https:\/\/com.rst-steel.eu\/wp-content\/uploads\/2026\/01\/069067e3e01eb77885b03cb01b730855c048b720_VO0155__2_.jpg","width":2048,"height":2048,"caption":"Bull bar Dakar V55 Volvo FH AERO (LegalPro)"},{"@type":"BreadcrumbList","@id":"https:\/\/com.rst-steel.eu\/sv\/produkt\/bullbar-dakar-v55-volvo-fh-aero-legalpro_prm_76216\/#breadcrumb","itemListElement":[{"@type":"ListItem","position":1,"name":"Home","item":"https:\/\/com.rst-steel.eu\/"},{"@type":"ListItem","position":2,"name":"RST-Steel Shop","item":"https:\/\/com.rst-steel.eu\/shop\/"},{"@type":"ListItem","position":3,"name":"Bullbar Dakar V55 Volvo FH AERO (LegalPro)"}]},{"@type":"WebSite","@id":"https:\/\/com.rst-steel.eu\/#website","url":"https:\/\/com.rst-steel.eu\/","name":"RST-Stahl.com","description":"Finskt kvalitetsst\u00e5l, f\u00f6r kvalitetsmedvetna f\u00f6rare","publisher":{"@id":"https:\/\/com.rst-steel.eu\/#organization"},"alternateName":"Safe and stylish RST-Steel quality","potentialAction":[{"@type":"SearchAction","target":{"@type":"EntryPoint","urlTemplate":"https:\/\/com.rst-steel.eu\/?s={search_term_string}"},"query-input":{"@type":"PropertyValueSpecification","valueRequired":true,"valueName":"search_term_string"}}],"inLanguage":"sv-SE"},{"@type":"Organization","@id":"https:\/\/com.rst-steel.eu\/#organization","name":"RST-Steel Oy","url":"https:\/\/com.rst-steel.eu\/","logo":{"@type":"ImageObject","inLanguage":"sv-SE","@id":"https:\/\/com.rst-steel.eu\/#\/schema\/logo\/image\/","url":"https:\/\/com.rst-steel.eu\/wp-content\/uploads\/2023\/04\/cropped-Rst-logo-valkoinen-teksti-3.png","contentUrl":"https:\/\/com.rst-steel.eu\/wp-content\/uploads\/2023\/04\/cropped-Rst-logo-valkoinen-teksti-3.png","width":512,"height":115,"caption":"RST-Steel Oy"},"image":{"@id":"https:\/\/com.rst-steel.eu\/#\/schema\/logo\/image\/"},"sameAs":["https:\/\/www.facebook.com\/rststeel","https:\/\/www.instagram.com\/rststeeloy\/"]}]}},"brands":[{"id":8334,"name":"RST-Steel","slug":"brand_rststeel"}],"_links":{"self":[{"href":"https:\/\/com.rst-steel.eu\/sv\/wp-json\/wp\/v2\/product\/53111","targetHints":{"allow":["GET"]}}],"collection":[{"href":"https:\/\/com.rst-steel.eu\/sv\/wp-json\/wp\/v2\/product"}],"about":[{"href":"https:\/\/com.rst-steel.eu\/sv\/wp-json\/wp\/v2\/types\/product"}],"replies":[{"embeddable":true,"href":"https:\/\/com.rst-steel.eu\/sv\/wp-json\/wp\/v2\/comments?post=53111"}],"version-history":[{"count":0,"href":"https:\/\/com.rst-steel.eu\/sv\/wp-json\/wp\/v2\/product\/53111\/revisions"}],"wp:featuredmedia":[{"embeddable":true,"href":"https:\/\/com.rst-steel.eu\/sv\/wp-json\/wp\/v2\/media\/120678"}],"wp:attachment":[{"href":"https:\/\/com.rst-steel.eu\/sv\/wp-json\/wp\/v2\/media?parent=53111"}],"wp:term":[{"taxonomy":"make_fuel_type","embeddable":true,"href":"https:\/\/com.rst-steel.eu\/sv\/wp-json\/wp\/v2\/make_fuel_type?post=53111"},{"taxonomy":"make_model","embeddable":true,"href":"https:\/\/com.rst-steel.eu\/sv\/wp-json\/wp\/v2\/make_model?post=53111"},{"taxonomy":"make_brand","embeddable":true,"href":"https:\/\/com.rst-steel.eu\/sv\/wp-json\/wp\/v2\/make_brand?post=53111"},{"taxonomy":"make_year","embeddable":true,"href":"https:\/\/com.rst-steel.eu\/sv\/wp-json\/wp\/v2\/make_year?post=53111"},{"taxonomy":"pwb-brand","embeddable":true,"href":"https:\/\/com.rst-steel.eu\/sv\/wp-json\/wp\/v2\/pwb-brand?post=53111"},{"taxonomy":"product_brand","embeddable":true,"href":"https:\/\/com.rst-steel.eu\/sv\/wp-json\/wp\/v2\/product_brand?post=53111"},{"taxonomy":"product_cat","embeddable":true,"href":"https:\/\/com.rst-steel.eu\/sv\/wp-json\/wp\/v2\/product_cat?post=53111"},{"taxonomy":"product_tag","embeddable":true,"href":"https:\/\/com.rst-steel.eu\/sv\/wp-json\/wp\/v2\/product_tag?post=53111"}],"curies":[{"name":"wp","href":"https:\/\/api.w.org\/{rel}","templated":true}]}}