{"id":52951,"date":"2025-09-04T08:24:54","date_gmt":"2025-09-04T05:24:54","guid":{"rendered":"https:\/\/rst-steel.com\/product\/lazer-grille-kit-mb-citan-2022-st4-evo_pr_72077\/"},"modified":"2026-03-16T09:13:38","modified_gmt":"2026-03-16T06:13:38","slug":"lazer-grille-kit-mb-citan-2022-st4-evo_pr_72077","status":"publish","type":"product","link":"https:\/\/com.rst-steel.eu\/sv\/produkt\/lazer-grille-kit-mb-citan-2022-st4-evo_pr_72077\/","title":{"rendered":"Lazer Grille Kit MB Citan 2022-  ST4 Evo"},"content":{"rendered":"<p>Lazer Grille Kit MB Citan 2022-\u00a0 ST4 Evo<\/p>\n<ul>\n<li><\/li>\n<\/ul>\n<p>&nbsp;<\/p>\n<p>Lazer Grille Integration Kits inneh\u00e5ller skr\u00e4ddarsydda monteringsf\u00e4sten som g\u00f6r det m\u00f6jligt att snabbt och enkelt montera Lazer High Performance LED Spotlights i frontgallret p\u00e5 de mest popul\u00e4ra personbilarna, pickuperna och l\u00e4tta kommersiella fordonen.<\/p>\n<p>Den resulterande belysningsanl\u00e4ggningen \u00e4r utformad f\u00f6r att sm\u00e4lta in s\u00f6ml\u00f6st i varje fordons ursprungliga styling och \u00e4r fortfarande helt robust och s\u00e4ker, med extra skydd mot st\u00f6ld.<\/p>\n<p>The Citan kit, designed for 2022- vehicles onwards, includes a pair of ST4 Evolution High Performance LED driving lights, plus wiring kit, alongside 4x brackets precision-engineered to engage perfectly with the standard centre grille on the vehicle.<\/p>\n<ul>\n<li><\/li>\n<\/ul>\n<p>&nbsp;<\/p>\n<p><span style=\"font-weight: bold;\">Produktfunktioner:<\/span><\/p>\n<ul>\n<li>Custom fit for Mercedes-Benz Citan 2022- models<\/li>\n<li>Designed for use with ST4 Evolution High Performance LED Spotlights<\/li>\n<li>Satsen inneh\u00e5ller ocks\u00e5 skr\u00e4ddarsydda monteringsf\u00e4sten och en kabeldragningssats f\u00f6r tv\u00e5 lampor<\/li>\n<li>F\u00e4stena \u00e4r tillverkade av h\u00f6gh\u00e5llfast, UV-stabilt kompositmaterial<\/li>\n<li>Installationen slutf\u00f6rd med gallret kvar p\u00e5 plats i fordonet<\/li>\n<li>Fullst\u00e4ndigt v\u00e4glagsenlig<\/li>\n<li>5 \u00e5rs garanti<\/li>\n<li><\/li>\n<\/ul>\n<p><span style=\"font-weight: bold;\">\u00a0<\/span><\/p>\n<p><span style=\"font-weight: bold;\">Tekniska specifikationer<\/span><\/p>\n<ul>\n<li>Sp\u00e4nningsintervall: 10-32V<\/li>\n<li>Power: 94 W<\/li>\n<li>Reference: 10 x 2<\/li>\n<li>Total luminous: 8272 lm<\/li>\n<li>F\u00e4rgtemperatur: 5000K<\/li>\n<li>Leds: 2 x 4 pcs.<\/li>\n<li>Current draw: 6,6 A<\/li>\n<li>Cable lenght: 30 cm<\/li>\n<li>Warranty: 5 vuotta<\/li>\n<li>IP-rating: IP67<\/li>\n<li>Connector: AMP 2-pin<\/li>\n<li>Approval: ECE 112<\/li>\n<\/ul>\n<p>&nbsp;<\/p>\n<p><span style=\"font-weight: bold;\">Fotometriska data:<\/span><\/p>\n<ul>\n<li>3 Lux 227 m<\/li>\n<li>1 Lux 393 m<\/li>\n<li>0,5 Lux 555 m<\/li>\n<li>0,25 Lux 786 m<\/li>\n<\/ul>\n<p>Horisontal angle: 28\u00b0<\/p>\n<p>&nbsp;<\/p>\n<p><span style=\"font-weight: bold;\">What\u2019s Included:<\/span><\/p>\n<ul>\n<li>2pcs Lazer ST4 Evolution LED Lamps<\/li>\n<li>Monteringssats f\u00f6r galler<\/li>\n<\/ul>\n<ul>\n<li>Kabeldragningssats f\u00f6r tv\u00e5 lampor<\/li>\n<li>Instruktioner f\u00f6r installation<\/li>\n<li><\/li>\n<\/ul>","protected":false},"excerpt":{"rendered":"<div><span style=\"font-weight: bold;\">Speciellt anpassad f\u00f6r Mercedes-Benz Citan 2022-modeller!<\/span><\/div>","protected":false},"featured_media":52946,"comment_status":"open","ping_status":"closed","template":"","meta":{"_improvement_type_select":"improve_an_existing","_thumb_yes_seoaic":false,"_frame_yes_seoaic":false,"seoaic_generate_description":"","seoaic_improve_instructions_prompt":"","seoaic_rollback_content_improvement":"","seoaic_idea_thumbnail_generator":"","thumbnail_generated":false,"thumbnail_generate_prompt":"","seoaic_article_description":""},"make_fuel_type":[],"make_model":[],"make_brand":[6374],"make_year":[],"pwb-brand":[8332],"product_brand":[],"product_cat":[6195,6209,6212],"product_tag":[8498,6298,6611,6610],"class_list":{"0":"post-52951","1":"product","2":"type-product","3":"status-publish","4":"has-post-thumbnail","6":"make_brand-mb-van","7":"pwb-brand-brand_lazerlamps","8":"product_cat-lamps","9":"product_cat-auxiliary-lights","10":"product_cat-lazer-lamps-vehicle-specific-driving-light-kits","11":"product_tag-auxiliary-light","12":"product_tag-lazer-lamps","13":"product_tag-mercedes","14":"product_tag-mercedes-benz","16":"first","17":"instock","18":"taxable","19":"shipping-taxable","20":"purchasable","21":"product-type-simple"},"yoast_head":"<!-- This site is optimized with the Yoast SEO plugin v25.7 - https:\/\/yoast.com\/wordpress\/plugins\/seo\/ -->\n<title>Lazer Grille Kit MB Citan 2022- ST4 Evo - RST-Steel<\/title>\n<meta name=\"description\" content=\"Lazer Grille Kit for Mercedes-Benz Citan 2022\u2013 with ST4 Evo lights. Seamless fit, durable design and outstanding lighting performance\" \/>\n<meta name=\"robots\" content=\"index, follow, max-snippet:-1, max-image-preview:large, max-video-preview:-1\" \/>\n<link rel=\"canonical\" href=\"https:\/\/com.rst-steel.eu\/sv\/produkt\/lazer-grille-kit-mb-citan-2022-st4-evo_pr_72077\/\" \/>\n<meta property=\"og:locale\" content=\"sv_SE\" \/>\n<meta property=\"og:type\" content=\"article\" \/>\n<meta property=\"og:title\" content=\"Lazer Grille Kit MB Citan 2022- ST4 Evo - RST-Steel\" \/>\n<meta property=\"og:description\" content=\"Lazer Grille Kit for Mercedes-Benz Citan 2022\u2013 with ST4 Evo lights. Seamless fit, durable design and outstanding lighting performance\" \/>\n<meta property=\"og:url\" content=\"https:\/\/com.rst-steel.eu\/sv\/produkt\/lazer-grille-kit-mb-citan-2022-st4-evo_pr_72077\/\" \/>\n<meta property=\"og:site_name\" content=\"RST-Steel\" \/>\n<meta property=\"article:publisher\" content=\"https:\/\/www.facebook.com\/rststeel\" \/>\n<meta property=\"article:modified_time\" content=\"2026-03-16T06:13:38+00:00\" \/>\n<meta property=\"og:image\" content=\"https:\/\/com.rst-steel.eu\/wp-content\/uploads\/2025\/09\/b930bafdf1fb15a6480793c31563a944cec5f66a_Mercedes_Citan_Grille_Kit_ST4___01__Web.jpg\" \/>\n\t<meta property=\"og:image:width\" content=\"1000\" \/>\n\t<meta property=\"og:image:height\" content=\"750\" \/>\n\t<meta property=\"og:image:type\" content=\"image\/jpeg\" \/>\n<meta name=\"twitter:card\" content=\"summary_large_image\" \/>\n<meta name=\"twitter:label1\" content=\"Ber\u00e4knad l\u00e4stid\" \/>\n\t<meta name=\"twitter:data1\" content=\"2 minuter\" \/>\n<script type=\"application\/ld+json\" class=\"yoast-schema-graph\">{\"@context\":\"https:\/\/schema.org\",\"@graph\":[{\"@type\":\"WebPage\",\"@id\":\"https:\/\/com.rst-steel.eu\/sv\/produkt\/lazer-grille-kit-mb-citan-2022-st4-evo_pr_72077\/\",\"url\":\"https:\/\/com.rst-steel.eu\/sv\/produkt\/lazer-grille-kit-mb-citan-2022-st4-evo_pr_72077\/\",\"name\":\"Lazer Grille Kit MB Citan 2022- ST4 Evo - RST-Steel\",\"isPartOf\":{\"@id\":\"https:\/\/com.rst-steel.eu\/#website\"},\"primaryImageOfPage\":{\"@id\":\"https:\/\/com.rst-steel.eu\/sv\/produkt\/lazer-grille-kit-mb-citan-2022-st4-evo_pr_72077\/#primaryimage\"},\"image\":{\"@id\":\"https:\/\/com.rst-steel.eu\/sv\/produkt\/lazer-grille-kit-mb-citan-2022-st4-evo_pr_72077\/#primaryimage\"},\"thumbnailUrl\":\"https:\/\/com.rst-steel.eu\/wp-content\/uploads\/2025\/09\/b930bafdf1fb15a6480793c31563a944cec5f66a_Mercedes_Citan_Grille_Kit_ST4___01__Web.jpg\",\"datePublished\":\"2025-09-04T05:24:54+00:00\",\"dateModified\":\"2026-03-16T06:13:38+00:00\",\"description\":\"Lazer Grille Kit for Mercedes-Benz Citan 2022\u2013 with ST4 Evo lights. Seamless fit, durable design and outstanding lighting performance\",\"breadcrumb\":{\"@id\":\"https:\/\/com.rst-steel.eu\/sv\/produkt\/lazer-grille-kit-mb-citan-2022-st4-evo_pr_72077\/#breadcrumb\"},\"inLanguage\":\"sv-SE\",\"potentialAction\":[{\"@type\":\"ReadAction\",\"target\":[\"https:\/\/com.rst-steel.eu\/sv\/produkt\/lazer-grille-kit-mb-citan-2022-st4-evo_pr_72077\/\"]}]},{\"@type\":\"ImageObject\",\"inLanguage\":\"sv-SE\",\"@id\":\"https:\/\/com.rst-steel.eu\/sv\/produkt\/lazer-grille-kit-mb-citan-2022-st4-evo_pr_72077\/#primaryimage\",\"url\":\"https:\/\/com.rst-steel.eu\/wp-content\/uploads\/2025\/09\/b930bafdf1fb15a6480793c31563a944cec5f66a_Mercedes_Citan_Grille_Kit_ST4___01__Web.jpg\",\"contentUrl\":\"https:\/\/com.rst-steel.eu\/wp-content\/uploads\/2025\/09\/b930bafdf1fb15a6480793c31563a944cec5f66a_Mercedes_Citan_Grille_Kit_ST4___01__Web.jpg\",\"width\":1000,\"height\":750,\"caption\":\"Lazer Grille Kit MB Citan 2022- ST4 Evo\"},{\"@type\":\"BreadcrumbList\",\"@id\":\"https:\/\/com.rst-steel.eu\/sv\/produkt\/lazer-grille-kit-mb-citan-2022-st4-evo_pr_72077\/#breadcrumb\",\"itemListElement\":[{\"@type\":\"ListItem\",\"position\":1,\"name\":\"Home\",\"item\":\"https:\/\/com.rst-steel.eu\/\"},{\"@type\":\"ListItem\",\"position\":2,\"name\":\"RST-Steel Shop\",\"item\":\"https:\/\/com.rst-steel.eu\/shop\/\"},{\"@type\":\"ListItem\",\"position\":3,\"name\":\"Lazer Grille Kit MB Citan 2022- ST4 Evo\"}]},{\"@type\":\"WebSite\",\"@id\":\"https:\/\/com.rst-steel.eu\/#website\",\"url\":\"https:\/\/com.rst-steel.eu\/\",\"name\":\"RST-Steel.com\",\"description\":\"Finnish quality steel, for quality-conscious drivers\",\"publisher\":{\"@id\":\"https:\/\/com.rst-steel.eu\/#organization\"},\"alternateName\":\"Safe and stylish RST-Steel quality\",\"potentialAction\":[{\"@type\":\"SearchAction\",\"target\":{\"@type\":\"EntryPoint\",\"urlTemplate\":\"https:\/\/com.rst-steel.eu\/?s={search_term_string}\"},\"query-input\":{\"@type\":\"PropertyValueSpecification\",\"valueRequired\":true,\"valueName\":\"search_term_string\"}}],\"inLanguage\":\"sv-SE\"},{\"@type\":\"Organization\",\"@id\":\"https:\/\/com.rst-steel.eu\/#organization\",\"name\":\"RST-Steel Oy\",\"url\":\"https:\/\/com.rst-steel.eu\/\",\"logo\":{\"@type\":\"ImageObject\",\"inLanguage\":\"sv-SE\",\"@id\":\"https:\/\/com.rst-steel.eu\/#\/schema\/logo\/image\/\",\"url\":\"https:\/\/com.rst-steel.eu\/wp-content\/uploads\/2023\/04\/cropped-Rst-logo-valkoinen-teksti-3.png\",\"contentUrl\":\"https:\/\/com.rst-steel.eu\/wp-content\/uploads\/2023\/04\/cropped-Rst-logo-valkoinen-teksti-3.png\",\"width\":512,\"height\":115,\"caption\":\"RST-Steel Oy\"},\"image\":{\"@id\":\"https:\/\/com.rst-steel.eu\/#\/schema\/logo\/image\/\"},\"sameAs\":[\"https:\/\/www.facebook.com\/rststeel\",\"https:\/\/www.instagram.com\/rststeeloy\/\"]}]}<\/script>\n<!-- \/ Yoast SEO plugin. -->","yoast_head_json":{"title":"Lazer Grille Kit MB Citan 2022- ST4 Evo - RST-Steel","description":"Lazer Grille Kit for Mercedes-Benz Citan 2022\u2013 with ST4 Evo lights. Seamless fit, durable design and outstanding lighting performance","robots":{"index":"index","follow":"follow","max-snippet":"max-snippet:-1","max-image-preview":"max-image-preview:large","max-video-preview":"max-video-preview:-1"},"canonical":"https:\/\/com.rst-steel.eu\/sv\/produkt\/lazer-grille-kit-mb-citan-2022-st4-evo_pr_72077\/","og_locale":"sv_SE","og_type":"article","og_title":"Lazer Grille Kit MB Citan 2022- ST4 Evo - RST-Steel","og_description":"Lazer Grille Kit for Mercedes-Benz Citan 2022\u2013 with ST4 Evo lights. Seamless fit, durable design and outstanding lighting performance","og_url":"https:\/\/com.rst-steel.eu\/sv\/produkt\/lazer-grille-kit-mb-citan-2022-st4-evo_pr_72077\/","og_site_name":"RST-Steel","article_publisher":"https:\/\/www.facebook.com\/rststeel","article_modified_time":"2026-03-16T06:13:38+00:00","og_image":[{"width":1000,"height":750,"url":"https:\/\/com.rst-steel.eu\/wp-content\/uploads\/2025\/09\/b930bafdf1fb15a6480793c31563a944cec5f66a_Mercedes_Citan_Grille_Kit_ST4___01__Web.jpg","type":"image\/jpeg"}],"twitter_card":"summary_large_image","twitter_misc":{"Ber\u00e4knad l\u00e4stid":"2 minuter"},"schema":{"@context":"https:\/\/schema.org","@graph":[{"@type":"WebPage","@id":"https:\/\/com.rst-steel.eu\/sv\/produkt\/lazer-grille-kit-mb-citan-2022-st4-evo_pr_72077\/","url":"https:\/\/com.rst-steel.eu\/sv\/produkt\/lazer-grille-kit-mb-citan-2022-st4-evo_pr_72077\/","name":"Lazer Grille Kit MB Citan 2022- ST4 Evo - RST-Steel","isPartOf":{"@id":"https:\/\/com.rst-steel.eu\/#website"},"primaryImageOfPage":{"@id":"https:\/\/com.rst-steel.eu\/sv\/produkt\/lazer-grille-kit-mb-citan-2022-st4-evo_pr_72077\/#primaryimage"},"image":{"@id":"https:\/\/com.rst-steel.eu\/sv\/produkt\/lazer-grille-kit-mb-citan-2022-st4-evo_pr_72077\/#primaryimage"},"thumbnailUrl":"https:\/\/com.rst-steel.eu\/wp-content\/uploads\/2025\/09\/b930bafdf1fb15a6480793c31563a944cec5f66a_Mercedes_Citan_Grille_Kit_ST4___01__Web.jpg","datePublished":"2025-09-04T05:24:54+00:00","dateModified":"2026-03-16T06:13:38+00:00","description":"Lazer Grille Kit for Mercedes-Benz Citan 2022\u2013 with ST4 Evo lights. Seamless fit, durable design and outstanding lighting performance","breadcrumb":{"@id":"https:\/\/com.rst-steel.eu\/sv\/produkt\/lazer-grille-kit-mb-citan-2022-st4-evo_pr_72077\/#breadcrumb"},"inLanguage":"sv-SE","potentialAction":[{"@type":"ReadAction","target":["https:\/\/com.rst-steel.eu\/sv\/produkt\/lazer-grille-kit-mb-citan-2022-st4-evo_pr_72077\/"]}]},{"@type":"ImageObject","inLanguage":"sv-SE","@id":"https:\/\/com.rst-steel.eu\/sv\/produkt\/lazer-grille-kit-mb-citan-2022-st4-evo_pr_72077\/#primaryimage","url":"https:\/\/com.rst-steel.eu\/wp-content\/uploads\/2025\/09\/b930bafdf1fb15a6480793c31563a944cec5f66a_Mercedes_Citan_Grille_Kit_ST4___01__Web.jpg","contentUrl":"https:\/\/com.rst-steel.eu\/wp-content\/uploads\/2025\/09\/b930bafdf1fb15a6480793c31563a944cec5f66a_Mercedes_Citan_Grille_Kit_ST4___01__Web.jpg","width":1000,"height":750,"caption":"Lazer Grille Kit MB Citan 2022- ST4 Evo"},{"@type":"BreadcrumbList","@id":"https:\/\/com.rst-steel.eu\/sv\/produkt\/lazer-grille-kit-mb-citan-2022-st4-evo_pr_72077\/#breadcrumb","itemListElement":[{"@type":"ListItem","position":1,"name":"Home","item":"https:\/\/com.rst-steel.eu\/"},{"@type":"ListItem","position":2,"name":"RST-Steel Shop","item":"https:\/\/com.rst-steel.eu\/shop\/"},{"@type":"ListItem","position":3,"name":"Lazer Grille Kit MB Citan 2022- ST4 Evo"}]},{"@type":"WebSite","@id":"https:\/\/com.rst-steel.eu\/#website","url":"https:\/\/com.rst-steel.eu\/","name":"RST-Stahl.com","description":"Finskt kvalitetsst\u00e5l, f\u00f6r kvalitetsmedvetna f\u00f6rare","publisher":{"@id":"https:\/\/com.rst-steel.eu\/#organization"},"alternateName":"Safe and stylish RST-Steel quality","potentialAction":[{"@type":"SearchAction","target":{"@type":"EntryPoint","urlTemplate":"https:\/\/com.rst-steel.eu\/?s={search_term_string}"},"query-input":{"@type":"PropertyValueSpecification","valueRequired":true,"valueName":"search_term_string"}}],"inLanguage":"sv-SE"},{"@type":"Organization","@id":"https:\/\/com.rst-steel.eu\/#organization","name":"RST-Steel Oy","url":"https:\/\/com.rst-steel.eu\/","logo":{"@type":"ImageObject","inLanguage":"sv-SE","@id":"https:\/\/com.rst-steel.eu\/#\/schema\/logo\/image\/","url":"https:\/\/com.rst-steel.eu\/wp-content\/uploads\/2023\/04\/cropped-Rst-logo-valkoinen-teksti-3.png","contentUrl":"https:\/\/com.rst-steel.eu\/wp-content\/uploads\/2023\/04\/cropped-Rst-logo-valkoinen-teksti-3.png","width":512,"height":115,"caption":"RST-Steel Oy"},"image":{"@id":"https:\/\/com.rst-steel.eu\/#\/schema\/logo\/image\/"},"sameAs":["https:\/\/www.facebook.com\/rststeel","https:\/\/www.instagram.com\/rststeeloy\/"]}]}},"brands":[{"id":8332,"name":"Lazer Lamps","slug":"brand_lazerlamps"}],"_links":{"self":[{"href":"https:\/\/com.rst-steel.eu\/sv\/wp-json\/wp\/v2\/product\/52951","targetHints":{"allow":["GET"]}}],"collection":[{"href":"https:\/\/com.rst-steel.eu\/sv\/wp-json\/wp\/v2\/product"}],"about":[{"href":"https:\/\/com.rst-steel.eu\/sv\/wp-json\/wp\/v2\/types\/product"}],"replies":[{"embeddable":true,"href":"https:\/\/com.rst-steel.eu\/sv\/wp-json\/wp\/v2\/comments?post=52951"}],"version-history":[{"count":0,"href":"https:\/\/com.rst-steel.eu\/sv\/wp-json\/wp\/v2\/product\/52951\/revisions"}],"wp:featuredmedia":[{"embeddable":true,"href":"https:\/\/com.rst-steel.eu\/sv\/wp-json\/wp\/v2\/media\/52946"}],"wp:attachment":[{"href":"https:\/\/com.rst-steel.eu\/sv\/wp-json\/wp\/v2\/media?parent=52951"}],"wp:term":[{"taxonomy":"make_fuel_type","embeddable":true,"href":"https:\/\/com.rst-steel.eu\/sv\/wp-json\/wp\/v2\/make_fuel_type?post=52951"},{"taxonomy":"make_model","embeddable":true,"href":"https:\/\/com.rst-steel.eu\/sv\/wp-json\/wp\/v2\/make_model?post=52951"},{"taxonomy":"make_brand","embeddable":true,"href":"https:\/\/com.rst-steel.eu\/sv\/wp-json\/wp\/v2\/make_brand?post=52951"},{"taxonomy":"make_year","embeddable":true,"href":"https:\/\/com.rst-steel.eu\/sv\/wp-json\/wp\/v2\/make_year?post=52951"},{"taxonomy":"pwb-brand","embeddable":true,"href":"https:\/\/com.rst-steel.eu\/sv\/wp-json\/wp\/v2\/pwb-brand?post=52951"},{"taxonomy":"product_brand","embeddable":true,"href":"https:\/\/com.rst-steel.eu\/sv\/wp-json\/wp\/v2\/product_brand?post=52951"},{"taxonomy":"product_cat","embeddable":true,"href":"https:\/\/com.rst-steel.eu\/sv\/wp-json\/wp\/v2\/product_cat?post=52951"},{"taxonomy":"product_tag","embeddable":true,"href":"https:\/\/com.rst-steel.eu\/sv\/wp-json\/wp\/v2\/product_tag?post=52951"}],"curies":[{"name":"wp","href":"https:\/\/api.w.org\/{rel}","templated":true}]}}