{"id":52203,"date":"2025-06-04T11:25:01","date_gmt":"2025-06-04T08:25:01","guid":{"rendered":"https:\/\/rst-steel.com\/product\/rear-spoiler-ford-transit-van-2014-_prm_65901\/"},"modified":"2026-03-16T09:21:13","modified_gmt":"2026-03-16T06:21:13","slug":"rear-spoiler-ford-transit-van-2014-_prm_65901","status":"publish","type":"product","link":"https:\/\/com.rst-steel.eu\/sv\/produkt\/rear-spoiler-ford-transit-van-2014-_prm_65901\/","title":{"rendered":"Rear Spoiler Ford Transit Van 2014-"},"content":{"rendered":"<p>Rear Spoiler Ford Transit Van 2014-<\/p>\n<p>Suitable for double door models<\/p>\n<p><span style=\"font-weight: bold;\">Available for H2 \/ H3\u00a0<\/span><span style=\"font-weight: bold;\">\u00a0roof height models<\/span><\/p>\n<ul>\n<li><\/li>\n<\/ul>\n<p>The body of the spoiler is a shiny stainless steel bar. The shaped cover of the spoiler is black semi-gloss UV-protected ABS plastic.\u00a0All mounting parts are made of stainless steel.<\/p>\n<p>The spoiler includes two red LED position lights as standard. It is also easy to equip with additional accessories, such as work lights or strobe lights.<\/p>\n<p>The spoiler can be painted easily using an primer. Painting is recommended only for the upper surface, as the black underside provides an appealing look in shaded areas, especially when paired with light and camera equipment.<\/p>\n<ul>\n<li><\/li>\n<\/ul>\n<p><span style=\"font-weight: bold;\">Inkluderar:<\/span><\/p>\n<ul>\n<li>Rear Spoiler Ford Transit<\/li>\n<li>Mounting accessories<\/li>\n<li>Position lights and their wiring harness<\/li>\n<\/ul>","protected":false},"excerpt":{"rendered":"<p><span style=\"font-weight: bold;\">Available for H2 \/ H3\u00a0<\/span><span style=\"font-weight: bold;\">\u00a0roof height models<\/span><\/p>\n<div><span style=\"font-weight: bold;\">\u00a0<\/span><\/div>","protected":false},"featured_media":52202,"comment_status":"open","ping_status":"closed","template":"","meta":{"_improvement_type_select":"improve_an_existing","_thumb_yes_seoaic":false,"_frame_yes_seoaic":false,"seoaic_generate_description":"","seoaic_improve_instructions_prompt":"","seoaic_rollback_content_improvement":"","seoaic_idea_thumbnail_generator":"","thumbnail_generated":false,"thumbnail_generate_prompt":"","seoaic_article_description":""},"make_fuel_type":[],"make_model":[7884,7885],"make_brand":[7592],"make_year":[6373],"pwb-brand":[8346],"product_brand":[],"product_cat":[6158],"product_tag":[8503],"class_list":{"0":"post-52203","1":"product","2":"type-product","3":"status-publish","4":"has-post-thumbnail","6":"make_engine-transit-van-l2-h2","7":"make_engine-transit-van-l2-h3-wheelbase-3300mm","8":"make_engine-transit-van-l3-h2-wheelbase-3750mm","9":"make_engine-transit-van-l3-h3-wheelbase-3750mm","10":"make_engine-transit-van-l4-h3","11":"make_model-transit-2014-2019","12":"make_model-transit-2019","13":"make_brand-ford-van","14":"make_year-van","15":"pwb-brand-brand_mecone","16":"product_cat-mec-one-spoilers-for-vans","17":"product_tag-ford-transit","18":"product_shipping_class-erikoispitka","20":"first","21":"instock","22":"taxable","23":"shipping-taxable","24":"purchasable","25":"product-type-variable"},"yoast_head":"<!-- This site is optimized with the Yoast SEO plugin v25.7 - https:\/\/yoast.com\/wordpress\/plugins\/seo\/ -->\n<title>Rear Spoiler Ford Transit Van 2014-<\/title>\n<meta name=\"description\" content=\"Stylish and functional rear spoiler for Ford Transit Van 2014. Improves aerodynamics and adds a sporty look. Made from durable ABS plastic\" \/>\n<meta name=\"robots\" content=\"index, follow, max-snippet:-1, max-image-preview:large, max-video-preview:-1\" \/>\n<link rel=\"canonical\" href=\"https:\/\/com.rst-steel.eu\/sv\/produkt\/rear-spoiler-ford-transit-van-2014-_prm_65901\/\" \/>\n<meta property=\"og:locale\" content=\"sv_SE\" \/>\n<meta property=\"og:type\" content=\"article\" \/>\n<meta property=\"og:title\" content=\"Rear Spoiler Ford Transit Van 2014-\" \/>\n<meta property=\"og:description\" content=\"Stylish and functional rear spoiler for Ford Transit Van 2014. Improves aerodynamics and adds a sporty look. Made from durable ABS plastic\" \/>\n<meta property=\"og:url\" content=\"https:\/\/com.rst-steel.eu\/sv\/produkt\/rear-spoiler-ford-transit-van-2014-_prm_65901\/\" \/>\n<meta property=\"og:site_name\" content=\"RST-Steel\" \/>\n<meta property=\"article:publisher\" content=\"https:\/\/www.facebook.com\/rststeel\" \/>\n<meta property=\"article:modified_time\" content=\"2026-03-16T06:21:13+00:00\" \/>\n<meta property=\"og:image\" content=\"https:\/\/com.rst-steel.eu\/wp-content\/uploads\/2025\/06\/ed4fd53629ca812cc185b0773103a276ab0fe3c0_TRA06804_1.jpg\" \/>\n\t<meta property=\"og:image:width\" content=\"2000\" \/>\n\t<meta property=\"og:image:height\" content=\"1333\" \/>\n\t<meta property=\"og:image:type\" content=\"image\/jpeg\" \/>\n<meta name=\"twitter:card\" content=\"summary_large_image\" \/>\n<meta name=\"twitter:label1\" content=\"Ber\u00e4knad l\u00e4stid\" \/>\n\t<meta name=\"twitter:data1\" content=\"1 minut\" \/>\n<script type=\"application\/ld+json\" class=\"yoast-schema-graph\">{\"@context\":\"https:\/\/schema.org\",\"@graph\":[{\"@type\":\"WebPage\",\"@id\":\"https:\/\/com.rst-steel.eu\/sv\/produkt\/rear-spoiler-ford-transit-van-2014-_prm_65901\/\",\"url\":\"https:\/\/com.rst-steel.eu\/sv\/produkt\/rear-spoiler-ford-transit-van-2014-_prm_65901\/\",\"name\":\"Rear Spoiler Ford Transit Van 2014-\",\"isPartOf\":{\"@id\":\"https:\/\/com.rst-steel.eu\/#website\"},\"primaryImageOfPage\":{\"@id\":\"https:\/\/com.rst-steel.eu\/sv\/produkt\/rear-spoiler-ford-transit-van-2014-_prm_65901\/#primaryimage\"},\"image\":{\"@id\":\"https:\/\/com.rst-steel.eu\/sv\/produkt\/rear-spoiler-ford-transit-van-2014-_prm_65901\/#primaryimage\"},\"thumbnailUrl\":\"https:\/\/com.rst-steel.eu\/wp-content\/uploads\/2025\/06\/ed4fd53629ca812cc185b0773103a276ab0fe3c0_TRA06804_1.jpg\",\"datePublished\":\"2025-06-04T08:25:01+00:00\",\"dateModified\":\"2026-03-16T06:21:13+00:00\",\"description\":\"Stylish and functional rear spoiler for Ford Transit Van 2014. Improves aerodynamics and adds a sporty look. Made from durable ABS plastic\",\"breadcrumb\":{\"@id\":\"https:\/\/com.rst-steel.eu\/sv\/produkt\/rear-spoiler-ford-transit-van-2014-_prm_65901\/#breadcrumb\"},\"inLanguage\":\"sv-SE\",\"potentialAction\":[{\"@type\":\"ReadAction\",\"target\":[\"https:\/\/com.rst-steel.eu\/sv\/produkt\/rear-spoiler-ford-transit-van-2014-_prm_65901\/\"]}]},{\"@type\":\"ImageObject\",\"inLanguage\":\"sv-SE\",\"@id\":\"https:\/\/com.rst-steel.eu\/sv\/produkt\/rear-spoiler-ford-transit-van-2014-_prm_65901\/#primaryimage\",\"url\":\"https:\/\/com.rst-steel.eu\/wp-content\/uploads\/2025\/06\/ed4fd53629ca812cc185b0773103a276ab0fe3c0_TRA06804_1.jpg\",\"contentUrl\":\"https:\/\/com.rst-steel.eu\/wp-content\/uploads\/2025\/06\/ed4fd53629ca812cc185b0773103a276ab0fe3c0_TRA06804_1.jpg\",\"width\":2000,\"height\":1333,\"caption\":\"Rear Spoiler Ford Transit Van 2014-\"},{\"@type\":\"BreadcrumbList\",\"@id\":\"https:\/\/com.rst-steel.eu\/sv\/produkt\/rear-spoiler-ford-transit-van-2014-_prm_65901\/#breadcrumb\",\"itemListElement\":[{\"@type\":\"ListItem\",\"position\":1,\"name\":\"Home\",\"item\":\"https:\/\/com.rst-steel.eu\/\"},{\"@type\":\"ListItem\",\"position\":2,\"name\":\"RST-Steel Shop\",\"item\":\"https:\/\/com.rst-steel.eu\/shop\/\"},{\"@type\":\"ListItem\",\"position\":3,\"name\":\"Rear Spoiler Ford Transit Van 2014-\"}]},{\"@type\":\"WebSite\",\"@id\":\"https:\/\/com.rst-steel.eu\/#website\",\"url\":\"https:\/\/com.rst-steel.eu\/\",\"name\":\"RST-Steel.com\",\"description\":\"Finnish quality steel, for quality-conscious drivers\",\"publisher\":{\"@id\":\"https:\/\/com.rst-steel.eu\/#organization\"},\"alternateName\":\"Safe and stylish RST-Steel quality\",\"potentialAction\":[{\"@type\":\"SearchAction\",\"target\":{\"@type\":\"EntryPoint\",\"urlTemplate\":\"https:\/\/com.rst-steel.eu\/?s={search_term_string}\"},\"query-input\":{\"@type\":\"PropertyValueSpecification\",\"valueRequired\":true,\"valueName\":\"search_term_string\"}}],\"inLanguage\":\"sv-SE\"},{\"@type\":\"Organization\",\"@id\":\"https:\/\/com.rst-steel.eu\/#organization\",\"name\":\"RST-Steel Oy\",\"url\":\"https:\/\/com.rst-steel.eu\/\",\"logo\":{\"@type\":\"ImageObject\",\"inLanguage\":\"sv-SE\",\"@id\":\"https:\/\/com.rst-steel.eu\/#\/schema\/logo\/image\/\",\"url\":\"https:\/\/com.rst-steel.eu\/wp-content\/uploads\/2023\/04\/cropped-Rst-logo-valkoinen-teksti-3.png\",\"contentUrl\":\"https:\/\/com.rst-steel.eu\/wp-content\/uploads\/2023\/04\/cropped-Rst-logo-valkoinen-teksti-3.png\",\"width\":512,\"height\":115,\"caption\":\"RST-Steel Oy\"},\"image\":{\"@id\":\"https:\/\/com.rst-steel.eu\/#\/schema\/logo\/image\/\"},\"sameAs\":[\"https:\/\/www.facebook.com\/rststeel\",\"https:\/\/www.instagram.com\/rststeeloy\/\"]}]}<\/script>\n<!-- \/ Yoast SEO plugin. -->","yoast_head_json":{"title":"Rear Spoiler Ford Transit Van 2014-","description":"Stylish and functional rear spoiler for Ford Transit Van 2014. Improves aerodynamics and adds a sporty look. Made from durable ABS plastic","robots":{"index":"index","follow":"follow","max-snippet":"max-snippet:-1","max-image-preview":"max-image-preview:large","max-video-preview":"max-video-preview:-1"},"canonical":"https:\/\/com.rst-steel.eu\/sv\/produkt\/rear-spoiler-ford-transit-van-2014-_prm_65901\/","og_locale":"sv_SE","og_type":"article","og_title":"Rear Spoiler Ford Transit Van 2014-","og_description":"Stylish and functional rear spoiler for Ford Transit Van 2014. Improves aerodynamics and adds a sporty look. Made from durable ABS plastic","og_url":"https:\/\/com.rst-steel.eu\/sv\/produkt\/rear-spoiler-ford-transit-van-2014-_prm_65901\/","og_site_name":"RST-Steel","article_publisher":"https:\/\/www.facebook.com\/rststeel","article_modified_time":"2026-03-16T06:21:13+00:00","og_image":[{"width":2000,"height":1333,"url":"https:\/\/com.rst-steel.eu\/wp-content\/uploads\/2025\/06\/ed4fd53629ca812cc185b0773103a276ab0fe3c0_TRA06804_1.jpg","type":"image\/jpeg"}],"twitter_card":"summary_large_image","twitter_misc":{"Ber\u00e4knad l\u00e4stid":"1 minut"},"schema":{"@context":"https:\/\/schema.org","@graph":[{"@type":"WebPage","@id":"https:\/\/com.rst-steel.eu\/sv\/produkt\/rear-spoiler-ford-transit-van-2014-_prm_65901\/","url":"https:\/\/com.rst-steel.eu\/sv\/produkt\/rear-spoiler-ford-transit-van-2014-_prm_65901\/","name":"Rear Spoiler Ford Transit Van 2014-","isPartOf":{"@id":"https:\/\/com.rst-steel.eu\/#website"},"primaryImageOfPage":{"@id":"https:\/\/com.rst-steel.eu\/sv\/produkt\/rear-spoiler-ford-transit-van-2014-_prm_65901\/#primaryimage"},"image":{"@id":"https:\/\/com.rst-steel.eu\/sv\/produkt\/rear-spoiler-ford-transit-van-2014-_prm_65901\/#primaryimage"},"thumbnailUrl":"https:\/\/com.rst-steel.eu\/wp-content\/uploads\/2025\/06\/ed4fd53629ca812cc185b0773103a276ab0fe3c0_TRA06804_1.jpg","datePublished":"2025-06-04T08:25:01+00:00","dateModified":"2026-03-16T06:21:13+00:00","description":"Stylish and functional rear spoiler for Ford Transit Van 2014. Improves aerodynamics and adds a sporty look. Made from durable ABS plastic","breadcrumb":{"@id":"https:\/\/com.rst-steel.eu\/sv\/produkt\/rear-spoiler-ford-transit-van-2014-_prm_65901\/#breadcrumb"},"inLanguage":"sv-SE","potentialAction":[{"@type":"ReadAction","target":["https:\/\/com.rst-steel.eu\/sv\/produkt\/rear-spoiler-ford-transit-van-2014-_prm_65901\/"]}]},{"@type":"ImageObject","inLanguage":"sv-SE","@id":"https:\/\/com.rst-steel.eu\/sv\/produkt\/rear-spoiler-ford-transit-van-2014-_prm_65901\/#primaryimage","url":"https:\/\/com.rst-steel.eu\/wp-content\/uploads\/2025\/06\/ed4fd53629ca812cc185b0773103a276ab0fe3c0_TRA06804_1.jpg","contentUrl":"https:\/\/com.rst-steel.eu\/wp-content\/uploads\/2025\/06\/ed4fd53629ca812cc185b0773103a276ab0fe3c0_TRA06804_1.jpg","width":2000,"height":1333,"caption":"Rear Spoiler Ford Transit Van 2014-"},{"@type":"BreadcrumbList","@id":"https:\/\/com.rst-steel.eu\/sv\/produkt\/rear-spoiler-ford-transit-van-2014-_prm_65901\/#breadcrumb","itemListElement":[{"@type":"ListItem","position":1,"name":"Home","item":"https:\/\/com.rst-steel.eu\/"},{"@type":"ListItem","position":2,"name":"RST-Steel Shop","item":"https:\/\/com.rst-steel.eu\/shop\/"},{"@type":"ListItem","position":3,"name":"Rear Spoiler Ford Transit Van 2014-"}]},{"@type":"WebSite","@id":"https:\/\/com.rst-steel.eu\/#website","url":"https:\/\/com.rst-steel.eu\/","name":"RST-Stahl.com","description":"Finskt kvalitetsst\u00e5l, f\u00f6r kvalitetsmedvetna f\u00f6rare","publisher":{"@id":"https:\/\/com.rst-steel.eu\/#organization"},"alternateName":"Safe and stylish RST-Steel quality","potentialAction":[{"@type":"SearchAction","target":{"@type":"EntryPoint","urlTemplate":"https:\/\/com.rst-steel.eu\/?s={search_term_string}"},"query-input":{"@type":"PropertyValueSpecification","valueRequired":true,"valueName":"search_term_string"}}],"inLanguage":"sv-SE"},{"@type":"Organization","@id":"https:\/\/com.rst-steel.eu\/#organization","name":"RST-Steel Oy","url":"https:\/\/com.rst-steel.eu\/","logo":{"@type":"ImageObject","inLanguage":"sv-SE","@id":"https:\/\/com.rst-steel.eu\/#\/schema\/logo\/image\/","url":"https:\/\/com.rst-steel.eu\/wp-content\/uploads\/2023\/04\/cropped-Rst-logo-valkoinen-teksti-3.png","contentUrl":"https:\/\/com.rst-steel.eu\/wp-content\/uploads\/2023\/04\/cropped-Rst-logo-valkoinen-teksti-3.png","width":512,"height":115,"caption":"RST-Steel Oy"},"image":{"@id":"https:\/\/com.rst-steel.eu\/#\/schema\/logo\/image\/"},"sameAs":["https:\/\/www.facebook.com\/rststeel","https:\/\/www.instagram.com\/rststeeloy\/"]}]}},"brands":[{"id":8346,"name":"Mec-one","slug":"brand_mecone"}],"_links":{"self":[{"href":"https:\/\/com.rst-steel.eu\/sv\/wp-json\/wp\/v2\/product\/52203","targetHints":{"allow":["GET"]}}],"collection":[{"href":"https:\/\/com.rst-steel.eu\/sv\/wp-json\/wp\/v2\/product"}],"about":[{"href":"https:\/\/com.rst-steel.eu\/sv\/wp-json\/wp\/v2\/types\/product"}],"replies":[{"embeddable":true,"href":"https:\/\/com.rst-steel.eu\/sv\/wp-json\/wp\/v2\/comments?post=52203"}],"version-history":[{"count":0,"href":"https:\/\/com.rst-steel.eu\/sv\/wp-json\/wp\/v2\/product\/52203\/revisions"}],"wp:featuredmedia":[{"embeddable":true,"href":"https:\/\/com.rst-steel.eu\/sv\/wp-json\/wp\/v2\/media\/52202"}],"wp:attachment":[{"href":"https:\/\/com.rst-steel.eu\/sv\/wp-json\/wp\/v2\/media?parent=52203"}],"wp:term":[{"taxonomy":"make_fuel_type","embeddable":true,"href":"https:\/\/com.rst-steel.eu\/sv\/wp-json\/wp\/v2\/make_fuel_type?post=52203"},{"taxonomy":"make_model","embeddable":true,"href":"https:\/\/com.rst-steel.eu\/sv\/wp-json\/wp\/v2\/make_model?post=52203"},{"taxonomy":"make_brand","embeddable":true,"href":"https:\/\/com.rst-steel.eu\/sv\/wp-json\/wp\/v2\/make_brand?post=52203"},{"taxonomy":"make_year","embeddable":true,"href":"https:\/\/com.rst-steel.eu\/sv\/wp-json\/wp\/v2\/make_year?post=52203"},{"taxonomy":"pwb-brand","embeddable":true,"href":"https:\/\/com.rst-steel.eu\/sv\/wp-json\/wp\/v2\/pwb-brand?post=52203"},{"taxonomy":"product_brand","embeddable":true,"href":"https:\/\/com.rst-steel.eu\/sv\/wp-json\/wp\/v2\/product_brand?post=52203"},{"taxonomy":"product_cat","embeddable":true,"href":"https:\/\/com.rst-steel.eu\/sv\/wp-json\/wp\/v2\/product_cat?post=52203"},{"taxonomy":"product_tag","embeddable":true,"href":"https:\/\/com.rst-steel.eu\/sv\/wp-json\/wp\/v2\/product_tag?post=52203"}],"curies":[{"name":"wp","href":"https:\/\/api.w.org\/{rel}","templated":true}]}}