{"id":52192,"date":"2025-06-04T11:24:12","date_gmt":"2025-06-04T08:24:12","guid":{"rendered":"https:\/\/rst-steel.com\/product\/rear-spoiler-mb-sprinter-w907-w910-_prm_75288\/"},"modified":"2026-03-16T09:18:09","modified_gmt":"2026-03-16T06:18:09","slug":"rear-spoiler-mb-sprinter-w907-w910-_prm_75288","status":"publish","type":"product","link":"https:\/\/com.rst-steel.eu\/sv\/produkt\/rear-spoiler-mb-sprinter-w907-w910-_prm_75288\/","title":{"rendered":"Rear Spoiler MB Sprinter W907\/W910"},"content":{"rendered":"<p>Rear Spoiler MB Sprinter W907\/W910<\/p>\n<p>Suitable for cars that have a digital rearview mirror option<\/p>\n<p>&nbsp;<\/p>\n<p><span style=\"font-weight: bold;\">Available for H1 \/ H2\u00a0\u00a0<\/span><span style=\"font-weight: bold;\">\u00a0roof height models<\/span><\/p>\n<p><span style=\"font-weight: bold;\">\u00a0<\/span><\/p>\n<p>The body of the spoiler is a shiny stainless steel bar. The shaped cover of the spoiler is black semi-gloss UV-protected ABS plastic.\u00a0All mounting parts are made of stainless steel.<\/p>\n<p>The spoiler includes two red LED position lights as standard. It is also easy to equip with additional accessories, such as work lights or strobe lights.<\/p>\n<ul>\n<li><\/li>\n<\/ul>\n<p><span style=\"font-weight: bold;\">Inkluderar:<\/span><\/p>\n<ul>\n<li>Bakspoiler<\/li>\n<li>Mounting accessories<\/li>\n<li>Position lights and their wiring harness<\/li>\n<\/ul>","protected":false},"excerpt":{"rendered":"<p>Available for H1 \/ H2\u00a0 \u00a0roof height models<\/p>","protected":false},"featured_media":119430,"comment_status":"open","ping_status":"closed","template":"","meta":{"_improvement_type_select":"improve_an_existing","_thumb_yes_seoaic":false,"_frame_yes_seoaic":false,"seoaic_generate_description":"","seoaic_improve_instructions_prompt":"","seoaic_rollback_content_improvement":"","seoaic_idea_thumbnail_generator":"","thumbnail_generated":false,"thumbnail_generate_prompt":"","seoaic_article_description":""},"make_fuel_type":[],"make_model":[6381],"make_brand":[6374],"make_year":[6373],"pwb-brand":[8346],"product_brand":[],"product_cat":[8306,8146,6158],"product_tag":[8486],"class_list":{"0":"post-52192","1":"product","2":"type-product","3":"status-publish","4":"has-post-thumbnail","6":"make_engine-sprinter-l2h1-front-wheeel-drive","7":"make_engine-spinter-l2h1","8":"make_engine-sprinter-l2h2","9":"make_engine-sprinter-l3h2","10":"make_engine-sprinter-l4h2","11":"make_engine-wheelbase-3924mm","12":"make_model-w907-w910-sprinter","13":"make_brand-mb-van","14":"make_year-van","15":"pwb-brand-brand_mecone","16":"product_cat-mos-van-mb","17":"product_cat-exterior-styling","18":"product_cat-mec-one-spoilers-for-vans","19":"product_tag-sprinter","20":"product_shipping_class-erikoispitka","22":"first","23":"instock","24":"taxable","25":"shipping-taxable","26":"purchasable","27":"product-type-variable"},"yoast_head":"<!-- This site is optimized with the Yoast SEO plugin v25.7 - https:\/\/yoast.com\/wordpress\/plugins\/seo\/ -->\n<title>Rear Spoiler MB Sprinter W907\/W910<\/title>\n<meta name=\"description\" content=\"rear spoiler for Mercedes-Benz Sprinter. Enhances the vehicle\u2019s appearance. Fits various body styles and is made from lightweight yet durable ABS plastic\" \/>\n<meta name=\"robots\" content=\"index, follow, max-snippet:-1, max-image-preview:large, max-video-preview:-1\" \/>\n<link rel=\"canonical\" href=\"https:\/\/com.rst-steel.eu\/sv\/produkt\/rear-spoiler-mb-sprinter-w907-w910-_prm_75288\/\" \/>\n<meta property=\"og:locale\" content=\"sv_SE\" \/>\n<meta property=\"og:type\" content=\"article\" \/>\n<meta property=\"og:title\" content=\"Rear Spoiler MB Sprinter W907\/W910\" \/>\n<meta property=\"og:description\" content=\"rear spoiler for Mercedes-Benz Sprinter. Enhances the vehicle\u2019s appearance. Fits various body styles and is made from lightweight yet durable ABS plastic\" \/>\n<meta property=\"og:url\" content=\"https:\/\/com.rst-steel.eu\/sv\/produkt\/rear-spoiler-mb-sprinter-w907-w910-_prm_75288\/\" \/>\n<meta property=\"og:site_name\" content=\"RST-Steel\" \/>\n<meta property=\"article:publisher\" content=\"https:\/\/www.facebook.com\/rststeel\" \/>\n<meta property=\"article:modified_time\" content=\"2026-03-16T06:18:09+00:00\" \/>\n<meta property=\"og:image\" content=\"https:\/\/com.rst-steel.eu\/wp-content\/uploads\/2025\/10\/f24f839ecf74cc04ec929bf234a3b1e1d9e73861_Takaspoileri_MB_Sprinter.jpeg\" \/>\n\t<meta property=\"og:image:width\" content=\"1235\" \/>\n\t<meta property=\"og:image:height\" content=\"1467\" \/>\n\t<meta property=\"og:image:type\" content=\"image\/jpeg\" \/>\n<meta name=\"twitter:card\" content=\"summary_large_image\" \/>\n<meta name=\"twitter:label1\" content=\"Ber\u00e4knad l\u00e4stid\" \/>\n\t<meta name=\"twitter:data1\" content=\"1 minut\" \/>\n<script type=\"application\/ld+json\" class=\"yoast-schema-graph\">{\"@context\":\"https:\/\/schema.org\",\"@graph\":[{\"@type\":\"WebPage\",\"@id\":\"https:\/\/com.rst-steel.eu\/nb\/produkt\/rear-spoiler-mb-sprinter-w907-w910-_prm_75288\/\",\"url\":\"https:\/\/com.rst-steel.eu\/nb\/produkt\/rear-spoiler-mb-sprinter-w907-w910-_prm_75288\/\",\"name\":\"Rear Spoiler MB Sprinter W907\/W910\",\"isPartOf\":{\"@id\":\"https:\/\/com.rst-steel.eu\/#website\"},\"primaryImageOfPage\":{\"@id\":\"https:\/\/com.rst-steel.eu\/nb\/produkt\/rear-spoiler-mb-sprinter-w907-w910-_prm_75288\/#primaryimage\"},\"image\":{\"@id\":\"https:\/\/com.rst-steel.eu\/nb\/produkt\/rear-spoiler-mb-sprinter-w907-w910-_prm_75288\/#primaryimage\"},\"thumbnailUrl\":\"https:\/\/com.rst-steel.eu\/wp-content\/uploads\/2025\/10\/f24f839ecf74cc04ec929bf234a3b1e1d9e73861_Takaspoileri_MB_Sprinter.jpeg\",\"datePublished\":\"2025-06-04T08:24:12+00:00\",\"dateModified\":\"2026-03-16T06:18:09+00:00\",\"description\":\"rear spoiler for Mercedes-Benz Sprinter. Enhances the vehicle\u2019s appearance. Fits various body styles and is made from lightweight yet durable ABS plastic\",\"breadcrumb\":{\"@id\":\"https:\/\/com.rst-steel.eu\/nb\/produkt\/rear-spoiler-mb-sprinter-w907-w910-_prm_75288\/#breadcrumb\"},\"inLanguage\":\"sv-SE\",\"potentialAction\":[{\"@type\":\"ReadAction\",\"target\":[\"https:\/\/com.rst-steel.eu\/nb\/produkt\/rear-spoiler-mb-sprinter-w907-w910-_prm_75288\/\"]}]},{\"@type\":\"ImageObject\",\"inLanguage\":\"sv-SE\",\"@id\":\"https:\/\/com.rst-steel.eu\/nb\/produkt\/rear-spoiler-mb-sprinter-w907-w910-_prm_75288\/#primaryimage\",\"url\":\"https:\/\/com.rst-steel.eu\/wp-content\/uploads\/2025\/10\/f24f839ecf74cc04ec929bf234a3b1e1d9e73861_Takaspoileri_MB_Sprinter.jpeg\",\"contentUrl\":\"https:\/\/com.rst-steel.eu\/wp-content\/uploads\/2025\/10\/f24f839ecf74cc04ec929bf234a3b1e1d9e73861_Takaspoileri_MB_Sprinter.jpeg\",\"width\":1235,\"height\":1467},{\"@type\":\"BreadcrumbList\",\"@id\":\"https:\/\/com.rst-steel.eu\/nb\/produkt\/rear-spoiler-mb-sprinter-w907-w910-_prm_75288\/#breadcrumb\",\"itemListElement\":[{\"@type\":\"ListItem\",\"position\":1,\"name\":\"Home\",\"item\":\"https:\/\/com.rst-steel.eu\/\"},{\"@type\":\"ListItem\",\"position\":2,\"name\":\"RST-Steel Shop\",\"item\":\"https:\/\/com.rst-steel.eu\/shop\/\"},{\"@type\":\"ListItem\",\"position\":3,\"name\":\"Rear Spoiler MB Sprinter W907\/W910\"}]},{\"@type\":\"WebSite\",\"@id\":\"https:\/\/com.rst-steel.eu\/#website\",\"url\":\"https:\/\/com.rst-steel.eu\/\",\"name\":\"RST-Steel.com\",\"description\":\"Finnish quality steel, for quality-conscious drivers\",\"publisher\":{\"@id\":\"https:\/\/com.rst-steel.eu\/#organization\"},\"alternateName\":\"Safe and stylish RST-Steel quality\",\"potentialAction\":[{\"@type\":\"SearchAction\",\"target\":{\"@type\":\"EntryPoint\",\"urlTemplate\":\"https:\/\/com.rst-steel.eu\/?s={search_term_string}\"},\"query-input\":{\"@type\":\"PropertyValueSpecification\",\"valueRequired\":true,\"valueName\":\"search_term_string\"}}],\"inLanguage\":\"sv-SE\"},{\"@type\":\"Organization\",\"@id\":\"https:\/\/com.rst-steel.eu\/#organization\",\"name\":\"RST-Steel Oy\",\"url\":\"https:\/\/com.rst-steel.eu\/\",\"logo\":{\"@type\":\"ImageObject\",\"inLanguage\":\"sv-SE\",\"@id\":\"https:\/\/com.rst-steel.eu\/#\/schema\/logo\/image\/\",\"url\":\"https:\/\/com.rst-steel.eu\/wp-content\/uploads\/2023\/04\/cropped-Rst-logo-valkoinen-teksti-3.png\",\"contentUrl\":\"https:\/\/com.rst-steel.eu\/wp-content\/uploads\/2023\/04\/cropped-Rst-logo-valkoinen-teksti-3.png\",\"width\":512,\"height\":115,\"caption\":\"RST-Steel Oy\"},\"image\":{\"@id\":\"https:\/\/com.rst-steel.eu\/#\/schema\/logo\/image\/\"},\"sameAs\":[\"https:\/\/www.facebook.com\/rststeel\",\"https:\/\/www.instagram.com\/rststeeloy\/\"]}]}<\/script>\n<!-- \/ Yoast SEO plugin. -->","yoast_head_json":{"title":"Rear Spoiler MB Sprinter W907\/W910","description":"rear spoiler for Mercedes-Benz Sprinter. Enhances the vehicle\u2019s appearance. Fits various body styles and is made from lightweight yet durable ABS plastic","robots":{"index":"index","follow":"follow","max-snippet":"max-snippet:-1","max-image-preview":"max-image-preview:large","max-video-preview":"max-video-preview:-1"},"canonical":"https:\/\/com.rst-steel.eu\/sv\/produkt\/rear-spoiler-mb-sprinter-w907-w910-_prm_75288\/","og_locale":"sv_SE","og_type":"article","og_title":"Rear Spoiler MB Sprinter W907\/W910","og_description":"rear spoiler for Mercedes-Benz Sprinter. Enhances the vehicle\u2019s appearance. Fits various body styles and is made from lightweight yet durable ABS plastic","og_url":"https:\/\/com.rst-steel.eu\/sv\/produkt\/rear-spoiler-mb-sprinter-w907-w910-_prm_75288\/","og_site_name":"RST-Steel","article_publisher":"https:\/\/www.facebook.com\/rststeel","article_modified_time":"2026-03-16T06:18:09+00:00","og_image":[{"width":1235,"height":1467,"url":"https:\/\/com.rst-steel.eu\/wp-content\/uploads\/2025\/10\/f24f839ecf74cc04ec929bf234a3b1e1d9e73861_Takaspoileri_MB_Sprinter.jpeg","type":"image\/jpeg"}],"twitter_card":"summary_large_image","twitter_misc":{"Ber\u00e4knad l\u00e4stid":"1 minut"},"schema":{"@context":"https:\/\/schema.org","@graph":[{"@type":"WebPage","@id":"https:\/\/com.rst-steel.eu\/nb\/produkt\/rear-spoiler-mb-sprinter-w907-w910-_prm_75288\/","url":"https:\/\/com.rst-steel.eu\/nb\/produkt\/rear-spoiler-mb-sprinter-w907-w910-_prm_75288\/","name":"Rear Spoiler MB Sprinter W907\/W910","isPartOf":{"@id":"https:\/\/com.rst-steel.eu\/#website"},"primaryImageOfPage":{"@id":"https:\/\/com.rst-steel.eu\/nb\/produkt\/rear-spoiler-mb-sprinter-w907-w910-_prm_75288\/#primaryimage"},"image":{"@id":"https:\/\/com.rst-steel.eu\/nb\/produkt\/rear-spoiler-mb-sprinter-w907-w910-_prm_75288\/#primaryimage"},"thumbnailUrl":"https:\/\/com.rst-steel.eu\/wp-content\/uploads\/2025\/10\/f24f839ecf74cc04ec929bf234a3b1e1d9e73861_Takaspoileri_MB_Sprinter.jpeg","datePublished":"2025-06-04T08:24:12+00:00","dateModified":"2026-03-16T06:18:09+00:00","description":"rear spoiler for Mercedes-Benz Sprinter. Enhances the vehicle\u2019s appearance. Fits various body styles and is made from lightweight yet durable ABS plastic","breadcrumb":{"@id":"https:\/\/com.rst-steel.eu\/nb\/produkt\/rear-spoiler-mb-sprinter-w907-w910-_prm_75288\/#breadcrumb"},"inLanguage":"sv-SE","potentialAction":[{"@type":"ReadAction","target":["https:\/\/com.rst-steel.eu\/nb\/produkt\/rear-spoiler-mb-sprinter-w907-w910-_prm_75288\/"]}]},{"@type":"ImageObject","inLanguage":"sv-SE","@id":"https:\/\/com.rst-steel.eu\/nb\/produkt\/rear-spoiler-mb-sprinter-w907-w910-_prm_75288\/#primaryimage","url":"https:\/\/com.rst-steel.eu\/wp-content\/uploads\/2025\/10\/f24f839ecf74cc04ec929bf234a3b1e1d9e73861_Takaspoileri_MB_Sprinter.jpeg","contentUrl":"https:\/\/com.rst-steel.eu\/wp-content\/uploads\/2025\/10\/f24f839ecf74cc04ec929bf234a3b1e1d9e73861_Takaspoileri_MB_Sprinter.jpeg","width":1235,"height":1467},{"@type":"BreadcrumbList","@id":"https:\/\/com.rst-steel.eu\/nb\/produkt\/rear-spoiler-mb-sprinter-w907-w910-_prm_75288\/#breadcrumb","itemListElement":[{"@type":"ListItem","position":1,"name":"Home","item":"https:\/\/com.rst-steel.eu\/"},{"@type":"ListItem","position":2,"name":"RST-Steel Shop","item":"https:\/\/com.rst-steel.eu\/shop\/"},{"@type":"ListItem","position":3,"name":"Rear Spoiler MB Sprinter W907\/W910"}]},{"@type":"WebSite","@id":"https:\/\/com.rst-steel.eu\/#website","url":"https:\/\/com.rst-steel.eu\/","name":"RST-Stahl.com","description":"Finskt kvalitetsst\u00e5l, f\u00f6r kvalitetsmedvetna f\u00f6rare","publisher":{"@id":"https:\/\/com.rst-steel.eu\/#organization"},"alternateName":"Safe and stylish RST-Steel quality","potentialAction":[{"@type":"SearchAction","target":{"@type":"EntryPoint","urlTemplate":"https:\/\/com.rst-steel.eu\/?s={search_term_string}"},"query-input":{"@type":"PropertyValueSpecification","valueRequired":true,"valueName":"search_term_string"}}],"inLanguage":"sv-SE"},{"@type":"Organization","@id":"https:\/\/com.rst-steel.eu\/#organization","name":"RST-Steel Oy","url":"https:\/\/com.rst-steel.eu\/","logo":{"@type":"ImageObject","inLanguage":"sv-SE","@id":"https:\/\/com.rst-steel.eu\/#\/schema\/logo\/image\/","url":"https:\/\/com.rst-steel.eu\/wp-content\/uploads\/2023\/04\/cropped-Rst-logo-valkoinen-teksti-3.png","contentUrl":"https:\/\/com.rst-steel.eu\/wp-content\/uploads\/2023\/04\/cropped-Rst-logo-valkoinen-teksti-3.png","width":512,"height":115,"caption":"RST-Steel Oy"},"image":{"@id":"https:\/\/com.rst-steel.eu\/#\/schema\/logo\/image\/"},"sameAs":["https:\/\/www.facebook.com\/rststeel","https:\/\/www.instagram.com\/rststeeloy\/"]}]}},"brands":[{"id":8346,"name":"Mec-one","slug":"brand_mecone"}],"_links":{"self":[{"href":"https:\/\/com.rst-steel.eu\/sv\/wp-json\/wp\/v2\/product\/52192","targetHints":{"allow":["GET"]}}],"collection":[{"href":"https:\/\/com.rst-steel.eu\/sv\/wp-json\/wp\/v2\/product"}],"about":[{"href":"https:\/\/com.rst-steel.eu\/sv\/wp-json\/wp\/v2\/types\/product"}],"replies":[{"embeddable":true,"href":"https:\/\/com.rst-steel.eu\/sv\/wp-json\/wp\/v2\/comments?post=52192"}],"version-history":[{"count":0,"href":"https:\/\/com.rst-steel.eu\/sv\/wp-json\/wp\/v2\/product\/52192\/revisions"}],"wp:featuredmedia":[{"embeddable":true,"href":"https:\/\/com.rst-steel.eu\/sv\/wp-json\/wp\/v2\/media\/119430"}],"wp:attachment":[{"href":"https:\/\/com.rst-steel.eu\/sv\/wp-json\/wp\/v2\/media?parent=52192"}],"wp:term":[{"taxonomy":"make_fuel_type","embeddable":true,"href":"https:\/\/com.rst-steel.eu\/sv\/wp-json\/wp\/v2\/make_fuel_type?post=52192"},{"taxonomy":"make_model","embeddable":true,"href":"https:\/\/com.rst-steel.eu\/sv\/wp-json\/wp\/v2\/make_model?post=52192"},{"taxonomy":"make_brand","embeddable":true,"href":"https:\/\/com.rst-steel.eu\/sv\/wp-json\/wp\/v2\/make_brand?post=52192"},{"taxonomy":"make_year","embeddable":true,"href":"https:\/\/com.rst-steel.eu\/sv\/wp-json\/wp\/v2\/make_year?post=52192"},{"taxonomy":"pwb-brand","embeddable":true,"href":"https:\/\/com.rst-steel.eu\/sv\/wp-json\/wp\/v2\/pwb-brand?post=52192"},{"taxonomy":"product_brand","embeddable":true,"href":"https:\/\/com.rst-steel.eu\/sv\/wp-json\/wp\/v2\/product_brand?post=52192"},{"taxonomy":"product_cat","embeddable":true,"href":"https:\/\/com.rst-steel.eu\/sv\/wp-json\/wp\/v2\/product_cat?post=52192"},{"taxonomy":"product_tag","embeddable":true,"href":"https:\/\/com.rst-steel.eu\/sv\/wp-json\/wp\/v2\/product_tag?post=52192"}],"curies":[{"name":"wp","href":"https:\/\/api.w.org\/{rel}","templated":true}]}}