{"id":52090,"date":"2025-05-30T09:15:12","date_gmt":"2025-05-30T06:15:12","guid":{"rendered":"https:\/\/rst-steel.com\/product\/lazer-triple-r-750-beacon-lisavalo_pr_89902\/"},"modified":"2026-03-16T09:19:40","modified_gmt":"2026-03-16T06:19:40","slug":"lazer-triple-r-750-beacon_pr_89902","status":"publish","type":"product","link":"https:\/\/com.rst-steel.eu\/sv\/produkt\/lazer-triple-r-750-beacon_pr_89902\/","title":{"rendered":"Lazer Triple-R 750 - Blixtljus"},"content":{"rendered":"<p data-start=\"47\" data-end=\"94\"><strong data-start=\"47\" data-end=\"94\">Lazer Triple-R 750 Beacon \u2013 Auxiliary Light<\/strong><\/p>\n<ul>\n<li><strong data-start=\"47\" data-end=\"94\"><br \/><\/strong><\/li>\n<\/ul>\n<p data-start=\"96\" data-end=\"113\"><strong data-start=\"96\" data-end=\"111\">What\u2019s New?<\/strong><\/p>\n<\/p>\n<ul data-start=\"114\" data-end=\"259\">\n<li data-start=\"114\" data-end=\"153\">\n<p data-start=\"116\" data-end=\"153\">Flash-To-Dim dual output technology<\/p>\n<\/li>\n<li data-start=\"154\" data-end=\"186\">\n<p data-start=\"156\" data-end=\"186\">Lower reference number: 12.5<\/p>\n<\/li>\n<li data-start=\"187\" data-end=\"259\">\n<p data-start=\"189\" data-end=\"259\">UNECE Reg 65 (XA1) approved integrated warning light \/ beacon function<\/p>\n<\/li>\n<\/ul>\n<ul data-start=\"114\" data-end=\"259\">\n<li data-start=\"187\" data-end=\"259\"><\/li>\n<\/ul>\n<p>The Triple-R 750 is a high-performance LED auxiliary light that combines a powerful driving beam, an integrated flashing warning light, and a position light\u2014all in one sleek and stylish package. This versatile lamp is specifically designed for passenger vehicles, off-road 4x4s, light commercial vehicles, and heavy-duty trucks. Now available with integrated beacon functionality, it enhances visibility and safety in all driving conditions.<\/p>\n<ul>\n<li><\/li>\n<\/ul>\n<p><strong>Powerful and Precise Beam Pattern<\/strong><\/p>\n<\/p>\n<p>The optics of the Triple-R 750 produce a focused spot beam, making it ideal for road use. With a light output of 5,400 lumens and a 1 lux reach of 442 meters, it ensures outstanding long-range visibility. Thanks to its dual-output technology, the lamp is ECE R149 approved for road use (in low output mode), and the flash-to-dim function allows for quick adjustment of brightness\u2014perfect for reducing glare near reflective road signs.<\/p>\n<ul>\n<li><\/li>\n<\/ul>\n<p data-start=\"0\" data-end=\"63\"><strong data-start=\"0\" data-end=\"63\">Flashing Warning Light and Position Light \u2013 Enhanced Safety<\/strong><\/p>\n<p data-start=\"65\" data-end=\"412\">The lamp\u2019s flashing amber warning light is UNECE R65 (XA1) approved and offers two distinct flash patterns, which can be synchronized across multiple units. In addition, you can select either a white or amber position light (with UNECE R148 approval for the white option), allowing seamless integration with your vehicle\u2019s existing lighting setup.<\/p>\n<ul>\n<li><\/li>\n<\/ul>\n<p data-start=\"414\" data-end=\"449\"><strong data-start=\"414\" data-end=\"449\">Modern Design \u2013 Premium Quality<\/strong><\/p>\n<\/p>\n<p data-start=\"451\" data-end=\"834\" data-is-last-node=\"\" data-is-only-node=\"\">The Triple-R 750 features a modern, aggressive design that perfectly complements contemporary vehicles. Engineered and manufactured in the UK, the lamp boasts premium build quality, including a robust anodized and powder-coated aluminum housing, a virtually unbreakable polycarbonate lens, and IP68-rated waterproofing. A 5-year manufacturer\u2019s warranty ensures long-term reliability.<\/p>\n<ul>\n<li><\/li>\n<\/ul>\n<p data-start=\"0\" data-end=\"17\"><strong data-start=\"0\" data-end=\"17\">Egenskaper:<\/strong><\/p>\n<p data-start=\"451\" data-end=\"834\" data-is-last-node=\"\" data-is-only-node=\"\">\n<ul data-start=\"19\" data-end=\"976\" data-is-last-node=\"\" data-is-only-node=\"\">\n<li data-start=\"19\" data-end=\"68\">\n<p data-start=\"21\" data-end=\"68\">High-density premium-grade 11W LED technology<\/p>\n<\/li>\n<li data-start=\"69\" data-end=\"150\">\n<p data-start=\"71\" data-end=\"150\">Integrated white or amber position light \u2013 UNECE Reg148 approved (white only)<\/p>\n<\/li>\n<li data-start=\"151\" data-end=\"223\">\n<p data-start=\"153\" data-end=\"223\">Integrated amber flashing warning light \u2013 UNECE Reg65 (XA1) approved<\/p>\n<\/li>\n<li data-start=\"224\" data-end=\"312\">\n<p data-start=\"226\" data-end=\"312\">ECE-approved for road use as a driving light (dual-output technology) \u2013 UNECE Reg149<\/p>\n<\/li>\n<li data-start=\"313\" data-end=\"389\">\n<p data-start=\"315\" data-end=\"389\">Ultra-reflective vacuum-metallized optics deliver a focused beam pattern<\/p>\n<\/li>\n<li data-start=\"390\" data-end=\"412\">\n<p data-start=\"392\" data-end=\"412\">Modern lamp design<\/p>\n<\/li>\n<li data-start=\"413\" data-end=\"515\">\n<p data-start=\"415\" data-end=\"515\">Includes versatile \u201cCentre Mount\u201d system and fixed side-mounting points (brackets sold separately)<\/p>\n<\/li>\n<li data-start=\"516\" data-end=\"578\">\n<p data-start=\"518\" data-end=\"578\">CAE-optimized cooling fins for improved thermal management<\/p>\n<\/li>\n<li data-start=\"579\" data-end=\"691\">\n<p data-start=\"581\" data-end=\"691\">Anodized pre-treatment and automotive-grade powder coat finish for maximum corrosion and chemical resistance<\/p>\n<\/li>\n<li data-start=\"692\" data-end=\"734\">\n<p data-start=\"694\" data-end=\"734\">Advanced electronic thermal management<\/p>\n<\/li>\n<li data-start=\"735\" data-end=\"783\">\n<p data-start=\"737\" data-end=\"783\">&#8220;Unbreakable&#8221; hard-coated polycarbonate lens<\/p>\n<\/li>\n<li data-start=\"784\" data-end=\"849\">\n<p data-start=\"786\" data-end=\"849\">IP68-rated waterproofing \u2013 submersible to 1.5m for 30 minutes<\/p>\n<\/li>\n<li data-start=\"850\" data-end=\"869\">\n<p data-start=\"852\" data-end=\"869\">5 \u00e5rs garanti<\/p>\n<\/li>\n<li data-start=\"870\" data-end=\"938\">\n<p data-start=\"872\" data-end=\"938\">Supplied pre-wired with 6-pin Superseal connectors (male\/female)<\/p>\n<\/li>\n<li data-start=\"939\" data-end=\"976\" data-is-last-node=\"\">\n<p data-start=\"941\" data-end=\"976\" data-is-last-node=\"\">Designed and manufactured in the UK<\/p>\n<\/li>\n<\/ul>\n<ul>\n<li data-start=\"939\" data-end=\"976\" data-is-last-node=\"\">\n<p data-start=\"941\" data-end=\"976\" data-is-last-node=\"\"><\/p>\n<\/li>\n<\/ul>\n<p><ul><\/ul>\n<\/p>\n<p data-start=\"0\" data-end=\"49\"><strong data-start=\"0\" data-end=\"49\">Technical Specifications: Boost \/ E-Mark Mode<\/strong><\/p>\n<ul data-start=\"51\" data-end=\"465\">\n<li data-start=\"51\" data-end=\"80\">\n<p data-start=\"53\" data-end=\"80\"><strong data-start=\"53\" data-end=\"71\">Input Voltage:<\/strong> 10\u201332V<\/p>\n<\/li>\n<li data-start=\"81\" data-end=\"117\">\n<p data-start=\"83\" data-end=\"117\"><strong data-start=\"83\" data-end=\"105\">Power Consumption:<\/strong> 52W \/ 10W<\/p>\n<\/li>\n<li data-start=\"118\" data-end=\"156\">\n<p data-start=\"120\" data-end=\"156\"><strong data-start=\"120\" data-end=\"138\">Luminous Flux:<\/strong> 5400lm \/ 3078lm<\/p>\n<\/li>\n<li data-start=\"157\" data-end=\"189\">\n<p data-start=\"159\" data-end=\"189\"><strong data-start=\"159\" data-end=\"181\">Color Temperature:<\/strong> 5000K<\/p>\n<\/li>\n<li data-start=\"190\" data-end=\"209\">\n<p data-start=\"192\" data-end=\"209\"><strong data-start=\"192\" data-end=\"203\">Weight:<\/strong> 1kg<\/p>\n<\/li>\n<li data-start=\"210\" data-end=\"235\">\n<p data-start=\"212\" data-end=\"235\"><strong data-start=\"212\" data-end=\"225\">Warranty:<\/strong> 5 years<\/p>\n<\/li>\n<li data-start=\"236\" data-end=\"259\">\n<p data-start=\"238\" data-end=\"259\"><strong data-start=\"238\" data-end=\"252\">IP Rating:<\/strong> IP68<\/p>\n<\/li>\n<li data-start=\"260\" data-end=\"294\">\n<p data-start=\"262\" data-end=\"294\"><strong data-start=\"262\" data-end=\"276\">Connector:<\/strong> 6-pin Superseal<\/p>\n<\/li>\n<li data-start=\"295\" data-end=\"465\">\n<p data-start=\"297\" data-end=\"318\"><strong data-start=\"297\" data-end=\"316\">Certifieringar:<\/strong><\/p>\n<ul data-start=\"321\" data-end=\"465\">\n<li data-start=\"321\" data-end=\"374\">\n<p data-start=\"323\" data-end=\"374\">Driving Light: ECE R149 \u2013 Ref: 12.5 (E-Mark mode)<\/p>\n<\/li>\n<li data-start=\"377\" data-end=\"413\">\n<p data-start=\"379\" data-end=\"413\">Position Light (White): ECE R148<\/p>\n<\/li>\n<li data-start=\"416\" data-end=\"432\">\n<p data-start=\"418\" data-end=\"432\">EMC: ECE R10<\/p>\n<\/li>\n<li data-start=\"435\" data-end=\"465\">\n<p data-start=\"437\" data-end=\"465\">Warning Light: ECE R65 (XA1)<\/p>\n<\/li>\n<\/ul>\n<\/li>\n<li><strong data-start=\"472\" data-end=\"489\"><br \/><\/strong><\/li>\n<\/ul>\n<p data-start=\"472\" data-end=\"489\"><strong data-start=\"472\" data-end=\"489\">Beam Pattern:<\/strong><\/p>\n<ul data-start=\"491\" data-end=\"728\">\n<li data-start=\"491\" data-end=\"542\">\n<p data-start=\"493\" data-end=\"542\"><strong data-start=\"493\" data-end=\"530\">Horizontal \/ Vertical Beam Angle:<\/strong> 28\u00b0 \/ 16\u00b0<\/p>\n<\/li>\n<li data-start=\"543\" data-end=\"728\">\n<p data-start=\"545\" data-end=\"555\"><strong data-start=\"545\" data-end=\"555\">Range:<\/strong><\/p>\n<ul data-start=\"558\" data-end=\"728\">\n<li data-start=\"558\" data-end=\"600\">\n<p data-start=\"560\" data-end=\"600\">0.25 lux: 883 m \/ 424 m (Boost \/ E-Mark)<\/p>\n<\/li>\n<li data-start=\"603\" data-end=\"644\">\n<p data-start=\"605\" data-end=\"644\">0.5 lux: 624 m \/ 299 m (Boost \/ E-Mark)<\/p>\n<\/li>\n<li data-start=\"647\" data-end=\"686\">\n<p data-start=\"649\" data-end=\"686\">1 lux: 442 m \/ 212 m (Boost \/ E-Mark)<\/p>\n<\/li>\n<li data-start=\"689\" data-end=\"728\">\n<p data-start=\"691\" data-end=\"728\">3 lux: 255 m \/ 122 m (Boost \/ E-Mark)<\/p>\n<\/li>\n<\/ul>\n<\/li>\n<li><strong data-start=\"735\" data-end=\"750\"><br \/><\/strong><\/li>\n<\/ul>\n<p data-start=\"735\" data-end=\"750\"><strong data-start=\"735\" data-end=\"750\">Dimensioner:<\/strong><\/p>\n<ul data-start=\"752\" data-end=\"873\">\n<li data-start=\"752\" data-end=\"773\">\n<p data-start=\"754\" data-end=\"773\"><strong data-start=\"754\" data-end=\"764\">Width:<\/strong> 230 mm<\/p>\n<\/li>\n<li data-start=\"774\" data-end=\"795\">\n<p data-start=\"776\" data-end=\"795\"><strong data-start=\"776\" data-end=\"786\">Depth:<\/strong> 105 mm<\/p>\n<\/li>\n<li data-start=\"796\" data-end=\"835\">\n<p data-start=\"798\" data-end=\"835\"><strong data-start=\"798\" data-end=\"827\">Height (without bracket):<\/strong> 73 mm<\/p>\n<\/li>\n<li data-start=\"836\" data-end=\"873\">\n<p data-start=\"838\" data-end=\"873\"><strong data-start=\"838\" data-end=\"864\">Height (with bracket):<\/strong> 103 mm<\/p>\n<\/li>\n<\/ul>\n<ul data-start=\"752\" data-end=\"873\">\n<li data-start=\"836\" data-end=\"873\">\n<\/li>\n<\/ul>\n<p data-start=\"880\" data-end=\"901\"><strong data-start=\"880\" data-end=\"901\">Paketet inneh\u00e5ller:<\/strong><\/p>\n<\/p>\n<ul data-start=\"903\" data-end=\"989\" data-is-last-node=\"\" data-is-only-node=\"\">\n<li data-start=\"903\" data-end=\"936\">\n<p data-start=\"905\" data-end=\"936\">Triple-R 750 Beacon LED Light<\/p>\n<\/li>\n<li data-start=\"937\" data-end=\"961\">\n<p data-start=\"939\" data-end=\"961\">Centre Mount Bracket<\/p>\n<\/li>\n<li data-start=\"962\" data-end=\"989\" data-is-last-node=\"\">\n<p data-start=\"964\" data-end=\"989\" data-is-last-node=\"\">Instruktioner f\u00f6r installation<\/p>\n<\/li>\n<\/ul>","protected":false},"excerpt":{"rendered":"<p>Kompakt storlek, m\u00e5ngsidiga funktioner och kraftfullt ljusfl\u00f6de!<\/p>","protected":false},"featured_media":52085,"comment_status":"open","ping_status":"closed","template":"","meta":{"_improvement_type_select":"improve_an_existing","_thumb_yes_seoaic":false,"_frame_yes_seoaic":false,"seoaic_generate_description":"","seoaic_improve_instructions_prompt":"","seoaic_rollback_content_improvement":"","seoaic_idea_thumbnail_generator":"","thumbnail_generated":false,"thumbnail_generate_prompt":"","seoaic_article_description":""},"make_fuel_type":[],"make_model":[],"make_brand":[],"make_year":[],"pwb-brand":[8332],"product_brand":[],"product_cat":[6195,6209,6211,7205],"product_tag":[8498,6298,8496,6362],"class_list":{"0":"post-52090","1":"product","2":"type-product","3":"status-publish","4":"has-post-thumbnail","6":"pwb-brand-brand_lazerlamps","7":"product_cat-lamps","8":"product_cat-auxiliary-lights","9":"product_cat-lazer-lamps-auxiliary-lights","10":"product_cat-rst-triplerr","11":"product_tag-auxiliary-light","12":"product_tag-lazer-lamps","13":"product_tag-light-bar","14":"product_tag-triple-r","16":"first","17":"instock","18":"taxable","19":"shipping-taxable","20":"purchasable","21":"product-type-simple"},"yoast_head":"<!-- This site is optimized with the Yoast SEO plugin v25.7 - https:\/\/yoast.com\/wordpress\/plugins\/seo\/ -->\n<title>Lazer Triple-R 750 Beacon - RST-Steel<\/title>\n<meta name=\"description\" content=\"Lazer Triple-R 750 Beacon \u2013 compact, powerful LED light with integrated flashing warning and parking lights, perfect for all vehicle types.\" \/>\n<meta name=\"robots\" content=\"index, follow, max-snippet:-1, max-image-preview:large, max-video-preview:-1\" \/>\n<link rel=\"canonical\" href=\"https:\/\/com.rst-steel.eu\/sv\/produkt\/lazer-triple-r-750-beacon_pr_89902\/\" \/>\n<meta property=\"og:locale\" content=\"sv_SE\" \/>\n<meta property=\"og:type\" content=\"article\" \/>\n<meta property=\"og:title\" content=\"Lazer Triple-R 750 Beacon - RST-Steel\" \/>\n<meta property=\"og:description\" content=\"Lazer Triple-R 750 Beacon \u2013 compact, powerful LED light with integrated flashing warning and parking lights, perfect for all vehicle types.\" \/>\n<meta property=\"og:url\" content=\"https:\/\/com.rst-steel.eu\/sv\/produkt\/lazer-triple-r-750-beacon_pr_89902\/\" \/>\n<meta property=\"og:site_name\" content=\"RST-Steel\" \/>\n<meta property=\"article:publisher\" content=\"https:\/\/www.facebook.com\/rststeel\" \/>\n<meta property=\"article:modified_time\" content=\"2026-03-16T06:19:40+00:00\" \/>\n<meta property=\"og:image\" content=\"https:\/\/com.rst-steel.eu\/wp-content\/uploads\/2025\/05\/6602f557d29a21c2aa88806944b1e076792fd91b_Triple_R_750_Beacon_Angled_Beacon_On_WEB.jpg\" \/>\n\t<meta property=\"og:image:width\" content=\"1000\" \/>\n\t<meta property=\"og:image:height\" content=\"750\" \/>\n\t<meta property=\"og:image:type\" content=\"image\/jpeg\" \/>\n<meta name=\"twitter:card\" content=\"summary_large_image\" \/>\n<meta name=\"twitter:label1\" content=\"Ber\u00e4knad l\u00e4stid\" \/>\n\t<meta name=\"twitter:data1\" content=\"3 minuter\" \/>\n<script type=\"application\/ld+json\" class=\"yoast-schema-graph\">{\"@context\":\"https:\/\/schema.org\",\"@graph\":[{\"@type\":\"WebPage\",\"@id\":\"https:\/\/com.rst-steel.eu\/product\/lazer-triple-r-750-beacon_pr_89902\/\",\"url\":\"https:\/\/com.rst-steel.eu\/product\/lazer-triple-r-750-beacon_pr_89902\/\",\"name\":\"Lazer Triple-R 750 Beacon - RST-Steel\",\"isPartOf\":{\"@id\":\"https:\/\/com.rst-steel.eu\/#website\"},\"primaryImageOfPage\":{\"@id\":\"https:\/\/com.rst-steel.eu\/product\/lazer-triple-r-750-beacon_pr_89902\/#primaryimage\"},\"image\":{\"@id\":\"https:\/\/com.rst-steel.eu\/product\/lazer-triple-r-750-beacon_pr_89902\/#primaryimage\"},\"thumbnailUrl\":\"https:\/\/com.rst-steel.eu\/wp-content\/uploads\/2025\/05\/6602f557d29a21c2aa88806944b1e076792fd91b_Triple_R_750_Beacon_Angled_Beacon_On_WEB.jpg\",\"datePublished\":\"2025-05-30T06:15:12+00:00\",\"dateModified\":\"2026-03-16T06:19:40+00:00\",\"description\":\"Lazer Triple-R 750 Beacon \u2013 compact, powerful LED light with integrated flashing warning and parking lights, perfect for all vehicle types.\",\"breadcrumb\":{\"@id\":\"https:\/\/com.rst-steel.eu\/product\/lazer-triple-r-750-beacon_pr_89902\/#breadcrumb\"},\"inLanguage\":\"sv-SE\",\"potentialAction\":[{\"@type\":\"ReadAction\",\"target\":[\"https:\/\/com.rst-steel.eu\/product\/lazer-triple-r-750-beacon_pr_89902\/\"]}]},{\"@type\":\"ImageObject\",\"inLanguage\":\"sv-SE\",\"@id\":\"https:\/\/com.rst-steel.eu\/product\/lazer-triple-r-750-beacon_pr_89902\/#primaryimage\",\"url\":\"https:\/\/com.rst-steel.eu\/wp-content\/uploads\/2025\/05\/6602f557d29a21c2aa88806944b1e076792fd91b_Triple_R_750_Beacon_Angled_Beacon_On_WEB.jpg\",\"contentUrl\":\"https:\/\/com.rst-steel.eu\/wp-content\/uploads\/2025\/05\/6602f557d29a21c2aa88806944b1e076792fd91b_Triple_R_750_Beacon_Angled_Beacon_On_WEB.jpg\",\"width\":1000,\"height\":750,\"caption\":\"Lazer Triple-R 750 Beacon\"},{\"@type\":\"BreadcrumbList\",\"@id\":\"https:\/\/com.rst-steel.eu\/product\/lazer-triple-r-750-beacon_pr_89902\/#breadcrumb\",\"itemListElement\":[{\"@type\":\"ListItem\",\"position\":1,\"name\":\"Home\",\"item\":\"https:\/\/com.rst-steel.eu\/\"},{\"@type\":\"ListItem\",\"position\":2,\"name\":\"RST-Steel Shop\",\"item\":\"https:\/\/com.rst-steel.eu\/shop\/\"},{\"@type\":\"ListItem\",\"position\":3,\"name\":\"Lazer Triple-R 750 Beacon\"}]},{\"@type\":\"WebSite\",\"@id\":\"https:\/\/com.rst-steel.eu\/#website\",\"url\":\"https:\/\/com.rst-steel.eu\/\",\"name\":\"RST-Steel.com\",\"description\":\"Finnish quality steel, for quality-conscious drivers\",\"publisher\":{\"@id\":\"https:\/\/com.rst-steel.eu\/#organization\"},\"alternateName\":\"Safe and stylish RST-Steel quality\",\"potentialAction\":[{\"@type\":\"SearchAction\",\"target\":{\"@type\":\"EntryPoint\",\"urlTemplate\":\"https:\/\/com.rst-steel.eu\/?s={search_term_string}\"},\"query-input\":{\"@type\":\"PropertyValueSpecification\",\"valueRequired\":true,\"valueName\":\"search_term_string\"}}],\"inLanguage\":\"sv-SE\"},{\"@type\":\"Organization\",\"@id\":\"https:\/\/com.rst-steel.eu\/#organization\",\"name\":\"RST-Steel Oy\",\"url\":\"https:\/\/com.rst-steel.eu\/\",\"logo\":{\"@type\":\"ImageObject\",\"inLanguage\":\"sv-SE\",\"@id\":\"https:\/\/com.rst-steel.eu\/#\/schema\/logo\/image\/\",\"url\":\"https:\/\/com.rst-steel.eu\/wp-content\/uploads\/2023\/04\/cropped-Rst-logo-valkoinen-teksti-3.png\",\"contentUrl\":\"https:\/\/com.rst-steel.eu\/wp-content\/uploads\/2023\/04\/cropped-Rst-logo-valkoinen-teksti-3.png\",\"width\":512,\"height\":115,\"caption\":\"RST-Steel Oy\"},\"image\":{\"@id\":\"https:\/\/com.rst-steel.eu\/#\/schema\/logo\/image\/\"},\"sameAs\":[\"https:\/\/www.facebook.com\/rststeel\",\"https:\/\/www.instagram.com\/rststeeloy\/\"]}]}<\/script>\n<!-- \/ Yoast SEO plugin. -->","yoast_head_json":{"title":"Lazer Triple-R 750 Beacon - RST-Steel","description":"Lazer Triple-R 750 Beacon \u2013 compact, powerful LED light with integrated flashing warning and parking lights, perfect for all vehicle types.","robots":{"index":"index","follow":"follow","max-snippet":"max-snippet:-1","max-image-preview":"max-image-preview:large","max-video-preview":"max-video-preview:-1"},"canonical":"https:\/\/com.rst-steel.eu\/sv\/produkt\/lazer-triple-r-750-beacon_pr_89902\/","og_locale":"sv_SE","og_type":"article","og_title":"Lazer Triple-R 750 Beacon - RST-Steel","og_description":"Lazer Triple-R 750 Beacon \u2013 compact, powerful LED light with integrated flashing warning and parking lights, perfect for all vehicle types.","og_url":"https:\/\/com.rst-steel.eu\/sv\/produkt\/lazer-triple-r-750-beacon_pr_89902\/","og_site_name":"RST-Steel","article_publisher":"https:\/\/www.facebook.com\/rststeel","article_modified_time":"2026-03-16T06:19:40+00:00","og_image":[{"width":1000,"height":750,"url":"https:\/\/com.rst-steel.eu\/wp-content\/uploads\/2025\/05\/6602f557d29a21c2aa88806944b1e076792fd91b_Triple_R_750_Beacon_Angled_Beacon_On_WEB.jpg","type":"image\/jpeg"}],"twitter_card":"summary_large_image","twitter_misc":{"Ber\u00e4knad l\u00e4stid":"3 minuter"},"schema":{"@context":"https:\/\/schema.org","@graph":[{"@type":"WebPage","@id":"https:\/\/com.rst-steel.eu\/product\/lazer-triple-r-750-beacon_pr_89902\/","url":"https:\/\/com.rst-steel.eu\/product\/lazer-triple-r-750-beacon_pr_89902\/","name":"Lazer Triple-R 750 Beacon - RST-Steel","isPartOf":{"@id":"https:\/\/com.rst-steel.eu\/#website"},"primaryImageOfPage":{"@id":"https:\/\/com.rst-steel.eu\/product\/lazer-triple-r-750-beacon_pr_89902\/#primaryimage"},"image":{"@id":"https:\/\/com.rst-steel.eu\/product\/lazer-triple-r-750-beacon_pr_89902\/#primaryimage"},"thumbnailUrl":"https:\/\/com.rst-steel.eu\/wp-content\/uploads\/2025\/05\/6602f557d29a21c2aa88806944b1e076792fd91b_Triple_R_750_Beacon_Angled_Beacon_On_WEB.jpg","datePublished":"2025-05-30T06:15:12+00:00","dateModified":"2026-03-16T06:19:40+00:00","description":"Lazer Triple-R 750 Beacon \u2013 compact, powerful LED light with integrated flashing warning and parking lights, perfect for all vehicle types.","breadcrumb":{"@id":"https:\/\/com.rst-steel.eu\/product\/lazer-triple-r-750-beacon_pr_89902\/#breadcrumb"},"inLanguage":"sv-SE","potentialAction":[{"@type":"ReadAction","target":["https:\/\/com.rst-steel.eu\/product\/lazer-triple-r-750-beacon_pr_89902\/"]}]},{"@type":"ImageObject","inLanguage":"sv-SE","@id":"https:\/\/com.rst-steel.eu\/product\/lazer-triple-r-750-beacon_pr_89902\/#primaryimage","url":"https:\/\/com.rst-steel.eu\/wp-content\/uploads\/2025\/05\/6602f557d29a21c2aa88806944b1e076792fd91b_Triple_R_750_Beacon_Angled_Beacon_On_WEB.jpg","contentUrl":"https:\/\/com.rst-steel.eu\/wp-content\/uploads\/2025\/05\/6602f557d29a21c2aa88806944b1e076792fd91b_Triple_R_750_Beacon_Angled_Beacon_On_WEB.jpg","width":1000,"height":750,"caption":"Lazer Triple-R 750 Beacon"},{"@type":"BreadcrumbList","@id":"https:\/\/com.rst-steel.eu\/product\/lazer-triple-r-750-beacon_pr_89902\/#breadcrumb","itemListElement":[{"@type":"ListItem","position":1,"name":"Home","item":"https:\/\/com.rst-steel.eu\/"},{"@type":"ListItem","position":2,"name":"RST-Steel Shop","item":"https:\/\/com.rst-steel.eu\/shop\/"},{"@type":"ListItem","position":3,"name":"Lazer Triple-R 750 Beacon"}]},{"@type":"WebSite","@id":"https:\/\/com.rst-steel.eu\/#website","url":"https:\/\/com.rst-steel.eu\/","name":"RST-Stahl.com","description":"Finskt kvalitetsst\u00e5l, f\u00f6r kvalitetsmedvetna f\u00f6rare","publisher":{"@id":"https:\/\/com.rst-steel.eu\/#organization"},"alternateName":"Safe and stylish RST-Steel quality","potentialAction":[{"@type":"SearchAction","target":{"@type":"EntryPoint","urlTemplate":"https:\/\/com.rst-steel.eu\/?s={search_term_string}"},"query-input":{"@type":"PropertyValueSpecification","valueRequired":true,"valueName":"search_term_string"}}],"inLanguage":"sv-SE"},{"@type":"Organization","@id":"https:\/\/com.rst-steel.eu\/#organization","name":"RST-Steel Oy","url":"https:\/\/com.rst-steel.eu\/","logo":{"@type":"ImageObject","inLanguage":"sv-SE","@id":"https:\/\/com.rst-steel.eu\/#\/schema\/logo\/image\/","url":"https:\/\/com.rst-steel.eu\/wp-content\/uploads\/2023\/04\/cropped-Rst-logo-valkoinen-teksti-3.png","contentUrl":"https:\/\/com.rst-steel.eu\/wp-content\/uploads\/2023\/04\/cropped-Rst-logo-valkoinen-teksti-3.png","width":512,"height":115,"caption":"RST-Steel Oy"},"image":{"@id":"https:\/\/com.rst-steel.eu\/#\/schema\/logo\/image\/"},"sameAs":["https:\/\/www.facebook.com\/rststeel","https:\/\/www.instagram.com\/rststeeloy\/"]}]}},"brands":[{"id":8332,"name":"Lazer Lamps","slug":"brand_lazerlamps"}],"_links":{"self":[{"href":"https:\/\/com.rst-steel.eu\/sv\/wp-json\/wp\/v2\/product\/52090","targetHints":{"allow":["GET"]}}],"collection":[{"href":"https:\/\/com.rst-steel.eu\/sv\/wp-json\/wp\/v2\/product"}],"about":[{"href":"https:\/\/com.rst-steel.eu\/sv\/wp-json\/wp\/v2\/types\/product"}],"replies":[{"embeddable":true,"href":"https:\/\/com.rst-steel.eu\/sv\/wp-json\/wp\/v2\/comments?post=52090"}],"version-history":[{"count":0,"href":"https:\/\/com.rst-steel.eu\/sv\/wp-json\/wp\/v2\/product\/52090\/revisions"}],"wp:featuredmedia":[{"embeddable":true,"href":"https:\/\/com.rst-steel.eu\/sv\/wp-json\/wp\/v2\/media\/52085"}],"wp:attachment":[{"href":"https:\/\/com.rst-steel.eu\/sv\/wp-json\/wp\/v2\/media?parent=52090"}],"wp:term":[{"taxonomy":"make_fuel_type","embeddable":true,"href":"https:\/\/com.rst-steel.eu\/sv\/wp-json\/wp\/v2\/make_fuel_type?post=52090"},{"taxonomy":"make_model","embeddable":true,"href":"https:\/\/com.rst-steel.eu\/sv\/wp-json\/wp\/v2\/make_model?post=52090"},{"taxonomy":"make_brand","embeddable":true,"href":"https:\/\/com.rst-steel.eu\/sv\/wp-json\/wp\/v2\/make_brand?post=52090"},{"taxonomy":"make_year","embeddable":true,"href":"https:\/\/com.rst-steel.eu\/sv\/wp-json\/wp\/v2\/make_year?post=52090"},{"taxonomy":"pwb-brand","embeddable":true,"href":"https:\/\/com.rst-steel.eu\/sv\/wp-json\/wp\/v2\/pwb-brand?post=52090"},{"taxonomy":"product_brand","embeddable":true,"href":"https:\/\/com.rst-steel.eu\/sv\/wp-json\/wp\/v2\/product_brand?post=52090"},{"taxonomy":"product_cat","embeddable":true,"href":"https:\/\/com.rst-steel.eu\/sv\/wp-json\/wp\/v2\/product_cat?post=52090"},{"taxonomy":"product_tag","embeddable":true,"href":"https:\/\/com.rst-steel.eu\/sv\/wp-json\/wp\/v2\/product_tag?post=52090"}],"curies":[{"name":"wp","href":"https:\/\/api.w.org\/{rel}","templated":true}]}}