{"id":51978,"date":"2025-05-28T12:23:41","date_gmt":"2025-05-28T09:23:41","guid":{"rendered":"https:\/\/rst-steel.com\/product\/lazer-air-55-with-beacon_pr_90204\/"},"modified":"2026-03-16T09:19:40","modified_gmt":"2026-03-16T06:19:40","slug":"lazer-air-55-with-beacon_pr_90204","status":"publish","type":"product","link":"https:\/\/com.rst-steel.eu\/sv\/produkt\/lazer-air-55-with-beacon_pr_90204\/","title":{"rendered":"Lazer AIR-55 (Med Blixtljus)"},"content":{"rendered":"<p data-start=\"109\" data-end=\"154\"><strong data-start=\"109\" data-end=\"154\">Lazer AIR-55 LED Auxiliary Light (Beacon)<\/strong><\/p>\n<ul>\n<li><strong data-start=\"109\" data-end=\"154\"><br \/><\/strong><\/li>\n<\/ul>\n<p data-start=\"156\" data-end=\"173\"><strong data-start=\"156\" data-end=\"171\">What\u2019s New?<\/strong><\/p>\n<\/p>\n<ul data-start=\"174\" data-end=\"389\">\n<li data-start=\"174\" data-end=\"237\">\n<p data-start=\"176\" data-end=\"237\">Optional dynamic start-up animation (start-up\/welcome mode)<\/p>\n<\/li>\n<li data-start=\"238\" data-end=\"280\">\n<p data-start=\"240\" data-end=\"280\">Flash-To-Dim dual-intensity technology<\/p>\n<\/li>\n<li data-start=\"281\" data-end=\"307\">\n<p data-start=\"283\" data-end=\"307\">Reference number: 12.5<\/p>\n<\/li>\n<li data-start=\"308\" data-end=\"389\">\n<p data-start=\"310\" data-end=\"389\">Integrated warning light \/ flash function approved to UNECE Regulation 65 (XA1)<\/p>\n<\/li>\n<\/ul>\n<ul><\/ul>\n<\/p>\n<ul>\n<li><\/li>\n<\/ul>\n<p><span style=\"font-weight: bold\">The Lazer AIR-55 <\/span>is a next-generation LED auxiliary light that combines exceptional light output, modern design, and now also <span style=\"font-weight: bold\">features a brand-new integrated Beacon warning light.<\/span> This makes it the ideal lighting solution for <span style=\"font-weight: bold\">professional transport, commercial vehicles, and heavy-duty applications<\/span> \u2013 all year round.<\/p>\n<ul>\n<li><\/li>\n<\/ul>\n<p>The AIR-55 delivers <span style=\"font-weight: bold\">6,800 raw lumens<\/span> of light output and achieves 1 lux illumination at <span style=\"font-weight: bold\">distances of up to 524 meters.<\/span> Its optimized vertical beam pattern enhances visibility in all driving conditions. The unit is approved as a high beam according to <span style=\"font-weight: bold\">UNECE Regulation 149<\/span> and features Lazer\u2019s <span style=\"font-weight: bold\">E-Boost technology<\/span>, allowing operation at either full or reduced output \u2013 manually or via the Flash-to-Dim function.<\/p>\n<ul>\n<li><\/li>\n<\/ul>\n<p><span style=\"font-weight: bold\">Beacon \u2013 LED light with built-in warning function<\/span><\/p>\n<p data-start=\"70\" data-end=\"373\"><span data-start=\"70\" data-end=\"373\">The AIR-55 Beacon is approved under <span style=\"font-weight: bold\">UNECE Regulation 65<\/span> as a narrow-beam, night-use (XA1) warning light. It features two distinct amber flash patterns that can be synchronized across multiple units. Selection and switching between patterns is simple, either during installation or later if required.<\/span><\/p>\n<p data-start=\"70\" data-end=\"373\"><span data-start=\"70\" data-end=\"373\">This new feature adds significant value, especially for users who need both powerful driving light and warning light functionality in a single unit.<\/span><\/p>\n<ul>\n<li><span data-start=\"70\" data-end=\"373\"><br \/><\/span><\/li>\n<\/ul>\n<p data-start=\"70\" data-end=\"373\"><span data-start=\"70\" data-end=\"373\" style=\"font-weight: bold\">Bold design featuring white and amber position lighting<\/span><\/p>\n<p data-start=\"70\" data-end=\"373\"><span data-start=\"70\" data-end=\"373\">The AIR-55 stands out with its bold design: <span style=\"font-weight: bold\">the monocoque lens<\/span> is made from durable injection-moulded polycarbonate with a<span style=\"font-weight: bold\"> hard-coated finish<\/span> for long-lasting performance \u2013 backed by a lifetime lens warranty. The light also features a <span style=\"font-weight: bold\">dual-colour position light<\/span> (white or amber), which is especially beneficial for heavy-duty vehicle users. The white position light complies with UNECE Regulation 148 for road use (note: duplicating position lights is not permitted in Finland).<\/span><\/p>\n<ul>\n<li><span data-start=\"70\" data-end=\"373\"><br \/><\/span><\/li>\n<\/ul>\n<p data-start=\"76\" data-end=\"285\"><strong data-start=\"76\" data-end=\"121\">Welcome Mode \u2013 Stylish Start-Up Animation<\/strong><br data-start=\"121\" data-end=\"124\"><br \/>\nThe AIR-55 Beacon can be configured to gradually brighten at start-up or to fade between white and amber colours (or vice versa), adding a refined visual effect.<\/p>\n<ul>\n<li><\/li>\n<\/ul>\n<p data-start=\"70\" data-end=\"373\"><span data-start=\"70\" data-end=\"373\"><br \/>\n<\/span><\/p>\n<p data-start=\"287\" data-end=\"586\"><strong data-start=\"287\" data-end=\"328\">Clean Installation \u2013 Even on the Roof<\/strong><br data-start=\"328\" data-end=\"331\"><br \/>\nThe AIR-55 comes with a <span style=\"font-weight: bold\">Centre Mount bracket system<\/span> that allows for a neat, low-profile installation relative to the mounting point. This is especially beneficial for roof installations where maintaining a low and aerodynamic vehicle profile is important.<\/p>\n<ul>\n<li><\/li>\n<\/ul>\n<p data-start=\"100\" data-end=\"113\"><strong data-start=\"100\" data-end=\"113\">Egenskaper:<\/strong><\/p>\n<p data-start=\"287\" data-end=\"586\">\n<ul data-start=\"115\" data-end=\"1355\">\n<li data-start=\"115\" data-end=\"194\">\n<p data-start=\"117\" data-end=\"194\">Patent-pending injection-moulded monocoque lens with textured inner surface<\/p>\n<\/li>\n<li data-start=\"195\" data-end=\"255\">\n<p data-start=\"197\" data-end=\"255\">Utilizes the latest high-performance, premium-grade LEDs<\/p>\n<\/li>\n<li data-start=\"256\" data-end=\"392\">\n<p data-start=\"258\" data-end=\"392\">Highly reflective vacuum-metallized optics deliver an optimized beam pattern for daily road use, including higher mounting positions<\/p>\n<\/li>\n<li data-start=\"393\" data-end=\"480\">\n<p data-start=\"395\" data-end=\"480\">Flash-to-Dim functionality to reduce glare, for example when approaching road signs<\/p>\n<\/li>\n<li data-start=\"481\" data-end=\"532\">\n<p data-start=\"483\" data-end=\"532\">Dual output modes \u2013 high and low power settings<\/p>\n<\/li>\n<li data-start=\"533\" data-end=\"620\">\n<p data-start=\"535\" data-end=\"620\">UNECE Regulation 149 Class B approved high beam (road-legal only in low-power mode)<\/p>\n<\/li>\n<li data-start=\"621\" data-end=\"704\">\n<p data-start=\"623\" data-end=\"704\">Integrated dual-colour position light \u2013 white (UNECE Reg 148 approved) or amber<\/p>\n<\/li>\n<li data-start=\"705\" data-end=\"769\">\n<p data-start=\"707\" data-end=\"769\">Integrated amber warning light \u2013 UNECE Reg 65 (XA1) approved<\/p>\n<\/li>\n<li data-start=\"770\" data-end=\"865\">\n<p data-start=\"772\" data-end=\"865\">Versatile Centre Mount bracket system for low-profile mounting relative to the fixing point<\/p>\n<\/li>\n<li data-start=\"866\" data-end=\"935\">\n<p data-start=\"868\" data-end=\"935\">Dynamic start-up\/welcome lighting function \u2013 two selectable modes<\/p>\n<\/li>\n<li data-start=\"936\" data-end=\"995\">\n<p data-start=\"938\" data-end=\"995\">CAE-optimized heat sink for improved thermal management<\/p>\n<\/li>\n<li data-start=\"996\" data-end=\"1104\">\n<p data-start=\"998\" data-end=\"1104\">Anodized pre-treatment and automotive-grade powder coating for maximum corrosion and chemical resistance<\/p>\n<\/li>\n<li data-start=\"1105\" data-end=\"1138\">\n<p data-start=\"1107\" data-end=\"1138\">Elektronisk v\u00e4rmehantering<\/p>\n<\/li>\n<li data-start=\"1139\" data-end=\"1210\">\n<p data-start=\"1141\" data-end=\"1210\">\u201cUnbreakable\u201d hard-coated polycarbonate lens with lifetime warranty<\/p>\n<\/li>\n<li data-start=\"1211\" data-end=\"1237\">\n<p data-start=\"1213\" data-end=\"1237\">IP68 waterproof rating<\/p>\n<\/li>\n<li data-start=\"1238\" data-end=\"1257\">\n<p data-start=\"1240\" data-end=\"1257\">5 \u00e5rs garanti<\/p>\n<\/li>\n<li data-start=\"1258\" data-end=\"1317\">\n<p data-start=\"1260\" data-end=\"1317\">20 cm cable with male\/female 6-pin Superseal connectors<\/p>\n<\/li>\n<li data-start=\"1318\" data-end=\"1355\">\n<p data-start=\"1320\" data-end=\"1355\">Designed and manufactured in the UK<\/p>\n<\/li>\n<\/ul>\n<p><ul><\/ul>\n<\/p>\n<ul>\n<li><\/li>\n<\/ul>\n<p data-start=\"84\" data-end=\"136\"><strong data-start=\"84\" data-end=\"134\">Technical Specifications (Boost-mode \/ E-Mark)<\/strong><\/p>\n<ul data-start=\"137\" data-end=\"583\">\n<li data-start=\"137\" data-end=\"166\">\n<p data-start=\"139\" data-end=\"166\">Operating Voltage: 10-32V<\/p>\n<\/li>\n<li data-start=\"167\" data-end=\"210\">\n<p data-start=\"169\" data-end=\"210\">Reference Number: 12.5 (Low power mode)<\/p>\n<\/li>\n<li data-start=\"211\" data-end=\"236\">\n<p data-start=\"213\" data-end=\"236\">Rated Power: 55W \/ 9W<\/p>\n<\/li>\n<li data-start=\"237\" data-end=\"268\">\n<p data-start=\"239\" data-end=\"268\">Rated Current: 6.1A \/ 1.05A<\/p>\n<\/li>\n<li data-start=\"269\" data-end=\"311\">\n<p data-start=\"271\" data-end=\"311\">Rated Luminous Flux: 6800 lm \/ 1224 lm<\/p>\n<\/li>\n<li data-start=\"312\" data-end=\"341\">\n<p data-start=\"314\" data-end=\"341\">F\u00e4rgtemperatur: 5000K<\/p>\n<\/li>\n<li data-start=\"342\" data-end=\"372\">\n<p data-start=\"344\" data-end=\"372\">Connector: 6-pin Superseal<\/p>\n<\/li>\n<li data-start=\"373\" data-end=\"396\">\n<p data-start=\"375\" data-end=\"396\">Cable Length: 25 cm<\/p>\n<\/li>\n<li data-start=\"397\" data-end=\"416\">\n<p data-start=\"399\" data-end=\"416\">Vikt: 1,65 kg<\/p>\n<\/li>\n<li data-start=\"417\" data-end=\"436\">\n<p data-start=\"419\" data-end=\"436\">IP-klassning: IP68<\/p>\n<\/li>\n<li data-start=\"437\" data-end=\"494\">\n<p data-start=\"439\" data-end=\"494\">Approvals: ECE R149, ECE R148, ECE R10, ECE R65 (XA1)<\/p>\n<\/li>\n<li data-start=\"495\" data-end=\"549\">\n<p data-start=\"497\" data-end=\"549\">Road-legal approval does not apply in E-Boost mode<\/p>\n<\/li>\n<li data-start=\"550\" data-end=\"583\">\n<p data-start=\"552\" data-end=\"583\">Warranty: 60 months (5 years)<\/p>\n<\/li>\n<\/ul>\n<ul data-start=\"137\" data-end=\"583\">\n<li data-start=\"550\" data-end=\"583\">\n<\/li>\n<\/ul>\n<p data-start=\"585\" data-end=\"602\"><strong data-start=\"585\" data-end=\"600\">Dimensioner:<\/strong><\/p>\n<ul data-start=\"603\" data-end=\"695\">\n<li data-start=\"603\" data-end=\"620\">\n<p data-start=\"605\" data-end=\"620\">Bredd: 411 mm<\/p>\n<\/li>\n<li data-start=\"621\" data-end=\"638\">\n<p data-start=\"623\" data-end=\"638\">Djup: 106 mm<\/p>\n<\/li>\n<li data-start=\"639\" data-end=\"656\">\n<p data-start=\"641\" data-end=\"656\">H\u00f6jd: 82 mm<\/p>\n<\/li>\n<li data-start=\"657\" data-end=\"695\">\n<p data-start=\"659\" data-end=\"695\">Height with bracket: 82 mm &#8211; 98 mm<\/p>\n<\/li>\n<\/ul>\n<ul data-start=\"603\" data-end=\"695\">\n<li data-start=\"657\" data-end=\"695\">\n<\/li>\n<\/ul>\n<p data-start=\"697\" data-end=\"734\"><strong data-start=\"697\" data-end=\"732\">Beam Coverage (Boost \/ E-Mark):<\/strong><\/p>\n<ul data-start=\"735\" data-end=\"884\">\n<li data-start=\"735\" data-end=\"782\">\n<p data-start=\"737\" data-end=\"782\">Horizontal \/ Vertical Beam Angle: 34\u00b0 \/ 13\u00b0<\/p>\n<\/li>\n<li data-start=\"783\" data-end=\"810\">\n<p data-start=\"785\" data-end=\"810\">0.25 Lux @ 1049m \/ 445m<\/p>\n<\/li>\n<li data-start=\"811\" data-end=\"836\">\n<p data-start=\"813\" data-end=\"836\">0.5 Lux @ 742m \/ 315m<\/p>\n<\/li>\n<li data-start=\"837\" data-end=\"860\">\n<p data-start=\"839\" data-end=\"860\">1 Lux @ 524m \/ 222m<\/p>\n<\/li>\n<li data-start=\"861\" data-end=\"884\">\n<p data-start=\"863\" data-end=\"884\">3 Lux @ 303m \/ 128m<\/p>\n<\/li>\n<li data-start=\"861\" data-end=\"884\">\n<\/li>\n<\/ul>\n<p data-start=\"886\" data-end=\"909\"><strong data-start=\"886\" data-end=\"907\">Package Contents:<\/strong><\/p>\n<\/p>\n<ul data-start=\"910\" data-end=\"1004\">\n<li data-start=\"910\" data-end=\"949\">\n<p data-start=\"912\" data-end=\"949\">Lazer AIR-55 Beacon auxiliary light<\/p>\n<\/li>\n<li data-start=\"950\" data-end=\"974\">\n<p data-start=\"952\" data-end=\"974\">2x Centre Mount kits<\/p>\n<\/li>\n<li data-start=\"975\" data-end=\"1004\">\n<p data-start=\"977\" data-end=\"1004\">Instruktioner f\u00f6r installation<\/p>\n<\/li>\n<\/ul>","protected":false},"excerpt":{"rendered":"<p>Utrustad med blixtljus!<\/p>","protected":false},"featured_media":51973,"comment_status":"open","ping_status":"closed","template":"","meta":{"_improvement_type_select":"improve_an_existing","_thumb_yes_seoaic":false,"_frame_yes_seoaic":false,"seoaic_generate_description":"","seoaic_improve_instructions_prompt":"","seoaic_rollback_content_improvement":"","seoaic_idea_thumbnail_generator":"","thumbnail_generated":false,"thumbnail_generate_prompt":"","seoaic_article_description":""},"make_fuel_type":[],"make_model":[],"make_brand":[],"make_year":[],"pwb-brand":[8332],"product_brand":[],"product_cat":[6195,6209,6211,7214],"product_tag":[8498,6298,8496],"class_list":{"0":"post-51978","1":"product","2":"type-product","3":"status-publish","4":"has-post-thumbnail","6":"pwb-brand-brand_lazerlamps","7":"product_cat-lamps","8":"product_cat-auxiliary-lights","9":"product_cat-lazer-lamps-auxiliary-lights","10":"product_cat-rstc-air","11":"product_tag-auxiliary-light","12":"product_tag-lazer-lamps","13":"product_tag-light-bar","15":"first","16":"instock","17":"taxable","18":"shipping-taxable","19":"purchasable","20":"product-type-simple"},"yoast_head":"<!-- This site is optimized with the Yoast SEO plugin v25.7 - https:\/\/yoast.com\/wordpress\/plugins\/seo\/ -->\n<title>Lazer AIR-55 (With Beacon) - RST-Steel<\/title>\n<meta name=\"description\" content=\"Lazer AIR-55 is a next-generation LED auxiliary light combining extreme light output, modern design, and\u2014new for this model\u2014a built-in Beacon warning light.\" \/>\n<meta name=\"robots\" content=\"index, follow, max-snippet:-1, max-image-preview:large, max-video-preview:-1\" \/>\n<link rel=\"canonical\" href=\"https:\/\/com.rst-steel.eu\/sv\/produkt\/lazer-air-55-with-beacon_pr_90204\/\" \/>\n<meta property=\"og:locale\" content=\"sv_SE\" \/>\n<meta property=\"og:type\" content=\"article\" \/>\n<meta property=\"og:title\" content=\"Lazer AIR-55 (With Beacon) - RST-Steel\" \/>\n<meta property=\"og:description\" content=\"Lazer AIR-55 is a next-generation LED auxiliary light combining extreme light output, modern design, and\u2014new for this model\u2014a built-in Beacon warning light.\" \/>\n<meta property=\"og:url\" content=\"https:\/\/com.rst-steel.eu\/sv\/produkt\/lazer-air-55-with-beacon_pr_90204\/\" \/>\n<meta property=\"og:site_name\" content=\"RST-Steel\" \/>\n<meta property=\"article:publisher\" content=\"https:\/\/www.facebook.com\/rststeel\" \/>\n<meta property=\"article:modified_time\" content=\"2026-03-16T06:19:40+00:00\" \/>\n<meta property=\"og:image\" content=\"https:\/\/com.rst-steel.eu\/wp-content\/uploads\/2025\/05\/393838fe69dc8783accbecda81307f0900034ef1_AIR_55_Beacon_Angled_Amber_PL_Beacon_On_WEB.jpg\" \/>\n\t<meta property=\"og:image:width\" content=\"1000\" \/>\n\t<meta property=\"og:image:height\" content=\"750\" \/>\n\t<meta property=\"og:image:type\" content=\"image\/jpeg\" \/>\n<meta name=\"twitter:card\" content=\"summary_large_image\" \/>\n<meta name=\"twitter:label1\" content=\"Ber\u00e4knad l\u00e4stid\" \/>\n\t<meta name=\"twitter:data1\" content=\"4 minuter\" \/>\n<script type=\"application\/ld+json\" class=\"yoast-schema-graph\">{\"@context\":\"https:\/\/schema.org\",\"@graph\":[{\"@type\":\"WebPage\",\"@id\":\"https:\/\/com.rst-steel.eu\/nb\/produkt\/lazer-air-55-with-beacon_pr_90204\/\",\"url\":\"https:\/\/com.rst-steel.eu\/nb\/produkt\/lazer-air-55-with-beacon_pr_90204\/\",\"name\":\"Lazer AIR-55 (With Beacon) - RST-Steel\",\"isPartOf\":{\"@id\":\"https:\/\/com.rst-steel.eu\/#website\"},\"primaryImageOfPage\":{\"@id\":\"https:\/\/com.rst-steel.eu\/nb\/produkt\/lazer-air-55-with-beacon_pr_90204\/#primaryimage\"},\"image\":{\"@id\":\"https:\/\/com.rst-steel.eu\/nb\/produkt\/lazer-air-55-with-beacon_pr_90204\/#primaryimage\"},\"thumbnailUrl\":\"https:\/\/com.rst-steel.eu\/wp-content\/uploads\/2025\/05\/393838fe69dc8783accbecda81307f0900034ef1_AIR_55_Beacon_Angled_Amber_PL_Beacon_On_WEB.jpg\",\"datePublished\":\"2025-05-28T09:23:41+00:00\",\"dateModified\":\"2026-03-16T06:19:40+00:00\",\"description\":\"Lazer AIR-55 is a next-generation LED auxiliary light combining extreme light output, modern design, and\u2014new for this model\u2014a built-in Beacon warning light.\",\"breadcrumb\":{\"@id\":\"https:\/\/com.rst-steel.eu\/nb\/produkt\/lazer-air-55-with-beacon_pr_90204\/#breadcrumb\"},\"inLanguage\":\"sv-SE\",\"potentialAction\":[{\"@type\":\"ReadAction\",\"target\":[\"https:\/\/com.rst-steel.eu\/nb\/produkt\/lazer-air-55-with-beacon_pr_90204\/\"]}]},{\"@type\":\"ImageObject\",\"inLanguage\":\"sv-SE\",\"@id\":\"https:\/\/com.rst-steel.eu\/nb\/produkt\/lazer-air-55-with-beacon_pr_90204\/#primaryimage\",\"url\":\"https:\/\/com.rst-steel.eu\/wp-content\/uploads\/2025\/05\/393838fe69dc8783accbecda81307f0900034ef1_AIR_55_Beacon_Angled_Amber_PL_Beacon_On_WEB.jpg\",\"contentUrl\":\"https:\/\/com.rst-steel.eu\/wp-content\/uploads\/2025\/05\/393838fe69dc8783accbecda81307f0900034ef1_AIR_55_Beacon_Angled_Amber_PL_Beacon_On_WEB.jpg\",\"width\":1000,\"height\":750,\"caption\":\"Lazer AIR-55 (With Beacon)\"},{\"@type\":\"BreadcrumbList\",\"@id\":\"https:\/\/com.rst-steel.eu\/nb\/produkt\/lazer-air-55-with-beacon_pr_90204\/#breadcrumb\",\"itemListElement\":[{\"@type\":\"ListItem\",\"position\":1,\"name\":\"Home\",\"item\":\"https:\/\/com.rst-steel.eu\/\"},{\"@type\":\"ListItem\",\"position\":2,\"name\":\"RST-Steel Shop\",\"item\":\"https:\/\/com.rst-steel.eu\/shop\/\"},{\"@type\":\"ListItem\",\"position\":3,\"name\":\"Lazer AIR-55 (With Beacon)\"}]},{\"@type\":\"WebSite\",\"@id\":\"https:\/\/com.rst-steel.eu\/#website\",\"url\":\"https:\/\/com.rst-steel.eu\/\",\"name\":\"RST-Steel.com\",\"description\":\"Finnish quality steel, for quality-conscious drivers\",\"publisher\":{\"@id\":\"https:\/\/com.rst-steel.eu\/#organization\"},\"alternateName\":\"Safe and stylish RST-Steel quality\",\"potentialAction\":[{\"@type\":\"SearchAction\",\"target\":{\"@type\":\"EntryPoint\",\"urlTemplate\":\"https:\/\/com.rst-steel.eu\/?s={search_term_string}\"},\"query-input\":{\"@type\":\"PropertyValueSpecification\",\"valueRequired\":true,\"valueName\":\"search_term_string\"}}],\"inLanguage\":\"sv-SE\"},{\"@type\":\"Organization\",\"@id\":\"https:\/\/com.rst-steel.eu\/#organization\",\"name\":\"RST-Steel Oy\",\"url\":\"https:\/\/com.rst-steel.eu\/\",\"logo\":{\"@type\":\"ImageObject\",\"inLanguage\":\"sv-SE\",\"@id\":\"https:\/\/com.rst-steel.eu\/#\/schema\/logo\/image\/\",\"url\":\"https:\/\/com.rst-steel.eu\/wp-content\/uploads\/2023\/04\/cropped-Rst-logo-valkoinen-teksti-3.png\",\"contentUrl\":\"https:\/\/com.rst-steel.eu\/wp-content\/uploads\/2023\/04\/cropped-Rst-logo-valkoinen-teksti-3.png\",\"width\":512,\"height\":115,\"caption\":\"RST-Steel Oy\"},\"image\":{\"@id\":\"https:\/\/com.rst-steel.eu\/#\/schema\/logo\/image\/\"},\"sameAs\":[\"https:\/\/www.facebook.com\/rststeel\",\"https:\/\/www.instagram.com\/rststeeloy\/\"]}]}<\/script>\n<!-- \/ Yoast SEO plugin. -->","yoast_head_json":{"title":"Lazer AIR-55 (With Beacon) - RST-Steel","description":"Lazer AIR-55 is a next-generation LED auxiliary light combining extreme light output, modern design, and\u2014new for this model\u2014a built-in Beacon warning light.","robots":{"index":"index","follow":"follow","max-snippet":"max-snippet:-1","max-image-preview":"max-image-preview:large","max-video-preview":"max-video-preview:-1"},"canonical":"https:\/\/com.rst-steel.eu\/sv\/produkt\/lazer-air-55-with-beacon_pr_90204\/","og_locale":"sv_SE","og_type":"article","og_title":"Lazer AIR-55 (With Beacon) - RST-Steel","og_description":"Lazer AIR-55 is a next-generation LED auxiliary light combining extreme light output, modern design, and\u2014new for this model\u2014a built-in Beacon warning light.","og_url":"https:\/\/com.rst-steel.eu\/sv\/produkt\/lazer-air-55-with-beacon_pr_90204\/","og_site_name":"RST-Steel","article_publisher":"https:\/\/www.facebook.com\/rststeel","article_modified_time":"2026-03-16T06:19:40+00:00","og_image":[{"width":1000,"height":750,"url":"https:\/\/com.rst-steel.eu\/wp-content\/uploads\/2025\/05\/393838fe69dc8783accbecda81307f0900034ef1_AIR_55_Beacon_Angled_Amber_PL_Beacon_On_WEB.jpg","type":"image\/jpeg"}],"twitter_card":"summary_large_image","twitter_misc":{"Ber\u00e4knad l\u00e4stid":"4 minuter"},"schema":{"@context":"https:\/\/schema.org","@graph":[{"@type":"WebPage","@id":"https:\/\/com.rst-steel.eu\/nb\/produkt\/lazer-air-55-with-beacon_pr_90204\/","url":"https:\/\/com.rst-steel.eu\/nb\/produkt\/lazer-air-55-with-beacon_pr_90204\/","name":"Lazer AIR-55 (With Beacon) - RST-Steel","isPartOf":{"@id":"https:\/\/com.rst-steel.eu\/#website"},"primaryImageOfPage":{"@id":"https:\/\/com.rst-steel.eu\/nb\/produkt\/lazer-air-55-with-beacon_pr_90204\/#primaryimage"},"image":{"@id":"https:\/\/com.rst-steel.eu\/nb\/produkt\/lazer-air-55-with-beacon_pr_90204\/#primaryimage"},"thumbnailUrl":"https:\/\/com.rst-steel.eu\/wp-content\/uploads\/2025\/05\/393838fe69dc8783accbecda81307f0900034ef1_AIR_55_Beacon_Angled_Amber_PL_Beacon_On_WEB.jpg","datePublished":"2025-05-28T09:23:41+00:00","dateModified":"2026-03-16T06:19:40+00:00","description":"Lazer AIR-55 is a next-generation LED auxiliary light combining extreme light output, modern design, and\u2014new for this model\u2014a built-in Beacon warning light.","breadcrumb":{"@id":"https:\/\/com.rst-steel.eu\/nb\/produkt\/lazer-air-55-with-beacon_pr_90204\/#breadcrumb"},"inLanguage":"sv-SE","potentialAction":[{"@type":"ReadAction","target":["https:\/\/com.rst-steel.eu\/nb\/produkt\/lazer-air-55-with-beacon_pr_90204\/"]}]},{"@type":"ImageObject","inLanguage":"sv-SE","@id":"https:\/\/com.rst-steel.eu\/nb\/produkt\/lazer-air-55-with-beacon_pr_90204\/#primaryimage","url":"https:\/\/com.rst-steel.eu\/wp-content\/uploads\/2025\/05\/393838fe69dc8783accbecda81307f0900034ef1_AIR_55_Beacon_Angled_Amber_PL_Beacon_On_WEB.jpg","contentUrl":"https:\/\/com.rst-steel.eu\/wp-content\/uploads\/2025\/05\/393838fe69dc8783accbecda81307f0900034ef1_AIR_55_Beacon_Angled_Amber_PL_Beacon_On_WEB.jpg","width":1000,"height":750,"caption":"Lazer AIR-55 (With Beacon)"},{"@type":"BreadcrumbList","@id":"https:\/\/com.rst-steel.eu\/nb\/produkt\/lazer-air-55-with-beacon_pr_90204\/#breadcrumb","itemListElement":[{"@type":"ListItem","position":1,"name":"Home","item":"https:\/\/com.rst-steel.eu\/"},{"@type":"ListItem","position":2,"name":"RST-Steel Shop","item":"https:\/\/com.rst-steel.eu\/shop\/"},{"@type":"ListItem","position":3,"name":"Lazer AIR-55 (With Beacon)"}]},{"@type":"WebSite","@id":"https:\/\/com.rst-steel.eu\/#website","url":"https:\/\/com.rst-steel.eu\/","name":"RST-Stahl.com","description":"Finskt kvalitetsst\u00e5l, f\u00f6r kvalitetsmedvetna f\u00f6rare","publisher":{"@id":"https:\/\/com.rst-steel.eu\/#organization"},"alternateName":"Safe and stylish RST-Steel quality","potentialAction":[{"@type":"SearchAction","target":{"@type":"EntryPoint","urlTemplate":"https:\/\/com.rst-steel.eu\/?s={search_term_string}"},"query-input":{"@type":"PropertyValueSpecification","valueRequired":true,"valueName":"search_term_string"}}],"inLanguage":"sv-SE"},{"@type":"Organization","@id":"https:\/\/com.rst-steel.eu\/#organization","name":"RST-Steel Oy","url":"https:\/\/com.rst-steel.eu\/","logo":{"@type":"ImageObject","inLanguage":"sv-SE","@id":"https:\/\/com.rst-steel.eu\/#\/schema\/logo\/image\/","url":"https:\/\/com.rst-steel.eu\/wp-content\/uploads\/2023\/04\/cropped-Rst-logo-valkoinen-teksti-3.png","contentUrl":"https:\/\/com.rst-steel.eu\/wp-content\/uploads\/2023\/04\/cropped-Rst-logo-valkoinen-teksti-3.png","width":512,"height":115,"caption":"RST-Steel Oy"},"image":{"@id":"https:\/\/com.rst-steel.eu\/#\/schema\/logo\/image\/"},"sameAs":["https:\/\/www.facebook.com\/rststeel","https:\/\/www.instagram.com\/rststeeloy\/"]}]}},"brands":[{"id":8332,"name":"Lazer Lamps","slug":"brand_lazerlamps"}],"_links":{"self":[{"href":"https:\/\/com.rst-steel.eu\/sv\/wp-json\/wp\/v2\/product\/51978","targetHints":{"allow":["GET"]}}],"collection":[{"href":"https:\/\/com.rst-steel.eu\/sv\/wp-json\/wp\/v2\/product"}],"about":[{"href":"https:\/\/com.rst-steel.eu\/sv\/wp-json\/wp\/v2\/types\/product"}],"replies":[{"embeddable":true,"href":"https:\/\/com.rst-steel.eu\/sv\/wp-json\/wp\/v2\/comments?post=51978"}],"version-history":[{"count":0,"href":"https:\/\/com.rst-steel.eu\/sv\/wp-json\/wp\/v2\/product\/51978\/revisions"}],"wp:featuredmedia":[{"embeddable":true,"href":"https:\/\/com.rst-steel.eu\/sv\/wp-json\/wp\/v2\/media\/51973"}],"wp:attachment":[{"href":"https:\/\/com.rst-steel.eu\/sv\/wp-json\/wp\/v2\/media?parent=51978"}],"wp:term":[{"taxonomy":"make_fuel_type","embeddable":true,"href":"https:\/\/com.rst-steel.eu\/sv\/wp-json\/wp\/v2\/make_fuel_type?post=51978"},{"taxonomy":"make_model","embeddable":true,"href":"https:\/\/com.rst-steel.eu\/sv\/wp-json\/wp\/v2\/make_model?post=51978"},{"taxonomy":"make_brand","embeddable":true,"href":"https:\/\/com.rst-steel.eu\/sv\/wp-json\/wp\/v2\/make_brand?post=51978"},{"taxonomy":"make_year","embeddable":true,"href":"https:\/\/com.rst-steel.eu\/sv\/wp-json\/wp\/v2\/make_year?post=51978"},{"taxonomy":"pwb-brand","embeddable":true,"href":"https:\/\/com.rst-steel.eu\/sv\/wp-json\/wp\/v2\/pwb-brand?post=51978"},{"taxonomy":"product_brand","embeddable":true,"href":"https:\/\/com.rst-steel.eu\/sv\/wp-json\/wp\/v2\/product_brand?post=51978"},{"taxonomy":"product_cat","embeddable":true,"href":"https:\/\/com.rst-steel.eu\/sv\/wp-json\/wp\/v2\/product_cat?post=51978"},{"taxonomy":"product_tag","embeddable":true,"href":"https:\/\/com.rst-steel.eu\/sv\/wp-json\/wp\/v2\/product_tag?post=51978"}],"curies":[{"name":"wp","href":"https:\/\/api.w.org\/{rel}","templated":true}]}}