{"id":51727,"date":"2025-05-14T11:03:34","date_gmt":"2025-05-14T08:03:34","guid":{"rendered":"https:\/\/rst-steel.com\/product\/roof-bar-volvo-fh4-xl_prm_69256\/"},"modified":"2026-03-16T09:19:21","modified_gmt":"2026-03-16T06:19:21","slug":"roof-bar-basic-medium-v37-volvo-fh4-globe-xl_prm_69256","status":"publish","type":"product","link":"https:\/\/com.rst-steel.eu\/sv\/produkt\/roof-bar-basic-medium-v37-volvo-fh4-globe-xl_prm_69256\/","title":{"rendered":"Roof Bar Basic Medium V37 Volvo FH4- Globe XL"},"content":{"rendered":"<p>Roof Bar Volvo FH\/Aero XL Cab<\/p>\n<ul>\n<li><\/li>\n<\/ul>\n<p><\/p>\n<p><span style=\"font-weight: bold\">Egenskaper:<\/span><\/p>\n<ul>\n<li><span style=\"font-weight: bold\">Kompatibilitet<\/span>: Designed for&nbsp;Volvo FH4, FH new and FH Aero -models with Globetrotter XL cab, ensuring quick and effortless installation.<\/li>\n<li><span style=\"font-weight: bold\">Material<\/span>: Tillverkad av h\u00e5llbart rostfritt st\u00e5l, vilket garanterar l\u00e5ng livsl\u00e4ngd och utm\u00e4rkt v\u00e4derbest\u00e4ndighet.<\/li>\n<li><span style=\"font-weight: bold\">Stylish Design<\/span>: Polished or painted finish and elegant design enhance the appearance of your truck.<\/li>\n<li><span style=\"font-weight: bold\">Light Installation<\/span>:&nbsp;Thanks to the welded auxiliary light brackets, you can easily mount several additional lights onto the roof bar.<\/li>\n<li><span style=\"font-weight: bold\">S\u00e4kerhet<\/span>: F\u00f6rb\u00e4ttrar sikten i m\u00f6rka och utmanande k\u00f6rf\u00f6rh\u00e5llanden, vilket \u00f6kar s\u00e4kerheten f\u00f6r b\u00e5de f\u00f6raren och andra trafikanter.<\/li>\n<li><\/li>\n<\/ul>\n<p><\/p>\n<p><span style=\"font-weight: bold\">RST-Steel&#8217;s roof bars<\/span>&nbsp;are high-quality products made in&nbsp;<span style=\"font-weight: bold\">Finland&nbsp;<\/span>av rostfritt st\u00e5l&nbsp;<\/p>\n<p>Designed to complement the stylish lines of your truck, the roof bar not only enhances its appearance but also adds practicality and safety. It can be equipped with auxiliary lights and position lights, ensuring maximum visibility on the road and improved safety for both you and other road users.<\/p>\n<p><\/p>\n<p><span style=\"font-weight: bold\">Compatible with 3pcs 40cm auxiliary light panel or 6pcs 9\u2019\u2019 round lamps.<\/span><\/p>\n<p><span style=\"font-weight: 700\">Passar \u00e4ven bilar med ett stort luftriktningsbleck p\u00e5 taket.<\/span><\/p>\n<ul>\n<li>&nbsp;<\/li>\n<\/ul>\n<p><\/p>\n<p><span style=\"font-weight: bold\">Varf\u00f6r v\u00e4lja RST-Steel?<\/span><\/p>\n<ul>\n<li><span style=\"font-weight: bold\">Tillverkade i Finland<\/span>: All our products are manufactured in our own production facility in Nivala, Finland.<\/li>\n<li><span style=\"font-weight: bold\">P\u00e5litlighet<\/span>: M\u00e5nga \u00e5rs erfarenhet och expertis s\u00e4kerst\u00e4ller den h\u00f6ga kvaliteten och h\u00e5llbarheten hos v\u00e5ra produkter.<\/li>\n<li><span style=\"font-weight: bold\">Kundn\u00f6jdhet:<\/span>&nbsp;Tusentals n\u00f6jda kunder v\u00e4rlden \u00f6ver litar p\u00e5 RST-Steels produkter.<\/li>\n<li><\/li>\n<\/ul>\n<p>&nbsp;<\/p>\n<p><span style=\"font-weight: bold\">Teknisk information:<\/span><\/p>\n<ul>\n<li>F\u00e4rg: Polerat rostfritt st\u00e5l eller pulverlackerad med RAL-f\u00e4rger<\/li>\n<li>R\u00f6rdiameter: 76 mm<\/li>\n<li>Svetsade lampf\u00e4sten 6 st.<\/li>\n<li><\/li>\n<\/ul>\n<p>&nbsp;<\/p>\n<p><span style=\"font-weight: bold\">Leveransinneh\u00e5ll:<\/span><\/p>\n<ul>\n<li>Takb\u00e5ge<\/li>\n<li>Monteringsf\u00e4sten som beh\u00f6vs f\u00f6r installation<\/li>\n<li>Instruktioner f\u00f6r installation<\/li>\n<\/ul>","protected":false},"excerpt":{"rendered":"<p><span style=\"font-weight: bold\">For Volvo truck with the Globetrotter XL cab!<\/span><\/p>","protected":false},"featured_media":51723,"comment_status":"open","ping_status":"closed","template":"","meta":{"_improvement_type_select":"improve_an_existing","_thumb_yes_seoaic":false,"_frame_yes_seoaic":false,"seoaic_generate_description":"","seoaic_improve_instructions_prompt":"","seoaic_rollback_content_improvement":"","seoaic_idea_thumbnail_generator":"","thumbnail_generated":false,"thumbnail_generate_prompt":"","seoaic_article_description":""},"make_fuel_type":[],"make_model":[3743],"make_brand":[3745],"make_year":[3748],"pwb-brand":[8334],"product_brand":[],"product_cat":[6057,6058,7166],"product_tag":[7549,8480],"class_list":{"0":"post-51727","1":"product","2":"type-product","3":"status-publish","4":"has-post-thumbnail","6":"make_engine-globetrotter-xl-cab","7":"make_model-fh4","8":"make_brand-volvo","9":"make_year-trucks","10":"pwb-brand-brand_rststeel","11":"product_cat-lightbars","12":"product_cat-roofbars-for-trucks","13":"product_cat-volvo-ka-lt","14":"product_tag-takbage","15":"product_tag-volvo-roof-bar","16":"product_shipping_class-lightbars","18":"first","19":"instock","20":"taxable","21":"shipping-taxable","22":"purchasable","23":"product-type-variable"},"yoast_head":"<!-- This site is optimized with the Yoast SEO plugin v25.7 - https:\/\/yoast.com\/wordpress\/plugins\/seo\/ -->\n<title>Roof Bar Basic Medium V37 Volvo FH4- Globe XL - RST-Steel<\/title>\n<meta name=\"description\" content=\"Durable and stylish roof bar for Volvo FH4 XL. Enhances utility and vehicle appearance. Easy to install, ideal for professional and everyday use.\" \/>\n<meta name=\"robots\" content=\"index, follow, max-snippet:-1, max-image-preview:large, max-video-preview:-1\" \/>\n<link rel=\"canonical\" href=\"https:\/\/com.rst-steel.eu\/sv\/produkt\/roof-bar-basic-medium-v37-volvo-fh4-globe-xl_prm_69256\/\" \/>\n<meta property=\"og:locale\" content=\"sv_SE\" \/>\n<meta property=\"og:type\" content=\"article\" \/>\n<meta property=\"og:title\" content=\"Roof Bar Basic Medium V37 Volvo FH4- Globe XL - RST-Steel\" \/>\n<meta property=\"og:description\" content=\"Durable and stylish roof bar for Volvo FH4 XL. Enhances utility and vehicle appearance. Easy to install, ideal for professional and everyday use.\" \/>\n<meta property=\"og:url\" content=\"https:\/\/com.rst-steel.eu\/sv\/produkt\/roof-bar-basic-medium-v37-volvo-fh4-globe-xl_prm_69256\/\" \/>\n<meta property=\"og:site_name\" content=\"RST-Steel\" \/>\n<meta property=\"article:publisher\" content=\"https:\/\/www.facebook.com\/rststeel\" \/>\n<meta property=\"article:modified_time\" content=\"2026-03-16T06:19:21+00:00\" \/>\n<meta property=\"og:image\" content=\"https:\/\/com.rst-steel.eu\/wp-content\/uploads\/2025\/05\/92dd3ba2cf6fb0de5e14dfd4682db4fde92a4552_VO2137_Tuotekuva-scaled.jpg\" \/>\n\t<meta property=\"og:image:width\" content=\"2560\" \/>\n\t<meta property=\"og:image:height\" content=\"1707\" \/>\n\t<meta property=\"og:image:type\" content=\"image\/jpeg\" \/>\n<meta name=\"twitter:card\" content=\"summary_large_image\" \/>\n<meta name=\"twitter:label1\" content=\"Ber\u00e4knad l\u00e4stid\" \/>\n\t<meta name=\"twitter:data1\" content=\"2 minuter\" \/>\n<script type=\"application\/ld+json\" class=\"yoast-schema-graph\">{\"@context\":\"https:\/\/schema.org\",\"@graph\":[{\"@type\":\"WebPage\",\"@id\":\"https:\/\/com.rst-steel.eu\/nb\/produkt\/roof-bar-basic-medium-v37-volvo-fh4-globe-xl_prm_69256\/\",\"url\":\"https:\/\/com.rst-steel.eu\/nb\/produkt\/roof-bar-basic-medium-v37-volvo-fh4-globe-xl_prm_69256\/\",\"name\":\"Roof Bar Basic Medium V37 Volvo FH4- Globe XL - RST-Steel\",\"isPartOf\":{\"@id\":\"https:\/\/com.rst-steel.eu\/#website\"},\"primaryImageOfPage\":{\"@id\":\"https:\/\/com.rst-steel.eu\/nb\/produkt\/roof-bar-basic-medium-v37-volvo-fh4-globe-xl_prm_69256\/#primaryimage\"},\"image\":{\"@id\":\"https:\/\/com.rst-steel.eu\/nb\/produkt\/roof-bar-basic-medium-v37-volvo-fh4-globe-xl_prm_69256\/#primaryimage\"},\"thumbnailUrl\":\"https:\/\/com.rst-steel.eu\/wp-content\/uploads\/2025\/05\/92dd3ba2cf6fb0de5e14dfd4682db4fde92a4552_VO2137_Tuotekuva-scaled.jpg\",\"datePublished\":\"2025-05-14T08:03:34+00:00\",\"dateModified\":\"2026-03-16T06:19:21+00:00\",\"description\":\"Durable and stylish roof bar for Volvo FH4 XL. Enhances utility and vehicle appearance. Easy to install, ideal for professional and everyday use.\",\"breadcrumb\":{\"@id\":\"https:\/\/com.rst-steel.eu\/nb\/produkt\/roof-bar-basic-medium-v37-volvo-fh4-globe-xl_prm_69256\/#breadcrumb\"},\"inLanguage\":\"sv-SE\",\"potentialAction\":[{\"@type\":\"ReadAction\",\"target\":[\"https:\/\/com.rst-steel.eu\/nb\/produkt\/roof-bar-basic-medium-v37-volvo-fh4-globe-xl_prm_69256\/\"]}]},{\"@type\":\"ImageObject\",\"inLanguage\":\"sv-SE\",\"@id\":\"https:\/\/com.rst-steel.eu\/nb\/produkt\/roof-bar-basic-medium-v37-volvo-fh4-globe-xl_prm_69256\/#primaryimage\",\"url\":\"https:\/\/com.rst-steel.eu\/wp-content\/uploads\/2025\/05\/92dd3ba2cf6fb0de5e14dfd4682db4fde92a4552_VO2137_Tuotekuva-scaled.jpg\",\"contentUrl\":\"https:\/\/com.rst-steel.eu\/wp-content\/uploads\/2025\/05\/92dd3ba2cf6fb0de5e14dfd4682db4fde92a4552_VO2137_Tuotekuva-scaled.jpg\",\"width\":2560,\"height\":1707,\"caption\":\"Roof Bar Volvo FH4, XL\"},{\"@type\":\"BreadcrumbList\",\"@id\":\"https:\/\/com.rst-steel.eu\/nb\/produkt\/roof-bar-basic-medium-v37-volvo-fh4-globe-xl_prm_69256\/#breadcrumb\",\"itemListElement\":[{\"@type\":\"ListItem\",\"position\":1,\"name\":\"Home\",\"item\":\"https:\/\/com.rst-steel.eu\/\"},{\"@type\":\"ListItem\",\"position\":2,\"name\":\"RST-Steel Shop\",\"item\":\"https:\/\/com.rst-steel.eu\/shop\/\"},{\"@type\":\"ListItem\",\"position\":3,\"name\":\"Roof Bar Basic Medium V37 Volvo FH4- Globe XL\"}]},{\"@type\":\"WebSite\",\"@id\":\"https:\/\/com.rst-steel.eu\/#website\",\"url\":\"https:\/\/com.rst-steel.eu\/\",\"name\":\"RST-Steel.com\",\"description\":\"Finnish quality steel, for quality-conscious drivers\",\"publisher\":{\"@id\":\"https:\/\/com.rst-steel.eu\/#organization\"},\"alternateName\":\"Safe and stylish RST-Steel quality\",\"potentialAction\":[{\"@type\":\"SearchAction\",\"target\":{\"@type\":\"EntryPoint\",\"urlTemplate\":\"https:\/\/com.rst-steel.eu\/?s={search_term_string}\"},\"query-input\":{\"@type\":\"PropertyValueSpecification\",\"valueRequired\":true,\"valueName\":\"search_term_string\"}}],\"inLanguage\":\"sv-SE\"},{\"@type\":\"Organization\",\"@id\":\"https:\/\/com.rst-steel.eu\/#organization\",\"name\":\"RST-Steel Oy\",\"url\":\"https:\/\/com.rst-steel.eu\/\",\"logo\":{\"@type\":\"ImageObject\",\"inLanguage\":\"sv-SE\",\"@id\":\"https:\/\/com.rst-steel.eu\/#\/schema\/logo\/image\/\",\"url\":\"https:\/\/com.rst-steel.eu\/wp-content\/uploads\/2023\/04\/cropped-Rst-logo-valkoinen-teksti-3.png\",\"contentUrl\":\"https:\/\/com.rst-steel.eu\/wp-content\/uploads\/2023\/04\/cropped-Rst-logo-valkoinen-teksti-3.png\",\"width\":512,\"height\":115,\"caption\":\"RST-Steel Oy\"},\"image\":{\"@id\":\"https:\/\/com.rst-steel.eu\/#\/schema\/logo\/image\/\"},\"sameAs\":[\"https:\/\/www.facebook.com\/rststeel\",\"https:\/\/www.instagram.com\/rststeeloy\/\"]}]}<\/script>\n<!-- \/ Yoast SEO plugin. -->","yoast_head_json":{"title":"Roof Bar Basic Medium V37 Volvo FH4- Globe XL - RST-Steel","description":"Durable and stylish roof bar for Volvo FH4 XL. Enhances utility and vehicle appearance. Easy to install, ideal for professional and everyday use.","robots":{"index":"index","follow":"follow","max-snippet":"max-snippet:-1","max-image-preview":"max-image-preview:large","max-video-preview":"max-video-preview:-1"},"canonical":"https:\/\/com.rst-steel.eu\/sv\/produkt\/roof-bar-basic-medium-v37-volvo-fh4-globe-xl_prm_69256\/","og_locale":"sv_SE","og_type":"article","og_title":"Roof Bar Basic Medium V37 Volvo FH4- Globe XL - RST-Steel","og_description":"Durable and stylish roof bar for Volvo FH4 XL. Enhances utility and vehicle appearance. Easy to install, ideal for professional and everyday use.","og_url":"https:\/\/com.rst-steel.eu\/sv\/produkt\/roof-bar-basic-medium-v37-volvo-fh4-globe-xl_prm_69256\/","og_site_name":"RST-Steel","article_publisher":"https:\/\/www.facebook.com\/rststeel","article_modified_time":"2026-03-16T06:19:21+00:00","og_image":[{"width":2560,"height":1707,"url":"https:\/\/com.rst-steel.eu\/wp-content\/uploads\/2025\/05\/92dd3ba2cf6fb0de5e14dfd4682db4fde92a4552_VO2137_Tuotekuva-scaled.jpg","type":"image\/jpeg"}],"twitter_card":"summary_large_image","twitter_misc":{"Ber\u00e4knad l\u00e4stid":"2 minuter"},"schema":{"@context":"https:\/\/schema.org","@graph":[{"@type":"WebPage","@id":"https:\/\/com.rst-steel.eu\/nb\/produkt\/roof-bar-basic-medium-v37-volvo-fh4-globe-xl_prm_69256\/","url":"https:\/\/com.rst-steel.eu\/nb\/produkt\/roof-bar-basic-medium-v37-volvo-fh4-globe-xl_prm_69256\/","name":"Roof Bar Basic Medium V37 Volvo FH4- Globe XL - RST-Steel","isPartOf":{"@id":"https:\/\/com.rst-steel.eu\/#website"},"primaryImageOfPage":{"@id":"https:\/\/com.rst-steel.eu\/nb\/produkt\/roof-bar-basic-medium-v37-volvo-fh4-globe-xl_prm_69256\/#primaryimage"},"image":{"@id":"https:\/\/com.rst-steel.eu\/nb\/produkt\/roof-bar-basic-medium-v37-volvo-fh4-globe-xl_prm_69256\/#primaryimage"},"thumbnailUrl":"https:\/\/com.rst-steel.eu\/wp-content\/uploads\/2025\/05\/92dd3ba2cf6fb0de5e14dfd4682db4fde92a4552_VO2137_Tuotekuva-scaled.jpg","datePublished":"2025-05-14T08:03:34+00:00","dateModified":"2026-03-16T06:19:21+00:00","description":"Durable and stylish roof bar for Volvo FH4 XL. Enhances utility and vehicle appearance. Easy to install, ideal for professional and everyday use.","breadcrumb":{"@id":"https:\/\/com.rst-steel.eu\/nb\/produkt\/roof-bar-basic-medium-v37-volvo-fh4-globe-xl_prm_69256\/#breadcrumb"},"inLanguage":"sv-SE","potentialAction":[{"@type":"ReadAction","target":["https:\/\/com.rst-steel.eu\/nb\/produkt\/roof-bar-basic-medium-v37-volvo-fh4-globe-xl_prm_69256\/"]}]},{"@type":"ImageObject","inLanguage":"sv-SE","@id":"https:\/\/com.rst-steel.eu\/nb\/produkt\/roof-bar-basic-medium-v37-volvo-fh4-globe-xl_prm_69256\/#primaryimage","url":"https:\/\/com.rst-steel.eu\/wp-content\/uploads\/2025\/05\/92dd3ba2cf6fb0de5e14dfd4682db4fde92a4552_VO2137_Tuotekuva-scaled.jpg","contentUrl":"https:\/\/com.rst-steel.eu\/wp-content\/uploads\/2025\/05\/92dd3ba2cf6fb0de5e14dfd4682db4fde92a4552_VO2137_Tuotekuva-scaled.jpg","width":2560,"height":1707,"caption":"Roof Bar Volvo FH4, XL"},{"@type":"BreadcrumbList","@id":"https:\/\/com.rst-steel.eu\/nb\/produkt\/roof-bar-basic-medium-v37-volvo-fh4-globe-xl_prm_69256\/#breadcrumb","itemListElement":[{"@type":"ListItem","position":1,"name":"Home","item":"https:\/\/com.rst-steel.eu\/"},{"@type":"ListItem","position":2,"name":"RST-Steel Shop","item":"https:\/\/com.rst-steel.eu\/shop\/"},{"@type":"ListItem","position":3,"name":"Roof Bar Basic Medium V37 Volvo FH4- Globe XL"}]},{"@type":"WebSite","@id":"https:\/\/com.rst-steel.eu\/#website","url":"https:\/\/com.rst-steel.eu\/","name":"RST-Stahl.com","description":"Finskt kvalitetsst\u00e5l, f\u00f6r kvalitetsmedvetna f\u00f6rare","publisher":{"@id":"https:\/\/com.rst-steel.eu\/#organization"},"alternateName":"Safe and stylish RST-Steel quality","potentialAction":[{"@type":"SearchAction","target":{"@type":"EntryPoint","urlTemplate":"https:\/\/com.rst-steel.eu\/?s={search_term_string}"},"query-input":{"@type":"PropertyValueSpecification","valueRequired":true,"valueName":"search_term_string"}}],"inLanguage":"sv-SE"},{"@type":"Organization","@id":"https:\/\/com.rst-steel.eu\/#organization","name":"RST-Steel Oy","url":"https:\/\/com.rst-steel.eu\/","logo":{"@type":"ImageObject","inLanguage":"sv-SE","@id":"https:\/\/com.rst-steel.eu\/#\/schema\/logo\/image\/","url":"https:\/\/com.rst-steel.eu\/wp-content\/uploads\/2023\/04\/cropped-Rst-logo-valkoinen-teksti-3.png","contentUrl":"https:\/\/com.rst-steel.eu\/wp-content\/uploads\/2023\/04\/cropped-Rst-logo-valkoinen-teksti-3.png","width":512,"height":115,"caption":"RST-Steel Oy"},"image":{"@id":"https:\/\/com.rst-steel.eu\/#\/schema\/logo\/image\/"},"sameAs":["https:\/\/www.facebook.com\/rststeel","https:\/\/www.instagram.com\/rststeeloy\/"]}]}},"brands":[{"id":8334,"name":"RST-Steel","slug":"brand_rststeel"}],"_links":{"self":[{"href":"https:\/\/com.rst-steel.eu\/sv\/wp-json\/wp\/v2\/product\/51727","targetHints":{"allow":["GET"]}}],"collection":[{"href":"https:\/\/com.rst-steel.eu\/sv\/wp-json\/wp\/v2\/product"}],"about":[{"href":"https:\/\/com.rst-steel.eu\/sv\/wp-json\/wp\/v2\/types\/product"}],"replies":[{"embeddable":true,"href":"https:\/\/com.rst-steel.eu\/sv\/wp-json\/wp\/v2\/comments?post=51727"}],"version-history":[{"count":0,"href":"https:\/\/com.rst-steel.eu\/sv\/wp-json\/wp\/v2\/product\/51727\/revisions"}],"wp:featuredmedia":[{"embeddable":true,"href":"https:\/\/com.rst-steel.eu\/sv\/wp-json\/wp\/v2\/media\/51723"}],"wp:attachment":[{"href":"https:\/\/com.rst-steel.eu\/sv\/wp-json\/wp\/v2\/media?parent=51727"}],"wp:term":[{"taxonomy":"make_fuel_type","embeddable":true,"href":"https:\/\/com.rst-steel.eu\/sv\/wp-json\/wp\/v2\/make_fuel_type?post=51727"},{"taxonomy":"make_model","embeddable":true,"href":"https:\/\/com.rst-steel.eu\/sv\/wp-json\/wp\/v2\/make_model?post=51727"},{"taxonomy":"make_brand","embeddable":true,"href":"https:\/\/com.rst-steel.eu\/sv\/wp-json\/wp\/v2\/make_brand?post=51727"},{"taxonomy":"make_year","embeddable":true,"href":"https:\/\/com.rst-steel.eu\/sv\/wp-json\/wp\/v2\/make_year?post=51727"},{"taxonomy":"pwb-brand","embeddable":true,"href":"https:\/\/com.rst-steel.eu\/sv\/wp-json\/wp\/v2\/pwb-brand?post=51727"},{"taxonomy":"product_brand","embeddable":true,"href":"https:\/\/com.rst-steel.eu\/sv\/wp-json\/wp\/v2\/product_brand?post=51727"},{"taxonomy":"product_cat","embeddable":true,"href":"https:\/\/com.rst-steel.eu\/sv\/wp-json\/wp\/v2\/product_cat?post=51727"},{"taxonomy":"product_tag","embeddable":true,"href":"https:\/\/com.rst-steel.eu\/sv\/wp-json\/wp\/v2\/product_tag?post=51727"}],"curies":[{"name":"wp","href":"https:\/\/api.w.org\/{rel}","templated":true}]}}