{"id":51294,"date":"2025-03-28T16:09:25","date_gmt":"2025-03-28T13:09:25","guid":{"rendered":"https:\/\/rst-steel.com\/product\/lisavaloteline-katolle-mb-actros-arocs-classicspace-23m_prm_9994\/"},"modified":"2026-03-16T09:19:36","modified_gmt":"2026-03-16T06:19:36","slug":"lisavaloteline-katolle-mb-actros-arocs-classicspace-23m_prm_9994","status":"publish","type":"product","link":"https:\/\/com.rst-steel.eu\/sv\/produkt\/lisavaloteline-katolle-mb-actros-arocs-classicspace-23m_prm_9994\/","title":{"rendered":"Takb\u00e5ge Mercedes-Benz Actros 2,3m (ClassicSpace)"},"content":{"rendered":"<p>Takb\u00e5ge Mercedes-Benz Actros 2,3m (ClassicSpace)<\/p>\n<ul>\n<li><\/li>\n<\/ul>\n<p>Passar \u00e4ven till Arocs 2,3m (ClassicSpace) modeller!<\/p>\n<ul>\n<li><\/li>\n<\/ul>\n<p>RST-Steels takr\u00e4cken \u00e4r h\u00f6gkvalitativa produkter tillverkade av rostfritt st\u00e5l.<\/p>\n<p>Ger bilen ett snyggt och elegant utseende som drar blickarna till sig och kan v\u00e4cka \"j\u00e4rnfeber\", vilket g\u00f6r att du och ditt f\u00f6retag sticker ut.<\/p>\n<p>Takb\u00e5garna kan utrustas med extraljus och positionsljus, vilket f\u00f6rb\u00e4ttrar din sikt i trafiken och samtidigt \u00f6kar s\u00e4kerheten f\u00f6r dig sj\u00e4lv och andra trafikanter.<\/p>\n<ul>\n<li><\/li>\n<\/ul>\n<p>St\u00e5ngen kan utrustas med: 2st Lazer Triple-R 1000 eller 4st 9'' Lazer Sentinel<\/p>\n<ul>\n<li><\/li>\n<\/ul>\n<p><span style=\"font-weight: bold;\">Teknisk information:<\/span><\/p>\n<ul>\n<li>F\u00e4rg: Polerat rostfritt st\u00e5l eller pulverlackerat med RAL-f\u00e4rgkod<\/li>\n<li>R\u00f6rdiameter: 76 mm<\/li>\n<li>Skena f\u00f6r arbetsljus<\/li>\n<li><\/li>\n<\/ul>\n<p><span style=\"font-weight: bold;\">Leveransinneh\u00e5ll:<\/span><\/p>\n<ul>\n<li>Takr\u00e4cke Mercedes-Benz<\/li>\n<li>Monteringsf\u00e4sten som beh\u00f6vs f\u00f6r installation<\/li>\n<li>Instruktioner f\u00f6r installation<\/li>\n<\/ul>","protected":false},"excerpt":{"rendered":"<p>Flera modellalternativ tillg\u00e4ngliga!<\/p>","protected":false},"featured_media":51293,"comment_status":"open","ping_status":"closed","template":"","meta":{"_improvement_type_select":"improve_an_existing","_thumb_yes_seoaic":false,"_frame_yes_seoaic":false,"seoaic_generate_description":"","seoaic_improve_instructions_prompt":"","seoaic_rollback_content_improvement":"","seoaic_idea_thumbnail_generator":"","thumbnail_generated":false,"thumbnail_generate_prompt":"","seoaic_article_description":""},"make_fuel_type":[],"make_model":[5649,6474],"make_brand":[6469],"make_year":[3748],"pwb-brand":[8334],"product_brand":[],"product_cat":[6057,6058,7167],"product_tag":[6611,6610,7549],"class_list":{"0":"post-51294","1":"product","2":"type-product","3":"status-publish","4":"has-post-thumbnail","6":"make_engine-classicspace-2-3m","7":"make_model-actros-mp4-mp5","8":"make_model-arocs","9":"make_brand-mercedes-benz","10":"make_year-trucks","11":"pwb-brand-brand_rststeel","12":"product_cat-lightbars","13":"product_cat-roofbars-for-trucks","14":"product_cat-mb-ka-lt","15":"product_tag-mercedes","16":"product_tag-mercedes-benz","17":"product_tag-takbage","18":"product_shipping_class-lightbars","20":"first","21":"instock","22":"taxable","23":"shipping-taxable","24":"purchasable","25":"product-type-variable"},"yoast_head":"<!-- This site is optimized with the Yoast SEO plugin v25.7 - https:\/\/yoast.com\/wordpress\/plugins\/seo\/ -->\n<title>Roof Bar Mercedes-Benz Actros 2,3m (ClassicSpace) - RST-Steel<\/title>\n<meta name=\"description\" content=\"Roof Bar Mercedes-Benz Actros 2,3m, suitable for ClassicSpace cab. Several model options available. Check the products in our online store!\" \/>\n<meta name=\"robots\" content=\"index, follow, max-snippet:-1, max-image-preview:large, max-video-preview:-1\" \/>\n<link rel=\"canonical\" href=\"https:\/\/com.rst-steel.eu\/sv\/produkt\/lisavaloteline-katolle-mb-actros-arocs-classicspace-23m_prm_9994\/\" \/>\n<meta property=\"og:locale\" content=\"sv_SE\" \/>\n<meta property=\"og:type\" content=\"article\" \/>\n<meta property=\"og:title\" content=\"Roof Bar Mercedes-Benz Actros 2,3m (ClassicSpace) - RST-Steel\" \/>\n<meta property=\"og:description\" content=\"Roof Bar Mercedes-Benz Actros 2,3m, suitable for ClassicSpace cab. Several model options available. Check the products in our online store!\" \/>\n<meta property=\"og:url\" content=\"https:\/\/com.rst-steel.eu\/sv\/produkt\/lisavaloteline-katolle-mb-actros-arocs-classicspace-23m_prm_9994\/\" \/>\n<meta property=\"og:site_name\" content=\"RST-Steel\" \/>\n<meta property=\"article:publisher\" content=\"https:\/\/www.facebook.com\/rststeel\" \/>\n<meta property=\"article:modified_time\" content=\"2026-03-16T06:19:36+00:00\" \/>\n<meta property=\"og:image\" content=\"https:\/\/com.rst-steel.eu\/wp-content\/uploads\/2025\/03\/5bb67b635ba5bc7b0a7dfc756bf258adec26de24_sk_1.jpg\" \/>\n\t<meta property=\"og:image:width\" content=\"960\" \/>\n\t<meta property=\"og:image:height\" content=\"1280\" \/>\n\t<meta property=\"og:image:type\" content=\"image\/jpeg\" \/>\n<meta name=\"twitter:card\" content=\"summary_large_image\" \/>\n<meta name=\"twitter:label1\" content=\"Ber\u00e4knad l\u00e4stid\" \/>\n\t<meta name=\"twitter:data1\" content=\"1 minut\" \/>\n<script type=\"application\/ld+json\" class=\"yoast-schema-graph\">{\"@context\":\"https:\/\/schema.org\",\"@graph\":[{\"@type\":\"WebPage\",\"@id\":\"https:\/\/com.rst-steel.eu\/nb\/produkt\/lisavaloteline-katolle-mb-actros-arocs-classicspace-23m_prm_9994\/\",\"url\":\"https:\/\/com.rst-steel.eu\/nb\/produkt\/lisavaloteline-katolle-mb-actros-arocs-classicspace-23m_prm_9994\/\",\"name\":\"Roof Bar Mercedes-Benz Actros 2,3m (ClassicSpace) - RST-Steel\",\"isPartOf\":{\"@id\":\"https:\/\/com.rst-steel.eu\/#website\"},\"primaryImageOfPage\":{\"@id\":\"https:\/\/com.rst-steel.eu\/nb\/produkt\/lisavaloteline-katolle-mb-actros-arocs-classicspace-23m_prm_9994\/#primaryimage\"},\"image\":{\"@id\":\"https:\/\/com.rst-steel.eu\/nb\/produkt\/lisavaloteline-katolle-mb-actros-arocs-classicspace-23m_prm_9994\/#primaryimage\"},\"thumbnailUrl\":\"https:\/\/com.rst-steel.eu\/wp-content\/uploads\/2025\/03\/5bb67b635ba5bc7b0a7dfc756bf258adec26de24_sk_1.jpg\",\"datePublished\":\"2025-03-28T13:09:25+00:00\",\"dateModified\":\"2026-03-16T06:19:36+00:00\",\"description\":\"Roof Bar Mercedes-Benz Actros 2,3m, suitable for ClassicSpace cab. Several model options available. Check the products in our online store!\",\"breadcrumb\":{\"@id\":\"https:\/\/com.rst-steel.eu\/nb\/produkt\/lisavaloteline-katolle-mb-actros-arocs-classicspace-23m_prm_9994\/#breadcrumb\"},\"inLanguage\":\"sv-SE\",\"potentialAction\":[{\"@type\":\"ReadAction\",\"target\":[\"https:\/\/com.rst-steel.eu\/nb\/produkt\/lisavaloteline-katolle-mb-actros-arocs-classicspace-23m_prm_9994\/\"]}]},{\"@type\":\"ImageObject\",\"inLanguage\":\"sv-SE\",\"@id\":\"https:\/\/com.rst-steel.eu\/nb\/produkt\/lisavaloteline-katolle-mb-actros-arocs-classicspace-23m_prm_9994\/#primaryimage\",\"url\":\"https:\/\/com.rst-steel.eu\/wp-content\/uploads\/2025\/03\/5bb67b635ba5bc7b0a7dfc756bf258adec26de24_sk_1.jpg\",\"contentUrl\":\"https:\/\/com.rst-steel.eu\/wp-content\/uploads\/2025\/03\/5bb67b635ba5bc7b0a7dfc756bf258adec26de24_sk_1.jpg\",\"width\":960,\"height\":1280,\"caption\":\"Roof Bar Mercedes-Benz Actros 2,3m (ClassicSpace)\"},{\"@type\":\"BreadcrumbList\",\"@id\":\"https:\/\/com.rst-steel.eu\/nb\/produkt\/lisavaloteline-katolle-mb-actros-arocs-classicspace-23m_prm_9994\/#breadcrumb\",\"itemListElement\":[{\"@type\":\"ListItem\",\"position\":1,\"name\":\"Home\",\"item\":\"https:\/\/com.rst-steel.eu\/\"},{\"@type\":\"ListItem\",\"position\":2,\"name\":\"RST-Steel Shop\",\"item\":\"https:\/\/com.rst-steel.eu\/shop\/\"},{\"@type\":\"ListItem\",\"position\":3,\"name\":\"Roof Bar Mercedes-Benz Actros 2,3m (ClassicSpace)\"}]},{\"@type\":\"WebSite\",\"@id\":\"https:\/\/com.rst-steel.eu\/#website\",\"url\":\"https:\/\/com.rst-steel.eu\/\",\"name\":\"RST-Steel.com\",\"description\":\"Finnish quality steel, for quality-conscious drivers\",\"publisher\":{\"@id\":\"https:\/\/com.rst-steel.eu\/#organization\"},\"alternateName\":\"Safe and stylish RST-Steel quality\",\"potentialAction\":[{\"@type\":\"SearchAction\",\"target\":{\"@type\":\"EntryPoint\",\"urlTemplate\":\"https:\/\/com.rst-steel.eu\/?s={search_term_string}\"},\"query-input\":{\"@type\":\"PropertyValueSpecification\",\"valueRequired\":true,\"valueName\":\"search_term_string\"}}],\"inLanguage\":\"sv-SE\"},{\"@type\":\"Organization\",\"@id\":\"https:\/\/com.rst-steel.eu\/#organization\",\"name\":\"RST-Steel Oy\",\"url\":\"https:\/\/com.rst-steel.eu\/\",\"logo\":{\"@type\":\"ImageObject\",\"inLanguage\":\"sv-SE\",\"@id\":\"https:\/\/com.rst-steel.eu\/#\/schema\/logo\/image\/\",\"url\":\"https:\/\/com.rst-steel.eu\/wp-content\/uploads\/2023\/04\/cropped-Rst-logo-valkoinen-teksti-3.png\",\"contentUrl\":\"https:\/\/com.rst-steel.eu\/wp-content\/uploads\/2023\/04\/cropped-Rst-logo-valkoinen-teksti-3.png\",\"width\":512,\"height\":115,\"caption\":\"RST-Steel Oy\"},\"image\":{\"@id\":\"https:\/\/com.rst-steel.eu\/#\/schema\/logo\/image\/\"},\"sameAs\":[\"https:\/\/www.facebook.com\/rststeel\",\"https:\/\/www.instagram.com\/rststeeloy\/\"]}]}<\/script>\n<!-- \/ Yoast SEO plugin. -->","yoast_head_json":{"title":"Takr\u00e4cke Mercedes-Benz Actros 2,3m (ClassicSpace) - RST-Steel","description":"Takb\u00e5ge Mercedes-Benz Actros 2,3m, l\u00e4mplig f\u00f6r ClassicSpace-hytt. Flera modellalternativ tillg\u00e4ngliga. Kolla in produkterna i v\u00e5r webbutik!","robots":{"index":"index","follow":"follow","max-snippet":"max-snippet:-1","max-image-preview":"max-image-preview:large","max-video-preview":"max-video-preview:-1"},"canonical":"https:\/\/com.rst-steel.eu\/sv\/produkt\/lisavaloteline-katolle-mb-actros-arocs-classicspace-23m_prm_9994\/","og_locale":"sv_SE","og_type":"article","og_title":"Roof Bar Mercedes-Benz Actros 2,3m (ClassicSpace) - RST-Steel","og_description":"Roof Bar Mercedes-Benz Actros 2,3m, suitable for ClassicSpace cab. Several model options available. Check the products in our online store!","og_url":"https:\/\/com.rst-steel.eu\/sv\/produkt\/lisavaloteline-katolle-mb-actros-arocs-classicspace-23m_prm_9994\/","og_site_name":"RST-Steel","article_publisher":"https:\/\/www.facebook.com\/rststeel","article_modified_time":"2026-03-16T06:19:36+00:00","og_image":[{"width":960,"height":1280,"url":"https:\/\/com.rst-steel.eu\/wp-content\/uploads\/2025\/03\/5bb67b635ba5bc7b0a7dfc756bf258adec26de24_sk_1.jpg","type":"image\/jpeg"}],"twitter_card":"summary_large_image","twitter_misc":{"Ber\u00e4knad l\u00e4stid":"1 minut"},"schema":{"@context":"https:\/\/schema.org","@graph":[{"@type":"WebPage","@id":"https:\/\/com.rst-steel.eu\/nb\/produkt\/lisavaloteline-katolle-mb-actros-arocs-classicspace-23m_prm_9994\/","url":"https:\/\/com.rst-steel.eu\/nb\/produkt\/lisavaloteline-katolle-mb-actros-arocs-classicspace-23m_prm_9994\/","name":"Takr\u00e4cke Mercedes-Benz Actros 2,3m (ClassicSpace) - RST-Steel","isPartOf":{"@id":"https:\/\/com.rst-steel.eu\/#website"},"primaryImageOfPage":{"@id":"https:\/\/com.rst-steel.eu\/nb\/produkt\/lisavaloteline-katolle-mb-actros-arocs-classicspace-23m_prm_9994\/#primaryimage"},"image":{"@id":"https:\/\/com.rst-steel.eu\/nb\/produkt\/lisavaloteline-katolle-mb-actros-arocs-classicspace-23m_prm_9994\/#primaryimage"},"thumbnailUrl":"https:\/\/com.rst-steel.eu\/wp-content\/uploads\/2025\/03\/5bb67b635ba5bc7b0a7dfc756bf258adec26de24_sk_1.jpg","datePublished":"2025-03-28T13:09:25+00:00","dateModified":"2026-03-16T06:19:36+00:00","description":"Takb\u00e5ge Mercedes-Benz Actros 2,3m, l\u00e4mplig f\u00f6r ClassicSpace-hytt. Flera modellalternativ tillg\u00e4ngliga. Kolla in produkterna i v\u00e5r webbutik!","breadcrumb":{"@id":"https:\/\/com.rst-steel.eu\/nb\/produkt\/lisavaloteline-katolle-mb-actros-arocs-classicspace-23m_prm_9994\/#breadcrumb"},"inLanguage":"sv-SE","potentialAction":[{"@type":"ReadAction","target":["https:\/\/com.rst-steel.eu\/nb\/produkt\/lisavaloteline-katolle-mb-actros-arocs-classicspace-23m_prm_9994\/"]}]},{"@type":"ImageObject","inLanguage":"sv-SE","@id":"https:\/\/com.rst-steel.eu\/nb\/produkt\/lisavaloteline-katolle-mb-actros-arocs-classicspace-23m_prm_9994\/#primaryimage","url":"https:\/\/com.rst-steel.eu\/wp-content\/uploads\/2025\/03\/5bb67b635ba5bc7b0a7dfc756bf258adec26de24_sk_1.jpg","contentUrl":"https:\/\/com.rst-steel.eu\/wp-content\/uploads\/2025\/03\/5bb67b635ba5bc7b0a7dfc756bf258adec26de24_sk_1.jpg","width":960,"height":1280,"caption":"Roof Bar Mercedes-Benz Actros 2,3m (ClassicSpace)"},{"@type":"BreadcrumbList","@id":"https:\/\/com.rst-steel.eu\/nb\/produkt\/lisavaloteline-katolle-mb-actros-arocs-classicspace-23m_prm_9994\/#breadcrumb","itemListElement":[{"@type":"ListItem","position":1,"name":"Home","item":"https:\/\/com.rst-steel.eu\/"},{"@type":"ListItem","position":2,"name":"RST-Steel Shop","item":"https:\/\/com.rst-steel.eu\/shop\/"},{"@type":"ListItem","position":3,"name":"Roof Bar Mercedes-Benz Actros 2,3m (ClassicSpace)"}]},{"@type":"WebSite","@id":"https:\/\/com.rst-steel.eu\/#website","url":"https:\/\/com.rst-steel.eu\/","name":"RST-Stahl.com","description":"Finskt kvalitetsst\u00e5l, f\u00f6r kvalitetsmedvetna f\u00f6rare","publisher":{"@id":"https:\/\/com.rst-steel.eu\/#organization"},"alternateName":"Safe and stylish RST-Steel quality","potentialAction":[{"@type":"SearchAction","target":{"@type":"EntryPoint","urlTemplate":"https:\/\/com.rst-steel.eu\/?s={search_term_string}"},"query-input":{"@type":"PropertyValueSpecification","valueRequired":true,"valueName":"search_term_string"}}],"inLanguage":"sv-SE"},{"@type":"Organization","@id":"https:\/\/com.rst-steel.eu\/#organization","name":"RST-Steel Oy","url":"https:\/\/com.rst-steel.eu\/","logo":{"@type":"ImageObject","inLanguage":"sv-SE","@id":"https:\/\/com.rst-steel.eu\/#\/schema\/logo\/image\/","url":"https:\/\/com.rst-steel.eu\/wp-content\/uploads\/2023\/04\/cropped-Rst-logo-valkoinen-teksti-3.png","contentUrl":"https:\/\/com.rst-steel.eu\/wp-content\/uploads\/2023\/04\/cropped-Rst-logo-valkoinen-teksti-3.png","width":512,"height":115,"caption":"RST-Steel Oy"},"image":{"@id":"https:\/\/com.rst-steel.eu\/#\/schema\/logo\/image\/"},"sameAs":["https:\/\/www.facebook.com\/rststeel","https:\/\/www.instagram.com\/rststeeloy\/"]}]}},"brands":[{"id":8334,"name":"RST-Steel","slug":"brand_rststeel"}],"_links":{"self":[{"href":"https:\/\/com.rst-steel.eu\/sv\/wp-json\/wp\/v2\/product\/51294","targetHints":{"allow":["GET"]}}],"collection":[{"href":"https:\/\/com.rst-steel.eu\/sv\/wp-json\/wp\/v2\/product"}],"about":[{"href":"https:\/\/com.rst-steel.eu\/sv\/wp-json\/wp\/v2\/types\/product"}],"replies":[{"embeddable":true,"href":"https:\/\/com.rst-steel.eu\/sv\/wp-json\/wp\/v2\/comments?post=51294"}],"version-history":[{"count":0,"href":"https:\/\/com.rst-steel.eu\/sv\/wp-json\/wp\/v2\/product\/51294\/revisions"}],"wp:featuredmedia":[{"embeddable":true,"href":"https:\/\/com.rst-steel.eu\/sv\/wp-json\/wp\/v2\/media\/51293"}],"wp:attachment":[{"href":"https:\/\/com.rst-steel.eu\/sv\/wp-json\/wp\/v2\/media?parent=51294"}],"wp:term":[{"taxonomy":"make_fuel_type","embeddable":true,"href":"https:\/\/com.rst-steel.eu\/sv\/wp-json\/wp\/v2\/make_fuel_type?post=51294"},{"taxonomy":"make_model","embeddable":true,"href":"https:\/\/com.rst-steel.eu\/sv\/wp-json\/wp\/v2\/make_model?post=51294"},{"taxonomy":"make_brand","embeddable":true,"href":"https:\/\/com.rst-steel.eu\/sv\/wp-json\/wp\/v2\/make_brand?post=51294"},{"taxonomy":"make_year","embeddable":true,"href":"https:\/\/com.rst-steel.eu\/sv\/wp-json\/wp\/v2\/make_year?post=51294"},{"taxonomy":"pwb-brand","embeddable":true,"href":"https:\/\/com.rst-steel.eu\/sv\/wp-json\/wp\/v2\/pwb-brand?post=51294"},{"taxonomy":"product_brand","embeddable":true,"href":"https:\/\/com.rst-steel.eu\/sv\/wp-json\/wp\/v2\/product_brand?post=51294"},{"taxonomy":"product_cat","embeddable":true,"href":"https:\/\/com.rst-steel.eu\/sv\/wp-json\/wp\/v2\/product_cat?post=51294"},{"taxonomy":"product_tag","embeddable":true,"href":"https:\/\/com.rst-steel.eu\/sv\/wp-json\/wp\/v2\/product_tag?post=51294"}],"curies":[{"name":"wp","href":"https:\/\/api.w.org\/{rel}","templated":true}]}}