{"id":51178,"date":"2025-03-27T11:45:42","date_gmt":"2025-03-27T08:45:42","guid":{"rendered":"https:\/\/rst-steel.com\/product\/side-bars-mb-sprinter-2006-a3-a4_prm_76473\/"},"modified":"2026-03-16T09:19:39","modified_gmt":"2026-03-16T06:19:39","slug":"suorat-kylkiputket-mb-sprinter-2006-a3-a4_prm_76473","status":"publish","type":"product","link":"https:\/\/com.rst-steel.eu\/sv\/produkt\/suorat-kylkiputket-mb-sprinter-2006-a3-a4_prm_76473\/","title":{"rendered":"Sidor\u00f6r MB sprinter 2006- (A3\/A4)"},"content":{"rendered":"<p><span style=\"font-weight: bold\">Sidor\u00f6r MB sprinter 2006- (A3\/A4)<\/span><\/p>\n<ul>\n<li><\/li>\n<\/ul>\n<p><\/p>\n<p>L\u00e4mplig f\u00f6r bilar med l\u00e5ng hjulbas (A3 \/ A4, 4325 mm).<\/p>\n<ul>\n<li><\/li>\n<\/ul>\n<p><\/p>\n<p>RST-Steel:s sidobalkar \u00e4r h\u00f6gkvalitativa produkter, tillverkade i Finland av rostfritt st\u00e5l.<\/p>\n<p>De skyddande sidostolparna \u00e4r det perfekta valet f\u00f6r den som vill framh\u00e4va konturerna p\u00e5 sitt fordon. \u00c4ven om de inte \u00e4r utformade f\u00f6r att anv\u00e4ndas som fotsteg skyddar de tr\u00f6skeln effektivt mot mekaniska skador.<\/p>\n<p>Dessa sidost\u00e4nger \u00e4r tillverkade av rostfritt st\u00e5l och har en diameter p\u00e5 76 mm, kombinerat med en handbearbetad design, vilket garanterar h\u00e5llbarhet i flera \u00e5r snarare \u00e4n bara en enda s\u00e4song.<\/p>\n<p>I produkten ing\u00e5r en monteringssats i rostfritt st\u00e5l som \u00e4r s\u00e4rskilt anpassad f\u00f6r din bil, tillsammans med enkla installationsanvisningar.<\/p>\n<ul>\n<li><\/li>\n<\/ul>\n<p>&nbsp;<\/p>\n<p><span style=\"font-weight: bold\">Varf\u00f6r v\u00e4lja RST-Steel?<\/span><\/p>\n<ul>\n<li>Tillf\u00f6rlitlighet: M\u00e5nga \u00e5rs erfarenhet och expertis s\u00e4kerst\u00e4ller v\u00e5ra produkters h\u00f6ga kvalitet och h\u00e5llbarhet.<\/li>\n<li>Kundtillfredsst\u00e4llelse: Tusentals n\u00f6jda kunder \u00f6ver hela v\u00e4rlden litar p\u00e5 RST-Steel-produkter.<\/li>\n<li><\/li>\n<\/ul>\n<p><span style=\"font-weight: bold\"><br \/><\/span><\/p>\n<p><span style=\"font-weight: bold\">Teknisk information:<\/span><\/p>\n<ul>\n<li>F\u00e4rg: Spegelpolerat rostfritt st\u00e5l eller pulverlackerat med RAL-f\u00e4rger<\/li>\n<li>St\u00e5ngens diameter: 76 mm<\/li>\n<li><\/li>\n<\/ul>\n<p>&nbsp;<\/p>\n<p><span style=\"font-weight: bold\">Leveransinneh\u00e5ll:<\/span><\/p>\n<ul>\n<li>Sidost\u00e4nger<\/li>\n<li>Monteringsf\u00e4sten som beh\u00f6vs f\u00f6r installation<\/li>\n<li>Instruktioner f\u00f6r installation<\/li>\n<\/ul>","protected":false},"excerpt":{"rendered":"<p><span style=\"font-weight: bold\">L\u00e4mplig f\u00f6r bilar med l\u00e5ng hjulbas (A3 \/ A4, 4325 mm).<\/span><\/p>","protected":false},"featured_media":51174,"comment_status":"open","ping_status":"closed","template":"","meta":{"_improvement_type_select":"improve_an_existing","_thumb_yes_seoaic":false,"_frame_yes_seoaic":false,"seoaic_generate_description":"","seoaic_improve_instructions_prompt":"","seoaic_rollback_content_improvement":"","seoaic_idea_thumbnail_generator":"","thumbnail_generated":false,"thumbnail_generate_prompt":"","seoaic_article_description":""},"make_fuel_type":[],"make_model":[6377,6376,6381,6624],"make_brand":[6374,6622],"make_year":[6373],"pwb-brand":[8334],"product_brand":[],"product_cat":[6076,6077],"product_tag":[8486],"class_list":{"0":"post-51178","1":"product","2":"type-product","3":"status-publish","4":"has-post-thumbnail","6":"make_engine-crafter-2017-l3h2","7":"make_engine-crafter-2017-l3h3","8":"make_engine-crafter-2017-l4h3","9":"make_engine-crafter-2017-l4h4","10":"make_engine-sprinter-l3h2","11":"make_engine-sprinter-l3h3","12":"make_engine-sprinter-l4h2","13":"make_engine-sprinter-l4h3","14":"make_model-w906-facelift-sprinter","15":"make_model-w906-sprinter","16":"make_model-w907-w910-sprinter","17":"make_model-crafter-2017","18":"make_brand-mb-van","19":"make_brand-volkswagen-van","20":"make_year-van","21":"pwb-brand-brand_rststeel","22":"product_cat-side-bars-and-side-steps","23":"product_cat-side-bars-for-vans","24":"product_tag-sprinter","25":"product_shipping_class-lightbars","27":"first","28":"instock","29":"taxable","30":"shipping-taxable","31":"purchasable","32":"product-type-variable"},"yoast_head":"<!-- This site is optimized with the Yoast SEO plugin v25.7 - https:\/\/yoast.com\/wordpress\/plugins\/seo\/ -->\n<title>Side Bars MB sprinter 2006- (A3\/A4) - RST-Steel<\/title>\n<meta name=\"description\" content=\"Premium Side Bars for Mercedes-Benz Sprinter with a long wheelbase (A3 \/ A4, 4325mm). Explore the available product options and get yours today!\" \/>\n<meta name=\"robots\" content=\"index, follow, max-snippet:-1, max-image-preview:large, max-video-preview:-1\" \/>\n<link rel=\"canonical\" href=\"https:\/\/com.rst-steel.eu\/sv\/produkt\/suorat-kylkiputket-mb-sprinter-2006-a3-a4_prm_76473\/\" \/>\n<meta property=\"og:locale\" content=\"sv_SE\" \/>\n<meta property=\"og:type\" content=\"article\" \/>\n<meta property=\"og:title\" content=\"Side Bars MB sprinter 2006- (A3\/A4) - RST-Steel\" \/>\n<meta property=\"og:description\" content=\"Premium Side Bars for Mercedes-Benz Sprinter with a long wheelbase (A3 \/ A4, 4325mm). Explore the available product options and get yours today!\" \/>\n<meta property=\"og:url\" content=\"https:\/\/com.rst-steel.eu\/sv\/produkt\/suorat-kylkiputket-mb-sprinter-2006-a3-a4_prm_76473\/\" \/>\n<meta property=\"og:site_name\" content=\"RST-Steel\" \/>\n<meta property=\"article:publisher\" content=\"https:\/\/www.facebook.com\/rststeel\" \/>\n<meta property=\"article:modified_time\" content=\"2026-03-16T06:19:39+00:00\" \/>\n<meta property=\"og:image\" content=\"https:\/\/com.rst-steel.eu\/wp-content\/uploads\/2025\/03\/56a9476d659dd841936204d34383a4154bbd2419_SPR002CM_web.jpeg\" \/>\n\t<meta property=\"og:image:width\" content=\"1536\" \/>\n\t<meta property=\"og:image:height\" content=\"2048\" \/>\n\t<meta property=\"og:image:type\" content=\"image\/jpeg\" \/>\n<meta name=\"twitter:card\" content=\"summary_large_image\" \/>\n<meta name=\"twitter:label1\" content=\"Ber\u00e4knad l\u00e4stid\" \/>\n\t<meta name=\"twitter:data1\" content=\"1 minut\" \/>\n<script type=\"application\/ld+json\" class=\"yoast-schema-graph\">{\"@context\":\"https:\/\/schema.org\",\"@graph\":[{\"@type\":\"WebPage\",\"@id\":\"https:\/\/com.rst-steel.eu\/sv\/produkt\/suorat-kylkiputket-mb-sprinter-2006-a3-a4_prm_76473\/\",\"url\":\"https:\/\/com.rst-steel.eu\/sv\/produkt\/suorat-kylkiputket-mb-sprinter-2006-a3-a4_prm_76473\/\",\"name\":\"Side Bars MB sprinter 2006- (A3\/A4) - RST-Steel\",\"isPartOf\":{\"@id\":\"https:\/\/com.rst-steel.eu\/#website\"},\"primaryImageOfPage\":{\"@id\":\"https:\/\/com.rst-steel.eu\/sv\/produkt\/suorat-kylkiputket-mb-sprinter-2006-a3-a4_prm_76473\/#primaryimage\"},\"image\":{\"@id\":\"https:\/\/com.rst-steel.eu\/sv\/produkt\/suorat-kylkiputket-mb-sprinter-2006-a3-a4_prm_76473\/#primaryimage\"},\"thumbnailUrl\":\"https:\/\/com.rst-steel.eu\/wp-content\/uploads\/2025\/03\/56a9476d659dd841936204d34383a4154bbd2419_SPR002CM_web.jpeg\",\"datePublished\":\"2025-03-27T08:45:42+00:00\",\"dateModified\":\"2026-03-16T06:19:39+00:00\",\"description\":\"Premium Side Bars for Mercedes-Benz Sprinter with a long wheelbase (A3 \/ A4, 4325mm). Explore the available product options and get yours today!\",\"breadcrumb\":{\"@id\":\"https:\/\/com.rst-steel.eu\/sv\/produkt\/suorat-kylkiputket-mb-sprinter-2006-a3-a4_prm_76473\/#breadcrumb\"},\"inLanguage\":\"sv-SE\",\"potentialAction\":[{\"@type\":\"ReadAction\",\"target\":[\"https:\/\/com.rst-steel.eu\/sv\/produkt\/suorat-kylkiputket-mb-sprinter-2006-a3-a4_prm_76473\/\"]}]},{\"@type\":\"ImageObject\",\"inLanguage\":\"sv-SE\",\"@id\":\"https:\/\/com.rst-steel.eu\/sv\/produkt\/suorat-kylkiputket-mb-sprinter-2006-a3-a4_prm_76473\/#primaryimage\",\"url\":\"https:\/\/com.rst-steel.eu\/wp-content\/uploads\/2025\/03\/56a9476d659dd841936204d34383a4154bbd2419_SPR002CM_web.jpeg\",\"contentUrl\":\"https:\/\/com.rst-steel.eu\/wp-content\/uploads\/2025\/03\/56a9476d659dd841936204d34383a4154bbd2419_SPR002CM_web.jpeg\",\"width\":1536,\"height\":2048,\"caption\":\"Side Bars MB sprinter 2006- (A3\/A4)\"},{\"@type\":\"BreadcrumbList\",\"@id\":\"https:\/\/com.rst-steel.eu\/sv\/produkt\/suorat-kylkiputket-mb-sprinter-2006-a3-a4_prm_76473\/#breadcrumb\",\"itemListElement\":[{\"@type\":\"ListItem\",\"position\":1,\"name\":\"Home\",\"item\":\"https:\/\/com.rst-steel.eu\/\"},{\"@type\":\"ListItem\",\"position\":2,\"name\":\"RST-Steel Shop\",\"item\":\"https:\/\/com.rst-steel.eu\/shop\/\"},{\"@type\":\"ListItem\",\"position\":3,\"name\":\"Side Bars MB sprinter 2006- (A3\/A4)\"}]},{\"@type\":\"WebSite\",\"@id\":\"https:\/\/com.rst-steel.eu\/#website\",\"url\":\"https:\/\/com.rst-steel.eu\/\",\"name\":\"RST-Steel.com\",\"description\":\"Finnish quality steel, for quality-conscious drivers\",\"publisher\":{\"@id\":\"https:\/\/com.rst-steel.eu\/#organization\"},\"alternateName\":\"Safe and stylish RST-Steel quality\",\"potentialAction\":[{\"@type\":\"SearchAction\",\"target\":{\"@type\":\"EntryPoint\",\"urlTemplate\":\"https:\/\/com.rst-steel.eu\/?s={search_term_string}\"},\"query-input\":{\"@type\":\"PropertyValueSpecification\",\"valueRequired\":true,\"valueName\":\"search_term_string\"}}],\"inLanguage\":\"sv-SE\"},{\"@type\":\"Organization\",\"@id\":\"https:\/\/com.rst-steel.eu\/#organization\",\"name\":\"RST-Steel Oy\",\"url\":\"https:\/\/com.rst-steel.eu\/\",\"logo\":{\"@type\":\"ImageObject\",\"inLanguage\":\"sv-SE\",\"@id\":\"https:\/\/com.rst-steel.eu\/#\/schema\/logo\/image\/\",\"url\":\"https:\/\/com.rst-steel.eu\/wp-content\/uploads\/2023\/04\/cropped-Rst-logo-valkoinen-teksti-3.png\",\"contentUrl\":\"https:\/\/com.rst-steel.eu\/wp-content\/uploads\/2023\/04\/cropped-Rst-logo-valkoinen-teksti-3.png\",\"width\":512,\"height\":115,\"caption\":\"RST-Steel Oy\"},\"image\":{\"@id\":\"https:\/\/com.rst-steel.eu\/#\/schema\/logo\/image\/\"},\"sameAs\":[\"https:\/\/www.facebook.com\/rststeel\",\"https:\/\/www.instagram.com\/rststeeloy\/\"]}]}<\/script>\n<!-- \/ Yoast SEO plugin. -->","yoast_head_json":{"title":"Sidost\u00f6d MB sprinter 2006- (A3\/A4) - RST-Steel","description":"Premium sidobalkar f\u00f6r Mercedes-Benz Sprinter med l\u00e5ng hjulbas (A3 \/ A4, 4325mm). Utforska de tillg\u00e4ngliga produktalternativen och skaffa din idag!","robots":{"index":"index","follow":"follow","max-snippet":"max-snippet:-1","max-image-preview":"max-image-preview:large","max-video-preview":"max-video-preview:-1"},"canonical":"https:\/\/com.rst-steel.eu\/sv\/produkt\/suorat-kylkiputket-mb-sprinter-2006-a3-a4_prm_76473\/","og_locale":"sv_SE","og_type":"article","og_title":"Side Bars MB sprinter 2006- (A3\/A4) - RST-Steel","og_description":"Premium Side Bars for Mercedes-Benz Sprinter with a long wheelbase (A3 \/ A4, 4325mm). Explore the available product options and get yours today!","og_url":"https:\/\/com.rst-steel.eu\/sv\/produkt\/suorat-kylkiputket-mb-sprinter-2006-a3-a4_prm_76473\/","og_site_name":"RST-Steel","article_publisher":"https:\/\/www.facebook.com\/rststeel","article_modified_time":"2026-03-16T06:19:39+00:00","og_image":[{"width":1536,"height":2048,"url":"https:\/\/com.rst-steel.eu\/wp-content\/uploads\/2025\/03\/56a9476d659dd841936204d34383a4154bbd2419_SPR002CM_web.jpeg","type":"image\/jpeg"}],"twitter_card":"summary_large_image","twitter_misc":{"Ber\u00e4knad l\u00e4stid":"1 minut"},"schema":{"@context":"https:\/\/schema.org","@graph":[{"@type":"WebPage","@id":"https:\/\/com.rst-steel.eu\/sv\/produkt\/suorat-kylkiputket-mb-sprinter-2006-a3-a4_prm_76473\/","url":"https:\/\/com.rst-steel.eu\/sv\/produkt\/suorat-kylkiputket-mb-sprinter-2006-a3-a4_prm_76473\/","name":"Sidost\u00f6d MB sprinter 2006- (A3\/A4) - RST-Steel","isPartOf":{"@id":"https:\/\/com.rst-steel.eu\/#website"},"primaryImageOfPage":{"@id":"https:\/\/com.rst-steel.eu\/sv\/produkt\/suorat-kylkiputket-mb-sprinter-2006-a3-a4_prm_76473\/#primaryimage"},"image":{"@id":"https:\/\/com.rst-steel.eu\/sv\/produkt\/suorat-kylkiputket-mb-sprinter-2006-a3-a4_prm_76473\/#primaryimage"},"thumbnailUrl":"https:\/\/com.rst-steel.eu\/wp-content\/uploads\/2025\/03\/56a9476d659dd841936204d34383a4154bbd2419_SPR002CM_web.jpeg","datePublished":"2025-03-27T08:45:42+00:00","dateModified":"2026-03-16T06:19:39+00:00","description":"Premium sidobalkar f\u00f6r Mercedes-Benz Sprinter med l\u00e5ng hjulbas (A3 \/ A4, 4325mm). Utforska de tillg\u00e4ngliga produktalternativen och skaffa din idag!","breadcrumb":{"@id":"https:\/\/com.rst-steel.eu\/sv\/produkt\/suorat-kylkiputket-mb-sprinter-2006-a3-a4_prm_76473\/#breadcrumb"},"inLanguage":"sv-SE","potentialAction":[{"@type":"ReadAction","target":["https:\/\/com.rst-steel.eu\/sv\/produkt\/suorat-kylkiputket-mb-sprinter-2006-a3-a4_prm_76473\/"]}]},{"@type":"ImageObject","inLanguage":"sv-SE","@id":"https:\/\/com.rst-steel.eu\/sv\/produkt\/suorat-kylkiputket-mb-sprinter-2006-a3-a4_prm_76473\/#primaryimage","url":"https:\/\/com.rst-steel.eu\/wp-content\/uploads\/2025\/03\/56a9476d659dd841936204d34383a4154bbd2419_SPR002CM_web.jpeg","contentUrl":"https:\/\/com.rst-steel.eu\/wp-content\/uploads\/2025\/03\/56a9476d659dd841936204d34383a4154bbd2419_SPR002CM_web.jpeg","width":1536,"height":2048,"caption":"Side Bars MB sprinter 2006- (A3\/A4)"},{"@type":"BreadcrumbList","@id":"https:\/\/com.rst-steel.eu\/sv\/produkt\/suorat-kylkiputket-mb-sprinter-2006-a3-a4_prm_76473\/#breadcrumb","itemListElement":[{"@type":"ListItem","position":1,"name":"Home","item":"https:\/\/com.rst-steel.eu\/"},{"@type":"ListItem","position":2,"name":"RST-Steel Shop","item":"https:\/\/com.rst-steel.eu\/shop\/"},{"@type":"ListItem","position":3,"name":"Side Bars MB sprinter 2006- (A3\/A4)"}]},{"@type":"WebSite","@id":"https:\/\/com.rst-steel.eu\/#website","url":"https:\/\/com.rst-steel.eu\/","name":"RST-Stahl.com","description":"Finskt kvalitetsst\u00e5l, f\u00f6r kvalitetsmedvetna f\u00f6rare","publisher":{"@id":"https:\/\/com.rst-steel.eu\/#organization"},"alternateName":"Safe and stylish RST-Steel quality","potentialAction":[{"@type":"SearchAction","target":{"@type":"EntryPoint","urlTemplate":"https:\/\/com.rst-steel.eu\/?s={search_term_string}"},"query-input":{"@type":"PropertyValueSpecification","valueRequired":true,"valueName":"search_term_string"}}],"inLanguage":"sv-SE"},{"@type":"Organization","@id":"https:\/\/com.rst-steel.eu\/#organization","name":"RST-Steel Oy","url":"https:\/\/com.rst-steel.eu\/","logo":{"@type":"ImageObject","inLanguage":"sv-SE","@id":"https:\/\/com.rst-steel.eu\/#\/schema\/logo\/image\/","url":"https:\/\/com.rst-steel.eu\/wp-content\/uploads\/2023\/04\/cropped-Rst-logo-valkoinen-teksti-3.png","contentUrl":"https:\/\/com.rst-steel.eu\/wp-content\/uploads\/2023\/04\/cropped-Rst-logo-valkoinen-teksti-3.png","width":512,"height":115,"caption":"RST-Steel Oy"},"image":{"@id":"https:\/\/com.rst-steel.eu\/#\/schema\/logo\/image\/"},"sameAs":["https:\/\/www.facebook.com\/rststeel","https:\/\/www.instagram.com\/rststeeloy\/"]}]}},"brands":[{"id":8334,"name":"RST-Steel","slug":"brand_rststeel"}],"_links":{"self":[{"href":"https:\/\/com.rst-steel.eu\/sv\/wp-json\/wp\/v2\/product\/51178","targetHints":{"allow":["GET"]}}],"collection":[{"href":"https:\/\/com.rst-steel.eu\/sv\/wp-json\/wp\/v2\/product"}],"about":[{"href":"https:\/\/com.rst-steel.eu\/sv\/wp-json\/wp\/v2\/types\/product"}],"replies":[{"embeddable":true,"href":"https:\/\/com.rst-steel.eu\/sv\/wp-json\/wp\/v2\/comments?post=51178"}],"version-history":[{"count":0,"href":"https:\/\/com.rst-steel.eu\/sv\/wp-json\/wp\/v2\/product\/51178\/revisions"}],"wp:featuredmedia":[{"embeddable":true,"href":"https:\/\/com.rst-steel.eu\/sv\/wp-json\/wp\/v2\/media\/51174"}],"wp:attachment":[{"href":"https:\/\/com.rst-steel.eu\/sv\/wp-json\/wp\/v2\/media?parent=51178"}],"wp:term":[{"taxonomy":"make_fuel_type","embeddable":true,"href":"https:\/\/com.rst-steel.eu\/sv\/wp-json\/wp\/v2\/make_fuel_type?post=51178"},{"taxonomy":"make_model","embeddable":true,"href":"https:\/\/com.rst-steel.eu\/sv\/wp-json\/wp\/v2\/make_model?post=51178"},{"taxonomy":"make_brand","embeddable":true,"href":"https:\/\/com.rst-steel.eu\/sv\/wp-json\/wp\/v2\/make_brand?post=51178"},{"taxonomy":"make_year","embeddable":true,"href":"https:\/\/com.rst-steel.eu\/sv\/wp-json\/wp\/v2\/make_year?post=51178"},{"taxonomy":"pwb-brand","embeddable":true,"href":"https:\/\/com.rst-steel.eu\/sv\/wp-json\/wp\/v2\/pwb-brand?post=51178"},{"taxonomy":"product_brand","embeddable":true,"href":"https:\/\/com.rst-steel.eu\/sv\/wp-json\/wp\/v2\/product_brand?post=51178"},{"taxonomy":"product_cat","embeddable":true,"href":"https:\/\/com.rst-steel.eu\/sv\/wp-json\/wp\/v2\/product_cat?post=51178"},{"taxonomy":"product_tag","embeddable":true,"href":"https:\/\/com.rst-steel.eu\/sv\/wp-json\/wp\/v2\/product_tag?post=51178"}],"curies":[{"name":"wp","href":"https:\/\/api.w.org\/{rel}","templated":true}]}}