{"id":51080,"date":"2025-03-24T16:12:05","date_gmt":"2025-03-24T13:12:05","guid":{"rendered":"https:\/\/rst-steel.com\/product\/lisavaloteline-katolle-man-tgx-gm-ohjaamo-2021-_prm_66102\/"},"modified":"2026-03-16T09:19:32","modified_gmt":"2026-03-16T06:19:32","slug":"lisavaloteline-katolle-man-tgx-gm-ohjaamo-2021-_prm_66102","status":"publish","type":"product","link":"https:\/\/com.rst-steel.eu\/sv\/produkt\/lisavaloteline-katolle-man-tgx-gm-ohjaamo-2021-_prm_66102\/","title":{"rendered":"Takb\u00e5ge MAN TGX GM-cab 2021-"},"content":{"rendered":"<p>Takb\u00e5ge MAN TGX GM-cab 2021-<\/p>\n<p>&nbsp;<\/p>\n<p><span style=\"font-weight: bold;\">Beh\u00f6ver du en p\u00e5litlig och stilren l\u00f6sning f\u00f6r att montera extraljus p\u00e5 din MAN-lastbil?<\/span><\/p>\n<p>&nbsp;<\/p>\n<p>V\u00e5ra takb\u00e5gar \u00e4r designade f\u00f6r att m\u00f6ta dina behov!<\/p>\n<p>RST-Steel:s takb\u00e5gar \u00e4r h\u00f6gkvalitativa produkter tillverkade av rostfritt st\u00e5l. Takb\u00e5gen framh\u00e4ver hyttens eleganta linjer och g\u00f6r att du kan installera Lazer extraljus f\u00f6r \u00f6kad s\u00e4kerhet.\u00a0<span style=\"font-weight: bold;\">This model accommodates 3pcs. Lazer Triple-R 1000 or 6pcs. Lazer Sentinel 9\u201d auxiliary lights.<\/span><\/p>\n<p>&nbsp;<\/p>\n<p><span style=\"font-weight: bold;\">Egenskaper:<\/span><\/p>\n<ul>\n<li><span style=\"font-weight: bold;\">Kompatibilitet<\/span>: Speciellt utformad f\u00f6r MAN TGX 2021- modeller med GM-hytt, vilket garanterar snabb och enkel installation.<\/li>\n<li><span style=\"font-weight: bold;\">Material<\/span>: Tillverkad av h\u00e5llbart rostfritt st\u00e5l, vilket garanterar l\u00e5ng livsl\u00e4ngd och utm\u00e4rkt v\u00e4derbest\u00e4ndighet.<\/li>\n<li><span style=\"font-weight: bold;\">Stilren design:<\/span>\u00a0Polerad eller m\u00e5lad yta och elegant design f\u00f6rb\u00e4ttrar utseendet p\u00e5 din lastbil.<\/li>\n<li><span style=\"font-weight: bold;\">Ljusinstallation:<\/span>\u00a0Takb\u00e5gen rymmer enkelt flera extraljus, vilket f\u00f6rb\u00e4ttrar ditt fordons belysning avsev\u00e4rt.<\/li>\n<li><span style=\"font-weight: bold;\">S\u00e4kerhet<\/span>: F\u00f6rb\u00e4ttrar sikten i m\u00f6rka och utmanande k\u00f6rf\u00f6rh\u00e5llanden, vilket \u00f6kar s\u00e4kerheten f\u00f6r b\u00e5de f\u00f6raren och andra trafikanter.<\/li>\n<\/ul>\n<p>&nbsp;<\/p>\n<p>&nbsp;<\/p>\n<p><span style=\"font-weight: bold;\">Varf\u00f6r v\u00e4lja RST-Steel?<\/span><\/p>\n<ul>\n<li><span style=\"font-weight: bold;\">P\u00e5litlighet<\/span>: M\u00e5nga \u00e5rs erfarenhet och expertis s\u00e4kerst\u00e4ller den h\u00f6ga kvaliteten och h\u00e5llbarheten hos v\u00e5ra produkter.<\/li>\n<li><span style=\"font-weight: bold;\">Kundn\u00f6jdhet:<\/span>\u00a0Tusentals n\u00f6jda kunder v\u00e4rlden \u00f6ver litar p\u00e5 RST-Steels produkter.<\/li>\n<\/ul>\n<p>&nbsp;<\/p>\n<p>&nbsp;<\/p>\n<p><span style=\"font-weight: bold;\">Tekniska specifikationer<\/span><\/p>\n<ul>\n<li>F\u00e4rg: Spegelpolerat rostfritt st\u00e5l eller pulverlackerat med RAL-f\u00e4rger<\/li>\n<li>R\u00f6rets diameter: 76 mm<\/li>\n<li>6 st. lampf\u00e4sten<\/li>\n<\/ul>\n<p>&nbsp;<\/p>\n<p><span style=\"font-weight: bold;\">Paketet inneh\u00e5ller:<\/span><\/p>\n<ul>\n<li>Takb\u00e5ge<\/li>\n<li>Monteringsf\u00e4sten som kr\u00e4vs f\u00f6r installation<\/li>\n<li>Instruktioner f\u00f6r installation<\/li>\n<\/ul>\n<p>&nbsp;<\/p>\n<p>&nbsp;<\/p>\n<p><span style=\"font-weight: bold;\">K\u00f6p nu och f\u00f6rb\u00e4ttra synlighet och s\u00e4kerhet med en h\u00f6gkvalitativ\u00a0<\/span><span style=\"font-weight: bold;\">takb\u00e5ge!<\/span><\/p>\n<p>&nbsp;<\/p>\n<p>Skaffa takst\u00e5ngen till MAN TGX 2021- modeller idag och lyft funktionaliteten och utseendet p\u00e5 din lastbil till en ny niv\u00e5! Best\u00e4ll nu fr\u00e5n RST-Steel onlinebutik och dra nytta av snabb leverans.<\/p>\n<p>&nbsp;<\/p>\n<p><span style=\"font-weight: bold;\">RST-Steel \u2013 Din p\u00e5litliga partner p\u00e5 v\u00e4gen<\/span><\/p>","protected":false},"excerpt":{"rendered":"<p><span style=\"font-weight: bold;\">F\u00f6rb\u00e4ttra synlighet och s\u00e4kerhet med en h\u00f6gkvalitativ\u00a0<\/span><span style=\"font-weight: bold;\">takb\u00e5ge!<\/span><\/p>","protected":false},"featured_media":51079,"comment_status":"open","ping_status":"closed","template":"","meta":{"_improvement_type_select":"improve_an_existing","_thumb_yes_seoaic":false,"_frame_yes_seoaic":false,"seoaic_generate_description":"","seoaic_improve_instructions_prompt":"","seoaic_rollback_content_improvement":"","seoaic_idea_thumbnail_generator":"","thumbnail_generated":false,"thumbnail_generate_prompt":"","seoaic_article_description":""},"make_fuel_type":[],"make_model":[5664],"make_brand":[6641],"make_year":[3748],"pwb-brand":[8334],"product_brand":[],"product_cat":[6057,6058,7170],"product_tag":[8499,7549],"class_list":{"0":"post-51080","1":"product","2":"type-product","3":"status-publish","4":"has-post-thumbnail","6":"make_engine-ma21-gm-cab","7":"make_model-tgx-2021","8":"make_brand-man-truck","9":"make_year-trucks","10":"pwb-brand-brand_rststeel","11":"product_cat-lightbars","12":"product_cat-roofbars-for-trucks","13":"product_cat-man-ka-lt","14":"product_tag-man","15":"product_tag-takbage","16":"product_shipping_class-lightbars","18":"first","19":"instock","20":"taxable","21":"shipping-taxable","22":"purchasable","23":"product-type-variable"},"yoast_head":"<!-- This site is optimized with the Yoast SEO plugin v25.7 - https:\/\/yoast.com\/wordpress\/plugins\/seo\/ -->\n<title>Roof Bar MAN TGX GM-cab 2021- RST-Steel<\/title>\n<meta name=\"description\" content=\"Specifically designed roof bar for MAN TGX 2021- models with GM cab. Get today and elevate the functionality and appearance of your truck to a new level!\" \/>\n<meta name=\"robots\" content=\"index, follow, max-snippet:-1, max-image-preview:large, max-video-preview:-1\" \/>\n<link rel=\"canonical\" href=\"https:\/\/com.rst-steel.eu\/sv\/produkt\/lisavaloteline-katolle-man-tgx-gm-ohjaamo-2021-_prm_66102\/\" \/>\n<meta property=\"og:locale\" content=\"sv_SE\" \/>\n<meta property=\"og:type\" content=\"article\" \/>\n<meta property=\"og:title\" content=\"Roof Bar MAN TGX GM-cab 2021- RST-Steel\" \/>\n<meta property=\"og:description\" content=\"Specifically designed roof bar for MAN TGX 2021- models with GM cab. Get today and elevate the functionality and appearance of your truck to a new level!\" \/>\n<meta property=\"og:url\" content=\"https:\/\/com.rst-steel.eu\/sv\/produkt\/lisavaloteline-katolle-man-tgx-gm-ohjaamo-2021-_prm_66102\/\" \/>\n<meta property=\"og:site_name\" content=\"RST-Steel\" \/>\n<meta property=\"article:publisher\" content=\"https:\/\/www.facebook.com\/rststeel\" \/>\n<meta property=\"article:modified_time\" content=\"2026-03-16T06:19:32+00:00\" \/>\n<meta property=\"og:image\" content=\"https:\/\/com.rst-steel.eu\/wp-content\/uploads\/2025\/03\/d3703e686cb4b85f6226cb29a76abf5f06065682_MA2101A.jpg\" \/>\n\t<meta property=\"og:image:width\" content=\"2000\" \/>\n\t<meta property=\"og:image:height\" content=\"1333\" \/>\n\t<meta property=\"og:image:type\" content=\"image\/jpeg\" \/>\n<meta name=\"twitter:card\" content=\"summary_large_image\" \/>\n<meta name=\"twitter:label1\" content=\"Ber\u00e4knad l\u00e4stid\" \/>\n\t<meta name=\"twitter:data1\" content=\"2 minuter\" \/>\n<script type=\"application\/ld+json\" class=\"yoast-schema-graph\">{\"@context\":\"https:\/\/schema.org\",\"@graph\":[{\"@type\":\"WebPage\",\"@id\":\"https:\/\/com.rst-steel.eu\/nb\/produkt\/lisavaloteline-katolle-man-tgx-gm-ohjaamo-2021-_prm_66102\/\",\"url\":\"https:\/\/com.rst-steel.eu\/nb\/produkt\/lisavaloteline-katolle-man-tgx-gm-ohjaamo-2021-_prm_66102\/\",\"name\":\"Roof Bar MAN TGX GM-cab 2021- RST-Steel\",\"isPartOf\":{\"@id\":\"https:\/\/com.rst-steel.eu\/#website\"},\"primaryImageOfPage\":{\"@id\":\"https:\/\/com.rst-steel.eu\/nb\/produkt\/lisavaloteline-katolle-man-tgx-gm-ohjaamo-2021-_prm_66102\/#primaryimage\"},\"image\":{\"@id\":\"https:\/\/com.rst-steel.eu\/nb\/produkt\/lisavaloteline-katolle-man-tgx-gm-ohjaamo-2021-_prm_66102\/#primaryimage\"},\"thumbnailUrl\":\"https:\/\/com.rst-steel.eu\/wp-content\/uploads\/2025\/03\/d3703e686cb4b85f6226cb29a76abf5f06065682_MA2101A.jpg\",\"datePublished\":\"2025-03-24T13:12:05+00:00\",\"dateModified\":\"2026-03-16T06:19:32+00:00\",\"description\":\"Specifically designed roof bar for MAN TGX 2021- models with GM cab. Get today and elevate the functionality and appearance of your truck to a new level!\",\"breadcrumb\":{\"@id\":\"https:\/\/com.rst-steel.eu\/nb\/produkt\/lisavaloteline-katolle-man-tgx-gm-ohjaamo-2021-_prm_66102\/#breadcrumb\"},\"inLanguage\":\"sv-SE\",\"potentialAction\":[{\"@type\":\"ReadAction\",\"target\":[\"https:\/\/com.rst-steel.eu\/nb\/produkt\/lisavaloteline-katolle-man-tgx-gm-ohjaamo-2021-_prm_66102\/\"]}]},{\"@type\":\"ImageObject\",\"inLanguage\":\"sv-SE\",\"@id\":\"https:\/\/com.rst-steel.eu\/nb\/produkt\/lisavaloteline-katolle-man-tgx-gm-ohjaamo-2021-_prm_66102\/#primaryimage\",\"url\":\"https:\/\/com.rst-steel.eu\/wp-content\/uploads\/2025\/03\/d3703e686cb4b85f6226cb29a76abf5f06065682_MA2101A.jpg\",\"contentUrl\":\"https:\/\/com.rst-steel.eu\/wp-content\/uploads\/2025\/03\/d3703e686cb4b85f6226cb29a76abf5f06065682_MA2101A.jpg\",\"width\":2000,\"height\":1333,\"caption\":\"Roof Bar MAN TGX GM-cab 2021-\"},{\"@type\":\"BreadcrumbList\",\"@id\":\"https:\/\/com.rst-steel.eu\/nb\/produkt\/lisavaloteline-katolle-man-tgx-gm-ohjaamo-2021-_prm_66102\/#breadcrumb\",\"itemListElement\":[{\"@type\":\"ListItem\",\"position\":1,\"name\":\"Home\",\"item\":\"https:\/\/com.rst-steel.eu\/\"},{\"@type\":\"ListItem\",\"position\":2,\"name\":\"RST-Steel Shop\",\"item\":\"https:\/\/com.rst-steel.eu\/shop\/\"},{\"@type\":\"ListItem\",\"position\":3,\"name\":\"Roof Bar MAN TGX GM-cab 2021-\"}]},{\"@type\":\"WebSite\",\"@id\":\"https:\/\/com.rst-steel.eu\/#website\",\"url\":\"https:\/\/com.rst-steel.eu\/\",\"name\":\"RST-Steel.com\",\"description\":\"Finnish quality steel, for quality-conscious drivers\",\"publisher\":{\"@id\":\"https:\/\/com.rst-steel.eu\/#organization\"},\"alternateName\":\"Safe and stylish RST-Steel quality\",\"potentialAction\":[{\"@type\":\"SearchAction\",\"target\":{\"@type\":\"EntryPoint\",\"urlTemplate\":\"https:\/\/com.rst-steel.eu\/?s={search_term_string}\"},\"query-input\":{\"@type\":\"PropertyValueSpecification\",\"valueRequired\":true,\"valueName\":\"search_term_string\"}}],\"inLanguage\":\"sv-SE\"},{\"@type\":\"Organization\",\"@id\":\"https:\/\/com.rst-steel.eu\/#organization\",\"name\":\"RST-Steel Oy\",\"url\":\"https:\/\/com.rst-steel.eu\/\",\"logo\":{\"@type\":\"ImageObject\",\"inLanguage\":\"sv-SE\",\"@id\":\"https:\/\/com.rst-steel.eu\/#\/schema\/logo\/image\/\",\"url\":\"https:\/\/com.rst-steel.eu\/wp-content\/uploads\/2023\/04\/cropped-Rst-logo-valkoinen-teksti-3.png\",\"contentUrl\":\"https:\/\/com.rst-steel.eu\/wp-content\/uploads\/2023\/04\/cropped-Rst-logo-valkoinen-teksti-3.png\",\"width\":512,\"height\":115,\"caption\":\"RST-Steel Oy\"},\"image\":{\"@id\":\"https:\/\/com.rst-steel.eu\/#\/schema\/logo\/image\/\"},\"sameAs\":[\"https:\/\/www.facebook.com\/rststeel\",\"https:\/\/www.instagram.com\/rststeeloy\/\"]}]}<\/script>\n<!-- \/ Yoast SEO plugin. -->","yoast_head_json":{"title":"Takr\u00e4cke MAN TGX GM-f\u00f6rarhytt 2021- RST-Steel","description":"Specialdesignad takb\u00e5ge f\u00f6r MAN TGX 2021- modeller med GM-hytt. Skaffa idag och lyft funktionaliteten och utseendet p\u00e5 din lastbil till en ny niv\u00e5!","robots":{"index":"index","follow":"follow","max-snippet":"max-snippet:-1","max-image-preview":"max-image-preview:large","max-video-preview":"max-video-preview:-1"},"canonical":"https:\/\/com.rst-steel.eu\/sv\/produkt\/lisavaloteline-katolle-man-tgx-gm-ohjaamo-2021-_prm_66102\/","og_locale":"sv_SE","og_type":"article","og_title":"Roof Bar MAN TGX GM-cab 2021- RST-Steel","og_description":"Specifically designed roof bar for MAN TGX 2021- models with GM cab. Get today and elevate the functionality and appearance of your truck to a new level!","og_url":"https:\/\/com.rst-steel.eu\/sv\/produkt\/lisavaloteline-katolle-man-tgx-gm-ohjaamo-2021-_prm_66102\/","og_site_name":"RST-Steel","article_publisher":"https:\/\/www.facebook.com\/rststeel","article_modified_time":"2026-03-16T06:19:32+00:00","og_image":[{"width":2000,"height":1333,"url":"https:\/\/com.rst-steel.eu\/wp-content\/uploads\/2025\/03\/d3703e686cb4b85f6226cb29a76abf5f06065682_MA2101A.jpg","type":"image\/jpeg"}],"twitter_card":"summary_large_image","twitter_misc":{"Ber\u00e4knad l\u00e4stid":"2 minuter"},"schema":{"@context":"https:\/\/schema.org","@graph":[{"@type":"WebPage","@id":"https:\/\/com.rst-steel.eu\/nb\/produkt\/lisavaloteline-katolle-man-tgx-gm-ohjaamo-2021-_prm_66102\/","url":"https:\/\/com.rst-steel.eu\/nb\/produkt\/lisavaloteline-katolle-man-tgx-gm-ohjaamo-2021-_prm_66102\/","name":"Takr\u00e4cke MAN TGX GM-f\u00f6rarhytt 2021- RST-Steel","isPartOf":{"@id":"https:\/\/com.rst-steel.eu\/#website"},"primaryImageOfPage":{"@id":"https:\/\/com.rst-steel.eu\/nb\/produkt\/lisavaloteline-katolle-man-tgx-gm-ohjaamo-2021-_prm_66102\/#primaryimage"},"image":{"@id":"https:\/\/com.rst-steel.eu\/nb\/produkt\/lisavaloteline-katolle-man-tgx-gm-ohjaamo-2021-_prm_66102\/#primaryimage"},"thumbnailUrl":"https:\/\/com.rst-steel.eu\/wp-content\/uploads\/2025\/03\/d3703e686cb4b85f6226cb29a76abf5f06065682_MA2101A.jpg","datePublished":"2025-03-24T13:12:05+00:00","dateModified":"2026-03-16T06:19:32+00:00","description":"Specialdesignad takb\u00e5ge f\u00f6r MAN TGX 2021- modeller med GM-hytt. Skaffa idag och lyft funktionaliteten och utseendet p\u00e5 din lastbil till en ny niv\u00e5!","breadcrumb":{"@id":"https:\/\/com.rst-steel.eu\/nb\/produkt\/lisavaloteline-katolle-man-tgx-gm-ohjaamo-2021-_prm_66102\/#breadcrumb"},"inLanguage":"sv-SE","potentialAction":[{"@type":"ReadAction","target":["https:\/\/com.rst-steel.eu\/nb\/produkt\/lisavaloteline-katolle-man-tgx-gm-ohjaamo-2021-_prm_66102\/"]}]},{"@type":"ImageObject","inLanguage":"sv-SE","@id":"https:\/\/com.rst-steel.eu\/nb\/produkt\/lisavaloteline-katolle-man-tgx-gm-ohjaamo-2021-_prm_66102\/#primaryimage","url":"https:\/\/com.rst-steel.eu\/wp-content\/uploads\/2025\/03\/d3703e686cb4b85f6226cb29a76abf5f06065682_MA2101A.jpg","contentUrl":"https:\/\/com.rst-steel.eu\/wp-content\/uploads\/2025\/03\/d3703e686cb4b85f6226cb29a76abf5f06065682_MA2101A.jpg","width":2000,"height":1333,"caption":"Roof Bar MAN TGX GM-cab 2021-"},{"@type":"BreadcrumbList","@id":"https:\/\/com.rst-steel.eu\/nb\/produkt\/lisavaloteline-katolle-man-tgx-gm-ohjaamo-2021-_prm_66102\/#breadcrumb","itemListElement":[{"@type":"ListItem","position":1,"name":"Home","item":"https:\/\/com.rst-steel.eu\/"},{"@type":"ListItem","position":2,"name":"RST-Steel Shop","item":"https:\/\/com.rst-steel.eu\/shop\/"},{"@type":"ListItem","position":3,"name":"Roof Bar MAN TGX GM-cab 2021-"}]},{"@type":"WebSite","@id":"https:\/\/com.rst-steel.eu\/#website","url":"https:\/\/com.rst-steel.eu\/","name":"RST-Stahl.com","description":"Finskt kvalitetsst\u00e5l, f\u00f6r kvalitetsmedvetna f\u00f6rare","publisher":{"@id":"https:\/\/com.rst-steel.eu\/#organization"},"alternateName":"Safe and stylish RST-Steel quality","potentialAction":[{"@type":"SearchAction","target":{"@type":"EntryPoint","urlTemplate":"https:\/\/com.rst-steel.eu\/?s={search_term_string}"},"query-input":{"@type":"PropertyValueSpecification","valueRequired":true,"valueName":"search_term_string"}}],"inLanguage":"sv-SE"},{"@type":"Organization","@id":"https:\/\/com.rst-steel.eu\/#organization","name":"RST-Steel Oy","url":"https:\/\/com.rst-steel.eu\/","logo":{"@type":"ImageObject","inLanguage":"sv-SE","@id":"https:\/\/com.rst-steel.eu\/#\/schema\/logo\/image\/","url":"https:\/\/com.rst-steel.eu\/wp-content\/uploads\/2023\/04\/cropped-Rst-logo-valkoinen-teksti-3.png","contentUrl":"https:\/\/com.rst-steel.eu\/wp-content\/uploads\/2023\/04\/cropped-Rst-logo-valkoinen-teksti-3.png","width":512,"height":115,"caption":"RST-Steel Oy"},"image":{"@id":"https:\/\/com.rst-steel.eu\/#\/schema\/logo\/image\/"},"sameAs":["https:\/\/www.facebook.com\/rststeel","https:\/\/www.instagram.com\/rststeeloy\/"]}]}},"brands":[{"id":8334,"name":"RST-Steel","slug":"brand_rststeel"}],"_links":{"self":[{"href":"https:\/\/com.rst-steel.eu\/sv\/wp-json\/wp\/v2\/product\/51080","targetHints":{"allow":["GET"]}}],"collection":[{"href":"https:\/\/com.rst-steel.eu\/sv\/wp-json\/wp\/v2\/product"}],"about":[{"href":"https:\/\/com.rst-steel.eu\/sv\/wp-json\/wp\/v2\/types\/product"}],"replies":[{"embeddable":true,"href":"https:\/\/com.rst-steel.eu\/sv\/wp-json\/wp\/v2\/comments?post=51080"}],"version-history":[{"count":0,"href":"https:\/\/com.rst-steel.eu\/sv\/wp-json\/wp\/v2\/product\/51080\/revisions"}],"wp:featuredmedia":[{"embeddable":true,"href":"https:\/\/com.rst-steel.eu\/sv\/wp-json\/wp\/v2\/media\/51079"}],"wp:attachment":[{"href":"https:\/\/com.rst-steel.eu\/sv\/wp-json\/wp\/v2\/media?parent=51080"}],"wp:term":[{"taxonomy":"make_fuel_type","embeddable":true,"href":"https:\/\/com.rst-steel.eu\/sv\/wp-json\/wp\/v2\/make_fuel_type?post=51080"},{"taxonomy":"make_model","embeddable":true,"href":"https:\/\/com.rst-steel.eu\/sv\/wp-json\/wp\/v2\/make_model?post=51080"},{"taxonomy":"make_brand","embeddable":true,"href":"https:\/\/com.rst-steel.eu\/sv\/wp-json\/wp\/v2\/make_brand?post=51080"},{"taxonomy":"make_year","embeddable":true,"href":"https:\/\/com.rst-steel.eu\/sv\/wp-json\/wp\/v2\/make_year?post=51080"},{"taxonomy":"pwb-brand","embeddable":true,"href":"https:\/\/com.rst-steel.eu\/sv\/wp-json\/wp\/v2\/pwb-brand?post=51080"},{"taxonomy":"product_brand","embeddable":true,"href":"https:\/\/com.rst-steel.eu\/sv\/wp-json\/wp\/v2\/product_brand?post=51080"},{"taxonomy":"product_cat","embeddable":true,"href":"https:\/\/com.rst-steel.eu\/sv\/wp-json\/wp\/v2\/product_cat?post=51080"},{"taxonomy":"product_tag","embeddable":true,"href":"https:\/\/com.rst-steel.eu\/sv\/wp-json\/wp\/v2\/product_tag?post=51080"}],"curies":[{"name":"wp","href":"https:\/\/api.w.org\/{rel}","templated":true}]}}