{"id":50882,"date":"2025-03-20T12:46:32","date_gmt":"2025-03-20T09:46:32","guid":{"rendered":"https:\/\/rst-steel.com\/product\/fox-parts-aurinkolippa-scania-nextgen-35cm_pr_82089\/"},"modified":"2026-03-16T09:17:43","modified_gmt":"2026-03-16T06:17:43","slug":"fox-parts-sunvisor-scania-nextgen-35cm_pr_82089","status":"publish","type":"product","link":"https:\/\/com.rst-steel.eu\/sv\/produkt\/fox-parts-sunvisor-scania-nextgen-35cm_pr_82089\/","title":{"rendered":"Fox Parts SunVisor Scania NextGen (35cm)"},"content":{"rendered":"<p><span style=\"font-weight: bold\">Fox Parts SunVisor Scania NextGen (35cm)<\/span><\/p>\n<ul>\n<li><\/li>\n<\/ul>\n<p>Ett mycket snyggt solskydd tillverkat av Fox Parts f\u00f6r Scania NextGen 2017-modeller. Tillverkad av 4 mm tjock aluminium med f\u00e4sten i rostfritt st\u00e5l. B\u00e5de de yttre och inre ytorna p\u00e5 solskyddet \u00e4r sl\u00e4ta.<\/p>\n<ul>\n<li><\/li>\n<\/ul>\n<p><span style=\"font-weight: bold\">Visiret har 5 h\u00e5l f\u00f6r toppljus (ny typ)!<\/span><\/p>\n<ul>\n<li><\/li>\n<\/ul>\n<p><span style=\"font-weight: bold\">Tekniska specifikationer: <\/span><\/p>\n<ul>\n<li>Material: Aluminium (4 mm) Aluminium (4 mm) <\/li>\n<li>H\u00f6jd: 35 cm<\/li>\n<li><\/li>\n<\/ul>\n<p><span style=\"font-weight: bold\">OBS! Alla solskydd levereras utan genomsiktsljus!<\/span><\/p>","protected":false},"excerpt":{"rendered":"<p><span style=\"font-weight: bold\">Tillverkad av 4 mm tjock aluminium med f\u00e4sten i rostfritt st\u00e5l.&nbsp;<\/span><\/p>","protected":false},"featured_media":50879,"comment_status":"open","ping_status":"closed","template":"","meta":{"_improvement_type_select":"improve_an_existing","_thumb_yes_seoaic":false,"_frame_yes_seoaic":false,"seoaic_generate_description":"","seoaic_improve_instructions_prompt":"","seoaic_rollback_content_improvement":"","seoaic_idea_thumbnail_generator":"","thumbnail_generated":false,"thumbnail_generate_prompt":"","seoaic_article_description":""},"make_fuel_type":[],"make_model":[5614,2529,5608,5620,5623,5624],"make_brand":[3744],"make_year":[3748],"pwb-brand":[8342],"product_brand":[],"product_cat":[8137,7210,7213],"product_tag":[8488,8494],"class_list":{"0":"post-50882","1":"product","2":"type-product","3":"status-publish","4":"has-post-thumbnail","6":"make_engine-daycab-low-cg","7":"make_engine-daycab-low-cp","8":"make_engine-daycab-low-cr","9":"make_engine-daycab-normal-cg","10":"make_engine-daycab-normal-cp","11":"make_engine-daycab-normal-cr","12":"make_engine-scng-sleeper-cab","13":"make_engine-sleepercab-highline-cg","14":"make_engine-sleepercab-high-cp","15":"make_engine-sleepercab-highline-cr","16":"make_engine-sleepercab-highline-cs","17":"make_engine-sleepercab-low-cg","18":"make_engine-sleepercab-low-cl-2","19":"make_engine-scng-sleeper-cab-low-cp20l","20":"make_engine-sleepercab-low-cr","21":"make_engine-sleepercab-normal-cg","22":"make_engine-sleepercab-normal-cl","23":"make_engine-sleepercab-normal-cp","24":"make_engine-sleepercab-normal-cr","25":"make_engine-sleepercab-normal-cs","26":"make_engine-low-cp20l","27":"make_model-nextgen-g-2017","28":"make_model-nextgen-2017","29":"make_model-nextgen-p-2017","30":"make_model-nextgen-r-2017","31":"make_model-nextgen-s-2017","32":"make_model-nextgen-xt-2017","33":"make_brand-scania","34":"make_year-trucks","35":"pwb-brand-brand_foxparts","36":"product_cat-sunvisors-scania","37":"product_cat-sun-visors-and-wind-deflectors","38":"product_cat-sun-visors-for-trucks","39":"product_tag-scania","40":"product_tag-scania-nextgen","41":"product_shipping_class-erikoispitka","43":"first","44":"instock","45":"taxable","46":"shipping-taxable","47":"purchasable","48":"product-type-simple"},"yoast_head":"<!-- This site is optimized with the Yoast SEO plugin v25.7 - https:\/\/yoast.com\/wordpress\/plugins\/seo\/ -->\n<title>Fox Parts SunVisor Scania NextGen (35cm) - RST-Steel<\/title>\n<meta name=\"description\" content=\"A very stylish sun visor manufactured by Fox Parts for Scania NextGen 2017 models. Check out this product and get yours today!\" \/>\n<meta name=\"robots\" content=\"index, follow, max-snippet:-1, max-image-preview:large, max-video-preview:-1\" \/>\n<link rel=\"canonical\" href=\"https:\/\/com.rst-steel.eu\/sv\/produkt\/fox-parts-sunvisor-scania-nextgen-35cm_pr_82089\/\" \/>\n<meta property=\"og:locale\" content=\"sv_SE\" \/>\n<meta property=\"og:type\" content=\"article\" \/>\n<meta property=\"og:title\" content=\"Fox Parts SunVisor Scania NextGen (35cm) - RST-Steel\" \/>\n<meta property=\"og:description\" content=\"A very stylish sun visor manufactured by Fox Parts for Scania NextGen 2017 models. Check out this product and get yours today!\" \/>\n<meta property=\"og:url\" content=\"https:\/\/com.rst-steel.eu\/sv\/produkt\/fox-parts-sunvisor-scania-nextgen-35cm_pr_82089\/\" \/>\n<meta property=\"og:site_name\" content=\"RST-Steel\" \/>\n<meta property=\"article:publisher\" content=\"https:\/\/www.facebook.com\/rststeel\" \/>\n<meta property=\"article:modified_time\" content=\"2026-03-16T06:17:43+00:00\" \/>\n<meta property=\"og:image\" content=\"https:\/\/com.rst-steel.eu\/wp-content\/uploads\/2025\/03\/653682a5b1ae3b02882d8d3ffec768dcae47ca2c_1100_0026_tuotekuva_2-scaled.jpg\" \/>\n\t<meta property=\"og:image:width\" content=\"2560\" \/>\n\t<meta property=\"og:image:height\" content=\"1707\" \/>\n\t<meta property=\"og:image:type\" content=\"image\/jpeg\" \/>\n<meta name=\"twitter:card\" content=\"summary_large_image\" \/>\n<meta name=\"twitter:label1\" content=\"Ber\u00e4knad l\u00e4stid\" \/>\n\t<meta name=\"twitter:data1\" content=\"1 minut\" \/>\n<script type=\"application\/ld+json\" class=\"yoast-schema-graph\">{\"@context\":\"https:\/\/schema.org\",\"@graph\":[{\"@type\":\"WebPage\",\"@id\":\"https:\/\/com.rst-steel.eu\/sv\/produkt\/fox-parts-sunvisor-scania-nextgen-35cm_pr_82089\/\",\"url\":\"https:\/\/com.rst-steel.eu\/sv\/produkt\/fox-parts-sunvisor-scania-nextgen-35cm_pr_82089\/\",\"name\":\"Fox Parts SunVisor Scania NextGen (35cm) - RST-Steel\",\"isPartOf\":{\"@id\":\"https:\/\/com.rst-steel.eu\/#website\"},\"primaryImageOfPage\":{\"@id\":\"https:\/\/com.rst-steel.eu\/sv\/produkt\/fox-parts-sunvisor-scania-nextgen-35cm_pr_82089\/#primaryimage\"},\"image\":{\"@id\":\"https:\/\/com.rst-steel.eu\/sv\/produkt\/fox-parts-sunvisor-scania-nextgen-35cm_pr_82089\/#primaryimage\"},\"thumbnailUrl\":\"https:\/\/com.rst-steel.eu\/wp-content\/uploads\/2025\/03\/653682a5b1ae3b02882d8d3ffec768dcae47ca2c_1100_0026_tuotekuva_2-scaled.jpg\",\"datePublished\":\"2025-03-20T09:46:32+00:00\",\"dateModified\":\"2026-03-16T06:17:43+00:00\",\"description\":\"A very stylish sun visor manufactured by Fox Parts for Scania NextGen 2017 models. Check out this product and get yours today!\",\"breadcrumb\":{\"@id\":\"https:\/\/com.rst-steel.eu\/sv\/produkt\/fox-parts-sunvisor-scania-nextgen-35cm_pr_82089\/#breadcrumb\"},\"inLanguage\":\"sv-SE\",\"potentialAction\":[{\"@type\":\"ReadAction\",\"target\":[\"https:\/\/com.rst-steel.eu\/sv\/produkt\/fox-parts-sunvisor-scania-nextgen-35cm_pr_82089\/\"]}]},{\"@type\":\"ImageObject\",\"inLanguage\":\"sv-SE\",\"@id\":\"https:\/\/com.rst-steel.eu\/sv\/produkt\/fox-parts-sunvisor-scania-nextgen-35cm_pr_82089\/#primaryimage\",\"url\":\"https:\/\/com.rst-steel.eu\/wp-content\/uploads\/2025\/03\/653682a5b1ae3b02882d8d3ffec768dcae47ca2c_1100_0026_tuotekuva_2-scaled.jpg\",\"contentUrl\":\"https:\/\/com.rst-steel.eu\/wp-content\/uploads\/2025\/03\/653682a5b1ae3b02882d8d3ffec768dcae47ca2c_1100_0026_tuotekuva_2-scaled.jpg\",\"width\":2560,\"height\":1707,\"caption\":\"Fox Parts Sun Visor Scania NextGen (35cm)\"},{\"@type\":\"BreadcrumbList\",\"@id\":\"https:\/\/com.rst-steel.eu\/sv\/produkt\/fox-parts-sunvisor-scania-nextgen-35cm_pr_82089\/#breadcrumb\",\"itemListElement\":[{\"@type\":\"ListItem\",\"position\":1,\"name\":\"Home\",\"item\":\"https:\/\/com.rst-steel.eu\/\"},{\"@type\":\"ListItem\",\"position\":2,\"name\":\"RST-Steel Shop\",\"item\":\"https:\/\/com.rst-steel.eu\/shop\/\"},{\"@type\":\"ListItem\",\"position\":3,\"name\":\"Fox Parts SunVisor Scania NextGen (35cm)\"}]},{\"@type\":\"WebSite\",\"@id\":\"https:\/\/com.rst-steel.eu\/#website\",\"url\":\"https:\/\/com.rst-steel.eu\/\",\"name\":\"RST-Steel.com\",\"description\":\"Finnish quality steel, for quality-conscious drivers\",\"publisher\":{\"@id\":\"https:\/\/com.rst-steel.eu\/#organization\"},\"alternateName\":\"Safe and stylish RST-Steel quality\",\"potentialAction\":[{\"@type\":\"SearchAction\",\"target\":{\"@type\":\"EntryPoint\",\"urlTemplate\":\"https:\/\/com.rst-steel.eu\/?s={search_term_string}\"},\"query-input\":{\"@type\":\"PropertyValueSpecification\",\"valueRequired\":true,\"valueName\":\"search_term_string\"}}],\"inLanguage\":\"sv-SE\"},{\"@type\":\"Organization\",\"@id\":\"https:\/\/com.rst-steel.eu\/#organization\",\"name\":\"RST-Steel Oy\",\"url\":\"https:\/\/com.rst-steel.eu\/\",\"logo\":{\"@type\":\"ImageObject\",\"inLanguage\":\"sv-SE\",\"@id\":\"https:\/\/com.rst-steel.eu\/#\/schema\/logo\/image\/\",\"url\":\"https:\/\/com.rst-steel.eu\/wp-content\/uploads\/2023\/04\/cropped-Rst-logo-valkoinen-teksti-3.png\",\"contentUrl\":\"https:\/\/com.rst-steel.eu\/wp-content\/uploads\/2023\/04\/cropped-Rst-logo-valkoinen-teksti-3.png\",\"width\":512,\"height\":115,\"caption\":\"RST-Steel Oy\"},\"image\":{\"@id\":\"https:\/\/com.rst-steel.eu\/#\/schema\/logo\/image\/\"},\"sameAs\":[\"https:\/\/www.facebook.com\/rststeel\",\"https:\/\/www.instagram.com\/rststeeloy\/\"]}]}<\/script>\n<!-- \/ Yoast SEO plugin. -->","yoast_head_json":{"title":"Fox Parts SunVisor Scania NextGen (35cm) - RST-Steel","description":"Ett mycket snyggt solskydd tillverkat av Fox Parts f\u00f6r Scania NextGen 2017 modeller. Kolla in denna produkt och skaffa din idag!","robots":{"index":"index","follow":"follow","max-snippet":"max-snippet:-1","max-image-preview":"max-image-preview:large","max-video-preview":"max-video-preview:-1"},"canonical":"https:\/\/com.rst-steel.eu\/sv\/produkt\/fox-parts-sunvisor-scania-nextgen-35cm_pr_82089\/","og_locale":"sv_SE","og_type":"article","og_title":"Fox Parts SunVisor Scania NextGen (35cm) - RST-Steel","og_description":"A very stylish sun visor manufactured by Fox Parts for Scania NextGen 2017 models. Check out this product and get yours today!","og_url":"https:\/\/com.rst-steel.eu\/sv\/produkt\/fox-parts-sunvisor-scania-nextgen-35cm_pr_82089\/","og_site_name":"RST-Steel","article_publisher":"https:\/\/www.facebook.com\/rststeel","article_modified_time":"2026-03-16T06:17:43+00:00","og_image":[{"width":2560,"height":1707,"url":"https:\/\/com.rst-steel.eu\/wp-content\/uploads\/2025\/03\/653682a5b1ae3b02882d8d3ffec768dcae47ca2c_1100_0026_tuotekuva_2-scaled.jpg","type":"image\/jpeg"}],"twitter_card":"summary_large_image","twitter_misc":{"Ber\u00e4knad l\u00e4stid":"1 minut"},"schema":{"@context":"https:\/\/schema.org","@graph":[{"@type":"WebPage","@id":"https:\/\/com.rst-steel.eu\/sv\/produkt\/fox-parts-sunvisor-scania-nextgen-35cm_pr_82089\/","url":"https:\/\/com.rst-steel.eu\/sv\/produkt\/fox-parts-sunvisor-scania-nextgen-35cm_pr_82089\/","name":"Fox Parts SunVisor Scania NextGen (35cm) - RST-Steel","isPartOf":{"@id":"https:\/\/com.rst-steel.eu\/#website"},"primaryImageOfPage":{"@id":"https:\/\/com.rst-steel.eu\/sv\/produkt\/fox-parts-sunvisor-scania-nextgen-35cm_pr_82089\/#primaryimage"},"image":{"@id":"https:\/\/com.rst-steel.eu\/sv\/produkt\/fox-parts-sunvisor-scania-nextgen-35cm_pr_82089\/#primaryimage"},"thumbnailUrl":"https:\/\/com.rst-steel.eu\/wp-content\/uploads\/2025\/03\/653682a5b1ae3b02882d8d3ffec768dcae47ca2c_1100_0026_tuotekuva_2-scaled.jpg","datePublished":"2025-03-20T09:46:32+00:00","dateModified":"2026-03-16T06:17:43+00:00","description":"Ett mycket snyggt solskydd tillverkat av Fox Parts f\u00f6r Scania NextGen 2017 modeller. Kolla in denna produkt och skaffa din idag!","breadcrumb":{"@id":"https:\/\/com.rst-steel.eu\/sv\/produkt\/fox-parts-sunvisor-scania-nextgen-35cm_pr_82089\/#breadcrumb"},"inLanguage":"sv-SE","potentialAction":[{"@type":"ReadAction","target":["https:\/\/com.rst-steel.eu\/sv\/produkt\/fox-parts-sunvisor-scania-nextgen-35cm_pr_82089\/"]}]},{"@type":"ImageObject","inLanguage":"sv-SE","@id":"https:\/\/com.rst-steel.eu\/sv\/produkt\/fox-parts-sunvisor-scania-nextgen-35cm_pr_82089\/#primaryimage","url":"https:\/\/com.rst-steel.eu\/wp-content\/uploads\/2025\/03\/653682a5b1ae3b02882d8d3ffec768dcae47ca2c_1100_0026_tuotekuva_2-scaled.jpg","contentUrl":"https:\/\/com.rst-steel.eu\/wp-content\/uploads\/2025\/03\/653682a5b1ae3b02882d8d3ffec768dcae47ca2c_1100_0026_tuotekuva_2-scaled.jpg","width":2560,"height":1707,"caption":"Fox Parts Sun Visor Scania NextGen (35cm)"},{"@type":"BreadcrumbList","@id":"https:\/\/com.rst-steel.eu\/sv\/produkt\/fox-parts-sunvisor-scania-nextgen-35cm_pr_82089\/#breadcrumb","itemListElement":[{"@type":"ListItem","position":1,"name":"Home","item":"https:\/\/com.rst-steel.eu\/"},{"@type":"ListItem","position":2,"name":"RST-Steel Shop","item":"https:\/\/com.rst-steel.eu\/shop\/"},{"@type":"ListItem","position":3,"name":"Fox Parts SunVisor Scania NextGen (35cm)"}]},{"@type":"WebSite","@id":"https:\/\/com.rst-steel.eu\/#website","url":"https:\/\/com.rst-steel.eu\/","name":"RST-Stahl.com","description":"Finskt kvalitetsst\u00e5l, f\u00f6r kvalitetsmedvetna f\u00f6rare","publisher":{"@id":"https:\/\/com.rst-steel.eu\/#organization"},"alternateName":"Safe and stylish RST-Steel quality","potentialAction":[{"@type":"SearchAction","target":{"@type":"EntryPoint","urlTemplate":"https:\/\/com.rst-steel.eu\/?s={search_term_string}"},"query-input":{"@type":"PropertyValueSpecification","valueRequired":true,"valueName":"search_term_string"}}],"inLanguage":"sv-SE"},{"@type":"Organization","@id":"https:\/\/com.rst-steel.eu\/#organization","name":"RST-Steel Oy","url":"https:\/\/com.rst-steel.eu\/","logo":{"@type":"ImageObject","inLanguage":"sv-SE","@id":"https:\/\/com.rst-steel.eu\/#\/schema\/logo\/image\/","url":"https:\/\/com.rst-steel.eu\/wp-content\/uploads\/2023\/04\/cropped-Rst-logo-valkoinen-teksti-3.png","contentUrl":"https:\/\/com.rst-steel.eu\/wp-content\/uploads\/2023\/04\/cropped-Rst-logo-valkoinen-teksti-3.png","width":512,"height":115,"caption":"RST-Steel Oy"},"image":{"@id":"https:\/\/com.rst-steel.eu\/#\/schema\/logo\/image\/"},"sameAs":["https:\/\/www.facebook.com\/rststeel","https:\/\/www.instagram.com\/rststeeloy\/"]}]}},"brands":[{"id":8342,"name":"Fox Parts","slug":"brand_foxparts"}],"_links":{"self":[{"href":"https:\/\/com.rst-steel.eu\/sv\/wp-json\/wp\/v2\/product\/50882","targetHints":{"allow":["GET"]}}],"collection":[{"href":"https:\/\/com.rst-steel.eu\/sv\/wp-json\/wp\/v2\/product"}],"about":[{"href":"https:\/\/com.rst-steel.eu\/sv\/wp-json\/wp\/v2\/types\/product"}],"replies":[{"embeddable":true,"href":"https:\/\/com.rst-steel.eu\/sv\/wp-json\/wp\/v2\/comments?post=50882"}],"version-history":[{"count":0,"href":"https:\/\/com.rst-steel.eu\/sv\/wp-json\/wp\/v2\/product\/50882\/revisions"}],"wp:featuredmedia":[{"embeddable":true,"href":"https:\/\/com.rst-steel.eu\/sv\/wp-json\/wp\/v2\/media\/50879"}],"wp:attachment":[{"href":"https:\/\/com.rst-steel.eu\/sv\/wp-json\/wp\/v2\/media?parent=50882"}],"wp:term":[{"taxonomy":"make_fuel_type","embeddable":true,"href":"https:\/\/com.rst-steel.eu\/sv\/wp-json\/wp\/v2\/make_fuel_type?post=50882"},{"taxonomy":"make_model","embeddable":true,"href":"https:\/\/com.rst-steel.eu\/sv\/wp-json\/wp\/v2\/make_model?post=50882"},{"taxonomy":"make_brand","embeddable":true,"href":"https:\/\/com.rst-steel.eu\/sv\/wp-json\/wp\/v2\/make_brand?post=50882"},{"taxonomy":"make_year","embeddable":true,"href":"https:\/\/com.rst-steel.eu\/sv\/wp-json\/wp\/v2\/make_year?post=50882"},{"taxonomy":"pwb-brand","embeddable":true,"href":"https:\/\/com.rst-steel.eu\/sv\/wp-json\/wp\/v2\/pwb-brand?post=50882"},{"taxonomy":"product_brand","embeddable":true,"href":"https:\/\/com.rst-steel.eu\/sv\/wp-json\/wp\/v2\/product_brand?post=50882"},{"taxonomy":"product_cat","embeddable":true,"href":"https:\/\/com.rst-steel.eu\/sv\/wp-json\/wp\/v2\/product_cat?post=50882"},{"taxonomy":"product_tag","embeddable":true,"href":"https:\/\/com.rst-steel.eu\/sv\/wp-json\/wp\/v2\/product_tag?post=50882"}],"curies":[{"name":"wp","href":"https:\/\/api.w.org\/{rel}","templated":true}]}}