{"id":50804,"date":"2025-03-18T14:05:16","date_gmt":"2025-03-18T11:05:16","guid":{"rendered":"https:\/\/rst-steel.com\/product\/front-spoiler-bar-mb-vito-2024-_prm_75883\/"},"modified":"2026-03-16T09:18:58","modified_gmt":"2026-03-16T06:18:58","slug":"spoilerbage-fram-mb-vito-2024-_prm_75883","status":"publish","type":"product","link":"https:\/\/com.rst-steel.eu\/sv\/produkt\/spoilerbage-fram-mb-vito-2024-_prm_75883\/","title":{"rendered":"Frontr\u00f6r MB Vito 2024-"},"content":{"rendered":"<p>Frontr\u00f6r MB Vito 2024-<\/p>\n<ul>\n<li><\/li>\n<\/ul>\n<p><\/p>\n<p>Frontb\u00e5gar \u00e4r snygga tillbeh\u00f6r som skyddar den fr\u00e4mre st\u00f6tf\u00e5ngaren p\u00e5 din bil. Att k\u00f6ra p\u00e5 trottoarkanter, farthinder eller sn\u00f6klumpar p\u00e5 v\u00e4gen kan orsaka skador p\u00e5 bilens front.<\/p>\n<p>Det kan vara dyrt och tidskr\u00e4vande att reparera skadorna. Genom att f\u00f6rbereda dig f\u00f6r dessa risker kan du lugnt forts\u00e4tta resan och s\u00e4kerst\u00e4lla att f\u00f6retagsverksamheten \u00e4r skyddad.<\/p>\n<p>Denna frontspoiler \u00e4r tillverkad av rostfritt st\u00e5l och har en diameter p\u00e5 60 mm, kombinerat med en handbearbetad design, vilket garanterar h\u00e5llbarhet i flera \u00e5r snarare \u00e4n bara en enda s\u00e4song.<\/p>\n<p>I produkten ing\u00e5r en monteringssats i rostfritt st\u00e5l som \u00e4r s\u00e4rskilt anpassad f\u00f6r din bil, tillsammans med enkla installationsanvisningar.<\/p>\n<ul>\n<li><\/li>\n<\/ul>\n<p><\/p>\n<p><span style=\"font-weight: bold\">Kompatibel med parkeringssensorer!<br \/><\/span><\/p>\n<p>Snabb och enkel installation, installation p\u00e5 f\u00e4rdiga platser.<\/p>\n<ul>\n<li><\/li>\n<\/ul>\n<p><\/p>\n<p><span style=\"font-weight: bold\">Teknisk information:<\/span><\/p>\n<ul>\n<li>F\u00e4rg: Spegelpolerat rostfritt st\u00e5l eller svart<\/li>\n<li>St\u00e5ngdiameter: 60 mm<\/li>\n<li><\/li>\n<\/ul>\n<p><\/p>\n<p><span style=\"font-weight: bold\">Leveransinneh\u00e5ll:<\/span><\/p>\n<ul>\n<li>Frontb\u00e5ge<\/li>\n<li>Monteringsf\u00e4sten som beh\u00f6vs f\u00f6r installation<\/li>\n<li>Instruktioner f\u00f6r installation<\/li>\n<\/ul>\n<h3>Inkluderade produkter<\/h3>\n<ul id=\"pim-included-kit-products\">\n<li>Frontspoiler MB Vito 2024- : 1<\/li>\n<li>Strands Upotettava LED-\u00c4\u00e4rivalo, Kirkas : 5<\/li>\n<li>Strands upotettava LED-\u00c4\u00e4rivalo, Keltainen : 2<\/li>\n<\/ul>","protected":false},"excerpt":{"rendered":"<p><span style=\"font-weight: bold\">Flera modellalternativ tillg\u00e4ngliga!<\/span><\/p>","protected":false},"featured_media":50802,"comment_status":"open","ping_status":"closed","template":"","meta":{"_improvement_type_select":"improve_an_existing","_thumb_yes_seoaic":false,"_frame_yes_seoaic":false,"seoaic_generate_description":"","seoaic_improve_instructions_prompt":"","seoaic_rollback_content_improvement":"","seoaic_idea_thumbnail_generator":"","thumbnail_generated":false,"thumbnail_generate_prompt":"","seoaic_article_description":""},"make_fuel_type":[],"make_model":[6941],"make_brand":[6374],"make_year":[6373],"pwb-brand":[8348],"product_brand":[],"product_cat":[6092,6094],"product_tag":[],"class_list":{"0":"post-50804","1":"product","2":"type-product","3":"status-publish","4":"has-post-thumbnail","6":"make_engine-vito-l1-h1","7":"make_engine-vito-l2-h1","8":"make_engine-vitol3-h1","9":"make_model-vito-facelift-2","10":"make_brand-mb-van","11":"make_year-van","12":"pwb-brand-brand_metec","13":"product_cat-front-spoiler-bars","14":"product_cat-front-spoiler-bars-for-vans","15":"product_shipping_class-lightbars","17":"first","18":"instock","19":"taxable","20":"shipping-taxable","21":"purchasable","22":"product-type-variable"},"yoast_head":"<!-- This site is optimized with the Yoast SEO plugin v25.7 - https:\/\/yoast.com\/wordpress\/plugins\/seo\/ -->\n<title>Front Spoiler Bar MB Vito 2024- RST-Steel<\/title>\n<meta name=\"description\" content=\"Front Spoiler Bar MB Vito 2024- and newer models. Compatible with park sensors. Check out this product and get yours today!\" \/>\n<meta name=\"robots\" content=\"index, follow, max-snippet:-1, max-image-preview:large, max-video-preview:-1\" \/>\n<link rel=\"canonical\" href=\"https:\/\/com.rst-steel.eu\/sv\/produkt\/spoilerbage-fram-mb-vito-2024-_prm_75883\/\" \/>\n<meta property=\"og:locale\" content=\"sv_SE\" \/>\n<meta property=\"og:type\" content=\"article\" \/>\n<meta property=\"og:title\" content=\"Front Spoiler Bar MB Vito 2024- RST-Steel\" \/>\n<meta property=\"og:description\" content=\"Front Spoiler Bar MB Vito 2024- and newer models. Compatible with park sensors. Check out this product and get yours today!\" \/>\n<meta property=\"og:url\" content=\"https:\/\/com.rst-steel.eu\/sv\/produkt\/spoilerbage-fram-mb-vito-2024-_prm_75883\/\" \/>\n<meta property=\"og:site_name\" content=\"RST-Steel\" \/>\n<meta property=\"article:publisher\" content=\"https:\/\/www.facebook.com\/rststeel\" \/>\n<meta property=\"article:modified_time\" content=\"2026-03-16T06:18:58+00:00\" \/>\n<meta property=\"og:image\" content=\"https:\/\/com.rst-steel.eu\/wp-content\/uploads\/2025\/03\/114108511ece4a5268753c4b599455dbedd1647d_Metec_Etuhelmaputki_MB_Vito_2024_.jpg\" \/>\n\t<meta property=\"og:image:width\" content=\"800\" \/>\n\t<meta property=\"og:image:height\" content=\"600\" \/>\n\t<meta property=\"og:image:type\" content=\"image\/jpeg\" \/>\n<meta name=\"twitter:card\" content=\"summary_large_image\" \/>\n<meta name=\"twitter:label1\" content=\"Ber\u00e4knad l\u00e4stid\" \/>\n\t<meta name=\"twitter:data1\" content=\"1 minut\" \/>\n<script type=\"application\/ld+json\" class=\"yoast-schema-graph\">{\"@context\":\"https:\/\/schema.org\",\"@graph\":[{\"@type\":\"WebPage\",\"@id\":\"https:\/\/com.rst-steel.eu\/nb\/produkt\/spoilerstang-foran-mb-vito-2024-_prm_75883\/\",\"url\":\"https:\/\/com.rst-steel.eu\/nb\/produkt\/spoilerstang-foran-mb-vito-2024-_prm_75883\/\",\"name\":\"Front Spoiler Bar MB Vito 2024- RST-Steel\",\"isPartOf\":{\"@id\":\"https:\/\/com.rst-steel.eu\/#website\"},\"primaryImageOfPage\":{\"@id\":\"https:\/\/com.rst-steel.eu\/nb\/produkt\/spoilerstang-foran-mb-vito-2024-_prm_75883\/#primaryimage\"},\"image\":{\"@id\":\"https:\/\/com.rst-steel.eu\/nb\/produkt\/spoilerstang-foran-mb-vito-2024-_prm_75883\/#primaryimage\"},\"thumbnailUrl\":\"https:\/\/com.rst-steel.eu\/wp-content\/uploads\/2025\/03\/114108511ece4a5268753c4b599455dbedd1647d_Metec_Etuhelmaputki_MB_Vito_2024_.jpg\",\"datePublished\":\"2025-03-18T11:05:16+00:00\",\"dateModified\":\"2026-03-16T06:18:58+00:00\",\"description\":\"Front Spoiler Bar MB Vito 2024- and newer models. Compatible with park sensors. Check out this product and get yours today!\",\"breadcrumb\":{\"@id\":\"https:\/\/com.rst-steel.eu\/nb\/produkt\/spoilerstang-foran-mb-vito-2024-_prm_75883\/#breadcrumb\"},\"inLanguage\":\"sv-SE\",\"potentialAction\":[{\"@type\":\"ReadAction\",\"target\":[\"https:\/\/com.rst-steel.eu\/nb\/produkt\/spoilerstang-foran-mb-vito-2024-_prm_75883\/\"]}]},{\"@type\":\"ImageObject\",\"inLanguage\":\"sv-SE\",\"@id\":\"https:\/\/com.rst-steel.eu\/nb\/produkt\/spoilerstang-foran-mb-vito-2024-_prm_75883\/#primaryimage\",\"url\":\"https:\/\/com.rst-steel.eu\/wp-content\/uploads\/2025\/03\/114108511ece4a5268753c4b599455dbedd1647d_Metec_Etuhelmaputki_MB_Vito_2024_.jpg\",\"contentUrl\":\"https:\/\/com.rst-steel.eu\/wp-content\/uploads\/2025\/03\/114108511ece4a5268753c4b599455dbedd1647d_Metec_Etuhelmaputki_MB_Vito_2024_.jpg\",\"width\":800,\"height\":600,\"caption\":\"Front Spoiler Bar MB Vito 2024-\"},{\"@type\":\"BreadcrumbList\",\"@id\":\"https:\/\/com.rst-steel.eu\/nb\/produkt\/spoilerstang-foran-mb-vito-2024-_prm_75883\/#breadcrumb\",\"itemListElement\":[{\"@type\":\"ListItem\",\"position\":1,\"name\":\"Home\",\"item\":\"https:\/\/com.rst-steel.eu\/\"},{\"@type\":\"ListItem\",\"position\":2,\"name\":\"RST-Steel Shop\",\"item\":\"https:\/\/com.rst-steel.eu\/shop\/\"},{\"@type\":\"ListItem\",\"position\":3,\"name\":\"Front Spoiler Bar MB Vito 2024-\"}]},{\"@type\":\"WebSite\",\"@id\":\"https:\/\/com.rst-steel.eu\/#website\",\"url\":\"https:\/\/com.rst-steel.eu\/\",\"name\":\"RST-Steel.com\",\"description\":\"Finnish quality steel, for quality-conscious drivers\",\"publisher\":{\"@id\":\"https:\/\/com.rst-steel.eu\/#organization\"},\"alternateName\":\"Safe and stylish RST-Steel quality\",\"potentialAction\":[{\"@type\":\"SearchAction\",\"target\":{\"@type\":\"EntryPoint\",\"urlTemplate\":\"https:\/\/com.rst-steel.eu\/?s={search_term_string}\"},\"query-input\":{\"@type\":\"PropertyValueSpecification\",\"valueRequired\":true,\"valueName\":\"search_term_string\"}}],\"inLanguage\":\"sv-SE\"},{\"@type\":\"Organization\",\"@id\":\"https:\/\/com.rst-steel.eu\/#organization\",\"name\":\"RST-Steel Oy\",\"url\":\"https:\/\/com.rst-steel.eu\/\",\"logo\":{\"@type\":\"ImageObject\",\"inLanguage\":\"sv-SE\",\"@id\":\"https:\/\/com.rst-steel.eu\/#\/schema\/logo\/image\/\",\"url\":\"https:\/\/com.rst-steel.eu\/wp-content\/uploads\/2023\/04\/cropped-Rst-logo-valkoinen-teksti-3.png\",\"contentUrl\":\"https:\/\/com.rst-steel.eu\/wp-content\/uploads\/2023\/04\/cropped-Rst-logo-valkoinen-teksti-3.png\",\"width\":512,\"height\":115,\"caption\":\"RST-Steel Oy\"},\"image\":{\"@id\":\"https:\/\/com.rst-steel.eu\/#\/schema\/logo\/image\/\"},\"sameAs\":[\"https:\/\/www.facebook.com\/rststeel\",\"https:\/\/www.instagram.com\/rststeeloy\/\"]}]}<\/script>\n<!-- \/ Yoast SEO plugin. -->","yoast_head_json":{"title":"Frontspoiler MB Vito 2024- RST-Steel","description":"Frontspoiler MB Vito 2024- och nyare modeller. Kompatibel med parkeringssensorer. Kolla in den h\u00e4r produkten och skaffa din idag!","robots":{"index":"index","follow":"follow","max-snippet":"max-snippet:-1","max-image-preview":"max-image-preview:large","max-video-preview":"max-video-preview:-1"},"canonical":"https:\/\/com.rst-steel.eu\/sv\/produkt\/spoilerbage-fram-mb-vito-2024-_prm_75883\/","og_locale":"sv_SE","og_type":"article","og_title":"Front Spoiler Bar MB Vito 2024- RST-Steel","og_description":"Front Spoiler Bar MB Vito 2024- and newer models. Compatible with park sensors. Check out this product and get yours today!","og_url":"https:\/\/com.rst-steel.eu\/sv\/produkt\/spoilerbage-fram-mb-vito-2024-_prm_75883\/","og_site_name":"RST-Steel","article_publisher":"https:\/\/www.facebook.com\/rststeel","article_modified_time":"2026-03-16T06:18:58+00:00","og_image":[{"width":800,"height":600,"url":"https:\/\/com.rst-steel.eu\/wp-content\/uploads\/2025\/03\/114108511ece4a5268753c4b599455dbedd1647d_Metec_Etuhelmaputki_MB_Vito_2024_.jpg","type":"image\/jpeg"}],"twitter_card":"summary_large_image","twitter_misc":{"Ber\u00e4knad l\u00e4stid":"1 minut"},"schema":{"@context":"https:\/\/schema.org","@graph":[{"@type":"WebPage","@id":"https:\/\/com.rst-steel.eu\/nb\/produkt\/spoilerstang-foran-mb-vito-2024-_prm_75883\/","url":"https:\/\/com.rst-steel.eu\/nb\/produkt\/spoilerstang-foran-mb-vito-2024-_prm_75883\/","name":"Frontspoiler MB Vito 2024- RST-Steel","isPartOf":{"@id":"https:\/\/com.rst-steel.eu\/#website"},"primaryImageOfPage":{"@id":"https:\/\/com.rst-steel.eu\/nb\/produkt\/spoilerstang-foran-mb-vito-2024-_prm_75883\/#primaryimage"},"image":{"@id":"https:\/\/com.rst-steel.eu\/nb\/produkt\/spoilerstang-foran-mb-vito-2024-_prm_75883\/#primaryimage"},"thumbnailUrl":"https:\/\/com.rst-steel.eu\/wp-content\/uploads\/2025\/03\/114108511ece4a5268753c4b599455dbedd1647d_Metec_Etuhelmaputki_MB_Vito_2024_.jpg","datePublished":"2025-03-18T11:05:16+00:00","dateModified":"2026-03-16T06:18:58+00:00","description":"Frontspoiler MB Vito 2024- och nyare modeller. Kompatibel med parkeringssensorer. Kolla in den h\u00e4r produkten och skaffa din idag!","breadcrumb":{"@id":"https:\/\/com.rst-steel.eu\/nb\/produkt\/spoilerstang-foran-mb-vito-2024-_prm_75883\/#breadcrumb"},"inLanguage":"sv-SE","potentialAction":[{"@type":"ReadAction","target":["https:\/\/com.rst-steel.eu\/nb\/produkt\/spoilerstang-foran-mb-vito-2024-_prm_75883\/"]}]},{"@type":"ImageObject","inLanguage":"sv-SE","@id":"https:\/\/com.rst-steel.eu\/nb\/produkt\/spoilerstang-foran-mb-vito-2024-_prm_75883\/#primaryimage","url":"https:\/\/com.rst-steel.eu\/wp-content\/uploads\/2025\/03\/114108511ece4a5268753c4b599455dbedd1647d_Metec_Etuhelmaputki_MB_Vito_2024_.jpg","contentUrl":"https:\/\/com.rst-steel.eu\/wp-content\/uploads\/2025\/03\/114108511ece4a5268753c4b599455dbedd1647d_Metec_Etuhelmaputki_MB_Vito_2024_.jpg","width":800,"height":600,"caption":"Front Spoiler Bar MB Vito 2024-"},{"@type":"BreadcrumbList","@id":"https:\/\/com.rst-steel.eu\/nb\/produkt\/spoilerstang-foran-mb-vito-2024-_prm_75883\/#breadcrumb","itemListElement":[{"@type":"ListItem","position":1,"name":"Home","item":"https:\/\/com.rst-steel.eu\/"},{"@type":"ListItem","position":2,"name":"RST-Steel Shop","item":"https:\/\/com.rst-steel.eu\/shop\/"},{"@type":"ListItem","position":3,"name":"Front Spoiler Bar MB Vito 2024-"}]},{"@type":"WebSite","@id":"https:\/\/com.rst-steel.eu\/#website","url":"https:\/\/com.rst-steel.eu\/","name":"RST-Stahl.com","description":"Finskt kvalitetsst\u00e5l, f\u00f6r kvalitetsmedvetna f\u00f6rare","publisher":{"@id":"https:\/\/com.rst-steel.eu\/#organization"},"alternateName":"Safe and stylish RST-Steel quality","potentialAction":[{"@type":"SearchAction","target":{"@type":"EntryPoint","urlTemplate":"https:\/\/com.rst-steel.eu\/?s={search_term_string}"},"query-input":{"@type":"PropertyValueSpecification","valueRequired":true,"valueName":"search_term_string"}}],"inLanguage":"sv-SE"},{"@type":"Organization","@id":"https:\/\/com.rst-steel.eu\/#organization","name":"RST-Steel Oy","url":"https:\/\/com.rst-steel.eu\/","logo":{"@type":"ImageObject","inLanguage":"sv-SE","@id":"https:\/\/com.rst-steel.eu\/#\/schema\/logo\/image\/","url":"https:\/\/com.rst-steel.eu\/wp-content\/uploads\/2023\/04\/cropped-Rst-logo-valkoinen-teksti-3.png","contentUrl":"https:\/\/com.rst-steel.eu\/wp-content\/uploads\/2023\/04\/cropped-Rst-logo-valkoinen-teksti-3.png","width":512,"height":115,"caption":"RST-Steel Oy"},"image":{"@id":"https:\/\/com.rst-steel.eu\/#\/schema\/logo\/image\/"},"sameAs":["https:\/\/www.facebook.com\/rststeel","https:\/\/www.instagram.com\/rststeeloy\/"]}]}},"brands":[{"id":8348,"name":"Metec","slug":"brand_metec"}],"_links":{"self":[{"href":"https:\/\/com.rst-steel.eu\/sv\/wp-json\/wp\/v2\/product\/50804","targetHints":{"allow":["GET"]}}],"collection":[{"href":"https:\/\/com.rst-steel.eu\/sv\/wp-json\/wp\/v2\/product"}],"about":[{"href":"https:\/\/com.rst-steel.eu\/sv\/wp-json\/wp\/v2\/types\/product"}],"replies":[{"embeddable":true,"href":"https:\/\/com.rst-steel.eu\/sv\/wp-json\/wp\/v2\/comments?post=50804"}],"version-history":[{"count":0,"href":"https:\/\/com.rst-steel.eu\/sv\/wp-json\/wp\/v2\/product\/50804\/revisions"}],"wp:featuredmedia":[{"embeddable":true,"href":"https:\/\/com.rst-steel.eu\/sv\/wp-json\/wp\/v2\/media\/50802"}],"wp:attachment":[{"href":"https:\/\/com.rst-steel.eu\/sv\/wp-json\/wp\/v2\/media?parent=50804"}],"wp:term":[{"taxonomy":"make_fuel_type","embeddable":true,"href":"https:\/\/com.rst-steel.eu\/sv\/wp-json\/wp\/v2\/make_fuel_type?post=50804"},{"taxonomy":"make_model","embeddable":true,"href":"https:\/\/com.rst-steel.eu\/sv\/wp-json\/wp\/v2\/make_model?post=50804"},{"taxonomy":"make_brand","embeddable":true,"href":"https:\/\/com.rst-steel.eu\/sv\/wp-json\/wp\/v2\/make_brand?post=50804"},{"taxonomy":"make_year","embeddable":true,"href":"https:\/\/com.rst-steel.eu\/sv\/wp-json\/wp\/v2\/make_year?post=50804"},{"taxonomy":"pwb-brand","embeddable":true,"href":"https:\/\/com.rst-steel.eu\/sv\/wp-json\/wp\/v2\/pwb-brand?post=50804"},{"taxonomy":"product_brand","embeddable":true,"href":"https:\/\/com.rst-steel.eu\/sv\/wp-json\/wp\/v2\/product_brand?post=50804"},{"taxonomy":"product_cat","embeddable":true,"href":"https:\/\/com.rst-steel.eu\/sv\/wp-json\/wp\/v2\/product_cat?post=50804"},{"taxonomy":"product_tag","embeddable":true,"href":"https:\/\/com.rst-steel.eu\/sv\/wp-json\/wp\/v2\/product_tag?post=50804"}],"curies":[{"name":"wp","href":"https:\/\/api.w.org\/{rel}","templated":true}]}}