{"id":50795,"date":"2025-03-18T14:04:34","date_gmt":"2025-03-18T11:04:34","guid":{"rendered":"https:\/\/rst-steel.com\/product\/all-around-roof-bar-mb-vito-a3_prm_75531\/"},"modified":"2026-03-16T09:18:26","modified_gmt":"2026-03-16T06:18:26","slug":"allround-takbage-mb-vito-a3_prm_75531","status":"publish","type":"product","link":"https:\/\/com.rst-steel.eu\/sv\/produkt\/allround-takbage-mb-vito-a3_prm_75531\/","title":{"rendered":"Takb\u00e5ge MB Vito A3"},"content":{"rendered":"<p>Takb\u00e5ge MB Vito A3<\/p>\n<ul>\n<li><\/li>\n<\/ul>\n<p>&nbsp;<\/p>\n<p>RST-Steel:s takr\u00e4cken \u00e4r h\u00f6gkvalitativa produkter som tillverkas i Finland av rostfritt st\u00e5l.<\/p>\n<p>Takst\u00e4ngerna f\u00f6rst\u00e4rker hyttens eleganta linjer, och samma st\u00e5ng kan ocks\u00e5 anv\u00e4ndas f\u00f6r att installera Lazer extraljus f\u00f6r \u00f6kad s\u00e4kerhet. Takst\u00e4ngerna kan ocks\u00e5 utrustas med positionsljus, vilket ytterligare f\u00f6rb\u00e4ttrar sikten i trafiken.<\/p>\n<p>Den h\u00e4r takst\u00e5ngen \u00e4r tillverkad av rostfritt st\u00e5l och har en diameter p\u00e5 60 mm, kombinerat med en handbearbetad design, vilket garanterar h\u00e5llbarhet i flera \u00e5r snarare \u00e4n bara en enda s\u00e4song.<\/p>\n<p>I produkten ing\u00e5r en monteringssats i rostfritt st\u00e5l som \u00e4r s\u00e4rskilt anpassad f\u00f6r din bil, tillsammans med enkla installationsanvisningar.<\/p>\n<ul>\n<li><\/li>\n<\/ul>\n<p>&nbsp;<\/p>\n<p><span style=\"font-weight: bold;\">L\u00e4mplig f\u00f6r bilar med l\u00e5ng hjulbas (A3).<\/span><\/p>\n<p>Snabb och enkel installation<\/p>\n<ul>\n<li><\/li>\n<\/ul>\n<p>&nbsp;<\/p>\n<p><span style=\"font-weight: bold;\">Teknisk information:<\/span><\/p>\n<ul>\n<li>F\u00e4rg: Spegelpolerat rostfritt st\u00e5l eller pulverlackerat med RAL-f\u00e4rger<\/li>\n<li>St\u00e5ngdiameter: 60 mm<\/li>\n<li>4 st. ljusf\u00e4ste i fronten<\/li>\n<li><\/li>\n<\/ul>\n<p><span style=\"font-weight: bold;\">\u00a0<\/span><\/p>\n<p><span style=\"font-weight: bold;\">Leveransinneh\u00e5ll:<\/span><\/p>\n<ul>\n<li>All around roof bar MB Vito<\/li>\n<li>Monteringsf\u00e4sten som beh\u00f6vs f\u00f6r installation<\/li>\n<li>Instruktioner f\u00f6r installation<\/li>\n<\/ul>","protected":false},"excerpt":{"rendered":"<p><span style=\"font-weight: bold;\">En imponerande upps\u00e4ttning takr\u00e4cken f\u00f6r Mercedes-Benz Vito A3-modeller!<\/span><\/p>","protected":false},"featured_media":50792,"comment_status":"open","ping_status":"closed","template":"","meta":{"_improvement_type_select":"improve_an_existing","_thumb_yes_seoaic":false,"_frame_yes_seoaic":false,"seoaic_generate_description":"","seoaic_improve_instructions_prompt":"","seoaic_rollback_content_improvement":"","seoaic_idea_thumbnail_generator":"","thumbnail_generated":false,"thumbnail_generate_prompt":"","seoaic_article_description":""},"make_fuel_type":[],"make_model":[6375,6941,6380],"make_brand":[6374],"make_year":[6373],"pwb-brand":[8334],"product_brand":[],"product_cat":[8055,6057,6063],"product_tag":[6611,6610],"class_list":{"0":"post-50795","1":"product","2":"type-product","3":"status-publish","4":"has-post-thumbnail","6":"make_engine-vitol3-h1","7":"make_model-w447-vito","8":"make_model-vito-facelift-2","9":"make_model-w447-vito-facelift","10":"make_brand-mb-van","11":"make_year-van","12":"pwb-brand-brand_rststeel","13":"product_cat-mb-rb","14":"product_cat-lightbars","15":"product_cat-roofbars-for-vans","16":"product_tag-mercedes","17":"product_tag-mercedes-benz","18":"product_shipping_class-lightbars","20":"first","21":"onbackorder","22":"taxable","23":"shipping-taxable","24":"purchasable","25":"product-type-variable"},"yoast_head":"<!-- This site is optimized with the Yoast SEO plugin v25.7 - https:\/\/yoast.com\/wordpress\/plugins\/seo\/ -->\n<title>All around roof bar MB Vito A3 - RST-Steel<\/title>\n<meta name=\"description\" content=\"High-Quality All around roof bar for MB Vito W447 models. Suitable for cars with a long wheelbase (A3). Check out this product and get yours today!\" \/>\n<meta name=\"robots\" content=\"index, follow, max-snippet:-1, max-image-preview:large, max-video-preview:-1\" \/>\n<link rel=\"canonical\" href=\"https:\/\/com.rst-steel.eu\/sv\/produkt\/allround-takbage-mb-vito-a3_prm_75531\/\" \/>\n<meta property=\"og:locale\" content=\"sv_SE\" \/>\n<meta property=\"og:type\" content=\"article\" \/>\n<meta property=\"og:title\" content=\"All around roof bar MB Vito A3 - RST-Steel\" \/>\n<meta property=\"og:description\" content=\"High-Quality All around roof bar for MB Vito W447 models. Suitable for cars with a long wheelbase (A3). Check out this product and get yours today!\" \/>\n<meta property=\"og:url\" content=\"https:\/\/com.rst-steel.eu\/sv\/produkt\/allround-takbage-mb-vito-a3_prm_75531\/\" \/>\n<meta property=\"og:site_name\" content=\"RST-Steel\" \/>\n<meta property=\"article:publisher\" content=\"https:\/\/www.facebook.com\/rststeel\" \/>\n<meta property=\"article:modified_time\" content=\"2026-03-16T06:18:26+00:00\" \/>\n<meta property=\"og:image\" content=\"https:\/\/com.rst-steel.eu\/wp-content\/uploads\/2025\/03\/30ebc698ba6d9680d6c6c678d8952a65bc87322f_VIT020.jpg\" \/>\n\t<meta property=\"og:image:width\" content=\"1080\" \/>\n\t<meta property=\"og:image:height\" content=\"1080\" \/>\n\t<meta property=\"og:image:type\" content=\"image\/jpeg\" \/>\n<meta name=\"twitter:card\" content=\"summary_large_image\" \/>\n<meta name=\"twitter:label1\" content=\"Ber\u00e4knad l\u00e4stid\" \/>\n\t<meta name=\"twitter:data1\" content=\"1 minut\" \/>\n<script type=\"application\/ld+json\" class=\"yoast-schema-graph\">{\"@context\":\"https:\/\/schema.org\",\"@graph\":[{\"@type\":\"WebPage\",\"@id\":\"https:\/\/com.rst-steel.eu\/product\/all-around-roof-bar-mb-vito-a3_prm_75531\/\",\"url\":\"https:\/\/com.rst-steel.eu\/product\/all-around-roof-bar-mb-vito-a3_prm_75531\/\",\"name\":\"All around roof bar MB Vito A3 - RST-Steel\",\"isPartOf\":{\"@id\":\"https:\/\/com.rst-steel.eu\/#website\"},\"primaryImageOfPage\":{\"@id\":\"https:\/\/com.rst-steel.eu\/product\/all-around-roof-bar-mb-vito-a3_prm_75531\/#primaryimage\"},\"image\":{\"@id\":\"https:\/\/com.rst-steel.eu\/product\/all-around-roof-bar-mb-vito-a3_prm_75531\/#primaryimage\"},\"thumbnailUrl\":\"https:\/\/com.rst-steel.eu\/wp-content\/uploads\/2025\/03\/30ebc698ba6d9680d6c6c678d8952a65bc87322f_VIT020.jpg\",\"datePublished\":\"2025-03-18T11:04:34+00:00\",\"dateModified\":\"2026-03-16T06:18:26+00:00\",\"description\":\"High-Quality All around roof bar for MB Vito W447 models. Suitable for cars with a long wheelbase (A3). Check out this product and get yours today!\",\"breadcrumb\":{\"@id\":\"https:\/\/com.rst-steel.eu\/product\/all-around-roof-bar-mb-vito-a3_prm_75531\/#breadcrumb\"},\"inLanguage\":\"sv-SE\",\"potentialAction\":[{\"@type\":\"ReadAction\",\"target\":[\"https:\/\/com.rst-steel.eu\/product\/all-around-roof-bar-mb-vito-a3_prm_75531\/\"]}]},{\"@type\":\"ImageObject\",\"inLanguage\":\"sv-SE\",\"@id\":\"https:\/\/com.rst-steel.eu\/product\/all-around-roof-bar-mb-vito-a3_prm_75531\/#primaryimage\",\"url\":\"https:\/\/com.rst-steel.eu\/wp-content\/uploads\/2025\/03\/30ebc698ba6d9680d6c6c678d8952a65bc87322f_VIT020.jpg\",\"contentUrl\":\"https:\/\/com.rst-steel.eu\/wp-content\/uploads\/2025\/03\/30ebc698ba6d9680d6c6c678d8952a65bc87322f_VIT020.jpg\",\"width\":1080,\"height\":1080,\"caption\":\"All around roof bar MB Vito A3\"},{\"@type\":\"BreadcrumbList\",\"@id\":\"https:\/\/com.rst-steel.eu\/product\/all-around-roof-bar-mb-vito-a3_prm_75531\/#breadcrumb\",\"itemListElement\":[{\"@type\":\"ListItem\",\"position\":1,\"name\":\"Home\",\"item\":\"https:\/\/com.rst-steel.eu\/\"},{\"@type\":\"ListItem\",\"position\":2,\"name\":\"RST-Steel Shop\",\"item\":\"https:\/\/com.rst-steel.eu\/shop\/\"},{\"@type\":\"ListItem\",\"position\":3,\"name\":\"All around roof bar MB Vito A3\"}]},{\"@type\":\"WebSite\",\"@id\":\"https:\/\/com.rst-steel.eu\/#website\",\"url\":\"https:\/\/com.rst-steel.eu\/\",\"name\":\"RST-Steel.com\",\"description\":\"Finnish quality steel, for quality-conscious drivers\",\"publisher\":{\"@id\":\"https:\/\/com.rst-steel.eu\/#organization\"},\"alternateName\":\"Safe and stylish RST-Steel quality\",\"potentialAction\":[{\"@type\":\"SearchAction\",\"target\":{\"@type\":\"EntryPoint\",\"urlTemplate\":\"https:\/\/com.rst-steel.eu\/?s={search_term_string}\"},\"query-input\":{\"@type\":\"PropertyValueSpecification\",\"valueRequired\":true,\"valueName\":\"search_term_string\"}}],\"inLanguage\":\"sv-SE\"},{\"@type\":\"Organization\",\"@id\":\"https:\/\/com.rst-steel.eu\/#organization\",\"name\":\"RST-Steel Oy\",\"url\":\"https:\/\/com.rst-steel.eu\/\",\"logo\":{\"@type\":\"ImageObject\",\"inLanguage\":\"sv-SE\",\"@id\":\"https:\/\/com.rst-steel.eu\/#\/schema\/logo\/image\/\",\"url\":\"https:\/\/com.rst-steel.eu\/wp-content\/uploads\/2023\/04\/cropped-Rst-logo-valkoinen-teksti-3.png\",\"contentUrl\":\"https:\/\/com.rst-steel.eu\/wp-content\/uploads\/2023\/04\/cropped-Rst-logo-valkoinen-teksti-3.png\",\"width\":512,\"height\":115,\"caption\":\"RST-Steel Oy\"},\"image\":{\"@id\":\"https:\/\/com.rst-steel.eu\/#\/schema\/logo\/image\/\"},\"sameAs\":[\"https:\/\/www.facebook.com\/rststeel\",\"https:\/\/www.instagram.com\/rststeeloy\/\"]}]}<\/script>\n<!-- \/ Yoast SEO plugin. -->","yoast_head_json":{"title":"Takr\u00e4cke runt om MB Vito A3 - RST-Steel","description":"H\u00f6gkvalitativ Allround takb\u00e5ge f\u00f6r MB Vito W447-modeller. L\u00e4mplig f\u00f6r bilar med l\u00e5ng hjulbas (A3). Kolla in den h\u00e4r produkten och skaffa din idag!","robots":{"index":"index","follow":"follow","max-snippet":"max-snippet:-1","max-image-preview":"max-image-preview:large","max-video-preview":"max-video-preview:-1"},"canonical":"https:\/\/com.rst-steel.eu\/sv\/produkt\/allround-takbage-mb-vito-a3_prm_75531\/","og_locale":"sv_SE","og_type":"article","og_title":"All around roof bar MB Vito A3 - RST-Steel","og_description":"High-Quality All around roof bar for MB Vito W447 models. Suitable for cars with a long wheelbase (A3). Check out this product and get yours today!","og_url":"https:\/\/com.rst-steel.eu\/sv\/produkt\/allround-takbage-mb-vito-a3_prm_75531\/","og_site_name":"RST-Steel","article_publisher":"https:\/\/www.facebook.com\/rststeel","article_modified_time":"2026-03-16T06:18:26+00:00","og_image":[{"width":1080,"height":1080,"url":"https:\/\/com.rst-steel.eu\/wp-content\/uploads\/2025\/03\/30ebc698ba6d9680d6c6c678d8952a65bc87322f_VIT020.jpg","type":"image\/jpeg"}],"twitter_card":"summary_large_image","twitter_misc":{"Ber\u00e4knad l\u00e4stid":"1 minut"},"schema":{"@context":"https:\/\/schema.org","@graph":[{"@type":"WebPage","@id":"https:\/\/com.rst-steel.eu\/product\/all-around-roof-bar-mb-vito-a3_prm_75531\/","url":"https:\/\/com.rst-steel.eu\/product\/all-around-roof-bar-mb-vito-a3_prm_75531\/","name":"Takr\u00e4cke runt om MB Vito A3 - RST-Steel","isPartOf":{"@id":"https:\/\/com.rst-steel.eu\/#website"},"primaryImageOfPage":{"@id":"https:\/\/com.rst-steel.eu\/product\/all-around-roof-bar-mb-vito-a3_prm_75531\/#primaryimage"},"image":{"@id":"https:\/\/com.rst-steel.eu\/product\/all-around-roof-bar-mb-vito-a3_prm_75531\/#primaryimage"},"thumbnailUrl":"https:\/\/com.rst-steel.eu\/wp-content\/uploads\/2025\/03\/30ebc698ba6d9680d6c6c678d8952a65bc87322f_VIT020.jpg","datePublished":"2025-03-18T11:04:34+00:00","dateModified":"2026-03-16T06:18:26+00:00","description":"H\u00f6gkvalitativ Allround takb\u00e5ge f\u00f6r MB Vito W447-modeller. L\u00e4mplig f\u00f6r bilar med l\u00e5ng hjulbas (A3). Kolla in den h\u00e4r produkten och skaffa din idag!","breadcrumb":{"@id":"https:\/\/com.rst-steel.eu\/product\/all-around-roof-bar-mb-vito-a3_prm_75531\/#breadcrumb"},"inLanguage":"sv-SE","potentialAction":[{"@type":"ReadAction","target":["https:\/\/com.rst-steel.eu\/product\/all-around-roof-bar-mb-vito-a3_prm_75531\/"]}]},{"@type":"ImageObject","inLanguage":"sv-SE","@id":"https:\/\/com.rst-steel.eu\/product\/all-around-roof-bar-mb-vito-a3_prm_75531\/#primaryimage","url":"https:\/\/com.rst-steel.eu\/wp-content\/uploads\/2025\/03\/30ebc698ba6d9680d6c6c678d8952a65bc87322f_VIT020.jpg","contentUrl":"https:\/\/com.rst-steel.eu\/wp-content\/uploads\/2025\/03\/30ebc698ba6d9680d6c6c678d8952a65bc87322f_VIT020.jpg","width":1080,"height":1080,"caption":"All around roof bar MB Vito A3"},{"@type":"BreadcrumbList","@id":"https:\/\/com.rst-steel.eu\/product\/all-around-roof-bar-mb-vito-a3_prm_75531\/#breadcrumb","itemListElement":[{"@type":"ListItem","position":1,"name":"Home","item":"https:\/\/com.rst-steel.eu\/"},{"@type":"ListItem","position":2,"name":"RST-Steel Shop","item":"https:\/\/com.rst-steel.eu\/shop\/"},{"@type":"ListItem","position":3,"name":"All around roof bar MB Vito A3"}]},{"@type":"WebSite","@id":"https:\/\/com.rst-steel.eu\/#website","url":"https:\/\/com.rst-steel.eu\/","name":"RST-Stahl.com","description":"Finskt kvalitetsst\u00e5l, f\u00f6r kvalitetsmedvetna f\u00f6rare","publisher":{"@id":"https:\/\/com.rst-steel.eu\/#organization"},"alternateName":"Safe and stylish RST-Steel quality","potentialAction":[{"@type":"SearchAction","target":{"@type":"EntryPoint","urlTemplate":"https:\/\/com.rst-steel.eu\/?s={search_term_string}"},"query-input":{"@type":"PropertyValueSpecification","valueRequired":true,"valueName":"search_term_string"}}],"inLanguage":"sv-SE"},{"@type":"Organization","@id":"https:\/\/com.rst-steel.eu\/#organization","name":"RST-Steel Oy","url":"https:\/\/com.rst-steel.eu\/","logo":{"@type":"ImageObject","inLanguage":"sv-SE","@id":"https:\/\/com.rst-steel.eu\/#\/schema\/logo\/image\/","url":"https:\/\/com.rst-steel.eu\/wp-content\/uploads\/2023\/04\/cropped-Rst-logo-valkoinen-teksti-3.png","contentUrl":"https:\/\/com.rst-steel.eu\/wp-content\/uploads\/2023\/04\/cropped-Rst-logo-valkoinen-teksti-3.png","width":512,"height":115,"caption":"RST-Steel Oy"},"image":{"@id":"https:\/\/com.rst-steel.eu\/#\/schema\/logo\/image\/"},"sameAs":["https:\/\/www.facebook.com\/rststeel","https:\/\/www.instagram.com\/rststeeloy\/"]}]}},"brands":[{"id":8334,"name":"RST-Steel","slug":"brand_rststeel"}],"_links":{"self":[{"href":"https:\/\/com.rst-steel.eu\/sv\/wp-json\/wp\/v2\/product\/50795","targetHints":{"allow":["GET"]}}],"collection":[{"href":"https:\/\/com.rst-steel.eu\/sv\/wp-json\/wp\/v2\/product"}],"about":[{"href":"https:\/\/com.rst-steel.eu\/sv\/wp-json\/wp\/v2\/types\/product"}],"replies":[{"embeddable":true,"href":"https:\/\/com.rst-steel.eu\/sv\/wp-json\/wp\/v2\/comments?post=50795"}],"version-history":[{"count":0,"href":"https:\/\/com.rst-steel.eu\/sv\/wp-json\/wp\/v2\/product\/50795\/revisions"}],"wp:featuredmedia":[{"embeddable":true,"href":"https:\/\/com.rst-steel.eu\/sv\/wp-json\/wp\/v2\/media\/50792"}],"wp:attachment":[{"href":"https:\/\/com.rst-steel.eu\/sv\/wp-json\/wp\/v2\/media?parent=50795"}],"wp:term":[{"taxonomy":"make_fuel_type","embeddable":true,"href":"https:\/\/com.rst-steel.eu\/sv\/wp-json\/wp\/v2\/make_fuel_type?post=50795"},{"taxonomy":"make_model","embeddable":true,"href":"https:\/\/com.rst-steel.eu\/sv\/wp-json\/wp\/v2\/make_model?post=50795"},{"taxonomy":"make_brand","embeddable":true,"href":"https:\/\/com.rst-steel.eu\/sv\/wp-json\/wp\/v2\/make_brand?post=50795"},{"taxonomy":"make_year","embeddable":true,"href":"https:\/\/com.rst-steel.eu\/sv\/wp-json\/wp\/v2\/make_year?post=50795"},{"taxonomy":"pwb-brand","embeddable":true,"href":"https:\/\/com.rst-steel.eu\/sv\/wp-json\/wp\/v2\/pwb-brand?post=50795"},{"taxonomy":"product_brand","embeddable":true,"href":"https:\/\/com.rst-steel.eu\/sv\/wp-json\/wp\/v2\/product_brand?post=50795"},{"taxonomy":"product_cat","embeddable":true,"href":"https:\/\/com.rst-steel.eu\/sv\/wp-json\/wp\/v2\/product_cat?post=50795"},{"taxonomy":"product_tag","embeddable":true,"href":"https:\/\/com.rst-steel.eu\/sv\/wp-json\/wp\/v2\/product_tag?post=50795"}],"curies":[{"name":"wp","href":"https:\/\/api.w.org\/{rel}","templated":true}]}}