{"id":50560,"date":"2025-03-11T11:55:56","date_gmt":"2025-03-11T08:55:56","guid":{"rendered":"https:\/\/rst-steel.com\/product\/all-around-roof-bar-for-sprinter-a3_prm_70327\/"},"modified":"2026-03-16T09:19:29","modified_gmt":"2026-03-16T06:19:29","slug":"runt-om-takbage-for-sprinter-a3_prm_70327","status":"publish","type":"product","link":"https:\/\/com.rst-steel.eu\/sv\/produkt\/runt-om-takbage-for-sprinter-a3_prm_70327\/","title":{"rendered":"Takb\u00e5ge Sprinter A3"},"content":{"rendered":"<p><span style=\"font-weight: bold;\">Takb\u00e5ge Sprinter A3<\/span><\/p>\n<p>&nbsp;<\/p>\n<p>RST-Steels takb\u00e5gar \u00e4r h\u00f6gkvalitativa produkter tillverkade av rostfritt st\u00e5l.<\/p>\n<p>Takb\u00e5garna kan utrustas med extraljus och positionsljus, vilket f\u00f6rb\u00e4ttrar din sikt i trafiken och samtidigt \u00f6kar s\u00e4kerheten f\u00f6r dig sj\u00e4lv och andra trafikanter.<\/p>\n<p>Produkten best\u00e5r av tre delar: Fr\u00e4mre del, takb\u00e5gar och b\u00e5ge f\u00f6r arbetsljus<\/p>\n<p>Takb\u00e5gen har 5 ljusa LED-positionsljus framtill, 7 gula LED-positionsljus p\u00e5 b\u00e5da sidor och 4 r\u00f6da LED-positionsljus baktill. B\u00e5gen har ocks\u00e5 5+5 LED-varningslampor p\u00e5 b\u00e5da sidor och 2 baktill.<\/p>\n<p>&nbsp;<\/p>\n<p><span style=\"font-weight: bold;\">Teknisk information:<\/span><\/p>\n<ul>\n<li>F\u00e4rg: Polerat rostfritt st\u00e5l eller lackering med RAL-basf\u00e4rger<\/li>\n<li>R\u00f6rdiameter: 60 mm<\/li>\n<\/ul>\n<p>&nbsp;<\/p>\n<p><span style=\"font-weight: bold;\">Leveransinneh\u00e5ll:<\/span><\/p>\n<ul>\n<li>Takb\u00e5ge Sprinter A3<\/li>\n<li>Monteringsf\u00e4sten som beh\u00f6vs f\u00f6r installation<\/li>\n<li>Instruktioner f\u00f6r installation<\/li>\n<\/ul>","protected":false},"excerpt":{"rendered":"<p><span style=\"font-weight: bold;\">Ett imponerande set av b\u00e5gar f\u00f6r Mercedes-Benz Sprinter A3-modeller!<\/span><\/p>","protected":false},"featured_media":50558,"comment_status":"open","ping_status":"closed","template":"","meta":{"_improvement_type_select":"improve_an_existing","_thumb_yes_seoaic":false,"_frame_yes_seoaic":false,"seoaic_generate_description":"","seoaic_improve_instructions_prompt":"","seoaic_rollback_content_improvement":"","seoaic_idea_thumbnail_generator":"","thumbnail_generated":false,"thumbnail_generate_prompt":"","seoaic_article_description":""},"make_fuel_type":[],"make_model":[6377,6376],"make_brand":[6374],"make_year":[6373],"pwb-brand":[8334],"product_brand":[],"product_cat":[6057,6063],"product_tag":[6611,6610,8486,7549],"class_list":{"0":"post-50560","1":"product","2":"type-product","3":"status-publish","4":"has-post-thumbnail","6":"make_engine-sprinter-l3h2","7":"make_engine-sprinter-l3h3","8":"make_model-w906-facelift-sprinter","9":"make_model-w906-sprinter","10":"make_brand-mb-van","11":"make_year-van","12":"pwb-brand-brand_rststeel","13":"product_cat-lightbars","14":"product_cat-roofbars-for-vans","15":"product_tag-mercedes","16":"product_tag-mercedes-benz","17":"product_tag-sprinter","18":"product_tag-takbage","19":"product_shipping_class-lightbars","21":"first","22":"onbackorder","23":"taxable","24":"shipping-taxable","25":"purchasable","26":"product-type-variable"},"yoast_head":"<!-- This site is optimized with the Yoast SEO plugin v25.7 - https:\/\/yoast.com\/wordpress\/plugins\/seo\/ -->\n<title>All around roof bar for Sprinter A3 - RST-Steel<\/title>\n<meta name=\"description\" content=\"All-around roof bar for Sprinter A3 \u2013 durable, full-roof coverage for enhanced load capacity. Ideal for professional use!\" \/>\n<meta name=\"robots\" content=\"index, follow, max-snippet:-1, max-image-preview:large, max-video-preview:-1\" \/>\n<link rel=\"canonical\" href=\"https:\/\/com.rst-steel.eu\/sv\/produkt\/runt-om-takbage-for-sprinter-a3_prm_70327\/\" \/>\n<meta property=\"og:locale\" content=\"sv_SE\" \/>\n<meta property=\"og:type\" content=\"article\" \/>\n<meta property=\"og:title\" content=\"All around roof bar for Sprinter A3 - RST-Steel\" \/>\n<meta property=\"og:description\" content=\"All-around roof bar for Sprinter A3 \u2013 durable, full-roof coverage for enhanced load capacity. Ideal for professional use!\" \/>\n<meta property=\"og:url\" content=\"https:\/\/com.rst-steel.eu\/sv\/produkt\/runt-om-takbage-for-sprinter-a3_prm_70327\/\" \/>\n<meta property=\"og:site_name\" content=\"RST-Steel\" \/>\n<meta property=\"article:publisher\" content=\"https:\/\/www.facebook.com\/rststeel\" \/>\n<meta property=\"article:modified_time\" content=\"2026-03-16T06:19:29+00:00\" \/>\n<meta property=\"og:image\" content=\"https:\/\/com.rst-steel.eu\/wp-content\/uploads\/2025\/03\/8fed0dabebce803fe49e9f34ac65a54f5cf4069a_72ccdf07b17fc32a39e86c0473749555c2244a8b_SPR049B.jpeg\" \/>\n\t<meta property=\"og:image:width\" content=\"2000\" \/>\n\t<meta property=\"og:image:height\" content=\"1500\" \/>\n\t<meta property=\"og:image:type\" content=\"image\/jpeg\" \/>\n<meta name=\"twitter:card\" content=\"summary_large_image\" \/>\n<meta name=\"twitter:label1\" content=\"Ber\u00e4knad l\u00e4stid\" \/>\n\t<meta name=\"twitter:data1\" content=\"1 minut\" \/>\n<script type=\"application\/ld+json\" class=\"yoast-schema-graph\">{\"@context\":\"https:\/\/schema.org\",\"@graph\":[{\"@type\":\"WebPage\",\"@id\":\"https:\/\/com.rst-steel.eu\/nb\/produkt\/takboyle-rundt-hele-taket-til-sprinter-a3_prm_70327\/\",\"url\":\"https:\/\/com.rst-steel.eu\/nb\/produkt\/takboyle-rundt-hele-taket-til-sprinter-a3_prm_70327\/\",\"name\":\"All around roof bar for Sprinter A3 - RST-Steel\",\"isPartOf\":{\"@id\":\"https:\/\/com.rst-steel.eu\/#website\"},\"primaryImageOfPage\":{\"@id\":\"https:\/\/com.rst-steel.eu\/nb\/produkt\/takboyle-rundt-hele-taket-til-sprinter-a3_prm_70327\/#primaryimage\"},\"image\":{\"@id\":\"https:\/\/com.rst-steel.eu\/nb\/produkt\/takboyle-rundt-hele-taket-til-sprinter-a3_prm_70327\/#primaryimage\"},\"thumbnailUrl\":\"https:\/\/com.rst-steel.eu\/wp-content\/uploads\/2025\/03\/8fed0dabebce803fe49e9f34ac65a54f5cf4069a_72ccdf07b17fc32a39e86c0473749555c2244a8b_SPR049B.jpeg\",\"datePublished\":\"2025-03-11T08:55:56+00:00\",\"dateModified\":\"2026-03-16T06:19:29+00:00\",\"description\":\"All-around roof bar for Sprinter A3 \u2013 durable, full-roof coverage for enhanced load capacity. Ideal for professional use!\",\"breadcrumb\":{\"@id\":\"https:\/\/com.rst-steel.eu\/nb\/produkt\/takboyle-rundt-hele-taket-til-sprinter-a3_prm_70327\/#breadcrumb\"},\"inLanguage\":\"sv-SE\",\"potentialAction\":[{\"@type\":\"ReadAction\",\"target\":[\"https:\/\/com.rst-steel.eu\/nb\/produkt\/takboyle-rundt-hele-taket-til-sprinter-a3_prm_70327\/\"]}]},{\"@type\":\"ImageObject\",\"inLanguage\":\"sv-SE\",\"@id\":\"https:\/\/com.rst-steel.eu\/nb\/produkt\/takboyle-rundt-hele-taket-til-sprinter-a3_prm_70327\/#primaryimage\",\"url\":\"https:\/\/com.rst-steel.eu\/wp-content\/uploads\/2025\/03\/8fed0dabebce803fe49e9f34ac65a54f5cf4069a_72ccdf07b17fc32a39e86c0473749555c2244a8b_SPR049B.jpeg\",\"contentUrl\":\"https:\/\/com.rst-steel.eu\/wp-content\/uploads\/2025\/03\/8fed0dabebce803fe49e9f34ac65a54f5cf4069a_72ccdf07b17fc32a39e86c0473749555c2244a8b_SPR049B.jpeg\",\"width\":2000,\"height\":1500,\"caption\":\"All around roof bar for Sprinter A3\"},{\"@type\":\"BreadcrumbList\",\"@id\":\"https:\/\/com.rst-steel.eu\/nb\/produkt\/takboyle-rundt-hele-taket-til-sprinter-a3_prm_70327\/#breadcrumb\",\"itemListElement\":[{\"@type\":\"ListItem\",\"position\":1,\"name\":\"Home\",\"item\":\"https:\/\/com.rst-steel.eu\/\"},{\"@type\":\"ListItem\",\"position\":2,\"name\":\"RST-Steel Shop\",\"item\":\"https:\/\/com.rst-steel.eu\/shop\/\"},{\"@type\":\"ListItem\",\"position\":3,\"name\":\"All around roof bar for Sprinter A3\"}]},{\"@type\":\"WebSite\",\"@id\":\"https:\/\/com.rst-steel.eu\/#website\",\"url\":\"https:\/\/com.rst-steel.eu\/\",\"name\":\"RST-Steel.com\",\"description\":\"Finnish quality steel, for quality-conscious drivers\",\"publisher\":{\"@id\":\"https:\/\/com.rst-steel.eu\/#organization\"},\"alternateName\":\"Safe and stylish RST-Steel quality\",\"potentialAction\":[{\"@type\":\"SearchAction\",\"target\":{\"@type\":\"EntryPoint\",\"urlTemplate\":\"https:\/\/com.rst-steel.eu\/?s={search_term_string}\"},\"query-input\":{\"@type\":\"PropertyValueSpecification\",\"valueRequired\":true,\"valueName\":\"search_term_string\"}}],\"inLanguage\":\"sv-SE\"},{\"@type\":\"Organization\",\"@id\":\"https:\/\/com.rst-steel.eu\/#organization\",\"name\":\"RST-Steel Oy\",\"url\":\"https:\/\/com.rst-steel.eu\/\",\"logo\":{\"@type\":\"ImageObject\",\"inLanguage\":\"sv-SE\",\"@id\":\"https:\/\/com.rst-steel.eu\/#\/schema\/logo\/image\/\",\"url\":\"https:\/\/com.rst-steel.eu\/wp-content\/uploads\/2023\/04\/cropped-Rst-logo-valkoinen-teksti-3.png\",\"contentUrl\":\"https:\/\/com.rst-steel.eu\/wp-content\/uploads\/2023\/04\/cropped-Rst-logo-valkoinen-teksti-3.png\",\"width\":512,\"height\":115,\"caption\":\"RST-Steel Oy\"},\"image\":{\"@id\":\"https:\/\/com.rst-steel.eu\/#\/schema\/logo\/image\/\"},\"sameAs\":[\"https:\/\/www.facebook.com\/rststeel\",\"https:\/\/www.instagram.com\/rststeeloy\/\"]}]}<\/script>\n<!-- \/ Yoast SEO plugin. -->","yoast_head_json":{"title":"Omfattande takb\u00e5ge f\u00f6r Sprinter A3 - RST-Steel","description":"Allround takr\u00e4cke f\u00f6r Sprinter A3 - h\u00e5llbart, helt\u00e4ckande tak f\u00f6r \u00f6kad lastkapacitet. Idealisk f\u00f6r professionellt bruk!","robots":{"index":"index","follow":"follow","max-snippet":"max-snippet:-1","max-image-preview":"max-image-preview:large","max-video-preview":"max-video-preview:-1"},"canonical":"https:\/\/com.rst-steel.eu\/sv\/produkt\/runt-om-takbage-for-sprinter-a3_prm_70327\/","og_locale":"sv_SE","og_type":"article","og_title":"All around roof bar for Sprinter A3 - RST-Steel","og_description":"All-around roof bar for Sprinter A3 \u2013 durable, full-roof coverage for enhanced load capacity. Ideal for professional use!","og_url":"https:\/\/com.rst-steel.eu\/sv\/produkt\/runt-om-takbage-for-sprinter-a3_prm_70327\/","og_site_name":"RST-Steel","article_publisher":"https:\/\/www.facebook.com\/rststeel","article_modified_time":"2026-03-16T06:19:29+00:00","og_image":[{"width":2000,"height":1500,"url":"https:\/\/com.rst-steel.eu\/wp-content\/uploads\/2025\/03\/8fed0dabebce803fe49e9f34ac65a54f5cf4069a_72ccdf07b17fc32a39e86c0473749555c2244a8b_SPR049B.jpeg","type":"image\/jpeg"}],"twitter_card":"summary_large_image","twitter_misc":{"Ber\u00e4knad l\u00e4stid":"1 minut"},"schema":{"@context":"https:\/\/schema.org","@graph":[{"@type":"WebPage","@id":"https:\/\/com.rst-steel.eu\/nb\/produkt\/takboyle-rundt-hele-taket-til-sprinter-a3_prm_70327\/","url":"https:\/\/com.rst-steel.eu\/nb\/produkt\/takboyle-rundt-hele-taket-til-sprinter-a3_prm_70327\/","name":"Omfattande takb\u00e5ge f\u00f6r Sprinter A3 - RST-Steel","isPartOf":{"@id":"https:\/\/com.rst-steel.eu\/#website"},"primaryImageOfPage":{"@id":"https:\/\/com.rst-steel.eu\/nb\/produkt\/takboyle-rundt-hele-taket-til-sprinter-a3_prm_70327\/#primaryimage"},"image":{"@id":"https:\/\/com.rst-steel.eu\/nb\/produkt\/takboyle-rundt-hele-taket-til-sprinter-a3_prm_70327\/#primaryimage"},"thumbnailUrl":"https:\/\/com.rst-steel.eu\/wp-content\/uploads\/2025\/03\/8fed0dabebce803fe49e9f34ac65a54f5cf4069a_72ccdf07b17fc32a39e86c0473749555c2244a8b_SPR049B.jpeg","datePublished":"2025-03-11T08:55:56+00:00","dateModified":"2026-03-16T06:19:29+00:00","description":"Allround takr\u00e4cke f\u00f6r Sprinter A3 - h\u00e5llbart, helt\u00e4ckande tak f\u00f6r \u00f6kad lastkapacitet. Idealisk f\u00f6r professionellt bruk!","breadcrumb":{"@id":"https:\/\/com.rst-steel.eu\/nb\/produkt\/takboyle-rundt-hele-taket-til-sprinter-a3_prm_70327\/#breadcrumb"},"inLanguage":"sv-SE","potentialAction":[{"@type":"ReadAction","target":["https:\/\/com.rst-steel.eu\/nb\/produkt\/takboyle-rundt-hele-taket-til-sprinter-a3_prm_70327\/"]}]},{"@type":"ImageObject","inLanguage":"sv-SE","@id":"https:\/\/com.rst-steel.eu\/nb\/produkt\/takboyle-rundt-hele-taket-til-sprinter-a3_prm_70327\/#primaryimage","url":"https:\/\/com.rst-steel.eu\/wp-content\/uploads\/2025\/03\/8fed0dabebce803fe49e9f34ac65a54f5cf4069a_72ccdf07b17fc32a39e86c0473749555c2244a8b_SPR049B.jpeg","contentUrl":"https:\/\/com.rst-steel.eu\/wp-content\/uploads\/2025\/03\/8fed0dabebce803fe49e9f34ac65a54f5cf4069a_72ccdf07b17fc32a39e86c0473749555c2244a8b_SPR049B.jpeg","width":2000,"height":1500,"caption":"All around roof bar for Sprinter A3"},{"@type":"BreadcrumbList","@id":"https:\/\/com.rst-steel.eu\/nb\/produkt\/takboyle-rundt-hele-taket-til-sprinter-a3_prm_70327\/#breadcrumb","itemListElement":[{"@type":"ListItem","position":1,"name":"Home","item":"https:\/\/com.rst-steel.eu\/"},{"@type":"ListItem","position":2,"name":"RST-Steel Shop","item":"https:\/\/com.rst-steel.eu\/shop\/"},{"@type":"ListItem","position":3,"name":"All around roof bar for Sprinter A3"}]},{"@type":"WebSite","@id":"https:\/\/com.rst-steel.eu\/#website","url":"https:\/\/com.rst-steel.eu\/","name":"RST-Stahl.com","description":"Finskt kvalitetsst\u00e5l, f\u00f6r kvalitetsmedvetna f\u00f6rare","publisher":{"@id":"https:\/\/com.rst-steel.eu\/#organization"},"alternateName":"Safe and stylish RST-Steel quality","potentialAction":[{"@type":"SearchAction","target":{"@type":"EntryPoint","urlTemplate":"https:\/\/com.rst-steel.eu\/?s={search_term_string}"},"query-input":{"@type":"PropertyValueSpecification","valueRequired":true,"valueName":"search_term_string"}}],"inLanguage":"sv-SE"},{"@type":"Organization","@id":"https:\/\/com.rst-steel.eu\/#organization","name":"RST-Steel Oy","url":"https:\/\/com.rst-steel.eu\/","logo":{"@type":"ImageObject","inLanguage":"sv-SE","@id":"https:\/\/com.rst-steel.eu\/#\/schema\/logo\/image\/","url":"https:\/\/com.rst-steel.eu\/wp-content\/uploads\/2023\/04\/cropped-Rst-logo-valkoinen-teksti-3.png","contentUrl":"https:\/\/com.rst-steel.eu\/wp-content\/uploads\/2023\/04\/cropped-Rst-logo-valkoinen-teksti-3.png","width":512,"height":115,"caption":"RST-Steel Oy"},"image":{"@id":"https:\/\/com.rst-steel.eu\/#\/schema\/logo\/image\/"},"sameAs":["https:\/\/www.facebook.com\/rststeel","https:\/\/www.instagram.com\/rststeeloy\/"]}]}},"brands":[{"id":8334,"name":"RST-Steel","slug":"brand_rststeel"}],"_links":{"self":[{"href":"https:\/\/com.rst-steel.eu\/sv\/wp-json\/wp\/v2\/product\/50560","targetHints":{"allow":["GET"]}}],"collection":[{"href":"https:\/\/com.rst-steel.eu\/sv\/wp-json\/wp\/v2\/product"}],"about":[{"href":"https:\/\/com.rst-steel.eu\/sv\/wp-json\/wp\/v2\/types\/product"}],"replies":[{"embeddable":true,"href":"https:\/\/com.rst-steel.eu\/sv\/wp-json\/wp\/v2\/comments?post=50560"}],"version-history":[{"count":0,"href":"https:\/\/com.rst-steel.eu\/sv\/wp-json\/wp\/v2\/product\/50560\/revisions"}],"wp:featuredmedia":[{"embeddable":true,"href":"https:\/\/com.rst-steel.eu\/sv\/wp-json\/wp\/v2\/media\/50558"}],"wp:attachment":[{"href":"https:\/\/com.rst-steel.eu\/sv\/wp-json\/wp\/v2\/media?parent=50560"}],"wp:term":[{"taxonomy":"make_fuel_type","embeddable":true,"href":"https:\/\/com.rst-steel.eu\/sv\/wp-json\/wp\/v2\/make_fuel_type?post=50560"},{"taxonomy":"make_model","embeddable":true,"href":"https:\/\/com.rst-steel.eu\/sv\/wp-json\/wp\/v2\/make_model?post=50560"},{"taxonomy":"make_brand","embeddable":true,"href":"https:\/\/com.rst-steel.eu\/sv\/wp-json\/wp\/v2\/make_brand?post=50560"},{"taxonomy":"make_year","embeddable":true,"href":"https:\/\/com.rst-steel.eu\/sv\/wp-json\/wp\/v2\/make_year?post=50560"},{"taxonomy":"pwb-brand","embeddable":true,"href":"https:\/\/com.rst-steel.eu\/sv\/wp-json\/wp\/v2\/pwb-brand?post=50560"},{"taxonomy":"product_brand","embeddable":true,"href":"https:\/\/com.rst-steel.eu\/sv\/wp-json\/wp\/v2\/product_brand?post=50560"},{"taxonomy":"product_cat","embeddable":true,"href":"https:\/\/com.rst-steel.eu\/sv\/wp-json\/wp\/v2\/product_cat?post=50560"},{"taxonomy":"product_tag","embeddable":true,"href":"https:\/\/com.rst-steel.eu\/sv\/wp-json\/wp\/v2\/product_tag?post=50560"}],"curies":[{"name":"wp","href":"https:\/\/api.w.org\/{rel}","templated":true}]}}