{"id":50297,"date":"2025-02-24T12:12:21","date_gmt":"2025-02-24T09:12:21","guid":{"rendered":"https:\/\/rst-steel.com\/product\/roof-bar-with-side-extensions-20hs12-scania-ng-17-highline_prm_66096\/"},"modified":"2026-03-16T09:19:20","modified_gmt":"2026-03-16T06:19:20","slug":"roof-bar-pro-long-v35-scania-nextgen-highline-s12_prm_66096","status":"publish","type":"product","link":"https:\/\/com.rst-steel.eu\/sv\/produkt\/roof-bar-pro-long-v35-scania-nextgen-highline-s12_prm_66096\/","title":{"rendered":"Roof Bar Pro Long V35 Scania NextGen &#8211; Highline S12"},"content":{"rendered":"<p>RST-Steel&#8217;s roof bars are high-quality products<span style=\"font-weight: bold;\">\u00a0made in Finland<\/span>\u00a0av rostfritt st\u00e5l<\/p>\n<p>&nbsp;<\/p>\n<p>Designed to complement the stylish lines of your truck, the roof bar not only enhances its appearance but also adds practicality and safety. It can be equipped with auxiliary lights and position lights, ensuring maximum visibility on the road and improved safety for both you and other road users.<\/p>\n<ul>\n<li><\/li>\n<\/ul>\n<p>&nbsp;<\/p>\n<p><span style=\"font-weight: bold;\">Egenskaper:<\/span><\/p>\n<ul>\n<li>Compatibility: Designed for Scania NextGen models with a Highline Cab and 12cm side wind deflectors, ensuring quick and effortless installation.<\/li>\n<li>Material: Tillverkad av slitstarkt rostfritt st\u00e5l, vilket garanterar l\u00e5ng livsl\u00e4ngd och utm\u00e4rkt v\u00e4derbest\u00e4ndighet.<\/li>\n<li>Snygg design: Polerad eller m\u00e5lad yta och elegant design f\u00f6rb\u00e4ttrar utseendet p\u00e5 din lastbil.<\/li>\n<li>Light Installation: Thanks to the welded auxiliary light brackets, you can easily mount several additional lights onto the roof bar.<\/li>\n<li>S\u00e4kerhet: F\u00f6rb\u00e4ttrar sikten i m\u00f6rker och under sv\u00e5ra k\u00f6rf\u00f6rh\u00e5llanden, vilket \u00f6kar s\u00e4kerheten f\u00f6r b\u00e5de f\u00f6raren och andra trafikanter.<\/li>\n<li><\/li>\n<\/ul>\n<p>&nbsp;<\/p>\n<p><span style=\"font-weight: bold;\">Compatible with 3pcs 40cm light panel or 6pcs 9\u2019\u2019 round lamps.<\/span><\/p>\n<ul>\n<li><\/li>\n<\/ul>\n<p>&nbsp;<\/p>\n<p><span style=\"font-weight: bold;\">Varf\u00f6r v\u00e4lja RST-Steel?<\/span><\/p>\n<ul>\n<li><span style=\"font-weight: bold;\">Tillverkade i Finland<\/span>: All our products are manufactured in our own production facility in Nivala, Finland.<\/li>\n<\/ul>\n<ul>\n<li><span style=\"font-weight: bold;\">P\u00e5litlighet<\/span>: M\u00e5nga \u00e5rs erfarenhet och expertis s\u00e4kerst\u00e4ller den h\u00f6ga kvaliteten och h\u00e5llbarheten hos v\u00e5ra produkter.<\/li>\n<li><span style=\"font-weight: bold;\">Kundn\u00f6jdhet:<\/span>\u00a0Tusentals n\u00f6jda kunder v\u00e4rlden \u00f6ver litar p\u00e5 RST-Steels produkter.<\/li>\n<li><\/li>\n<\/ul>\n<p>&nbsp;<\/p>\n<p><span style=\"font-weight: bold;\">Teknisk information:<\/span><\/p>\n<ul>\n<li>\u00a0F\u00e4rg: Polerat rostfritt st\u00e5l eller pulverlackerat med RAL-f\u00e4rger<\/li>\n<li>R\u00f6rens diameter: 76 mm \/ 60 mm<\/li>\n<li>Svetsad lamph\u00e5llarskena<\/li>\n<li><\/li>\n<\/ul>\n<p><span style=\"font-weight: bold;\">\u00a0<\/span><\/p>\n<p><span style=\"font-weight: bold;\">Leveransinneh\u00e5ll:<\/span><\/p>\n<ul>\n<li>Takb\u00e5ge<\/li>\n<li>Monteringsf\u00e4sten som beh\u00f6vs f\u00f6r installation<\/li>\n<li>Instruktioner f\u00f6r installation<\/li>\n<\/ul>","protected":false},"excerpt":{"rendered":"<div><span style=\"font-weight: bold;\">\u00a0NextGen models with a Highline Cab and 12cm side wind deflectors!<\/span><\/div>","protected":false},"featured_media":45572,"comment_status":"open","ping_status":"closed","template":"","meta":{"_improvement_type_select":"improve_an_existing","_thumb_yes_seoaic":false,"_frame_yes_seoaic":false,"seoaic_generate_description":"","seoaic_improve_instructions_prompt":"","seoaic_rollback_content_improvement":"","seoaic_idea_thumbnail_generator":"","thumbnail_generated":false,"thumbnail_generate_prompt":"","seoaic_article_description":""},"make_fuel_type":[],"make_model":[5614,5608,5620,5623,5624],"make_brand":[3744],"make_year":[3748],"pwb-brand":[8334],"product_brand":[],"product_cat":[6057,6058,7165],"product_tag":[8488,8494,8481,7549,8482],"class_list":{"0":"post-50297","1":"product","2":"type-product","3":"status-publish","4":"has-post-thumbnail","6":"make_engine-sleepercab-highline-cg","7":"make_engine-sleepercab-high-cp","8":"make_engine-sleepercab-highline-cr","9":"make_engine-sleepercab-highline-cs","10":"make_model-nextgen-g-2017","11":"make_model-nextgen-p-2017","12":"make_model-nextgen-r-2017","13":"make_model-nextgen-s-2017","14":"make_model-nextgen-xt-2017","15":"make_brand-scania","16":"make_year-trucks","17":"pwb-brand-brand_rststeel","18":"product_cat-lightbars","19":"product_cat-roofbars-for-trucks","20":"product_cat-scania-ka-lt","21":"product_tag-scania","22":"product_tag-scania-nextgen","23":"product_tag-scania-roof-bar","24":"product_tag-takbage","25":"product_tag-top-bar-scania","26":"product_shipping_class-lightbars","28":"first","29":"instock","30":"taxable","31":"shipping-taxable","32":"purchasable","33":"product-type-variable"},"yoast_head":"<!-- This site is optimized with the Yoast SEO plugin v25.7 - https:\/\/yoast.com\/wordpress\/plugins\/seo\/ -->\n<title>Roof Bar Pro Long V35 Scania NextGen - Highline S12 - RST-Steel<\/title>\n<meta name=\"description\" content=\"Stylish Roof Bar with side extensions (20HS12) Scania NextGen 2017- models, with Highline cab. Check out this product and get yours today!\" \/>\n<meta name=\"robots\" content=\"index, follow, max-snippet:-1, max-image-preview:large, max-video-preview:-1\" \/>\n<link rel=\"canonical\" href=\"https:\/\/com.rst-steel.eu\/sv\/produkt\/roof-bar-pro-long-v35-scania-nextgen-highline-s12_prm_66096\/\" \/>\n<meta property=\"og:locale\" content=\"sv_SE\" \/>\n<meta property=\"og:type\" content=\"article\" \/>\n<meta property=\"og:title\" content=\"Roof Bar Pro Long V35 Scania NextGen - Highline S12 - RST-Steel\" \/>\n<meta property=\"og:description\" content=\"Stylish Roof Bar with side extensions (20HS12) Scania NextGen 2017- models, with Highline cab. Check out this product and get yours today!\" \/>\n<meta property=\"og:url\" content=\"https:\/\/com.rst-steel.eu\/sv\/produkt\/roof-bar-pro-long-v35-scania-nextgen-highline-s12_prm_66096\/\" \/>\n<meta property=\"og:site_name\" content=\"RST-Steel\" \/>\n<meta property=\"article:publisher\" content=\"https:\/\/www.facebook.com\/rststeel\" \/>\n<meta property=\"article:modified_time\" content=\"2026-03-16T06:19:20+00:00\" \/>\n<meta property=\"og:image\" content=\"https:\/\/com.rst-steel.eu\/wp-content\/uploads\/2024\/08\/7f436d958c11d9df513a6c579b23b460f2a0c8f3_SC2135B_Tuotekuva-scaled.jpg\" \/>\n\t<meta property=\"og:image:width\" content=\"2560\" \/>\n\t<meta property=\"og:image:height\" content=\"1707\" \/>\n\t<meta property=\"og:image:type\" content=\"image\/jpeg\" \/>\n<meta name=\"twitter:card\" content=\"summary_large_image\" \/>\n<meta name=\"twitter:label1\" content=\"Ber\u00e4knad l\u00e4stid\" \/>\n\t<meta name=\"twitter:data1\" content=\"2 minuter\" \/>\n<script type=\"application\/ld+json\" class=\"yoast-schema-graph\">{\"@context\":\"https:\/\/schema.org\",\"@graph\":[{\"@type\":\"WebPage\",\"@id\":\"https:\/\/com.rst-steel.eu\/product\/roof-bar-pro-long-v35-scania-nextgen-highline-s12_prm_66096\/\",\"url\":\"https:\/\/com.rst-steel.eu\/product\/roof-bar-pro-long-v35-scania-nextgen-highline-s12_prm_66096\/\",\"name\":\"Roof Bar Pro Long V35 Scania NextGen - Highline S12 - RST-Steel\",\"isPartOf\":{\"@id\":\"https:\/\/com.rst-steel.eu\/#website\"},\"primaryImageOfPage\":{\"@id\":\"https:\/\/com.rst-steel.eu\/product\/roof-bar-pro-long-v35-scania-nextgen-highline-s12_prm_66096\/#primaryimage\"},\"image\":{\"@id\":\"https:\/\/com.rst-steel.eu\/product\/roof-bar-pro-long-v35-scania-nextgen-highline-s12_prm_66096\/#primaryimage\"},\"thumbnailUrl\":\"https:\/\/com.rst-steel.eu\/wp-content\/uploads\/2024\/08\/7f436d958c11d9df513a6c579b23b460f2a0c8f3_SC2135B_Tuotekuva-scaled.jpg\",\"datePublished\":\"2025-02-24T09:12:21+00:00\",\"dateModified\":\"2026-03-16T06:19:20+00:00\",\"description\":\"Stylish Roof Bar with side extensions (20HS12) Scania NextGen 2017- models, with Highline cab. Check out this product and get yours today!\",\"breadcrumb\":{\"@id\":\"https:\/\/com.rst-steel.eu\/product\/roof-bar-pro-long-v35-scania-nextgen-highline-s12_prm_66096\/#breadcrumb\"},\"inLanguage\":\"sv-SE\",\"potentialAction\":[{\"@type\":\"ReadAction\",\"target\":[\"https:\/\/com.rst-steel.eu\/product\/roof-bar-pro-long-v35-scania-nextgen-highline-s12_prm_66096\/\"]}]},{\"@type\":\"ImageObject\",\"inLanguage\":\"sv-SE\",\"@id\":\"https:\/\/com.rst-steel.eu\/product\/roof-bar-pro-long-v35-scania-nextgen-highline-s12_prm_66096\/#primaryimage\",\"url\":\"https:\/\/com.rst-steel.eu\/wp-content\/uploads\/2024\/08\/7f436d958c11d9df513a6c579b23b460f2a0c8f3_SC2135B_Tuotekuva-scaled.jpg\",\"contentUrl\":\"https:\/\/com.rst-steel.eu\/wp-content\/uploads\/2024\/08\/7f436d958c11d9df513a6c579b23b460f2a0c8f3_SC2135B_Tuotekuva-scaled.jpg\",\"width\":2560,\"height\":1707,\"caption\":\"Roof Bar With Side Extensions, (20HS12), Scania NG 17- Highline\"},{\"@type\":\"BreadcrumbList\",\"@id\":\"https:\/\/com.rst-steel.eu\/product\/roof-bar-pro-long-v35-scania-nextgen-highline-s12_prm_66096\/#breadcrumb\",\"itemListElement\":[{\"@type\":\"ListItem\",\"position\":1,\"name\":\"Home\",\"item\":\"https:\/\/com.rst-steel.eu\/\"},{\"@type\":\"ListItem\",\"position\":2,\"name\":\"RST-Steel Shop\",\"item\":\"https:\/\/com.rst-steel.eu\/shop\/\"},{\"@type\":\"ListItem\",\"position\":3,\"name\":\"Roof Bar Pro Long V35 Scania NextGen &#8211; Highline S12\"}]},{\"@type\":\"WebSite\",\"@id\":\"https:\/\/com.rst-steel.eu\/#website\",\"url\":\"https:\/\/com.rst-steel.eu\/\",\"name\":\"RST-Steel.com\",\"description\":\"Finnish quality steel, for quality-conscious drivers\",\"publisher\":{\"@id\":\"https:\/\/com.rst-steel.eu\/#organization\"},\"alternateName\":\"Safe and stylish RST-Steel quality\",\"potentialAction\":[{\"@type\":\"SearchAction\",\"target\":{\"@type\":\"EntryPoint\",\"urlTemplate\":\"https:\/\/com.rst-steel.eu\/?s={search_term_string}\"},\"query-input\":{\"@type\":\"PropertyValueSpecification\",\"valueRequired\":true,\"valueName\":\"search_term_string\"}}],\"inLanguage\":\"sv-SE\"},{\"@type\":\"Organization\",\"@id\":\"https:\/\/com.rst-steel.eu\/#organization\",\"name\":\"RST-Steel Oy\",\"url\":\"https:\/\/com.rst-steel.eu\/\",\"logo\":{\"@type\":\"ImageObject\",\"inLanguage\":\"sv-SE\",\"@id\":\"https:\/\/com.rst-steel.eu\/#\/schema\/logo\/image\/\",\"url\":\"https:\/\/com.rst-steel.eu\/wp-content\/uploads\/2023\/04\/cropped-Rst-logo-valkoinen-teksti-3.png\",\"contentUrl\":\"https:\/\/com.rst-steel.eu\/wp-content\/uploads\/2023\/04\/cropped-Rst-logo-valkoinen-teksti-3.png\",\"width\":512,\"height\":115,\"caption\":\"RST-Steel Oy\"},\"image\":{\"@id\":\"https:\/\/com.rst-steel.eu\/#\/schema\/logo\/image\/\"},\"sameAs\":[\"https:\/\/www.facebook.com\/rststeel\",\"https:\/\/www.instagram.com\/rststeeloy\/\"]}]}<\/script>\n<!-- \/ Yoast SEO plugin. -->","yoast_head_json":{"title":"Roof Bar Pro Long V35 Scania NextGen - Highline S12 - RST-Steel","description":"Stilren takbar med sidof\u00f6rl\u00e4ngningar (20HS12) Scania NextGen 2017- modeller, med Highline-hytt. Kolla in den h\u00e4r produkten och skaffa din idag!","robots":{"index":"index","follow":"follow","max-snippet":"max-snippet:-1","max-image-preview":"max-image-preview:large","max-video-preview":"max-video-preview:-1"},"canonical":"https:\/\/com.rst-steel.eu\/sv\/produkt\/roof-bar-pro-long-v35-scania-nextgen-highline-s12_prm_66096\/","og_locale":"sv_SE","og_type":"article","og_title":"Roof Bar Pro Long V35 Scania NextGen - Highline S12 - RST-Steel","og_description":"Stylish Roof Bar with side extensions (20HS12) Scania NextGen 2017- models, with Highline cab. Check out this product and get yours today!","og_url":"https:\/\/com.rst-steel.eu\/sv\/produkt\/roof-bar-pro-long-v35-scania-nextgen-highline-s12_prm_66096\/","og_site_name":"RST-Steel","article_publisher":"https:\/\/www.facebook.com\/rststeel","article_modified_time":"2026-03-16T06:19:20+00:00","og_image":[{"width":2560,"height":1707,"url":"https:\/\/com.rst-steel.eu\/wp-content\/uploads\/2024\/08\/7f436d958c11d9df513a6c579b23b460f2a0c8f3_SC2135B_Tuotekuva-scaled.jpg","type":"image\/jpeg"}],"twitter_card":"summary_large_image","twitter_misc":{"Ber\u00e4knad l\u00e4stid":"2 minuter"},"schema":{"@context":"https:\/\/schema.org","@graph":[{"@type":"WebPage","@id":"https:\/\/com.rst-steel.eu\/product\/roof-bar-pro-long-v35-scania-nextgen-highline-s12_prm_66096\/","url":"https:\/\/com.rst-steel.eu\/product\/roof-bar-pro-long-v35-scania-nextgen-highline-s12_prm_66096\/","name":"Roof Bar Pro Long V35 Scania NextGen - Highline S12 - RST-Steel","isPartOf":{"@id":"https:\/\/com.rst-steel.eu\/#website"},"primaryImageOfPage":{"@id":"https:\/\/com.rst-steel.eu\/product\/roof-bar-pro-long-v35-scania-nextgen-highline-s12_prm_66096\/#primaryimage"},"image":{"@id":"https:\/\/com.rst-steel.eu\/product\/roof-bar-pro-long-v35-scania-nextgen-highline-s12_prm_66096\/#primaryimage"},"thumbnailUrl":"https:\/\/com.rst-steel.eu\/wp-content\/uploads\/2024\/08\/7f436d958c11d9df513a6c579b23b460f2a0c8f3_SC2135B_Tuotekuva-scaled.jpg","datePublished":"2025-02-24T09:12:21+00:00","dateModified":"2026-03-16T06:19:20+00:00","description":"Stilren takbar med sidof\u00f6rl\u00e4ngningar (20HS12) Scania NextGen 2017- modeller, med Highline-hytt. Kolla in den h\u00e4r produkten och skaffa din idag!","breadcrumb":{"@id":"https:\/\/com.rst-steel.eu\/product\/roof-bar-pro-long-v35-scania-nextgen-highline-s12_prm_66096\/#breadcrumb"},"inLanguage":"sv-SE","potentialAction":[{"@type":"ReadAction","target":["https:\/\/com.rst-steel.eu\/product\/roof-bar-pro-long-v35-scania-nextgen-highline-s12_prm_66096\/"]}]},{"@type":"ImageObject","inLanguage":"sv-SE","@id":"https:\/\/com.rst-steel.eu\/product\/roof-bar-pro-long-v35-scania-nextgen-highline-s12_prm_66096\/#primaryimage","url":"https:\/\/com.rst-steel.eu\/wp-content\/uploads\/2024\/08\/7f436d958c11d9df513a6c579b23b460f2a0c8f3_SC2135B_Tuotekuva-scaled.jpg","contentUrl":"https:\/\/com.rst-steel.eu\/wp-content\/uploads\/2024\/08\/7f436d958c11d9df513a6c579b23b460f2a0c8f3_SC2135B_Tuotekuva-scaled.jpg","width":2560,"height":1707,"caption":"Roof Bar With Side Extensions, (20HS12), Scania NG 17- Highline"},{"@type":"BreadcrumbList","@id":"https:\/\/com.rst-steel.eu\/product\/roof-bar-pro-long-v35-scania-nextgen-highline-s12_prm_66096\/#breadcrumb","itemListElement":[{"@type":"ListItem","position":1,"name":"Home","item":"https:\/\/com.rst-steel.eu\/"},{"@type":"ListItem","position":2,"name":"RST-Steel Shop","item":"https:\/\/com.rst-steel.eu\/shop\/"},{"@type":"ListItem","position":3,"name":"Roof Bar Pro Long V35 Scania NextGen &#8211; Highline S12"}]},{"@type":"WebSite","@id":"https:\/\/com.rst-steel.eu\/#website","url":"https:\/\/com.rst-steel.eu\/","name":"RST-Stahl.com","description":"Finskt kvalitetsst\u00e5l, f\u00f6r kvalitetsmedvetna f\u00f6rare","publisher":{"@id":"https:\/\/com.rst-steel.eu\/#organization"},"alternateName":"Safe and stylish RST-Steel quality","potentialAction":[{"@type":"SearchAction","target":{"@type":"EntryPoint","urlTemplate":"https:\/\/com.rst-steel.eu\/?s={search_term_string}"},"query-input":{"@type":"PropertyValueSpecification","valueRequired":true,"valueName":"search_term_string"}}],"inLanguage":"sv-SE"},{"@type":"Organization","@id":"https:\/\/com.rst-steel.eu\/#organization","name":"RST-Steel Oy","url":"https:\/\/com.rst-steel.eu\/","logo":{"@type":"ImageObject","inLanguage":"sv-SE","@id":"https:\/\/com.rst-steel.eu\/#\/schema\/logo\/image\/","url":"https:\/\/com.rst-steel.eu\/wp-content\/uploads\/2023\/04\/cropped-Rst-logo-valkoinen-teksti-3.png","contentUrl":"https:\/\/com.rst-steel.eu\/wp-content\/uploads\/2023\/04\/cropped-Rst-logo-valkoinen-teksti-3.png","width":512,"height":115,"caption":"RST-Steel Oy"},"image":{"@id":"https:\/\/com.rst-steel.eu\/#\/schema\/logo\/image\/"},"sameAs":["https:\/\/www.facebook.com\/rststeel","https:\/\/www.instagram.com\/rststeeloy\/"]}]}},"brands":[{"id":8334,"name":"RST-Steel","slug":"brand_rststeel"}],"_links":{"self":[{"href":"https:\/\/com.rst-steel.eu\/sv\/wp-json\/wp\/v2\/product\/50297","targetHints":{"allow":["GET"]}}],"collection":[{"href":"https:\/\/com.rst-steel.eu\/sv\/wp-json\/wp\/v2\/product"}],"about":[{"href":"https:\/\/com.rst-steel.eu\/sv\/wp-json\/wp\/v2\/types\/product"}],"replies":[{"embeddable":true,"href":"https:\/\/com.rst-steel.eu\/sv\/wp-json\/wp\/v2\/comments?post=50297"}],"version-history":[{"count":0,"href":"https:\/\/com.rst-steel.eu\/sv\/wp-json\/wp\/v2\/product\/50297\/revisions"}],"wp:featuredmedia":[{"embeddable":true,"href":"https:\/\/com.rst-steel.eu\/sv\/wp-json\/wp\/v2\/media\/45572"}],"wp:attachment":[{"href":"https:\/\/com.rst-steel.eu\/sv\/wp-json\/wp\/v2\/media?parent=50297"}],"wp:term":[{"taxonomy":"make_fuel_type","embeddable":true,"href":"https:\/\/com.rst-steel.eu\/sv\/wp-json\/wp\/v2\/make_fuel_type?post=50297"},{"taxonomy":"make_model","embeddable":true,"href":"https:\/\/com.rst-steel.eu\/sv\/wp-json\/wp\/v2\/make_model?post=50297"},{"taxonomy":"make_brand","embeddable":true,"href":"https:\/\/com.rst-steel.eu\/sv\/wp-json\/wp\/v2\/make_brand?post=50297"},{"taxonomy":"make_year","embeddable":true,"href":"https:\/\/com.rst-steel.eu\/sv\/wp-json\/wp\/v2\/make_year?post=50297"},{"taxonomy":"pwb-brand","embeddable":true,"href":"https:\/\/com.rst-steel.eu\/sv\/wp-json\/wp\/v2\/pwb-brand?post=50297"},{"taxonomy":"product_brand","embeddable":true,"href":"https:\/\/com.rst-steel.eu\/sv\/wp-json\/wp\/v2\/product_brand?post=50297"},{"taxonomy":"product_cat","embeddable":true,"href":"https:\/\/com.rst-steel.eu\/sv\/wp-json\/wp\/v2\/product_cat?post=50297"},{"taxonomy":"product_tag","embeddable":true,"href":"https:\/\/com.rst-steel.eu\/sv\/wp-json\/wp\/v2\/product_tag?post=50297"}],"curies":[{"name":"wp","href":"https:\/\/api.w.org\/{rel}","templated":true}]}}