{"id":49978,"date":"2025-01-31T15:18:15","date_gmt":"2025-01-31T12:18:15","guid":{"rendered":"https:\/\/rst-steel.com\/product\/lazer-grille-kit-ford-transit-custom-2024_prm_76024\/"},"modified":"2026-03-16T09:19:07","modified_gmt":"2026-03-16T06:19:07","slug":"lazer-grillsats-ford-transit-custom-2024_prm_76024","status":"publish","type":"product","link":"https:\/\/com.rst-steel.eu\/sv\/produkt\/lazer-grillsats-ford-transit-custom-2024_prm_76024\/","title":{"rendered":"Lazer Grille Kit Ford Transit Custom 2024+"},"content":{"rendered":"<p>Lazer Grille Kit Ford Transit Custom 2024+<\/p>\n<ul>\n<li><\/li>\n<\/ul>\n<p><\/p>\n<p>F\u00f6r en OE-kvalitetsinstallation av extra ljusramper inneh\u00e5ller Lazer Grille Integration Kits specialdesignade monteringsf\u00e4sten som underl\u00e4ttar snabb och s\u00f6ml\u00f6s montering av Lazer High Performance LED-ljusramper i frontgallren p\u00e5 popul\u00e4ra personbilar, pickuper och l\u00e4tta kommersiella fordon. Den integrerade installationen \u00e4r utformad f\u00f6r att komplettera varje fordons ursprungliga styling och \u00e4r robust, s\u00e4ker och har extra st\u00f6ldskydd.<\/p>\n<ul>\n<li><\/li>\n<\/ul>\n<p>Ford Transit Custom (2024+) Grille Integration Kit inneh\u00e5ller ditt val av Glide (Standard\/Elite - med eller utan positionsljus) h\u00f6gpresterande LED-str\u00e5lkastare, tillsammans med ett kablage och precisionstillverkade f\u00e4sten som passar perfekt i fordonets standard mittgrill. F\u00f6r extra h\u00e5llbarhet och f\u00f6rst\u00e4rkning inneh\u00e5ller satsen sj\u00e4lvg\u00e4ngande (plast)skruvar f\u00f6r extra stadga.<\/p>\n<ul>\n<li><\/li>\n<\/ul>\n<p><\/p>\n<p>F\u00e4stena \u00e4r tillverkade av ett robust kompositmaterial som \u00e4r k\u00e4nt f\u00f6r sin exceptionella styrka och UV-resistens och \u00e4r utformade f\u00f6r att klara tuffa v\u00e4derf\u00f6rh\u00e5llanden och kemikalier, vilket garanterar l\u00e5ngvarig prestanda. Dessutom levereras satsen med exakta sk\u00e4rguider som f\u00f6renklar installationsprocessen och ger en perfekt passform varje g\u00e5ng - utan att du beh\u00f6ver ta bort komponenter fr\u00e5n grillen eller st\u00f6tf\u00e5ngaren.<\/p>\n<ul>\n<li><\/li>\n<\/ul>\n<p><\/p>\n<p>Ford Transit Custom (2024+) Grille Integration Kit \u00e4r noggrant skr\u00e4ddarsydd och optimerad f\u00f6r s\u00f6ml\u00f6s kompatibilitet med Glide LED-str\u00e5lkastare. V\u00e5r garanti t\u00e4cker inte grillf\u00e4sten som \u00e4r monterade med produkter som inte \u00e4r av m\u00e4rket Lazer Lamps.<\/p>\n<ul>\n<li><\/li>\n<\/ul>\n<p><span style=\"font-weight: bold\"><br \/><\/span><\/p>\n<p><span style=\"font-weight: bold\">Viktiga egenskaper:<\/p>\n<p><\/span><\/p>\n<ul>\n<li>Skr\u00e4ddarsydda fordonsf\u00e4sten f\u00f6r s\u00f6ml\u00f6s integrering<\/li>\n<li>Anpassad passform f\u00f6r Ford Transit Custom (2024+)<\/li>\n<li>Kompatibel med Glide LED-str\u00e5lkastare<\/li>\n<li>Satsen inneh\u00e5ller ocks\u00e5 skr\u00e4ddarsydda monteringsf\u00e4sten och kablage<\/li>\n<li>Kapningsguider ing\u00e5r<\/li>\n<li>F\u00e4stena \u00e4r tillverkade av h\u00f6gh\u00e5llfast, UV-stabilt kompositmaterial<\/li>\n<li>Fullst\u00e4ndigt v\u00e4glagsenlig<\/li>\n<li>5 \u00e5rs garanti<\/li>\n<li>Tillverkad i Storbritannien<\/li>\n<\/ul>\n<p><\/p>\n<ul>\n<li><\/li>\n<\/ul>\n<p><span style=\"font-weight: bold\">Tekniska specifikationer: Glide (Boost) \/ Glide Elite (Boost)<\/span><\/p>\n<ul>\n<li>Sp\u00e4nningsintervall: 10-32V<\/li>\n<li>LED-livsl\u00e4ngd: 50.000 timmar<\/li>\n<li>Vikt: 0,68 kg<\/li>\n<li>Totalt ljusfl\u00f6de: 11500 Lm \/ 12800 Lm<\/li>\n<li>Totalt drivrutinsfl\u00f6de (FOV): 6958 Lm \/ 8012 Lm<\/li>\n<li>F\u00e4rgtemperatur: 5000K<\/li>\n<li>Str\u00f6mf\u00f6rbrukning: 120 W \/ 130 W<\/li>\n<li>Str\u00f6muttag (vid 14,4 V): 8,3A \/ 9,2A<\/li>\n<li>Helljus: ECE R149 (ref: 12,5*) \/ ECE R149 (ref: 12,5*)<\/li>\n<li>Kontaktdon: 2-polig Superseal (modeller med positionsljus \/ 3-polig Superseal)<\/li>\n<li>IP-klassning: IP68<\/li>\n<\/ul>\n<p><\/p>\n<ul>\n<li><\/li>\n<\/ul>\n<p><span style=\"font-weight: bold\">FOTOMETRISKA DATA<\/span><\/p>\n<ul>\n<li>Horisontell \/ vertikal str\u00e5lningsvinkel: (60\u00b0 \/ 13\u00b0) \/ (66\u00b0 \/ 14\u00b0)<\/li>\n<li>0,25 lx Linje: 1095 m \/ 1249 m<\/li>\n<li>0,5 lx Linje: 775 m \/ 883 m<\/li>\n<li>1 lx Line: 548 m \/ 624 m<\/li>\n<li>3 lx Line: 316 m \/ 361 m<\/li>\n<\/ul>\n<p><\/p>\n<ul>\n<li><\/li>\n<\/ul>\n<p><span style=\"font-weight: bold\">What\u2019s Included:<\/span><\/p>\n<ul>\n<li>Monteringssats f\u00f6r galler<\/li>\n<li>LED-ljusramp (Glide)<\/li>\n<li>Kabeldragningssats f\u00f6r en lampa<\/li>\n<li>Instruktioner f\u00f6r installation<\/li>\n<\/ul>","protected":false},"excerpt":{"rendered":"<p>Ford Transit Custom (2024+) Grille Integration Kit \u00e4r noggrant skr\u00e4ddarsytt och optimerat f\u00f6r s\u00f6ml\u00f6s kompatibilitet med Glide LED-str\u00e5lkastare.<\/p>","protected":false},"featured_media":50656,"comment_status":"open","ping_status":"closed","template":"","meta":{"_improvement_type_select":"improve_an_existing","_thumb_yes_seoaic":false,"_frame_yes_seoaic":false,"seoaic_generate_description":"","seoaic_improve_instructions_prompt":"","seoaic_rollback_content_improvement":"","seoaic_idea_thumbnail_generator":"","thumbnail_generated":false,"thumbnail_generate_prompt":"","seoaic_article_description":""},"make_fuel_type":[],"make_model":[7593],"make_brand":[7592],"make_year":[6373],"pwb-brand":[8332],"product_brand":[],"product_cat":[6195,6209,6212],"product_tag":[8498,8503,6298],"class_list":{"0":"post-49978","1":"product","2":"type-product","3":"status-publish","4":"has-post-thumbnail","6":"make_engine-transit-custom-l1h1","7":"make_engine-transit-custom-l1h2","8":"make_engine-transit-custom-l2h2","9":"make_model-transit-custom-23","10":"make_brand-ford-van","11":"make_year-van","12":"pwb-brand-brand_lazerlamps","13":"product_cat-lamps","14":"product_cat-auxiliary-lights","15":"product_cat-lazer-lamps-vehicle-specific-driving-light-kits","16":"product_tag-auxiliary-light","17":"product_tag-ford-transit","18":"product_tag-lazer-lamps","20":"first","21":"instock","22":"taxable","23":"shipping-taxable","24":"purchasable","25":"product-type-variable"},"yoast_head":"<!-- This site is optimized with the Yoast SEO plugin v25.7 - https:\/\/yoast.com\/wordpress\/plugins\/seo\/ -->\n<title>Lazer Grille Kit Ford Transit Custom 2024+ - RST-Steel<\/title>\n<meta name=\"description\" content=\"Lazer Grille Kit for Ford Transit Custom 2024+. Seamless LED light integration into the front grille, durable, road-legal, and easy to install.\" \/>\n<meta name=\"robots\" content=\"index, follow, max-snippet:-1, max-image-preview:large, max-video-preview:-1\" \/>\n<link rel=\"canonical\" href=\"https:\/\/com.rst-steel.eu\/sv\/produkt\/lazer-grillsats-ford-transit-custom-2024_prm_76024\/\" \/>\n<meta property=\"og:locale\" content=\"sv_SE\" \/>\n<meta property=\"og:type\" content=\"article\" \/>\n<meta property=\"og:title\" content=\"Lazer Grille Kit Ford Transit Custom 2024+ - RST-Steel\" \/>\n<meta property=\"og:description\" content=\"Lazer Grille Kit for Ford Transit Custom 2024+. Seamless LED light integration into the front grille, durable, road-legal, and easy to install.\" \/>\n<meta property=\"og:url\" content=\"https:\/\/com.rst-steel.eu\/sv\/produkt\/lazer-grillsats-ford-transit-custom-2024_prm_76024\/\" \/>\n<meta property=\"og:site_name\" content=\"RST-Steel\" \/>\n<meta property=\"article:publisher\" content=\"https:\/\/www.facebook.com\/rststeel\" \/>\n<meta property=\"article:modified_time\" content=\"2026-03-16T06:19:07+00:00\" \/>\n<meta property=\"og:image\" content=\"https:\/\/com.rst-steel.eu\/wp-content\/uploads\/2025\/03\/3a9e10d8fb6b54c6441269e324b18ecadeaf4035_Ford_Transit_Custom_Glide.jpg\" \/>\n\t<meta property=\"og:image:width\" content=\"2500\" \/>\n\t<meta property=\"og:image:height\" content=\"1667\" \/>\n\t<meta property=\"og:image:type\" content=\"image\/jpeg\" \/>\n<meta name=\"twitter:card\" content=\"summary_large_image\" \/>\n<meta name=\"twitter:label1\" content=\"Ber\u00e4knad l\u00e4stid\" \/>\n\t<meta name=\"twitter:data1\" content=\"2 minuter\" \/>\n<script type=\"application\/ld+json\" class=\"yoast-schema-graph\">{\"@context\":\"https:\/\/schema.org\",\"@graph\":[{\"@type\":\"WebPage\",\"@id\":\"https:\/\/com.rst-steel.eu\/sv\/produkt\/lazer-grillsats-ford-transit-custom-2024_prm_76024\/\",\"url\":\"https:\/\/com.rst-steel.eu\/sv\/produkt\/lazer-grillsats-ford-transit-custom-2024_prm_76024\/\",\"name\":\"Lazer Grille Kit Ford Transit Custom 2024+ - RST-Steel\",\"isPartOf\":{\"@id\":\"https:\/\/com.rst-steel.eu\/#website\"},\"primaryImageOfPage\":{\"@id\":\"https:\/\/com.rst-steel.eu\/sv\/produkt\/lazer-grillsats-ford-transit-custom-2024_prm_76024\/#primaryimage\"},\"image\":{\"@id\":\"https:\/\/com.rst-steel.eu\/sv\/produkt\/lazer-grillsats-ford-transit-custom-2024_prm_76024\/#primaryimage\"},\"thumbnailUrl\":\"https:\/\/com.rst-steel.eu\/wp-content\/uploads\/2025\/03\/3a9e10d8fb6b54c6441269e324b18ecadeaf4035_Ford_Transit_Custom_Glide.jpg\",\"datePublished\":\"2025-01-31T12:18:15+00:00\",\"dateModified\":\"2026-03-16T06:19:07+00:00\",\"description\":\"Lazer Grille Kit for Ford Transit Custom 2024+. Seamless LED light integration into the front grille, durable, road-legal, and easy to install.\",\"breadcrumb\":{\"@id\":\"https:\/\/com.rst-steel.eu\/sv\/produkt\/lazer-grillsats-ford-transit-custom-2024_prm_76024\/#breadcrumb\"},\"inLanguage\":\"sv-SE\",\"potentialAction\":[{\"@type\":\"ReadAction\",\"target\":[\"https:\/\/com.rst-steel.eu\/sv\/produkt\/lazer-grillsats-ford-transit-custom-2024_prm_76024\/\"]}]},{\"@type\":\"ImageObject\",\"inLanguage\":\"sv-SE\",\"@id\":\"https:\/\/com.rst-steel.eu\/sv\/produkt\/lazer-grillsats-ford-transit-custom-2024_prm_76024\/#primaryimage\",\"url\":\"https:\/\/com.rst-steel.eu\/wp-content\/uploads\/2025\/03\/3a9e10d8fb6b54c6441269e324b18ecadeaf4035_Ford_Transit_Custom_Glide.jpg\",\"contentUrl\":\"https:\/\/com.rst-steel.eu\/wp-content\/uploads\/2025\/03\/3a9e10d8fb6b54c6441269e324b18ecadeaf4035_Ford_Transit_Custom_Glide.jpg\",\"width\":2500,\"height\":1667},{\"@type\":\"BreadcrumbList\",\"@id\":\"https:\/\/com.rst-steel.eu\/sv\/produkt\/lazer-grillsats-ford-transit-custom-2024_prm_76024\/#breadcrumb\",\"itemListElement\":[{\"@type\":\"ListItem\",\"position\":1,\"name\":\"Home\",\"item\":\"https:\/\/com.rst-steel.eu\/\"},{\"@type\":\"ListItem\",\"position\":2,\"name\":\"RST-Steel Shop\",\"item\":\"https:\/\/com.rst-steel.eu\/shop\/\"},{\"@type\":\"ListItem\",\"position\":3,\"name\":\"Lazer Grille Kit Ford Transit Custom 2024+\"}]},{\"@type\":\"WebSite\",\"@id\":\"https:\/\/com.rst-steel.eu\/#website\",\"url\":\"https:\/\/com.rst-steel.eu\/\",\"name\":\"RST-Steel.com\",\"description\":\"Finnish quality steel, for quality-conscious drivers\",\"publisher\":{\"@id\":\"https:\/\/com.rst-steel.eu\/#organization\"},\"alternateName\":\"Safe and stylish RST-Steel quality\",\"potentialAction\":[{\"@type\":\"SearchAction\",\"target\":{\"@type\":\"EntryPoint\",\"urlTemplate\":\"https:\/\/com.rst-steel.eu\/?s={search_term_string}\"},\"query-input\":{\"@type\":\"PropertyValueSpecification\",\"valueRequired\":true,\"valueName\":\"search_term_string\"}}],\"inLanguage\":\"sv-SE\"},{\"@type\":\"Organization\",\"@id\":\"https:\/\/com.rst-steel.eu\/#organization\",\"name\":\"RST-Steel Oy\",\"url\":\"https:\/\/com.rst-steel.eu\/\",\"logo\":{\"@type\":\"ImageObject\",\"inLanguage\":\"sv-SE\",\"@id\":\"https:\/\/com.rst-steel.eu\/#\/schema\/logo\/image\/\",\"url\":\"https:\/\/com.rst-steel.eu\/wp-content\/uploads\/2023\/04\/cropped-Rst-logo-valkoinen-teksti-3.png\",\"contentUrl\":\"https:\/\/com.rst-steel.eu\/wp-content\/uploads\/2023\/04\/cropped-Rst-logo-valkoinen-teksti-3.png\",\"width\":512,\"height\":115,\"caption\":\"RST-Steel Oy\"},\"image\":{\"@id\":\"https:\/\/com.rst-steel.eu\/#\/schema\/logo\/image\/\"},\"sameAs\":[\"https:\/\/www.facebook.com\/rststeel\",\"https:\/\/www.instagram.com\/rststeeloy\/\"]}]}<\/script>\n<!-- \/ Yoast SEO plugin. -->","yoast_head_json":{"title":"Lazer Grillsats Ford Transit Custom 2024+ - RST-Steel","description":"Lazer Grillsats f\u00f6r Ford Transit Custom 2024+. S\u00f6ml\u00f6s integrering av LED-lampor i frontgallret, h\u00e5llbar, trafiks\u00e4ker och enkel att installera.","robots":{"index":"index","follow":"follow","max-snippet":"max-snippet:-1","max-image-preview":"max-image-preview:large","max-video-preview":"max-video-preview:-1"},"canonical":"https:\/\/com.rst-steel.eu\/sv\/produkt\/lazer-grillsats-ford-transit-custom-2024_prm_76024\/","og_locale":"sv_SE","og_type":"article","og_title":"Lazer Grille Kit Ford Transit Custom 2024+ - RST-Steel","og_description":"Lazer Grille Kit for Ford Transit Custom 2024+. Seamless LED light integration into the front grille, durable, road-legal, and easy to install.","og_url":"https:\/\/com.rst-steel.eu\/sv\/produkt\/lazer-grillsats-ford-transit-custom-2024_prm_76024\/","og_site_name":"RST-Steel","article_publisher":"https:\/\/www.facebook.com\/rststeel","article_modified_time":"2026-03-16T06:19:07+00:00","og_image":[{"width":2500,"height":1667,"url":"https:\/\/com.rst-steel.eu\/wp-content\/uploads\/2025\/03\/3a9e10d8fb6b54c6441269e324b18ecadeaf4035_Ford_Transit_Custom_Glide.jpg","type":"image\/jpeg"}],"twitter_card":"summary_large_image","twitter_misc":{"Ber\u00e4knad l\u00e4stid":"2 minuter"},"schema":{"@context":"https:\/\/schema.org","@graph":[{"@type":"WebPage","@id":"https:\/\/com.rst-steel.eu\/sv\/produkt\/lazer-grillsats-ford-transit-custom-2024_prm_76024\/","url":"https:\/\/com.rst-steel.eu\/sv\/produkt\/lazer-grillsats-ford-transit-custom-2024_prm_76024\/","name":"Lazer Grillsats Ford Transit Custom 2024+ - RST-Steel","isPartOf":{"@id":"https:\/\/com.rst-steel.eu\/#website"},"primaryImageOfPage":{"@id":"https:\/\/com.rst-steel.eu\/sv\/produkt\/lazer-grillsats-ford-transit-custom-2024_prm_76024\/#primaryimage"},"image":{"@id":"https:\/\/com.rst-steel.eu\/sv\/produkt\/lazer-grillsats-ford-transit-custom-2024_prm_76024\/#primaryimage"},"thumbnailUrl":"https:\/\/com.rst-steel.eu\/wp-content\/uploads\/2025\/03\/3a9e10d8fb6b54c6441269e324b18ecadeaf4035_Ford_Transit_Custom_Glide.jpg","datePublished":"2025-01-31T12:18:15+00:00","dateModified":"2026-03-16T06:19:07+00:00","description":"Lazer Grillsats f\u00f6r Ford Transit Custom 2024+. S\u00f6ml\u00f6s integrering av LED-lampor i frontgallret, h\u00e5llbar, trafiks\u00e4ker och enkel att installera.","breadcrumb":{"@id":"https:\/\/com.rst-steel.eu\/sv\/produkt\/lazer-grillsats-ford-transit-custom-2024_prm_76024\/#breadcrumb"},"inLanguage":"sv-SE","potentialAction":[{"@type":"ReadAction","target":["https:\/\/com.rst-steel.eu\/sv\/produkt\/lazer-grillsats-ford-transit-custom-2024_prm_76024\/"]}]},{"@type":"ImageObject","inLanguage":"sv-SE","@id":"https:\/\/com.rst-steel.eu\/sv\/produkt\/lazer-grillsats-ford-transit-custom-2024_prm_76024\/#primaryimage","url":"https:\/\/com.rst-steel.eu\/wp-content\/uploads\/2025\/03\/3a9e10d8fb6b54c6441269e324b18ecadeaf4035_Ford_Transit_Custom_Glide.jpg","contentUrl":"https:\/\/com.rst-steel.eu\/wp-content\/uploads\/2025\/03\/3a9e10d8fb6b54c6441269e324b18ecadeaf4035_Ford_Transit_Custom_Glide.jpg","width":2500,"height":1667},{"@type":"BreadcrumbList","@id":"https:\/\/com.rst-steel.eu\/sv\/produkt\/lazer-grillsats-ford-transit-custom-2024_prm_76024\/#breadcrumb","itemListElement":[{"@type":"ListItem","position":1,"name":"Home","item":"https:\/\/com.rst-steel.eu\/"},{"@type":"ListItem","position":2,"name":"RST-Steel Shop","item":"https:\/\/com.rst-steel.eu\/shop\/"},{"@type":"ListItem","position":3,"name":"Lazer Grille Kit Ford Transit Custom 2024+"}]},{"@type":"WebSite","@id":"https:\/\/com.rst-steel.eu\/#website","url":"https:\/\/com.rst-steel.eu\/","name":"RST-Stahl.com","description":"Finskt kvalitetsst\u00e5l, f\u00f6r kvalitetsmedvetna f\u00f6rare","publisher":{"@id":"https:\/\/com.rst-steel.eu\/#organization"},"alternateName":"Safe and stylish RST-Steel quality","potentialAction":[{"@type":"SearchAction","target":{"@type":"EntryPoint","urlTemplate":"https:\/\/com.rst-steel.eu\/?s={search_term_string}"},"query-input":{"@type":"PropertyValueSpecification","valueRequired":true,"valueName":"search_term_string"}}],"inLanguage":"sv-SE"},{"@type":"Organization","@id":"https:\/\/com.rst-steel.eu\/#organization","name":"RST-Steel Oy","url":"https:\/\/com.rst-steel.eu\/","logo":{"@type":"ImageObject","inLanguage":"sv-SE","@id":"https:\/\/com.rst-steel.eu\/#\/schema\/logo\/image\/","url":"https:\/\/com.rst-steel.eu\/wp-content\/uploads\/2023\/04\/cropped-Rst-logo-valkoinen-teksti-3.png","contentUrl":"https:\/\/com.rst-steel.eu\/wp-content\/uploads\/2023\/04\/cropped-Rst-logo-valkoinen-teksti-3.png","width":512,"height":115,"caption":"RST-Steel Oy"},"image":{"@id":"https:\/\/com.rst-steel.eu\/#\/schema\/logo\/image\/"},"sameAs":["https:\/\/www.facebook.com\/rststeel","https:\/\/www.instagram.com\/rststeeloy\/"]}]}},"brands":[{"id":8332,"name":"Lazer Lamps","slug":"brand_lazerlamps"}],"_links":{"self":[{"href":"https:\/\/com.rst-steel.eu\/sv\/wp-json\/wp\/v2\/product\/49978","targetHints":{"allow":["GET"]}}],"collection":[{"href":"https:\/\/com.rst-steel.eu\/sv\/wp-json\/wp\/v2\/product"}],"about":[{"href":"https:\/\/com.rst-steel.eu\/sv\/wp-json\/wp\/v2\/types\/product"}],"replies":[{"embeddable":true,"href":"https:\/\/com.rst-steel.eu\/sv\/wp-json\/wp\/v2\/comments?post=49978"}],"version-history":[{"count":0,"href":"https:\/\/com.rst-steel.eu\/sv\/wp-json\/wp\/v2\/product\/49978\/revisions"}],"wp:featuredmedia":[{"embeddable":true,"href":"https:\/\/com.rst-steel.eu\/sv\/wp-json\/wp\/v2\/media\/50656"}],"wp:attachment":[{"href":"https:\/\/com.rst-steel.eu\/sv\/wp-json\/wp\/v2\/media?parent=49978"}],"wp:term":[{"taxonomy":"make_fuel_type","embeddable":true,"href":"https:\/\/com.rst-steel.eu\/sv\/wp-json\/wp\/v2\/make_fuel_type?post=49978"},{"taxonomy":"make_model","embeddable":true,"href":"https:\/\/com.rst-steel.eu\/sv\/wp-json\/wp\/v2\/make_model?post=49978"},{"taxonomy":"make_brand","embeddable":true,"href":"https:\/\/com.rst-steel.eu\/sv\/wp-json\/wp\/v2\/make_brand?post=49978"},{"taxonomy":"make_year","embeddable":true,"href":"https:\/\/com.rst-steel.eu\/sv\/wp-json\/wp\/v2\/make_year?post=49978"},{"taxonomy":"pwb-brand","embeddable":true,"href":"https:\/\/com.rst-steel.eu\/sv\/wp-json\/wp\/v2\/pwb-brand?post=49978"},{"taxonomy":"product_brand","embeddable":true,"href":"https:\/\/com.rst-steel.eu\/sv\/wp-json\/wp\/v2\/product_brand?post=49978"},{"taxonomy":"product_cat","embeddable":true,"href":"https:\/\/com.rst-steel.eu\/sv\/wp-json\/wp\/v2\/product_cat?post=49978"},{"taxonomy":"product_tag","embeddable":true,"href":"https:\/\/com.rst-steel.eu\/sv\/wp-json\/wp\/v2\/product_tag?post=49978"}],"curies":[{"name":"wp","href":"https:\/\/api.w.org\/{rel}","templated":true}]}}