{"id":49970,"date":"2025-01-31T15:14:59","date_gmt":"2025-01-31T12:14:59","guid":{"rendered":"https:\/\/rst-steel.com\/product\/decorative-pipe-for-upper-wind-deflector-scania-nextgen-2017-k5s45_prm_66071\/"},"modified":"2026-03-16T09:21:18","modified_gmt":"2026-03-16T06:21:18","slug":"dekorativt-ror-for-ovre-vindavvisare-scania-nextgen-2017-k5s45_prm_66071","status":"publish","type":"product","link":"https:\/\/com.rst-steel.eu\/sv\/produkt\/dekorativt-ror-for-ovre-vindavvisare-scania-nextgen-2017-k5s45_prm_66071\/","title":{"rendered":"Dekorativt r\u00f6r f\u00f6r \u00f6vre vindavvisare - Scania NextGen 2017- (K5S45)"},"content":{"rendered":"<p><strong>Dekorativt r\u00f6r f\u00f6r \u00f6vre vindavvisare - Scania NextGen 2017- (K5S45)<\/strong><\/p>\n<ul>\n<li><strong><br \/><\/strong><\/li>\n<\/ul>\n<p>F\u00f6rb\u00e4ttra utseendet p\u00e5 din Scania NextGen 2017+ lastbil med RST-Steel:s h\u00f6gkvalitativa dekorativa r\u00f6r f\u00f6r den \u00f6vre vindavvisaren. Detta snygga och h\u00e5llbara dekorativa r\u00f6r \u00e4r s\u00e4rskilt utformat f\u00f6r Scania NextGen-modeller, vilket garanterar en perfekt passform och ger din lastbil ett raffinerat och professionellt utseende.<\/p>\n<ul>\n<li><\/li>\n<\/ul>\n<p>Det h\u00e4r dekorativa r\u00f6ret \u00e4r tillverkat av h\u00f6gkvalitativt rostfritt st\u00e5l och ser inte bara bra ut utan \u00e4r ocks\u00e5 byggt f\u00f6r att klara de tuffaste f\u00f6rh\u00e5llanden. Den enkla och snabba installationen g\u00f6r att du kan uppgradera din lastbil utan problem.<\/p>\n<ul>\n<li><\/li>\n<\/ul>\n<h3>Tekniska specifikationer<\/h3>\n<ul>\n<li><strong>F\u00e4rg:<\/strong> Polerat rostfritt st\u00e5l eller m\u00e5lat i standard RAL-f\u00e4rger<\/li>\n<li><strong>R\u00f6rets diameter:<\/strong> 60 mm<\/li>\n<li><\/li>\n<\/ul>\n<h3>Ing\u00e5r i paketet:<\/h3>\n<\/p>\n<ul>\n<li>Dekorativt r\u00f6r<\/li>\n<li>Monteringsf\u00e4sten<\/li>\n<li>Instruktioner f\u00f6r installation<\/li>\n<\/ul>","protected":false},"excerpt":{"rendered":"<div>Flera modellalternativ tillg\u00e4ngliga!<\/div>\n<div><\/div>","protected":false},"featured_media":49969,"comment_status":"open","ping_status":"closed","template":"","meta":{"_improvement_type_select":"improve_an_existing","_thumb_yes_seoaic":false,"_frame_yes_seoaic":false,"seoaic_generate_description":"","seoaic_improve_instructions_prompt":"","seoaic_rollback_content_improvement":"","seoaic_idea_thumbnail_generator":"","thumbnail_generated":false,"thumbnail_generate_prompt":"","seoaic_article_description":""},"make_fuel_type":[],"make_model":[],"make_brand":[3744],"make_year":[3748],"pwb-brand":[8334],"product_brand":[],"product_cat":[6057,6061,7189],"product_tag":[8488,8494],"class_list":{"0":"post-49970","1":"product","2":"type-product","3":"status-publish","4":"has-post-thumbnail","6":"make_brand-scania","7":"make_year-trucks","8":"pwb-brand-brand_rststeel","9":"product_cat-lightbars","10":"product_cat-work-light-bars-for-trucks","11":"product_cat-scania-ka-tk","12":"product_tag-scania","13":"product_tag-scania-nextgen","15":"first","16":"instock","17":"taxable","18":"shipping-taxable","19":"purchasable","20":"product-type-variable"},"yoast_head":"<!-- This site is optimized with the Yoast SEO plugin v25.7 - https:\/\/yoast.com\/wordpress\/plugins\/seo\/ -->\n<title>Decorative Pipe for Upper Wind Deflector \u2013 Scania NextGen 2017- (K5S45) - RST-Steel<\/title>\n<meta name=\"robots\" content=\"index, follow, max-snippet:-1, max-image-preview:large, max-video-preview:-1\" \/>\n<link rel=\"canonical\" href=\"https:\/\/com.rst-steel.eu\/sv\/produkt\/dekorativt-ror-for-ovre-vindavvisare-scania-nextgen-2017-k5s45_prm_66071\/\" \/>\n<meta property=\"og:locale\" content=\"sv_SE\" \/>\n<meta property=\"og:type\" content=\"article\" \/>\n<meta property=\"og:title\" content=\"Decorative Pipe for Upper Wind Deflector \u2013 Scania NextGen 2017- (K5S45) - RST-Steel\" \/>\n<meta property=\"og:description\" content=\"Several model options available!\" \/>\n<meta property=\"og:url\" content=\"https:\/\/com.rst-steel.eu\/sv\/produkt\/dekorativt-ror-for-ovre-vindavvisare-scania-nextgen-2017-k5s45_prm_66071\/\" \/>\n<meta property=\"og:site_name\" content=\"RST-Steel\" \/>\n<meta property=\"article:publisher\" content=\"https:\/\/www.facebook.com\/rststeel\" \/>\n<meta property=\"article:modified_time\" content=\"2026-03-16T06:21:18+00:00\" \/>\n<meta property=\"og:image\" content=\"https:\/\/com.rst-steel.eu\/wp-content\/uploads\/2025\/01\/bba87a66f5dc949b4e887d6815a06b12b5b42bd3_828b3bb9_2c99_4af0_b36e_86199447aa98.jpg\" \/>\n\t<meta property=\"og:image:width\" content=\"1200\" \/>\n\t<meta property=\"og:image:height\" content=\"1600\" \/>\n\t<meta property=\"og:image:type\" content=\"image\/jpeg\" \/>\n<meta name=\"twitter:card\" content=\"summary_large_image\" \/>\n<meta name=\"twitter:label1\" content=\"Ber\u00e4knad l\u00e4stid\" \/>\n\t<meta name=\"twitter:data1\" content=\"1 minut\" \/>\n<script type=\"application\/ld+json\" class=\"yoast-schema-graph\">{\"@context\":\"https:\/\/schema.org\",\"@graph\":[{\"@type\":\"WebPage\",\"@id\":\"https:\/\/com.rst-steel.eu\/sv\/produkt\/dekorativt-ror-for-ovre-vindavvisare-scania-nextgen-2017-k5s45_prm_66071\/\",\"url\":\"https:\/\/com.rst-steel.eu\/sv\/produkt\/dekorativt-ror-for-ovre-vindavvisare-scania-nextgen-2017-k5s45_prm_66071\/\",\"name\":\"Decorative Pipe for Upper Wind Deflector \u2013 Scania NextGen 2017- (K5S45) - RST-Steel\",\"isPartOf\":{\"@id\":\"https:\/\/com.rst-steel.eu\/#website\"},\"primaryImageOfPage\":{\"@id\":\"https:\/\/com.rst-steel.eu\/sv\/produkt\/dekorativt-ror-for-ovre-vindavvisare-scania-nextgen-2017-k5s45_prm_66071\/#primaryimage\"},\"image\":{\"@id\":\"https:\/\/com.rst-steel.eu\/sv\/produkt\/dekorativt-ror-for-ovre-vindavvisare-scania-nextgen-2017-k5s45_prm_66071\/#primaryimage\"},\"thumbnailUrl\":\"https:\/\/com.rst-steel.eu\/wp-content\/uploads\/2025\/01\/bba87a66f5dc949b4e887d6815a06b12b5b42bd3_828b3bb9_2c99_4af0_b36e_86199447aa98.jpg\",\"datePublished\":\"2025-01-31T12:14:59+00:00\",\"dateModified\":\"2026-03-16T06:21:18+00:00\",\"breadcrumb\":{\"@id\":\"https:\/\/com.rst-steel.eu\/sv\/produkt\/dekorativt-ror-for-ovre-vindavvisare-scania-nextgen-2017-k5s45_prm_66071\/#breadcrumb\"},\"inLanguage\":\"sv-SE\",\"potentialAction\":[{\"@type\":\"ReadAction\",\"target\":[\"https:\/\/com.rst-steel.eu\/sv\/produkt\/dekorativt-ror-for-ovre-vindavvisare-scania-nextgen-2017-k5s45_prm_66071\/\"]}]},{\"@type\":\"ImageObject\",\"inLanguage\":\"sv-SE\",\"@id\":\"https:\/\/com.rst-steel.eu\/sv\/produkt\/dekorativt-ror-for-ovre-vindavvisare-scania-nextgen-2017-k5s45_prm_66071\/#primaryimage\",\"url\":\"https:\/\/com.rst-steel.eu\/wp-content\/uploads\/2025\/01\/bba87a66f5dc949b4e887d6815a06b12b5b42bd3_828b3bb9_2c99_4af0_b36e_86199447aa98.jpg\",\"contentUrl\":\"https:\/\/com.rst-steel.eu\/wp-content\/uploads\/2025\/01\/bba87a66f5dc949b4e887d6815a06b12b5b42bd3_828b3bb9_2c99_4af0_b36e_86199447aa98.jpg\",\"width\":1200,\"height\":1600,\"caption\":\"Decorative Pipe for Upper Wind Deflector \u2013 Scania NextGen 2017- (K5S45)\"},{\"@type\":\"BreadcrumbList\",\"@id\":\"https:\/\/com.rst-steel.eu\/sv\/produkt\/dekorativt-ror-for-ovre-vindavvisare-scania-nextgen-2017-k5s45_prm_66071\/#breadcrumb\",\"itemListElement\":[{\"@type\":\"ListItem\",\"position\":1,\"name\":\"Home\",\"item\":\"https:\/\/com.rst-steel.eu\/\"},{\"@type\":\"ListItem\",\"position\":2,\"name\":\"RST-Steel Shop\",\"item\":\"https:\/\/com.rst-steel.eu\/shop\/\"},{\"@type\":\"ListItem\",\"position\":3,\"name\":\"Decorative Pipe for Upper Wind Deflector \u2013 Scania NextGen 2017- (K5S45)\"}]},{\"@type\":\"WebSite\",\"@id\":\"https:\/\/com.rst-steel.eu\/#website\",\"url\":\"https:\/\/com.rst-steel.eu\/\",\"name\":\"RST-Steel.com\",\"description\":\"Finnish quality steel, for quality-conscious drivers\",\"publisher\":{\"@id\":\"https:\/\/com.rst-steel.eu\/#organization\"},\"alternateName\":\"Safe and stylish RST-Steel quality\",\"potentialAction\":[{\"@type\":\"SearchAction\",\"target\":{\"@type\":\"EntryPoint\",\"urlTemplate\":\"https:\/\/com.rst-steel.eu\/?s={search_term_string}\"},\"query-input\":{\"@type\":\"PropertyValueSpecification\",\"valueRequired\":true,\"valueName\":\"search_term_string\"}}],\"inLanguage\":\"sv-SE\"},{\"@type\":\"Organization\",\"@id\":\"https:\/\/com.rst-steel.eu\/#organization\",\"name\":\"RST-Steel Oy\",\"url\":\"https:\/\/com.rst-steel.eu\/\",\"logo\":{\"@type\":\"ImageObject\",\"inLanguage\":\"sv-SE\",\"@id\":\"https:\/\/com.rst-steel.eu\/#\/schema\/logo\/image\/\",\"url\":\"https:\/\/com.rst-steel.eu\/wp-content\/uploads\/2023\/04\/cropped-Rst-logo-valkoinen-teksti-3.png\",\"contentUrl\":\"https:\/\/com.rst-steel.eu\/wp-content\/uploads\/2023\/04\/cropped-Rst-logo-valkoinen-teksti-3.png\",\"width\":512,\"height\":115,\"caption\":\"RST-Steel Oy\"},\"image\":{\"@id\":\"https:\/\/com.rst-steel.eu\/#\/schema\/logo\/image\/\"},\"sameAs\":[\"https:\/\/www.facebook.com\/rststeel\",\"https:\/\/www.instagram.com\/rststeeloy\/\"]}]}<\/script>\n<!-- \/ Yoast SEO plugin. -->","yoast_head_json":{"title":"Dekorativt r\u00f6r f\u00f6r \u00f6vre vindavvisare - Scania NextGen 2017- (K5S45) - RST-Steel","robots":{"index":"index","follow":"follow","max-snippet":"max-snippet:-1","max-image-preview":"max-image-preview:large","max-video-preview":"max-video-preview:-1"},"canonical":"https:\/\/com.rst-steel.eu\/sv\/produkt\/dekorativt-ror-for-ovre-vindavvisare-scania-nextgen-2017-k5s45_prm_66071\/","og_locale":"sv_SE","og_type":"article","og_title":"Decorative Pipe for Upper Wind Deflector \u2013 Scania NextGen 2017- (K5S45) - RST-Steel","og_description":"Several model options available!","og_url":"https:\/\/com.rst-steel.eu\/sv\/produkt\/dekorativt-ror-for-ovre-vindavvisare-scania-nextgen-2017-k5s45_prm_66071\/","og_site_name":"RST-Steel","article_publisher":"https:\/\/www.facebook.com\/rststeel","article_modified_time":"2026-03-16T06:21:18+00:00","og_image":[{"width":1200,"height":1600,"url":"https:\/\/com.rst-steel.eu\/wp-content\/uploads\/2025\/01\/bba87a66f5dc949b4e887d6815a06b12b5b42bd3_828b3bb9_2c99_4af0_b36e_86199447aa98.jpg","type":"image\/jpeg"}],"twitter_card":"summary_large_image","twitter_misc":{"Ber\u00e4knad l\u00e4stid":"1 minut"},"schema":{"@context":"https:\/\/schema.org","@graph":[{"@type":"WebPage","@id":"https:\/\/com.rst-steel.eu\/sv\/produkt\/dekorativt-ror-for-ovre-vindavvisare-scania-nextgen-2017-k5s45_prm_66071\/","url":"https:\/\/com.rst-steel.eu\/sv\/produkt\/dekorativt-ror-for-ovre-vindavvisare-scania-nextgen-2017-k5s45_prm_66071\/","name":"Dekorativt r\u00f6r f\u00f6r \u00f6vre vindavvisare - Scania NextGen 2017- (K5S45) - RST-Steel","isPartOf":{"@id":"https:\/\/com.rst-steel.eu\/#website"},"primaryImageOfPage":{"@id":"https:\/\/com.rst-steel.eu\/sv\/produkt\/dekorativt-ror-for-ovre-vindavvisare-scania-nextgen-2017-k5s45_prm_66071\/#primaryimage"},"image":{"@id":"https:\/\/com.rst-steel.eu\/sv\/produkt\/dekorativt-ror-for-ovre-vindavvisare-scania-nextgen-2017-k5s45_prm_66071\/#primaryimage"},"thumbnailUrl":"https:\/\/com.rst-steel.eu\/wp-content\/uploads\/2025\/01\/bba87a66f5dc949b4e887d6815a06b12b5b42bd3_828b3bb9_2c99_4af0_b36e_86199447aa98.jpg","datePublished":"2025-01-31T12:14:59+00:00","dateModified":"2026-03-16T06:21:18+00:00","breadcrumb":{"@id":"https:\/\/com.rst-steel.eu\/sv\/produkt\/dekorativt-ror-for-ovre-vindavvisare-scania-nextgen-2017-k5s45_prm_66071\/#breadcrumb"},"inLanguage":"sv-SE","potentialAction":[{"@type":"ReadAction","target":["https:\/\/com.rst-steel.eu\/sv\/produkt\/dekorativt-ror-for-ovre-vindavvisare-scania-nextgen-2017-k5s45_prm_66071\/"]}]},{"@type":"ImageObject","inLanguage":"sv-SE","@id":"https:\/\/com.rst-steel.eu\/sv\/produkt\/dekorativt-ror-for-ovre-vindavvisare-scania-nextgen-2017-k5s45_prm_66071\/#primaryimage","url":"https:\/\/com.rst-steel.eu\/wp-content\/uploads\/2025\/01\/bba87a66f5dc949b4e887d6815a06b12b5b42bd3_828b3bb9_2c99_4af0_b36e_86199447aa98.jpg","contentUrl":"https:\/\/com.rst-steel.eu\/wp-content\/uploads\/2025\/01\/bba87a66f5dc949b4e887d6815a06b12b5b42bd3_828b3bb9_2c99_4af0_b36e_86199447aa98.jpg","width":1200,"height":1600,"caption":"Decorative Pipe for Upper Wind Deflector \u2013 Scania NextGen 2017- (K5S45)"},{"@type":"BreadcrumbList","@id":"https:\/\/com.rst-steel.eu\/sv\/produkt\/dekorativt-ror-for-ovre-vindavvisare-scania-nextgen-2017-k5s45_prm_66071\/#breadcrumb","itemListElement":[{"@type":"ListItem","position":1,"name":"Home","item":"https:\/\/com.rst-steel.eu\/"},{"@type":"ListItem","position":2,"name":"RST-Steel Shop","item":"https:\/\/com.rst-steel.eu\/shop\/"},{"@type":"ListItem","position":3,"name":"Decorative Pipe for Upper Wind Deflector \u2013 Scania NextGen 2017- (K5S45)"}]},{"@type":"WebSite","@id":"https:\/\/com.rst-steel.eu\/#website","url":"https:\/\/com.rst-steel.eu\/","name":"RST-Stahl.com","description":"Finskt kvalitetsst\u00e5l, f\u00f6r kvalitetsmedvetna f\u00f6rare","publisher":{"@id":"https:\/\/com.rst-steel.eu\/#organization"},"alternateName":"Safe and stylish RST-Steel quality","potentialAction":[{"@type":"SearchAction","target":{"@type":"EntryPoint","urlTemplate":"https:\/\/com.rst-steel.eu\/?s={search_term_string}"},"query-input":{"@type":"PropertyValueSpecification","valueRequired":true,"valueName":"search_term_string"}}],"inLanguage":"sv-SE"},{"@type":"Organization","@id":"https:\/\/com.rst-steel.eu\/#organization","name":"RST-Steel Oy","url":"https:\/\/com.rst-steel.eu\/","logo":{"@type":"ImageObject","inLanguage":"sv-SE","@id":"https:\/\/com.rst-steel.eu\/#\/schema\/logo\/image\/","url":"https:\/\/com.rst-steel.eu\/wp-content\/uploads\/2023\/04\/cropped-Rst-logo-valkoinen-teksti-3.png","contentUrl":"https:\/\/com.rst-steel.eu\/wp-content\/uploads\/2023\/04\/cropped-Rst-logo-valkoinen-teksti-3.png","width":512,"height":115,"caption":"RST-Steel Oy"},"image":{"@id":"https:\/\/com.rst-steel.eu\/#\/schema\/logo\/image\/"},"sameAs":["https:\/\/www.facebook.com\/rststeel","https:\/\/www.instagram.com\/rststeeloy\/"]}]}},"brands":[{"id":8334,"name":"RST-Steel","slug":"brand_rststeel"}],"_links":{"self":[{"href":"https:\/\/com.rst-steel.eu\/sv\/wp-json\/wp\/v2\/product\/49970","targetHints":{"allow":["GET"]}}],"collection":[{"href":"https:\/\/com.rst-steel.eu\/sv\/wp-json\/wp\/v2\/product"}],"about":[{"href":"https:\/\/com.rst-steel.eu\/sv\/wp-json\/wp\/v2\/types\/product"}],"replies":[{"embeddable":true,"href":"https:\/\/com.rst-steel.eu\/sv\/wp-json\/wp\/v2\/comments?post=49970"}],"version-history":[{"count":0,"href":"https:\/\/com.rst-steel.eu\/sv\/wp-json\/wp\/v2\/product\/49970\/revisions"}],"wp:featuredmedia":[{"embeddable":true,"href":"https:\/\/com.rst-steel.eu\/sv\/wp-json\/wp\/v2\/media\/49969"}],"wp:attachment":[{"href":"https:\/\/com.rst-steel.eu\/sv\/wp-json\/wp\/v2\/media?parent=49970"}],"wp:term":[{"taxonomy":"make_fuel_type","embeddable":true,"href":"https:\/\/com.rst-steel.eu\/sv\/wp-json\/wp\/v2\/make_fuel_type?post=49970"},{"taxonomy":"make_model","embeddable":true,"href":"https:\/\/com.rst-steel.eu\/sv\/wp-json\/wp\/v2\/make_model?post=49970"},{"taxonomy":"make_brand","embeddable":true,"href":"https:\/\/com.rst-steel.eu\/sv\/wp-json\/wp\/v2\/make_brand?post=49970"},{"taxonomy":"make_year","embeddable":true,"href":"https:\/\/com.rst-steel.eu\/sv\/wp-json\/wp\/v2\/make_year?post=49970"},{"taxonomy":"pwb-brand","embeddable":true,"href":"https:\/\/com.rst-steel.eu\/sv\/wp-json\/wp\/v2\/pwb-brand?post=49970"},{"taxonomy":"product_brand","embeddable":true,"href":"https:\/\/com.rst-steel.eu\/sv\/wp-json\/wp\/v2\/product_brand?post=49970"},{"taxonomy":"product_cat","embeddable":true,"href":"https:\/\/com.rst-steel.eu\/sv\/wp-json\/wp\/v2\/product_cat?post=49970"},{"taxonomy":"product_tag","embeddable":true,"href":"https:\/\/com.rst-steel.eu\/sv\/wp-json\/wp\/v2\/product_tag?post=49970"}],"curies":[{"name":"wp","href":"https:\/\/api.w.org\/{rel}","templated":true}]}}