{"id":48707,"date":"2024-11-19T16:31:24","date_gmt":"2024-11-19T13:31:24","guid":{"rendered":"https:\/\/rst-steel.com\/product\/hood-bonnet-deflector-mb-vito-2015-_pr_12908\/"},"modified":"2026-03-16T09:21:17","modified_gmt":"2026-03-16T06:21:17","slug":"motorhuv-motorhuvsdeflektor-mb-vito-2015-_pr_12908","status":"publish","type":"product","link":"https:\/\/com.rst-steel.eu\/sv\/produkt\/motorhuv-motorhuvsdeflektor-mb-vito-2015-_pr_12908\/","title":{"rendered":"Motorhuvsdeflektor MB Vito 2015-"},"content":{"rendered":"<p><strong>Motorhuvsdeflektor MB Vito 2015-<\/strong><\/p>\n<p><strong>\u00a0<\/strong><\/p>\n<p>Motorhuvsdeflektorn skyddar din bils motorhuv under k\u00f6rning fr\u00e5n eventuella stenskott och insektsfl\u00e4ckar och hj\u00e4lper till att h\u00e5lla vindrutan ren. Tack vare sin h\u00f6ga h\u00e5llbarhet och sina aerodynamiska egenskaper \u00e4r deflektorn motst\u00e5ndskraftig mot yttre faktorer. F\u00f6rb\u00e4ttrar din bils stil och funktionalitet. L\u00e4tt att installera!<\/p>\n<p>&nbsp;<\/p>\n<p>Deflektorn \u00e4r tillverkad av h\u00f6gkvalitativ ABS-plast. Den blanka svarta ytan med akrylbel\u00e4ggning \u00e4r mycket motst\u00e5ndskraftig mot UV-str\u00e5lning och v\u00e4der och vind!<\/p>\n<p>&nbsp;<\/p>\n<p><strong>Kompatibel med:<\/strong><\/p>\n<ul>\n<li>Mercedes-Benz Vito W447 (2014-)<\/li>\n<\/ul>\n<p>&nbsp;<\/p>\n<p><strong>Paketet inneh\u00e5ller:<\/strong><\/p>\n<ul>\n<li>Avvisare f\u00f6r motorhuv och motorlucka<\/li>\n<li>N\u00f6dv\u00e4ndiga monteringsf\u00e4sten<\/li>\n<li>Instruktioner f\u00f6r installation<\/li>\n<\/ul>","protected":false},"excerpt":{"rendered":"<p><span style=\"font-weight: bold;\">L\u00e4tt att installera!<\/span><\/p>","protected":false},"featured_media":48704,"comment_status":"open","ping_status":"closed","template":"","meta":{"_improvement_type_select":"improve_an_existing","_thumb_yes_seoaic":false,"_frame_yes_seoaic":false,"seoaic_generate_description":"","seoaic_improve_instructions_prompt":"","seoaic_rollback_content_improvement":"","seoaic_idea_thumbnail_generator":"","thumbnail_generated":false,"thumbnail_generate_prompt":"","seoaic_article_description":""},"make_fuel_type":[],"make_model":[6375,6941,6380],"make_brand":[6374],"make_year":[6373],"pwb-brand":[8343],"product_brand":[],"product_cat":[7210],"product_tag":[6611,6610],"class_list":{"0":"post-48707","1":"product","2":"type-product","3":"status-publish","4":"has-post-thumbnail","6":"make_engine-vito-l1-h1","7":"make_engine-vito-l2-h1","8":"make_engine-vitol3-h1","9":"make_model-w447-vito","10":"make_model-vito-facelift-2","11":"make_model-w447-vito-facelift","12":"make_brand-mb-van","13":"make_year-van","14":"pwb-brand-brand_omtec","15":"product_cat-sun-visors-and-wind-deflectors","16":"product_tag-mercedes","17":"product_tag-mercedes-benz","18":"product_shipping_class-erikoispitka","20":"first","21":"instock","22":"taxable","23":"shipping-taxable","24":"purchasable","25":"product-type-simple"},"yoast_head":"<!-- This site is optimized with the Yoast SEO plugin v25.7 - https:\/\/yoast.com\/wordpress\/plugins\/seo\/ -->\n<title>Hood bonnet Deflector MB Vito 2015- RST-Steel<\/title>\n<meta name=\"description\" content=\"Hood bonnet Deflector MB Vito 2015- models. Enhances your car&#039;s style and functionality. Check the products and place an order!\" \/>\n<meta name=\"robots\" content=\"index, follow, max-snippet:-1, max-image-preview:large, max-video-preview:-1\" \/>\n<link rel=\"canonical\" href=\"https:\/\/com.rst-steel.eu\/sv\/produkt\/motorhuv-motorhuvsdeflektor-mb-vito-2015-_pr_12908\/\" \/>\n<meta property=\"og:locale\" content=\"sv_SE\" \/>\n<meta property=\"og:type\" content=\"article\" \/>\n<meta property=\"og:title\" content=\"Hood bonnet Deflector MB Vito 2015- RST-Steel\" \/>\n<meta property=\"og:description\" content=\"Hood bonnet Deflector MB Vito 2015- models. Enhances your car&#039;s style and functionality. Check the products and place an order!\" \/>\n<meta property=\"og:url\" content=\"https:\/\/com.rst-steel.eu\/sv\/produkt\/motorhuv-motorhuvsdeflektor-mb-vito-2015-_pr_12908\/\" \/>\n<meta property=\"og:site_name\" content=\"RST-Steel\" \/>\n<meta property=\"article:publisher\" content=\"https:\/\/www.facebook.com\/rststeel\" \/>\n<meta property=\"article:modified_time\" content=\"2026-03-16T06:21:17+00:00\" \/>\n<meta property=\"og:image\" content=\"https:\/\/com.rst-steel.eu\/wp-content\/uploads\/2024\/11\/45a38fb04497b53aee47db926b96d7673f4fc769_80010.jpg\" \/>\n\t<meta property=\"og:image:width\" content=\"1000\" \/>\n\t<meta property=\"og:image:height\" content=\"1000\" \/>\n\t<meta property=\"og:image:type\" content=\"image\/jpeg\" \/>\n<meta name=\"twitter:card\" content=\"summary_large_image\" \/>\n<meta name=\"twitter:label1\" content=\"Ber\u00e4knad l\u00e4stid\" \/>\n\t<meta name=\"twitter:data1\" content=\"1 minut\" \/>\n<script type=\"application\/ld+json\" class=\"yoast-schema-graph\">{\"@context\":\"https:\/\/schema.org\",\"@graph\":[{\"@type\":\"WebPage\",\"@id\":\"https:\/\/com.rst-steel.eu\/nb\/produkt\/panseravviser-mb-vito-2015-_pr_12908\/\",\"url\":\"https:\/\/com.rst-steel.eu\/nb\/produkt\/panseravviser-mb-vito-2015-_pr_12908\/\",\"name\":\"Hood bonnet Deflector MB Vito 2015- RST-Steel\",\"isPartOf\":{\"@id\":\"https:\/\/com.rst-steel.eu\/#website\"},\"primaryImageOfPage\":{\"@id\":\"https:\/\/com.rst-steel.eu\/nb\/produkt\/panseravviser-mb-vito-2015-_pr_12908\/#primaryimage\"},\"image\":{\"@id\":\"https:\/\/com.rst-steel.eu\/nb\/produkt\/panseravviser-mb-vito-2015-_pr_12908\/#primaryimage\"},\"thumbnailUrl\":\"https:\/\/com.rst-steel.eu\/wp-content\/uploads\/2024\/11\/45a38fb04497b53aee47db926b96d7673f4fc769_80010.jpg\",\"datePublished\":\"2024-11-19T13:31:24+00:00\",\"dateModified\":\"2026-03-16T06:21:17+00:00\",\"description\":\"Hood bonnet Deflector MB Vito 2015- models. Enhances your car's style and functionality. Check the products and place an order!\",\"breadcrumb\":{\"@id\":\"https:\/\/com.rst-steel.eu\/nb\/produkt\/panseravviser-mb-vito-2015-_pr_12908\/#breadcrumb\"},\"inLanguage\":\"sv-SE\",\"potentialAction\":[{\"@type\":\"ReadAction\",\"target\":[\"https:\/\/com.rst-steel.eu\/nb\/produkt\/panseravviser-mb-vito-2015-_pr_12908\/\"]}]},{\"@type\":\"ImageObject\",\"inLanguage\":\"sv-SE\",\"@id\":\"https:\/\/com.rst-steel.eu\/nb\/produkt\/panseravviser-mb-vito-2015-_pr_12908\/#primaryimage\",\"url\":\"https:\/\/com.rst-steel.eu\/wp-content\/uploads\/2024\/11\/45a38fb04497b53aee47db926b96d7673f4fc769_80010.jpg\",\"contentUrl\":\"https:\/\/com.rst-steel.eu\/wp-content\/uploads\/2024\/11\/45a38fb04497b53aee47db926b96d7673f4fc769_80010.jpg\",\"width\":1000,\"height\":1000,\"caption\":\"Hood bonnet Deflector MB Vito 2015-\"},{\"@type\":\"BreadcrumbList\",\"@id\":\"https:\/\/com.rst-steel.eu\/nb\/produkt\/panseravviser-mb-vito-2015-_pr_12908\/#breadcrumb\",\"itemListElement\":[{\"@type\":\"ListItem\",\"position\":1,\"name\":\"Home\",\"item\":\"https:\/\/com.rst-steel.eu\/\"},{\"@type\":\"ListItem\",\"position\":2,\"name\":\"RST-Steel Shop\",\"item\":\"https:\/\/com.rst-steel.eu\/shop\/\"},{\"@type\":\"ListItem\",\"position\":3,\"name\":\"Hood bonnet Deflector MB Vito 2015-\"}]},{\"@type\":\"WebSite\",\"@id\":\"https:\/\/com.rst-steel.eu\/#website\",\"url\":\"https:\/\/com.rst-steel.eu\/\",\"name\":\"RST-Steel.com\",\"description\":\"Finnish quality steel, for quality-conscious drivers\",\"publisher\":{\"@id\":\"https:\/\/com.rst-steel.eu\/#organization\"},\"alternateName\":\"Safe and stylish RST-Steel quality\",\"potentialAction\":[{\"@type\":\"SearchAction\",\"target\":{\"@type\":\"EntryPoint\",\"urlTemplate\":\"https:\/\/com.rst-steel.eu\/?s={search_term_string}\"},\"query-input\":{\"@type\":\"PropertyValueSpecification\",\"valueRequired\":true,\"valueName\":\"search_term_string\"}}],\"inLanguage\":\"sv-SE\"},{\"@type\":\"Organization\",\"@id\":\"https:\/\/com.rst-steel.eu\/#organization\",\"name\":\"RST-Steel Oy\",\"url\":\"https:\/\/com.rst-steel.eu\/\",\"logo\":{\"@type\":\"ImageObject\",\"inLanguage\":\"sv-SE\",\"@id\":\"https:\/\/com.rst-steel.eu\/#\/schema\/logo\/image\/\",\"url\":\"https:\/\/com.rst-steel.eu\/wp-content\/uploads\/2023\/04\/cropped-Rst-logo-valkoinen-teksti-3.png\",\"contentUrl\":\"https:\/\/com.rst-steel.eu\/wp-content\/uploads\/2023\/04\/cropped-Rst-logo-valkoinen-teksti-3.png\",\"width\":512,\"height\":115,\"caption\":\"RST-Steel Oy\"},\"image\":{\"@id\":\"https:\/\/com.rst-steel.eu\/#\/schema\/logo\/image\/\"},\"sameAs\":[\"https:\/\/www.facebook.com\/rststeel\",\"https:\/\/www.instagram.com\/rststeeloy\/\"]}]}<\/script>\n<!-- \/ Yoast SEO plugin. -->","yoast_head_json":{"title":"Motorhuvsdeflektor MB Vito 2015- RST-Steel","description":"Hood bonnet Deflector MB Vito 2015- models. Enhances your car's style and functionality. Check the products and place an order!","robots":{"index":"index","follow":"follow","max-snippet":"max-snippet:-1","max-image-preview":"max-image-preview:large","max-video-preview":"max-video-preview:-1"},"canonical":"https:\/\/com.rst-steel.eu\/sv\/produkt\/motorhuv-motorhuvsdeflektor-mb-vito-2015-_pr_12908\/","og_locale":"sv_SE","og_type":"article","og_title":"Hood bonnet Deflector MB Vito 2015- RST-Steel","og_description":"Hood bonnet Deflector MB Vito 2015- models. Enhances your car's style and functionality. Check the products and place an order!","og_url":"https:\/\/com.rst-steel.eu\/sv\/produkt\/motorhuv-motorhuvsdeflektor-mb-vito-2015-_pr_12908\/","og_site_name":"RST-Steel","article_publisher":"https:\/\/www.facebook.com\/rststeel","article_modified_time":"2026-03-16T06:21:17+00:00","og_image":[{"width":1000,"height":1000,"url":"https:\/\/com.rst-steel.eu\/wp-content\/uploads\/2024\/11\/45a38fb04497b53aee47db926b96d7673f4fc769_80010.jpg","type":"image\/jpeg"}],"twitter_card":"summary_large_image","twitter_misc":{"Ber\u00e4knad l\u00e4stid":"1 minut"},"schema":{"@context":"https:\/\/schema.org","@graph":[{"@type":"WebPage","@id":"https:\/\/com.rst-steel.eu\/nb\/produkt\/panseravviser-mb-vito-2015-_pr_12908\/","url":"https:\/\/com.rst-steel.eu\/nb\/produkt\/panseravviser-mb-vito-2015-_pr_12908\/","name":"Motorhuvsdeflektor MB Vito 2015- RST-Steel","isPartOf":{"@id":"https:\/\/com.rst-steel.eu\/#website"},"primaryImageOfPage":{"@id":"https:\/\/com.rst-steel.eu\/nb\/produkt\/panseravviser-mb-vito-2015-_pr_12908\/#primaryimage"},"image":{"@id":"https:\/\/com.rst-steel.eu\/nb\/produkt\/panseravviser-mb-vito-2015-_pr_12908\/#primaryimage"},"thumbnailUrl":"https:\/\/com.rst-steel.eu\/wp-content\/uploads\/2024\/11\/45a38fb04497b53aee47db926b96d7673f4fc769_80010.jpg","datePublished":"2024-11-19T13:31:24+00:00","dateModified":"2026-03-16T06:21:17+00:00","description":"Hood bonnet Deflector MB Vito 2015- models. Enhances your car's style and functionality. Check the products and place an order!","breadcrumb":{"@id":"https:\/\/com.rst-steel.eu\/nb\/produkt\/panseravviser-mb-vito-2015-_pr_12908\/#breadcrumb"},"inLanguage":"sv-SE","potentialAction":[{"@type":"ReadAction","target":["https:\/\/com.rst-steel.eu\/nb\/produkt\/panseravviser-mb-vito-2015-_pr_12908\/"]}]},{"@type":"ImageObject","inLanguage":"sv-SE","@id":"https:\/\/com.rst-steel.eu\/nb\/produkt\/panseravviser-mb-vito-2015-_pr_12908\/#primaryimage","url":"https:\/\/com.rst-steel.eu\/wp-content\/uploads\/2024\/11\/45a38fb04497b53aee47db926b96d7673f4fc769_80010.jpg","contentUrl":"https:\/\/com.rst-steel.eu\/wp-content\/uploads\/2024\/11\/45a38fb04497b53aee47db926b96d7673f4fc769_80010.jpg","width":1000,"height":1000,"caption":"Hood bonnet Deflector MB Vito 2015-"},{"@type":"BreadcrumbList","@id":"https:\/\/com.rst-steel.eu\/nb\/produkt\/panseravviser-mb-vito-2015-_pr_12908\/#breadcrumb","itemListElement":[{"@type":"ListItem","position":1,"name":"Home","item":"https:\/\/com.rst-steel.eu\/"},{"@type":"ListItem","position":2,"name":"RST-Steel Shop","item":"https:\/\/com.rst-steel.eu\/shop\/"},{"@type":"ListItem","position":3,"name":"Hood bonnet Deflector MB Vito 2015-"}]},{"@type":"WebSite","@id":"https:\/\/com.rst-steel.eu\/#website","url":"https:\/\/com.rst-steel.eu\/","name":"RST-Stahl.com","description":"Finskt kvalitetsst\u00e5l, f\u00f6r kvalitetsmedvetna f\u00f6rare","publisher":{"@id":"https:\/\/com.rst-steel.eu\/#organization"},"alternateName":"Safe and stylish RST-Steel quality","potentialAction":[{"@type":"SearchAction","target":{"@type":"EntryPoint","urlTemplate":"https:\/\/com.rst-steel.eu\/?s={search_term_string}"},"query-input":{"@type":"PropertyValueSpecification","valueRequired":true,"valueName":"search_term_string"}}],"inLanguage":"sv-SE"},{"@type":"Organization","@id":"https:\/\/com.rst-steel.eu\/#organization","name":"RST-Steel Oy","url":"https:\/\/com.rst-steel.eu\/","logo":{"@type":"ImageObject","inLanguage":"sv-SE","@id":"https:\/\/com.rst-steel.eu\/#\/schema\/logo\/image\/","url":"https:\/\/com.rst-steel.eu\/wp-content\/uploads\/2023\/04\/cropped-Rst-logo-valkoinen-teksti-3.png","contentUrl":"https:\/\/com.rst-steel.eu\/wp-content\/uploads\/2023\/04\/cropped-Rst-logo-valkoinen-teksti-3.png","width":512,"height":115,"caption":"RST-Steel Oy"},"image":{"@id":"https:\/\/com.rst-steel.eu\/#\/schema\/logo\/image\/"},"sameAs":["https:\/\/www.facebook.com\/rststeel","https:\/\/www.instagram.com\/rststeeloy\/"]}]}},"brands":[{"id":8343,"name":"Omtec","slug":"brand_omtec"}],"_links":{"self":[{"href":"https:\/\/com.rst-steel.eu\/sv\/wp-json\/wp\/v2\/product\/48707","targetHints":{"allow":["GET"]}}],"collection":[{"href":"https:\/\/com.rst-steel.eu\/sv\/wp-json\/wp\/v2\/product"}],"about":[{"href":"https:\/\/com.rst-steel.eu\/sv\/wp-json\/wp\/v2\/types\/product"}],"replies":[{"embeddable":true,"href":"https:\/\/com.rst-steel.eu\/sv\/wp-json\/wp\/v2\/comments?post=48707"}],"version-history":[{"count":0,"href":"https:\/\/com.rst-steel.eu\/sv\/wp-json\/wp\/v2\/product\/48707\/revisions"}],"wp:featuredmedia":[{"embeddable":true,"href":"https:\/\/com.rst-steel.eu\/sv\/wp-json\/wp\/v2\/media\/48704"}],"wp:attachment":[{"href":"https:\/\/com.rst-steel.eu\/sv\/wp-json\/wp\/v2\/media?parent=48707"}],"wp:term":[{"taxonomy":"make_fuel_type","embeddable":true,"href":"https:\/\/com.rst-steel.eu\/sv\/wp-json\/wp\/v2\/make_fuel_type?post=48707"},{"taxonomy":"make_model","embeddable":true,"href":"https:\/\/com.rst-steel.eu\/sv\/wp-json\/wp\/v2\/make_model?post=48707"},{"taxonomy":"make_brand","embeddable":true,"href":"https:\/\/com.rst-steel.eu\/sv\/wp-json\/wp\/v2\/make_brand?post=48707"},{"taxonomy":"make_year","embeddable":true,"href":"https:\/\/com.rst-steel.eu\/sv\/wp-json\/wp\/v2\/make_year?post=48707"},{"taxonomy":"pwb-brand","embeddable":true,"href":"https:\/\/com.rst-steel.eu\/sv\/wp-json\/wp\/v2\/pwb-brand?post=48707"},{"taxonomy":"product_brand","embeddable":true,"href":"https:\/\/com.rst-steel.eu\/sv\/wp-json\/wp\/v2\/product_brand?post=48707"},{"taxonomy":"product_cat","embeddable":true,"href":"https:\/\/com.rst-steel.eu\/sv\/wp-json\/wp\/v2\/product_cat?post=48707"},{"taxonomy":"product_tag","embeddable":true,"href":"https:\/\/com.rst-steel.eu\/sv\/wp-json\/wp\/v2\/product_tag?post=48707"}],"curies":[{"name":"wp","href":"https:\/\/api.w.org\/{rel}","templated":true}]}}