{"id":48697,"date":"2024-11-19T16:30:20","date_gmt":"2024-11-19T13:30:20","guid":{"rendered":"https:\/\/rst-steel.com\/product\/front-bar-mb-vito_prm_65784\/"},"modified":"2026-03-16T09:21:01","modified_gmt":"2026-03-16T06:21:01","slug":"front-bar-mb-vito_prm_65784","status":"publish","type":"product","link":"https:\/\/com.rst-steel.eu\/sv\/produkt\/front-bar-mb-vito_prm_65784\/","title":{"rendered":"Front bar MB Vito"},"content":{"rendered":"<p>Frontb\u00e5ge MB Vito<\/p>\n<p>&nbsp;<\/p>\n<p>STEELER\u00ae frontb\u00e5gar i rostfritt st\u00e5l till Mercedes-Benz Vito \u00e4r utformade f\u00f6r att f\u00f6rst\u00e4rka den unika karakt\u00e4ren hos ditt fordon. Dessa robusta frontb\u00e5gar \u00e4r tillverkade av h\u00f6gkvalitativt rostfritt st\u00e5l och handpolerade f\u00f6r att s\u00e4kerst\u00e4lla h\u00e5llbarheten.<\/p>\n<p>Frontb\u00e5gen har ett europeiskt godk\u00e4nnande och \u00e4r utformad enligt de senaste EU-standarderna och kraven i direktiv 78\/2009\/EG. Detta inneb\u00e4r att v\u00e5ra produkter tillverkas med h\u00f6gsta s\u00e4kerhetsstandard och har klarat alla certifieringstester n\u00e4r det g\u00e4ller fotg\u00e4ngares s\u00e4kerhet.<\/p>\n<p>Dessa st\u00e4nger \u00e4r tillverkade av korrosionsbest\u00e4ndigt rostfritt st\u00e5l (AISI 304) och \u00e4r mycket h\u00e5llbara \u00e4ven under tuffa v\u00e4derf\u00f6rh\u00e5llanden och anv\u00e4nds ofta i industrier, inklusive livsmedelsindustrin.<\/p>\n<p>Steeler st\u00e5r f\u00f6r produkternas kvalitet och erbjuder 24 m\u00e5naders garanti p\u00e5 polerade st\u00e4nger och 12 m\u00e5naders garanti p\u00e5 den svartm\u00e5lade ytan.<\/p>\n<p>&nbsp;<\/p>\n<p><span style=\"font-weight: bold;\">Teknisk information:<\/span><\/p>\n<ul>\n<li>F\u00e4rg: Polerat rostfritt st\u00e5l eller svart<\/li>\n<li>St\u00e5ngens diameter: 60 mm<\/li>\n<li>Tjocklek: 2 mm<\/li>\n<li>Vikt: 5 kg<\/li>\n<\/ul>\n<p>&nbsp;<\/p>\n<p><span style=\"font-weight: bold;\">Leveransinneh\u00e5ll:<\/span><\/p>\n<ul>\n<li>Front bar MB Vito<\/li>\n<li>Monteringsf\u00e4sten som beh\u00f6vs f\u00f6r installation<\/li>\n<li>Instruktioner f\u00f6r installation<\/li>\n<li>E-godk\u00e4nnandedokument<\/li>\n<\/ul>","protected":false},"excerpt":{"rendered":"<p><span style=\"font-weight: bold;\">Utformad f\u00f6r att f\u00f6rst\u00e4rka den unika karakt\u00e4ren hos ditt fordon.<\/span><\/p>","protected":false},"featured_media":48693,"comment_status":"open","ping_status":"closed","template":"","meta":{"_improvement_type_select":"improve_an_existing","_thumb_yes_seoaic":false,"_frame_yes_seoaic":false,"seoaic_generate_description":"","seoaic_improve_instructions_prompt":"","seoaic_rollback_content_improvement":"","seoaic_idea_thumbnail_generator":"","thumbnail_generated":false,"thumbnail_generate_prompt":"","seoaic_article_description":""},"make_fuel_type":[],"make_model":[6375,6941,6380],"make_brand":[6374],"make_year":[6373],"pwb-brand":[8349],"product_brand":[],"product_cat":[6057,6062],"product_tag":[6611,6610],"class_list":{"0":"post-48697","1":"product","2":"type-product","3":"status-publish","4":"has-post-thumbnail","6":"make_engine-vito-l1-h1","7":"make_engine-vito-l2-h1","8":"make_engine-vitol3-h1","9":"make_model-w447-vito","10":"make_model-vito-facelift-2","11":"make_model-w447-vito-facelift","12":"make_brand-mb-van","13":"make_year-van","14":"pwb-brand-brand_steeler","15":"product_cat-lightbars","16":"product_cat-frontbars-for-vans","17":"product_tag-mercedes","18":"product_tag-mercedes-benz","19":"product_shipping_class-lightbars","21":"first","22":"instock","23":"taxable","24":"shipping-taxable","25":"purchasable","26":"product-type-variable"},"yoast_head":"<!-- This site is optimized with the Yoast SEO plugin v25.7 - https:\/\/yoast.com\/wordpress\/plugins\/seo\/ -->\n<title>Front bar MB Vito - RST-Steel<\/title>\n<meta name=\"description\" content=\"Front bar MB Vito 2015-2024+ models. Several model options available. Check the products and place an order!\" \/>\n<meta name=\"robots\" content=\"index, follow, max-snippet:-1, max-image-preview:large, max-video-preview:-1\" \/>\n<link rel=\"canonical\" href=\"https:\/\/com.rst-steel.eu\/sv\/produkt\/front-bar-mb-vito_prm_65784\/\" \/>\n<meta property=\"og:locale\" content=\"sv_SE\" \/>\n<meta property=\"og:type\" content=\"article\" \/>\n<meta property=\"og:title\" content=\"Front bar MB Vito - RST-Steel\" \/>\n<meta property=\"og:description\" content=\"Front bar MB Vito 2015-2024+ models. Several model options available. Check the products and place an order!\" \/>\n<meta property=\"og:url\" content=\"https:\/\/com.rst-steel.eu\/sv\/produkt\/front-bar-mb-vito_prm_65784\/\" \/>\n<meta property=\"og:site_name\" content=\"RST-Steel\" \/>\n<meta property=\"article:publisher\" content=\"https:\/\/www.facebook.com\/rststeel\" \/>\n<meta property=\"article:modified_time\" content=\"2026-03-16T06:21:01+00:00\" \/>\n<meta property=\"og:image\" content=\"https:\/\/com.rst-steel.eu\/wp-content\/uploads\/2024\/11\/a09adf71d2695d45f6cd01c4a380d2cfc579d181_ValotelinepieniMBVitoE_Hyvak_VIT112A_9da73331a6def10e36fb526118fe9cb6_1.jpg\" \/>\n\t<meta property=\"og:image:width\" content=\"1000\" \/>\n\t<meta property=\"og:image:height\" content=\"638\" \/>\n\t<meta property=\"og:image:type\" content=\"image\/jpeg\" \/>\n<meta name=\"twitter:card\" content=\"summary_large_image\" \/>\n<meta name=\"twitter:label1\" content=\"Ber\u00e4knad l\u00e4stid\" \/>\n\t<meta name=\"twitter:data1\" content=\"1 minut\" \/>\n<script type=\"application\/ld+json\" class=\"yoast-schema-graph\">{\"@context\":\"https:\/\/schema.org\",\"@graph\":[{\"@type\":\"WebPage\",\"@id\":\"https:\/\/com.rst-steel.eu\/sv\/produkt\/front-bar-mb-vito_prm_65784\/\",\"url\":\"https:\/\/com.rst-steel.eu\/sv\/produkt\/front-bar-mb-vito_prm_65784\/\",\"name\":\"Front bar MB Vito - RST-Steel\",\"isPartOf\":{\"@id\":\"https:\/\/com.rst-steel.eu\/#website\"},\"primaryImageOfPage\":{\"@id\":\"https:\/\/com.rst-steel.eu\/sv\/produkt\/front-bar-mb-vito_prm_65784\/#primaryimage\"},\"image\":{\"@id\":\"https:\/\/com.rst-steel.eu\/sv\/produkt\/front-bar-mb-vito_prm_65784\/#primaryimage\"},\"thumbnailUrl\":\"https:\/\/com.rst-steel.eu\/wp-content\/uploads\/2024\/11\/a09adf71d2695d45f6cd01c4a380d2cfc579d181_ValotelinepieniMBVitoE_Hyvak_VIT112A_9da73331a6def10e36fb526118fe9cb6_1.jpg\",\"datePublished\":\"2024-11-19T13:30:20+00:00\",\"dateModified\":\"2026-03-16T06:21:01+00:00\",\"description\":\"Front bar MB Vito 2015-2024+ models. Several model options available. Check the products and place an order!\",\"breadcrumb\":{\"@id\":\"https:\/\/com.rst-steel.eu\/sv\/produkt\/front-bar-mb-vito_prm_65784\/#breadcrumb\"},\"inLanguage\":\"sv-SE\",\"potentialAction\":[{\"@type\":\"ReadAction\",\"target\":[\"https:\/\/com.rst-steel.eu\/sv\/produkt\/front-bar-mb-vito_prm_65784\/\"]}]},{\"@type\":\"ImageObject\",\"inLanguage\":\"sv-SE\",\"@id\":\"https:\/\/com.rst-steel.eu\/sv\/produkt\/front-bar-mb-vito_prm_65784\/#primaryimage\",\"url\":\"https:\/\/com.rst-steel.eu\/wp-content\/uploads\/2024\/11\/a09adf71d2695d45f6cd01c4a380d2cfc579d181_ValotelinepieniMBVitoE_Hyvak_VIT112A_9da73331a6def10e36fb526118fe9cb6_1.jpg\",\"contentUrl\":\"https:\/\/com.rst-steel.eu\/wp-content\/uploads\/2024\/11\/a09adf71d2695d45f6cd01c4a380d2cfc579d181_ValotelinepieniMBVitoE_Hyvak_VIT112A_9da73331a6def10e36fb526118fe9cb6_1.jpg\",\"width\":1000,\"height\":638,\"caption\":\"front Light bar MB Vito, small\"},{\"@type\":\"BreadcrumbList\",\"@id\":\"https:\/\/com.rst-steel.eu\/sv\/produkt\/front-bar-mb-vito_prm_65784\/#breadcrumb\",\"itemListElement\":[{\"@type\":\"ListItem\",\"position\":1,\"name\":\"Home\",\"item\":\"https:\/\/com.rst-steel.eu\/\"},{\"@type\":\"ListItem\",\"position\":2,\"name\":\"RST-Steel Shop\",\"item\":\"https:\/\/com.rst-steel.eu\/shop\/\"},{\"@type\":\"ListItem\",\"position\":3,\"name\":\"Front bar MB Vito\"}]},{\"@type\":\"WebSite\",\"@id\":\"https:\/\/com.rst-steel.eu\/#website\",\"url\":\"https:\/\/com.rst-steel.eu\/\",\"name\":\"RST-Steel.com\",\"description\":\"Finnish quality steel, for quality-conscious drivers\",\"publisher\":{\"@id\":\"https:\/\/com.rst-steel.eu\/#organization\"},\"alternateName\":\"Safe and stylish RST-Steel quality\",\"potentialAction\":[{\"@type\":\"SearchAction\",\"target\":{\"@type\":\"EntryPoint\",\"urlTemplate\":\"https:\/\/com.rst-steel.eu\/?s={search_term_string}\"},\"query-input\":{\"@type\":\"PropertyValueSpecification\",\"valueRequired\":true,\"valueName\":\"search_term_string\"}}],\"inLanguage\":\"sv-SE\"},{\"@type\":\"Organization\",\"@id\":\"https:\/\/com.rst-steel.eu\/#organization\",\"name\":\"RST-Steel Oy\",\"url\":\"https:\/\/com.rst-steel.eu\/\",\"logo\":{\"@type\":\"ImageObject\",\"inLanguage\":\"sv-SE\",\"@id\":\"https:\/\/com.rst-steel.eu\/#\/schema\/logo\/image\/\",\"url\":\"https:\/\/com.rst-steel.eu\/wp-content\/uploads\/2023\/04\/cropped-Rst-logo-valkoinen-teksti-3.png\",\"contentUrl\":\"https:\/\/com.rst-steel.eu\/wp-content\/uploads\/2023\/04\/cropped-Rst-logo-valkoinen-teksti-3.png\",\"width\":512,\"height\":115,\"caption\":\"RST-Steel Oy\"},\"image\":{\"@id\":\"https:\/\/com.rst-steel.eu\/#\/schema\/logo\/image\/\"},\"sameAs\":[\"https:\/\/www.facebook.com\/rststeel\",\"https:\/\/www.instagram.com\/rststeeloy\/\"]}]}<\/script>\n<!-- \/ Yoast SEO plugin. -->","yoast_head_json":{"title":"Front bar MB Vito - RST-Steel","description":"Front bar MB Vito 2015-2024+ models. Several model options available. Check the products and place an order!","robots":{"index":"index","follow":"follow","max-snippet":"max-snippet:-1","max-image-preview":"max-image-preview:large","max-video-preview":"max-video-preview:-1"},"canonical":"https:\/\/com.rst-steel.eu\/sv\/produkt\/front-bar-mb-vito_prm_65784\/","og_locale":"sv_SE","og_type":"article","og_title":"Front bar MB Vito - RST-Steel","og_description":"Front bar MB Vito 2015-2024+ models. Several model options available. Check the products and place an order!","og_url":"https:\/\/com.rst-steel.eu\/sv\/produkt\/front-bar-mb-vito_prm_65784\/","og_site_name":"RST-Steel","article_publisher":"https:\/\/www.facebook.com\/rststeel","article_modified_time":"2026-03-16T06:21:01+00:00","og_image":[{"width":1000,"height":638,"url":"https:\/\/com.rst-steel.eu\/wp-content\/uploads\/2024\/11\/a09adf71d2695d45f6cd01c4a380d2cfc579d181_ValotelinepieniMBVitoE_Hyvak_VIT112A_9da73331a6def10e36fb526118fe9cb6_1.jpg","type":"image\/jpeg"}],"twitter_card":"summary_large_image","twitter_misc":{"Ber\u00e4knad l\u00e4stid":"1 minut"},"schema":{"@context":"https:\/\/schema.org","@graph":[{"@type":"WebPage","@id":"https:\/\/com.rst-steel.eu\/sv\/produkt\/front-bar-mb-vito_prm_65784\/","url":"https:\/\/com.rst-steel.eu\/sv\/produkt\/front-bar-mb-vito_prm_65784\/","name":"Front bar MB Vito - RST-Steel","isPartOf":{"@id":"https:\/\/com.rst-steel.eu\/#website"},"primaryImageOfPage":{"@id":"https:\/\/com.rst-steel.eu\/sv\/produkt\/front-bar-mb-vito_prm_65784\/#primaryimage"},"image":{"@id":"https:\/\/com.rst-steel.eu\/sv\/produkt\/front-bar-mb-vito_prm_65784\/#primaryimage"},"thumbnailUrl":"https:\/\/com.rst-steel.eu\/wp-content\/uploads\/2024\/11\/a09adf71d2695d45f6cd01c4a380d2cfc579d181_ValotelinepieniMBVitoE_Hyvak_VIT112A_9da73331a6def10e36fb526118fe9cb6_1.jpg","datePublished":"2024-11-19T13:30:20+00:00","dateModified":"2026-03-16T06:21:01+00:00","description":"Front bar MB Vito 2015-2024+ models. Several model options available. Check the products and place an order!","breadcrumb":{"@id":"https:\/\/com.rst-steel.eu\/sv\/produkt\/front-bar-mb-vito_prm_65784\/#breadcrumb"},"inLanguage":"sv-SE","potentialAction":[{"@type":"ReadAction","target":["https:\/\/com.rst-steel.eu\/sv\/produkt\/front-bar-mb-vito_prm_65784\/"]}]},{"@type":"ImageObject","inLanguage":"sv-SE","@id":"https:\/\/com.rst-steel.eu\/sv\/produkt\/front-bar-mb-vito_prm_65784\/#primaryimage","url":"https:\/\/com.rst-steel.eu\/wp-content\/uploads\/2024\/11\/a09adf71d2695d45f6cd01c4a380d2cfc579d181_ValotelinepieniMBVitoE_Hyvak_VIT112A_9da73331a6def10e36fb526118fe9cb6_1.jpg","contentUrl":"https:\/\/com.rst-steel.eu\/wp-content\/uploads\/2024\/11\/a09adf71d2695d45f6cd01c4a380d2cfc579d181_ValotelinepieniMBVitoE_Hyvak_VIT112A_9da73331a6def10e36fb526118fe9cb6_1.jpg","width":1000,"height":638,"caption":"front Light bar MB Vito, small"},{"@type":"BreadcrumbList","@id":"https:\/\/com.rst-steel.eu\/sv\/produkt\/front-bar-mb-vito_prm_65784\/#breadcrumb","itemListElement":[{"@type":"ListItem","position":1,"name":"Home","item":"https:\/\/com.rst-steel.eu\/"},{"@type":"ListItem","position":2,"name":"RST-Steel Shop","item":"https:\/\/com.rst-steel.eu\/shop\/"},{"@type":"ListItem","position":3,"name":"Front bar MB Vito"}]},{"@type":"WebSite","@id":"https:\/\/com.rst-steel.eu\/#website","url":"https:\/\/com.rst-steel.eu\/","name":"RST-Stahl.com","description":"Finskt kvalitetsst\u00e5l, f\u00f6r kvalitetsmedvetna f\u00f6rare","publisher":{"@id":"https:\/\/com.rst-steel.eu\/#organization"},"alternateName":"Safe and stylish RST-Steel quality","potentialAction":[{"@type":"SearchAction","target":{"@type":"EntryPoint","urlTemplate":"https:\/\/com.rst-steel.eu\/?s={search_term_string}"},"query-input":{"@type":"PropertyValueSpecification","valueRequired":true,"valueName":"search_term_string"}}],"inLanguage":"sv-SE"},{"@type":"Organization","@id":"https:\/\/com.rst-steel.eu\/#organization","name":"RST-Steel Oy","url":"https:\/\/com.rst-steel.eu\/","logo":{"@type":"ImageObject","inLanguage":"sv-SE","@id":"https:\/\/com.rst-steel.eu\/#\/schema\/logo\/image\/","url":"https:\/\/com.rst-steel.eu\/wp-content\/uploads\/2023\/04\/cropped-Rst-logo-valkoinen-teksti-3.png","contentUrl":"https:\/\/com.rst-steel.eu\/wp-content\/uploads\/2023\/04\/cropped-Rst-logo-valkoinen-teksti-3.png","width":512,"height":115,"caption":"RST-Steel Oy"},"image":{"@id":"https:\/\/com.rst-steel.eu\/#\/schema\/logo\/image\/"},"sameAs":["https:\/\/www.facebook.com\/rststeel","https:\/\/www.instagram.com\/rststeeloy\/"]}]}},"brands":[{"id":8349,"name":"Steeler","slug":"brand_steeler"}],"_links":{"self":[{"href":"https:\/\/com.rst-steel.eu\/sv\/wp-json\/wp\/v2\/product\/48697","targetHints":{"allow":["GET"]}}],"collection":[{"href":"https:\/\/com.rst-steel.eu\/sv\/wp-json\/wp\/v2\/product"}],"about":[{"href":"https:\/\/com.rst-steel.eu\/sv\/wp-json\/wp\/v2\/types\/product"}],"replies":[{"embeddable":true,"href":"https:\/\/com.rst-steel.eu\/sv\/wp-json\/wp\/v2\/comments?post=48697"}],"version-history":[{"count":0,"href":"https:\/\/com.rst-steel.eu\/sv\/wp-json\/wp\/v2\/product\/48697\/revisions"}],"wp:featuredmedia":[{"embeddable":true,"href":"https:\/\/com.rst-steel.eu\/sv\/wp-json\/wp\/v2\/media\/48693"}],"wp:attachment":[{"href":"https:\/\/com.rst-steel.eu\/sv\/wp-json\/wp\/v2\/media?parent=48697"}],"wp:term":[{"taxonomy":"make_fuel_type","embeddable":true,"href":"https:\/\/com.rst-steel.eu\/sv\/wp-json\/wp\/v2\/make_fuel_type?post=48697"},{"taxonomy":"make_model","embeddable":true,"href":"https:\/\/com.rst-steel.eu\/sv\/wp-json\/wp\/v2\/make_model?post=48697"},{"taxonomy":"make_brand","embeddable":true,"href":"https:\/\/com.rst-steel.eu\/sv\/wp-json\/wp\/v2\/make_brand?post=48697"},{"taxonomy":"make_year","embeddable":true,"href":"https:\/\/com.rst-steel.eu\/sv\/wp-json\/wp\/v2\/make_year?post=48697"},{"taxonomy":"pwb-brand","embeddable":true,"href":"https:\/\/com.rst-steel.eu\/sv\/wp-json\/wp\/v2\/pwb-brand?post=48697"},{"taxonomy":"product_brand","embeddable":true,"href":"https:\/\/com.rst-steel.eu\/sv\/wp-json\/wp\/v2\/product_brand?post=48697"},{"taxonomy":"product_cat","embeddable":true,"href":"https:\/\/com.rst-steel.eu\/sv\/wp-json\/wp\/v2\/product_cat?post=48697"},{"taxonomy":"product_tag","embeddable":true,"href":"https:\/\/com.rst-steel.eu\/sv\/wp-json\/wp\/v2\/product_tag?post=48697"}],"curies":[{"name":"wp","href":"https:\/\/api.w.org\/{rel}","templated":true}]}}