{"id":48669,"date":"2024-11-19T14:46:33","date_gmt":"2024-11-19T11:46:33","guid":{"rendered":"https:\/\/rst-steel.com\/product\/lazer-grille-kit-mb-vito-viano-03-2020-2023-st4-evolution_pr_18641\/"},"modified":"2026-03-16T09:21:19","modified_gmt":"2026-03-16T06:21:19","slug":"lazer-grill-kit-mb-vito-viano-03-2020-2023-st4-evolution_pr_18641","status":"publish","type":"product","link":"https:\/\/com.rst-steel.eu\/sv\/produkt\/lazer-grill-kit-mb-vito-viano-03-2020-2023-st4-evolution_pr_18641\/","title":{"rendered":"Lazer Grille Kit MB Vito\/Viano 03\/2020-2023, ST4 Evolution"},"content":{"rendered":"<div>\n<div><span style=\"font-weight: bold\">Lazer Grille Kit MB Vito\/Viano 03\/2020-2023, ST4 Evolution<\/span><\/div>\n<div><\/div>\n<div>F\u00f6r en OE-kvalitetsinstallation av extra helljus inneh\u00e5ller Lazer Grille Integration Kits specialanpassade monteringsf\u00e4sten som g\u00f6r det m\u00f6jligt att snabbt och enkelt montera Lazer High Performance LED-helljus i frontgrillen p\u00e5 de mest popul\u00e4ra personbilarna, pickuperna och l\u00e4tta kommersiella fordonen. De \u00e4r utformade f\u00f6r att sm\u00e4lta in s\u00f6ml\u00f6st i varje fordons ursprungliga styling, och den resulterande belysningsinstallationen f\u00f6rblir helt robust och s\u00e4ker, med extra skydd mot st\u00f6ld.<\/div>\n<div><\/div>\n<div>Mercedes Vito-kitet, f\u00f6r fordon av \u00e5rsmodell 2020-2023, inneh\u00e5ller ett par ST4 Evolution-lampor, plus kablage, tillsammans med 4x f\u00e4sten som \u00e4r precisionsutformade f\u00f6r att passa perfekt med fordonets standard mittgrill, med extra styrka och s\u00e4kerhet tack vare de medf\u00f6ljande st\u00f6ldskyddande sj\u00e4lvg\u00e4ngande (plast)skruvarna. F\u00e4stena \u00e4r tillverkade av ett kompositmaterial som \u00e4r k\u00e4nt f\u00f6r sin utm\u00e4rkta styrka och UV-stabilitet och \u00e4r helt v\u00e4der- och kemikaliebest\u00e4ndiga f\u00f6r att s\u00e4kerst\u00e4lla att din installation f\u00f6rblir i gott skick \u00e5r efter \u00e5r.<\/div>\n<div><\/div>\n<div>Tillsammans med monteringsf\u00e4stena levereras en upps\u00e4ttning sk\u00e4rguider som \u00e4r utformade f\u00f6r att underl\u00e4tta installationen och s\u00e4kerst\u00e4lla en perfekt passform varje g\u00e5ng, utan att bilens grill eller st\u00f6tf\u00e5ngare beh\u00f6ver tas bort.<\/div>\n<div><\/div>\n<div>Mercedes Vito (2020-2023) Grille Integration Kit \u00e4r noggrant konstruerad och optimerad f\u00f6r anv\u00e4ndning med ST4 Evolution High Performance LED-lampor.&nbsp;<\/div>\n<\/div>\n<div><\/div>\n<div><\/div>\n<div><\/div>\n<div><span style=\"font-weight: bold\">Produktfunktioner:<\/span><\/div>\n<ul>\n<li>Specialanpassad f\u00f6r Lazer ST4 Evolution extra helljusstr\u00e5lkastare<\/li>\n<li>Passar till Mercedes Vito (2020-2023)<\/li>\n<li>Satsen inneh\u00e5ller ocks\u00e5 skr\u00e4ddarsydda monteringsf\u00e4sten och en kabeldragningssats f\u00f6r tv\u00e5 lampor<\/li>\n<li>Kapningsguider ing\u00e5r<\/li>\n<li>F\u00e4stena \u00e4r tillverkade av h\u00f6gh\u00e5llfast, UV-stabilt kompositmaterial<\/li>\n<li>Inkluderar st\u00f6ldskyddande f\u00e4stelement<\/li>\n<li>Fullst\u00e4ndigt v\u00e4glagsenlig<\/li>\n<li>5 \u00e5rs garanti<\/li>\n<li>Tillverkad i Storbritannien<\/li>\n<\/ul>\n<p><\/p>\n<p><span style=\"font-weight: bold\">Tekniska specifikationer<\/span><\/p>\n<ul>\n<li>Sp\u00e4nningsintervall: 10-32V<\/li>\n<li>LED-livsl\u00e4ngd: 50.000 timmar<\/li>\n<li>Vikt: 1340g<\/li>\n<li>Totalt ljusfl\u00f6de: 8272 Lm<\/li>\n<li>Totalt drivrutinsfl\u00f6de (FOV): 4980 Lm<\/li>\n<li>\n<li>Lazer Grille Kit MB Vito\/Viano 03\/2020-2023, ST4 Evolution<\/li>\n<\/li>\n<\/ul>\n<ul>\n<li>F\u00e4rgtemperatur: 5000K<\/li>\n<li>Antal lysdioder med h\u00f6g effekt: 2 x 4<\/li>\n<li>Str\u00f6mf\u00f6rbrukning: 94W<\/li>\n<li>Str\u00f6muttag (vid 14,4 V): 6.6A<\/li>\n<li>Helljus: ECE R112<\/li>\n<li>E-m\u00e4rke Ref: 10 x 2<\/li>\n<\/ul>\n<p><\/p>\n<p><span style=\"font-weight: bold\">FOTOMETRISKA DATA<span>\t<\/span><br \/><\/span><\/p>\n<p>Horisontell str\u00e5lningsvinkel: 40\u00b0<\/p>\n<ul>\n<li>0,25 lx Linje: 786m<\/li>\n<li>0,5 lx Linje: 555m<\/li>\n<li>1 lx Linje: 393m<\/li>\n<li>3 lx Linje: 227m<\/li>\n<\/ul>\n<p><\/p>\n<p><span style=\"font-weight: bold\">What\u2019s Included:<\/span><\/p>\n<ul>\n<li>Monteringssats f\u00f6r galler<\/li>\n<li>2x ST4 LED-lampor<\/li>\n<li>Kabeldragningssats f\u00f6r tv\u00e5 lampor<\/li>\n<li>Instruktioner f\u00f6r installation<\/li>\n<\/ul>","protected":false},"excerpt":{"rendered":"<div><span style=\"font-weight: bold\">Passar till Mercedes Vito (2020-2023)<\/span><\/div>","protected":false},"featured_media":48664,"comment_status":"open","ping_status":"closed","template":"","meta":{"_improvement_type_select":"improve_an_existing","_thumb_yes_seoaic":false,"_frame_yes_seoaic":false,"seoaic_generate_description":"","seoaic_improve_instructions_prompt":"","seoaic_rollback_content_improvement":"","seoaic_idea_thumbnail_generator":"","thumbnail_generated":false,"thumbnail_generate_prompt":"","seoaic_article_description":""},"make_fuel_type":[],"make_model":[6380],"make_brand":[6374],"make_year":[6373],"pwb-brand":[8332],"product_brand":[],"product_cat":[6195,6209,6212],"product_tag":[8498,6298,6611,6610,6365],"class_list":{"0":"post-48669","1":"product","2":"type-product","3":"status-publish","4":"has-post-thumbnail","6":"make_engine-vito-l1-h1","7":"make_engine-vito-l2-h1","8":"make_engine-vitol3-h1","9":"make_model-w447-vito-facelift","10":"make_brand-mb-van","11":"make_year-van","12":"pwb-brand-brand_lazerlamps","13":"product_cat-lamps","14":"product_cat-auxiliary-lights","15":"product_cat-lazer-lamps-vehicle-specific-driving-light-kits","16":"product_tag-auxiliary-light","17":"product_tag-lazer-lamps","18":"product_tag-mercedes","19":"product_tag-mercedes-benz","20":"product_tag-st-t-evolution","22":"first","23":"instock","24":"taxable","25":"shipping-taxable","26":"purchasable","27":"product-type-simple"},"yoast_head":"<!-- This site is optimized with the Yoast SEO plugin v25.7 - https:\/\/yoast.com\/wordpress\/plugins\/seo\/ -->\n<title>Lazer Grille Kit MB Vito\/Viano 03\/2020-2023, ST4 Evolution - RST-Steel<\/title>\n<meta name=\"description\" content=\"Lazer Grille Kit MB Vito\/Viano (03\/2020\u20132023). Includes ST4 Evolution lights for enhanced visibility and sleek vehicle integration.\" \/>\n<meta name=\"robots\" content=\"index, follow, max-snippet:-1, max-image-preview:large, max-video-preview:-1\" \/>\n<link rel=\"canonical\" href=\"https:\/\/com.rst-steel.eu\/sv\/produkt\/lazer-grill-kit-mb-vito-viano-03-2020-2023-st4-evolution_pr_18641\/\" \/>\n<meta property=\"og:locale\" content=\"sv_SE\" \/>\n<meta property=\"og:type\" content=\"article\" \/>\n<meta property=\"og:title\" content=\"Lazer Grille Kit MB Vito\/Viano 03\/2020-2023, ST4 Evolution - RST-Steel\" \/>\n<meta property=\"og:description\" content=\"Lazer Grille Kit MB Vito\/Viano (03\/2020\u20132023). Includes ST4 Evolution lights for enhanced visibility and sleek vehicle integration.\" \/>\n<meta property=\"og:url\" content=\"https:\/\/com.rst-steel.eu\/sv\/produkt\/lazer-grill-kit-mb-vito-viano-03-2020-2023-st4-evolution_pr_18641\/\" \/>\n<meta property=\"og:site_name\" content=\"RST-Steel\" \/>\n<meta property=\"article:publisher\" content=\"https:\/\/www.facebook.com\/rststeel\" \/>\n<meta property=\"article:modified_time\" content=\"2026-03-16T06:21:19+00:00\" \/>\n<meta property=\"og:image\" content=\"https:\/\/com.rst-steel.eu\/wp-content\/uploads\/2024\/11\/b5d0f3e151f9db57f147e71dfff28e995f63b9b4_MERCEDES_VITO_GK_05_Web.jpg\" \/>\n\t<meta property=\"og:image:width\" content=\"1000\" \/>\n\t<meta property=\"og:image:height\" content=\"750\" \/>\n\t<meta property=\"og:image:type\" content=\"image\/jpeg\" \/>\n<meta name=\"twitter:card\" content=\"summary_large_image\" \/>\n<meta name=\"twitter:label1\" content=\"Ber\u00e4knad l\u00e4stid\" \/>\n\t<meta name=\"twitter:data1\" content=\"2 minuter\" \/>\n<script type=\"application\/ld+json\" class=\"yoast-schema-graph\">{\"@context\":\"https:\/\/schema.org\",\"@graph\":[{\"@type\":\"WebPage\",\"@id\":\"https:\/\/com.rst-steel.eu\/nb\/produkt\/lazer-grille-kit-mb-vito-viano-03-2020-2023-st4-evolution_pr_18641\/\",\"url\":\"https:\/\/com.rst-steel.eu\/nb\/produkt\/lazer-grille-kit-mb-vito-viano-03-2020-2023-st4-evolution_pr_18641\/\",\"name\":\"Lazer Grille Kit MB Vito\/Viano 03\/2020-2023, ST4 Evolution - RST-Steel\",\"isPartOf\":{\"@id\":\"https:\/\/com.rst-steel.eu\/#website\"},\"primaryImageOfPage\":{\"@id\":\"https:\/\/com.rst-steel.eu\/nb\/produkt\/lazer-grille-kit-mb-vito-viano-03-2020-2023-st4-evolution_pr_18641\/#primaryimage\"},\"image\":{\"@id\":\"https:\/\/com.rst-steel.eu\/nb\/produkt\/lazer-grille-kit-mb-vito-viano-03-2020-2023-st4-evolution_pr_18641\/#primaryimage\"},\"thumbnailUrl\":\"https:\/\/com.rst-steel.eu\/wp-content\/uploads\/2024\/11\/b5d0f3e151f9db57f147e71dfff28e995f63b9b4_MERCEDES_VITO_GK_05_Web.jpg\",\"datePublished\":\"2024-11-19T11:46:33+00:00\",\"dateModified\":\"2026-03-16T06:21:19+00:00\",\"description\":\"Lazer Grille Kit MB Vito\/Viano (03\/2020\u20132023). Includes ST4 Evolution lights for enhanced visibility and sleek vehicle integration.\",\"breadcrumb\":{\"@id\":\"https:\/\/com.rst-steel.eu\/nb\/produkt\/lazer-grille-kit-mb-vito-viano-03-2020-2023-st4-evolution_pr_18641\/#breadcrumb\"},\"inLanguage\":\"sv-SE\",\"potentialAction\":[{\"@type\":\"ReadAction\",\"target\":[\"https:\/\/com.rst-steel.eu\/nb\/produkt\/lazer-grille-kit-mb-vito-viano-03-2020-2023-st4-evolution_pr_18641\/\"]}]},{\"@type\":\"ImageObject\",\"inLanguage\":\"sv-SE\",\"@id\":\"https:\/\/com.rst-steel.eu\/nb\/produkt\/lazer-grille-kit-mb-vito-viano-03-2020-2023-st4-evolution_pr_18641\/#primaryimage\",\"url\":\"https:\/\/com.rst-steel.eu\/wp-content\/uploads\/2024\/11\/b5d0f3e151f9db57f147e71dfff28e995f63b9b4_MERCEDES_VITO_GK_05_Web.jpg\",\"contentUrl\":\"https:\/\/com.rst-steel.eu\/wp-content\/uploads\/2024\/11\/b5d0f3e151f9db57f147e71dfff28e995f63b9b4_MERCEDES_VITO_GK_05_Web.jpg\",\"width\":1000,\"height\":750,\"caption\":\"Lazer Grille Kit MB Vito\/Viano 03\/2020-2023, ST4 Evolution\"},{\"@type\":\"BreadcrumbList\",\"@id\":\"https:\/\/com.rst-steel.eu\/nb\/produkt\/lazer-grille-kit-mb-vito-viano-03-2020-2023-st4-evolution_pr_18641\/#breadcrumb\",\"itemListElement\":[{\"@type\":\"ListItem\",\"position\":1,\"name\":\"Home\",\"item\":\"https:\/\/com.rst-steel.eu\/\"},{\"@type\":\"ListItem\",\"position\":2,\"name\":\"RST-Steel Shop\",\"item\":\"https:\/\/com.rst-steel.eu\/shop\/\"},{\"@type\":\"ListItem\",\"position\":3,\"name\":\"Lazer Grille Kit MB Vito\/Viano 03\/2020-2023, ST4 Evolution\"}]},{\"@type\":\"WebSite\",\"@id\":\"https:\/\/com.rst-steel.eu\/#website\",\"url\":\"https:\/\/com.rst-steel.eu\/\",\"name\":\"RST-Steel.com\",\"description\":\"Finnish quality steel, for quality-conscious drivers\",\"publisher\":{\"@id\":\"https:\/\/com.rst-steel.eu\/#organization\"},\"alternateName\":\"Safe and stylish RST-Steel quality\",\"potentialAction\":[{\"@type\":\"SearchAction\",\"target\":{\"@type\":\"EntryPoint\",\"urlTemplate\":\"https:\/\/com.rst-steel.eu\/?s={search_term_string}\"},\"query-input\":{\"@type\":\"PropertyValueSpecification\",\"valueRequired\":true,\"valueName\":\"search_term_string\"}}],\"inLanguage\":\"sv-SE\"},{\"@type\":\"Organization\",\"@id\":\"https:\/\/com.rst-steel.eu\/#organization\",\"name\":\"RST-Steel Oy\",\"url\":\"https:\/\/com.rst-steel.eu\/\",\"logo\":{\"@type\":\"ImageObject\",\"inLanguage\":\"sv-SE\",\"@id\":\"https:\/\/com.rst-steel.eu\/#\/schema\/logo\/image\/\",\"url\":\"https:\/\/com.rst-steel.eu\/wp-content\/uploads\/2023\/04\/cropped-Rst-logo-valkoinen-teksti-3.png\",\"contentUrl\":\"https:\/\/com.rst-steel.eu\/wp-content\/uploads\/2023\/04\/cropped-Rst-logo-valkoinen-teksti-3.png\",\"width\":512,\"height\":115,\"caption\":\"RST-Steel Oy\"},\"image\":{\"@id\":\"https:\/\/com.rst-steel.eu\/#\/schema\/logo\/image\/\"},\"sameAs\":[\"https:\/\/www.facebook.com\/rststeel\",\"https:\/\/www.instagram.com\/rststeeloy\/\"]}]}<\/script>\n<!-- \/ Yoast SEO plugin. -->","yoast_head_json":{"title":"Lazer Grillsats MB Vito\/Viano 03\/2020-2023, ST4 Evolution - RST-Steel","description":"Lazer Grillsats MB Vito\/Viano (03\/2020-2023). Inkluderar ST4 Evolution-lampor f\u00f6r f\u00f6rb\u00e4ttrad synlighet och elegant fordonsintegrering.","robots":{"index":"index","follow":"follow","max-snippet":"max-snippet:-1","max-image-preview":"max-image-preview:large","max-video-preview":"max-video-preview:-1"},"canonical":"https:\/\/com.rst-steel.eu\/sv\/produkt\/lazer-grill-kit-mb-vito-viano-03-2020-2023-st4-evolution_pr_18641\/","og_locale":"sv_SE","og_type":"article","og_title":"Lazer Grille Kit MB Vito\/Viano 03\/2020-2023, ST4 Evolution - RST-Steel","og_description":"Lazer Grille Kit MB Vito\/Viano (03\/2020\u20132023). Includes ST4 Evolution lights for enhanced visibility and sleek vehicle integration.","og_url":"https:\/\/com.rst-steel.eu\/sv\/produkt\/lazer-grill-kit-mb-vito-viano-03-2020-2023-st4-evolution_pr_18641\/","og_site_name":"RST-Steel","article_publisher":"https:\/\/www.facebook.com\/rststeel","article_modified_time":"2026-03-16T06:21:19+00:00","og_image":[{"width":1000,"height":750,"url":"https:\/\/com.rst-steel.eu\/wp-content\/uploads\/2024\/11\/b5d0f3e151f9db57f147e71dfff28e995f63b9b4_MERCEDES_VITO_GK_05_Web.jpg","type":"image\/jpeg"}],"twitter_card":"summary_large_image","twitter_misc":{"Ber\u00e4knad l\u00e4stid":"2 minuter"},"schema":{"@context":"https:\/\/schema.org","@graph":[{"@type":"WebPage","@id":"https:\/\/com.rst-steel.eu\/nb\/produkt\/lazer-grille-kit-mb-vito-viano-03-2020-2023-st4-evolution_pr_18641\/","url":"https:\/\/com.rst-steel.eu\/nb\/produkt\/lazer-grille-kit-mb-vito-viano-03-2020-2023-st4-evolution_pr_18641\/","name":"Lazer Grillsats MB Vito\/Viano 03\/2020-2023, ST4 Evolution - RST-Steel","isPartOf":{"@id":"https:\/\/com.rst-steel.eu\/#website"},"primaryImageOfPage":{"@id":"https:\/\/com.rst-steel.eu\/nb\/produkt\/lazer-grille-kit-mb-vito-viano-03-2020-2023-st4-evolution_pr_18641\/#primaryimage"},"image":{"@id":"https:\/\/com.rst-steel.eu\/nb\/produkt\/lazer-grille-kit-mb-vito-viano-03-2020-2023-st4-evolution_pr_18641\/#primaryimage"},"thumbnailUrl":"https:\/\/com.rst-steel.eu\/wp-content\/uploads\/2024\/11\/b5d0f3e151f9db57f147e71dfff28e995f63b9b4_MERCEDES_VITO_GK_05_Web.jpg","datePublished":"2024-11-19T11:46:33+00:00","dateModified":"2026-03-16T06:21:19+00:00","description":"Lazer Grillsats MB Vito\/Viano (03\/2020-2023). Inkluderar ST4 Evolution-lampor f\u00f6r f\u00f6rb\u00e4ttrad synlighet och elegant fordonsintegrering.","breadcrumb":{"@id":"https:\/\/com.rst-steel.eu\/nb\/produkt\/lazer-grille-kit-mb-vito-viano-03-2020-2023-st4-evolution_pr_18641\/#breadcrumb"},"inLanguage":"sv-SE","potentialAction":[{"@type":"ReadAction","target":["https:\/\/com.rst-steel.eu\/nb\/produkt\/lazer-grille-kit-mb-vito-viano-03-2020-2023-st4-evolution_pr_18641\/"]}]},{"@type":"ImageObject","inLanguage":"sv-SE","@id":"https:\/\/com.rst-steel.eu\/nb\/produkt\/lazer-grille-kit-mb-vito-viano-03-2020-2023-st4-evolution_pr_18641\/#primaryimage","url":"https:\/\/com.rst-steel.eu\/wp-content\/uploads\/2024\/11\/b5d0f3e151f9db57f147e71dfff28e995f63b9b4_MERCEDES_VITO_GK_05_Web.jpg","contentUrl":"https:\/\/com.rst-steel.eu\/wp-content\/uploads\/2024\/11\/b5d0f3e151f9db57f147e71dfff28e995f63b9b4_MERCEDES_VITO_GK_05_Web.jpg","width":1000,"height":750,"caption":"Lazer Grille Kit MB Vito\/Viano 03\/2020-2023, ST4 Evolution"},{"@type":"BreadcrumbList","@id":"https:\/\/com.rst-steel.eu\/nb\/produkt\/lazer-grille-kit-mb-vito-viano-03-2020-2023-st4-evolution_pr_18641\/#breadcrumb","itemListElement":[{"@type":"ListItem","position":1,"name":"Home","item":"https:\/\/com.rst-steel.eu\/"},{"@type":"ListItem","position":2,"name":"RST-Steel Shop","item":"https:\/\/com.rst-steel.eu\/shop\/"},{"@type":"ListItem","position":3,"name":"Lazer Grille Kit MB Vito\/Viano 03\/2020-2023, ST4 Evolution"}]},{"@type":"WebSite","@id":"https:\/\/com.rst-steel.eu\/#website","url":"https:\/\/com.rst-steel.eu\/","name":"RST-Stahl.com","description":"Finskt kvalitetsst\u00e5l, f\u00f6r kvalitetsmedvetna f\u00f6rare","publisher":{"@id":"https:\/\/com.rst-steel.eu\/#organization"},"alternateName":"Safe and stylish RST-Steel quality","potentialAction":[{"@type":"SearchAction","target":{"@type":"EntryPoint","urlTemplate":"https:\/\/com.rst-steel.eu\/?s={search_term_string}"},"query-input":{"@type":"PropertyValueSpecification","valueRequired":true,"valueName":"search_term_string"}}],"inLanguage":"sv-SE"},{"@type":"Organization","@id":"https:\/\/com.rst-steel.eu\/#organization","name":"RST-Steel Oy","url":"https:\/\/com.rst-steel.eu\/","logo":{"@type":"ImageObject","inLanguage":"sv-SE","@id":"https:\/\/com.rst-steel.eu\/#\/schema\/logo\/image\/","url":"https:\/\/com.rst-steel.eu\/wp-content\/uploads\/2023\/04\/cropped-Rst-logo-valkoinen-teksti-3.png","contentUrl":"https:\/\/com.rst-steel.eu\/wp-content\/uploads\/2023\/04\/cropped-Rst-logo-valkoinen-teksti-3.png","width":512,"height":115,"caption":"RST-Steel Oy"},"image":{"@id":"https:\/\/com.rst-steel.eu\/#\/schema\/logo\/image\/"},"sameAs":["https:\/\/www.facebook.com\/rststeel","https:\/\/www.instagram.com\/rststeeloy\/"]}]}},"brands":[{"id":8332,"name":"Lazer Lamps","slug":"brand_lazerlamps"}],"_links":{"self":[{"href":"https:\/\/com.rst-steel.eu\/sv\/wp-json\/wp\/v2\/product\/48669","targetHints":{"allow":["GET"]}}],"collection":[{"href":"https:\/\/com.rst-steel.eu\/sv\/wp-json\/wp\/v2\/product"}],"about":[{"href":"https:\/\/com.rst-steel.eu\/sv\/wp-json\/wp\/v2\/types\/product"}],"replies":[{"embeddable":true,"href":"https:\/\/com.rst-steel.eu\/sv\/wp-json\/wp\/v2\/comments?post=48669"}],"version-history":[{"count":0,"href":"https:\/\/com.rst-steel.eu\/sv\/wp-json\/wp\/v2\/product\/48669\/revisions"}],"wp:featuredmedia":[{"embeddable":true,"href":"https:\/\/com.rst-steel.eu\/sv\/wp-json\/wp\/v2\/media\/48664"}],"wp:attachment":[{"href":"https:\/\/com.rst-steel.eu\/sv\/wp-json\/wp\/v2\/media?parent=48669"}],"wp:term":[{"taxonomy":"make_fuel_type","embeddable":true,"href":"https:\/\/com.rst-steel.eu\/sv\/wp-json\/wp\/v2\/make_fuel_type?post=48669"},{"taxonomy":"make_model","embeddable":true,"href":"https:\/\/com.rst-steel.eu\/sv\/wp-json\/wp\/v2\/make_model?post=48669"},{"taxonomy":"make_brand","embeddable":true,"href":"https:\/\/com.rst-steel.eu\/sv\/wp-json\/wp\/v2\/make_brand?post=48669"},{"taxonomy":"make_year","embeddable":true,"href":"https:\/\/com.rst-steel.eu\/sv\/wp-json\/wp\/v2\/make_year?post=48669"},{"taxonomy":"pwb-brand","embeddable":true,"href":"https:\/\/com.rst-steel.eu\/sv\/wp-json\/wp\/v2\/pwb-brand?post=48669"},{"taxonomy":"product_brand","embeddable":true,"href":"https:\/\/com.rst-steel.eu\/sv\/wp-json\/wp\/v2\/product_brand?post=48669"},{"taxonomy":"product_cat","embeddable":true,"href":"https:\/\/com.rst-steel.eu\/sv\/wp-json\/wp\/v2\/product_cat?post=48669"},{"taxonomy":"product_tag","embeddable":true,"href":"https:\/\/com.rst-steel.eu\/sv\/wp-json\/wp\/v2\/product_tag?post=48669"}],"curies":[{"name":"wp","href":"https:\/\/api.w.org\/{rel}","templated":true}]}}