{"id":48663,"date":"2024-11-19T14:46:22","date_gmt":"2024-11-19T11:46:22","guid":{"rendered":"https:\/\/rst-steel.com\/product\/rear-bumper-sill-cover-mb-vito-viano-2015-_pr_12894\/"},"modified":"2026-03-16T09:21:19","modified_gmt":"2026-03-16T06:21:19","slug":"bakre-stotfangare-troskelskydd-mb-vito-viano-2015-_pr_12894","status":"publish","type":"product","link":"https:\/\/com.rst-steel.eu\/sv\/produkt\/bakre-stotfangare-troskelskydd-mb-vito-viano-2015-_pr_12894\/","title":{"rendered":"Skydd f\u00f6r tr\u00f6skel p\u00e5 bakre st\u00f6tf\u00e5ngare MB Vito\/Viano 2015-"},"content":{"rendered":"<p>Skydd f\u00f6r tr\u00f6skel p\u00e5 bakre st\u00f6tf\u00e5ngare MB Vito\/Viano 2015-<\/p>\n<p>&nbsp;<\/p>\n<p>Ett tr\u00f6skelskydd f\u00f6r bakre st\u00f6tf\u00e5ngare tillverkat av rostfritt st\u00e5l. Skyddet f\u00e4sts med hj\u00e4lp av dubbelh\u00e4ftande tejp som \u00e4r f\u00f6rapplicerad p\u00e5 produkten.<\/p>\n<p>&nbsp;<\/p>\n<p>Installationen kr\u00e4ver ingen kapning eller borrning. Extremt l\u00e4tt att installera. Inneh\u00e5ller ingen plast, rostar inte och st\u00e5r emot olika v\u00e4derf\u00f6rh\u00e5llanden!<\/p>\n<p>&nbsp;<\/p>\n<p><span style=\"font-weight: bold;\">Kompatibel med:<\/span><\/p>\n<ul>\n<li>Mercedes-Benz Vito (W447) 2014-<\/li>\n<\/ul>","protected":false},"excerpt":{"rendered":"<p><span style=\"font-weight: bold;\">Extremt l\u00e4tt att installera!<\/span><\/p>","protected":false},"featured_media":48661,"comment_status":"open","ping_status":"closed","template":"","meta":{"_improvement_type_select":"improve_an_existing","_thumb_yes_seoaic":false,"_frame_yes_seoaic":false,"seoaic_generate_description":"","seoaic_improve_instructions_prompt":"","seoaic_rollback_content_improvement":"","seoaic_idea_thumbnail_generator":"","thumbnail_generated":false,"thumbnail_generate_prompt":"","seoaic_article_description":""},"make_fuel_type":[],"make_model":[6375,6941,6380],"make_brand":[6374],"make_year":[6373],"pwb-brand":[],"product_brand":[],"product_cat":[15],"product_tag":[6611,6610],"class_list":{"0":"post-48663","1":"product","2":"type-product","3":"status-publish","4":"has-post-thumbnail","6":"make_engine-vito-l1-h1","7":"make_engine-vito-l2-h1","8":"make_engine-vitol3-h1","9":"make_model-w447-vito","10":"make_model-vito-facelift-2","11":"make_model-w447-vito-facelift","12":"make_brand-mb-van","13":"make_year-van","14":"product_cat-uncategorized","15":"product_tag-mercedes","16":"product_tag-mercedes-benz","18":"first","19":"instock","20":"taxable","21":"shipping-taxable","22":"purchasable","23":"product-type-simple"},"yoast_head":"<!-- This site is optimized with the Yoast SEO plugin v25.7 - https:\/\/yoast.com\/wordpress\/plugins\/seo\/ -->\n<title>Rear Bumper Sill Cover MB Vito\/Viano 2015- RST-Steel<\/title>\n<meta name=\"description\" content=\"Rear Bumper Sill Cover for Mercedes-Benz Vito \/ Viano 2015- models. Made of stainless steel. Check the products and place an order!\" \/>\n<meta name=\"robots\" content=\"index, follow, max-snippet:-1, max-image-preview:large, max-video-preview:-1\" \/>\n<link rel=\"canonical\" href=\"https:\/\/com.rst-steel.eu\/sv\/produkt\/bakre-stotfangare-troskelskydd-mb-vito-viano-2015-_pr_12894\/\" \/>\n<meta property=\"og:locale\" content=\"sv_SE\" \/>\n<meta property=\"og:type\" content=\"article\" \/>\n<meta property=\"og:title\" content=\"Rear Bumper Sill Cover MB Vito\/Viano 2015- RST-Steel\" \/>\n<meta property=\"og:description\" content=\"Rear Bumper Sill Cover for Mercedes-Benz Vito \/ Viano 2015- models. Made of stainless steel. Check the products and place an order!\" \/>\n<meta property=\"og:url\" content=\"https:\/\/com.rst-steel.eu\/sv\/produkt\/bakre-stotfangare-troskelskydd-mb-vito-viano-2015-_pr_12894\/\" \/>\n<meta property=\"og:site_name\" content=\"RST-Steel\" \/>\n<meta property=\"article:publisher\" content=\"https:\/\/www.facebook.com\/rststeel\" \/>\n<meta property=\"article:modified_time\" content=\"2026-03-16T06:21:19+00:00\" \/>\n<meta property=\"og:image\" content=\"https:\/\/com.rst-steel.eu\/wp-content\/uploads\/2024\/11\/ecc99e2adb741de9266f2e1a22b3fc0dbfdcb9c0_5bfc75466832b523c1cfb594472db9d72c9654c6_200611_e1720765057380.jpg\" \/>\n\t<meta property=\"og:image:width\" content=\"1000\" \/>\n\t<meta property=\"og:image:height\" content=\"905\" \/>\n\t<meta property=\"og:image:type\" content=\"image\/jpeg\" \/>\n<meta name=\"twitter:card\" content=\"summary_large_image\" \/>\n<meta name=\"twitter:label1\" content=\"Ber\u00e4knad l\u00e4stid\" \/>\n\t<meta name=\"twitter:data1\" content=\"1 minut\" \/>\n<script type=\"application\/ld+json\" class=\"yoast-schema-graph\">{\"@context\":\"https:\/\/schema.org\",\"@graph\":[{\"@type\":\"WebPage\",\"@id\":\"https:\/\/com.rst-steel.eu\/nb\/produkt\/bakre-stotfanger-terskeldeksel-mb-vito-viano-2015-_pr_12894\/\",\"url\":\"https:\/\/com.rst-steel.eu\/nb\/produkt\/bakre-stotfanger-terskeldeksel-mb-vito-viano-2015-_pr_12894\/\",\"name\":\"Rear Bumper Sill Cover MB Vito\/Viano 2015- RST-Steel\",\"isPartOf\":{\"@id\":\"https:\/\/com.rst-steel.eu\/#website\"},\"primaryImageOfPage\":{\"@id\":\"https:\/\/com.rst-steel.eu\/nb\/produkt\/bakre-stotfanger-terskeldeksel-mb-vito-viano-2015-_pr_12894\/#primaryimage\"},\"image\":{\"@id\":\"https:\/\/com.rst-steel.eu\/nb\/produkt\/bakre-stotfanger-terskeldeksel-mb-vito-viano-2015-_pr_12894\/#primaryimage\"},\"thumbnailUrl\":\"https:\/\/com.rst-steel.eu\/wp-content\/uploads\/2024\/11\/ecc99e2adb741de9266f2e1a22b3fc0dbfdcb9c0_5bfc75466832b523c1cfb594472db9d72c9654c6_200611_e1720765057380.jpg\",\"datePublished\":\"2024-11-19T11:46:22+00:00\",\"dateModified\":\"2026-03-16T06:21:19+00:00\",\"description\":\"Rear Bumper Sill Cover for Mercedes-Benz Vito \/ Viano 2015- models. Made of stainless steel. Check the products and place an order!\",\"breadcrumb\":{\"@id\":\"https:\/\/com.rst-steel.eu\/nb\/produkt\/bakre-stotfanger-terskeldeksel-mb-vito-viano-2015-_pr_12894\/#breadcrumb\"},\"inLanguage\":\"sv-SE\",\"potentialAction\":[{\"@type\":\"ReadAction\",\"target\":[\"https:\/\/com.rst-steel.eu\/nb\/produkt\/bakre-stotfanger-terskeldeksel-mb-vito-viano-2015-_pr_12894\/\"]}]},{\"@type\":\"ImageObject\",\"inLanguage\":\"sv-SE\",\"@id\":\"https:\/\/com.rst-steel.eu\/nb\/produkt\/bakre-stotfanger-terskeldeksel-mb-vito-viano-2015-_pr_12894\/#primaryimage\",\"url\":\"https:\/\/com.rst-steel.eu\/wp-content\/uploads\/2024\/11\/ecc99e2adb741de9266f2e1a22b3fc0dbfdcb9c0_5bfc75466832b523c1cfb594472db9d72c9654c6_200611_e1720765057380.jpg\",\"contentUrl\":\"https:\/\/com.rst-steel.eu\/wp-content\/uploads\/2024\/11\/ecc99e2adb741de9266f2e1a22b3fc0dbfdcb9c0_5bfc75466832b523c1cfb594472db9d72c9654c6_200611_e1720765057380.jpg\",\"width\":1000,\"height\":905,\"caption\":\"Rear Bumper Sill Cover MB Vito\/Viano 2015-\"},{\"@type\":\"BreadcrumbList\",\"@id\":\"https:\/\/com.rst-steel.eu\/nb\/produkt\/bakre-stotfanger-terskeldeksel-mb-vito-viano-2015-_pr_12894\/#breadcrumb\",\"itemListElement\":[{\"@type\":\"ListItem\",\"position\":1,\"name\":\"Home\",\"item\":\"https:\/\/com.rst-steel.eu\/\"},{\"@type\":\"ListItem\",\"position\":2,\"name\":\"RST-Steel Shop\",\"item\":\"https:\/\/com.rst-steel.eu\/shop\/\"},{\"@type\":\"ListItem\",\"position\":3,\"name\":\"Rear Bumper Sill Cover MB Vito\/Viano 2015-\"}]},{\"@type\":\"WebSite\",\"@id\":\"https:\/\/com.rst-steel.eu\/#website\",\"url\":\"https:\/\/com.rst-steel.eu\/\",\"name\":\"RST-Steel.com\",\"description\":\"Finnish quality steel, for quality-conscious drivers\",\"publisher\":{\"@id\":\"https:\/\/com.rst-steel.eu\/#organization\"},\"alternateName\":\"Safe and stylish RST-Steel quality\",\"potentialAction\":[{\"@type\":\"SearchAction\",\"target\":{\"@type\":\"EntryPoint\",\"urlTemplate\":\"https:\/\/com.rst-steel.eu\/?s={search_term_string}\"},\"query-input\":{\"@type\":\"PropertyValueSpecification\",\"valueRequired\":true,\"valueName\":\"search_term_string\"}}],\"inLanguage\":\"sv-SE\"},{\"@type\":\"Organization\",\"@id\":\"https:\/\/com.rst-steel.eu\/#organization\",\"name\":\"RST-Steel Oy\",\"url\":\"https:\/\/com.rst-steel.eu\/\",\"logo\":{\"@type\":\"ImageObject\",\"inLanguage\":\"sv-SE\",\"@id\":\"https:\/\/com.rst-steel.eu\/#\/schema\/logo\/image\/\",\"url\":\"https:\/\/com.rst-steel.eu\/wp-content\/uploads\/2023\/04\/cropped-Rst-logo-valkoinen-teksti-3.png\",\"contentUrl\":\"https:\/\/com.rst-steel.eu\/wp-content\/uploads\/2023\/04\/cropped-Rst-logo-valkoinen-teksti-3.png\",\"width\":512,\"height\":115,\"caption\":\"RST-Steel Oy\"},\"image\":{\"@id\":\"https:\/\/com.rst-steel.eu\/#\/schema\/logo\/image\/\"},\"sameAs\":[\"https:\/\/www.facebook.com\/rststeel\",\"https:\/\/www.instagram.com\/rststeeloy\/\"]}]}<\/script>\n<!-- \/ Yoast SEO plugin. -->","yoast_head_json":{"title":"\u00d6verdrag f\u00f6r tr\u00f6skel till bakre st\u00f6tf\u00e5ngare MB Vito\/Viano 2015- RST-Steel","description":"\u00d6verdrag f\u00f6r tr\u00f6skel till bakre st\u00f6tf\u00e5ngare f\u00f6r Mercedes-Benz Vito \/ Viano 2015- modeller. Tillverkad av rostfritt st\u00e5l. Kontrollera produkterna och g\u00f6r en best\u00e4llning!","robots":{"index":"index","follow":"follow","max-snippet":"max-snippet:-1","max-image-preview":"max-image-preview:large","max-video-preview":"max-video-preview:-1"},"canonical":"https:\/\/com.rst-steel.eu\/sv\/produkt\/bakre-stotfangare-troskelskydd-mb-vito-viano-2015-_pr_12894\/","og_locale":"sv_SE","og_type":"article","og_title":"Rear Bumper Sill Cover MB Vito\/Viano 2015- RST-Steel","og_description":"Rear Bumper Sill Cover for Mercedes-Benz Vito \/ Viano 2015- models. Made of stainless steel. Check the products and place an order!","og_url":"https:\/\/com.rst-steel.eu\/sv\/produkt\/bakre-stotfangare-troskelskydd-mb-vito-viano-2015-_pr_12894\/","og_site_name":"RST-Steel","article_publisher":"https:\/\/www.facebook.com\/rststeel","article_modified_time":"2026-03-16T06:21:19+00:00","og_image":[{"width":1000,"height":905,"url":"https:\/\/com.rst-steel.eu\/wp-content\/uploads\/2024\/11\/ecc99e2adb741de9266f2e1a22b3fc0dbfdcb9c0_5bfc75466832b523c1cfb594472db9d72c9654c6_200611_e1720765057380.jpg","type":"image\/jpeg"}],"twitter_card":"summary_large_image","twitter_misc":{"Ber\u00e4knad l\u00e4stid":"1 minut"},"schema":{"@context":"https:\/\/schema.org","@graph":[{"@type":"WebPage","@id":"https:\/\/com.rst-steel.eu\/nb\/produkt\/bakre-stotfanger-terskeldeksel-mb-vito-viano-2015-_pr_12894\/","url":"https:\/\/com.rst-steel.eu\/nb\/produkt\/bakre-stotfanger-terskeldeksel-mb-vito-viano-2015-_pr_12894\/","name":"\u00d6verdrag f\u00f6r tr\u00f6skel till bakre st\u00f6tf\u00e5ngare MB Vito\/Viano 2015- RST-Steel","isPartOf":{"@id":"https:\/\/com.rst-steel.eu\/#website"},"primaryImageOfPage":{"@id":"https:\/\/com.rst-steel.eu\/nb\/produkt\/bakre-stotfanger-terskeldeksel-mb-vito-viano-2015-_pr_12894\/#primaryimage"},"image":{"@id":"https:\/\/com.rst-steel.eu\/nb\/produkt\/bakre-stotfanger-terskeldeksel-mb-vito-viano-2015-_pr_12894\/#primaryimage"},"thumbnailUrl":"https:\/\/com.rst-steel.eu\/wp-content\/uploads\/2024\/11\/ecc99e2adb741de9266f2e1a22b3fc0dbfdcb9c0_5bfc75466832b523c1cfb594472db9d72c9654c6_200611_e1720765057380.jpg","datePublished":"2024-11-19T11:46:22+00:00","dateModified":"2026-03-16T06:21:19+00:00","description":"\u00d6verdrag f\u00f6r tr\u00f6skel till bakre st\u00f6tf\u00e5ngare f\u00f6r Mercedes-Benz Vito \/ Viano 2015- modeller. Tillverkad av rostfritt st\u00e5l. Kontrollera produkterna och g\u00f6r en best\u00e4llning!","breadcrumb":{"@id":"https:\/\/com.rst-steel.eu\/nb\/produkt\/bakre-stotfanger-terskeldeksel-mb-vito-viano-2015-_pr_12894\/#breadcrumb"},"inLanguage":"sv-SE","potentialAction":[{"@type":"ReadAction","target":["https:\/\/com.rst-steel.eu\/nb\/produkt\/bakre-stotfanger-terskeldeksel-mb-vito-viano-2015-_pr_12894\/"]}]},{"@type":"ImageObject","inLanguage":"sv-SE","@id":"https:\/\/com.rst-steel.eu\/nb\/produkt\/bakre-stotfanger-terskeldeksel-mb-vito-viano-2015-_pr_12894\/#primaryimage","url":"https:\/\/com.rst-steel.eu\/wp-content\/uploads\/2024\/11\/ecc99e2adb741de9266f2e1a22b3fc0dbfdcb9c0_5bfc75466832b523c1cfb594472db9d72c9654c6_200611_e1720765057380.jpg","contentUrl":"https:\/\/com.rst-steel.eu\/wp-content\/uploads\/2024\/11\/ecc99e2adb741de9266f2e1a22b3fc0dbfdcb9c0_5bfc75466832b523c1cfb594472db9d72c9654c6_200611_e1720765057380.jpg","width":1000,"height":905,"caption":"Rear Bumper Sill Cover MB Vito\/Viano 2015-"},{"@type":"BreadcrumbList","@id":"https:\/\/com.rst-steel.eu\/nb\/produkt\/bakre-stotfanger-terskeldeksel-mb-vito-viano-2015-_pr_12894\/#breadcrumb","itemListElement":[{"@type":"ListItem","position":1,"name":"Home","item":"https:\/\/com.rst-steel.eu\/"},{"@type":"ListItem","position":2,"name":"RST-Steel Shop","item":"https:\/\/com.rst-steel.eu\/shop\/"},{"@type":"ListItem","position":3,"name":"Rear Bumper Sill Cover MB Vito\/Viano 2015-"}]},{"@type":"WebSite","@id":"https:\/\/com.rst-steel.eu\/#website","url":"https:\/\/com.rst-steel.eu\/","name":"RST-Stahl.com","description":"Finskt kvalitetsst\u00e5l, f\u00f6r kvalitetsmedvetna f\u00f6rare","publisher":{"@id":"https:\/\/com.rst-steel.eu\/#organization"},"alternateName":"Safe and stylish RST-Steel quality","potentialAction":[{"@type":"SearchAction","target":{"@type":"EntryPoint","urlTemplate":"https:\/\/com.rst-steel.eu\/?s={search_term_string}"},"query-input":{"@type":"PropertyValueSpecification","valueRequired":true,"valueName":"search_term_string"}}],"inLanguage":"sv-SE"},{"@type":"Organization","@id":"https:\/\/com.rst-steel.eu\/#organization","name":"RST-Steel Oy","url":"https:\/\/com.rst-steel.eu\/","logo":{"@type":"ImageObject","inLanguage":"sv-SE","@id":"https:\/\/com.rst-steel.eu\/#\/schema\/logo\/image\/","url":"https:\/\/com.rst-steel.eu\/wp-content\/uploads\/2023\/04\/cropped-Rst-logo-valkoinen-teksti-3.png","contentUrl":"https:\/\/com.rst-steel.eu\/wp-content\/uploads\/2023\/04\/cropped-Rst-logo-valkoinen-teksti-3.png","width":512,"height":115,"caption":"RST-Steel Oy"},"image":{"@id":"https:\/\/com.rst-steel.eu\/#\/schema\/logo\/image\/"},"sameAs":["https:\/\/www.facebook.com\/rststeel","https:\/\/www.instagram.com\/rststeeloy\/"]}]}},"brands":[],"_links":{"self":[{"href":"https:\/\/com.rst-steel.eu\/sv\/wp-json\/wp\/v2\/product\/48663","targetHints":{"allow":["GET"]}}],"collection":[{"href":"https:\/\/com.rst-steel.eu\/sv\/wp-json\/wp\/v2\/product"}],"about":[{"href":"https:\/\/com.rst-steel.eu\/sv\/wp-json\/wp\/v2\/types\/product"}],"replies":[{"embeddable":true,"href":"https:\/\/com.rst-steel.eu\/sv\/wp-json\/wp\/v2\/comments?post=48663"}],"version-history":[{"count":0,"href":"https:\/\/com.rst-steel.eu\/sv\/wp-json\/wp\/v2\/product\/48663\/revisions"}],"wp:featuredmedia":[{"embeddable":true,"href":"https:\/\/com.rst-steel.eu\/sv\/wp-json\/wp\/v2\/media\/48661"}],"wp:attachment":[{"href":"https:\/\/com.rst-steel.eu\/sv\/wp-json\/wp\/v2\/media?parent=48663"}],"wp:term":[{"taxonomy":"make_fuel_type","embeddable":true,"href":"https:\/\/com.rst-steel.eu\/sv\/wp-json\/wp\/v2\/make_fuel_type?post=48663"},{"taxonomy":"make_model","embeddable":true,"href":"https:\/\/com.rst-steel.eu\/sv\/wp-json\/wp\/v2\/make_model?post=48663"},{"taxonomy":"make_brand","embeddable":true,"href":"https:\/\/com.rst-steel.eu\/sv\/wp-json\/wp\/v2\/make_brand?post=48663"},{"taxonomy":"make_year","embeddable":true,"href":"https:\/\/com.rst-steel.eu\/sv\/wp-json\/wp\/v2\/make_year?post=48663"},{"taxonomy":"pwb-brand","embeddable":true,"href":"https:\/\/com.rst-steel.eu\/sv\/wp-json\/wp\/v2\/pwb-brand?post=48663"},{"taxonomy":"product_brand","embeddable":true,"href":"https:\/\/com.rst-steel.eu\/sv\/wp-json\/wp\/v2\/product_brand?post=48663"},{"taxonomy":"product_cat","embeddable":true,"href":"https:\/\/com.rst-steel.eu\/sv\/wp-json\/wp\/v2\/product_cat?post=48663"},{"taxonomy":"product_tag","embeddable":true,"href":"https:\/\/com.rst-steel.eu\/sv\/wp-json\/wp\/v2\/product_tag?post=48663"}],"curies":[{"name":"wp","href":"https:\/\/api.w.org\/{rel}","templated":true}]}}