{"id":48605,"date":"2024-11-19T14:31:49","date_gmt":"2024-11-19T11:31:49","guid":{"rendered":"https:\/\/rst-steel.com\/product\/side-window-deflectors-mb-vito-2014-_pr_12973\/"},"modified":"2026-03-16T09:13:27","modified_gmt":"2026-03-16T06:13:27","slug":"sidofonsteravvisare-mb-vito-2014-_pr_12973","status":"publish","type":"product","link":"https:\/\/com.rst-steel.eu\/sv\/produkt\/sidofonsteravvisare-mb-vito-2014-_pr_12973\/","title":{"rendered":"Avvisare f\u00f6r sidorutor MB Vito 2014-"},"content":{"rendered":"<p>Avvisare f\u00f6r sidorutor MB Vito 2014-<\/p>\n<p>&nbsp;<\/p>\n<p>Sidof\u00f6nsteravvisarna \u00e4r ett viktigt tillbeh\u00f6r f\u00f6r den som vill undvika dragk\u00e4nslan i bilen och samtidigt ha en god ventilation. De hj\u00e4lper till att f\u00f6rhindra imma p\u00e5 f\u00f6nstren under regniga dagar genom att till\u00e5ta luftcirkulation inuti fordonet. N\u00e4r f\u00f6nstret \u00e4r \u00f6ppet skyddar f\u00f6nsteravvisarna f\u00f6raren fr\u00e5n direkta vindbyar.<\/p>\n<p>&nbsp;<\/p>\n<p>Sidof\u00f6nsteravvisarna minskar ocks\u00e5 ansamlingen av smuts p\u00e5 sidorutorna och f\u00f6rb\u00e4ttrar sikten genom sidospeglarna. \u00c4ven under kraftiga regn- eller sn\u00f6ov\u00e4der kan du h\u00e5lla f\u00f6nstren n\u00e5got \u00f6ppna utan att vatten eller sn\u00f6 kommer in i fordonet. F\u00f6rb\u00e4ttra b\u00e5de stilen och funktionaliteten hos din lastbil. Enkel installation!<\/p>\n<p>&nbsp;<\/p>\n<p>Tillverkad av tonat akrylglas! Kan k\u00f6ras genom en biltv\u00e4tt. Monteras mellan f\u00f6nstert\u00e4tningen och f\u00f6nstret med hj\u00e4lp av f\u00e4stkl\u00e4mmor.<\/p>\n<p>&nbsp;<\/p>\n<p><span style=\"font-weight: bold;\">Passar:<\/span><\/p>\n<ul>\n<li>\u00a0Mercedes-Benz Vito (W447) 2014-<\/li>\n<li>Mercedes-Benz EQV (N447) 2019-<\/li>\n<li>Mercedes-Benz Metris 2016-<\/li>\n<\/ul>\n<p>&nbsp;<\/p>\n<p><span style=\"font-weight: bold;\">Leveransens inneh\u00e5ll:<\/span><\/p>\n<ul>\n<li>Side Window deflectors MB (left and right) (FRONT ONLY)<\/li>\n<li>N\u00f6dv\u00e4ndiga monteringsdetaljer<\/li>\n<\/ul>","protected":false},"excerpt":{"rendered":"<p><span style=\"font-weight: bold;\">Sidof\u00f6nsteravvisare f\u00f6r MB Vito 2014- (W447)<\/span><\/p>\n<p>&nbsp;<\/p>","protected":false},"featured_media":119235,"comment_status":"open","ping_status":"closed","template":"","meta":{"_improvement_type_select":"improve_an_existing","_thumb_yes_seoaic":false,"_frame_yes_seoaic":false,"seoaic_generate_description":"","seoaic_improve_instructions_prompt":"","seoaic_rollback_content_improvement":"","seoaic_idea_thumbnail_generator":"","thumbnail_generated":false,"thumbnail_generate_prompt":"","seoaic_article_description":""},"make_fuel_type":[],"make_model":[6375,6941,6380],"make_brand":[6374],"make_year":[6373],"pwb-brand":[],"product_brand":[],"product_cat":[8126,8125,7210],"product_tag":[6611,6610],"class_list":{"0":"post-48605","1":"product","2":"type-product","3":"status-publish","4":"has-post-thumbnail","6":"make_model-w447-vito","7":"make_model-vito-facelift-2","8":"make_model-w447-vito-facelift","9":"make_brand-mb-van","10":"make_year-van","11":"product_cat-wwd-pa-mb","12":"product_cat-window-wind-deflectors-for-vans","13":"product_cat-sun-visors-and-wind-deflectors","14":"product_tag-mercedes","15":"product_tag-mercedes-benz","17":"first","18":"instock","19":"taxable","20":"shipping-taxable","21":"purchasable","22":"product-type-simple"},"yoast_head":"<!-- This site is optimized with the Yoast SEO plugin v25.7 - https:\/\/yoast.com\/wordpress\/plugins\/seo\/ -->\n<title>Side Window Deflectors MB Vito 2014- RST-Steel<\/title>\n<meta name=\"description\" content=\"Side Window Deflectors MB Vito 2014- (W447) models (FRONT ONLY). Enhance both the style and functionality of your van. Easy installation!\" \/>\n<meta name=\"robots\" content=\"index, follow, max-snippet:-1, max-image-preview:large, max-video-preview:-1\" \/>\n<link rel=\"canonical\" href=\"https:\/\/com.rst-steel.eu\/sv\/produkt\/sidofonsteravvisare-mb-vito-2014-_pr_12973\/\" \/>\n<meta property=\"og:locale\" content=\"sv_SE\" \/>\n<meta property=\"og:type\" content=\"article\" \/>\n<meta property=\"og:title\" content=\"Side Window Deflectors MB Vito 2014- RST-Steel\" \/>\n<meta property=\"og:description\" content=\"Side Window Deflectors MB Vito 2014- (W447) models (FRONT ONLY). Enhance both the style and functionality of your van. Easy installation!\" \/>\n<meta property=\"og:url\" content=\"https:\/\/com.rst-steel.eu\/sv\/produkt\/sidofonsteravvisare-mb-vito-2014-_pr_12973\/\" \/>\n<meta property=\"og:site_name\" content=\"RST-Steel\" \/>\n<meta property=\"article:publisher\" content=\"https:\/\/www.facebook.com\/rststeel\" \/>\n<meta property=\"article:modified_time\" content=\"2026-03-16T06:13:27+00:00\" \/>\n<meta property=\"og:image\" content=\"https:\/\/com.rst-steel.eu\/wp-content\/uploads\/2025\/10\/aaab98d408d898f33ed04844db6919b2c6baf6cf_18020002_web-scaled.jpeg\" \/>\n\t<meta property=\"og:image:width\" content=\"1920\" \/>\n\t<meta property=\"og:image:height\" content=\"2560\" \/>\n\t<meta property=\"og:image:type\" content=\"image\/jpeg\" \/>\n<meta name=\"twitter:card\" content=\"summary_large_image\" \/>\n<meta name=\"twitter:label1\" content=\"Ber\u00e4knad l\u00e4stid\" \/>\n\t<meta name=\"twitter:data1\" content=\"1 minut\" \/>\n<script type=\"application\/ld+json\" class=\"yoast-schema-graph\">{\"@context\":\"https:\/\/schema.org\",\"@graph\":[{\"@type\":\"WebPage\",\"@id\":\"https:\/\/com.rst-steel.eu\/sv\/produkt\/sidofonsteravvisare-mb-vito-2014-_pr_12973\/\",\"url\":\"https:\/\/com.rst-steel.eu\/sv\/produkt\/sidofonsteravvisare-mb-vito-2014-_pr_12973\/\",\"name\":\"Side Window Deflectors MB Vito 2014- RST-Steel\",\"isPartOf\":{\"@id\":\"https:\/\/com.rst-steel.eu\/#website\"},\"primaryImageOfPage\":{\"@id\":\"https:\/\/com.rst-steel.eu\/sv\/produkt\/sidofonsteravvisare-mb-vito-2014-_pr_12973\/#primaryimage\"},\"image\":{\"@id\":\"https:\/\/com.rst-steel.eu\/sv\/produkt\/sidofonsteravvisare-mb-vito-2014-_pr_12973\/#primaryimage\"},\"thumbnailUrl\":\"https:\/\/com.rst-steel.eu\/wp-content\/uploads\/2025\/10\/aaab98d408d898f33ed04844db6919b2c6baf6cf_18020002_web-scaled.jpeg\",\"datePublished\":\"2024-11-19T11:31:49+00:00\",\"dateModified\":\"2026-03-16T06:13:27+00:00\",\"description\":\"Side Window Deflectors MB Vito 2014- (W447) models (FRONT ONLY). Enhance both the style and functionality of your van. Easy installation!\",\"breadcrumb\":{\"@id\":\"https:\/\/com.rst-steel.eu\/sv\/produkt\/sidofonsteravvisare-mb-vito-2014-_pr_12973\/#breadcrumb\"},\"inLanguage\":\"sv-SE\",\"potentialAction\":[{\"@type\":\"ReadAction\",\"target\":[\"https:\/\/com.rst-steel.eu\/sv\/produkt\/sidofonsteravvisare-mb-vito-2014-_pr_12973\/\"]}]},{\"@type\":\"ImageObject\",\"inLanguage\":\"sv-SE\",\"@id\":\"https:\/\/com.rst-steel.eu\/sv\/produkt\/sidofonsteravvisare-mb-vito-2014-_pr_12973\/#primaryimage\",\"url\":\"https:\/\/com.rst-steel.eu\/wp-content\/uploads\/2025\/10\/aaab98d408d898f33ed04844db6919b2c6baf6cf_18020002_web-scaled.jpeg\",\"contentUrl\":\"https:\/\/com.rst-steel.eu\/wp-content\/uploads\/2025\/10\/aaab98d408d898f33ed04844db6919b2c6baf6cf_18020002_web-scaled.jpeg\",\"width\":1920,\"height\":2560,\"caption\":\"Side Window Deflectors MB Vito 2014-\"},{\"@type\":\"BreadcrumbList\",\"@id\":\"https:\/\/com.rst-steel.eu\/sv\/produkt\/sidofonsteravvisare-mb-vito-2014-_pr_12973\/#breadcrumb\",\"itemListElement\":[{\"@type\":\"ListItem\",\"position\":1,\"name\":\"Home\",\"item\":\"https:\/\/com.rst-steel.eu\/\"},{\"@type\":\"ListItem\",\"position\":2,\"name\":\"RST-Steel Shop\",\"item\":\"https:\/\/com.rst-steel.eu\/shop\/\"},{\"@type\":\"ListItem\",\"position\":3,\"name\":\"Side Window Deflectors MB Vito 2014-\"}]},{\"@type\":\"WebSite\",\"@id\":\"https:\/\/com.rst-steel.eu\/#website\",\"url\":\"https:\/\/com.rst-steel.eu\/\",\"name\":\"RST-Steel.com\",\"description\":\"Finnish quality steel, for quality-conscious drivers\",\"publisher\":{\"@id\":\"https:\/\/com.rst-steel.eu\/#organization\"},\"alternateName\":\"Safe and stylish RST-Steel quality\",\"potentialAction\":[{\"@type\":\"SearchAction\",\"target\":{\"@type\":\"EntryPoint\",\"urlTemplate\":\"https:\/\/com.rst-steel.eu\/?s={search_term_string}\"},\"query-input\":{\"@type\":\"PropertyValueSpecification\",\"valueRequired\":true,\"valueName\":\"search_term_string\"}}],\"inLanguage\":\"sv-SE\"},{\"@type\":\"Organization\",\"@id\":\"https:\/\/com.rst-steel.eu\/#organization\",\"name\":\"RST-Steel Oy\",\"url\":\"https:\/\/com.rst-steel.eu\/\",\"logo\":{\"@type\":\"ImageObject\",\"inLanguage\":\"sv-SE\",\"@id\":\"https:\/\/com.rst-steel.eu\/#\/schema\/logo\/image\/\",\"url\":\"https:\/\/com.rst-steel.eu\/wp-content\/uploads\/2023\/04\/cropped-Rst-logo-valkoinen-teksti-3.png\",\"contentUrl\":\"https:\/\/com.rst-steel.eu\/wp-content\/uploads\/2023\/04\/cropped-Rst-logo-valkoinen-teksti-3.png\",\"width\":512,\"height\":115,\"caption\":\"RST-Steel Oy\"},\"image\":{\"@id\":\"https:\/\/com.rst-steel.eu\/#\/schema\/logo\/image\/\"},\"sameAs\":[\"https:\/\/www.facebook.com\/rststeel\",\"https:\/\/www.instagram.com\/rststeeloy\/\"]}]}<\/script>\n<!-- \/ Yoast SEO plugin. -->","yoast_head_json":{"title":"Avvisare f\u00f6r sidorutor MB Vito 2014- RST-Steel","description":"Side Window Deflectors MB Vito 2014- (W447) models (FRONT ONLY). Enhance both the style and functionality of your van. Easy installation!","robots":{"index":"index","follow":"follow","max-snippet":"max-snippet:-1","max-image-preview":"max-image-preview:large","max-video-preview":"max-video-preview:-1"},"canonical":"https:\/\/com.rst-steel.eu\/sv\/produkt\/sidofonsteravvisare-mb-vito-2014-_pr_12973\/","og_locale":"sv_SE","og_type":"article","og_title":"Side Window Deflectors MB Vito 2014- RST-Steel","og_description":"Side Window Deflectors MB Vito 2014- (W447) models (FRONT ONLY). Enhance both the style and functionality of your van. Easy installation!","og_url":"https:\/\/com.rst-steel.eu\/sv\/produkt\/sidofonsteravvisare-mb-vito-2014-_pr_12973\/","og_site_name":"RST-Steel","article_publisher":"https:\/\/www.facebook.com\/rststeel","article_modified_time":"2026-03-16T06:13:27+00:00","og_image":[{"width":1920,"height":2560,"url":"https:\/\/com.rst-steel.eu\/wp-content\/uploads\/2025\/10\/aaab98d408d898f33ed04844db6919b2c6baf6cf_18020002_web-scaled.jpeg","type":"image\/jpeg"}],"twitter_card":"summary_large_image","twitter_misc":{"Ber\u00e4knad l\u00e4stid":"1 minut"},"schema":{"@context":"https:\/\/schema.org","@graph":[{"@type":"WebPage","@id":"https:\/\/com.rst-steel.eu\/sv\/produkt\/sidofonsteravvisare-mb-vito-2014-_pr_12973\/","url":"https:\/\/com.rst-steel.eu\/sv\/produkt\/sidofonsteravvisare-mb-vito-2014-_pr_12973\/","name":"Avvisare f\u00f6r sidorutor MB Vito 2014- RST-Steel","isPartOf":{"@id":"https:\/\/com.rst-steel.eu\/#website"},"primaryImageOfPage":{"@id":"https:\/\/com.rst-steel.eu\/sv\/produkt\/sidofonsteravvisare-mb-vito-2014-_pr_12973\/#primaryimage"},"image":{"@id":"https:\/\/com.rst-steel.eu\/sv\/produkt\/sidofonsteravvisare-mb-vito-2014-_pr_12973\/#primaryimage"},"thumbnailUrl":"https:\/\/com.rst-steel.eu\/wp-content\/uploads\/2025\/10\/aaab98d408d898f33ed04844db6919b2c6baf6cf_18020002_web-scaled.jpeg","datePublished":"2024-11-19T11:31:49+00:00","dateModified":"2026-03-16T06:13:27+00:00","description":"Side Window Deflectors MB Vito 2014- (W447) models (FRONT ONLY). Enhance both the style and functionality of your van. Easy installation!","breadcrumb":{"@id":"https:\/\/com.rst-steel.eu\/sv\/produkt\/sidofonsteravvisare-mb-vito-2014-_pr_12973\/#breadcrumb"},"inLanguage":"sv-SE","potentialAction":[{"@type":"ReadAction","target":["https:\/\/com.rst-steel.eu\/sv\/produkt\/sidofonsteravvisare-mb-vito-2014-_pr_12973\/"]}]},{"@type":"ImageObject","inLanguage":"sv-SE","@id":"https:\/\/com.rst-steel.eu\/sv\/produkt\/sidofonsteravvisare-mb-vito-2014-_pr_12973\/#primaryimage","url":"https:\/\/com.rst-steel.eu\/wp-content\/uploads\/2025\/10\/aaab98d408d898f33ed04844db6919b2c6baf6cf_18020002_web-scaled.jpeg","contentUrl":"https:\/\/com.rst-steel.eu\/wp-content\/uploads\/2025\/10\/aaab98d408d898f33ed04844db6919b2c6baf6cf_18020002_web-scaled.jpeg","width":1920,"height":2560,"caption":"Side Window Deflectors MB Vito 2014-"},{"@type":"BreadcrumbList","@id":"https:\/\/com.rst-steel.eu\/sv\/produkt\/sidofonsteravvisare-mb-vito-2014-_pr_12973\/#breadcrumb","itemListElement":[{"@type":"ListItem","position":1,"name":"Home","item":"https:\/\/com.rst-steel.eu\/"},{"@type":"ListItem","position":2,"name":"RST-Steel Shop","item":"https:\/\/com.rst-steel.eu\/shop\/"},{"@type":"ListItem","position":3,"name":"Side Window Deflectors MB Vito 2014-"}]},{"@type":"WebSite","@id":"https:\/\/com.rst-steel.eu\/#website","url":"https:\/\/com.rst-steel.eu\/","name":"RST-Stahl.com","description":"Finskt kvalitetsst\u00e5l, f\u00f6r kvalitetsmedvetna f\u00f6rare","publisher":{"@id":"https:\/\/com.rst-steel.eu\/#organization"},"alternateName":"Safe and stylish RST-Steel quality","potentialAction":[{"@type":"SearchAction","target":{"@type":"EntryPoint","urlTemplate":"https:\/\/com.rst-steel.eu\/?s={search_term_string}"},"query-input":{"@type":"PropertyValueSpecification","valueRequired":true,"valueName":"search_term_string"}}],"inLanguage":"sv-SE"},{"@type":"Organization","@id":"https:\/\/com.rst-steel.eu\/#organization","name":"RST-Steel Oy","url":"https:\/\/com.rst-steel.eu\/","logo":{"@type":"ImageObject","inLanguage":"sv-SE","@id":"https:\/\/com.rst-steel.eu\/#\/schema\/logo\/image\/","url":"https:\/\/com.rst-steel.eu\/wp-content\/uploads\/2023\/04\/cropped-Rst-logo-valkoinen-teksti-3.png","contentUrl":"https:\/\/com.rst-steel.eu\/wp-content\/uploads\/2023\/04\/cropped-Rst-logo-valkoinen-teksti-3.png","width":512,"height":115,"caption":"RST-Steel Oy"},"image":{"@id":"https:\/\/com.rst-steel.eu\/#\/schema\/logo\/image\/"},"sameAs":["https:\/\/www.facebook.com\/rststeel","https:\/\/www.instagram.com\/rststeeloy\/"]}]}},"brands":[],"_links":{"self":[{"href":"https:\/\/com.rst-steel.eu\/sv\/wp-json\/wp\/v2\/product\/48605","targetHints":{"allow":["GET"]}}],"collection":[{"href":"https:\/\/com.rst-steel.eu\/sv\/wp-json\/wp\/v2\/product"}],"about":[{"href":"https:\/\/com.rst-steel.eu\/sv\/wp-json\/wp\/v2\/types\/product"}],"replies":[{"embeddable":true,"href":"https:\/\/com.rst-steel.eu\/sv\/wp-json\/wp\/v2\/comments?post=48605"}],"version-history":[{"count":0,"href":"https:\/\/com.rst-steel.eu\/sv\/wp-json\/wp\/v2\/product\/48605\/revisions"}],"wp:featuredmedia":[{"embeddable":true,"href":"https:\/\/com.rst-steel.eu\/sv\/wp-json\/wp\/v2\/media\/119235"}],"wp:attachment":[{"href":"https:\/\/com.rst-steel.eu\/sv\/wp-json\/wp\/v2\/media?parent=48605"}],"wp:term":[{"taxonomy":"make_fuel_type","embeddable":true,"href":"https:\/\/com.rst-steel.eu\/sv\/wp-json\/wp\/v2\/make_fuel_type?post=48605"},{"taxonomy":"make_model","embeddable":true,"href":"https:\/\/com.rst-steel.eu\/sv\/wp-json\/wp\/v2\/make_model?post=48605"},{"taxonomy":"make_brand","embeddable":true,"href":"https:\/\/com.rst-steel.eu\/sv\/wp-json\/wp\/v2\/make_brand?post=48605"},{"taxonomy":"make_year","embeddable":true,"href":"https:\/\/com.rst-steel.eu\/sv\/wp-json\/wp\/v2\/make_year?post=48605"},{"taxonomy":"pwb-brand","embeddable":true,"href":"https:\/\/com.rst-steel.eu\/sv\/wp-json\/wp\/v2\/pwb-brand?post=48605"},{"taxonomy":"product_brand","embeddable":true,"href":"https:\/\/com.rst-steel.eu\/sv\/wp-json\/wp\/v2\/product_brand?post=48605"},{"taxonomy":"product_cat","embeddable":true,"href":"https:\/\/com.rst-steel.eu\/sv\/wp-json\/wp\/v2\/product_cat?post=48605"},{"taxonomy":"product_tag","embeddable":true,"href":"https:\/\/com.rst-steel.eu\/sv\/wp-json\/wp\/v2\/product_tag?post=48605"}],"curies":[{"name":"wp","href":"https:\/\/api.w.org\/{rel}","templated":true}]}}