{"id":48350,"date":"2024-11-11T13:31:07","date_gmt":"2024-11-11T10:31:07","guid":{"rendered":"https:\/\/rst-steel.com\/product\/roof-bar-valtra-t1-t3-series-2002-2015_prm_75253\/"},"modified":"2026-03-16T09:18:09","modified_gmt":"2026-03-16T06:18:09","slug":"roof-bar-valtra-n-t-1-3-sarja-2002-2015_prm_75253","status":"publish","type":"product","link":"https:\/\/com.rst-steel.eu\/sv\/produkt\/roof-bar-valtra-n-t-1-3-sarja-2002-2015_prm_75253\/","title":{"rendered":"Takb\u00e5ge Valtra N\/T 1-3 Series (2002-2015)"},"content":{"rendered":"<p>Takr\u00e4cke Valtra T1-T3-serien (2002-2015)<\/p>\n<p>&nbsp;<\/p>\n<p><span style=\"font-weight: bold;\">Beh\u00f6ver du en p\u00e5litlig och snygg l\u00f6sning f\u00f6r montering av extraljus p\u00e5 din traktor?<\/span><\/p>\n<p>&nbsp;<\/p>\n<p>V\u00e5ra takb\u00e5gar \u00e4r designade f\u00f6r att m\u00f6ta dina behov!<\/p>\n<p>&nbsp;<\/p>\n<p>RST-Steel:s takb\u00e5gar \u00e4r h\u00f6gkvalitativa produkter tillverkade av rostfritt st\u00e5l. Takb\u00e5gen framh\u00e4ver hyttens eleganta linjer och g\u00f6r att du kan installera extraljus f\u00f6r \u00f6kad s\u00e4kerhet.<\/p>\n<p>&nbsp;<\/p>\n<p><span style=\"font-weight: bold;\">OBS!<\/span><\/p>\n<ul>\n<li>P\u00e5 framsidan, f\u00e4sten f\u00f6r 2 st. Lazer Triple-R 1000 extraljus eller 1 st. Lazer Linear 18 extraljus.<\/li>\n<li>F\u00e4rdiga f\u00e4sten f\u00f6r varningsljuspanel p\u00e5 st\u00e5ngen. Maximal bredd p\u00e5 varningsljuspanelen: 1400 mm<\/li>\n<\/ul>\n<p>&nbsp;<\/p>\n<p><span style=\"font-weight: bold;\">Egenskaper:<\/span><\/p>\n<ul>\n<li>Kompatibilitet: S\u00e4rskilt utformad f\u00f6r Valtra T1-T3-Series (2002-2015) modeller, vilket garanterar snabb och enkel installation.<\/li>\n<li>Material: Tillverkad av slitstarkt rostfritt st\u00e5l, vilket garanterar l\u00e5ng livsl\u00e4ngd och utm\u00e4rkt v\u00e4derbest\u00e4ndighet.<\/li>\n<li>Snygg design: Polerad eller m\u00e5lad yta och elegant design f\u00f6rb\u00e4ttrar utseendet p\u00e5 din traktor.<\/li>\n<li>Installation av belysning: Takb\u00e5gen rymmer enkelt extraljus, vilket avsev\u00e4rt f\u00f6rb\u00e4ttrar traktorns belysning.<\/li>\n<li>S\u00e4kerhet: F\u00f6rb\u00e4ttrar sikten i m\u00f6rker och under sv\u00e5ra k\u00f6rf\u00f6rh\u00e5llanden, vilket \u00f6kar s\u00e4kerheten f\u00f6r b\u00e5de f\u00f6raren och andra trafikanter.<\/li>\n<\/ul>\n<p>&nbsp;<\/p>\n<p><span style=\"font-weight: bold;\">Varf\u00f6r v\u00e4lja RST-Steel?<\/span><\/p>\n<ul>\n<li>Tillf\u00f6rlitlighet: M\u00e5nga \u00e5rs erfarenhet och expertis s\u00e4kerst\u00e4ller v\u00e5ra produkters h\u00f6ga kvalitet och h\u00e5llbarhet.<\/li>\n<li>Kundtillfredsst\u00e4llelse: Tusentals n\u00f6jda kunder \u00f6ver hela v\u00e4rlden litar p\u00e5 RST-Steel-produkter.<\/li>\n<\/ul>\n<p>&nbsp;<\/p>\n<p><span style=\"font-weight: bold;\">Tekniska specifikationer<\/span><\/p>\n<ul>\n<li>F\u00e4rg: Spegelpolerat rostfritt st\u00e5l eller pulverlackerat med RAL-f\u00e4rger<\/li>\n<li>R\u00f6rens diameter: 60 mm<\/li>\n<\/ul>\n<p>&nbsp;<\/p>\n<p><span style=\"font-weight: bold;\">Paketet inneh\u00e5ller:<\/span><\/p>\n<ul>\n<li>Takb\u00e5ge<\/li>\n<li>Monteringsf\u00e4sten som kr\u00e4vs f\u00f6r installation<\/li>\n<li>Instruktioner f\u00f6r installation<\/li>\n<\/ul>\n<p>&nbsp;<\/p>\n<p><span style=\"font-weight: bold;\">K\u00f6p nu och f\u00f6rb\u00e4ttra synligheten och s\u00e4kerheten med en h\u00f6gkvalitativ takb\u00e5ge!<\/span><\/p>","protected":false},"excerpt":{"rendered":"<p><span style=\"font-weight: bold;\">F\u00f6rb\u00e4ttra synligheten och s\u00e4kerheten med en takb\u00e5ge av h\u00f6g kvalitet!<\/span><\/p>","protected":false},"featured_media":51128,"comment_status":"open","ping_status":"closed","template":"","meta":{"_improvement_type_select":"improve_an_existing","_thumb_yes_seoaic":false,"_frame_yes_seoaic":false,"seoaic_generate_description":"","seoaic_improve_instructions_prompt":"","seoaic_rollback_content_improvement":"","seoaic_idea_thumbnail_generator":"","thumbnail_generated":false,"thumbnail_generate_prompt":"","seoaic_article_description":""},"make_fuel_type":[],"make_model":[],"make_brand":[6339],"make_year":[6360],"pwb-brand":[8334],"product_brand":[],"product_cat":[6057,6071,7288],"product_tag":[7549],"class_list":{"0":"post-48350","1":"product","2":"type-product","3":"status-publish","4":"has-post-thumbnail","6":"make_brand-valtra-rstcom","7":"make_year-tractor-com","8":"pwb-brand-brand_rststeel","9":"product_cat-lightbars","10":"product_cat-roofbars-for-tractors","11":"product_cat-valtra-vr-tkk","12":"product_tag-takbage","13":"product_shipping_class-lightbars","15":"first","16":"instock","17":"taxable","18":"shipping-taxable","19":"purchasable","20":"product-type-variable"},"yoast_head":"<!-- This site is optimized with the Yoast SEO plugin v25.7 - https:\/\/yoast.com\/wordpress\/plugins\/seo\/ -->\n<title>Roof Bar Valtra N\/T 1-3 Series (2002-2015) - RST-Steel<\/title>\n<meta name=\"description\" content=\"Roof Bar Valtra T1\/T3 Series (2002-2015) models. Several model options available. Buy now and enhance visibility and safety with a high-quality roof bar!\" \/>\n<meta name=\"robots\" content=\"index, follow, max-snippet:-1, max-image-preview:large, max-video-preview:-1\" \/>\n<link rel=\"canonical\" href=\"https:\/\/com.rst-steel.eu\/sv\/produkt\/roof-bar-valtra-n-t-1-3-sarja-2002-2015_prm_75253\/\" \/>\n<meta property=\"og:locale\" content=\"sv_SE\" \/>\n<meta property=\"og:type\" content=\"article\" \/>\n<meta property=\"og:title\" content=\"Roof Bar Valtra N\/T 1-3 Series (2002-2015) - RST-Steel\" \/>\n<meta property=\"og:description\" content=\"Roof Bar Valtra T1\/T3 Series (2002-2015) models. Several model options available. Buy now and enhance visibility and safety with a high-quality roof bar!\" \/>\n<meta property=\"og:url\" content=\"https:\/\/com.rst-steel.eu\/sv\/produkt\/roof-bar-valtra-n-t-1-3-sarja-2002-2015_prm_75253\/\" \/>\n<meta property=\"og:site_name\" content=\"RST-Steel\" \/>\n<meta property=\"article:publisher\" content=\"https:\/\/www.facebook.com\/rststeel\" \/>\n<meta property=\"article:modified_time\" content=\"2026-03-16T06:18:09+00:00\" \/>\n<meta property=\"og:image\" content=\"https:\/\/com.rst-steel.eu\/wp-content\/uploads\/2025\/03\/6e5b294a331b92c63e0c2eb51e887cd2d4fd1424_TVA109_Tuotekuva-scaled.jpg\" \/>\n\t<meta property=\"og:image:width\" content=\"2560\" \/>\n\t<meta property=\"og:image:height\" content=\"1707\" \/>\n\t<meta property=\"og:image:type\" content=\"image\/jpeg\" \/>\n<meta name=\"twitter:card\" content=\"summary_large_image\" \/>\n<meta name=\"twitter:label1\" content=\"Ber\u00e4knad l\u00e4stid\" \/>\n\t<meta name=\"twitter:data1\" content=\"2 minuter\" \/>\n<script type=\"application\/ld+json\" class=\"yoast-schema-graph\">{\"@context\":\"https:\/\/schema.org\",\"@graph\":[{\"@type\":\"WebPage\",\"@id\":\"https:\/\/com.rst-steel.eu\/nb\/produkt\/roof-bar-valtra-n-t-1-3-sarja-2002-2015_prm_75253\/\",\"url\":\"https:\/\/com.rst-steel.eu\/nb\/produkt\/roof-bar-valtra-n-t-1-3-sarja-2002-2015_prm_75253\/\",\"name\":\"Roof Bar Valtra N\/T 1-3 Series (2002-2015) - RST-Steel\",\"isPartOf\":{\"@id\":\"https:\/\/com.rst-steel.eu\/#website\"},\"primaryImageOfPage\":{\"@id\":\"https:\/\/com.rst-steel.eu\/nb\/produkt\/roof-bar-valtra-n-t-1-3-sarja-2002-2015_prm_75253\/#primaryimage\"},\"image\":{\"@id\":\"https:\/\/com.rst-steel.eu\/nb\/produkt\/roof-bar-valtra-n-t-1-3-sarja-2002-2015_prm_75253\/#primaryimage\"},\"thumbnailUrl\":\"https:\/\/com.rst-steel.eu\/wp-content\/uploads\/2025\/03\/6e5b294a331b92c63e0c2eb51e887cd2d4fd1424_TVA109_Tuotekuva-scaled.jpg\",\"datePublished\":\"2024-11-11T10:31:07+00:00\",\"dateModified\":\"2026-03-16T06:18:09+00:00\",\"description\":\"Roof Bar Valtra T1\/T3 Series (2002-2015) models. Several model options available. Buy now and enhance visibility and safety with a high-quality roof bar!\",\"breadcrumb\":{\"@id\":\"https:\/\/com.rst-steel.eu\/nb\/produkt\/roof-bar-valtra-n-t-1-3-sarja-2002-2015_prm_75253\/#breadcrumb\"},\"inLanguage\":\"sv-SE\",\"potentialAction\":[{\"@type\":\"ReadAction\",\"target\":[\"https:\/\/com.rst-steel.eu\/nb\/produkt\/roof-bar-valtra-n-t-1-3-sarja-2002-2015_prm_75253\/\"]}]},{\"@type\":\"ImageObject\",\"inLanguage\":\"sv-SE\",\"@id\":\"https:\/\/com.rst-steel.eu\/nb\/produkt\/roof-bar-valtra-n-t-1-3-sarja-2002-2015_prm_75253\/#primaryimage\",\"url\":\"https:\/\/com.rst-steel.eu\/wp-content\/uploads\/2025\/03\/6e5b294a331b92c63e0c2eb51e887cd2d4fd1424_TVA109_Tuotekuva-scaled.jpg\",\"contentUrl\":\"https:\/\/com.rst-steel.eu\/wp-content\/uploads\/2025\/03\/6e5b294a331b92c63e0c2eb51e887cd2d4fd1424_TVA109_Tuotekuva-scaled.jpg\",\"width\":2560,\"height\":1707,\"caption\":\"Roof Bar Valtra T1-T3 Series (2002-2015)\"},{\"@type\":\"BreadcrumbList\",\"@id\":\"https:\/\/com.rst-steel.eu\/nb\/produkt\/roof-bar-valtra-n-t-1-3-sarja-2002-2015_prm_75253\/#breadcrumb\",\"itemListElement\":[{\"@type\":\"ListItem\",\"position\":1,\"name\":\"Home\",\"item\":\"https:\/\/com.rst-steel.eu\/\"},{\"@type\":\"ListItem\",\"position\":2,\"name\":\"RST-Steel Shop\",\"item\":\"https:\/\/com.rst-steel.eu\/shop\/\"},{\"@type\":\"ListItem\",\"position\":3,\"name\":\"Roof Bar Valtra N\/T 1-3 Series (2002-2015)\"}]},{\"@type\":\"WebSite\",\"@id\":\"https:\/\/com.rst-steel.eu\/#website\",\"url\":\"https:\/\/com.rst-steel.eu\/\",\"name\":\"RST-Steel.com\",\"description\":\"Finnish quality steel, for quality-conscious drivers\",\"publisher\":{\"@id\":\"https:\/\/com.rst-steel.eu\/#organization\"},\"alternateName\":\"Safe and stylish RST-Steel quality\",\"potentialAction\":[{\"@type\":\"SearchAction\",\"target\":{\"@type\":\"EntryPoint\",\"urlTemplate\":\"https:\/\/com.rst-steel.eu\/?s={search_term_string}\"},\"query-input\":{\"@type\":\"PropertyValueSpecification\",\"valueRequired\":true,\"valueName\":\"search_term_string\"}}],\"inLanguage\":\"sv-SE\"},{\"@type\":\"Organization\",\"@id\":\"https:\/\/com.rst-steel.eu\/#organization\",\"name\":\"RST-Steel Oy\",\"url\":\"https:\/\/com.rst-steel.eu\/\",\"logo\":{\"@type\":\"ImageObject\",\"inLanguage\":\"sv-SE\",\"@id\":\"https:\/\/com.rst-steel.eu\/#\/schema\/logo\/image\/\",\"url\":\"https:\/\/com.rst-steel.eu\/wp-content\/uploads\/2023\/04\/cropped-Rst-logo-valkoinen-teksti-3.png\",\"contentUrl\":\"https:\/\/com.rst-steel.eu\/wp-content\/uploads\/2023\/04\/cropped-Rst-logo-valkoinen-teksti-3.png\",\"width\":512,\"height\":115,\"caption\":\"RST-Steel Oy\"},\"image\":{\"@id\":\"https:\/\/com.rst-steel.eu\/#\/schema\/logo\/image\/\"},\"sameAs\":[\"https:\/\/www.facebook.com\/rststeel\",\"https:\/\/www.instagram.com\/rststeeloy\/\"]}]}<\/script>\n<!-- \/ Yoast SEO plugin. -->","yoast_head_json":{"title":"Roof Bar Valtra N\/T 1-3 Series (2002-2015) - RST-Steel","description":"Takr\u00e4cke Valtra T1\/T3-serien (2002-2015) modeller. Flera modellalternativ tillg\u00e4ngliga. K\u00f6p nu och f\u00f6rb\u00e4ttra synligheten och s\u00e4kerheten med en takb\u00e5ge av h\u00f6g kvalitet!","robots":{"index":"index","follow":"follow","max-snippet":"max-snippet:-1","max-image-preview":"max-image-preview:large","max-video-preview":"max-video-preview:-1"},"canonical":"https:\/\/com.rst-steel.eu\/sv\/produkt\/roof-bar-valtra-n-t-1-3-sarja-2002-2015_prm_75253\/","og_locale":"sv_SE","og_type":"article","og_title":"Roof Bar Valtra N\/T 1-3 Series (2002-2015) - RST-Steel","og_description":"Roof Bar Valtra T1\/T3 Series (2002-2015) models. Several model options available. Buy now and enhance visibility and safety with a high-quality roof bar!","og_url":"https:\/\/com.rst-steel.eu\/sv\/produkt\/roof-bar-valtra-n-t-1-3-sarja-2002-2015_prm_75253\/","og_site_name":"RST-Steel","article_publisher":"https:\/\/www.facebook.com\/rststeel","article_modified_time":"2026-03-16T06:18:09+00:00","og_image":[{"width":2560,"height":1707,"url":"https:\/\/com.rst-steel.eu\/wp-content\/uploads\/2025\/03\/6e5b294a331b92c63e0c2eb51e887cd2d4fd1424_TVA109_Tuotekuva-scaled.jpg","type":"image\/jpeg"}],"twitter_card":"summary_large_image","twitter_misc":{"Ber\u00e4knad l\u00e4stid":"2 minuter"},"schema":{"@context":"https:\/\/schema.org","@graph":[{"@type":"WebPage","@id":"https:\/\/com.rst-steel.eu\/nb\/produkt\/roof-bar-valtra-n-t-1-3-sarja-2002-2015_prm_75253\/","url":"https:\/\/com.rst-steel.eu\/nb\/produkt\/roof-bar-valtra-n-t-1-3-sarja-2002-2015_prm_75253\/","name":"Roof Bar Valtra N\/T 1-3 Series (2002-2015) - RST-Steel","isPartOf":{"@id":"https:\/\/com.rst-steel.eu\/#website"},"primaryImageOfPage":{"@id":"https:\/\/com.rst-steel.eu\/nb\/produkt\/roof-bar-valtra-n-t-1-3-sarja-2002-2015_prm_75253\/#primaryimage"},"image":{"@id":"https:\/\/com.rst-steel.eu\/nb\/produkt\/roof-bar-valtra-n-t-1-3-sarja-2002-2015_prm_75253\/#primaryimage"},"thumbnailUrl":"https:\/\/com.rst-steel.eu\/wp-content\/uploads\/2025\/03\/6e5b294a331b92c63e0c2eb51e887cd2d4fd1424_TVA109_Tuotekuva-scaled.jpg","datePublished":"2024-11-11T10:31:07+00:00","dateModified":"2026-03-16T06:18:09+00:00","description":"Takr\u00e4cke Valtra T1\/T3-serien (2002-2015) modeller. Flera modellalternativ tillg\u00e4ngliga. K\u00f6p nu och f\u00f6rb\u00e4ttra synligheten och s\u00e4kerheten med en takb\u00e5ge av h\u00f6g kvalitet!","breadcrumb":{"@id":"https:\/\/com.rst-steel.eu\/nb\/produkt\/roof-bar-valtra-n-t-1-3-sarja-2002-2015_prm_75253\/#breadcrumb"},"inLanguage":"sv-SE","potentialAction":[{"@type":"ReadAction","target":["https:\/\/com.rst-steel.eu\/nb\/produkt\/roof-bar-valtra-n-t-1-3-sarja-2002-2015_prm_75253\/"]}]},{"@type":"ImageObject","inLanguage":"sv-SE","@id":"https:\/\/com.rst-steel.eu\/nb\/produkt\/roof-bar-valtra-n-t-1-3-sarja-2002-2015_prm_75253\/#primaryimage","url":"https:\/\/com.rst-steel.eu\/wp-content\/uploads\/2025\/03\/6e5b294a331b92c63e0c2eb51e887cd2d4fd1424_TVA109_Tuotekuva-scaled.jpg","contentUrl":"https:\/\/com.rst-steel.eu\/wp-content\/uploads\/2025\/03\/6e5b294a331b92c63e0c2eb51e887cd2d4fd1424_TVA109_Tuotekuva-scaled.jpg","width":2560,"height":1707,"caption":"Roof Bar Valtra T1-T3 Series (2002-2015)"},{"@type":"BreadcrumbList","@id":"https:\/\/com.rst-steel.eu\/nb\/produkt\/roof-bar-valtra-n-t-1-3-sarja-2002-2015_prm_75253\/#breadcrumb","itemListElement":[{"@type":"ListItem","position":1,"name":"Home","item":"https:\/\/com.rst-steel.eu\/"},{"@type":"ListItem","position":2,"name":"RST-Steel Shop","item":"https:\/\/com.rst-steel.eu\/shop\/"},{"@type":"ListItem","position":3,"name":"Roof Bar Valtra N\/T 1-3 Series (2002-2015)"}]},{"@type":"WebSite","@id":"https:\/\/com.rst-steel.eu\/#website","url":"https:\/\/com.rst-steel.eu\/","name":"RST-Stahl.com","description":"Finskt kvalitetsst\u00e5l, f\u00f6r kvalitetsmedvetna f\u00f6rare","publisher":{"@id":"https:\/\/com.rst-steel.eu\/#organization"},"alternateName":"Safe and stylish RST-Steel quality","potentialAction":[{"@type":"SearchAction","target":{"@type":"EntryPoint","urlTemplate":"https:\/\/com.rst-steel.eu\/?s={search_term_string}"},"query-input":{"@type":"PropertyValueSpecification","valueRequired":true,"valueName":"search_term_string"}}],"inLanguage":"sv-SE"},{"@type":"Organization","@id":"https:\/\/com.rst-steel.eu\/#organization","name":"RST-Steel Oy","url":"https:\/\/com.rst-steel.eu\/","logo":{"@type":"ImageObject","inLanguage":"sv-SE","@id":"https:\/\/com.rst-steel.eu\/#\/schema\/logo\/image\/","url":"https:\/\/com.rst-steel.eu\/wp-content\/uploads\/2023\/04\/cropped-Rst-logo-valkoinen-teksti-3.png","contentUrl":"https:\/\/com.rst-steel.eu\/wp-content\/uploads\/2023\/04\/cropped-Rst-logo-valkoinen-teksti-3.png","width":512,"height":115,"caption":"RST-Steel Oy"},"image":{"@id":"https:\/\/com.rst-steel.eu\/#\/schema\/logo\/image\/"},"sameAs":["https:\/\/www.facebook.com\/rststeel","https:\/\/www.instagram.com\/rststeeloy\/"]}]}},"brands":[{"id":8334,"name":"RST-Steel","slug":"brand_rststeel"}],"_links":{"self":[{"href":"https:\/\/com.rst-steel.eu\/sv\/wp-json\/wp\/v2\/product\/48350","targetHints":{"allow":["GET"]}}],"collection":[{"href":"https:\/\/com.rst-steel.eu\/sv\/wp-json\/wp\/v2\/product"}],"about":[{"href":"https:\/\/com.rst-steel.eu\/sv\/wp-json\/wp\/v2\/types\/product"}],"replies":[{"embeddable":true,"href":"https:\/\/com.rst-steel.eu\/sv\/wp-json\/wp\/v2\/comments?post=48350"}],"version-history":[{"count":0,"href":"https:\/\/com.rst-steel.eu\/sv\/wp-json\/wp\/v2\/product\/48350\/revisions"}],"wp:featuredmedia":[{"embeddable":true,"href":"https:\/\/com.rst-steel.eu\/sv\/wp-json\/wp\/v2\/media\/51128"}],"wp:attachment":[{"href":"https:\/\/com.rst-steel.eu\/sv\/wp-json\/wp\/v2\/media?parent=48350"}],"wp:term":[{"taxonomy":"make_fuel_type","embeddable":true,"href":"https:\/\/com.rst-steel.eu\/sv\/wp-json\/wp\/v2\/make_fuel_type?post=48350"},{"taxonomy":"make_model","embeddable":true,"href":"https:\/\/com.rst-steel.eu\/sv\/wp-json\/wp\/v2\/make_model?post=48350"},{"taxonomy":"make_brand","embeddable":true,"href":"https:\/\/com.rst-steel.eu\/sv\/wp-json\/wp\/v2\/make_brand?post=48350"},{"taxonomy":"make_year","embeddable":true,"href":"https:\/\/com.rst-steel.eu\/sv\/wp-json\/wp\/v2\/make_year?post=48350"},{"taxonomy":"pwb-brand","embeddable":true,"href":"https:\/\/com.rst-steel.eu\/sv\/wp-json\/wp\/v2\/pwb-brand?post=48350"},{"taxonomy":"product_brand","embeddable":true,"href":"https:\/\/com.rst-steel.eu\/sv\/wp-json\/wp\/v2\/product_brand?post=48350"},{"taxonomy":"product_cat","embeddable":true,"href":"https:\/\/com.rst-steel.eu\/sv\/wp-json\/wp\/v2\/product_cat?post=48350"},{"taxonomy":"product_tag","embeddable":true,"href":"https:\/\/com.rst-steel.eu\/sv\/wp-json\/wp\/v2\/product_tag?post=48350"}],"curies":[{"name":"wp","href":"https:\/\/api.w.org\/{rel}","templated":true}]}}