{"id":48344,"date":"2024-11-11T12:44:49","date_gmt":"2024-11-11T09:44:49","guid":{"rendered":"https:\/\/rst-steel.com\/product\/purelux-panther-aero-s540-gen2-led-bar_pr_85896\/"},"modified":"2026-03-16T09:18:16","modified_gmt":"2026-03-16T06:18:16","slug":"purelux-panther-aero-s540-gen2-lisavalopaneeli_pr_85896","status":"publish","type":"product","link":"https:\/\/com.rst-steel.eu\/sv\/produkt\/purelux-panther-aero-s540-gen2-lisavalopaneeli_pr_85896\/","title":{"rendered":"Auxiliary light Purelux Panther Aero S540 Gen2"},"content":{"rendered":"<p>Purelux Panther Aero S540 Gen2 Extraljus<\/p>\n<p><\/p>\n<p><span style=\"font-weight: bold\">Purelux Panther Aero S540 Gen2 \u00e4r ett aerodynamiskt utformat extraljus som p\u00e5 ett elegant s\u00e4tt representerar den mest popul\u00e4ra storleken p\u00e5 extraljuspaneler. Den h\u00e4r lampan kombinerar ett modernt utseende med ett utm\u00e4rkt f\u00f6rh\u00e5llande mellan effekt och storlek, vilket tillsammans g\u00f6r den till en av de b\u00e4sta enradiga extraljusen p\u00e5 marknaden. Utv\u00e4ndigt \u00e4r panelen diskret elegant med sin m\u00f6rka optik, l\u00e5gprofildesign, raml\u00f6sa lins och tv\u00e5f\u00e4rgade parkeringsljus (orange och vitt), men inv\u00e4ndigt d\u00f6ljer den en imponerande prestanda f\u00f6r sin storlek. Aero S540:erbjuder tv\u00e5 olika effektl\u00e4gen, vilket inneb\u00e4r att den kan st\u00e4llas in p\u00e5 antingen ett begr\u00e4nsat effektl\u00e4ge som \u00e4r till\u00e5tet p\u00e5 v\u00e4garna eller ett l\u00e4ge med full effekt.eller Purelux PowerBoost\u00ae-l\u00e4get, som l\u00e5ser upp effekten och \u00f6kar ljusfl\u00f6det till 8151 lumen med en uppm\u00e4tt r\u00e4ckvidd p\u00e5 479 meter @ 1 lux.<\/span><\/p>\n<p><span style=\"font-weight: bold\"><br \/><\/span><\/p>\n<p>Till skillnad fr\u00e5n vad som \u00e4r vanligt beh\u00f6ver du inte ansluta eller koppla bort n\u00e5gra extra kablar f\u00f6r att aktivera armaturens olika effektl\u00e4gen, utan du kan v\u00e4xla till PowerBoost\u00ae- och Road-l\u00e4ge med en enkel knapptryckning p\u00e5 armaturens ovansida. Det senast aktiva effektl\u00e4get lagras i lampans \"minne\", s\u00e5 du beh\u00f6ver inte \u00e4ndra effektl\u00e4get, t.ex. f\u00f6r ett v\u00e4gtest. Vid anv\u00e4ndning p\u00e5 v\u00e4g beh\u00f6ver du inte oroa dig f\u00f6r att lampan alltid ska t\u00e4ndas med maximal effekt n\u00e4r du st\u00e4nger av str\u00f6mmen och startar bilen igen.<\/p>\n<p><span style=\"font-weight: bold\">Panther Aero S540-str\u00e5lkastaren best\u00e5r av ett rektangul\u00e4rt, brett helljus som \u00e4r den perfekta kombinationen av r\u00e4ckvidd och bredd. Tack vare den b\u00f6jda designen sprider panelen ljuset i sidled \u00f6ver ett mycket brett omr\u00e5de och belyser effektivt v\u00e4gkanter, diken och skogsomr\u00e5den framifr\u00e5n. I vertikal riktning \u00e4r ljusk\u00e4glan mjukt avgr\u00e4nsad, vilket g\u00f6r den optimal f\u00f6r framf\u00f6r allt b\u00e5ginstallationer. Men trots den vertikalt begr\u00e4nsade ljusk\u00e4glan finns det fortfarande tillr\u00e4ckligt med ljus f\u00f6r k\u00f6rning i kuperad terr\u00e4ng och f\u00f6r takmonterade applikationer.<\/span><\/p>\n<p><span style=\"font-weight: bold\"><br \/><\/span><\/p>\n<p><span style=\"font-weight: bold\">Skillnaden mellan den kurvade och den raka Panther Aero \u00e4r ljusk\u00e4glan: b\u00e5da modellerna har en tillr\u00e4cklig ljusk\u00e4gla f\u00f6r att belysa hela v\u00e4gen fr\u00e5n sida till sida, men den kurvade panelen har en 50% bredare huvudstr\u00e5le, vilket inneb\u00e4r att det effektivt belysta omr\u00e5det \u00e4r bredare i den kurvade modellen. Till skillnad fr\u00e5n \u00f6vriga paneler i Panther-serien har de 54 cm breda lamporna en n\u00e5got bredare totalstr\u00e5lning i den raka modellen \u00e4n i den sv\u00e4ngda modellen, helt enkelt f\u00f6r att det finns mer diffust ljus i sidled i den raka panelen. S\u00e5 om du \u00e4r ute efter en lampa som maximerar den effektivt belysta ytan \u00e4r den b\u00f6jda panelen det b\u00e4ttre valet, och om du vill maximera spridningen av ljusk\u00e4glan \u00e4r den raka panelen b\u00e4ttre. Den b\u00f6jda modellen har ocks\u00e5 en rakare ljusk\u00e4gla uppifr\u00e5n och ned, vilket g\u00f6r den till ett n\u00e5got b\u00e4ttre val f\u00f6r riktigt l\u00e5ga installationer.<\/span><\/p>\n<p>F\u00f6rutom den noggrant bearbetade ljusk\u00e4glan \u00e4r lampans neutrala f\u00e4rgtemperatur p\u00e5 5000 kelvin en annan egenskap som avsev\u00e4rt f\u00f6rb\u00e4ttrar k\u00f6rupplevelsen. Denna neutrala f\u00e4rgtemperatur \u00e4r optimal f\u00f6r v\u00e4gtrafiken, eftersom den underl\u00e4ttar uppfattningen av t.ex. terr\u00e4ng och hinder och inte reflekterar den bl\u00e4ndande ljusstyrkan i ett naturligt vitt sn\u00f6t\u00e4cke i f\u00f6rarens \u00f6gon eller f\u00f6rvr\u00e4nger f\u00e4rgerna p\u00e5 det objekt som riktas mot. Dessutom fungerar den neutrala f\u00e4rgtemperaturen b\u00e4ttre \u00e4n kallare nyanser under d\u00e5liga v\u00e4derf\u00f6rh\u00e5llanden och hj\u00e4lper till att h\u00e5lla \u00f6gat skarpt i det till synes o\u00e4ndliga m\u00f6rkret. F\u00e4rgtemperaturen 5000K fungerar ocks\u00e5 bra med nyare bilar med LED- eller Xenon-lampor som standard.<\/p>\n<p>Panther Aero S540:s aerodynamiska design, eleganta svarta profil, m\u00f6rka optik och ett fantastiskt orange eller vitt parkeringsljus l\u00e4ngst ned p\u00e5 armaturen g\u00f6r den till ett sofistikerat och modernt tillskott till alla fordon. F\u00f6rutom sitt spektakul\u00e4ra utseende och sina fantastiska ljusegenskaper \u00e4r armaturen ocks\u00e5 extremt t\u00e5lig, vilket framg\u00e5r av dess h\u00f6gsta m\u00f6jliga vattent\u00e4thetsklass IP69K. Armaturhuset \u00e4r tillverkat av pulverlackerad aluminium som har behandlats med en speciell bel\u00e4ggning som ger ett utm\u00e4rkt skydd mot oxidation, solens skadliga UV-str\u00e5lar, varierande v\u00e4derf\u00f6rh\u00e5llanden och smuts. Lampans lins \u00e4r tillverkad av slagt\u00e5lig Lexan-polykarbonat av h\u00f6g kvalitet, som st\u00e5r emot de oundvikliga stenskott och repor som uppst\u00e5r under k\u00f6rning. Lampans framsida \u00e4r helt plan, vilket inneb\u00e4r att det inte finns n\u00e5gon ram runt linsen som samlar sn\u00f6, is eller smuts.<\/p>\n<p>Lampan levereras med b\u00e5de traditionella nackst\u00f6d och breddjusterbara skenf\u00e4sten under lampan, vilket g\u00f6r det enkelt att montera lampan p\u00e5 olika st\u00e4llen. Anslutningen underl\u00e4ttas av den 2-poliga DT-kontakten som ing\u00e5r i str\u00f6mkabeln och de separata positiva ledningarna f\u00f6r parkeringsljus. Det breda driftsp\u00e4nningsomr\u00e5det (9-36V) m\u00f6jligg\u00f6r anslutning till b\u00e5de 12V- och 24V-system, och lampans mycket m\u00e5ttliga referensv\u00e4rde (25) m\u00f6jligg\u00f6r enkel installation.praktiskt taget alla standardljus utan att inaktivera originalljusen! Dessutom \u00e4r lampan immun mot radiost\u00f6rningar enligt ECE R10-standarden.<span style=\"font-weight: bold\"> Tv\u00e5 \u00e5rs (24 m\u00e5nader) garanti!<\/span><\/p>\n<p><span style=\"font-weight: bold\"><br \/><\/span><\/p>\n<p><span style=\"font-weight: bold\">Leveransens inneh\u00e5ll<\/span><\/p>\n<ul>\n<li>Purelux Panther Aero S540<\/li>\n<li>2 x fotst\u00f6d som kan justeras i bredd<\/li>\n<li>2 x nackst\u00f6d<\/li>\n<li>Kontakt f\u00f6r str\u00f6mkabel<\/li>\n<li>Kopplings- och installationsanvisningar (EN\/SE\/NO\/DK\/EN)<\/li>\n<\/ul>\n<p><\/p>\n<p><span style=\"font-weight: bold\">Tekniska specifikationer<\/span><\/p>\n<ul>\n<li>LED: 18 x 6W<\/li>\n<li>Driftsp\u00e4nning: 9-36 V (DC)<\/li>\n<li>Referensnummer: 25<\/li>\n<li>Nominell effekt: 108 W<\/li>\n<li>Uppm\u00e4tt str\u00f6mf\u00f6rbrukning<\/li>\n<li>Purelux PowerBoost\u00ae: 10,41A @ 12V \/ 4,12A @ 24V<\/li>\n<li>Road-l\u00e4ge: 2,91 A @ 12 V \/ 1,29 A @ 24 V<\/li>\n<li>Uppm\u00e4tt effekt<\/li>\n<li>Purelux PowerBoost\u00ae: 125 W @ 12V \/ 99 W @ 24V<\/li>\n<li>Road-l\u00e4ge: 35 W @ 12V \/ 31 W @ 24V<\/li>\n<li>Tillverkarens deklarerade ljusfl\u00f6de: 7500 lm (Purelux PowerBoost\u00ae)<\/li>\n<li>Uppm\u00e4tt: 8151 lm (Purelux PowerBoost\u00ae)<\/li>\n<li>Uppm\u00e4tt lampa: 3241 lm (Road-l\u00e4ge)<\/li>\n<li>Uppm\u00e4tt r\u00e4ckvidd: 479 m @ 1 lux \/ 958 m @ 0,25 lux \/ (Purelux PowerBoost\u00ae)<\/li>\n<li>Uppm\u00e4tt r\u00e4ckvidd: 303 m @ 1 lux \/ 606 m @ 0,25 lux (Road-l\u00e4ge)<\/li>\n<li>Tillverkarens angivna f\u00e4rgtemperatur: 5000 K<\/li>\n<li>Uppm\u00e4tt: 5050 K<\/li>\n<li>Montering: \u00e4ndf\u00f6tter, breddjusterbara nedre f\u00f6tter<\/li>\n<li>Kontaktdon: Deutsch DT-2<\/li>\n<li>Parkeringsljus + kablar separat<\/li>\n<li>Kabell\u00e4ngd: 50 cm<\/li>\n<li>M\u00e5tt: 540 x 42 x 62,5 mm 540 x 42 x 62,5 mm (bredd x h\u00f6jd x djup)<\/li>\n<li>H\u00f6jd med gavelben: 57 mm<\/li>\n<li>H\u00f6jd med nedre ben: 62 mm<\/li>\n<li>Vikt: 1500 g<\/li>\n<li>IP-klassning: IP68\/IP69K<\/li>\n<li>Godk\u00e4nnande: CE, ECE R10, R148, R149*<\/li>\n<li><span style=\"font-weight: bold\">* Trafiks\u00e4kerhetsgodk\u00e4nnandet g\u00e4ller inte PowerBoost\u00ae-l\u00e4get<\/span><\/li>\n<li>Garanti: 24 m\u00e5nader<\/li>\n<\/ul>\n<p><span style=\"font-weight: bold\"><\/span><\/p>","protected":false},"excerpt":{"rendered":"<p><span style=\"font-weight: bold\">Supertunn och aerodynamisk led-lampa, utrustad med bl.a. tv\u00e5 str\u00f6ml\u00e4gen och en h\u00e4rligt kombinerad ljusbild.<\/span><\/p>","protected":false},"featured_media":48339,"comment_status":"open","ping_status":"closed","template":"","meta":{"_improvement_type_select":"improve_an_existing","_thumb_yes_seoaic":false,"_frame_yes_seoaic":false,"seoaic_generate_description":"","seoaic_improve_instructions_prompt":"","seoaic_rollback_content_improvement":"","seoaic_idea_thumbnail_generator":"","thumbnail_generated":false,"thumbnail_generate_prompt":"","seoaic_article_description":""},"make_fuel_type":[],"make_model":[],"make_brand":[],"make_year":[],"pwb-brand":[8333],"product_brand":[],"product_cat":[6195,6209,7373],"product_tag":[8498,7551,8496,8489],"class_list":{"0":"post-48344","1":"product","2":"type-product","3":"status-publish","4":"has-post-thumbnail","6":"pwb-brand-brand_purelux","7":"product_cat-lamps","8":"product_cat-auxiliary-lights","9":"product_cat-rstcom-purelux","10":"product_tag-auxiliary-light","11":"product_tag-extraljus","12":"product_tag-light-bar","13":"product_tag-purelux","15":"first","16":"instock","17":"taxable","18":"shipping-taxable","19":"purchasable","20":"product-type-simple"},"yoast_head":"<!-- This site is optimized with the Yoast SEO plugin v25.7 - https:\/\/yoast.com\/wordpress\/plugins\/seo\/ -->\n<title>Auxiliary light Purelux Panther Aero S540 Gen2 - RST-Steel<\/title>\n<meta name=\"description\" content=\"Purelux Panther Aero S540 is an aerodynamically designed auxiliary light that represents the most popular size of auxiliary light panels in a stylish way.\" \/>\n<meta name=\"robots\" content=\"index, follow, max-snippet:-1, max-image-preview:large, max-video-preview:-1\" \/>\n<link rel=\"canonical\" href=\"https:\/\/com.rst-steel.eu\/sv\/produkt\/purelux-panther-aero-s540-gen2-lisavalopaneeli_pr_85896\/\" \/>\n<meta property=\"og:locale\" content=\"sv_SE\" \/>\n<meta property=\"og:type\" content=\"article\" \/>\n<meta property=\"og:title\" content=\"Auxiliary light Purelux Panther Aero S540 Gen2 - RST-Steel\" \/>\n<meta property=\"og:description\" content=\"Purelux Panther Aero S540 is an aerodynamically designed auxiliary light that represents the most popular size of auxiliary light panels in a stylish way.\" \/>\n<meta property=\"og:url\" content=\"https:\/\/com.rst-steel.eu\/sv\/produkt\/purelux-panther-aero-s540-gen2-lisavalopaneeli_pr_85896\/\" \/>\n<meta property=\"og:site_name\" content=\"RST-Steel\" \/>\n<meta property=\"article:publisher\" content=\"https:\/\/www.facebook.com\/rststeel\" \/>\n<meta property=\"article:modified_time\" content=\"2026-03-16T06:18:16+00:00\" \/>\n<meta property=\"og:image\" content=\"https:\/\/com.rst-steel.eu\/wp-content\/uploads\/2024\/11\/5295b76ba56ee233bf3c3e69fba2189714d30f88_purelux_aero_s540_gen2_1.jpg\" \/>\n\t<meta property=\"og:image:width\" content=\"2048\" \/>\n\t<meta property=\"og:image:height\" content=\"2048\" \/>\n\t<meta property=\"og:image:type\" content=\"image\/jpeg\" \/>\n<meta name=\"twitter:card\" content=\"summary_large_image\" \/>\n<meta name=\"twitter:label1\" content=\"Ber\u00e4knad l\u00e4stid\" \/>\n\t<meta name=\"twitter:data1\" content=\"5 minuter\" \/>\n<script type=\"application\/ld+json\" class=\"yoast-schema-graph\">{\"@context\":\"https:\/\/schema.org\",\"@graph\":[{\"@type\":\"WebPage\",\"@id\":\"https:\/\/com.rst-steel.eu\/sv\/produkt\/purelux-panther-aero-s540-gen2-lisavalopaneeli_pr_85896\/\",\"url\":\"https:\/\/com.rst-steel.eu\/sv\/produkt\/purelux-panther-aero-s540-gen2-lisavalopaneeli_pr_85896\/\",\"name\":\"Auxiliary light Purelux Panther Aero S540 Gen2 - RST-Steel\",\"isPartOf\":{\"@id\":\"https:\/\/com.rst-steel.eu\/#website\"},\"primaryImageOfPage\":{\"@id\":\"https:\/\/com.rst-steel.eu\/sv\/produkt\/purelux-panther-aero-s540-gen2-lisavalopaneeli_pr_85896\/#primaryimage\"},\"image\":{\"@id\":\"https:\/\/com.rst-steel.eu\/sv\/produkt\/purelux-panther-aero-s540-gen2-lisavalopaneeli_pr_85896\/#primaryimage\"},\"thumbnailUrl\":\"https:\/\/com.rst-steel.eu\/wp-content\/uploads\/2024\/11\/5295b76ba56ee233bf3c3e69fba2189714d30f88_purelux_aero_s540_gen2_1.jpg\",\"datePublished\":\"2024-11-11T09:44:49+00:00\",\"dateModified\":\"2026-03-16T06:18:16+00:00\",\"description\":\"Purelux Panther Aero S540 is an aerodynamically designed auxiliary light that represents the most popular size of auxiliary light panels in a stylish way.\",\"breadcrumb\":{\"@id\":\"https:\/\/com.rst-steel.eu\/sv\/produkt\/purelux-panther-aero-s540-gen2-lisavalopaneeli_pr_85896\/#breadcrumb\"},\"inLanguage\":\"sv-SE\",\"potentialAction\":[{\"@type\":\"ReadAction\",\"target\":[\"https:\/\/com.rst-steel.eu\/sv\/produkt\/purelux-panther-aero-s540-gen2-lisavalopaneeli_pr_85896\/\"]}]},{\"@type\":\"ImageObject\",\"inLanguage\":\"sv-SE\",\"@id\":\"https:\/\/com.rst-steel.eu\/sv\/produkt\/purelux-panther-aero-s540-gen2-lisavalopaneeli_pr_85896\/#primaryimage\",\"url\":\"https:\/\/com.rst-steel.eu\/wp-content\/uploads\/2024\/11\/5295b76ba56ee233bf3c3e69fba2189714d30f88_purelux_aero_s540_gen2_1.jpg\",\"contentUrl\":\"https:\/\/com.rst-steel.eu\/wp-content\/uploads\/2024\/11\/5295b76ba56ee233bf3c3e69fba2189714d30f88_purelux_aero_s540_gen2_1.jpg\",\"width\":2048,\"height\":2048},{\"@type\":\"BreadcrumbList\",\"@id\":\"https:\/\/com.rst-steel.eu\/sv\/produkt\/purelux-panther-aero-s540-gen2-lisavalopaneeli_pr_85896\/#breadcrumb\",\"itemListElement\":[{\"@type\":\"ListItem\",\"position\":1,\"name\":\"Home\",\"item\":\"https:\/\/com.rst-steel.eu\/\"},{\"@type\":\"ListItem\",\"position\":2,\"name\":\"RST-Steel Shop\",\"item\":\"https:\/\/com.rst-steel.eu\/shop\/\"},{\"@type\":\"ListItem\",\"position\":3,\"name\":\"Auxiliary light Purelux Panther Aero S540 Gen2\"}]},{\"@type\":\"WebSite\",\"@id\":\"https:\/\/com.rst-steel.eu\/#website\",\"url\":\"https:\/\/com.rst-steel.eu\/\",\"name\":\"RST-Steel.com\",\"description\":\"Finnish quality steel, for quality-conscious drivers\",\"publisher\":{\"@id\":\"https:\/\/com.rst-steel.eu\/#organization\"},\"alternateName\":\"Safe and stylish RST-Steel quality\",\"potentialAction\":[{\"@type\":\"SearchAction\",\"target\":{\"@type\":\"EntryPoint\",\"urlTemplate\":\"https:\/\/com.rst-steel.eu\/?s={search_term_string}\"},\"query-input\":{\"@type\":\"PropertyValueSpecification\",\"valueRequired\":true,\"valueName\":\"search_term_string\"}}],\"inLanguage\":\"sv-SE\"},{\"@type\":\"Organization\",\"@id\":\"https:\/\/com.rst-steel.eu\/#organization\",\"name\":\"RST-Steel Oy\",\"url\":\"https:\/\/com.rst-steel.eu\/\",\"logo\":{\"@type\":\"ImageObject\",\"inLanguage\":\"sv-SE\",\"@id\":\"https:\/\/com.rst-steel.eu\/#\/schema\/logo\/image\/\",\"url\":\"https:\/\/com.rst-steel.eu\/wp-content\/uploads\/2023\/04\/cropped-Rst-logo-valkoinen-teksti-3.png\",\"contentUrl\":\"https:\/\/com.rst-steel.eu\/wp-content\/uploads\/2023\/04\/cropped-Rst-logo-valkoinen-teksti-3.png\",\"width\":512,\"height\":115,\"caption\":\"RST-Steel Oy\"},\"image\":{\"@id\":\"https:\/\/com.rst-steel.eu\/#\/schema\/logo\/image\/\"},\"sameAs\":[\"https:\/\/www.facebook.com\/rststeel\",\"https:\/\/www.instagram.com\/rststeeloy\/\"]}]}<\/script>\n<!-- \/ Yoast SEO plugin. -->","yoast_head_json":{"title":"Auxiliary light Purelux Panther Aero S540 Gen2 - RST-Steel","description":"Purelux Panther Aero S540 \u00e4r ett aerodynamiskt utformat extraljus som representerar den mest popul\u00e4ra storleken p\u00e5 extraljuspaneler p\u00e5 ett snyggt s\u00e4tt.","robots":{"index":"index","follow":"follow","max-snippet":"max-snippet:-1","max-image-preview":"max-image-preview:large","max-video-preview":"max-video-preview:-1"},"canonical":"https:\/\/com.rst-steel.eu\/sv\/produkt\/purelux-panther-aero-s540-gen2-lisavalopaneeli_pr_85896\/","og_locale":"sv_SE","og_type":"article","og_title":"Auxiliary light Purelux Panther Aero S540 Gen2 - RST-Steel","og_description":"Purelux Panther Aero S540 is an aerodynamically designed auxiliary light that represents the most popular size of auxiliary light panels in a stylish way.","og_url":"https:\/\/com.rst-steel.eu\/sv\/produkt\/purelux-panther-aero-s540-gen2-lisavalopaneeli_pr_85896\/","og_site_name":"RST-Steel","article_publisher":"https:\/\/www.facebook.com\/rststeel","article_modified_time":"2026-03-16T06:18:16+00:00","og_image":[{"width":2048,"height":2048,"url":"https:\/\/com.rst-steel.eu\/wp-content\/uploads\/2024\/11\/5295b76ba56ee233bf3c3e69fba2189714d30f88_purelux_aero_s540_gen2_1.jpg","type":"image\/jpeg"}],"twitter_card":"summary_large_image","twitter_misc":{"Ber\u00e4knad l\u00e4stid":"5 minuter"},"schema":{"@context":"https:\/\/schema.org","@graph":[{"@type":"WebPage","@id":"https:\/\/com.rst-steel.eu\/sv\/produkt\/purelux-panther-aero-s540-gen2-lisavalopaneeli_pr_85896\/","url":"https:\/\/com.rst-steel.eu\/sv\/produkt\/purelux-panther-aero-s540-gen2-lisavalopaneeli_pr_85896\/","name":"Auxiliary light Purelux Panther Aero S540 Gen2 - RST-Steel","isPartOf":{"@id":"https:\/\/com.rst-steel.eu\/#website"},"primaryImageOfPage":{"@id":"https:\/\/com.rst-steel.eu\/sv\/produkt\/purelux-panther-aero-s540-gen2-lisavalopaneeli_pr_85896\/#primaryimage"},"image":{"@id":"https:\/\/com.rst-steel.eu\/sv\/produkt\/purelux-panther-aero-s540-gen2-lisavalopaneeli_pr_85896\/#primaryimage"},"thumbnailUrl":"https:\/\/com.rst-steel.eu\/wp-content\/uploads\/2024\/11\/5295b76ba56ee233bf3c3e69fba2189714d30f88_purelux_aero_s540_gen2_1.jpg","datePublished":"2024-11-11T09:44:49+00:00","dateModified":"2026-03-16T06:18:16+00:00","description":"Purelux Panther Aero S540 \u00e4r ett aerodynamiskt utformat extraljus som representerar den mest popul\u00e4ra storleken p\u00e5 extraljuspaneler p\u00e5 ett snyggt s\u00e4tt.","breadcrumb":{"@id":"https:\/\/com.rst-steel.eu\/sv\/produkt\/purelux-panther-aero-s540-gen2-lisavalopaneeli_pr_85896\/#breadcrumb"},"inLanguage":"sv-SE","potentialAction":[{"@type":"ReadAction","target":["https:\/\/com.rst-steel.eu\/sv\/produkt\/purelux-panther-aero-s540-gen2-lisavalopaneeli_pr_85896\/"]}]},{"@type":"ImageObject","inLanguage":"sv-SE","@id":"https:\/\/com.rst-steel.eu\/sv\/produkt\/purelux-panther-aero-s540-gen2-lisavalopaneeli_pr_85896\/#primaryimage","url":"https:\/\/com.rst-steel.eu\/wp-content\/uploads\/2024\/11\/5295b76ba56ee233bf3c3e69fba2189714d30f88_purelux_aero_s540_gen2_1.jpg","contentUrl":"https:\/\/com.rst-steel.eu\/wp-content\/uploads\/2024\/11\/5295b76ba56ee233bf3c3e69fba2189714d30f88_purelux_aero_s540_gen2_1.jpg","width":2048,"height":2048},{"@type":"BreadcrumbList","@id":"https:\/\/com.rst-steel.eu\/sv\/produkt\/purelux-panther-aero-s540-gen2-lisavalopaneeli_pr_85896\/#breadcrumb","itemListElement":[{"@type":"ListItem","position":1,"name":"Home","item":"https:\/\/com.rst-steel.eu\/"},{"@type":"ListItem","position":2,"name":"RST-Steel Shop","item":"https:\/\/com.rst-steel.eu\/shop\/"},{"@type":"ListItem","position":3,"name":"Auxiliary light Purelux Panther Aero S540 Gen2"}]},{"@type":"WebSite","@id":"https:\/\/com.rst-steel.eu\/#website","url":"https:\/\/com.rst-steel.eu\/","name":"RST-Stahl.com","description":"Finskt kvalitetsst\u00e5l, f\u00f6r kvalitetsmedvetna f\u00f6rare","publisher":{"@id":"https:\/\/com.rst-steel.eu\/#organization"},"alternateName":"Safe and stylish RST-Steel quality","potentialAction":[{"@type":"SearchAction","target":{"@type":"EntryPoint","urlTemplate":"https:\/\/com.rst-steel.eu\/?s={search_term_string}"},"query-input":{"@type":"PropertyValueSpecification","valueRequired":true,"valueName":"search_term_string"}}],"inLanguage":"sv-SE"},{"@type":"Organization","@id":"https:\/\/com.rst-steel.eu\/#organization","name":"RST-Steel Oy","url":"https:\/\/com.rst-steel.eu\/","logo":{"@type":"ImageObject","inLanguage":"sv-SE","@id":"https:\/\/com.rst-steel.eu\/#\/schema\/logo\/image\/","url":"https:\/\/com.rst-steel.eu\/wp-content\/uploads\/2023\/04\/cropped-Rst-logo-valkoinen-teksti-3.png","contentUrl":"https:\/\/com.rst-steel.eu\/wp-content\/uploads\/2023\/04\/cropped-Rst-logo-valkoinen-teksti-3.png","width":512,"height":115,"caption":"RST-Steel Oy"},"image":{"@id":"https:\/\/com.rst-steel.eu\/#\/schema\/logo\/image\/"},"sameAs":["https:\/\/www.facebook.com\/rststeel","https:\/\/www.instagram.com\/rststeeloy\/"]}]}},"brands":[{"id":8333,"name":"Purelux","slug":"brand_purelux"}],"_links":{"self":[{"href":"https:\/\/com.rst-steel.eu\/sv\/wp-json\/wp\/v2\/product\/48344","targetHints":{"allow":["GET"]}}],"collection":[{"href":"https:\/\/com.rst-steel.eu\/sv\/wp-json\/wp\/v2\/product"}],"about":[{"href":"https:\/\/com.rst-steel.eu\/sv\/wp-json\/wp\/v2\/types\/product"}],"replies":[{"embeddable":true,"href":"https:\/\/com.rst-steel.eu\/sv\/wp-json\/wp\/v2\/comments?post=48344"}],"version-history":[{"count":0,"href":"https:\/\/com.rst-steel.eu\/sv\/wp-json\/wp\/v2\/product\/48344\/revisions"}],"wp:featuredmedia":[{"embeddable":true,"href":"https:\/\/com.rst-steel.eu\/sv\/wp-json\/wp\/v2\/media\/48339"}],"wp:attachment":[{"href":"https:\/\/com.rst-steel.eu\/sv\/wp-json\/wp\/v2\/media?parent=48344"}],"wp:term":[{"taxonomy":"make_fuel_type","embeddable":true,"href":"https:\/\/com.rst-steel.eu\/sv\/wp-json\/wp\/v2\/make_fuel_type?post=48344"},{"taxonomy":"make_model","embeddable":true,"href":"https:\/\/com.rst-steel.eu\/sv\/wp-json\/wp\/v2\/make_model?post=48344"},{"taxonomy":"make_brand","embeddable":true,"href":"https:\/\/com.rst-steel.eu\/sv\/wp-json\/wp\/v2\/make_brand?post=48344"},{"taxonomy":"make_year","embeddable":true,"href":"https:\/\/com.rst-steel.eu\/sv\/wp-json\/wp\/v2\/make_year?post=48344"},{"taxonomy":"pwb-brand","embeddable":true,"href":"https:\/\/com.rst-steel.eu\/sv\/wp-json\/wp\/v2\/pwb-brand?post=48344"},{"taxonomy":"product_brand","embeddable":true,"href":"https:\/\/com.rst-steel.eu\/sv\/wp-json\/wp\/v2\/product_brand?post=48344"},{"taxonomy":"product_cat","embeddable":true,"href":"https:\/\/com.rst-steel.eu\/sv\/wp-json\/wp\/v2\/product_cat?post=48344"},{"taxonomy":"product_tag","embeddable":true,"href":"https:\/\/com.rst-steel.eu\/sv\/wp-json\/wp\/v2\/product_tag?post=48344"}],"curies":[{"name":"wp","href":"https:\/\/api.w.org\/{rel}","templated":true}]}}