{"id":48338,"date":"2024-11-11T12:44:38","date_gmt":"2024-11-11T09:44:38","guid":{"rendered":"https:\/\/rst-steel.com\/product\/purelux-panther-s540-gen3-led-bar_pr_85895\/"},"modified":"2026-03-16T09:18:16","modified_gmt":"2026-03-16T06:18:16","slug":"lisavalo-purelux-panther-s540-gen3_pr_85895","status":"publish","type":"product","link":"https:\/\/com.rst-steel.eu\/sv\/produkt\/lisavalo-purelux-panther-s540-gen3_pr_85895\/","title":{"rendered":"Purelux Panther S540 Gen3 Extraljus"},"content":{"rendered":"<p>Purelux Panther S540 Gen3 - LED-stolpe<\/p>\n<p><\/p>\n<p><span style=\"font-weight: bold\">Purelux Panther S540 Gen3 \u00e4r en mycket kraftfull led-lampa som kombinerar h\u00f6g prestanda, en kombinerad ljusk\u00e4gla optimerad f\u00f6r v\u00e4gtrafik och ett snyggt utseende. Denna lampa har tv\u00e5 olika effektl\u00e4gen, tack vare vilka du kan sl\u00e5 p\u00e5 antingen det mer m\u00e5ttliga effektl\u00e4get som \u00e4r godk\u00e4nt f\u00f6r v\u00e4gtrafik eller PowerBoost\u00ae-l\u00e4get som frig\u00f6r all ljuskraft. Det obegr\u00e4nsade PowerBoost\u00ae-l\u00e4get lyfter k\u00f6rupplevelsen p\u00e5 str\u00e4ckor som kr\u00e4ver maximalt ljusfl\u00f6de till en helt ny niv\u00e5, eftersom ljusfl\u00f6det m\u00e4ts upp till 15238 lumen och r\u00e4ckvidden upp till 645 meter (@ 1 lux). Str\u00f6ml\u00e4get kan enkelt \u00e4ndras genom att trycka p\u00e5 knappen p\u00e5 kroppen, s\u00e5 det finns inget behov av att g\u00f6ra m\u00f6dosamma anslutningar! N\u00e4r Panthers ot\u00e4mjda prestanda kombineras med en fantastisk design och en av de b\u00e4sta str\u00e5lkastarkombinationerna p\u00e5 marknaden, s\u00e4ger det sig sj\u00e4lvt varf\u00f6r den tar plats i toppen av sin storleksklass \u00e5r efter \u00e5r!<\/span><\/p>\n<p>Till skillnad fr\u00e5n vad som \u00e4r vanligt beh\u00f6ver du inte ansluta eller koppla bort n\u00e5gra extra kablar f\u00f6r att aktivera lampans olika effektl\u00e4gen, utan du kan enkelt v\u00e4xla mellan PowerBoost\u00ae och road mode genom att trycka p\u00e5 knappen i lampans \u00e4nde. Det senast anv\u00e4nda effektl\u00e4get finns kvar i lampans \"minne\", och d\u00e4rmed finns det inget behov av att, till exempel vid anv\u00e4ndning i v\u00e4gtrafiken, se till att lampan alltid t\u00e4nds med maximal effekt, n\u00e4r str\u00f6mmen st\u00e4ngs av d\u00e4remellan och bilen b\u00f6rjar r\u00f6ra sig igen.<\/p>\n<p><span style=\"font-weight: bold\">Ljusk\u00e4glan p\u00e5 Panther S540 best\u00e5r av en rektangul\u00e4r bred huvudstr\u00e5le, som \u00e4r den perfekta kombinationen av b\u00e5de r\u00e4ckvidd och bredd. Ljusk\u00e4glan \u00f6ppnar sig direkt fr\u00e5n f\u00f6ren och lyser upp hela v\u00e4gen fr\u00e5n sida till sida, medan den ljusare huvudpunkten i mitten av ljusk\u00e4glan riktar ljuset l\u00e5ngt fram\u00e5t. I vertikal riktning \u00e4r ljusk\u00e4glan mjukt avgr\u00e4nsad, som vanligt fr\u00e5n andra str\u00e5lkastare i Panther-serien, vilket g\u00f6r att ljuset inte f\u00f6rsvinner i himlen i on\u00f6dan och att det inte bildas en bl\u00e4ndande ljuskula framf\u00f6r f\u00f6ren. Konens h\u00f6jd \u00e4r optimerad f\u00f6r att vara tillr\u00e4cklig \u00e4ven i kuperad terr\u00e4ng och f\u00f6r takinstallationer av tung utrustning.<\/span><\/p>\n<p>F\u00f6rutom den exakt avgr\u00e4nsade ljusk\u00e4glan \u00e4r ljusets neutrala f\u00e4rgtemperatur p\u00e5 5000 Kelvin en egenskap som avsev\u00e4rt f\u00f6rb\u00e4ttrar k\u00f6rupplevelsen. Den neutrala f\u00e4rgtemperaturen \u00e4r optimal f\u00f6r v\u00e4gtrafiken, eftersom den underl\u00e4ttar observationen av terr\u00e4ngformer och hinder och inte f\u00f6rvr\u00e4nger f\u00f6rem\u00e5lens f\u00e4rg. Dessutom bl\u00e4ndar den mindre kalla toner fr\u00e5n t.ex. sn\u00f6t\u00e4cke eller i dimma och regn, och minskar belastningen p\u00e5 \u00f6gonen. F\u00e4rgtemperaturen 5000K passar perfekt till nyare bilar med LED- eller Xenon-lampor som standard och ger \u00f6nskad ljusstyrka och sk\u00e4rpa \u00e4ven tillsammans med traditionella halogenlampor.<\/p>\n<p><\/p>\n<p>Sammantaget \u00e4r Panther S540 Gen3 ett extra ljus utvecklat f\u00f6r utmanande f\u00f6rh\u00e5llanden, som vi v\u00e5gar rekommendera f\u00f6r \u00e4ven den mest kr\u00e4vande anv\u00e4ndningen. Tack vare sin m\u00e5ngsidiga storlek \u00e4r den h\u00e4r panelen mycket l\u00e4mplig f\u00f6r frontinstallationer i bilar, sk\u00e5pbilar och SUV:ar, och tack vare sin kraftfulla prestanda passar den ocks\u00e5 bra i utrustningen f\u00f6r tung utrustning. Med hj\u00e4lp av flera lampor kan du t.ex. bygga en mycket snygg och attraktiv \"ljusradiator\" t.ex. p\u00e5 taket! Tack vare PowerBoost \u00ae -l\u00e4get \u00e4r Purelux Panther S540 Gen3 ett knappval \u00e4ven p\u00e5 st\u00e4ngda sp\u00e5r eller endast f\u00f6r terr\u00e4ngfordon.<\/p>\n<p>F\u00f6rutom utm\u00e4rkta ljusegenskaper har Panther S540 Gen3 skapats f\u00f6r att klara p\u00e5frestningarna i milj\u00f6n, vilket bl.a. framg\u00e5r av h\u00f6gsta m\u00f6jliga t\u00e4thetsklass (IP69K), en praktiskt taget okrossbar Lexa polykarbonatlins, en ram av stark aluminium och en speciell bel\u00e4ggning som garanterar panelen utm\u00e4rkt h\u00e5llbarhet mot UV-str\u00e5lning, korrosion, kemikalier och v\u00e4xlande v\u00e4derf\u00f6rh\u00e5llanden. F\u00f6rutom skydd ger den h\u00f6gkvalitativa bel\u00e4ggningen ocks\u00e5 panelkroppen en l\u00e4tt gl\u00e4nsande yta som utstr\u00e5lar v\u00e4rdighet, kvalitet och stil. Det underbara helhetsintrycket kr\u00f6ns av de svarta f\u00e4stskruvarna och den m\u00f6rka optiken, som ocks\u00e5 har lyfts fram i parkeringsljuset p\u00e5 ett modernt s\u00e4tt f\u00f6r att garantera elegans \u00e4ven n\u00e4r panelen \u00e4r avst\u00e4ngd.<\/p>\n<p>Lampan levereras med b\u00e5de de traditionella \u00e4ndbenen och de breddjusterbara skenf\u00e4stena under lampan. Installationen underl\u00e4ttas av den f\u00e4rdiga DTP-kontakten p\u00e5 panelens n\u00e4tkabel och de f\u00e4rdiga f\u00e4stpunkterna f\u00f6r st\u00f6dj\u00e4rn p\u00e5 panelens stomme (anv\u00e4ndning av st\u00f6dj\u00e4rn \u00e4r inte n\u00f6dv\u00e4ndigt om installationen kan utf\u00f6ras p\u00e5 ett s\u00e4kert s\u00e4tt). Det breda driftsp\u00e4nningsomr\u00e5det (9-36V) m\u00f6jligg\u00f6r installation i b\u00e5de 12V- och 24V-system, och det l\u00e5ga referensnumret (30) m\u00f6jligg\u00f6r installation tillsammans med alla standardlampor utan att beh\u00f6va ta bort originallamporna! Dessutom \u00e4r lampan skyddad mot radiost\u00f6rningar i enlighet med ECE R10-standarden. <span style=\"font-weight: bold\">Tv\u00e5 \u00e5rs (24 m\u00e5nader) garanti!<br \/><\/span><\/p>\n<p><span style=\"font-weight: bold\"><br \/><\/span><\/p>\n<p><span style=\"font-weight: bold\">Leveransens inneh\u00e5ll<br \/><\/span><\/p>\n<ul>\n<li>Purelux Panther S540 Gen3<\/li>\n<li>2 x Breddjusterbara underben<\/li>\n<li>2 x \u00e4ndf\u00f6tter<\/li>\n<li>Motsvarighet f\u00f6r str\u00f6mkabel<\/li>\n<li>Anslutnings- och installationsanvisningar (FI\/SE\/NO\/DK\/EN)<\/li>\n<\/ul>\n<p><\/p>\n<p><span style=\"font-weight: bold\">Specifikationer<\/span><\/p>\n<ul>\n<li>LED: 36 x 6W<\/li>\n<li>Driftsp\u00e4nning: 9-32 V (DC)<\/li>\n<li>Referensnummer: 30<\/li>\n<li>Ber\u00e4knad effekt: 216 W<\/li>\n<li>Uppm\u00e4tt str\u00f6mf\u00f6rbrukning<\/li>\n<li>Purelux PowerBoost\u00ae: 7,83 A @ 24 V<\/li>\n<li>Road-l\u00e4ge: 1,58 A @ 24 V<\/li>\n<li>Uppm\u00e4tt effekt<\/li>\n<li>Purelux PowerBoost\u00ae: 188W @ 24V<\/li>\n<li>Road-l\u00e4ge: 38W @ 24V<\/li>\n<li>Parkeringsbelysning: 4 W<\/li>\n<li>Ljusfl\u00f6de deklarerat av tillverkaren: 16300 lm (Purelux PowerBoost\u00ae)<\/li>\n<li>Uppm\u00e4tt: 15238 lm (Purelux PowerBoost\u00ae)<\/li>\n<li>Uppm\u00e4tt: 4300 lm (v\u00e4gtrafikf\u00f6rh\u00e5llanden)<\/li>\n<li>Uppm\u00e4tt r\u00e4ckvidd: 645 m @ 1 lux \/ 1290 m @ 0,25 lux (Purelux PowerBoost\u00ae)<\/li>\n<li>Uppm\u00e4tt r\u00e4ckvidd: 340 m @ 1 lux \/ 680 m @ 0,25 lux (trafikl\u00e4ge)<\/li>\n<li>F\u00e4rgtemperaturen anges av tillverkaren: 5000 K<\/li>\n<li>Uppm\u00e4tt: 5050 K<\/li>\n<li>F\u00e4stanordning: \u00c4ndben, breddjusterbara underben<\/li>\n<li>Anslutningsdon: DTP-2<\/li>\n<li>Parkeringsljusen + kablar \u00e4r separata<\/li>\n<li>Kabell\u00e4ngd: 50 cm<\/li>\n<li>M\u00e5tt: 540 x 66 x 70 mm 540 x 66 x 70 mm (bredd x h\u00f6jd x djup)<\/li>\n<li>H\u00f6jd med gavelben: 78 mm<\/li>\n<li>H\u00f6jd med nedre ben: 81,5 mm<\/li>\n<li>Vikt: 2363 g<\/li>\n<li>IP-klassning: IP69K<\/li>\n<li>Godk\u00e4nnande: ECE R10, R7, R112*<\/li>\n<li>*Godk\u00e4nnande f\u00f6r v\u00e4gtrafik g\u00e4ller inte f\u00f6r Purelux PowerBoost\u00ae-l\u00e4get<\/li>\n<li>\u00d6vrigt: Panelen har f\u00e4rdiga platser f\u00f6r stabilisatorer<\/li>\n<li>Garanti: 24 m\u00e5nader<\/li>\n<\/ul>","protected":false},"excerpt":{"rendered":"<p><span style=\"font-weight: bold\">Supereffektiv led-lampa som \u00e4r utrustad med bl.a. tv\u00e5 effektl\u00e4gen, en av marknadens b\u00e4sta str\u00e5lkastare, orange och vitt parkeringsljus och en grym look!&nbsp;<\/span><\/p>","protected":false},"featured_media":48333,"comment_status":"open","ping_status":"closed","template":"","meta":{"_improvement_type_select":"improve_an_existing","_thumb_yes_seoaic":false,"_frame_yes_seoaic":false,"seoaic_generate_description":"","seoaic_improve_instructions_prompt":"","seoaic_rollback_content_improvement":"","seoaic_idea_thumbnail_generator":"","thumbnail_generated":false,"thumbnail_generate_prompt":"","seoaic_article_description":""},"make_fuel_type":[],"make_model":[],"make_brand":[],"make_year":[],"pwb-brand":[8333],"product_brand":[],"product_cat":[6195,6209,7373],"product_tag":[8498,7551,8496,8489],"class_list":{"0":"post-48338","1":"product","2":"type-product","3":"status-publish","4":"has-post-thumbnail","6":"pwb-brand-brand_purelux","7":"product_cat-lamps","8":"product_cat-auxiliary-lights","9":"product_cat-rstcom-purelux","10":"product_tag-auxiliary-light","11":"product_tag-extraljus","12":"product_tag-light-bar","13":"product_tag-purelux","15":"first","16":"instock","17":"taxable","18":"shipping-taxable","19":"purchasable","20":"product-type-simple"},"yoast_head":"<!-- This site is optimized with the Yoast SEO plugin v25.7 - https:\/\/yoast.com\/wordpress\/plugins\/seo\/ -->\n<title>Auxiliary light Purelux Panther S540 Gen3 - RST-Steel<\/title>\n<meta name=\"description\" content=\"Purelux Panther S540 Gen3 LED Bar! Offering a 645m beam and 5000K color temperature, it&#039;s durable, IP69K rated, and perfect for any terrain.\" \/>\n<meta name=\"robots\" content=\"index, follow, max-snippet:-1, max-image-preview:large, max-video-preview:-1\" \/>\n<link rel=\"canonical\" href=\"https:\/\/com.rst-steel.eu\/sv\/produkt\/lisavalo-purelux-panther-s540-gen3_pr_85895\/\" \/>\n<meta property=\"og:locale\" content=\"sv_SE\" \/>\n<meta property=\"og:type\" content=\"article\" \/>\n<meta property=\"og:title\" content=\"Auxiliary light Purelux Panther S540 Gen3 - RST-Steel\" \/>\n<meta property=\"og:description\" content=\"Purelux Panther S540 Gen3 LED Bar! Offering a 645m beam and 5000K color temperature, it&#039;s durable, IP69K rated, and perfect for any terrain.\" \/>\n<meta property=\"og:url\" content=\"https:\/\/com.rst-steel.eu\/sv\/produkt\/lisavalo-purelux-panther-s540-gen3_pr_85895\/\" \/>\n<meta property=\"og:site_name\" content=\"RST-Steel\" \/>\n<meta property=\"article:publisher\" content=\"https:\/\/www.facebook.com\/rststeel\" \/>\n<meta property=\"article:modified_time\" content=\"2026-03-16T06:18:16+00:00\" \/>\n<meta property=\"og:image\" content=\"https:\/\/com.rst-steel.eu\/wp-content\/uploads\/2024\/11\/936a7195dc74f559e34a7cecd4031faa65dd7f26_purelux_panther_s540_gen3_1.jpg\" \/>\n\t<meta property=\"og:image:width\" content=\"2048\" \/>\n\t<meta property=\"og:image:height\" content=\"2048\" \/>\n\t<meta property=\"og:image:type\" content=\"image\/jpeg\" \/>\n<meta name=\"twitter:card\" content=\"summary_large_image\" \/>\n<meta name=\"twitter:label1\" content=\"Ber\u00e4knad l\u00e4stid\" \/>\n\t<meta name=\"twitter:data1\" content=\"5 minuter\" \/>\n<script type=\"application\/ld+json\" class=\"yoast-schema-graph\">{\"@context\":\"https:\/\/schema.org\",\"@graph\":[{\"@type\":\"WebPage\",\"@id\":\"https:\/\/com.rst-steel.eu\/sv\/produkt\/lisavalo-purelux-panther-s540-gen3_pr_85895\/\",\"url\":\"https:\/\/com.rst-steel.eu\/sv\/produkt\/lisavalo-purelux-panther-s540-gen3_pr_85895\/\",\"name\":\"Auxiliary light Purelux Panther S540 Gen3 - RST-Steel\",\"isPartOf\":{\"@id\":\"https:\/\/com.rst-steel.eu\/#website\"},\"primaryImageOfPage\":{\"@id\":\"https:\/\/com.rst-steel.eu\/sv\/produkt\/lisavalo-purelux-panther-s540-gen3_pr_85895\/#primaryimage\"},\"image\":{\"@id\":\"https:\/\/com.rst-steel.eu\/sv\/produkt\/lisavalo-purelux-panther-s540-gen3_pr_85895\/#primaryimage\"},\"thumbnailUrl\":\"https:\/\/com.rst-steel.eu\/wp-content\/uploads\/2024\/11\/936a7195dc74f559e34a7cecd4031faa65dd7f26_purelux_panther_s540_gen3_1.jpg\",\"datePublished\":\"2024-11-11T09:44:38+00:00\",\"dateModified\":\"2026-03-16T06:18:16+00:00\",\"description\":\"Purelux Panther S540 Gen3 LED Bar! Offering a 645m beam and 5000K color temperature, it's durable, IP69K rated, and perfect for any terrain.\",\"breadcrumb\":{\"@id\":\"https:\/\/com.rst-steel.eu\/sv\/produkt\/lisavalo-purelux-panther-s540-gen3_pr_85895\/#breadcrumb\"},\"inLanguage\":\"sv-SE\",\"potentialAction\":[{\"@type\":\"ReadAction\",\"target\":[\"https:\/\/com.rst-steel.eu\/sv\/produkt\/lisavalo-purelux-panther-s540-gen3_pr_85895\/\"]}]},{\"@type\":\"ImageObject\",\"inLanguage\":\"sv-SE\",\"@id\":\"https:\/\/com.rst-steel.eu\/sv\/produkt\/lisavalo-purelux-panther-s540-gen3_pr_85895\/#primaryimage\",\"url\":\"https:\/\/com.rst-steel.eu\/wp-content\/uploads\/2024\/11\/936a7195dc74f559e34a7cecd4031faa65dd7f26_purelux_panther_s540_gen3_1.jpg\",\"contentUrl\":\"https:\/\/com.rst-steel.eu\/wp-content\/uploads\/2024\/11\/936a7195dc74f559e34a7cecd4031faa65dd7f26_purelux_panther_s540_gen3_1.jpg\",\"width\":2048,\"height\":2048,\"caption\":\"Purelux Panther S540 Gen3 - LED Bar\"},{\"@type\":\"BreadcrumbList\",\"@id\":\"https:\/\/com.rst-steel.eu\/sv\/produkt\/lisavalo-purelux-panther-s540-gen3_pr_85895\/#breadcrumb\",\"itemListElement\":[{\"@type\":\"ListItem\",\"position\":1,\"name\":\"Home\",\"item\":\"https:\/\/com.rst-steel.eu\/\"},{\"@type\":\"ListItem\",\"position\":2,\"name\":\"RST-Steel Shop\",\"item\":\"https:\/\/com.rst-steel.eu\/shop\/\"},{\"@type\":\"ListItem\",\"position\":3,\"name\":\"Auxiliary light Purelux Panther S540 Gen3\"}]},{\"@type\":\"WebSite\",\"@id\":\"https:\/\/com.rst-steel.eu\/#website\",\"url\":\"https:\/\/com.rst-steel.eu\/\",\"name\":\"RST-Steel.com\",\"description\":\"Finnish quality steel, for quality-conscious drivers\",\"publisher\":{\"@id\":\"https:\/\/com.rst-steel.eu\/#organization\"},\"alternateName\":\"Safe and stylish RST-Steel quality\",\"potentialAction\":[{\"@type\":\"SearchAction\",\"target\":{\"@type\":\"EntryPoint\",\"urlTemplate\":\"https:\/\/com.rst-steel.eu\/?s={search_term_string}\"},\"query-input\":{\"@type\":\"PropertyValueSpecification\",\"valueRequired\":true,\"valueName\":\"search_term_string\"}}],\"inLanguage\":\"sv-SE\"},{\"@type\":\"Organization\",\"@id\":\"https:\/\/com.rst-steel.eu\/#organization\",\"name\":\"RST-Steel Oy\",\"url\":\"https:\/\/com.rst-steel.eu\/\",\"logo\":{\"@type\":\"ImageObject\",\"inLanguage\":\"sv-SE\",\"@id\":\"https:\/\/com.rst-steel.eu\/#\/schema\/logo\/image\/\",\"url\":\"https:\/\/com.rst-steel.eu\/wp-content\/uploads\/2023\/04\/cropped-Rst-logo-valkoinen-teksti-3.png\",\"contentUrl\":\"https:\/\/com.rst-steel.eu\/wp-content\/uploads\/2023\/04\/cropped-Rst-logo-valkoinen-teksti-3.png\",\"width\":512,\"height\":115,\"caption\":\"RST-Steel Oy\"},\"image\":{\"@id\":\"https:\/\/com.rst-steel.eu\/#\/schema\/logo\/image\/\"},\"sameAs\":[\"https:\/\/www.facebook.com\/rststeel\",\"https:\/\/www.instagram.com\/rststeeloy\/\"]}]}<\/script>\n<!-- \/ Yoast SEO plugin. -->","yoast_head_json":{"title":"Auxiliary light Purelux Panther S540 Gen3 - RST-Steel","description":"Purelux Panther S540 Gen3 LED-str\u00e5lkastare! Med en ljusk\u00e4gla p\u00e5 645 m och en f\u00e4rgtemperatur p\u00e5 5000 K \u00e4r den t\u00e5lig, IP69K-klassad och perfekt f\u00f6r alla typer av terr\u00e4ng.","robots":{"index":"index","follow":"follow","max-snippet":"max-snippet:-1","max-image-preview":"max-image-preview:large","max-video-preview":"max-video-preview:-1"},"canonical":"https:\/\/com.rst-steel.eu\/sv\/produkt\/lisavalo-purelux-panther-s540-gen3_pr_85895\/","og_locale":"sv_SE","og_type":"article","og_title":"Auxiliary light Purelux Panther S540 Gen3 - RST-Steel","og_description":"Purelux Panther S540 Gen3 LED Bar! Offering a 645m beam and 5000K color temperature, it's durable, IP69K rated, and perfect for any terrain.","og_url":"https:\/\/com.rst-steel.eu\/sv\/produkt\/lisavalo-purelux-panther-s540-gen3_pr_85895\/","og_site_name":"RST-Steel","article_publisher":"https:\/\/www.facebook.com\/rststeel","article_modified_time":"2026-03-16T06:18:16+00:00","og_image":[{"width":2048,"height":2048,"url":"https:\/\/com.rst-steel.eu\/wp-content\/uploads\/2024\/11\/936a7195dc74f559e34a7cecd4031faa65dd7f26_purelux_panther_s540_gen3_1.jpg","type":"image\/jpeg"}],"twitter_card":"summary_large_image","twitter_misc":{"Ber\u00e4knad l\u00e4stid":"5 minuter"},"schema":{"@context":"https:\/\/schema.org","@graph":[{"@type":"WebPage","@id":"https:\/\/com.rst-steel.eu\/sv\/produkt\/lisavalo-purelux-panther-s540-gen3_pr_85895\/","url":"https:\/\/com.rst-steel.eu\/sv\/produkt\/lisavalo-purelux-panther-s540-gen3_pr_85895\/","name":"Auxiliary light Purelux Panther S540 Gen3 - RST-Steel","isPartOf":{"@id":"https:\/\/com.rst-steel.eu\/#website"},"primaryImageOfPage":{"@id":"https:\/\/com.rst-steel.eu\/sv\/produkt\/lisavalo-purelux-panther-s540-gen3_pr_85895\/#primaryimage"},"image":{"@id":"https:\/\/com.rst-steel.eu\/sv\/produkt\/lisavalo-purelux-panther-s540-gen3_pr_85895\/#primaryimage"},"thumbnailUrl":"https:\/\/com.rst-steel.eu\/wp-content\/uploads\/2024\/11\/936a7195dc74f559e34a7cecd4031faa65dd7f26_purelux_panther_s540_gen3_1.jpg","datePublished":"2024-11-11T09:44:38+00:00","dateModified":"2026-03-16T06:18:16+00:00","description":"Purelux Panther S540 Gen3 LED-str\u00e5lkastare! Med en ljusk\u00e4gla p\u00e5 645 m och en f\u00e4rgtemperatur p\u00e5 5000 K \u00e4r den t\u00e5lig, IP69K-klassad och perfekt f\u00f6r alla typer av terr\u00e4ng.","breadcrumb":{"@id":"https:\/\/com.rst-steel.eu\/sv\/produkt\/lisavalo-purelux-panther-s540-gen3_pr_85895\/#breadcrumb"},"inLanguage":"sv-SE","potentialAction":[{"@type":"ReadAction","target":["https:\/\/com.rst-steel.eu\/sv\/produkt\/lisavalo-purelux-panther-s540-gen3_pr_85895\/"]}]},{"@type":"ImageObject","inLanguage":"sv-SE","@id":"https:\/\/com.rst-steel.eu\/sv\/produkt\/lisavalo-purelux-panther-s540-gen3_pr_85895\/#primaryimage","url":"https:\/\/com.rst-steel.eu\/wp-content\/uploads\/2024\/11\/936a7195dc74f559e34a7cecd4031faa65dd7f26_purelux_panther_s540_gen3_1.jpg","contentUrl":"https:\/\/com.rst-steel.eu\/wp-content\/uploads\/2024\/11\/936a7195dc74f559e34a7cecd4031faa65dd7f26_purelux_panther_s540_gen3_1.jpg","width":2048,"height":2048,"caption":"Purelux Panther S540 Gen3 - LED Bar"},{"@type":"BreadcrumbList","@id":"https:\/\/com.rst-steel.eu\/sv\/produkt\/lisavalo-purelux-panther-s540-gen3_pr_85895\/#breadcrumb","itemListElement":[{"@type":"ListItem","position":1,"name":"Home","item":"https:\/\/com.rst-steel.eu\/"},{"@type":"ListItem","position":2,"name":"RST-Steel Shop","item":"https:\/\/com.rst-steel.eu\/shop\/"},{"@type":"ListItem","position":3,"name":"Auxiliary light Purelux Panther S540 Gen3"}]},{"@type":"WebSite","@id":"https:\/\/com.rst-steel.eu\/#website","url":"https:\/\/com.rst-steel.eu\/","name":"RST-Stahl.com","description":"Finskt kvalitetsst\u00e5l, f\u00f6r kvalitetsmedvetna f\u00f6rare","publisher":{"@id":"https:\/\/com.rst-steel.eu\/#organization"},"alternateName":"Safe and stylish RST-Steel quality","potentialAction":[{"@type":"SearchAction","target":{"@type":"EntryPoint","urlTemplate":"https:\/\/com.rst-steel.eu\/?s={search_term_string}"},"query-input":{"@type":"PropertyValueSpecification","valueRequired":true,"valueName":"search_term_string"}}],"inLanguage":"sv-SE"},{"@type":"Organization","@id":"https:\/\/com.rst-steel.eu\/#organization","name":"RST-Steel Oy","url":"https:\/\/com.rst-steel.eu\/","logo":{"@type":"ImageObject","inLanguage":"sv-SE","@id":"https:\/\/com.rst-steel.eu\/#\/schema\/logo\/image\/","url":"https:\/\/com.rst-steel.eu\/wp-content\/uploads\/2023\/04\/cropped-Rst-logo-valkoinen-teksti-3.png","contentUrl":"https:\/\/com.rst-steel.eu\/wp-content\/uploads\/2023\/04\/cropped-Rst-logo-valkoinen-teksti-3.png","width":512,"height":115,"caption":"RST-Steel Oy"},"image":{"@id":"https:\/\/com.rst-steel.eu\/#\/schema\/logo\/image\/"},"sameAs":["https:\/\/www.facebook.com\/rststeel","https:\/\/www.instagram.com\/rststeeloy\/"]}]}},"brands":[{"id":8333,"name":"Purelux","slug":"brand_purelux"}],"_links":{"self":[{"href":"https:\/\/com.rst-steel.eu\/sv\/wp-json\/wp\/v2\/product\/48338","targetHints":{"allow":["GET"]}}],"collection":[{"href":"https:\/\/com.rst-steel.eu\/sv\/wp-json\/wp\/v2\/product"}],"about":[{"href":"https:\/\/com.rst-steel.eu\/sv\/wp-json\/wp\/v2\/types\/product"}],"replies":[{"embeddable":true,"href":"https:\/\/com.rst-steel.eu\/sv\/wp-json\/wp\/v2\/comments?post=48338"}],"version-history":[{"count":0,"href":"https:\/\/com.rst-steel.eu\/sv\/wp-json\/wp\/v2\/product\/48338\/revisions"}],"wp:featuredmedia":[{"embeddable":true,"href":"https:\/\/com.rst-steel.eu\/sv\/wp-json\/wp\/v2\/media\/48333"}],"wp:attachment":[{"href":"https:\/\/com.rst-steel.eu\/sv\/wp-json\/wp\/v2\/media?parent=48338"}],"wp:term":[{"taxonomy":"make_fuel_type","embeddable":true,"href":"https:\/\/com.rst-steel.eu\/sv\/wp-json\/wp\/v2\/make_fuel_type?post=48338"},{"taxonomy":"make_model","embeddable":true,"href":"https:\/\/com.rst-steel.eu\/sv\/wp-json\/wp\/v2\/make_model?post=48338"},{"taxonomy":"make_brand","embeddable":true,"href":"https:\/\/com.rst-steel.eu\/sv\/wp-json\/wp\/v2\/make_brand?post=48338"},{"taxonomy":"make_year","embeddable":true,"href":"https:\/\/com.rst-steel.eu\/sv\/wp-json\/wp\/v2\/make_year?post=48338"},{"taxonomy":"pwb-brand","embeddable":true,"href":"https:\/\/com.rst-steel.eu\/sv\/wp-json\/wp\/v2\/pwb-brand?post=48338"},{"taxonomy":"product_brand","embeddable":true,"href":"https:\/\/com.rst-steel.eu\/sv\/wp-json\/wp\/v2\/product_brand?post=48338"},{"taxonomy":"product_cat","embeddable":true,"href":"https:\/\/com.rst-steel.eu\/sv\/wp-json\/wp\/v2\/product_cat?post=48338"},{"taxonomy":"product_tag","embeddable":true,"href":"https:\/\/com.rst-steel.eu\/sv\/wp-json\/wp\/v2\/product_tag?post=48338"}],"curies":[{"name":"wp","href":"https:\/\/api.w.org\/{rel}","templated":true}]}}