{"id":48320,"date":"2024-11-11T12:36:50","date_gmt":"2024-11-11T09:36:50","guid":{"rendered":"https:\/\/rst-steel.com\/product\/purelux-panther-c540-curved-led-bar_pr_85029\/"},"modified":"2026-03-16T09:17:58","modified_gmt":"2026-03-16T06:17:58","slug":"purelux-panther-c540-lisavalopaneeli_pr_85029","status":"publish","type":"product","link":"https:\/\/com.rst-steel.eu\/sv\/produkt\/purelux-panther-c540-lisavalopaneeli_pr_85029\/","title":{"rendered":"Auxiliary light Purelux Panther C540"},"content":{"rendered":"<p>Purelux Panther C540 - B\u00f6jd LED-skena<\/p>\n<p><\/p>\n<p><span style=\"font-weight: bold\">Purelux Panther C540 \u00e4r en b\u00f6jd led-lampa som \u00e4r s\u00e4rskilt utformad f\u00f6r personbilar och som utg\u00f6r den perfekta kombinationen av ett snyggt utseende, enorm effekt och en bred kombinerad ljusk\u00e4gla. Lampan har tv\u00e5 olika effektl\u00e4gen, vilket g\u00f6r att du kan sl\u00e5 p\u00e5 antingen det mer m\u00e5ttliga effektl\u00e4get som \u00e4r avsett f\u00f6r v\u00e4gtrafik eller PowerBoost\u00ae-l\u00e4get som sl\u00e4pper ut ett oh\u00e4mmat ljusfl\u00f6de, som sl\u00e4pper ut upp till 16332 lumen ljusstyrka framf\u00f6r fordonet och \u00f6kar r\u00e4ckvidden till 607 meter (@ 1 lux). Effektl\u00e4get kan enkelt \u00e4ndras genom att trycka p\u00e5 knappen p\u00e5 stommen, s\u00e5 det finns inget behov av att g\u00f6ra kr\u00e5ngliga anslutningar! Explosiva prestanda och en bred ljusbild i kombination med en v\u00e4lvd form och en underbar design g\u00f6r Panther C540 till den b\u00e4sta i sin storleksklass.<\/span><\/p>\n<p>Till skillnad fr\u00e5n vad som \u00e4r vanligt beh\u00f6ver ingen extra sladd anslutas eller kopplas bort f\u00f6r att aktivera lampans olika effektl\u00e4gen, utan v\u00e4xlingen mellan PowerBoost\u00ae och road mode \u00e4r o\u00f6vertr\u00e4ffat enkel genom att trycka p\u00e5 knappen i lampans \u00e4nde. Det senast anv\u00e4nda effektl\u00e4get finns kvar i lampans \"minne\", och d\u00e4rmed finns det inget behov av att, t.ex. vid anv\u00e4ndning i v\u00e4gtrafiken, se till att lampan alltid t\u00e4nds med maximal effekt, n\u00e4r str\u00f6mmen st\u00e4ngs av d\u00e4remellan och bilen b\u00f6rjar r\u00f6ra sig igen.<\/p>\n<p><span style=\"font-weight: bold\">Ljusk\u00e4glan p\u00e5 Panther C540 best\u00e5r av en rektangul\u00e4r bred huvudstr\u00e5lkastare, som \u00e4r den perfekta kombinationen av b\u00e5de r\u00e4ckvidd och bredd. Tack vare den b\u00f6jda designen sprider panelen ljuset i sidled \u00f6ver ett mycket stort omr\u00e5de, s\u00e5 att v\u00e4gkanter, diken och skogsbryn kan belysas effektivt direkt fr\u00e5n bilens front. I vertikal riktning \u00e4r ljusk\u00e4glan mjukt avgr\u00e4nsad, vilket inneb\u00e4r att det finns tillr\u00e4ckligt med ljus \u00e4ven f\u00f6r att k\u00f6ra i kuperad terr\u00e4ng, men det sl\u00f6sas inte bort p\u00e5 himlen och det bildas ingen st\u00f6rande ljusboll framf\u00f6r bilen. Konens h\u00f6jd \u00e4r optimerad f\u00f6r att vara tillr\u00e4cklig \u00e4ven i kuperad terr\u00e4ng och f\u00f6r takinstallationer av tung utrustning.<\/span><\/p>\n<p><span style=\"font-weight: bold\"><br \/><\/span><\/p>\n<p><span style=\"font-weight: bold\">Skillnaderna mellan den b\u00f6jda och raka Panther ligger i ljusk\u00e4glans bredd: i b\u00e5da fallen \u00e4r ljusk\u00e4glan tillr\u00e4cklig f\u00f6r att belysa hela v\u00e4gen fr\u00e5n sida till sida, men den b\u00f6jda karossen \u00f6ppnar upp huvudljusk\u00e4glan \u00e4nnu mer \u00e4n den raka modellen, vilket maximerar bredden, medan den raka panelen erbjuder maximal r\u00e4ckvidd. I den b\u00f6jda panelen \u00e4r huvudstr\u00e5len i mitten ca 50% bredare \u00e4n i den raka, s\u00e5 skillnaden \u00e4r inte stor, men om m\u00e5let \u00e4r att hitta bredast m\u00f6jliga ljusm\u00f6nster \u00e4r den b\u00f6jda panelen r\u00e4tt val. Om du \u00e5 andra sidan vill ha lite mer r\u00e4ckvidd \u00e4r den direkta modellen ett l\u00e4mpligt val. N\u00e4r du v\u00e4ljer mellan dessa tv\u00e5 modeller b\u00f6r du ocks\u00e5 vara uppm\u00e4rksam p\u00e5 monteringsplatsen, dvs. om extraljuset monteras i f\u00f6ren b\u00f6r du v\u00e4lja den modell som passar b\u00e4st till fordonets design.<\/span><\/p>\n<p>F\u00f6rutom den exakt avpassade ljusk\u00e4glan \u00e4r ljusets neutrala f\u00e4rgtemperatur p\u00e5 5000 Kelvin en egenskap som avsev\u00e4rt f\u00f6rb\u00e4ttrar k\u00f6rupplevelsen. Den neutrala f\u00e4rgtemperaturen \u00e4r optimal f\u00f6r v\u00e4gtrafiken eftersom den g\u00f6r det l\u00e4ttare att observera terr\u00e4ngformer och hinder och inte f\u00f6rvr\u00e4nger f\u00f6rem\u00e5lens f\u00e4rg. Dessutom bl\u00e4ndar den mindre kalla toner fr\u00e5n t.ex. sn\u00f6t\u00e4cke eller i dimma och regn, och minskar belastningen p\u00e5 \u00f6gonen. F\u00e4rgtemperaturen p\u00e5 5000K passar perfekt till nyare bilar med standard LED- eller Xenon-lampor och ger \u00f6nskad ljusstyrka och sk\u00e4rpa \u00e4ven tillsammans med traditionella halogenlampor.<\/p>\n<p><\/p>\n<p>Panther C540 \u00e4r en extralampa som \u00e4r utvecklad f\u00f6r kr\u00e4vande f\u00f6rh\u00e5llanden och som vi v\u00e5gar rekommendera \u00e4ven f\u00f6r de mest kr\u00e4vande anv\u00e4ndningsomr\u00e5dena. Tack vare sin m\u00e5ngsidiga storlek \u00e4r den mycket l\u00e4mplig f\u00f6r frontmontering p\u00e5 bilar, sk\u00e5pbilar och SUV:ar. Naturligtvis \u00e4r lampan ocks\u00e5 l\u00e4mplig f\u00f6r att utrusta tung utrustning, eftersom den m\u00e5ngsidiga storleken g\u00f6r det m\u00f6jligt att bygga en mycket snygg och attraktiv \"ljusgrupp\", t.ex. p\u00e5 taket med hj\u00e4lp av tv\u00e5 eller flera lampor! Tack vare PowerBoost-l\u00e4get \u00e4r Purelux Panther C540 ett utm\u00e4rkt val \u00e4ven p\u00e5 avst\u00e4ngda banor eller f\u00f6r fordon som endast k\u00f6rs i terr\u00e4ng.<\/p>\n<p>F\u00f6rutom utm\u00e4rkta ljusegenskaper har Panther C540 skapats f\u00f6r att klara p\u00e5frestningarna i milj\u00f6n, vilket bl.a. framg\u00e5r av h\u00f6gsta m\u00f6jliga t\u00e4thetsklass (IP69K), en praktiskt taget okrossbar Lexa polykarbonatlins, en ram av stark aluminium och en speciell bel\u00e4ggning som garanterar panelen utm\u00e4rkt h\u00e5llbarhet mot UV-str\u00e5lning, korrosion, kemikalier och v\u00e4xlande v\u00e4derf\u00f6rh\u00e5llanden. F\u00f6rutom skydd ger den h\u00f6gkvalitativa bel\u00e4ggningen ocks\u00e5 panelkroppen en l\u00e4tt gl\u00e4nsande yta som utstr\u00e5lar v\u00e4rdighet, kvalitet och stil. Det underbara helhetsintrycket kr\u00f6ns av svarta monteringsskruvar och m\u00f6rk optik, som ocks\u00e5 har f\u00f6rts till parkeringsljuset p\u00e5 ett modernt s\u00e4tt f\u00f6r att garantera elegans \u00e4ven n\u00e4r panelen \u00e4r avst\u00e4ngd.<\/p>\n<p>Lampan levereras med b\u00e5de de traditionella gavelbenen och de breddjusterbara skenf\u00e4stena under lampan. Installationen underl\u00e4ttas av den f\u00e4rdiga DTP-kontakten i panelens n\u00e4tsladd och de f\u00e4rdiga f\u00e4stpunkterna f\u00f6r st\u00f6dj\u00e4rnen i panelens ram (det \u00e4r inte n\u00f6dv\u00e4ndigt att anv\u00e4nda st\u00f6dj\u00e4rn om installationen kan utf\u00f6ras p\u00e5 ett s\u00e4kert s\u00e4tt p\u00e5 annat s\u00e4tt). Det breda driftsp\u00e4nningsomr\u00e5det (9-36V) m\u00f6jligg\u00f6r installation i b\u00e5de 12V- och 24V-system, och det l\u00e5ga referensnumret (25) m\u00f6jligg\u00f6r installation tillsammans med alla standardlampor utan att beh\u00f6va ta bort originallamporna! Dessutom \u00e4r lampan skyddad mot radiost\u00f6rningar i enlighet med ECE R10-standarden. <span style=\"font-weight: bold\">Tv\u00e5 \u00e5rs (24 m\u00e5nader) garanti!<\/span><\/p>\n<p><span style=\"font-weight: bold\"><br \/><\/span><\/p>\n<p><span style=\"font-weight: bold\">Leveransens inneh\u00e5ll<br \/><\/span><\/p>\n<ul>\n<li>Purelux Panther C540<\/li>\n<li>2 x Breddjusterbara underben<\/li>\n<li>2 x \u00e4ndf\u00f6tter<\/li>\n<li>Motsvarighet f\u00f6r str\u00f6mkabel<\/li>\n<li>Anslutnings- och installationsanvisningar (FI\/SE\/NO\/DK\/EN)<\/li>\n<\/ul>\n<div><\/div>\n<p><span style=\"font-weight: bold\">Specifikationer<\/span><\/p>\n<\/p>\n<p><ul><\/ul>\n<\/p>\n<ul>\n<li>LED: 36 x 6W<\/li>\n<li>Driftsp\u00e4nning: 9-36 V (DC)<\/li>\n<li>Referensnummer: 25<\/li>\n<li>Ber\u00e4knad effekt: 216 W<\/li>\n<li>Uppm\u00e4tt str\u00f6mf\u00f6rbrukning<\/li>\n<li>Purelux PowerBoost\u00ae: 8,29 A @ 24 V<\/li>\n<li>Road-l\u00e4ge: 1,08A @ 24V<\/li>\n<li>Uppm\u00e4tt effekt<\/li>\n<li>Purelux PowerBoost\u00ae: 199W @ 24V<\/li>\n<li>Road-l\u00e4ge: 26W @ 24V<\/li>\n<li>Parkeringsbelysning: 4 W<\/li>\n<li>Ljusfl\u00f6de deklarerat av tillverkaren: 17000 lm (Purelux PowerBoost\u00ae)<\/li>\n<li>Uppm\u00e4tt: 16332 lm (Purelux PowerBoost\u00ae)<\/li>\n<li>Uppm\u00e4tt: 2573 lm (trafikf\u00f6rh\u00e5llanden)<\/li>\n<li>Uppm\u00e4tt r\u00e4ckvidd: 607 m @ 1 lux \/ 1214 m @ 0,25 lux (Purelux PowerBoost\u00ae)<\/li>\n<li>Uppm\u00e4tt r\u00e4ckvidd: 254 m @ 1 lux \/ 508 m @ 0,25 lux (trafikl\u00e4ge)<\/li>\n<li>F\u00e4rgtemperaturen anges av tillverkaren: 5000 K<\/li>\n<li>Uppm\u00e4tt: 5068 K<\/li>\n<li>F\u00e4stanordning: \u00c4ndben, breddjusterbara underben<\/li>\n<li>Kontaktdon: Deutsch DTP-2<\/li>\n<li>Parkeringsljusen + kablar \u00e4r separata<\/li>\n<li>Kabell\u00e4ngd: 50 cm<\/li>\n<li>M\u00e5tt: 542 x 66 x 70 mm 542 x 66 x 70 mm (bredd x h\u00f6jd x djup)<\/li>\n<li>H\u00f6jd med gavelben: 78 mm<\/li>\n<li>H\u00f6jd med nedre ben: 81,5 mm<\/li>\n<li>Vikt: 2340 g<\/li>\n<li>Kr\u00f6kningsradie: 2800 mm<\/li>\n<li>IP-klassning: IP69K<\/li>\n<li>Godk\u00e4nnande: ECE R10, R148, R149*<\/li>\n<li><span style=\"font-weight: bold\">*Godk\u00e4nnande f\u00f6r v\u00e4gtrafik g\u00e4ller inte f\u00f6r Purelux PowerBoost\u00ae-l\u00e4get<\/span><\/li>\n<li>\u00d6vrigt: Panelen har f\u00e4rdiga platser f\u00f6r stabilisatorer<\/li>\n<li>Garanti: 24 m\u00e5nader<\/li>\n<\/ul>","protected":false},"excerpt":{"rendered":"<p><span style=\"font-weight: bold\">En b\u00f6jd led-list utformad f\u00f6r kr\u00e4vande anv\u00e4ndare, som erbjuder bra prestanda och \u00e4r utrustad med t.ex. tv\u00e5 olika str\u00f6ml\u00e4gen och en riktigt bred kombinerad ljusbild!<\/span><\/p>","protected":false},"featured_media":48316,"comment_status":"open","ping_status":"closed","template":"","meta":{"_improvement_type_select":"improve_an_existing","_thumb_yes_seoaic":false,"_frame_yes_seoaic":false,"seoaic_generate_description":"","seoaic_improve_instructions_prompt":"","seoaic_rollback_content_improvement":"","seoaic_idea_thumbnail_generator":"","thumbnail_generated":false,"thumbnail_generate_prompt":"","seoaic_article_description":""},"make_fuel_type":[],"make_model":[],"make_brand":[],"make_year":[],"pwb-brand":[8333],"product_brand":[],"product_cat":[6195,6209,7373],"product_tag":[8498,7551,8496,8489],"class_list":{"0":"post-48320","1":"product","2":"type-product","3":"status-publish","4":"has-post-thumbnail","6":"pwb-brand-brand_purelux","7":"product_cat-lamps","8":"product_cat-auxiliary-lights","9":"product_cat-rstcom-purelux","10":"product_tag-auxiliary-light","11":"product_tag-extraljus","12":"product_tag-light-bar","13":"product_tag-purelux","15":"first","16":"instock","17":"taxable","18":"shipping-taxable","19":"purchasable","20":"product-type-simple"},"yoast_head":"<!-- This site is optimized with the Yoast SEO plugin v25.7 - https:\/\/yoast.com\/wordpress\/plugins\/seo\/ -->\n<title>Auxiliary light Purelux Panther C540 - RST-Steel<\/title>\n<meta name=\"description\" content=\"Purelux Panther C540 is a curved auxiliary light panel designed for passenger cars, providing excellent lighting tailored to drivers&#039; needs.\" \/>\n<meta name=\"robots\" content=\"index, follow, max-snippet:-1, max-image-preview:large, max-video-preview:-1\" \/>\n<link rel=\"canonical\" href=\"https:\/\/com.rst-steel.eu\/sv\/produkt\/purelux-panther-c540-lisavalopaneeli_pr_85029\/\" \/>\n<meta property=\"og:locale\" content=\"sv_SE\" \/>\n<meta property=\"og:type\" content=\"article\" \/>\n<meta property=\"og:title\" content=\"Auxiliary light Purelux Panther C540 - RST-Steel\" \/>\n<meta property=\"og:description\" content=\"Purelux Panther C540 is a curved auxiliary light panel designed for passenger cars, providing excellent lighting tailored to drivers&#039; needs.\" \/>\n<meta property=\"og:url\" content=\"https:\/\/com.rst-steel.eu\/sv\/produkt\/purelux-panther-c540-lisavalopaneeli_pr_85029\/\" \/>\n<meta property=\"og:site_name\" content=\"RST-Steel\" \/>\n<meta property=\"article:publisher\" content=\"https:\/\/www.facebook.com\/rststeel\" \/>\n<meta property=\"article:modified_time\" content=\"2026-03-16T06:17:58+00:00\" \/>\n<meta property=\"og:image\" content=\"https:\/\/com.rst-steel.eu\/wp-content\/uploads\/2024\/11\/77aeaa0b9bf03bed28abce4b8a27d29918ed03fe_purelux_panther_c540_01.jpg\" \/>\n\t<meta property=\"og:image:width\" content=\"2048\" \/>\n\t<meta property=\"og:image:height\" content=\"2048\" \/>\n\t<meta property=\"og:image:type\" content=\"image\/jpeg\" \/>\n<meta name=\"twitter:card\" content=\"summary_large_image\" \/>\n<meta name=\"twitter:label1\" content=\"Ber\u00e4knad l\u00e4stid\" \/>\n\t<meta name=\"twitter:data1\" content=\"6 minuter\" \/>\n<script type=\"application\/ld+json\" class=\"yoast-schema-graph\">{\"@context\":\"https:\/\/schema.org\",\"@graph\":[{\"@type\":\"WebPage\",\"@id\":\"https:\/\/com.rst-steel.eu\/sv\/produkt\/purelux-panther-c540-lisavalopaneeli_pr_85029\/\",\"url\":\"https:\/\/com.rst-steel.eu\/sv\/produkt\/purelux-panther-c540-lisavalopaneeli_pr_85029\/\",\"name\":\"Auxiliary light Purelux Panther C540 - RST-Steel\",\"isPartOf\":{\"@id\":\"https:\/\/com.rst-steel.eu\/#website\"},\"primaryImageOfPage\":{\"@id\":\"https:\/\/com.rst-steel.eu\/sv\/produkt\/purelux-panther-c540-lisavalopaneeli_pr_85029\/#primaryimage\"},\"image\":{\"@id\":\"https:\/\/com.rst-steel.eu\/sv\/produkt\/purelux-panther-c540-lisavalopaneeli_pr_85029\/#primaryimage\"},\"thumbnailUrl\":\"https:\/\/com.rst-steel.eu\/wp-content\/uploads\/2024\/11\/77aeaa0b9bf03bed28abce4b8a27d29918ed03fe_purelux_panther_c540_01.jpg\",\"datePublished\":\"2024-11-11T09:36:50+00:00\",\"dateModified\":\"2026-03-16T06:17:58+00:00\",\"description\":\"Purelux Panther C540 is a curved auxiliary light panel designed for passenger cars, providing excellent lighting tailored to drivers' needs.\",\"breadcrumb\":{\"@id\":\"https:\/\/com.rst-steel.eu\/sv\/produkt\/purelux-panther-c540-lisavalopaneeli_pr_85029\/#breadcrumb\"},\"inLanguage\":\"sv-SE\",\"potentialAction\":[{\"@type\":\"ReadAction\",\"target\":[\"https:\/\/com.rst-steel.eu\/sv\/produkt\/purelux-panther-c540-lisavalopaneeli_pr_85029\/\"]}]},{\"@type\":\"ImageObject\",\"inLanguage\":\"sv-SE\",\"@id\":\"https:\/\/com.rst-steel.eu\/sv\/produkt\/purelux-panther-c540-lisavalopaneeli_pr_85029\/#primaryimage\",\"url\":\"https:\/\/com.rst-steel.eu\/wp-content\/uploads\/2024\/11\/77aeaa0b9bf03bed28abce4b8a27d29918ed03fe_purelux_panther_c540_01.jpg\",\"contentUrl\":\"https:\/\/com.rst-steel.eu\/wp-content\/uploads\/2024\/11\/77aeaa0b9bf03bed28abce4b8a27d29918ed03fe_purelux_panther_c540_01.jpg\",\"width\":2048,\"height\":2048,\"caption\":\"Purelux Panther C540 - Curved LED bar\"},{\"@type\":\"BreadcrumbList\",\"@id\":\"https:\/\/com.rst-steel.eu\/sv\/produkt\/purelux-panther-c540-lisavalopaneeli_pr_85029\/#breadcrumb\",\"itemListElement\":[{\"@type\":\"ListItem\",\"position\":1,\"name\":\"Home\",\"item\":\"https:\/\/com.rst-steel.eu\/\"},{\"@type\":\"ListItem\",\"position\":2,\"name\":\"RST-Steel Shop\",\"item\":\"https:\/\/com.rst-steel.eu\/shop\/\"},{\"@type\":\"ListItem\",\"position\":3,\"name\":\"Auxiliary light Purelux Panther C540\"}]},{\"@type\":\"WebSite\",\"@id\":\"https:\/\/com.rst-steel.eu\/#website\",\"url\":\"https:\/\/com.rst-steel.eu\/\",\"name\":\"RST-Steel.com\",\"description\":\"Finnish quality steel, for quality-conscious drivers\",\"publisher\":{\"@id\":\"https:\/\/com.rst-steel.eu\/#organization\"},\"alternateName\":\"Safe and stylish RST-Steel quality\",\"potentialAction\":[{\"@type\":\"SearchAction\",\"target\":{\"@type\":\"EntryPoint\",\"urlTemplate\":\"https:\/\/com.rst-steel.eu\/?s={search_term_string}\"},\"query-input\":{\"@type\":\"PropertyValueSpecification\",\"valueRequired\":true,\"valueName\":\"search_term_string\"}}],\"inLanguage\":\"sv-SE\"},{\"@type\":\"Organization\",\"@id\":\"https:\/\/com.rst-steel.eu\/#organization\",\"name\":\"RST-Steel Oy\",\"url\":\"https:\/\/com.rst-steel.eu\/\",\"logo\":{\"@type\":\"ImageObject\",\"inLanguage\":\"sv-SE\",\"@id\":\"https:\/\/com.rst-steel.eu\/#\/schema\/logo\/image\/\",\"url\":\"https:\/\/com.rst-steel.eu\/wp-content\/uploads\/2023\/04\/cropped-Rst-logo-valkoinen-teksti-3.png\",\"contentUrl\":\"https:\/\/com.rst-steel.eu\/wp-content\/uploads\/2023\/04\/cropped-Rst-logo-valkoinen-teksti-3.png\",\"width\":512,\"height\":115,\"caption\":\"RST-Steel Oy\"},\"image\":{\"@id\":\"https:\/\/com.rst-steel.eu\/#\/schema\/logo\/image\/\"},\"sameAs\":[\"https:\/\/www.facebook.com\/rststeel\",\"https:\/\/www.instagram.com\/rststeeloy\/\"]}]}<\/script>\n<!-- \/ Yoast SEO plugin. -->","yoast_head_json":{"title":"Auxiliary light Purelux Panther C540 - RST-Steel","description":"Purelux Panther C540 \u00e4r en sv\u00e4ngd extra ljuspanel avsedd f\u00f6r personbilar, som ger utm\u00e4rkt belysning anpassad till f\u00f6rarens behov.","robots":{"index":"index","follow":"follow","max-snippet":"max-snippet:-1","max-image-preview":"max-image-preview:large","max-video-preview":"max-video-preview:-1"},"canonical":"https:\/\/com.rst-steel.eu\/sv\/produkt\/purelux-panther-c540-lisavalopaneeli_pr_85029\/","og_locale":"sv_SE","og_type":"article","og_title":"Auxiliary light Purelux Panther C540 - RST-Steel","og_description":"Purelux Panther C540 is a curved auxiliary light panel designed for passenger cars, providing excellent lighting tailored to drivers' needs.","og_url":"https:\/\/com.rst-steel.eu\/sv\/produkt\/purelux-panther-c540-lisavalopaneeli_pr_85029\/","og_site_name":"RST-Steel","article_publisher":"https:\/\/www.facebook.com\/rststeel","article_modified_time":"2026-03-16T06:17:58+00:00","og_image":[{"width":2048,"height":2048,"url":"https:\/\/com.rst-steel.eu\/wp-content\/uploads\/2024\/11\/77aeaa0b9bf03bed28abce4b8a27d29918ed03fe_purelux_panther_c540_01.jpg","type":"image\/jpeg"}],"twitter_card":"summary_large_image","twitter_misc":{"Ber\u00e4knad l\u00e4stid":"6 minuter"},"schema":{"@context":"https:\/\/schema.org","@graph":[{"@type":"WebPage","@id":"https:\/\/com.rst-steel.eu\/sv\/produkt\/purelux-panther-c540-lisavalopaneeli_pr_85029\/","url":"https:\/\/com.rst-steel.eu\/sv\/produkt\/purelux-panther-c540-lisavalopaneeli_pr_85029\/","name":"Auxiliary light Purelux Panther C540 - RST-Steel","isPartOf":{"@id":"https:\/\/com.rst-steel.eu\/#website"},"primaryImageOfPage":{"@id":"https:\/\/com.rst-steel.eu\/sv\/produkt\/purelux-panther-c540-lisavalopaneeli_pr_85029\/#primaryimage"},"image":{"@id":"https:\/\/com.rst-steel.eu\/sv\/produkt\/purelux-panther-c540-lisavalopaneeli_pr_85029\/#primaryimage"},"thumbnailUrl":"https:\/\/com.rst-steel.eu\/wp-content\/uploads\/2024\/11\/77aeaa0b9bf03bed28abce4b8a27d29918ed03fe_purelux_panther_c540_01.jpg","datePublished":"2024-11-11T09:36:50+00:00","dateModified":"2026-03-16T06:17:58+00:00","description":"Purelux Panther C540 \u00e4r en sv\u00e4ngd extra ljuspanel avsedd f\u00f6r personbilar, som ger utm\u00e4rkt belysning anpassad till f\u00f6rarens behov.","breadcrumb":{"@id":"https:\/\/com.rst-steel.eu\/sv\/produkt\/purelux-panther-c540-lisavalopaneeli_pr_85029\/#breadcrumb"},"inLanguage":"sv-SE","potentialAction":[{"@type":"ReadAction","target":["https:\/\/com.rst-steel.eu\/sv\/produkt\/purelux-panther-c540-lisavalopaneeli_pr_85029\/"]}]},{"@type":"ImageObject","inLanguage":"sv-SE","@id":"https:\/\/com.rst-steel.eu\/sv\/produkt\/purelux-panther-c540-lisavalopaneeli_pr_85029\/#primaryimage","url":"https:\/\/com.rst-steel.eu\/wp-content\/uploads\/2024\/11\/77aeaa0b9bf03bed28abce4b8a27d29918ed03fe_purelux_panther_c540_01.jpg","contentUrl":"https:\/\/com.rst-steel.eu\/wp-content\/uploads\/2024\/11\/77aeaa0b9bf03bed28abce4b8a27d29918ed03fe_purelux_panther_c540_01.jpg","width":2048,"height":2048,"caption":"Purelux Panther C540 - Curved LED bar"},{"@type":"BreadcrumbList","@id":"https:\/\/com.rst-steel.eu\/sv\/produkt\/purelux-panther-c540-lisavalopaneeli_pr_85029\/#breadcrumb","itemListElement":[{"@type":"ListItem","position":1,"name":"Home","item":"https:\/\/com.rst-steel.eu\/"},{"@type":"ListItem","position":2,"name":"RST-Steel Shop","item":"https:\/\/com.rst-steel.eu\/shop\/"},{"@type":"ListItem","position":3,"name":"Auxiliary light Purelux Panther C540"}]},{"@type":"WebSite","@id":"https:\/\/com.rst-steel.eu\/#website","url":"https:\/\/com.rst-steel.eu\/","name":"RST-Stahl.com","description":"Finskt kvalitetsst\u00e5l, f\u00f6r kvalitetsmedvetna f\u00f6rare","publisher":{"@id":"https:\/\/com.rst-steel.eu\/#organization"},"alternateName":"Safe and stylish RST-Steel quality","potentialAction":[{"@type":"SearchAction","target":{"@type":"EntryPoint","urlTemplate":"https:\/\/com.rst-steel.eu\/?s={search_term_string}"},"query-input":{"@type":"PropertyValueSpecification","valueRequired":true,"valueName":"search_term_string"}}],"inLanguage":"sv-SE"},{"@type":"Organization","@id":"https:\/\/com.rst-steel.eu\/#organization","name":"RST-Steel Oy","url":"https:\/\/com.rst-steel.eu\/","logo":{"@type":"ImageObject","inLanguage":"sv-SE","@id":"https:\/\/com.rst-steel.eu\/#\/schema\/logo\/image\/","url":"https:\/\/com.rst-steel.eu\/wp-content\/uploads\/2023\/04\/cropped-Rst-logo-valkoinen-teksti-3.png","contentUrl":"https:\/\/com.rst-steel.eu\/wp-content\/uploads\/2023\/04\/cropped-Rst-logo-valkoinen-teksti-3.png","width":512,"height":115,"caption":"RST-Steel Oy"},"image":{"@id":"https:\/\/com.rst-steel.eu\/#\/schema\/logo\/image\/"},"sameAs":["https:\/\/www.facebook.com\/rststeel","https:\/\/www.instagram.com\/rststeeloy\/"]}]}},"brands":[{"id":8333,"name":"Purelux","slug":"brand_purelux"}],"_links":{"self":[{"href":"https:\/\/com.rst-steel.eu\/sv\/wp-json\/wp\/v2\/product\/48320","targetHints":{"allow":["GET"]}}],"collection":[{"href":"https:\/\/com.rst-steel.eu\/sv\/wp-json\/wp\/v2\/product"}],"about":[{"href":"https:\/\/com.rst-steel.eu\/sv\/wp-json\/wp\/v2\/types\/product"}],"replies":[{"embeddable":true,"href":"https:\/\/com.rst-steel.eu\/sv\/wp-json\/wp\/v2\/comments?post=48320"}],"version-history":[{"count":0,"href":"https:\/\/com.rst-steel.eu\/sv\/wp-json\/wp\/v2\/product\/48320\/revisions"}],"wp:featuredmedia":[{"embeddable":true,"href":"https:\/\/com.rst-steel.eu\/sv\/wp-json\/wp\/v2\/media\/48316"}],"wp:attachment":[{"href":"https:\/\/com.rst-steel.eu\/sv\/wp-json\/wp\/v2\/media?parent=48320"}],"wp:term":[{"taxonomy":"make_fuel_type","embeddable":true,"href":"https:\/\/com.rst-steel.eu\/sv\/wp-json\/wp\/v2\/make_fuel_type?post=48320"},{"taxonomy":"make_model","embeddable":true,"href":"https:\/\/com.rst-steel.eu\/sv\/wp-json\/wp\/v2\/make_model?post=48320"},{"taxonomy":"make_brand","embeddable":true,"href":"https:\/\/com.rst-steel.eu\/sv\/wp-json\/wp\/v2\/make_brand?post=48320"},{"taxonomy":"make_year","embeddable":true,"href":"https:\/\/com.rst-steel.eu\/sv\/wp-json\/wp\/v2\/make_year?post=48320"},{"taxonomy":"pwb-brand","embeddable":true,"href":"https:\/\/com.rst-steel.eu\/sv\/wp-json\/wp\/v2\/pwb-brand?post=48320"},{"taxonomy":"product_brand","embeddable":true,"href":"https:\/\/com.rst-steel.eu\/sv\/wp-json\/wp\/v2\/product_brand?post=48320"},{"taxonomy":"product_cat","embeddable":true,"href":"https:\/\/com.rst-steel.eu\/sv\/wp-json\/wp\/v2\/product_cat?post=48320"},{"taxonomy":"product_tag","embeddable":true,"href":"https:\/\/com.rst-steel.eu\/sv\/wp-json\/wp\/v2\/product_tag?post=48320"}],"curies":[{"name":"wp","href":"https:\/\/api.w.org\/{rel}","templated":true}]}}