{"id":48312,"date":"2024-11-11T12:36:25","date_gmt":"2024-11-11T09:36:25","guid":{"rendered":"https:\/\/rst-steel.com\/product\/purelux-panther-9-auxiliary-light-black-white_prm_72523\/"},"modified":"2026-03-16T09:17:39","modified_gmt":"2026-03-16T06:17:39","slug":"purelux-panther-9-auxiliary-light_prm_72523","status":"publish","type":"product","link":"https:\/\/com.rst-steel.eu\/sv\/produkt\/purelux-panther-9-auxiliary-light_prm_72523\/","title":{"rendered":"Purelux Panther 9\u2033 Extraljus"},"content":{"rendered":"<p>Purelux Panther 9\u2033 extra ljusk\u00e4lla (svart\/vit)<\/p>\n<ul>\n<li><\/li>\n<\/ul>\n<p>Purelux Panther 9 \u00e4r en chockerande kraftfull extralampa som skakar om marknaden f\u00f6r runda k\u00f6rljus med en h\u00e4ftig prestanda, en av marknadens b\u00e4sta kombinationsljusk\u00e4glor, en R65-godk\u00e4nd varningsljusfunktion och ett unikt utseende. Lampan har tv\u00e5 olika effektl\u00e4gen, dvs. den kan kopplas till antingen det mer m\u00e5ttliga effektl\u00e4get som \u00e4r godk\u00e4nt f\u00f6r v\u00e4gtrafik eller PowerBoost\u00ae-l\u00e4get som ger obegr\u00e4nsad ljusstyrka. Med den innovativa anv\u00e4ndargr\u00e4nssnittsbrytaren som \u00e4r integrerad i lampan kan du enkelt och snabbt \u00e4ndra effektl\u00e4gena, till och med direkt under k\u00f6rning, s\u00e5 det finns inget behov av att g\u00f6ra n\u00e5gra ytterligare anslutningar!<\/p>\n<ul>\n<li><\/li>\n<\/ul>\n<p>I PowerBoost\u00ae-l\u00e4ge \u00e4r det uppm\u00e4tta (i LightLab) ljusfl\u00f6det fr\u00e5n bara en lampa 12314 lumen, med en r\u00e4ckvidd p\u00e5 upp till 709 meter (1 lux), och n\u00e4r tv\u00e5 eller flera lampor installeras sida vid sida f\u00f6rvandlas den om\u00e4rkliga raden av svarta pantrar i nattens m\u00f6rker till ett ljusfenomen som visar v\u00e4gen fram\u00e5t p\u00e5 ett aldrig tidigare sk\u00e5dat s\u00e4tt. Den uppseendev\u00e4ckande designen, de snygga detaljerna och det orange eller vita parkeringsljuset l\u00e4ngst ned p\u00e5 lyktan g\u00f6r Panther 9 till en i\u00f6gonfallande uppenbarelse, och tack vare den svarta f\u00e4rgen passar den perfekt i alla fordon.<\/p>\n<p>Till skillnad fr\u00e5n vad som \u00e4r vanligt beh\u00f6ver ingen extra kabel anslutas eller kopplas bort f\u00f6r att aktivera lampans olika effektl\u00e4gen, utan v\u00e4xlingen mellan PowerBoost\u00ae och v\u00e4gtrafikl\u00e4get sker med hj\u00e4lp av ett unikt val som \u00e4r integrerat i anv\u00e4ndargr\u00e4nssnittet. Effektl\u00e4get kan d\u00e4rf\u00f6r \u00e4ndras enkelt och snabbt, \u00e4ven under k\u00f6rning.&nbsp;<\/p>\n<p>Ljusk\u00e4glan p\u00e5 Panther 9 best\u00e5r av en rektangul\u00e4r bred huvudk\u00e4gla, som \u00e4r en perfekt kombination av b\u00e5de r\u00e4ckvidd och bredd. Ljusk\u00e4glan \u00f6ppnar sig direkt och lyser upp hela v\u00e4gen fr\u00e5n sida till sida, medan den ljusare huvudstr\u00e5lkastaren i mitten av ljusk\u00e4glan riktar ljuset l\u00e5ngt fram\u00e5t. I vertikal riktning \u00e4r ljusk\u00e4glan mjukt avgr\u00e4nsad, som vanligt fr\u00e5n andra str\u00e5lkastare i Panther-serien, vilket g\u00f6r att ljuset inte f\u00f6rsvinner i skyn och att det inte bildas en ljuskula framf\u00f6r bilen. Ljusk\u00e4glans h\u00f6jd \u00e4r dock optimerad f\u00f6r att vara tillr\u00e4cklig f\u00f6r kuperad terr\u00e4ng och takinstallationer av tung utrustning.<\/p>\n<p>Till skillnad fr\u00e5n m\u00e5nga andra extraljus p\u00e5 marknaden \u00e4r Panther 9 utrustad med en R65-godk\u00e4nd orange varningslampa som kan anv\u00e4ndas vid t.ex. specialtransporter, n\u00e4r fordonet flyttas fr\u00e5n motorv\u00e4gen till en byggarbetsplats eller vid t.ex. trafik\u00f6vervakning. En stark, lysande varningslampa kommer inte att g\u00e5 obem\u00e4rkt f\u00f6rbi, s\u00e5 s\u00e4kerheten f\u00f6r dem som arbetar p\u00e5 fordonet kan garanteras utan separata varningslampor. Varningslampan kan t.ex. monteras bakom en separat str\u00f6mbrytare, s\u00e5 att den kan anv\u00e4ndas n\u00e4r det beh\u00f6vs. Varningsljuset har fem olika blinkfunktioner, och dessutom kan lamporna synkroniseras med varandra s\u00e5 att de blinkar samtidigt och fordonets helhetsintryck blir enhetligt.<\/p>\n<p>F\u00f6rutom den exakt avgr\u00e4nsade ljusk\u00e4glan \u00e4r ljusets neutrala f\u00e4rgtemperatur p\u00e5 5000 Kelvin en egenskap som avsev\u00e4rt f\u00f6rb\u00e4ttrar k\u00f6rupplevelsen. Den neutrala f\u00e4rgtemperaturen \u00e4r optimal f\u00f6r v\u00e4gtrafiken, eftersom den underl\u00e4ttar observationen av terr\u00e4ngformer och hinder och inte f\u00f6rvr\u00e4nger objektets f\u00e4rg. Dessutom bl\u00e4ndar den mindre kalla toner fr\u00e5n t.ex. sn\u00f6t\u00e4cke eller i dimma och regn, och minskar belastningen p\u00e5 \u00f6gonen. F\u00e4rgtemperaturen 5000K passar \u00e4ven nyare bilar med LED- eller Xenon-lampor som standard och ger \u00f6nskad ljusstyrka och sk\u00e4rpa \u00e4ven tillsammans med traditionella halogenlampor.<\/p>\n<ul>\n<li><\/li>\n<\/ul>\n<p>Utseendet p\u00e5 Panther 9 skiljer sig fr\u00e5n det vanliga, och dess unika design, det orange eller vita parkeringsljuset som l\u00f6per spektakul\u00e4rt l\u00e4ngst ner p\u00e5 linsen och den m\u00f6rka optiken ger lampan ett unikt och trov\u00e4rdigt helhetsutseende. Det fr\u00e4cka och ovanliga utseendet, i kombination med storleken 9\u2033 och den kraftfulla prestandan, g\u00f6r Panther 9 till ett utm\u00e4rkt komplement till utrustningen p\u00e5 tunga fordon och byggarbetsplatsfordon samt sk\u00e5pbilar och SUV:ar. Lampans exceptionellt l\u00e5ga referensnummer (25) g\u00f6r att flera lampor kan monteras i samma fordon utan att bilens egna helljus beh\u00f6ver st\u00e4ngas av, s\u00e5 denna ljuskanon kan \u00e4ven monteras i personbilar!<\/p>\n<p>Lampan levereras med en monteringsfot, och installationen underl\u00e4ttas av den 2-poliga DTP-kontakten som redan finns p\u00e5 plats i lampans n\u00e4tsladd, samt separata ledningar fr\u00e5n n\u00e4tsladden f\u00f6r parkeringsljus, varningsljus och synkronisering av varningsljus. Till skillnad fr\u00e5n m\u00e5nga andra extraljus i samma storlek har Panther 9 ocks\u00e5 ett f\u00e4rdigt monteringsh\u00e5l f\u00f6r den \u00f6vre st\u00f6dst\u00e5ngen, vilket m\u00f6jligg\u00f6r en stabil installation. Det breda driftsp\u00e4nningsomr\u00e5det (9-36V) m\u00f6jligg\u00f6r installation i b\u00e5de 12V- och 24V-system. Lampan \u00e4r skyddad mot radiost\u00f6rningar i enlighet med ECE R10-standarden. Tre \u00e5rs (36 m\u00e5nader) garanti!<\/p>\n<ul>\n<li><\/li>\n<\/ul>\n<p><span style=\"font-weight: bold\">Leveransens inneh\u00e5ll<\/span><\/p>\n<ul>\n<li>Purelux Panther 9<\/li>\n<li>Monteringsben<\/li>\n<li>N\u00e4tkabel med DTP-2-kontakt<\/li>\n<li>Anslutnings- och monteringsanvisningar (FI\/SE\/NO\/DK)<\/li>\n<li><\/li>\n<\/ul>\n<p><span style=\"font-weight: bold\">Teknisk specifikation<\/span><\/p>\n<ul>\n<li>Driftsp\u00e4nning: 9-36 V (DC)<\/li>\n<li>Referensnummer: 25<\/li>\n<li>Ber\u00e4knad effekt: 210 W<\/li>\n<li>Uppm\u00e4tt str\u00f6mf\u00f6rbrukning<\/li>\n<li>Purelux PowerBoost\u00ae: 8,125 A @ 24 V<\/li>\n<li>Road-l\u00e4ge: 1,79 A @ 24 V<\/li>\n<li>Varningslampa: 0,61A @ 24V<\/li>\n<li>Uppm\u00e4tt effekt<\/li>\n<li>Purelux PowerBoost\u00ae: 195 W @ 24V<\/li>\n<li>L\u00e4ge f\u00f6r v\u00e4gtrafik: 43 W @ 24V<\/li>\n<li>Varningslampa: 14,7 W @ 24V<\/li>\n<li>Parkeringsljus: 4,1 W @ 24 V<\/li>\n<li>Uppm\u00e4tt ljusfl\u00f6de: 12314 lm (Purelux PowerBoost\u00ae) \/ 3872 lm (Road traffic mode)<\/li>\n<li>Uppm\u00e4tt r\u00e4ckvidd: 709 m @ 1 lux \/ 1418 m @ 0,25 lux (Purelux PowerBoost\u00ae)<\/li>\n<li>Uppm\u00e4tt r\u00e4ckvidd: 387 m @ 1 lux \/ 774 m @ 0,25 lux (trafikl\u00e4ge)<\/li>\n<li>R\u00e4ckvidd med mer ljus, uppm\u00e4tt (PowerBoost\u00ae \/ E-godk\u00e4nd, @ 1 lux):<\/li>\n<li>Med tv\u00e5: 1003 m \/ 547 m (@ 1 lux)<\/li>\n<li>Med tre: 1228 m \/ 670 m (@ 1 lux)<\/li>\n<li>Med fyra: 1418 m \/ 774 m (@ 1 lux)<\/li>\n<li>F\u00e4rgtemperaturen anges av tillverkaren: 5000 K<\/li>\n<li>Uppm\u00e4tt: 5019 K<\/li>\n<li>Montering: Monteringsben<\/li>\n<li>Anslutningsdon: DTP-2<\/li>\n<li>Separata parkeringsljus och varningsljus + kablar<\/li>\n<li>Kabell\u00e4ngd: ca 100 cm<\/li>\n<li>Dimensioner: 225 x 200 x 77 mm (bredd x h\u00f6jd x djup)<\/li>\n<li>H\u00f6jd med monteringsfot: 214 mm<\/li>\n<li>Vikt: 2470 g<\/li>\n<li>IP-klassning: IP69K<\/li>\n<li>Godk\u00e4nnanden: ECE R10, R148, R149, R65, CE, RoHS<\/li>\n<li>V\u00e4gtrafikgodk\u00e4nnandet g\u00e4ller inte f\u00f6r Purelux PowerBoost\u00ae-l\u00e4get<\/li>\n<li>Andra: Ljusk\u00e4llan har en f\u00e4rdig plats f\u00f6r stabilisator<\/li>\n<li>Garanti: 36 m\u00e5nader<\/li>\n<li><\/li>\n<\/ul>\n<p><span style=\"font-weight: bold\">Installationsguide<\/span><\/p>\n<ul>\n<li>DTP-kontakt: Extra belysning<\/li>\n<li>Gul: Orange parkeringsljus<\/li>\n<li>Vit: Vitt parkeringsljus<\/li>\n<li>Gr\u00f6nt ljus: Varningslampa (R65)<\/li>\n<li>Gr\u00e5: Synkronisering av varningsljuset \/ \u00e4ndring av varningsljusets driftl\u00e4ge<\/li>\n<\/ul>","protected":false},"excerpt":{"rendered":"<p><span style=\"font-weight: bold\">Exceptionellt snyggt och kraftfullt extraljus utrustat med ett h\u00e4rligt helljus och ett R65-godk\u00e4nt varningsljus.<\/span><\/p>","protected":false},"featured_media":48308,"comment_status":"open","ping_status":"closed","template":"","meta":{"_improvement_type_select":"improve_an_existing","_thumb_yes_seoaic":false,"_frame_yes_seoaic":false,"seoaic_generate_description":"","seoaic_improve_instructions_prompt":"","seoaic_rollback_content_improvement":"","seoaic_idea_thumbnail_generator":"","thumbnail_generated":false,"thumbnail_generate_prompt":"","seoaic_article_description":""},"make_fuel_type":[],"make_model":[],"make_brand":[],"make_year":[],"pwb-brand":[8333],"product_brand":[],"product_cat":[6195,6209,7373],"product_tag":[8498,7551,8489],"class_list":{"0":"post-48312","1":"product","2":"type-product","3":"status-publish","4":"has-post-thumbnail","6":"pwb-brand-brand_purelux","7":"product_cat-lamps","8":"product_cat-auxiliary-lights","9":"product_cat-rstcom-purelux","10":"product_tag-auxiliary-light","11":"product_tag-extraljus","12":"product_tag-purelux","14":"first","15":"instock","16":"taxable","17":"shipping-taxable","18":"purchasable","19":"product-type-variable"},"yoast_head":"<!-- This site is optimized with the Yoast SEO plugin v25.7 - https:\/\/yoast.com\/wordpress\/plugins\/seo\/ -->\n<title>Purelux Panther 9&quot; auxiliary light - RST-Steel<\/title>\n<meta name=\"description\" content=\"Purelux Panther 9&quot; is a powerful, compact LED auxiliary light with a black\/white design. It\u2019s IP68 waterproof and ideal for demanding lighting conditions.\" \/>\n<meta name=\"robots\" content=\"index, follow, max-snippet:-1, max-image-preview:large, max-video-preview:-1\" \/>\n<link rel=\"canonical\" href=\"https:\/\/com.rst-steel.eu\/sv\/produkt\/purelux-panther-9-auxiliary-light_prm_72523\/\" \/>\n<meta property=\"og:locale\" content=\"sv_SE\" \/>\n<meta property=\"og:type\" content=\"article\" \/>\n<meta property=\"og:title\" content=\"Purelux Panther 9&quot; auxiliary light - RST-Steel\" \/>\n<meta property=\"og:description\" content=\"Purelux Panther 9&quot; is a powerful, compact LED auxiliary light with a black\/white design. It\u2019s IP68 waterproof and ideal for demanding lighting conditions.\" \/>\n<meta property=\"og:url\" content=\"https:\/\/com.rst-steel.eu\/sv\/produkt\/purelux-panther-9-auxiliary-light_prm_72523\/\" \/>\n<meta property=\"og:site_name\" content=\"RST-Steel\" \/>\n<meta property=\"article:publisher\" content=\"https:\/\/www.facebook.com\/rststeel\" \/>\n<meta property=\"article:modified_time\" content=\"2026-03-16T06:17:39+00:00\" \/>\n<meta property=\"og:image\" content=\"https:\/\/com.rst-steel.eu\/wp-content\/uploads\/2024\/11\/c91a872ae5d4a7ae9223f671d0a23f8a0c5629c5_purelux_panther_9_black_1_normal.jpg\" \/>\n\t<meta property=\"og:image:width\" content=\"600\" \/>\n\t<meta property=\"og:image:height\" content=\"600\" \/>\n\t<meta property=\"og:image:type\" content=\"image\/jpeg\" \/>\n<meta name=\"twitter:card\" content=\"summary_large_image\" \/>\n<meta name=\"twitter:label1\" content=\"Ber\u00e4knad l\u00e4stid\" \/>\n\t<meta name=\"twitter:data1\" content=\"6 minuter\" \/>\n<script type=\"application\/ld+json\" class=\"yoast-schema-graph\">{\"@context\":\"https:\/\/schema.org\",\"@graph\":[{\"@type\":\"WebPage\",\"@id\":\"https:\/\/com.rst-steel.eu\/product\/purelux-panther-9-auxiliary-light_prm_72523\/\",\"url\":\"https:\/\/com.rst-steel.eu\/product\/purelux-panther-9-auxiliary-light_prm_72523\/\",\"name\":\"Purelux Panther 9\\\" auxiliary light - RST-Steel\",\"isPartOf\":{\"@id\":\"https:\/\/com.rst-steel.eu\/#website\"},\"primaryImageOfPage\":{\"@id\":\"https:\/\/com.rst-steel.eu\/product\/purelux-panther-9-auxiliary-light_prm_72523\/#primaryimage\"},\"image\":{\"@id\":\"https:\/\/com.rst-steel.eu\/product\/purelux-panther-9-auxiliary-light_prm_72523\/#primaryimage\"},\"thumbnailUrl\":\"https:\/\/com.rst-steel.eu\/wp-content\/uploads\/2024\/11\/c91a872ae5d4a7ae9223f671d0a23f8a0c5629c5_purelux_panther_9_black_1_normal.jpg\",\"datePublished\":\"2024-11-11T09:36:25+00:00\",\"dateModified\":\"2026-03-16T06:17:39+00:00\",\"description\":\"Purelux Panther 9\\\" is a powerful, compact LED auxiliary light with a black\/white design. It\u2019s IP68 waterproof and ideal for demanding lighting conditions.\",\"breadcrumb\":{\"@id\":\"https:\/\/com.rst-steel.eu\/product\/purelux-panther-9-auxiliary-light_prm_72523\/#breadcrumb\"},\"inLanguage\":\"sv-SE\",\"potentialAction\":[{\"@type\":\"ReadAction\",\"target\":[\"https:\/\/com.rst-steel.eu\/product\/purelux-panther-9-auxiliary-light_prm_72523\/\"]}]},{\"@type\":\"ImageObject\",\"inLanguage\":\"sv-SE\",\"@id\":\"https:\/\/com.rst-steel.eu\/product\/purelux-panther-9-auxiliary-light_prm_72523\/#primaryimage\",\"url\":\"https:\/\/com.rst-steel.eu\/wp-content\/uploads\/2024\/11\/c91a872ae5d4a7ae9223f671d0a23f8a0c5629c5_purelux_panther_9_black_1_normal.jpg\",\"contentUrl\":\"https:\/\/com.rst-steel.eu\/wp-content\/uploads\/2024\/11\/c91a872ae5d4a7ae9223f671d0a23f8a0c5629c5_purelux_panther_9_black_1_normal.jpg\",\"width\":600,\"height\":600,\"caption\":\"Purelux Panther 9\\\" Auxiliary light (Black\/White)\"},{\"@type\":\"BreadcrumbList\",\"@id\":\"https:\/\/com.rst-steel.eu\/product\/purelux-panther-9-auxiliary-light_prm_72523\/#breadcrumb\",\"itemListElement\":[{\"@type\":\"ListItem\",\"position\":1,\"name\":\"Home\",\"item\":\"https:\/\/com.rst-steel.eu\/\"},{\"@type\":\"ListItem\",\"position\":2,\"name\":\"RST-Steel Shop\",\"item\":\"https:\/\/com.rst-steel.eu\/shop\/\"},{\"@type\":\"ListItem\",\"position\":3,\"name\":\"Purelux Panther 9&#8243; auxiliary light\"}]},{\"@type\":\"WebSite\",\"@id\":\"https:\/\/com.rst-steel.eu\/#website\",\"url\":\"https:\/\/com.rst-steel.eu\/\",\"name\":\"RST-Steel.com\",\"description\":\"Finnish quality steel, for quality-conscious drivers\",\"publisher\":{\"@id\":\"https:\/\/com.rst-steel.eu\/#organization\"},\"alternateName\":\"Safe and stylish RST-Steel quality\",\"potentialAction\":[{\"@type\":\"SearchAction\",\"target\":{\"@type\":\"EntryPoint\",\"urlTemplate\":\"https:\/\/com.rst-steel.eu\/?s={search_term_string}\"},\"query-input\":{\"@type\":\"PropertyValueSpecification\",\"valueRequired\":true,\"valueName\":\"search_term_string\"}}],\"inLanguage\":\"sv-SE\"},{\"@type\":\"Organization\",\"@id\":\"https:\/\/com.rst-steel.eu\/#organization\",\"name\":\"RST-Steel Oy\",\"url\":\"https:\/\/com.rst-steel.eu\/\",\"logo\":{\"@type\":\"ImageObject\",\"inLanguage\":\"sv-SE\",\"@id\":\"https:\/\/com.rst-steel.eu\/#\/schema\/logo\/image\/\",\"url\":\"https:\/\/com.rst-steel.eu\/wp-content\/uploads\/2023\/04\/cropped-Rst-logo-valkoinen-teksti-3.png\",\"contentUrl\":\"https:\/\/com.rst-steel.eu\/wp-content\/uploads\/2023\/04\/cropped-Rst-logo-valkoinen-teksti-3.png\",\"width\":512,\"height\":115,\"caption\":\"RST-Steel Oy\"},\"image\":{\"@id\":\"https:\/\/com.rst-steel.eu\/#\/schema\/logo\/image\/\"},\"sameAs\":[\"https:\/\/www.facebook.com\/rststeel\",\"https:\/\/www.instagram.com\/rststeeloy\/\"]}]}<\/script>\n<!-- \/ Yoast SEO plugin. -->","yoast_head_json":{"title":"Purelux Panther 9\" auxiliary light - RST-Steel","description":"Purelux Panther 9\" \u00e4r en kraftfull, kompakt LED-st\u00f6dlampa med svart\/vit design. Den \u00e4r vattent\u00e4t enligt IP68 och idealisk f\u00f6r kr\u00e4vande ljusf\u00f6rh\u00e5llanden.","robots":{"index":"index","follow":"follow","max-snippet":"max-snippet:-1","max-image-preview":"max-image-preview:large","max-video-preview":"max-video-preview:-1"},"canonical":"https:\/\/com.rst-steel.eu\/sv\/produkt\/purelux-panther-9-auxiliary-light_prm_72523\/","og_locale":"sv_SE","og_type":"article","og_title":"Purelux Panther 9\" auxiliary light - RST-Steel","og_description":"Purelux Panther 9\" is a powerful, compact LED auxiliary light with a black\/white design. It\u2019s IP68 waterproof and ideal for demanding lighting conditions.","og_url":"https:\/\/com.rst-steel.eu\/sv\/produkt\/purelux-panther-9-auxiliary-light_prm_72523\/","og_site_name":"RST-Steel","article_publisher":"https:\/\/www.facebook.com\/rststeel","article_modified_time":"2026-03-16T06:17:39+00:00","og_image":[{"width":600,"height":600,"url":"https:\/\/com.rst-steel.eu\/wp-content\/uploads\/2024\/11\/c91a872ae5d4a7ae9223f671d0a23f8a0c5629c5_purelux_panther_9_black_1_normal.jpg","type":"image\/jpeg"}],"twitter_card":"summary_large_image","twitter_misc":{"Ber\u00e4knad l\u00e4stid":"6 minuter"},"schema":{"@context":"https:\/\/schema.org","@graph":[{"@type":"WebPage","@id":"https:\/\/com.rst-steel.eu\/product\/purelux-panther-9-auxiliary-light_prm_72523\/","url":"https:\/\/com.rst-steel.eu\/product\/purelux-panther-9-auxiliary-light_prm_72523\/","name":"Purelux Panther 9\" auxiliary light - RST-Steel","isPartOf":{"@id":"https:\/\/com.rst-steel.eu\/#website"},"primaryImageOfPage":{"@id":"https:\/\/com.rst-steel.eu\/product\/purelux-panther-9-auxiliary-light_prm_72523\/#primaryimage"},"image":{"@id":"https:\/\/com.rst-steel.eu\/product\/purelux-panther-9-auxiliary-light_prm_72523\/#primaryimage"},"thumbnailUrl":"https:\/\/com.rst-steel.eu\/wp-content\/uploads\/2024\/11\/c91a872ae5d4a7ae9223f671d0a23f8a0c5629c5_purelux_panther_9_black_1_normal.jpg","datePublished":"2024-11-11T09:36:25+00:00","dateModified":"2026-03-16T06:17:39+00:00","description":"Purelux Panther 9\" \u00e4r en kraftfull, kompakt LED-st\u00f6dlampa med svart\/vit design. Den \u00e4r vattent\u00e4t enligt IP68 och idealisk f\u00f6r kr\u00e4vande ljusf\u00f6rh\u00e5llanden.","breadcrumb":{"@id":"https:\/\/com.rst-steel.eu\/product\/purelux-panther-9-auxiliary-light_prm_72523\/#breadcrumb"},"inLanguage":"sv-SE","potentialAction":[{"@type":"ReadAction","target":["https:\/\/com.rst-steel.eu\/product\/purelux-panther-9-auxiliary-light_prm_72523\/"]}]},{"@type":"ImageObject","inLanguage":"sv-SE","@id":"https:\/\/com.rst-steel.eu\/product\/purelux-panther-9-auxiliary-light_prm_72523\/#primaryimage","url":"https:\/\/com.rst-steel.eu\/wp-content\/uploads\/2024\/11\/c91a872ae5d4a7ae9223f671d0a23f8a0c5629c5_purelux_panther_9_black_1_normal.jpg","contentUrl":"https:\/\/com.rst-steel.eu\/wp-content\/uploads\/2024\/11\/c91a872ae5d4a7ae9223f671d0a23f8a0c5629c5_purelux_panther_9_black_1_normal.jpg","width":600,"height":600,"caption":"Purelux Panther 9\" Auxiliary light (Black\/White)"},{"@type":"BreadcrumbList","@id":"https:\/\/com.rst-steel.eu\/product\/purelux-panther-9-auxiliary-light_prm_72523\/#breadcrumb","itemListElement":[{"@type":"ListItem","position":1,"name":"Home","item":"https:\/\/com.rst-steel.eu\/"},{"@type":"ListItem","position":2,"name":"RST-Steel Shop","item":"https:\/\/com.rst-steel.eu\/shop\/"},{"@type":"ListItem","position":3,"name":"Purelux Panther 9&#8243; auxiliary light"}]},{"@type":"WebSite","@id":"https:\/\/com.rst-steel.eu\/#website","url":"https:\/\/com.rst-steel.eu\/","name":"RST-Stahl.com","description":"Finskt kvalitetsst\u00e5l, f\u00f6r kvalitetsmedvetna f\u00f6rare","publisher":{"@id":"https:\/\/com.rst-steel.eu\/#organization"},"alternateName":"Safe and stylish RST-Steel quality","potentialAction":[{"@type":"SearchAction","target":{"@type":"EntryPoint","urlTemplate":"https:\/\/com.rst-steel.eu\/?s={search_term_string}"},"query-input":{"@type":"PropertyValueSpecification","valueRequired":true,"valueName":"search_term_string"}}],"inLanguage":"sv-SE"},{"@type":"Organization","@id":"https:\/\/com.rst-steel.eu\/#organization","name":"RST-Steel Oy","url":"https:\/\/com.rst-steel.eu\/","logo":{"@type":"ImageObject","inLanguage":"sv-SE","@id":"https:\/\/com.rst-steel.eu\/#\/schema\/logo\/image\/","url":"https:\/\/com.rst-steel.eu\/wp-content\/uploads\/2023\/04\/cropped-Rst-logo-valkoinen-teksti-3.png","contentUrl":"https:\/\/com.rst-steel.eu\/wp-content\/uploads\/2023\/04\/cropped-Rst-logo-valkoinen-teksti-3.png","width":512,"height":115,"caption":"RST-Steel Oy"},"image":{"@id":"https:\/\/com.rst-steel.eu\/#\/schema\/logo\/image\/"},"sameAs":["https:\/\/www.facebook.com\/rststeel","https:\/\/www.instagram.com\/rststeeloy\/"]}]}},"brands":[{"id":8333,"name":"Purelux","slug":"brand_purelux"}],"_links":{"self":[{"href":"https:\/\/com.rst-steel.eu\/sv\/wp-json\/wp\/v2\/product\/48312","targetHints":{"allow":["GET"]}}],"collection":[{"href":"https:\/\/com.rst-steel.eu\/sv\/wp-json\/wp\/v2\/product"}],"about":[{"href":"https:\/\/com.rst-steel.eu\/sv\/wp-json\/wp\/v2\/types\/product"}],"replies":[{"embeddable":true,"href":"https:\/\/com.rst-steel.eu\/sv\/wp-json\/wp\/v2\/comments?post=48312"}],"version-history":[{"count":0,"href":"https:\/\/com.rst-steel.eu\/sv\/wp-json\/wp\/v2\/product\/48312\/revisions"}],"wp:featuredmedia":[{"embeddable":true,"href":"https:\/\/com.rst-steel.eu\/sv\/wp-json\/wp\/v2\/media\/48308"}],"wp:attachment":[{"href":"https:\/\/com.rst-steel.eu\/sv\/wp-json\/wp\/v2\/media?parent=48312"}],"wp:term":[{"taxonomy":"make_fuel_type","embeddable":true,"href":"https:\/\/com.rst-steel.eu\/sv\/wp-json\/wp\/v2\/make_fuel_type?post=48312"},{"taxonomy":"make_model","embeddable":true,"href":"https:\/\/com.rst-steel.eu\/sv\/wp-json\/wp\/v2\/make_model?post=48312"},{"taxonomy":"make_brand","embeddable":true,"href":"https:\/\/com.rst-steel.eu\/sv\/wp-json\/wp\/v2\/make_brand?post=48312"},{"taxonomy":"make_year","embeddable":true,"href":"https:\/\/com.rst-steel.eu\/sv\/wp-json\/wp\/v2\/make_year?post=48312"},{"taxonomy":"pwb-brand","embeddable":true,"href":"https:\/\/com.rst-steel.eu\/sv\/wp-json\/wp\/v2\/pwb-brand?post=48312"},{"taxonomy":"product_brand","embeddable":true,"href":"https:\/\/com.rst-steel.eu\/sv\/wp-json\/wp\/v2\/product_brand?post=48312"},{"taxonomy":"product_cat","embeddable":true,"href":"https:\/\/com.rst-steel.eu\/sv\/wp-json\/wp\/v2\/product_cat?post=48312"},{"taxonomy":"product_tag","embeddable":true,"href":"https:\/\/com.rst-steel.eu\/sv\/wp-json\/wp\/v2\/product_tag?post=48312"}],"curies":[{"name":"wp","href":"https:\/\/api.w.org\/{rel}","templated":true}]}}