{"id":48306,"date":"2024-11-11T12:35:44","date_gmt":"2024-11-11T09:35:44","guid":{"rendered":"https:\/\/rst-steel.com\/product\/purelux-9200-auxiliary-light_pr_77288\/"},"modified":"2026-03-16T09:16:21","modified_gmt":"2026-03-16T06:16:21","slug":"purelux-9200-extraljus_pr_77288","status":"publish","type":"product","link":"https:\/\/com.rst-steel.eu\/sv\/produkt\/purelux-9200-extraljus_pr_77288\/","title":{"rendered":"Auxiliary light Purelux 9200"},"content":{"rendered":"<p>Purelux 9200 - Extraljus<\/p>\n<ul>\n<li>&nbsp;<\/li>\n<\/ul>\n<p>En rund extraljuslampa som representerar den absoluta toppen i sin storleksklass. Till toppfunktionerna h\u00f6r t.ex. Purelux PowerBoost\u00ae-teknik, exceptionellt vackert kombinationsljus och parkeringsljus i tv\u00e5 f\u00e4rger (orange och vitt)! Uppm\u00e4tt ljusfl\u00f6de 10487 lm, uppm\u00e4tt r\u00e4ckvidd 551 m @ 1 lux.<\/p>\n<ul>\n<li>&nbsp;<\/li>\n<\/ul>\n<p>Purelux 9200 \u00e4r en h\u00f6gpresterande rund 9\u2033 extraljuslampa som ligger i topp i sin storleksklass b\u00e5de vad g\u00e4ller ljusfl\u00f6de och \u00f6vriga toppfunktioner. Den h\u00e4r lampan \u00e4r bland annat utrustad med ett tv\u00e5f\u00e4rgat parkeringsljus (vitt och orange), en neutral f\u00e4rgtemperatur p\u00e5 5000K och tv\u00e5 olika effektl\u00e4gen som kan v\u00e4xlas mellan genom att bara trycka p\u00e5 en knapp! Lampan kan v\u00e4xlas till ett mer m\u00e5ttligt effektl\u00e4ge som \u00e4r godk\u00e4nt f\u00f6r v\u00e4gtrafik eller PowerBoost\u00ae-l\u00e4ge, som tar bort begr\u00e4nsarna och frig\u00f6r hela det uppm\u00e4tta ljusfl\u00f6det p\u00e5 10487 lumen. Kraftfulla LED-lampor i kombination med avancerad lins- och reflektorteknik skapar en h\u00f6gkvalitativ kombinerad ljusk\u00e4gla, tack vare vilken 9200:ans ljusfl\u00f6de r\u00e4cker f\u00f6r att lysa upp v\u00e4gstr\u00e4ckan framf\u00f6r dig upp till 551 meter (uppm\u00e4tt, 1 @ lux) samtidigt som reflektorerna riktar ljuset j\u00e4mnt fr\u00e5n sida till sida av v\u00e4gen.<\/p>\n<ul>\n<li>&nbsp;<\/li>\n<\/ul>\n<p>Till skillnad fr\u00e5n m\u00e5nga andra runda extraljus \u00e4r ljusk\u00e4glan p\u00e5 9200 bredare \u00e4n vanligt, och ljuset sprids fr\u00e5n den ljusa, i sidled breda huvudk\u00e4glan j\u00e4mnt \u00f6ver hela v\u00e4gens bredd. I h\u00f6jdled \u00e4r ljusk\u00e4glan mjukt avgr\u00e4nsad, s\u00e5 att str\u00f6ljus inte i on\u00f6dan f\u00f6rsvinner upp mot himlen eller fokuserar st\u00f6rande p\u00e5 v\u00e4gen framf\u00f6r. D\u00e4rf\u00f6r skapar 9200 inte en ljus boll av ljus framf\u00f6r fordonet som st\u00f6r f\u00f6rarens f\u00f6rm\u00e5ga att se. Tack vare den utm\u00e4rkta ljusk\u00e4glan beh\u00f6ver 9200 inga ytterligare str\u00e5lkastare med bredare eller smalare ljusbild f\u00f6r att st\u00f6dja den, och med kraften fr\u00e5n tv\u00e5 (eller fler) 9200 kan \u00e4ven den bredaste v\u00e4gstr\u00e4ckan belysas p\u00e5 ett s\u00e5dant s\u00e4tt att djur som kommer fr\u00e5n diket upp p\u00e5 v\u00e4gbanan kan uppt\u00e4ckas i god tid. Med tv\u00e5 eller fler str\u00e5lkastare kan ljusk\u00e4glorna dessutom riktas antingen parallellt (f\u00f6r att maximera bredden) eller ovanp\u00e5 varandra (f\u00f6r att maximera avst\u00e5ndet), s\u00e5 att ljuset kan riktas exakt dit d\u00e4r det beh\u00f6vs mest.<\/p>\n<ul>\n<li>&nbsp;<\/li>\n<\/ul>\n<p>P\u00e5 grund av sin storlek passar 9200 perfekt b\u00e5de i st\u00f6rre fordon och som en del av utrustningen i tunga fordon, och tack vare sitt enorma ljusfl\u00f6de och PowerBoost\u00ae-funktionen \u00e4r den ocks\u00e5 v\u00e4l l\u00e4mpad f\u00f6r Off-Road-fordon, som k\u00f6rs p\u00e5 de oupplysta terr\u00e4ngv\u00e4garna i norr, disciplinerade av m\u00f6rkret som sv\u00e4ljer allt ljus runt omkring. Knappen f\u00f6r att \u00e4ndra effektl\u00e4ge \u00e4r placerad inom r\u00e4ckh\u00e5ll p\u00e5 baksidan av lampan och fungerar som en mekanisk omkopplare, vilket inneb\u00e4r att den senast anv\u00e4nda inst\u00e4llningen alltid finns kvar i lampans minne.<\/p>\n<p>F\u00f6r att maximera synligheten \u00e4r 9200 utrustad med en neutral f\u00e4rgtemperatur p\u00e5 5000 Kelvin, som \u00e4r s\u00e4rskilt optimerad f\u00f6r v\u00e4gtrafik. Den neutrala f\u00e4rgtemperaturen underl\u00e4ttar t.ex. observationen av terr\u00e4ngformer och eventuella hinder, djur och trafikskyltar, och den reflekterar inte ljus tillbaka in i f\u00f6rarens \u00f6gon fr\u00e5n naturens vita sn\u00f6t\u00e4cke eller falska f\u00e4rger i omgivningen. Dessutom fungerar den neutrala f\u00e4rgtemperaturen b\u00e4ttre \u00e4n kalla toner i d\u00e5liga v\u00e4derf\u00f6rh\u00e5llanden, som dimma och regn, och den hj\u00e4lper till att h\u00e5lla \u00f6gonen skarpa i det till synes o\u00e4ndliga m\u00f6rkret. F\u00e4rgtemperaturen 5000K passar bra till nyare bilar med standard LED- eller Xenon-lampor, och ger \u00f6nskad ljusstyrka och sk\u00e4rpa \u00e4ven tillsammans med de egna lamporna p\u00e5 \u00e4ldre fordon utrustade med halogenlampor.<\/p>\n<p>Utseendet p\u00e5 9200 \u00e4r modernt, och den moderna m\u00f6rka optiken och den svarta profilen m\u00f6jligg\u00f6r en elegant och imponerande installation. Det orange eller vita parkeringsljuset som l\u00f6per genom mitten av lampan och den raml\u00f6sa linsen som f\u00f6rhindrar ansamling av sn\u00f6 och is ger lampan ett underbart utseende oavsett om den \u00e4r t\u00e4nd eller sl\u00e4ckt. F\u00f6rutom det eleganta utseendet \u00e4r 9200 ocks\u00e5 mycket h\u00e5llbar, vilket bekr\u00e4ftas av t.ex. en praktiskt taget okrossbar lins av polykarbonat, en stomme av pulverlackerad och UV-skyddad aluminium och h\u00f6gsta m\u00f6jliga t\u00e4thetsklass (IP68\/IP69K), lampan \u00e4r utm\u00e4rkt motst\u00e5ndskraftig mot f\u00f6rh\u00e5llanden \u00e5ret runt och korrosion, och UV-skyddet g\u00f6r att stommen inte bleknar.<\/p>\n<p>Till skillnad fr\u00e5n m\u00e5nga andra runda extraljus \u00e4r stommen p\u00e5 9200 betydligt tunnare i djupled, vilket g\u00f6r det enkelt att montera ljuset p\u00e5 t.ex. sv\u00e5rformade st\u00f6tf\u00e5ngare. Dessutom \u00e4r lampans installationsben placerat direkt under lampan, dvs. det \u00f6kar inte installationsbredden, vilket g\u00f6r att lamporna kan installeras helt sida vid sida vid behov. Installationen underl\u00e4ttas av det robusta monteringsbenet som medf\u00f6ljer lampan, DTP-kontakten som redan sitter p\u00e5 plats i n\u00e4tsladden och de f\u00e4rdiga pluskablarna fr\u00e5n n\u00e4tsladden till parkeringsljusen. Det breda driftsp\u00e4nningsomr\u00e5det (9-36 V) m\u00f6jligg\u00f6r installation i b\u00e5de 12V- och 24V-system. Lampan \u00e4r skyddad mot radiost\u00f6rningar i enlighet med ECE R10-standarden. Tv\u00e5 \u00e5rs (24 m\u00e5nader) garanti!<\/p>\n<ul>\n<li>&nbsp;<\/li>\n<\/ul>\n<p><span style=\"font-weight: bold\">Leveransens inneh\u00e5ll<\/span><\/p>\n<ul>\n<li>Purelux 9200<\/li>\n<li>Monteringsben<\/li>\n<li>N\u00e4tkabel med DTP-2-kontakt<\/li>\n<li>Anslutnings- och installationsanvisningar (EN\/FI\/SE\/NO\/DK)<\/li>\n<li>&nbsp;<\/li>\n<\/ul>\n<p><span style=\"font-weight: bold\">Teknisk information<\/span><\/p>\n<ul>\n<li>LED: 6 x 20W + 8 x 10W<\/li>\n<li>Driftsp\u00e4nning: 9-36 V (DC)<\/li>\n<li>Referensnummer: 30<\/li>\n<li>Ber\u00e4knad effekt: 200 W<\/li>\n<li>Uppm\u00e4tt str\u00f6mf\u00f6rbrukning<\/li>\n<li>Purelux PowerBoost\u00ae: 14,75A @ 12V \/ 6,41A @ 24V<\/li>\n<li>Road-l\u00e4ge: 4,33A @ 12V \/ 2,125A @ 24V<\/li>\n<li>Uppm\u00e4tt effekt<\/li>\n<li>Purelux PowerBoost\u00ae: 177 W @ 12V \/ 154 W @ 24V<\/li>\n<li>Road-l\u00e4ge: 52 W @ 12V \/ 51 W @ 24V<\/li>\n<li>Ljusfl\u00f6de deklarerat av tillverkaren: 14600 lm (Purelux PowerBoost\u00ae)<\/li>\n<li>Uppm\u00e4tt: 10487 lm (Purelux PowerBoost\u00ae)<\/li>\n<li>Uppm\u00e4tt: 4116 lm (trafikf\u00f6rh\u00e5llanden)<\/li>\n<li>R\u00e4ckvidd enligt uppgift fr\u00e5n tillverkaren: 552 m @ 1 lux (Purelux PowerBoost\u00ae) \/ 376 m @ 1 lux (v\u00e4gtrafikl\u00e4ge)<\/li>\n<li>Uppm\u00e4tt: 551 m @ 1 lux \/ 1102 m @ 0,25 lux (Purelux PowerBoost\u2122)<\/li>\n<li>Uppm\u00e4tt: 344 m @ 1 lux \/ 688 m @ 0,25 lux (trafikl\u00e4ge)<\/li>\n<li>F\u00e4rgtemperaturen anges av tillverkaren: 5000 K<\/li>\n<li>Uppm\u00e4tt: 5313 K<\/li>\n<li>Montering: Monteringsben<\/li>\n<li>Anslutningsdon: DTP-2<\/li>\n<li>Parkeringsljusen + kablar \u00e4r separata<\/li>\n<li>Kabell\u00e4ngd: ca 50 cm<\/li>\n<li>Dimensioner: 222 x 216 x 62 mm (bredd x h\u00f6jd x djup)<\/li>\n<li>H\u00f6jd med monteringsfot: 230 mm<\/li>\n<li>Vikt: 2000 g<\/li>\n<li>IP-klassning: IP68\/IP69K<\/li>\n<li>Godk\u00e4nnande: ECE R7, R10, R112*<\/li>\n<li>*Godk\u00e4nnande f\u00f6r v\u00e4gtrafik g\u00e4ller inte f\u00f6r Purelux PowerBoost\u00ae-l\u00e4get<\/li>\n<li>Andra: Ljusk\u00e4llan har en f\u00e4rdig plats f\u00f6r stabilisator<\/li>\n<li>Garanti: 24 m\u00e5nader<\/li>\n<\/ul>","protected":false},"excerpt":{"rendered":"<p><span style=\"font-weight: bold\">En rund extralampa som representerar den absoluta toppen i sin storleksklass.<\/span><\/p>","protected":false},"featured_media":48302,"comment_status":"open","ping_status":"closed","template":"","meta":{"_improvement_type_select":"improve_an_existing","_thumb_yes_seoaic":false,"_frame_yes_seoaic":false,"seoaic_generate_description":"","seoaic_improve_instructions_prompt":"","seoaic_rollback_content_improvement":"","seoaic_idea_thumbnail_generator":"","thumbnail_generated":false,"thumbnail_generate_prompt":"","seoaic_article_description":""},"make_fuel_type":[],"make_model":[],"make_brand":[],"make_year":[],"pwb-brand":[8333],"product_brand":[],"product_cat":[6195,6209,7373],"product_tag":[8498,7551,8489],"class_list":{"0":"post-48306","1":"product","2":"type-product","3":"status-publish","4":"has-post-thumbnail","6":"pwb-brand-brand_purelux","7":"product_cat-lamps","8":"product_cat-auxiliary-lights","9":"product_cat-rstcom-purelux","10":"product_tag-auxiliary-light","11":"product_tag-extraljus","12":"product_tag-purelux","14":"first","15":"onbackorder","16":"taxable","17":"shipping-taxable","18":"purchasable","19":"product-type-simple"},"yoast_head":"<!-- This site is optimized with the Yoast SEO plugin v25.7 - https:\/\/yoast.com\/wordpress\/plugins\/seo\/ -->\n<title>Auxiliary light Purelux 9200 - RST-Steel<\/title>\n<meta name=\"description\" content=\"Purelux 9200 is a powerful round auxiliary light with Purelux PowerBoost\u00ae technology, a wide combination beam, and a two-color parking light (orange\/white).\" \/>\n<meta name=\"robots\" content=\"index, follow, max-snippet:-1, max-image-preview:large, max-video-preview:-1\" \/>\n<link rel=\"canonical\" href=\"https:\/\/com.rst-steel.eu\/sv\/produkt\/purelux-9200-extraljus_pr_77288\/\" \/>\n<meta property=\"og:locale\" content=\"sv_SE\" \/>\n<meta property=\"og:type\" content=\"article\" \/>\n<meta property=\"og:title\" content=\"Auxiliary light Purelux 9200 - RST-Steel\" \/>\n<meta property=\"og:description\" content=\"Purelux 9200 is a powerful round auxiliary light with Purelux PowerBoost\u00ae technology, a wide combination beam, and a two-color parking light (orange\/white).\" \/>\n<meta property=\"og:url\" content=\"https:\/\/com.rst-steel.eu\/sv\/produkt\/purelux-9200-extraljus_pr_77288\/\" \/>\n<meta property=\"og:site_name\" content=\"RST-Steel\" \/>\n<meta property=\"article:publisher\" content=\"https:\/\/www.facebook.com\/rststeel\" \/>\n<meta property=\"article:modified_time\" content=\"2026-03-16T06:16:21+00:00\" \/>\n<meta property=\"og:image\" content=\"https:\/\/com.rst-steel.eu\/wp-content\/uploads\/2024\/11\/0181e8e4ba05f58dac7a829db6ae26c933676b57_purelux_9200_1.jpg\" \/>\n\t<meta property=\"og:image:width\" content=\"2048\" \/>\n\t<meta property=\"og:image:height\" content=\"2048\" \/>\n\t<meta property=\"og:image:type\" content=\"image\/jpeg\" \/>\n<meta name=\"twitter:card\" content=\"summary_large_image\" \/>\n<meta name=\"twitter:label1\" content=\"Ber\u00e4knad l\u00e4stid\" \/>\n\t<meta name=\"twitter:data1\" content=\"5 minuter\" \/>\n<script type=\"application\/ld+json\" class=\"yoast-schema-graph\">{\"@context\":\"https:\/\/schema.org\",\"@graph\":[{\"@type\":\"WebPage\",\"@id\":\"https:\/\/com.rst-steel.eu\/sv\/produkt\/purelux-9200-extraljus_pr_77288\/\",\"url\":\"https:\/\/com.rst-steel.eu\/sv\/produkt\/purelux-9200-extraljus_pr_77288\/\",\"name\":\"Auxiliary light Purelux 9200 - RST-Steel\",\"isPartOf\":{\"@id\":\"https:\/\/com.rst-steel.eu\/#website\"},\"primaryImageOfPage\":{\"@id\":\"https:\/\/com.rst-steel.eu\/sv\/produkt\/purelux-9200-extraljus_pr_77288\/#primaryimage\"},\"image\":{\"@id\":\"https:\/\/com.rst-steel.eu\/sv\/produkt\/purelux-9200-extraljus_pr_77288\/#primaryimage\"},\"thumbnailUrl\":\"https:\/\/com.rst-steel.eu\/wp-content\/uploads\/2024\/11\/0181e8e4ba05f58dac7a829db6ae26c933676b57_purelux_9200_1.jpg\",\"datePublished\":\"2024-11-11T09:35:44+00:00\",\"dateModified\":\"2026-03-16T06:16:21+00:00\",\"description\":\"Purelux 9200 is a powerful round auxiliary light with Purelux PowerBoost\u00ae technology, a wide combination beam, and a two-color parking light (orange\/white).\",\"breadcrumb\":{\"@id\":\"https:\/\/com.rst-steel.eu\/sv\/produkt\/purelux-9200-extraljus_pr_77288\/#breadcrumb\"},\"inLanguage\":\"sv-SE\",\"potentialAction\":[{\"@type\":\"ReadAction\",\"target\":[\"https:\/\/com.rst-steel.eu\/sv\/produkt\/purelux-9200-extraljus_pr_77288\/\"]}]},{\"@type\":\"ImageObject\",\"inLanguage\":\"sv-SE\",\"@id\":\"https:\/\/com.rst-steel.eu\/sv\/produkt\/purelux-9200-extraljus_pr_77288\/#primaryimage\",\"url\":\"https:\/\/com.rst-steel.eu\/wp-content\/uploads\/2024\/11\/0181e8e4ba05f58dac7a829db6ae26c933676b57_purelux_9200_1.jpg\",\"contentUrl\":\"https:\/\/com.rst-steel.eu\/wp-content\/uploads\/2024\/11\/0181e8e4ba05f58dac7a829db6ae26c933676b57_purelux_9200_1.jpg\",\"width\":2048,\"height\":2048,\"caption\":\"Purelux 9200 - Auxiliary Light\"},{\"@type\":\"BreadcrumbList\",\"@id\":\"https:\/\/com.rst-steel.eu\/sv\/produkt\/purelux-9200-extraljus_pr_77288\/#breadcrumb\",\"itemListElement\":[{\"@type\":\"ListItem\",\"position\":1,\"name\":\"Home\",\"item\":\"https:\/\/com.rst-steel.eu\/\"},{\"@type\":\"ListItem\",\"position\":2,\"name\":\"RST-Steel Shop\",\"item\":\"https:\/\/com.rst-steel.eu\/shop\/\"},{\"@type\":\"ListItem\",\"position\":3,\"name\":\"Auxiliary light Purelux 9200\"}]},{\"@type\":\"WebSite\",\"@id\":\"https:\/\/com.rst-steel.eu\/#website\",\"url\":\"https:\/\/com.rst-steel.eu\/\",\"name\":\"RST-Steel.com\",\"description\":\"Finnish quality steel, for quality-conscious drivers\",\"publisher\":{\"@id\":\"https:\/\/com.rst-steel.eu\/#organization\"},\"alternateName\":\"Safe and stylish RST-Steel quality\",\"potentialAction\":[{\"@type\":\"SearchAction\",\"target\":{\"@type\":\"EntryPoint\",\"urlTemplate\":\"https:\/\/com.rst-steel.eu\/?s={search_term_string}\"},\"query-input\":{\"@type\":\"PropertyValueSpecification\",\"valueRequired\":true,\"valueName\":\"search_term_string\"}}],\"inLanguage\":\"sv-SE\"},{\"@type\":\"Organization\",\"@id\":\"https:\/\/com.rst-steel.eu\/#organization\",\"name\":\"RST-Steel Oy\",\"url\":\"https:\/\/com.rst-steel.eu\/\",\"logo\":{\"@type\":\"ImageObject\",\"inLanguage\":\"sv-SE\",\"@id\":\"https:\/\/com.rst-steel.eu\/#\/schema\/logo\/image\/\",\"url\":\"https:\/\/com.rst-steel.eu\/wp-content\/uploads\/2023\/04\/cropped-Rst-logo-valkoinen-teksti-3.png\",\"contentUrl\":\"https:\/\/com.rst-steel.eu\/wp-content\/uploads\/2023\/04\/cropped-Rst-logo-valkoinen-teksti-3.png\",\"width\":512,\"height\":115,\"caption\":\"RST-Steel Oy\"},\"image\":{\"@id\":\"https:\/\/com.rst-steel.eu\/#\/schema\/logo\/image\/\"},\"sameAs\":[\"https:\/\/www.facebook.com\/rststeel\",\"https:\/\/www.instagram.com\/rststeeloy\/\"]}]}<\/script>\n<!-- \/ Yoast SEO plugin. -->","yoast_head_json":{"title":"Auxiliary light Purelux 9200 - RST-Steel","description":"Purelux 9200 \u00e4r en kraftfull rund extralampa med Purelux PowerBoost\u00ae-teknik, ett brett kombinationsljus och ett tv\u00e5f\u00e4rgat parkeringsljus (orange\/vitt).","robots":{"index":"index","follow":"follow","max-snippet":"max-snippet:-1","max-image-preview":"max-image-preview:large","max-video-preview":"max-video-preview:-1"},"canonical":"https:\/\/com.rst-steel.eu\/sv\/produkt\/purelux-9200-extraljus_pr_77288\/","og_locale":"sv_SE","og_type":"article","og_title":"Auxiliary light Purelux 9200 - RST-Steel","og_description":"Purelux 9200 is a powerful round auxiliary light with Purelux PowerBoost\u00ae technology, a wide combination beam, and a two-color parking light (orange\/white).","og_url":"https:\/\/com.rst-steel.eu\/sv\/produkt\/purelux-9200-extraljus_pr_77288\/","og_site_name":"RST-Steel","article_publisher":"https:\/\/www.facebook.com\/rststeel","article_modified_time":"2026-03-16T06:16:21+00:00","og_image":[{"width":2048,"height":2048,"url":"https:\/\/com.rst-steel.eu\/wp-content\/uploads\/2024\/11\/0181e8e4ba05f58dac7a829db6ae26c933676b57_purelux_9200_1.jpg","type":"image\/jpeg"}],"twitter_card":"summary_large_image","twitter_misc":{"Ber\u00e4knad l\u00e4stid":"5 minuter"},"schema":{"@context":"https:\/\/schema.org","@graph":[{"@type":"WebPage","@id":"https:\/\/com.rst-steel.eu\/sv\/produkt\/purelux-9200-extraljus_pr_77288\/","url":"https:\/\/com.rst-steel.eu\/sv\/produkt\/purelux-9200-extraljus_pr_77288\/","name":"Auxiliary light Purelux 9200 - RST-Steel","isPartOf":{"@id":"https:\/\/com.rst-steel.eu\/#website"},"primaryImageOfPage":{"@id":"https:\/\/com.rst-steel.eu\/sv\/produkt\/purelux-9200-extraljus_pr_77288\/#primaryimage"},"image":{"@id":"https:\/\/com.rst-steel.eu\/sv\/produkt\/purelux-9200-extraljus_pr_77288\/#primaryimage"},"thumbnailUrl":"https:\/\/com.rst-steel.eu\/wp-content\/uploads\/2024\/11\/0181e8e4ba05f58dac7a829db6ae26c933676b57_purelux_9200_1.jpg","datePublished":"2024-11-11T09:35:44+00:00","dateModified":"2026-03-16T06:16:21+00:00","description":"Purelux 9200 \u00e4r en kraftfull rund extralampa med Purelux PowerBoost\u00ae-teknik, ett brett kombinationsljus och ett tv\u00e5f\u00e4rgat parkeringsljus (orange\/vitt).","breadcrumb":{"@id":"https:\/\/com.rst-steel.eu\/sv\/produkt\/purelux-9200-extraljus_pr_77288\/#breadcrumb"},"inLanguage":"sv-SE","potentialAction":[{"@type":"ReadAction","target":["https:\/\/com.rst-steel.eu\/sv\/produkt\/purelux-9200-extraljus_pr_77288\/"]}]},{"@type":"ImageObject","inLanguage":"sv-SE","@id":"https:\/\/com.rst-steel.eu\/sv\/produkt\/purelux-9200-extraljus_pr_77288\/#primaryimage","url":"https:\/\/com.rst-steel.eu\/wp-content\/uploads\/2024\/11\/0181e8e4ba05f58dac7a829db6ae26c933676b57_purelux_9200_1.jpg","contentUrl":"https:\/\/com.rst-steel.eu\/wp-content\/uploads\/2024\/11\/0181e8e4ba05f58dac7a829db6ae26c933676b57_purelux_9200_1.jpg","width":2048,"height":2048,"caption":"Purelux 9200 - Auxiliary Light"},{"@type":"BreadcrumbList","@id":"https:\/\/com.rst-steel.eu\/sv\/produkt\/purelux-9200-extraljus_pr_77288\/#breadcrumb","itemListElement":[{"@type":"ListItem","position":1,"name":"Home","item":"https:\/\/com.rst-steel.eu\/"},{"@type":"ListItem","position":2,"name":"RST-Steel Shop","item":"https:\/\/com.rst-steel.eu\/shop\/"},{"@type":"ListItem","position":3,"name":"Auxiliary light Purelux 9200"}]},{"@type":"WebSite","@id":"https:\/\/com.rst-steel.eu\/#website","url":"https:\/\/com.rst-steel.eu\/","name":"RST-Stahl.com","description":"Finskt kvalitetsst\u00e5l, f\u00f6r kvalitetsmedvetna f\u00f6rare","publisher":{"@id":"https:\/\/com.rst-steel.eu\/#organization"},"alternateName":"Safe and stylish RST-Steel quality","potentialAction":[{"@type":"SearchAction","target":{"@type":"EntryPoint","urlTemplate":"https:\/\/com.rst-steel.eu\/?s={search_term_string}"},"query-input":{"@type":"PropertyValueSpecification","valueRequired":true,"valueName":"search_term_string"}}],"inLanguage":"sv-SE"},{"@type":"Organization","@id":"https:\/\/com.rst-steel.eu\/#organization","name":"RST-Steel Oy","url":"https:\/\/com.rst-steel.eu\/","logo":{"@type":"ImageObject","inLanguage":"sv-SE","@id":"https:\/\/com.rst-steel.eu\/#\/schema\/logo\/image\/","url":"https:\/\/com.rst-steel.eu\/wp-content\/uploads\/2023\/04\/cropped-Rst-logo-valkoinen-teksti-3.png","contentUrl":"https:\/\/com.rst-steel.eu\/wp-content\/uploads\/2023\/04\/cropped-Rst-logo-valkoinen-teksti-3.png","width":512,"height":115,"caption":"RST-Steel Oy"},"image":{"@id":"https:\/\/com.rst-steel.eu\/#\/schema\/logo\/image\/"},"sameAs":["https:\/\/www.facebook.com\/rststeel","https:\/\/www.instagram.com\/rststeeloy\/"]}]}},"brands":[{"id":8333,"name":"Purelux","slug":"brand_purelux"}],"_links":{"self":[{"href":"https:\/\/com.rst-steel.eu\/sv\/wp-json\/wp\/v2\/product\/48306","targetHints":{"allow":["GET"]}}],"collection":[{"href":"https:\/\/com.rst-steel.eu\/sv\/wp-json\/wp\/v2\/product"}],"about":[{"href":"https:\/\/com.rst-steel.eu\/sv\/wp-json\/wp\/v2\/types\/product"}],"replies":[{"embeddable":true,"href":"https:\/\/com.rst-steel.eu\/sv\/wp-json\/wp\/v2\/comments?post=48306"}],"version-history":[{"count":0,"href":"https:\/\/com.rst-steel.eu\/sv\/wp-json\/wp\/v2\/product\/48306\/revisions"}],"wp:featuredmedia":[{"embeddable":true,"href":"https:\/\/com.rst-steel.eu\/sv\/wp-json\/wp\/v2\/media\/48302"}],"wp:attachment":[{"href":"https:\/\/com.rst-steel.eu\/sv\/wp-json\/wp\/v2\/media?parent=48306"}],"wp:term":[{"taxonomy":"make_fuel_type","embeddable":true,"href":"https:\/\/com.rst-steel.eu\/sv\/wp-json\/wp\/v2\/make_fuel_type?post=48306"},{"taxonomy":"make_model","embeddable":true,"href":"https:\/\/com.rst-steel.eu\/sv\/wp-json\/wp\/v2\/make_model?post=48306"},{"taxonomy":"make_brand","embeddable":true,"href":"https:\/\/com.rst-steel.eu\/sv\/wp-json\/wp\/v2\/make_brand?post=48306"},{"taxonomy":"make_year","embeddable":true,"href":"https:\/\/com.rst-steel.eu\/sv\/wp-json\/wp\/v2\/make_year?post=48306"},{"taxonomy":"pwb-brand","embeddable":true,"href":"https:\/\/com.rst-steel.eu\/sv\/wp-json\/wp\/v2\/pwb-brand?post=48306"},{"taxonomy":"product_brand","embeddable":true,"href":"https:\/\/com.rst-steel.eu\/sv\/wp-json\/wp\/v2\/product_brand?post=48306"},{"taxonomy":"product_cat","embeddable":true,"href":"https:\/\/com.rst-steel.eu\/sv\/wp-json\/wp\/v2\/product_cat?post=48306"},{"taxonomy":"product_tag","embeddable":true,"href":"https:\/\/com.rst-steel.eu\/sv\/wp-json\/wp\/v2\/product_tag?post=48306"}],"curies":[{"name":"wp","href":"https:\/\/api.w.org\/{rel}","templated":true}]}}