{"id":48290,"date":"2024-11-11T12:35:14","date_gmt":"2024-11-11T09:35:14","guid":{"rendered":"https:\/\/rst-steel.com\/product\/purelux-panther-aero-s800-led-bar_pr_76571\/"},"modified":"2026-03-16T09:16:10","modified_gmt":"2026-03-16T06:16:10","slug":"purelux-panther-aero-s800-led-lisavalopaneeli_pr_76571","status":"publish","type":"product","link":"https:\/\/com.rst-steel.eu\/sv\/produkt\/purelux-panther-aero-s800-led-lisavalopaneeli_pr_76571\/","title":{"rendered":"Auxiliary light Purelux Panther Aero S800"},"content":{"rendered":"<p>Purelux Panther Aero S800 Extraljus<\/p>\n<p><\/p>\n<p><span style=\"font-weight: bold\">Purelux Panther Aero S800 \u00e4r en ledbar bar med en l\u00e5g och aerodynamisk design som, f\u00f6rutom sitt moderna utseende, kombinerar optimalt storlek-till-effekt-f\u00f6rh\u00e5llande och f\u00f6rstklassig prestanda, vilket f\u00f6rb\u00e4ttrar k\u00f6rupplevelsen! Panther Aero S800 har en elegant profil och dess moderna utseende uppn\u00e5s tack vare den raml\u00f6sa ramen och den m\u00f6rka estetiken. Alla ljusramper i Panther-serien \u00e4r utrustade med parkeringsljus i tv\u00e5 f\u00e4rger och, viktigast av allt, Purelux PowerBoost\u00ae-teknik. Det inneb\u00e4r att ljusrampen kan aktiveras i antingen det begr\u00e4nsade E-m\u00e4rkta effektl\u00e4get eller PowerBoost-l\u00e4get. Det obegr\u00e4nsade PowerBoost\u00ae-l\u00e4get \u00f6vertr\u00e4ffar E-m\u00e4rkningsstandarden och ger ett uppm\u00e4tt ljusfl\u00f6de p\u00e5 12.361 lumen med en uppm\u00e4tt r\u00e4ckvidd p\u00e5 550 meter vid 1 lux.<\/span><\/p>\n<p><span style=\"font-weight: bold\"><br \/><\/span><\/p>\n<p><span style=\"font-weight: bold\">Panther Aero S800 ger en idealisk ljusbild f\u00f6r navigering p\u00e5 de utmanande m\u00f6rka v\u00e4garna i Norden, med b\u00e5de l\u00e5ngr\u00e4ckviddig belysning och bred t\u00e4ckning f\u00f6r att lysa upp v\u00e4gkanterna. Ljusbilden \u00e4r mjukt avgr\u00e4nsad vertikalt, vilket s\u00e4kerst\u00e4ller att ljuset riktas exakt dit det beh\u00f6vs. Detta m\u00f6jligg\u00f6r ocks\u00e5 installation n\u00e4rmare v\u00e4gytan. Trots den vertikala begr\u00e4nsningen bibeh\u00e5ller ljusm\u00f6nstret tillr\u00e4cklig h\u00f6jd f\u00f6r att belysa oj\u00e4mn terr\u00e4ng och undvika skarpa skuggor. Panthers balanserade och kombinerade ljusbild f\u00f6rb\u00e4ttrar k\u00f6rs\u00e4kerheten genom att f\u00f6raren f\u00e5r l\u00e4ngre reaktionstid f\u00f6r att uppt\u00e4cka hinder tack vare st\u00f6rre upplysta omr\u00e5den.<\/span><\/p>\n<p>Purelux PowerBoost\u00ae - De flesta extraljus som s\u00e4ljs idag \u00e4r f\u00f6rsedda med en s\u00e5 kallad E-m\u00e4rkning. Det betyder att extraljusen m\u00e5ste vara effektbegr\u00e4nsade f\u00f6r att uppfylla kraven f\u00f6r trafikgodk\u00e4nnande i vissa europeiska l\u00e4nder. Det \u00e4r inte s\u00e4kert att dessa best\u00e4mmelser g\u00e4ller i alla l\u00e4nder; vissa l\u00e4nder kan ha s\u00e4rskilda undantag. F\u00f6r att uppfylla dessa best\u00e4mmelser tillverkar tillverkarna extraljus med E-m\u00e4rkning, vilket g\u00f6r att de kan s\u00e4ljas p\u00e5 hela den europeiska marknaden. F\u00f6ljaktligen \u00e4r effekten begr\u00e4nsad i n\u00e4stan alla extraljus. Genom att aktivera PowerBoost\u00ae-l\u00e4get kan du dock kringg\u00e5 E-m\u00e4rkningen och frig\u00f6ra extraljusens fulla potential n\u00e4r godk\u00e4nnandet inte beh\u00f6vs, till exempel vid offroad- eller rallyanv\u00e4ndning.<\/p>\n<p><span style=\"font-weight: bold\">Purelux Panther Aero S800 \u00e4r en led-bar som \u00e4r utformad f\u00f6r att utm\u00e4rka sig under de mest kr\u00e4vande f\u00f6rh\u00e5llandena i de norra regionerna, redo att hantera extrema situationer som rutin. Dess storlek m\u00f6jligg\u00f6r en diskret och elegant installation b\u00e5de under registreringsskylten och p\u00e5 taket, l\u00e4mplig f\u00f6r personbilar och tung utrustning. Med sitt PowerBoost-l\u00e4ge \u00e4r led-balken \u00e4ven l\u00e4mplig f\u00f6r st\u00f6rre terr\u00e4ngfordon och arbetsmaskiner som kr\u00e4ver extra kraft. Oavsett fordonstyp f\u00f6rh\u00f6jer Panther Aero S800 k\u00f6rupplevelsen och \u00f6kar trafiks\u00e4kerheten, vilket g\u00f6r den till ett utm\u00e4rkt val f\u00f6r b\u00e5de professionell och privat k\u00f6rning.<\/span><\/p>\n<p><span style=\"font-weight: bold\"><br \/><\/span><\/p>\n<p><span style=\"font-weight: bold\">F\u00e4rgtemperaturen p\u00e5 5000K har optimerats f\u00f6r de utmanande nordiska f\u00f6rh\u00e5llandena, vilket ger en bekv\u00e4m k\u00f6rupplevelse \u00e4ven i situationer som nattk\u00f6rning eller sn\u00f6iga landskap. Den balanserade f\u00e4rgtemperaturen g\u00f6r det l\u00e4ttare att observera terr\u00e4ngens former och konturer utan att anstr\u00e4nga \u00f6gonen under l\u00e5nga k\u00f6rningar. Dessutom \u00e4r en f\u00e4rgtemperatur p\u00e5 5000 Kelvin b\u00e4ttre l\u00e4mpad \u00e4n kallare f\u00e4rgtemperaturer f\u00f6r ogynnsamma v\u00e4derf\u00f6rh\u00e5llanden som dimma och regn. F\u00e4rgtemperaturen 5000K passar ocks\u00e5 till nyare fordon som \u00e4r utrustade med LED- eller Xenon-str\u00e5lkastare.<\/span><\/p>\n<p>Till skillnad fr\u00e5n vad som \u00e4r vanligt beh\u00f6ver ingen extra sladd anslutas eller kopplas bort f\u00f6r att aktivera lampans olika effektl\u00e4gen, utan v\u00e4xlingen mellan PowerBoost\u00ae och road mode \u00e4r o\u00f6vertr\u00e4ffat enkel genom att trycka p\u00e5 knappen i lampans \u00e4nde. Det senast anv\u00e4nda effektl\u00e4get finns kvar i lampans \"minne\", och d\u00e4rmed finns det inget behov av att, t.ex. vid anv\u00e4ndning i v\u00e4gtrafiken, se till att lampan alltid t\u00e4nds med maximal effekt, n\u00e4r str\u00f6mmen st\u00e4ngs av d\u00e4remellan och bilen b\u00f6rjar r\u00f6ra sig igen.<\/p>\n<p>B\u00e5gens kantl\u00f6sa lins \u00e4r tillverkad av UV-skyddande och praktiskt taget okrossbar polykarbonat, vilket g\u00f6r den motst\u00e5ndskraftig mot b\u00e5de stenskott och repor fr\u00e5n grenar. Den kantfria designen f\u00f6rhindrar ocks\u00e5 ansamling av sn\u00f6, is eller smuts, vilket g\u00f6r att linsen f\u00f6rblir ren \u00e4ven n\u00e4r du k\u00f6r i d\u00e5liga v\u00e4derf\u00f6rh\u00e5llanden.<\/p>\n<p><\/p>\n<p>Dessutom \u00e4r sj\u00e4lva armaturen optimerad f\u00f6r robust anv\u00e4ndning tack vare sin pulverlackerade och UV-skyddade aluminiumkonstruktion. Detta hj\u00e4lper den att motst\u00e5 repor, blekning och andra tuffa f\u00f6rh\u00e5llanden, samtidigt som den ger utm\u00e4rkt motst\u00e5ndskraft mot korrosion. Led-st\u00e5ngen har en IP68\/IP69K-skyddsklassning, vilket visar p\u00e5 dess h\u00e5llbarhet och kompakta struktur. Med sitt eleganta utseende och parkeringsljus som kan lysa i antingen vitt eller orange \u00e4r led-st\u00e5ngen verkligen oemotst\u00e5ndlig, en visuell njutning! Kanske till och med marknadens mest attraktiva LED-ljusramp?<\/p>\n<p><\/p>\n<p>Led-lampan levereras med b\u00e5de traditionella sidof\u00e4sten och breddjusterbara balkf\u00e4sten under lampan, vilket ger m\u00e5nga installationsm\u00f6jligheter. Installationen underl\u00e4ttas av den 2-poliga DTP-kontakten som redan \u00e4r f\u00f6rinstallerad p\u00e5 led-lampans str\u00f6mkabel, och det breda driftsp\u00e4nningsomr\u00e5det (9-32 V) m\u00f6jligg\u00f6r installation i b\u00e5de 12V- och 24V-system. Ledst\u00e5ngens referensnummer (17,5) g\u00f6r att den kan monteras i n\u00e4stan alla standardstr\u00e5lkastare utan att originalstr\u00e5lkastarna blir oanv\u00e4ndbara. Dessutom \u00e4r led-lampan skyddad mot radiost\u00f6rningar enligt ECE R10-standarden. <span style=\"font-weight: bold\">Den levereras med en garanti p\u00e5 tv\u00e5 \u00e5r (24 m\u00e5nader)!<\/span><\/p>\n<p><span style=\"font-weight: bold\"><br \/><\/span><\/p>\n<p><span style=\"font-weight: bold\">Leveransens inneh\u00e5ll<\/span><\/p>\n<ul>\n<li>Purelux Panther Aero S800<\/li>\n<li>2 x breddjusterbara skenf\u00e4sten<\/li>\n<li>2 x traditionella sidof\u00e4sten<\/li>\n<li>Str\u00f6mkabel med kontaktdon<\/li>\n<li>Anslutnings- och monteringsanvisningar (FI\/SE\/NO\/DK)<\/li>\n<\/ul>\n<p><\/p>\n<p><span style=\"font-weight: bold\">Teknisk specifikation<\/span><\/p>\n<ul>\n<li>LED: 27 x 6W<\/li>\n<li>Driftsp\u00e4nning: 9-36 V (DC)<\/li>\n<li>Referensnummer: 50<\/li>\n<li>Ber\u00e4knad effekt: 162 W<\/li>\n<li>Uppm\u00e4tt str\u00f6mf\u00f6rbrukning<\/li>\n<li>Purelux PowerBoost\u00ae: 15,9A @ 12V \/ 6,20A @ 24V<\/li>\n<li>Standard: 6,16 A @ 12 V \/ 2,75 A @ 24 V<\/li>\n<li>Uppm\u00e4tt effekt<\/li>\n<li>Purelux PowerBoost\u00ae: 191 W @ 12V \/ 149 W @ 24V<\/li>\n<li>Standard: 74W @ 12V \/ 66W @ 24V<\/li>\n<li>Ljusfl\u00f6de enligt uppgift fr\u00e5n tillverkaren: 11000 lm (Purelux PowerBoost\u00ae)<\/li>\n<li>Uppm\u00e4tt: 12361 lm (Purelux PowerBoost\u00ae)<\/li>\n<li>Uppm\u00e4tt: 6564 lm (Standard)<\/li>\n<li>R\u00e4ckvidd enligt uppgift fr\u00e5n tillverkaren: 598 m @ 1 lux (Purelux PowerBoost\u00ae) \/ 468 m @ 1 lux (Standard)<\/li>\n<li>Uppm\u00e4tt: 550 m @ 1 lux \/ 1100 m @ 0,25 lux \/ (Purelux PowerBoost\u00ae)<\/li>\n<li>Uppm\u00e4tt: 405 m @ 1 lux \/ 810 m @ 0,25 lux (standard)<\/li>\n<li>F\u00e4rgtemperaturen anges av tillverkaren: 5000 K<\/li>\n<li>Uppm\u00e4tt: 5079 K<\/li>\n<li>Montering: Via sidof\u00e4ste eller skenf\u00e4sten - ing\u00e5r<\/li>\n<li>Kontaktdon: Deutsch DTP-2<\/li>\n<li>Separata kablar f\u00f6r parkeringsljus, inget kontaktdon<\/li>\n<li>Kabell\u00e4ngd: 50 cm<\/li>\n<li>M\u00e5tt: 783 x 42 x 62,5 mm 783 x 42 x 62,5 mm (bredd x h\u00f6jd x djup)<\/li>\n<li>H\u00f6jd med gavelben: 57 mm<\/li>\n<li>H\u00f6jd med nedre ben: 62 mm<\/li>\n<li>Vikt: 2250 g<\/li>\n<li>IP-klassning: IP68\/IP69K<\/li>\n<li>Godk\u00e4nnande: CE, ECE R10, R7, R112*<\/li>\n<li><span style=\"font-weight: bold\">*Godk\u00e4nnande f\u00f6r v\u00e4gtrafik g\u00e4ller inte f\u00f6r PowerBoost\u00ae-l\u00e4ge<\/span><\/li>\n<li>Garanti: 24 m\u00e5nader<\/li>\n<\/ul>\n<p><span style=\"font-weight: bold\"><\/span><\/p>","protected":false},"excerpt":{"rendered":"<p><span style=\"font-weight: bold\">Superl\u00e5g och aerodynamisk led-lampa, utrustad med bl.a. PowerBoost\u00ae-teknik och en underbart kombinerad ljusbild som t\u00e4mjer det \u00e4ndl\u00f6sa m\u00f6rkret.<\/span><\/p>","protected":false},"featured_media":48286,"comment_status":"open","ping_status":"closed","template":"","meta":{"_improvement_type_select":"improve_an_existing","_thumb_yes_seoaic":false,"_frame_yes_seoaic":false,"seoaic_generate_description":"","seoaic_improve_instructions_prompt":"","seoaic_rollback_content_improvement":"","seoaic_idea_thumbnail_generator":"","thumbnail_generated":false,"thumbnail_generate_prompt":"","seoaic_article_description":""},"make_fuel_type":[],"make_model":[],"make_brand":[],"make_year":[],"pwb-brand":[8333],"product_brand":[],"product_cat":[6195,6209,7373],"product_tag":[7551,8489],"class_list":{"0":"post-48290","1":"product","2":"type-product","3":"status-publish","4":"has-post-thumbnail","6":"pwb-brand-brand_purelux","7":"product_cat-lamps","8":"product_cat-auxiliary-lights","9":"product_cat-rstcom-purelux","10":"product_tag-extraljus","11":"product_tag-purelux","13":"first","14":"instock","15":"taxable","16":"shipping-taxable","17":"purchasable","18":"product-type-simple"},"yoast_head":"<!-- This site is optimized with the Yoast SEO plugin v25.7 - https:\/\/yoast.com\/wordpress\/plugins\/seo\/ -->\n<title>Auxiliary light Purelux Panther Aero S800 - RST-Steel<\/title>\n<meta name=\"description\" content=\"Purelux Panther Aero S800 is an extremely sleek and low-profile auxiliary light panel designed for both professional and private vehicle owners. Order now!\" \/>\n<meta name=\"robots\" content=\"index, follow, max-snippet:-1, max-image-preview:large, max-video-preview:-1\" \/>\n<link rel=\"canonical\" href=\"https:\/\/com.rst-steel.eu\/sv\/produkt\/purelux-panther-aero-s800-led-lisavalopaneeli_pr_76571\/\" \/>\n<meta property=\"og:locale\" content=\"sv_SE\" \/>\n<meta property=\"og:type\" content=\"article\" \/>\n<meta property=\"og:title\" content=\"Auxiliary light Purelux Panther Aero S800 - RST-Steel\" \/>\n<meta property=\"og:description\" content=\"Purelux Panther Aero S800 is an extremely sleek and low-profile auxiliary light panel designed for both professional and private vehicle owners. Order now!\" \/>\n<meta property=\"og:url\" content=\"https:\/\/com.rst-steel.eu\/sv\/produkt\/purelux-panther-aero-s800-led-lisavalopaneeli_pr_76571\/\" \/>\n<meta property=\"og:site_name\" content=\"RST-Steel\" \/>\n<meta property=\"article:publisher\" content=\"https:\/\/www.facebook.com\/rststeel\" \/>\n<meta property=\"article:modified_time\" content=\"2026-03-16T06:16:10+00:00\" \/>\n<meta property=\"og:image\" content=\"https:\/\/com.rst-steel.eu\/wp-content\/uploads\/2024\/11\/cc1c8f70facec78098376f223ca3c1adb98f954e_6012_0080.jpg\" \/>\n\t<meta property=\"og:image:width\" content=\"2048\" \/>\n\t<meta property=\"og:image:height\" content=\"2048\" \/>\n\t<meta property=\"og:image:type\" content=\"image\/jpeg\" \/>\n<meta name=\"twitter:card\" content=\"summary_large_image\" \/>\n<meta name=\"twitter:label1\" content=\"Ber\u00e4knad l\u00e4stid\" \/>\n\t<meta name=\"twitter:data1\" content=\"5 minuter\" \/>\n<script type=\"application\/ld+json\" class=\"yoast-schema-graph\">{\"@context\":\"https:\/\/schema.org\",\"@graph\":[{\"@type\":\"WebPage\",\"@id\":\"https:\/\/com.rst-steel.eu\/sv\/produkt\/purelux-panther-aero-s800-led-lisavalopaneeli_pr_76571\/\",\"url\":\"https:\/\/com.rst-steel.eu\/sv\/produkt\/purelux-panther-aero-s800-led-lisavalopaneeli_pr_76571\/\",\"name\":\"Auxiliary light Purelux Panther Aero S800 - RST-Steel\",\"isPartOf\":{\"@id\":\"https:\/\/com.rst-steel.eu\/#website\"},\"primaryImageOfPage\":{\"@id\":\"https:\/\/com.rst-steel.eu\/sv\/produkt\/purelux-panther-aero-s800-led-lisavalopaneeli_pr_76571\/#primaryimage\"},\"image\":{\"@id\":\"https:\/\/com.rst-steel.eu\/sv\/produkt\/purelux-panther-aero-s800-led-lisavalopaneeli_pr_76571\/#primaryimage\"},\"thumbnailUrl\":\"https:\/\/com.rst-steel.eu\/wp-content\/uploads\/2024\/11\/cc1c8f70facec78098376f223ca3c1adb98f954e_6012_0080.jpg\",\"datePublished\":\"2024-11-11T09:35:14+00:00\",\"dateModified\":\"2026-03-16T06:16:10+00:00\",\"description\":\"Purelux Panther Aero S800 is an extremely sleek and low-profile auxiliary light panel designed for both professional and private vehicle owners. Order now!\",\"breadcrumb\":{\"@id\":\"https:\/\/com.rst-steel.eu\/sv\/produkt\/purelux-panther-aero-s800-led-lisavalopaneeli_pr_76571\/#breadcrumb\"},\"inLanguage\":\"sv-SE\",\"potentialAction\":[{\"@type\":\"ReadAction\",\"target\":[\"https:\/\/com.rst-steel.eu\/sv\/produkt\/purelux-panther-aero-s800-led-lisavalopaneeli_pr_76571\/\"]}]},{\"@type\":\"ImageObject\",\"inLanguage\":\"sv-SE\",\"@id\":\"https:\/\/com.rst-steel.eu\/sv\/produkt\/purelux-panther-aero-s800-led-lisavalopaneeli_pr_76571\/#primaryimage\",\"url\":\"https:\/\/com.rst-steel.eu\/wp-content\/uploads\/2024\/11\/cc1c8f70facec78098376f223ca3c1adb98f954e_6012_0080.jpg\",\"contentUrl\":\"https:\/\/com.rst-steel.eu\/wp-content\/uploads\/2024\/11\/cc1c8f70facec78098376f223ca3c1adb98f954e_6012_0080.jpg\",\"width\":2048,\"height\":2048,\"caption\":\"Purelux Panther Aero S800 LED bar\"},{\"@type\":\"BreadcrumbList\",\"@id\":\"https:\/\/com.rst-steel.eu\/sv\/produkt\/purelux-panther-aero-s800-led-lisavalopaneeli_pr_76571\/#breadcrumb\",\"itemListElement\":[{\"@type\":\"ListItem\",\"position\":1,\"name\":\"Home\",\"item\":\"https:\/\/com.rst-steel.eu\/\"},{\"@type\":\"ListItem\",\"position\":2,\"name\":\"RST-Steel Shop\",\"item\":\"https:\/\/com.rst-steel.eu\/shop\/\"},{\"@type\":\"ListItem\",\"position\":3,\"name\":\"Auxiliary light Purelux Panther Aero S800\"}]},{\"@type\":\"WebSite\",\"@id\":\"https:\/\/com.rst-steel.eu\/#website\",\"url\":\"https:\/\/com.rst-steel.eu\/\",\"name\":\"RST-Steel.com\",\"description\":\"Finnish quality steel, for quality-conscious drivers\",\"publisher\":{\"@id\":\"https:\/\/com.rst-steel.eu\/#organization\"},\"alternateName\":\"Safe and stylish RST-Steel quality\",\"potentialAction\":[{\"@type\":\"SearchAction\",\"target\":{\"@type\":\"EntryPoint\",\"urlTemplate\":\"https:\/\/com.rst-steel.eu\/?s={search_term_string}\"},\"query-input\":{\"@type\":\"PropertyValueSpecification\",\"valueRequired\":true,\"valueName\":\"search_term_string\"}}],\"inLanguage\":\"sv-SE\"},{\"@type\":\"Organization\",\"@id\":\"https:\/\/com.rst-steel.eu\/#organization\",\"name\":\"RST-Steel Oy\",\"url\":\"https:\/\/com.rst-steel.eu\/\",\"logo\":{\"@type\":\"ImageObject\",\"inLanguage\":\"sv-SE\",\"@id\":\"https:\/\/com.rst-steel.eu\/#\/schema\/logo\/image\/\",\"url\":\"https:\/\/com.rst-steel.eu\/wp-content\/uploads\/2023\/04\/cropped-Rst-logo-valkoinen-teksti-3.png\",\"contentUrl\":\"https:\/\/com.rst-steel.eu\/wp-content\/uploads\/2023\/04\/cropped-Rst-logo-valkoinen-teksti-3.png\",\"width\":512,\"height\":115,\"caption\":\"RST-Steel Oy\"},\"image\":{\"@id\":\"https:\/\/com.rst-steel.eu\/#\/schema\/logo\/image\/\"},\"sameAs\":[\"https:\/\/www.facebook.com\/rststeel\",\"https:\/\/www.instagram.com\/rststeeloy\/\"]}]}<\/script>\n<!-- \/ Yoast SEO plugin. -->","yoast_head_json":{"title":"Auxiliary light Purelux Panther Aero S800 - RST-Steel","description":"Purelux Panther Aero S800 \u00e4r en extremt elegant och l\u00e5gprofilerad extra ljuspanel som \u00e4r utformad f\u00f6r b\u00e5de professionella och privata fordons\u00e4gare. Best\u00e4ll nu!","robots":{"index":"index","follow":"follow","max-snippet":"max-snippet:-1","max-image-preview":"max-image-preview:large","max-video-preview":"max-video-preview:-1"},"canonical":"https:\/\/com.rst-steel.eu\/sv\/produkt\/purelux-panther-aero-s800-led-lisavalopaneeli_pr_76571\/","og_locale":"sv_SE","og_type":"article","og_title":"Auxiliary light Purelux Panther Aero S800 - RST-Steel","og_description":"Purelux Panther Aero S800 is an extremely sleek and low-profile auxiliary light panel designed for both professional and private vehicle owners. Order now!","og_url":"https:\/\/com.rst-steel.eu\/sv\/produkt\/purelux-panther-aero-s800-led-lisavalopaneeli_pr_76571\/","og_site_name":"RST-Steel","article_publisher":"https:\/\/www.facebook.com\/rststeel","article_modified_time":"2026-03-16T06:16:10+00:00","og_image":[{"width":2048,"height":2048,"url":"https:\/\/com.rst-steel.eu\/wp-content\/uploads\/2024\/11\/cc1c8f70facec78098376f223ca3c1adb98f954e_6012_0080.jpg","type":"image\/jpeg"}],"twitter_card":"summary_large_image","twitter_misc":{"Ber\u00e4knad l\u00e4stid":"5 minuter"},"schema":{"@context":"https:\/\/schema.org","@graph":[{"@type":"WebPage","@id":"https:\/\/com.rst-steel.eu\/sv\/produkt\/purelux-panther-aero-s800-led-lisavalopaneeli_pr_76571\/","url":"https:\/\/com.rst-steel.eu\/sv\/produkt\/purelux-panther-aero-s800-led-lisavalopaneeli_pr_76571\/","name":"Auxiliary light Purelux Panther Aero S800 - RST-Steel","isPartOf":{"@id":"https:\/\/com.rst-steel.eu\/#website"},"primaryImageOfPage":{"@id":"https:\/\/com.rst-steel.eu\/sv\/produkt\/purelux-panther-aero-s800-led-lisavalopaneeli_pr_76571\/#primaryimage"},"image":{"@id":"https:\/\/com.rst-steel.eu\/sv\/produkt\/purelux-panther-aero-s800-led-lisavalopaneeli_pr_76571\/#primaryimage"},"thumbnailUrl":"https:\/\/com.rst-steel.eu\/wp-content\/uploads\/2024\/11\/cc1c8f70facec78098376f223ca3c1adb98f954e_6012_0080.jpg","datePublished":"2024-11-11T09:35:14+00:00","dateModified":"2026-03-16T06:16:10+00:00","description":"Purelux Panther Aero S800 \u00e4r en extremt elegant och l\u00e5gprofilerad extra ljuspanel som \u00e4r utformad f\u00f6r b\u00e5de professionella och privata fordons\u00e4gare. Best\u00e4ll nu!","breadcrumb":{"@id":"https:\/\/com.rst-steel.eu\/sv\/produkt\/purelux-panther-aero-s800-led-lisavalopaneeli_pr_76571\/#breadcrumb"},"inLanguage":"sv-SE","potentialAction":[{"@type":"ReadAction","target":["https:\/\/com.rst-steel.eu\/sv\/produkt\/purelux-panther-aero-s800-led-lisavalopaneeli_pr_76571\/"]}]},{"@type":"ImageObject","inLanguage":"sv-SE","@id":"https:\/\/com.rst-steel.eu\/sv\/produkt\/purelux-panther-aero-s800-led-lisavalopaneeli_pr_76571\/#primaryimage","url":"https:\/\/com.rst-steel.eu\/wp-content\/uploads\/2024\/11\/cc1c8f70facec78098376f223ca3c1adb98f954e_6012_0080.jpg","contentUrl":"https:\/\/com.rst-steel.eu\/wp-content\/uploads\/2024\/11\/cc1c8f70facec78098376f223ca3c1adb98f954e_6012_0080.jpg","width":2048,"height":2048,"caption":"Purelux Panther Aero S800 LED bar"},{"@type":"BreadcrumbList","@id":"https:\/\/com.rst-steel.eu\/sv\/produkt\/purelux-panther-aero-s800-led-lisavalopaneeli_pr_76571\/#breadcrumb","itemListElement":[{"@type":"ListItem","position":1,"name":"Home","item":"https:\/\/com.rst-steel.eu\/"},{"@type":"ListItem","position":2,"name":"RST-Steel Shop","item":"https:\/\/com.rst-steel.eu\/shop\/"},{"@type":"ListItem","position":3,"name":"Auxiliary light Purelux Panther Aero S800"}]},{"@type":"WebSite","@id":"https:\/\/com.rst-steel.eu\/#website","url":"https:\/\/com.rst-steel.eu\/","name":"RST-Stahl.com","description":"Finskt kvalitetsst\u00e5l, f\u00f6r kvalitetsmedvetna f\u00f6rare","publisher":{"@id":"https:\/\/com.rst-steel.eu\/#organization"},"alternateName":"Safe and stylish RST-Steel quality","potentialAction":[{"@type":"SearchAction","target":{"@type":"EntryPoint","urlTemplate":"https:\/\/com.rst-steel.eu\/?s={search_term_string}"},"query-input":{"@type":"PropertyValueSpecification","valueRequired":true,"valueName":"search_term_string"}}],"inLanguage":"sv-SE"},{"@type":"Organization","@id":"https:\/\/com.rst-steel.eu\/#organization","name":"RST-Steel Oy","url":"https:\/\/com.rst-steel.eu\/","logo":{"@type":"ImageObject","inLanguage":"sv-SE","@id":"https:\/\/com.rst-steel.eu\/#\/schema\/logo\/image\/","url":"https:\/\/com.rst-steel.eu\/wp-content\/uploads\/2023\/04\/cropped-Rst-logo-valkoinen-teksti-3.png","contentUrl":"https:\/\/com.rst-steel.eu\/wp-content\/uploads\/2023\/04\/cropped-Rst-logo-valkoinen-teksti-3.png","width":512,"height":115,"caption":"RST-Steel Oy"},"image":{"@id":"https:\/\/com.rst-steel.eu\/#\/schema\/logo\/image\/"},"sameAs":["https:\/\/www.facebook.com\/rststeel","https:\/\/www.instagram.com\/rststeeloy\/"]}]}},"brands":[{"id":8333,"name":"Purelux","slug":"brand_purelux"}],"_links":{"self":[{"href":"https:\/\/com.rst-steel.eu\/sv\/wp-json\/wp\/v2\/product\/48290","targetHints":{"allow":["GET"]}}],"collection":[{"href":"https:\/\/com.rst-steel.eu\/sv\/wp-json\/wp\/v2\/product"}],"about":[{"href":"https:\/\/com.rst-steel.eu\/sv\/wp-json\/wp\/v2\/types\/product"}],"replies":[{"embeddable":true,"href":"https:\/\/com.rst-steel.eu\/sv\/wp-json\/wp\/v2\/comments?post=48290"}],"version-history":[{"count":0,"href":"https:\/\/com.rst-steel.eu\/sv\/wp-json\/wp\/v2\/product\/48290\/revisions"}],"wp:featuredmedia":[{"embeddable":true,"href":"https:\/\/com.rst-steel.eu\/sv\/wp-json\/wp\/v2\/media\/48286"}],"wp:attachment":[{"href":"https:\/\/com.rst-steel.eu\/sv\/wp-json\/wp\/v2\/media?parent=48290"}],"wp:term":[{"taxonomy":"make_fuel_type","embeddable":true,"href":"https:\/\/com.rst-steel.eu\/sv\/wp-json\/wp\/v2\/make_fuel_type?post=48290"},{"taxonomy":"make_model","embeddable":true,"href":"https:\/\/com.rst-steel.eu\/sv\/wp-json\/wp\/v2\/make_model?post=48290"},{"taxonomy":"make_brand","embeddable":true,"href":"https:\/\/com.rst-steel.eu\/sv\/wp-json\/wp\/v2\/make_brand?post=48290"},{"taxonomy":"make_year","embeddable":true,"href":"https:\/\/com.rst-steel.eu\/sv\/wp-json\/wp\/v2\/make_year?post=48290"},{"taxonomy":"pwb-brand","embeddable":true,"href":"https:\/\/com.rst-steel.eu\/sv\/wp-json\/wp\/v2\/pwb-brand?post=48290"},{"taxonomy":"product_brand","embeddable":true,"href":"https:\/\/com.rst-steel.eu\/sv\/wp-json\/wp\/v2\/product_brand?post=48290"},{"taxonomy":"product_cat","embeddable":true,"href":"https:\/\/com.rst-steel.eu\/sv\/wp-json\/wp\/v2\/product_cat?post=48290"},{"taxonomy":"product_tag","embeddable":true,"href":"https:\/\/com.rst-steel.eu\/sv\/wp-json\/wp\/v2\/product_tag?post=48290"}],"curies":[{"name":"wp","href":"https:\/\/api.w.org\/{rel}","templated":true}]}}