{"id":48161,"date":"2024-11-06T15:35:46","date_gmt":"2024-11-06T12:35:46","guid":{"rendered":"https:\/\/rst-steel.com\/product\/lightboxes-deluxe-usb_prm_75496\/"},"modified":"2026-03-16T09:18:18","modified_gmt":"2026-03-16T06:18:18","slug":"ljuslador-deluxe-usb_prm_75496","status":"publish","type":"product","link":"https:\/\/com.rst-steel.eu\/sv\/produkt\/ljuslador-deluxe-usb_prm_75496\/","title":{"rendered":"Ljusl\u00e5dor Deluxe (USB)"},"content":{"rendered":"<p>Ljusl\u00e5dor Deluxe (USB)<\/p>\n<p>&nbsp;<\/p>\n<p><span style=\"font-weight: bold;\">En snygg innerbelysning f\u00f6r din lastbil!<\/span><\/p>\n<p>&nbsp;<\/p>\n<p>Dessa uppseendev\u00e4ckande ljusl\u00e5dor p\u00e5 17 x 17 cm ger din stuga en dj\u00e4rv och st\u00e4mningsfull belysning som framh\u00e4ver din unika stil.<\/p>\n<p>&nbsp;<\/p>\n<p>32 ljusstarka LED-lampor skapar ett mjukt och behagligt sken f\u00f6r din valda design.<\/p>\n<p>&nbsp;<\/p>\n<p>Ljusl\u00e5dan drivs bekv\u00e4mt via en USB-anslutning och inkluderar en 1 meter l\u00e5ng kabel, vilket g\u00f6r det enkelt att ansluta till fordonets USB-port. De medf\u00f6ljande h\u00e5llbara sugkopparna ger en s\u00e4ker fasts\u00e4ttning p\u00e5 glas eller sl\u00e4ta ytor, s\u00e5 att lampan sitter stadigt p\u00e5 plats \u00e4ven n\u00e4r du \u00e4r ute och k\u00f6r.<\/p>\n<p>&nbsp;<\/p>\n<p><span style=\"font-weight: bold;\">Finns i olika utf\u00f6randen - skapa din egen unika atmosf\u00e4r i kabinen och njut av din resa med stil!<\/span><\/p>\n<p><span style=\"font-weight: bold;\">\u00a0<\/span><\/p>\n<p><span style=\"font-weight: bold;\">Lightboxes Deluxe Technical Specifications:<\/span><\/p>\n<ul>\n<li>Storlek: 17 x 17 cm<\/li>\n<li>Montering med sugkopp<\/li>\n<li>USB-anslutning<\/li>\n<li>Svart sammetsbakgrund<\/li>\n<li>5 Volt USB<\/li>\n<\/ul>","protected":false},"excerpt":{"rendered":"<p><span style=\"font-weight: bold;\">En snygg innerbelysning f\u00f6r din lastbil!<\/span><\/p>","protected":false},"featured_media":48160,"comment_status":"open","ping_status":"closed","template":"","meta":{"_improvement_type_select":"improve_an_existing","_thumb_yes_seoaic":false,"_frame_yes_seoaic":false,"seoaic_generate_description":"","seoaic_improve_instructions_prompt":"","seoaic_rollback_content_improvement":"","seoaic_idea_thumbnail_generator":"","thumbnail_generated":false,"thumbnail_generate_prompt":"","seoaic_article_description":""},"make_fuel_type":[],"make_model":[],"make_brand":[],"make_year":[],"pwb-brand":[],"product_brand":[],"product_cat":[6097,6108],"product_tag":[8500],"class_list":{"0":"post-48161","1":"product","2":"type-product","3":"status-publish","4":"has-post-thumbnail","6":"product_cat-cabin-inside","7":"product_cat-decorations","8":"product_tag-interior","10":"first","11":"onbackorder","12":"taxable","13":"shipping-taxable","14":"purchasable","15":"product-type-variable"},"yoast_head":"<!-- This site is optimized with the Yoast SEO plugin v25.7 - https:\/\/yoast.com\/wordpress\/plugins\/seo\/ -->\n<title>Lightboxes Deluxe (USB) - RST-Steel<\/title>\n<meta name=\"description\" content=\"These attention-grabbing 17 x 17 cm lightboxes deluxe bring bold and atmospheric lighting to your cabin, highlighting your unique style.\" \/>\n<meta name=\"robots\" content=\"index, follow, max-snippet:-1, max-image-preview:large, max-video-preview:-1\" \/>\n<link rel=\"canonical\" href=\"https:\/\/com.rst-steel.eu\/sv\/produkt\/ljuslador-deluxe-usb_prm_75496\/\" \/>\n<meta property=\"og:locale\" content=\"sv_SE\" \/>\n<meta property=\"og:type\" content=\"article\" \/>\n<meta property=\"og:title\" content=\"Lightboxes Deluxe (USB) - RST-Steel\" \/>\n<meta property=\"og:description\" content=\"These attention-grabbing 17 x 17 cm lightboxes deluxe bring bold and atmospheric lighting to your cabin, highlighting your unique style.\" \/>\n<meta property=\"og:url\" content=\"https:\/\/com.rst-steel.eu\/sv\/produkt\/ljuslador-deluxe-usb_prm_75496\/\" \/>\n<meta property=\"og:site_name\" content=\"RST-Steel\" \/>\n<meta property=\"article:publisher\" content=\"https:\/\/www.facebook.com\/rststeel\" \/>\n<meta property=\"article:modified_time\" content=\"2026-03-16T06:18:18+00:00\" \/>\n<meta property=\"og:image\" content=\"https:\/\/com.rst-steel.eu\/wp-content\/uploads\/2024\/11\/008c3fda1c4ee2f6fe0b16ab8d1c064bb2ebe569_Deluxe.jpg\" \/>\n\t<meta property=\"og:image:width\" content=\"480\" \/>\n\t<meta property=\"og:image:height\" content=\"600\" \/>\n\t<meta property=\"og:image:type\" content=\"image\/jpeg\" \/>\n<meta name=\"twitter:card\" content=\"summary_large_image\" \/>\n<meta name=\"twitter:label1\" content=\"Ber\u00e4knad l\u00e4stid\" \/>\n\t<meta name=\"twitter:data1\" content=\"1 minut\" \/>\n<script type=\"application\/ld+json\" class=\"yoast-schema-graph\">{\"@context\":\"https:\/\/schema.org\",\"@graph\":[{\"@type\":\"WebPage\",\"@id\":\"https:\/\/com.rst-steel.eu\/nb\/produkt\/lysbokser-deluxe-usb_prm_75496\/\",\"url\":\"https:\/\/com.rst-steel.eu\/nb\/produkt\/lysbokser-deluxe-usb_prm_75496\/\",\"name\":\"Lightboxes Deluxe (USB) - RST-Steel\",\"isPartOf\":{\"@id\":\"https:\/\/com.rst-steel.eu\/#website\"},\"primaryImageOfPage\":{\"@id\":\"https:\/\/com.rst-steel.eu\/nb\/produkt\/lysbokser-deluxe-usb_prm_75496\/#primaryimage\"},\"image\":{\"@id\":\"https:\/\/com.rst-steel.eu\/nb\/produkt\/lysbokser-deluxe-usb_prm_75496\/#primaryimage\"},\"thumbnailUrl\":\"https:\/\/com.rst-steel.eu\/wp-content\/uploads\/2024\/11\/008c3fda1c4ee2f6fe0b16ab8d1c064bb2ebe569_Deluxe.jpg\",\"datePublished\":\"2024-11-06T12:35:46+00:00\",\"dateModified\":\"2026-03-16T06:18:18+00:00\",\"description\":\"These attention-grabbing 17 x 17 cm lightboxes deluxe bring bold and atmospheric lighting to your cabin, highlighting your unique style.\",\"breadcrumb\":{\"@id\":\"https:\/\/com.rst-steel.eu\/nb\/produkt\/lysbokser-deluxe-usb_prm_75496\/#breadcrumb\"},\"inLanguage\":\"sv-SE\",\"potentialAction\":[{\"@type\":\"ReadAction\",\"target\":[\"https:\/\/com.rst-steel.eu\/nb\/produkt\/lysbokser-deluxe-usb_prm_75496\/\"]}]},{\"@type\":\"ImageObject\",\"inLanguage\":\"sv-SE\",\"@id\":\"https:\/\/com.rst-steel.eu\/nb\/produkt\/lysbokser-deluxe-usb_prm_75496\/#primaryimage\",\"url\":\"https:\/\/com.rst-steel.eu\/wp-content\/uploads\/2024\/11\/008c3fda1c4ee2f6fe0b16ab8d1c064bb2ebe569_Deluxe.jpg\",\"contentUrl\":\"https:\/\/com.rst-steel.eu\/wp-content\/uploads\/2024\/11\/008c3fda1c4ee2f6fe0b16ab8d1c064bb2ebe569_Deluxe.jpg\",\"width\":480,\"height\":600,\"caption\":\"Lightboxes Deluxe (USB)\"},{\"@type\":\"BreadcrumbList\",\"@id\":\"https:\/\/com.rst-steel.eu\/nb\/produkt\/lysbokser-deluxe-usb_prm_75496\/#breadcrumb\",\"itemListElement\":[{\"@type\":\"ListItem\",\"position\":1,\"name\":\"Home\",\"item\":\"https:\/\/com.rst-steel.eu\/\"},{\"@type\":\"ListItem\",\"position\":2,\"name\":\"RST-Steel Shop\",\"item\":\"https:\/\/com.rst-steel.eu\/shop\/\"},{\"@type\":\"ListItem\",\"position\":3,\"name\":\"Lightboxes Deluxe (USB)\"}]},{\"@type\":\"WebSite\",\"@id\":\"https:\/\/com.rst-steel.eu\/#website\",\"url\":\"https:\/\/com.rst-steel.eu\/\",\"name\":\"RST-Steel.com\",\"description\":\"Finnish quality steel, for quality-conscious drivers\",\"publisher\":{\"@id\":\"https:\/\/com.rst-steel.eu\/#organization\"},\"alternateName\":\"Safe and stylish RST-Steel quality\",\"potentialAction\":[{\"@type\":\"SearchAction\",\"target\":{\"@type\":\"EntryPoint\",\"urlTemplate\":\"https:\/\/com.rst-steel.eu\/?s={search_term_string}\"},\"query-input\":{\"@type\":\"PropertyValueSpecification\",\"valueRequired\":true,\"valueName\":\"search_term_string\"}}],\"inLanguage\":\"sv-SE\"},{\"@type\":\"Organization\",\"@id\":\"https:\/\/com.rst-steel.eu\/#organization\",\"name\":\"RST-Steel Oy\",\"url\":\"https:\/\/com.rst-steel.eu\/\",\"logo\":{\"@type\":\"ImageObject\",\"inLanguage\":\"sv-SE\",\"@id\":\"https:\/\/com.rst-steel.eu\/#\/schema\/logo\/image\/\",\"url\":\"https:\/\/com.rst-steel.eu\/wp-content\/uploads\/2023\/04\/cropped-Rst-logo-valkoinen-teksti-3.png\",\"contentUrl\":\"https:\/\/com.rst-steel.eu\/wp-content\/uploads\/2023\/04\/cropped-Rst-logo-valkoinen-teksti-3.png\",\"width\":512,\"height\":115,\"caption\":\"RST-Steel Oy\"},\"image\":{\"@id\":\"https:\/\/com.rst-steel.eu\/#\/schema\/logo\/image\/\"},\"sameAs\":[\"https:\/\/www.facebook.com\/rststeel\",\"https:\/\/www.instagram.com\/rststeeloy\/\"]}]}<\/script>\n<!-- \/ Yoast SEO plugin. -->","yoast_head_json":{"title":"Ljusl\u00e5dor Deluxe (USB) - RST-Steel","description":"Dessa uppseendev\u00e4ckande 17 x 17 cm ljusl\u00e5dor deluxe ger en dj\u00e4rv och st\u00e4mningsfull belysning till din stuga och framh\u00e4ver din unika stil.","robots":{"index":"index","follow":"follow","max-snippet":"max-snippet:-1","max-image-preview":"max-image-preview:large","max-video-preview":"max-video-preview:-1"},"canonical":"https:\/\/com.rst-steel.eu\/sv\/produkt\/ljuslador-deluxe-usb_prm_75496\/","og_locale":"sv_SE","og_type":"article","og_title":"Lightboxes Deluxe (USB) - RST-Steel","og_description":"These attention-grabbing 17 x 17 cm lightboxes deluxe bring bold and atmospheric lighting to your cabin, highlighting your unique style.","og_url":"https:\/\/com.rst-steel.eu\/sv\/produkt\/ljuslador-deluxe-usb_prm_75496\/","og_site_name":"RST-Steel","article_publisher":"https:\/\/www.facebook.com\/rststeel","article_modified_time":"2026-03-16T06:18:18+00:00","og_image":[{"width":480,"height":600,"url":"https:\/\/com.rst-steel.eu\/wp-content\/uploads\/2024\/11\/008c3fda1c4ee2f6fe0b16ab8d1c064bb2ebe569_Deluxe.jpg","type":"image\/jpeg"}],"twitter_card":"summary_large_image","twitter_misc":{"Ber\u00e4knad l\u00e4stid":"1 minut"},"schema":{"@context":"https:\/\/schema.org","@graph":[{"@type":"WebPage","@id":"https:\/\/com.rst-steel.eu\/nb\/produkt\/lysbokser-deluxe-usb_prm_75496\/","url":"https:\/\/com.rst-steel.eu\/nb\/produkt\/lysbokser-deluxe-usb_prm_75496\/","name":"Ljusl\u00e5dor Deluxe (USB) - RST-Steel","isPartOf":{"@id":"https:\/\/com.rst-steel.eu\/#website"},"primaryImageOfPage":{"@id":"https:\/\/com.rst-steel.eu\/nb\/produkt\/lysbokser-deluxe-usb_prm_75496\/#primaryimage"},"image":{"@id":"https:\/\/com.rst-steel.eu\/nb\/produkt\/lysbokser-deluxe-usb_prm_75496\/#primaryimage"},"thumbnailUrl":"https:\/\/com.rst-steel.eu\/wp-content\/uploads\/2024\/11\/008c3fda1c4ee2f6fe0b16ab8d1c064bb2ebe569_Deluxe.jpg","datePublished":"2024-11-06T12:35:46+00:00","dateModified":"2026-03-16T06:18:18+00:00","description":"Dessa uppseendev\u00e4ckande 17 x 17 cm ljusl\u00e5dor deluxe ger en dj\u00e4rv och st\u00e4mningsfull belysning till din stuga och framh\u00e4ver din unika stil.","breadcrumb":{"@id":"https:\/\/com.rst-steel.eu\/nb\/produkt\/lysbokser-deluxe-usb_prm_75496\/#breadcrumb"},"inLanguage":"sv-SE","potentialAction":[{"@type":"ReadAction","target":["https:\/\/com.rst-steel.eu\/nb\/produkt\/lysbokser-deluxe-usb_prm_75496\/"]}]},{"@type":"ImageObject","inLanguage":"sv-SE","@id":"https:\/\/com.rst-steel.eu\/nb\/produkt\/lysbokser-deluxe-usb_prm_75496\/#primaryimage","url":"https:\/\/com.rst-steel.eu\/wp-content\/uploads\/2024\/11\/008c3fda1c4ee2f6fe0b16ab8d1c064bb2ebe569_Deluxe.jpg","contentUrl":"https:\/\/com.rst-steel.eu\/wp-content\/uploads\/2024\/11\/008c3fda1c4ee2f6fe0b16ab8d1c064bb2ebe569_Deluxe.jpg","width":480,"height":600,"caption":"Lightboxes Deluxe (USB)"},{"@type":"BreadcrumbList","@id":"https:\/\/com.rst-steel.eu\/nb\/produkt\/lysbokser-deluxe-usb_prm_75496\/#breadcrumb","itemListElement":[{"@type":"ListItem","position":1,"name":"Home","item":"https:\/\/com.rst-steel.eu\/"},{"@type":"ListItem","position":2,"name":"RST-Steel Shop","item":"https:\/\/com.rst-steel.eu\/shop\/"},{"@type":"ListItem","position":3,"name":"Lightboxes Deluxe (USB)"}]},{"@type":"WebSite","@id":"https:\/\/com.rst-steel.eu\/#website","url":"https:\/\/com.rst-steel.eu\/","name":"RST-Stahl.com","description":"Finskt kvalitetsst\u00e5l, f\u00f6r kvalitetsmedvetna f\u00f6rare","publisher":{"@id":"https:\/\/com.rst-steel.eu\/#organization"},"alternateName":"Safe and stylish RST-Steel quality","potentialAction":[{"@type":"SearchAction","target":{"@type":"EntryPoint","urlTemplate":"https:\/\/com.rst-steel.eu\/?s={search_term_string}"},"query-input":{"@type":"PropertyValueSpecification","valueRequired":true,"valueName":"search_term_string"}}],"inLanguage":"sv-SE"},{"@type":"Organization","@id":"https:\/\/com.rst-steel.eu\/#organization","name":"RST-Steel Oy","url":"https:\/\/com.rst-steel.eu\/","logo":{"@type":"ImageObject","inLanguage":"sv-SE","@id":"https:\/\/com.rst-steel.eu\/#\/schema\/logo\/image\/","url":"https:\/\/com.rst-steel.eu\/wp-content\/uploads\/2023\/04\/cropped-Rst-logo-valkoinen-teksti-3.png","contentUrl":"https:\/\/com.rst-steel.eu\/wp-content\/uploads\/2023\/04\/cropped-Rst-logo-valkoinen-teksti-3.png","width":512,"height":115,"caption":"RST-Steel Oy"},"image":{"@id":"https:\/\/com.rst-steel.eu\/#\/schema\/logo\/image\/"},"sameAs":["https:\/\/www.facebook.com\/rststeel","https:\/\/www.instagram.com\/rststeeloy\/"]}]}},"brands":[],"_links":{"self":[{"href":"https:\/\/com.rst-steel.eu\/sv\/wp-json\/wp\/v2\/product\/48161","targetHints":{"allow":["GET"]}}],"collection":[{"href":"https:\/\/com.rst-steel.eu\/sv\/wp-json\/wp\/v2\/product"}],"about":[{"href":"https:\/\/com.rst-steel.eu\/sv\/wp-json\/wp\/v2\/types\/product"}],"replies":[{"embeddable":true,"href":"https:\/\/com.rst-steel.eu\/sv\/wp-json\/wp\/v2\/comments?post=48161"}],"version-history":[{"count":0,"href":"https:\/\/com.rst-steel.eu\/sv\/wp-json\/wp\/v2\/product\/48161\/revisions"}],"wp:featuredmedia":[{"embeddable":true,"href":"https:\/\/com.rst-steel.eu\/sv\/wp-json\/wp\/v2\/media\/48160"}],"wp:attachment":[{"href":"https:\/\/com.rst-steel.eu\/sv\/wp-json\/wp\/v2\/media?parent=48161"}],"wp:term":[{"taxonomy":"make_fuel_type","embeddable":true,"href":"https:\/\/com.rst-steel.eu\/sv\/wp-json\/wp\/v2\/make_fuel_type?post=48161"},{"taxonomy":"make_model","embeddable":true,"href":"https:\/\/com.rst-steel.eu\/sv\/wp-json\/wp\/v2\/make_model?post=48161"},{"taxonomy":"make_brand","embeddable":true,"href":"https:\/\/com.rst-steel.eu\/sv\/wp-json\/wp\/v2\/make_brand?post=48161"},{"taxonomy":"make_year","embeddable":true,"href":"https:\/\/com.rst-steel.eu\/sv\/wp-json\/wp\/v2\/make_year?post=48161"},{"taxonomy":"pwb-brand","embeddable":true,"href":"https:\/\/com.rst-steel.eu\/sv\/wp-json\/wp\/v2\/pwb-brand?post=48161"},{"taxonomy":"product_brand","embeddable":true,"href":"https:\/\/com.rst-steel.eu\/sv\/wp-json\/wp\/v2\/product_brand?post=48161"},{"taxonomy":"product_cat","embeddable":true,"href":"https:\/\/com.rst-steel.eu\/sv\/wp-json\/wp\/v2\/product_cat?post=48161"},{"taxonomy":"product_tag","embeddable":true,"href":"https:\/\/com.rst-steel.eu\/sv\/wp-json\/wp\/v2\/product_tag?post=48161"}],"curies":[{"name":"wp","href":"https:\/\/api.w.org\/{rel}","templated":true}]}}