{"id":48153,"date":"2024-11-06T15:35:19","date_gmt":"2024-11-06T12:35:19","guid":{"rendered":"https:\/\/rst-steel.com\/product\/danish-plush-dice-10x10-cm_prm_75457\/"},"modified":"2026-03-16T09:18:15","modified_gmt":"2026-03-16T06:18:15","slug":"dansk-plysch-tarning-10x10-cm_prm_75457","status":"publish","type":"product","link":"https:\/\/com.rst-steel.eu\/sv\/produkt\/dansk-plysch-tarning-10x10-cm_prm_75457\/","title":{"rendered":"Dansk plysch t\u00e4rning 10\u00d710 cm"},"content":{"rendered":"<p>Dansk plysch t\u00e4rning 10\u00d710 cm<\/p>\n<p>&nbsp;<\/p>\n<p><span style=\"font-weight: bold;\">Klassisk och stilfull bilinredning!<\/span><\/p>\n<p><span style=\"font-weight: bold;\">\u00a0<\/span><\/p>\n<p>Danska t\u00e4rningar i plysch ger en personlig touch till bilens interi\u00f6r. Med sin storlek p\u00e5 10 x 10 cm \u00e4r dessa mjuka, omsorgsfullt tillverkade t\u00e4rningar den perfekta detaljen f\u00f6r alla bilar och stilar. Finns i f\u00e4rgerna bl\u00e5, r\u00f6d och gr\u00e5.<\/p>\n<p>&nbsp;<\/p>\n<p><strong>M\u00e5ngsidiga monteringsalternativ<\/strong><\/p>\n<p>De mjuka t\u00e4rningarna \u00e4r utrustade med en l\u00e5ng, ca 70 cm l\u00e5ng sladd och \u00e4r l\u00e4tta att h\u00e4nga upp var som helst. Sugkoppsf\u00e4stet ger extra flexibilitet, s\u00e5 att du kan f\u00e4sta dem p\u00e5 valfri plats i ditt fordon.<\/p>\n<p>&nbsp;<\/p>\n<p><strong>F\u00f6rb\u00e4ttra din bils interi\u00f6r med stil!<\/strong><\/p>\n<p>Dessa t\u00e4rningar i plysch \u00e4r den perfekta pricken \u00f6ver i:et i din bilinredning och ser till att du sticker ut fr\u00e5n m\u00e4ngden.<\/p>\n<p>&nbsp;<\/p>","protected":false},"excerpt":{"rendered":"<p><strong>F\u00f6rb\u00e4ttra din bils interi\u00f6r med stil!<\/strong><\/p>\n<div><strong>\u00a0<\/strong><\/div>","protected":false},"featured_media":48152,"comment_status":"open","ping_status":"closed","template":"","meta":{"_improvement_type_select":"improve_an_existing","_thumb_yes_seoaic":false,"_frame_yes_seoaic":false,"seoaic_generate_description":"","seoaic_improve_instructions_prompt":"","seoaic_rollback_content_improvement":"","seoaic_idea_thumbnail_generator":"","thumbnail_generated":false,"thumbnail_generate_prompt":"","seoaic_article_description":""},"make_fuel_type":[],"make_model":[],"make_brand":[],"make_year":[],"pwb-brand":[],"product_brand":[],"product_cat":[6097,6108],"product_tag":[8500],"class_list":{"0":"post-48153","1":"product","2":"type-product","3":"status-publish","4":"has-post-thumbnail","6":"product_cat-cabin-inside","7":"product_cat-decorations","8":"product_tag-interior","10":"first","11":"onbackorder","12":"taxable","13":"shipping-taxable","14":"purchasable","15":"product-type-variable"},"yoast_head":"<!-- This site is optimized with the Yoast SEO plugin v25.7 - https:\/\/yoast.com\/wordpress\/plugins\/seo\/ -->\n<title>Danish Plush Dice 10x10 cm - RST-Steel<\/title>\n<meta name=\"description\" content=\"Danish Plush Dice 10x10 cm - Classic and Stylish Car Interior Decoration! Perfect detail for any car and style. Available in blue, red, and gray.\" \/>\n<meta name=\"robots\" content=\"index, follow, max-snippet:-1, max-image-preview:large, max-video-preview:-1\" \/>\n<link rel=\"canonical\" href=\"https:\/\/com.rst-steel.eu\/sv\/produkt\/dansk-plysch-tarning-10x10-cm_prm_75457\/\" \/>\n<meta property=\"og:locale\" content=\"sv_SE\" \/>\n<meta property=\"og:type\" content=\"article\" \/>\n<meta property=\"og:title\" content=\"Danish Plush Dice 10x10 cm - RST-Steel\" \/>\n<meta property=\"og:description\" content=\"Danish Plush Dice 10x10 cm - Classic and Stylish Car Interior Decoration! Perfect detail for any car and style. Available in blue, red, and gray.\" \/>\n<meta property=\"og:url\" content=\"https:\/\/com.rst-steel.eu\/sv\/produkt\/dansk-plysch-tarning-10x10-cm_prm_75457\/\" \/>\n<meta property=\"og:site_name\" content=\"RST-Steel\" \/>\n<meta property=\"article:publisher\" content=\"https:\/\/www.facebook.com\/rststeel\" \/>\n<meta property=\"article:modified_time\" content=\"2026-03-16T06:18:15+00:00\" \/>\n<meta property=\"og:image\" content=\"https:\/\/com.rst-steel.eu\/wp-content\/uploads\/2024\/11\/8b986abb795b9705e8f39193dbf8c489a8fe7911_1081_0010.jpg\" \/>\n\t<meta property=\"og:image:width\" content=\"796\" \/>\n\t<meta property=\"og:image:height\" content=\"1200\" \/>\n\t<meta property=\"og:image:type\" content=\"image\/jpeg\" \/>\n<meta name=\"twitter:card\" content=\"summary_large_image\" \/>\n<meta name=\"twitter:label1\" content=\"Ber\u00e4knad l\u00e4stid\" \/>\n\t<meta name=\"twitter:data1\" content=\"1 minut\" \/>\n<script type=\"application\/ld+json\" class=\"yoast-schema-graph\">{\"@context\":\"https:\/\/schema.org\",\"@graph\":[{\"@type\":\"WebPage\",\"@id\":\"https:\/\/com.rst-steel.eu\/nb\/produkt\/dansk-plysj-terning-10x10-cm_prm_75457\/\",\"url\":\"https:\/\/com.rst-steel.eu\/nb\/produkt\/dansk-plysj-terning-10x10-cm_prm_75457\/\",\"name\":\"Danish Plush Dice 10x10 cm - RST-Steel\",\"isPartOf\":{\"@id\":\"https:\/\/com.rst-steel.eu\/#website\"},\"primaryImageOfPage\":{\"@id\":\"https:\/\/com.rst-steel.eu\/nb\/produkt\/dansk-plysj-terning-10x10-cm_prm_75457\/#primaryimage\"},\"image\":{\"@id\":\"https:\/\/com.rst-steel.eu\/nb\/produkt\/dansk-plysj-terning-10x10-cm_prm_75457\/#primaryimage\"},\"thumbnailUrl\":\"https:\/\/com.rst-steel.eu\/wp-content\/uploads\/2024\/11\/8b986abb795b9705e8f39193dbf8c489a8fe7911_1081_0010.jpg\",\"datePublished\":\"2024-11-06T12:35:19+00:00\",\"dateModified\":\"2026-03-16T06:18:15+00:00\",\"description\":\"Danish Plush Dice 10x10 cm - Classic and Stylish Car Interior Decoration! Perfect detail for any car and style. Available in blue, red, and gray.\",\"breadcrumb\":{\"@id\":\"https:\/\/com.rst-steel.eu\/nb\/produkt\/dansk-plysj-terning-10x10-cm_prm_75457\/#breadcrumb\"},\"inLanguage\":\"sv-SE\",\"potentialAction\":[{\"@type\":\"ReadAction\",\"target\":[\"https:\/\/com.rst-steel.eu\/nb\/produkt\/dansk-plysj-terning-10x10-cm_prm_75457\/\"]}]},{\"@type\":\"ImageObject\",\"inLanguage\":\"sv-SE\",\"@id\":\"https:\/\/com.rst-steel.eu\/nb\/produkt\/dansk-plysj-terning-10x10-cm_prm_75457\/#primaryimage\",\"url\":\"https:\/\/com.rst-steel.eu\/wp-content\/uploads\/2024\/11\/8b986abb795b9705e8f39193dbf8c489a8fe7911_1081_0010.jpg\",\"contentUrl\":\"https:\/\/com.rst-steel.eu\/wp-content\/uploads\/2024\/11\/8b986abb795b9705e8f39193dbf8c489a8fe7911_1081_0010.jpg\",\"width\":796,\"height\":1200,\"caption\":\"Danish Plush Dice 10x10 cm\"},{\"@type\":\"BreadcrumbList\",\"@id\":\"https:\/\/com.rst-steel.eu\/nb\/produkt\/dansk-plysj-terning-10x10-cm_prm_75457\/#breadcrumb\",\"itemListElement\":[{\"@type\":\"ListItem\",\"position\":1,\"name\":\"Home\",\"item\":\"https:\/\/com.rst-steel.eu\/\"},{\"@type\":\"ListItem\",\"position\":2,\"name\":\"RST-Steel Shop\",\"item\":\"https:\/\/com.rst-steel.eu\/shop\/\"},{\"@type\":\"ListItem\",\"position\":3,\"name\":\"Danish Plush Dice 10&#215;10 cm\"}]},{\"@type\":\"WebSite\",\"@id\":\"https:\/\/com.rst-steel.eu\/#website\",\"url\":\"https:\/\/com.rst-steel.eu\/\",\"name\":\"RST-Steel.com\",\"description\":\"Finnish quality steel, for quality-conscious drivers\",\"publisher\":{\"@id\":\"https:\/\/com.rst-steel.eu\/#organization\"},\"alternateName\":\"Safe and stylish RST-Steel quality\",\"potentialAction\":[{\"@type\":\"SearchAction\",\"target\":{\"@type\":\"EntryPoint\",\"urlTemplate\":\"https:\/\/com.rst-steel.eu\/?s={search_term_string}\"},\"query-input\":{\"@type\":\"PropertyValueSpecification\",\"valueRequired\":true,\"valueName\":\"search_term_string\"}}],\"inLanguage\":\"sv-SE\"},{\"@type\":\"Organization\",\"@id\":\"https:\/\/com.rst-steel.eu\/#organization\",\"name\":\"RST-Steel Oy\",\"url\":\"https:\/\/com.rst-steel.eu\/\",\"logo\":{\"@type\":\"ImageObject\",\"inLanguage\":\"sv-SE\",\"@id\":\"https:\/\/com.rst-steel.eu\/#\/schema\/logo\/image\/\",\"url\":\"https:\/\/com.rst-steel.eu\/wp-content\/uploads\/2023\/04\/cropped-Rst-logo-valkoinen-teksti-3.png\",\"contentUrl\":\"https:\/\/com.rst-steel.eu\/wp-content\/uploads\/2023\/04\/cropped-Rst-logo-valkoinen-teksti-3.png\",\"width\":512,\"height\":115,\"caption\":\"RST-Steel Oy\"},\"image\":{\"@id\":\"https:\/\/com.rst-steel.eu\/#\/schema\/logo\/image\/\"},\"sameAs\":[\"https:\/\/www.facebook.com\/rststeel\",\"https:\/\/www.instagram.com\/rststeeloy\/\"]}]}<\/script>\n<!-- \/ Yoast SEO plugin. -->","yoast_head_json":{"title":"Dansk t\u00e4rning i plysch 10x10 cm - RST-Steel","description":"Dansk plysch t\u00e4rning 10x10 cm - Klassisk och stilfull bilinredning! Perfekt detalj f\u00f6r alla bilar och stilar. Finns i bl\u00e5tt, r\u00f6tt och gr\u00e5tt.","robots":{"index":"index","follow":"follow","max-snippet":"max-snippet:-1","max-image-preview":"max-image-preview:large","max-video-preview":"max-video-preview:-1"},"canonical":"https:\/\/com.rst-steel.eu\/sv\/produkt\/dansk-plysch-tarning-10x10-cm_prm_75457\/","og_locale":"sv_SE","og_type":"article","og_title":"Danish Plush Dice 10x10 cm - RST-Steel","og_description":"Danish Plush Dice 10x10 cm - Classic and Stylish Car Interior Decoration! Perfect detail for any car and style. Available in blue, red, and gray.","og_url":"https:\/\/com.rst-steel.eu\/sv\/produkt\/dansk-plysch-tarning-10x10-cm_prm_75457\/","og_site_name":"RST-Steel","article_publisher":"https:\/\/www.facebook.com\/rststeel","article_modified_time":"2026-03-16T06:18:15+00:00","og_image":[{"width":796,"height":1200,"url":"https:\/\/com.rst-steel.eu\/wp-content\/uploads\/2024\/11\/8b986abb795b9705e8f39193dbf8c489a8fe7911_1081_0010.jpg","type":"image\/jpeg"}],"twitter_card":"summary_large_image","twitter_misc":{"Ber\u00e4knad l\u00e4stid":"1 minut"},"schema":{"@context":"https:\/\/schema.org","@graph":[{"@type":"WebPage","@id":"https:\/\/com.rst-steel.eu\/nb\/produkt\/dansk-plysj-terning-10x10-cm_prm_75457\/","url":"https:\/\/com.rst-steel.eu\/nb\/produkt\/dansk-plysj-terning-10x10-cm_prm_75457\/","name":"Dansk t\u00e4rning i plysch 10x10 cm - RST-Steel","isPartOf":{"@id":"https:\/\/com.rst-steel.eu\/#website"},"primaryImageOfPage":{"@id":"https:\/\/com.rst-steel.eu\/nb\/produkt\/dansk-plysj-terning-10x10-cm_prm_75457\/#primaryimage"},"image":{"@id":"https:\/\/com.rst-steel.eu\/nb\/produkt\/dansk-plysj-terning-10x10-cm_prm_75457\/#primaryimage"},"thumbnailUrl":"https:\/\/com.rst-steel.eu\/wp-content\/uploads\/2024\/11\/8b986abb795b9705e8f39193dbf8c489a8fe7911_1081_0010.jpg","datePublished":"2024-11-06T12:35:19+00:00","dateModified":"2026-03-16T06:18:15+00:00","description":"Dansk plysch t\u00e4rning 10x10 cm - Klassisk och stilfull bilinredning! Perfekt detalj f\u00f6r alla bilar och stilar. Finns i bl\u00e5tt, r\u00f6tt och gr\u00e5tt.","breadcrumb":{"@id":"https:\/\/com.rst-steel.eu\/nb\/produkt\/dansk-plysj-terning-10x10-cm_prm_75457\/#breadcrumb"},"inLanguage":"sv-SE","potentialAction":[{"@type":"ReadAction","target":["https:\/\/com.rst-steel.eu\/nb\/produkt\/dansk-plysj-terning-10x10-cm_prm_75457\/"]}]},{"@type":"ImageObject","inLanguage":"sv-SE","@id":"https:\/\/com.rst-steel.eu\/nb\/produkt\/dansk-plysj-terning-10x10-cm_prm_75457\/#primaryimage","url":"https:\/\/com.rst-steel.eu\/wp-content\/uploads\/2024\/11\/8b986abb795b9705e8f39193dbf8c489a8fe7911_1081_0010.jpg","contentUrl":"https:\/\/com.rst-steel.eu\/wp-content\/uploads\/2024\/11\/8b986abb795b9705e8f39193dbf8c489a8fe7911_1081_0010.jpg","width":796,"height":1200,"caption":"Danish Plush Dice 10x10 cm"},{"@type":"BreadcrumbList","@id":"https:\/\/com.rst-steel.eu\/nb\/produkt\/dansk-plysj-terning-10x10-cm_prm_75457\/#breadcrumb","itemListElement":[{"@type":"ListItem","position":1,"name":"Home","item":"https:\/\/com.rst-steel.eu\/"},{"@type":"ListItem","position":2,"name":"RST-Steel Shop","item":"https:\/\/com.rst-steel.eu\/shop\/"},{"@type":"ListItem","position":3,"name":"Danish Plush Dice 10&#215;10 cm"}]},{"@type":"WebSite","@id":"https:\/\/com.rst-steel.eu\/#website","url":"https:\/\/com.rst-steel.eu\/","name":"RST-Stahl.com","description":"Finskt kvalitetsst\u00e5l, f\u00f6r kvalitetsmedvetna f\u00f6rare","publisher":{"@id":"https:\/\/com.rst-steel.eu\/#organization"},"alternateName":"Safe and stylish RST-Steel quality","potentialAction":[{"@type":"SearchAction","target":{"@type":"EntryPoint","urlTemplate":"https:\/\/com.rst-steel.eu\/?s={search_term_string}"},"query-input":{"@type":"PropertyValueSpecification","valueRequired":true,"valueName":"search_term_string"}}],"inLanguage":"sv-SE"},{"@type":"Organization","@id":"https:\/\/com.rst-steel.eu\/#organization","name":"RST-Steel Oy","url":"https:\/\/com.rst-steel.eu\/","logo":{"@type":"ImageObject","inLanguage":"sv-SE","@id":"https:\/\/com.rst-steel.eu\/#\/schema\/logo\/image\/","url":"https:\/\/com.rst-steel.eu\/wp-content\/uploads\/2023\/04\/cropped-Rst-logo-valkoinen-teksti-3.png","contentUrl":"https:\/\/com.rst-steel.eu\/wp-content\/uploads\/2023\/04\/cropped-Rst-logo-valkoinen-teksti-3.png","width":512,"height":115,"caption":"RST-Steel Oy"},"image":{"@id":"https:\/\/com.rst-steel.eu\/#\/schema\/logo\/image\/"},"sameAs":["https:\/\/www.facebook.com\/rststeel","https:\/\/www.instagram.com\/rststeeloy\/"]}]}},"brands":[],"_links":{"self":[{"href":"https:\/\/com.rst-steel.eu\/sv\/wp-json\/wp\/v2\/product\/48153","targetHints":{"allow":["GET"]}}],"collection":[{"href":"https:\/\/com.rst-steel.eu\/sv\/wp-json\/wp\/v2\/product"}],"about":[{"href":"https:\/\/com.rst-steel.eu\/sv\/wp-json\/wp\/v2\/types\/product"}],"replies":[{"embeddable":true,"href":"https:\/\/com.rst-steel.eu\/sv\/wp-json\/wp\/v2\/comments?post=48153"}],"version-history":[{"count":0,"href":"https:\/\/com.rst-steel.eu\/sv\/wp-json\/wp\/v2\/product\/48153\/revisions"}],"wp:featuredmedia":[{"embeddable":true,"href":"https:\/\/com.rst-steel.eu\/sv\/wp-json\/wp\/v2\/media\/48152"}],"wp:attachment":[{"href":"https:\/\/com.rst-steel.eu\/sv\/wp-json\/wp\/v2\/media?parent=48153"}],"wp:term":[{"taxonomy":"make_fuel_type","embeddable":true,"href":"https:\/\/com.rst-steel.eu\/sv\/wp-json\/wp\/v2\/make_fuel_type?post=48153"},{"taxonomy":"make_model","embeddable":true,"href":"https:\/\/com.rst-steel.eu\/sv\/wp-json\/wp\/v2\/make_model?post=48153"},{"taxonomy":"make_brand","embeddable":true,"href":"https:\/\/com.rst-steel.eu\/sv\/wp-json\/wp\/v2\/make_brand?post=48153"},{"taxonomy":"make_year","embeddable":true,"href":"https:\/\/com.rst-steel.eu\/sv\/wp-json\/wp\/v2\/make_year?post=48153"},{"taxonomy":"pwb-brand","embeddable":true,"href":"https:\/\/com.rst-steel.eu\/sv\/wp-json\/wp\/v2\/pwb-brand?post=48153"},{"taxonomy":"product_brand","embeddable":true,"href":"https:\/\/com.rst-steel.eu\/sv\/wp-json\/wp\/v2\/product_brand?post=48153"},{"taxonomy":"product_cat","embeddable":true,"href":"https:\/\/com.rst-steel.eu\/sv\/wp-json\/wp\/v2\/product_cat?post=48153"},{"taxonomy":"product_tag","embeddable":true,"href":"https:\/\/com.rst-steel.eu\/sv\/wp-json\/wp\/v2\/product_tag?post=48153"}],"curies":[{"name":"wp","href":"https:\/\/api.w.org\/{rel}","templated":true}]}}