{"id":46939,"date":"2024-09-27T11:51:51","date_gmt":"2024-09-27T08:51:51","guid":{"rendered":"https:\/\/rst-steel.com\/product\/roof-bar-with-short-side-extensions-20h-scania-ng-17-highline_prm_66123\/"},"modified":"2026-03-16T09:18:00","modified_gmt":"2026-03-16T06:18:00","slug":"roof-bar-basic-medium-v03-scania-nextgen-highline_prm_66123","status":"publish","type":"product","link":"https:\/\/com.rst-steel.eu\/sv\/produkt\/roof-bar-basic-medium-v03-scania-nextgen-highline_prm_66123\/","title":{"rendered":"Roof Bar Basic Medium V03 Scania NextGen &#8211; Highline"},"content":{"rendered":"<p>RST-Steel&#8217;s roof bars are high-quality products<span style=\"font-weight: bold;\">\u00a0made in Finland<\/span>\u00a0av rostfritt st\u00e5l<\/p>\n<p>&nbsp;<\/p>\n<p>Designed to complement the stylish lines of your truck, the roof bar not only enhances its appearance but also adds practicality and safety. It can be equipped with auxiliary lights and position lights, ensuring maximum visibility on the road and improved safety for both you and other road users.<\/p>\n<ul>\n<li><\/li>\n<\/ul>\n<p>&nbsp;<\/p>\n<p><span style=\"font-weight: bold;\">Egenskaper:<\/span><\/p>\n<ul>\n<li>Compatibility: Designed for Scania NextGen models with a Highline Cab, ensuring quick and effortless installation.<\/li>\n<li>Material: Tillverkad av slitstarkt rostfritt st\u00e5l, vilket garanterar l\u00e5ng livsl\u00e4ngd och utm\u00e4rkt v\u00e4derbest\u00e4ndighet.<\/li>\n<li>Snygg design: Polerad eller m\u00e5lad yta och elegant design f\u00f6rb\u00e4ttrar utseendet p\u00e5 din lastbil.<\/li>\n<li>Light Installation: Thanks to the welded auxiliary light brackets, you can easily mount several additional lights onto the roof bar.<\/li>\n<li>S\u00e4kerhet: F\u00f6rb\u00e4ttrar sikten i m\u00f6rker och under sv\u00e5ra k\u00f6rf\u00f6rh\u00e5llanden, vilket \u00f6kar s\u00e4kerheten f\u00f6r b\u00e5de f\u00f6raren och andra trafikanter.<\/li>\n<li><\/li>\n<\/ul>\n<p>&nbsp;<\/p>\n<p><span style=\"font-weight: bold;\">Compatible with 3pcs 40cm light panel or 6pcs 9\u2019\u2019 round lamps.<\/span><\/p>\n<p><span style=\"font-weight: bold;\">Compatible\u00a0with factory-installed corner high beams.<\/span><\/p>\n<ul>\n<li><span style=\"font-weight: bold;\"><br \/>\n<\/span><\/li>\n<\/ul>\n<p>&nbsp;<\/p>\n<p><span style=\"font-weight: bold;\">Varf\u00f6r v\u00e4lja RST-Steel?<\/span><\/p>\n<ul>\n<li><span style=\"font-weight: bold;\">Tillverkade i Finland<\/span>: All our products are manufactured in our own production facility in Nivala, Finland.<\/li>\n<\/ul>\n<ul>\n<li><span style=\"font-weight: bold;\">P\u00e5litlighet<\/span>: M\u00e5nga \u00e5rs erfarenhet och expertis s\u00e4kerst\u00e4ller den h\u00f6ga kvaliteten och h\u00e5llbarheten hos v\u00e5ra produkter.<\/li>\n<li><span style=\"font-weight: bold;\">Kundn\u00f6jdhet:<\/span>\u00a0Tusentals n\u00f6jda kunder v\u00e4rlden \u00f6ver litar p\u00e5 RST-Steels produkter.<\/li>\n<li><\/li>\n<\/ul>\n<p>&nbsp;<\/p>\n<p><span style=\"font-weight: bold;\">Teknisk information:<\/span><\/p>\n<ul>\n<li>\u00a0F\u00e4rg: Polerat rostfritt st\u00e5l eller pulverlackerat med RAL-f\u00e4rger<\/li>\n<li>R\u00f6rens diameter: 76 mm \/ 60 mm<\/li>\n<li>Svetsad lamph\u00e5llarskena<\/li>\n<li><\/li>\n<\/ul>\n<p><span style=\"font-weight: bold;\">\u00a0<\/span><\/p>\n<p><span style=\"font-weight: bold;\">Leveransinneh\u00e5ll:<\/span><\/p>\n<ul>\n<li>Takb\u00e5ge<\/li>\n<li>Monteringsf\u00e4sten som beh\u00f6vs f\u00f6r installation<\/li>\n<li>Instruktioner f\u00f6r installation<\/li>\n<\/ul>","protected":false},"excerpt":{"rendered":"<p><span style=\"font-weight: bold;\">NextGen models with a Highline Cab!<\/span><\/p>","protected":false},"featured_media":46934,"comment_status":"open","ping_status":"closed","template":"","meta":{"_improvement_type_select":"improve_an_existing","_thumb_yes_seoaic":false,"_frame_yes_seoaic":false,"seoaic_generate_description":"","seoaic_improve_instructions_prompt":"","seoaic_rollback_content_improvement":"","seoaic_idea_thumbnail_generator":"","thumbnail_generated":false,"thumbnail_generate_prompt":"","seoaic_article_description":""},"make_fuel_type":[],"make_model":[5614,5608,5620,5623],"make_brand":[3744],"make_year":[3748],"pwb-brand":[8334],"product_brand":[],"product_cat":[6057,6058,7165],"product_tag":[8488,8494,8481,7549,8482],"class_list":{"0":"post-46939","1":"product","2":"type-product","3":"status-publish","4":"has-post-thumbnail","6":"make_engine-sleepercab-highline-cg","7":"make_engine-sleepercab-high-cp","8":"make_engine-sleepercab-highline-cr","9":"make_engine-sleepercab-highline-cs","10":"make_model-nextgen-g-2017","11":"make_model-nextgen-p-2017","12":"make_model-nextgen-r-2017","13":"make_model-nextgen-s-2017","14":"make_brand-scania","15":"make_year-trucks","16":"pwb-brand-brand_rststeel","17":"product_cat-lightbars","18":"product_cat-roofbars-for-trucks","19":"product_cat-scania-ka-lt","20":"product_tag-scania","21":"product_tag-scania-nextgen","22":"product_tag-scania-roof-bar","23":"product_tag-takbage","24":"product_tag-top-bar-scania","25":"product_shipping_class-lightbars","27":"first","28":"instock","29":"taxable","30":"shipping-taxable","31":"purchasable","32":"product-type-variable"},"yoast_head":"<!-- This site is optimized with the Yoast SEO plugin v25.7 - https:\/\/yoast.com\/wordpress\/plugins\/seo\/ -->\n<title>Roof Bar Basic Medium V03 Scania NextGen - Highline - RST-Steel<\/title>\n<meta name=\"description\" content=\"RoofBar With Short Side Extensions (20H) Scania NextGen 2017- models with Highline cab. Buy now and enhance safety with a high-quality roof bar!\" \/>\n<meta name=\"robots\" content=\"index, follow, max-snippet:-1, max-image-preview:large, max-video-preview:-1\" \/>\n<link rel=\"canonical\" href=\"https:\/\/com.rst-steel.eu\/sv\/produkt\/roof-bar-basic-medium-v03-scania-nextgen-highline_prm_66123\/\" \/>\n<meta property=\"og:locale\" content=\"sv_SE\" \/>\n<meta property=\"og:type\" content=\"article\" \/>\n<meta property=\"og:title\" content=\"Roof Bar Basic Medium V03 Scania NextGen - Highline - RST-Steel\" \/>\n<meta property=\"og:description\" content=\"RoofBar With Short Side Extensions (20H) Scania NextGen 2017- models with Highline cab. Buy now and enhance safety with a high-quality roof bar!\" \/>\n<meta property=\"og:url\" content=\"https:\/\/com.rst-steel.eu\/sv\/produkt\/roof-bar-basic-medium-v03-scania-nextgen-highline_prm_66123\/\" \/>\n<meta property=\"og:site_name\" content=\"RST-Steel\" \/>\n<meta property=\"article:publisher\" content=\"https:\/\/www.facebook.com\/rststeel\" \/>\n<meta property=\"article:modified_time\" content=\"2026-03-16T06:18:00+00:00\" \/>\n<meta property=\"og:image\" content=\"https:\/\/com.rst-steel.eu\/wp-content\/uploads\/2024\/09\/473fbb7fcde02b5c0b7493f7879c372881cbf08e_SC2103B_Tuotekuva-scaled.jpg\" \/>\n\t<meta property=\"og:image:width\" content=\"2560\" \/>\n\t<meta property=\"og:image:height\" content=\"1707\" \/>\n\t<meta property=\"og:image:type\" content=\"image\/jpeg\" \/>\n<meta name=\"twitter:card\" content=\"summary_large_image\" \/>\n<meta name=\"twitter:label1\" content=\"Ber\u00e4knad l\u00e4stid\" \/>\n\t<meta name=\"twitter:data1\" content=\"2 minuter\" \/>\n<script type=\"application\/ld+json\" class=\"yoast-schema-graph\">{\"@context\":\"https:\/\/schema.org\",\"@graph\":[{\"@type\":\"WebPage\",\"@id\":\"https:\/\/com.rst-steel.eu\/product\/roof-bar-basic-medium-v03-scania-nextgen-highline_prm_66123\/\",\"url\":\"https:\/\/com.rst-steel.eu\/product\/roof-bar-basic-medium-v03-scania-nextgen-highline_prm_66123\/\",\"name\":\"Roof Bar Basic Medium V03 Scania NextGen - Highline - RST-Steel\",\"isPartOf\":{\"@id\":\"https:\/\/com.rst-steel.eu\/#website\"},\"primaryImageOfPage\":{\"@id\":\"https:\/\/com.rst-steel.eu\/product\/roof-bar-basic-medium-v03-scania-nextgen-highline_prm_66123\/#primaryimage\"},\"image\":{\"@id\":\"https:\/\/com.rst-steel.eu\/product\/roof-bar-basic-medium-v03-scania-nextgen-highline_prm_66123\/#primaryimage\"},\"thumbnailUrl\":\"https:\/\/com.rst-steel.eu\/wp-content\/uploads\/2024\/09\/473fbb7fcde02b5c0b7493f7879c372881cbf08e_SC2103B_Tuotekuva-scaled.jpg\",\"datePublished\":\"2024-09-27T08:51:51+00:00\",\"dateModified\":\"2026-03-16T06:18:00+00:00\",\"description\":\"RoofBar With Short Side Extensions (20H) Scania NextGen 2017- models with Highline cab. Buy now and enhance safety with a high-quality roof bar!\",\"breadcrumb\":{\"@id\":\"https:\/\/com.rst-steel.eu\/product\/roof-bar-basic-medium-v03-scania-nextgen-highline_prm_66123\/#breadcrumb\"},\"inLanguage\":\"sv-SE\",\"potentialAction\":[{\"@type\":\"ReadAction\",\"target\":[\"https:\/\/com.rst-steel.eu\/product\/roof-bar-basic-medium-v03-scania-nextgen-highline_prm_66123\/\"]}]},{\"@type\":\"ImageObject\",\"inLanguage\":\"sv-SE\",\"@id\":\"https:\/\/com.rst-steel.eu\/product\/roof-bar-basic-medium-v03-scania-nextgen-highline_prm_66123\/#primaryimage\",\"url\":\"https:\/\/com.rst-steel.eu\/wp-content\/uploads\/2024\/09\/473fbb7fcde02b5c0b7493f7879c372881cbf08e_SC2103B_Tuotekuva-scaled.jpg\",\"contentUrl\":\"https:\/\/com.rst-steel.eu\/wp-content\/uploads\/2024\/09\/473fbb7fcde02b5c0b7493f7879c372881cbf08e_SC2103B_Tuotekuva-scaled.jpg\",\"width\":2560,\"height\":1707,\"caption\":\"Roof Bar With Short Side Extensions (20H) Scania NG 17- Highline\"},{\"@type\":\"BreadcrumbList\",\"@id\":\"https:\/\/com.rst-steel.eu\/product\/roof-bar-basic-medium-v03-scania-nextgen-highline_prm_66123\/#breadcrumb\",\"itemListElement\":[{\"@type\":\"ListItem\",\"position\":1,\"name\":\"Home\",\"item\":\"https:\/\/com.rst-steel.eu\/\"},{\"@type\":\"ListItem\",\"position\":2,\"name\":\"RST-Steel Shop\",\"item\":\"https:\/\/com.rst-steel.eu\/shop\/\"},{\"@type\":\"ListItem\",\"position\":3,\"name\":\"Roof Bar Basic Medium V03 Scania NextGen &#8211; Highline\"}]},{\"@type\":\"WebSite\",\"@id\":\"https:\/\/com.rst-steel.eu\/#website\",\"url\":\"https:\/\/com.rst-steel.eu\/\",\"name\":\"RST-Steel.com\",\"description\":\"Finnish quality steel, for quality-conscious drivers\",\"publisher\":{\"@id\":\"https:\/\/com.rst-steel.eu\/#organization\"},\"alternateName\":\"Safe and stylish RST-Steel quality\",\"potentialAction\":[{\"@type\":\"SearchAction\",\"target\":{\"@type\":\"EntryPoint\",\"urlTemplate\":\"https:\/\/com.rst-steel.eu\/?s={search_term_string}\"},\"query-input\":{\"@type\":\"PropertyValueSpecification\",\"valueRequired\":true,\"valueName\":\"search_term_string\"}}],\"inLanguage\":\"sv-SE\"},{\"@type\":\"Organization\",\"@id\":\"https:\/\/com.rst-steel.eu\/#organization\",\"name\":\"RST-Steel Oy\",\"url\":\"https:\/\/com.rst-steel.eu\/\",\"logo\":{\"@type\":\"ImageObject\",\"inLanguage\":\"sv-SE\",\"@id\":\"https:\/\/com.rst-steel.eu\/#\/schema\/logo\/image\/\",\"url\":\"https:\/\/com.rst-steel.eu\/wp-content\/uploads\/2023\/04\/cropped-Rst-logo-valkoinen-teksti-3.png\",\"contentUrl\":\"https:\/\/com.rst-steel.eu\/wp-content\/uploads\/2023\/04\/cropped-Rst-logo-valkoinen-teksti-3.png\",\"width\":512,\"height\":115,\"caption\":\"RST-Steel Oy\"},\"image\":{\"@id\":\"https:\/\/com.rst-steel.eu\/#\/schema\/logo\/image\/\"},\"sameAs\":[\"https:\/\/www.facebook.com\/rststeel\",\"https:\/\/www.instagram.com\/rststeeloy\/\"]}]}<\/script>\n<!-- \/ Yoast SEO plugin. -->","yoast_head_json":{"title":"Roof Bar Basic Medium V03 Scania NextGen - Highline - RST-Steel","description":"Takb\u00e5ge med korta sidof\u00f6rl\u00e4ngningar (20H) Scania NextGen 2017- modeller med Highline-hytt. K\u00f6p nu och \u00f6ka s\u00e4kerheten med en takb\u00e5ge av h\u00f6g kvalitet!","robots":{"index":"index","follow":"follow","max-snippet":"max-snippet:-1","max-image-preview":"max-image-preview:large","max-video-preview":"max-video-preview:-1"},"canonical":"https:\/\/com.rst-steel.eu\/sv\/produkt\/roof-bar-basic-medium-v03-scania-nextgen-highline_prm_66123\/","og_locale":"sv_SE","og_type":"article","og_title":"Roof Bar Basic Medium V03 Scania NextGen - Highline - RST-Steel","og_description":"RoofBar With Short Side Extensions (20H) Scania NextGen 2017- models with Highline cab. Buy now and enhance safety with a high-quality roof bar!","og_url":"https:\/\/com.rst-steel.eu\/sv\/produkt\/roof-bar-basic-medium-v03-scania-nextgen-highline_prm_66123\/","og_site_name":"RST-Steel","article_publisher":"https:\/\/www.facebook.com\/rststeel","article_modified_time":"2026-03-16T06:18:00+00:00","og_image":[{"width":2560,"height":1707,"url":"https:\/\/com.rst-steel.eu\/wp-content\/uploads\/2024\/09\/473fbb7fcde02b5c0b7493f7879c372881cbf08e_SC2103B_Tuotekuva-scaled.jpg","type":"image\/jpeg"}],"twitter_card":"summary_large_image","twitter_misc":{"Ber\u00e4knad l\u00e4stid":"2 minuter"},"schema":{"@context":"https:\/\/schema.org","@graph":[{"@type":"WebPage","@id":"https:\/\/com.rst-steel.eu\/product\/roof-bar-basic-medium-v03-scania-nextgen-highline_prm_66123\/","url":"https:\/\/com.rst-steel.eu\/product\/roof-bar-basic-medium-v03-scania-nextgen-highline_prm_66123\/","name":"Roof Bar Basic Medium V03 Scania NextGen - Highline - RST-Steel","isPartOf":{"@id":"https:\/\/com.rst-steel.eu\/#website"},"primaryImageOfPage":{"@id":"https:\/\/com.rst-steel.eu\/product\/roof-bar-basic-medium-v03-scania-nextgen-highline_prm_66123\/#primaryimage"},"image":{"@id":"https:\/\/com.rst-steel.eu\/product\/roof-bar-basic-medium-v03-scania-nextgen-highline_prm_66123\/#primaryimage"},"thumbnailUrl":"https:\/\/com.rst-steel.eu\/wp-content\/uploads\/2024\/09\/473fbb7fcde02b5c0b7493f7879c372881cbf08e_SC2103B_Tuotekuva-scaled.jpg","datePublished":"2024-09-27T08:51:51+00:00","dateModified":"2026-03-16T06:18:00+00:00","description":"Takb\u00e5ge med korta sidof\u00f6rl\u00e4ngningar (20H) Scania NextGen 2017- modeller med Highline-hytt. K\u00f6p nu och \u00f6ka s\u00e4kerheten med en takb\u00e5ge av h\u00f6g kvalitet!","breadcrumb":{"@id":"https:\/\/com.rst-steel.eu\/product\/roof-bar-basic-medium-v03-scania-nextgen-highline_prm_66123\/#breadcrumb"},"inLanguage":"sv-SE","potentialAction":[{"@type":"ReadAction","target":["https:\/\/com.rst-steel.eu\/product\/roof-bar-basic-medium-v03-scania-nextgen-highline_prm_66123\/"]}]},{"@type":"ImageObject","inLanguage":"sv-SE","@id":"https:\/\/com.rst-steel.eu\/product\/roof-bar-basic-medium-v03-scania-nextgen-highline_prm_66123\/#primaryimage","url":"https:\/\/com.rst-steel.eu\/wp-content\/uploads\/2024\/09\/473fbb7fcde02b5c0b7493f7879c372881cbf08e_SC2103B_Tuotekuva-scaled.jpg","contentUrl":"https:\/\/com.rst-steel.eu\/wp-content\/uploads\/2024\/09\/473fbb7fcde02b5c0b7493f7879c372881cbf08e_SC2103B_Tuotekuva-scaled.jpg","width":2560,"height":1707,"caption":"Roof Bar With Short Side Extensions (20H) Scania NG 17- Highline"},{"@type":"BreadcrumbList","@id":"https:\/\/com.rst-steel.eu\/product\/roof-bar-basic-medium-v03-scania-nextgen-highline_prm_66123\/#breadcrumb","itemListElement":[{"@type":"ListItem","position":1,"name":"Home","item":"https:\/\/com.rst-steel.eu\/"},{"@type":"ListItem","position":2,"name":"RST-Steel Shop","item":"https:\/\/com.rst-steel.eu\/shop\/"},{"@type":"ListItem","position":3,"name":"Roof Bar Basic Medium V03 Scania NextGen &#8211; Highline"}]},{"@type":"WebSite","@id":"https:\/\/com.rst-steel.eu\/#website","url":"https:\/\/com.rst-steel.eu\/","name":"RST-Stahl.com","description":"Finskt kvalitetsst\u00e5l, f\u00f6r kvalitetsmedvetna f\u00f6rare","publisher":{"@id":"https:\/\/com.rst-steel.eu\/#organization"},"alternateName":"Safe and stylish RST-Steel quality","potentialAction":[{"@type":"SearchAction","target":{"@type":"EntryPoint","urlTemplate":"https:\/\/com.rst-steel.eu\/?s={search_term_string}"},"query-input":{"@type":"PropertyValueSpecification","valueRequired":true,"valueName":"search_term_string"}}],"inLanguage":"sv-SE"},{"@type":"Organization","@id":"https:\/\/com.rst-steel.eu\/#organization","name":"RST-Steel Oy","url":"https:\/\/com.rst-steel.eu\/","logo":{"@type":"ImageObject","inLanguage":"sv-SE","@id":"https:\/\/com.rst-steel.eu\/#\/schema\/logo\/image\/","url":"https:\/\/com.rst-steel.eu\/wp-content\/uploads\/2023\/04\/cropped-Rst-logo-valkoinen-teksti-3.png","contentUrl":"https:\/\/com.rst-steel.eu\/wp-content\/uploads\/2023\/04\/cropped-Rst-logo-valkoinen-teksti-3.png","width":512,"height":115,"caption":"RST-Steel Oy"},"image":{"@id":"https:\/\/com.rst-steel.eu\/#\/schema\/logo\/image\/"},"sameAs":["https:\/\/www.facebook.com\/rststeel","https:\/\/www.instagram.com\/rststeeloy\/"]}]}},"brands":[{"id":8334,"name":"RST-Steel","slug":"brand_rststeel"}],"_links":{"self":[{"href":"https:\/\/com.rst-steel.eu\/sv\/wp-json\/wp\/v2\/product\/46939","targetHints":{"allow":["GET"]}}],"collection":[{"href":"https:\/\/com.rst-steel.eu\/sv\/wp-json\/wp\/v2\/product"}],"about":[{"href":"https:\/\/com.rst-steel.eu\/sv\/wp-json\/wp\/v2\/types\/product"}],"replies":[{"embeddable":true,"href":"https:\/\/com.rst-steel.eu\/sv\/wp-json\/wp\/v2\/comments?post=46939"}],"version-history":[{"count":0,"href":"https:\/\/com.rst-steel.eu\/sv\/wp-json\/wp\/v2\/product\/46939\/revisions"}],"wp:featuredmedia":[{"embeddable":true,"href":"https:\/\/com.rst-steel.eu\/sv\/wp-json\/wp\/v2\/media\/46934"}],"wp:attachment":[{"href":"https:\/\/com.rst-steel.eu\/sv\/wp-json\/wp\/v2\/media?parent=46939"}],"wp:term":[{"taxonomy":"make_fuel_type","embeddable":true,"href":"https:\/\/com.rst-steel.eu\/sv\/wp-json\/wp\/v2\/make_fuel_type?post=46939"},{"taxonomy":"make_model","embeddable":true,"href":"https:\/\/com.rst-steel.eu\/sv\/wp-json\/wp\/v2\/make_model?post=46939"},{"taxonomy":"make_brand","embeddable":true,"href":"https:\/\/com.rst-steel.eu\/sv\/wp-json\/wp\/v2\/make_brand?post=46939"},{"taxonomy":"make_year","embeddable":true,"href":"https:\/\/com.rst-steel.eu\/sv\/wp-json\/wp\/v2\/make_year?post=46939"},{"taxonomy":"pwb-brand","embeddable":true,"href":"https:\/\/com.rst-steel.eu\/sv\/wp-json\/wp\/v2\/pwb-brand?post=46939"},{"taxonomy":"product_brand","embeddable":true,"href":"https:\/\/com.rst-steel.eu\/sv\/wp-json\/wp\/v2\/product_brand?post=46939"},{"taxonomy":"product_cat","embeddable":true,"href":"https:\/\/com.rst-steel.eu\/sv\/wp-json\/wp\/v2\/product_cat?post=46939"},{"taxonomy":"product_tag","embeddable":true,"href":"https:\/\/com.rst-steel.eu\/sv\/wp-json\/wp\/v2\/product_tag?post=46939"}],"curies":[{"name":"wp","href":"https:\/\/api.w.org\/{rel}","templated":true}]}}