{"id":46729,"date":"2024-09-25T13:42:27","date_gmt":"2024-09-25T10:42:27","guid":{"rendered":"https:\/\/rst-steel.com\/product\/side-window-deflectors-scania-nextgen-s-r-2017-_pr_10654\/"},"modified":"2026-03-16T09:21:17","modified_gmt":"2026-03-16T06:21:17","slug":"sidofonsteravvisare-scania-nextgen-s-r-2017-_pr_10654","status":"publish","type":"product","link":"https:\/\/com.rst-steel.eu\/sv\/produkt\/sidofonsteravvisare-scania-nextgen-s-r-2017-_pr_10654\/","title":{"rendered":"Vindavvisare Scania NextGen S\/R 2017-"},"content":{"rendered":"<p>Vindavvisare Scania NextGen S\/R 2017-<\/p>\n<p>&nbsp;<\/p>\n<p>Sidof\u00f6nsteravvisarna \u00e4r ett viktigt tillbeh\u00f6r f\u00f6r den som vill undvika dragk\u00e4nslan inne i bilen och samtidigt ha en god ventilation. De hj\u00e4lper till att f\u00f6rhindra imma p\u00e5 rutorna under regniga dagar genom att till\u00e5ta luftcirkulation inuti fordonet. N\u00e4r f\u00f6nstret \u00e4r \u00f6ppet skyddar vindavvisarna f\u00f6raren fr\u00e5n direkta vindbyar.<\/p>\n<p>Sidof\u00f6nsteravvisarna minskar ocks\u00e5 ansamlingen av smuts p\u00e5 sidorutorna och f\u00f6rb\u00e4ttrar sikten genom sidospeglarna. \u00c4ven under kraftiga regn- eller sn\u00f6ov\u00e4der kan du h\u00e5lla f\u00f6nstren n\u00e5got \u00f6ppna utan att vatten eller sn\u00f6 kommer in i fordonet. F\u00f6rb\u00e4ttra b\u00e5de stilen och funktionaliteten hos din lastbil. Enkel installation!<\/p>\n<p>Tillverkad av gjutna akrylplattor av h\u00f6g kvalitet. Monteras p\u00e5 f\u00f6nstert\u00e4tningen med akryltejp, utan att belasta f\u00f6nstermekanismen. L\u00e4mplig \u00e4ven f\u00f6r dubbelglasade f\u00f6nster.<\/p>\n<p>&nbsp;<\/p>\n<p><strong>Passar:<\/strong><\/p>\n<ul>\n<li>Scania NextGen S 2017-<\/li>\n<li>Scania NextGen R 2017-<\/li>\n<\/ul>\n<p>&nbsp;<\/p>\n<p><strong>Inneh\u00e5ll:<\/strong><\/p>\n<ul>\n<li>F\u00f6nsteravvisare (v\u00e4nster och h\u00f6ger)<\/li>\n<li>N\u00f6dv\u00e4ndiga monteringsdetaljer<\/li>\n<\/ul>","protected":false},"excerpt":{"rendered":"<p><span style=\"font-weight: bold;\">Passar till Scania NextGen S\/R 2017- modeller!<\/span><\/p>","protected":false},"featured_media":46728,"comment_status":"open","ping_status":"closed","template":"","meta":{"_improvement_type_select":"improve_an_existing","_thumb_yes_seoaic":false,"_frame_yes_seoaic":false,"seoaic_generate_description":"","seoaic_improve_instructions_prompt":"","seoaic_rollback_content_improvement":"","seoaic_idea_thumbnail_generator":"","thumbnail_generated":false,"thumbnail_generate_prompt":"","seoaic_article_description":""},"make_fuel_type":[],"make_model":[5620,5623],"make_brand":[3744],"make_year":[3748],"pwb-brand":[8347],"product_brand":[],"product_cat":[7210,7212],"product_tag":[8488,8494],"class_list":{"0":"post-46729","1":"product","2":"type-product","3":"status-publish","4":"has-post-thumbnail","6":"make_engine-daycab-low-cr","7":"make_engine-daycab-normal-cr","8":"make_engine-sleepercab-highline-cr","9":"make_engine-sleepercab-highline-cs","10":"make_engine-sleepercab-low-cr","11":"make_engine-sleepercab-normal-cr","12":"make_engine-sleepercab-normal-cs","13":"make_model-nextgen-r-2017","14":"make_model-nextgen-s-2017","15":"make_brand-scania","16":"make_year-trucks","17":"pwb-brand-brand_vepro","18":"product_cat-sun-visors-and-wind-deflectors","19":"product_cat-window-wind-deflectors-for-trucks","20":"product_tag-scania","21":"product_tag-scania-nextgen","23":"first","24":"instock","25":"taxable","26":"shipping-taxable","27":"purchasable","28":"product-type-simple"},"yoast_head":"<!-- This site is optimized with the Yoast SEO plugin v25.7 - https:\/\/yoast.com\/wordpress\/plugins\/seo\/ -->\n<title>Side Window Deflectors Scania NextGen S\/R 2017- RST-Steel<\/title>\n<meta name=\"description\" content=\"Side Window Deflectors Scania NextGen S\/R-Series. Made from high-quality molded acrylic sheets. Installed on the window seal with acrylic tape!\" \/>\n<meta name=\"robots\" content=\"index, follow, max-snippet:-1, max-image-preview:large, max-video-preview:-1\" \/>\n<link rel=\"canonical\" href=\"https:\/\/com.rst-steel.eu\/sv\/produkt\/sidofonsteravvisare-scania-nextgen-s-r-2017-_pr_10654\/\" \/>\n<meta property=\"og:locale\" content=\"sv_SE\" \/>\n<meta property=\"og:type\" content=\"article\" \/>\n<meta property=\"og:title\" content=\"Side Window Deflectors Scania NextGen S\/R 2017- RST-Steel\" \/>\n<meta property=\"og:description\" content=\"Side Window Deflectors Scania NextGen S\/R-Series. Made from high-quality molded acrylic sheets. Installed on the window seal with acrylic tape!\" \/>\n<meta property=\"og:url\" content=\"https:\/\/com.rst-steel.eu\/sv\/produkt\/sidofonsteravvisare-scania-nextgen-s-r-2017-_pr_10654\/\" \/>\n<meta property=\"og:site_name\" content=\"RST-Steel\" \/>\n<meta property=\"article:publisher\" content=\"https:\/\/www.facebook.com\/rststeel\" \/>\n<meta property=\"article:modified_time\" content=\"2026-03-16T06:21:17+00:00\" \/>\n<meta property=\"og:image\" content=\"https:\/\/com.rst-steel.eu\/wp-content\/uploads\/2024\/09\/916667014b32006a4dcf4fa2c52673090569c8d1_80124.jpg\" \/>\n\t<meta property=\"og:image:width\" content=\"700\" \/>\n\t<meta property=\"og:image:height\" content=\"278\" \/>\n\t<meta property=\"og:image:type\" content=\"image\/jpeg\" \/>\n<meta name=\"twitter:card\" content=\"summary_large_image\" \/>\n<meta name=\"twitter:label1\" content=\"Ber\u00e4knad l\u00e4stid\" \/>\n\t<meta name=\"twitter:data1\" content=\"1 minut\" \/>\n<script type=\"application\/ld+json\" class=\"yoast-schema-graph\">{\"@context\":\"https:\/\/schema.org\",\"@graph\":[{\"@type\":\"WebPage\",\"@id\":\"https:\/\/com.rst-steel.eu\/nb\/produkt\/sidevindusavvisere-scania-nextgen-s-r-2017-_pr_10654\/\",\"url\":\"https:\/\/com.rst-steel.eu\/nb\/produkt\/sidevindusavvisere-scania-nextgen-s-r-2017-_pr_10654\/\",\"name\":\"Side Window Deflectors Scania NextGen S\/R 2017- RST-Steel\",\"isPartOf\":{\"@id\":\"https:\/\/com.rst-steel.eu\/#website\"},\"primaryImageOfPage\":{\"@id\":\"https:\/\/com.rst-steel.eu\/nb\/produkt\/sidevindusavvisere-scania-nextgen-s-r-2017-_pr_10654\/#primaryimage\"},\"image\":{\"@id\":\"https:\/\/com.rst-steel.eu\/nb\/produkt\/sidevindusavvisere-scania-nextgen-s-r-2017-_pr_10654\/#primaryimage\"},\"thumbnailUrl\":\"https:\/\/com.rst-steel.eu\/wp-content\/uploads\/2024\/09\/916667014b32006a4dcf4fa2c52673090569c8d1_80124.jpg\",\"datePublished\":\"2024-09-25T10:42:27+00:00\",\"dateModified\":\"2026-03-16T06:21:17+00:00\",\"description\":\"Side Window Deflectors Scania NextGen S\/R-Series. Made from high-quality molded acrylic sheets. Installed on the window seal with acrylic tape!\",\"breadcrumb\":{\"@id\":\"https:\/\/com.rst-steel.eu\/nb\/produkt\/sidevindusavvisere-scania-nextgen-s-r-2017-_pr_10654\/#breadcrumb\"},\"inLanguage\":\"sv-SE\",\"potentialAction\":[{\"@type\":\"ReadAction\",\"target\":[\"https:\/\/com.rst-steel.eu\/nb\/produkt\/sidevindusavvisere-scania-nextgen-s-r-2017-_pr_10654\/\"]}]},{\"@type\":\"ImageObject\",\"inLanguage\":\"sv-SE\",\"@id\":\"https:\/\/com.rst-steel.eu\/nb\/produkt\/sidevindusavvisere-scania-nextgen-s-r-2017-_pr_10654\/#primaryimage\",\"url\":\"https:\/\/com.rst-steel.eu\/wp-content\/uploads\/2024\/09\/916667014b32006a4dcf4fa2c52673090569c8d1_80124.jpg\",\"contentUrl\":\"https:\/\/com.rst-steel.eu\/wp-content\/uploads\/2024\/09\/916667014b32006a4dcf4fa2c52673090569c8d1_80124.jpg\",\"width\":700,\"height\":278},{\"@type\":\"BreadcrumbList\",\"@id\":\"https:\/\/com.rst-steel.eu\/nb\/produkt\/sidevindusavvisere-scania-nextgen-s-r-2017-_pr_10654\/#breadcrumb\",\"itemListElement\":[{\"@type\":\"ListItem\",\"position\":1,\"name\":\"Home\",\"item\":\"https:\/\/com.rst-steel.eu\/\"},{\"@type\":\"ListItem\",\"position\":2,\"name\":\"RST-Steel Shop\",\"item\":\"https:\/\/com.rst-steel.eu\/shop\/\"},{\"@type\":\"ListItem\",\"position\":3,\"name\":\"Side Window Deflectors Scania NextGen S\/R 2017-\"}]},{\"@type\":\"WebSite\",\"@id\":\"https:\/\/com.rst-steel.eu\/#website\",\"url\":\"https:\/\/com.rst-steel.eu\/\",\"name\":\"RST-Steel.com\",\"description\":\"Finnish quality steel, for quality-conscious drivers\",\"publisher\":{\"@id\":\"https:\/\/com.rst-steel.eu\/#organization\"},\"alternateName\":\"Safe and stylish RST-Steel quality\",\"potentialAction\":[{\"@type\":\"SearchAction\",\"target\":{\"@type\":\"EntryPoint\",\"urlTemplate\":\"https:\/\/com.rst-steel.eu\/?s={search_term_string}\"},\"query-input\":{\"@type\":\"PropertyValueSpecification\",\"valueRequired\":true,\"valueName\":\"search_term_string\"}}],\"inLanguage\":\"sv-SE\"},{\"@type\":\"Organization\",\"@id\":\"https:\/\/com.rst-steel.eu\/#organization\",\"name\":\"RST-Steel Oy\",\"url\":\"https:\/\/com.rst-steel.eu\/\",\"logo\":{\"@type\":\"ImageObject\",\"inLanguage\":\"sv-SE\",\"@id\":\"https:\/\/com.rst-steel.eu\/#\/schema\/logo\/image\/\",\"url\":\"https:\/\/com.rst-steel.eu\/wp-content\/uploads\/2023\/04\/cropped-Rst-logo-valkoinen-teksti-3.png\",\"contentUrl\":\"https:\/\/com.rst-steel.eu\/wp-content\/uploads\/2023\/04\/cropped-Rst-logo-valkoinen-teksti-3.png\",\"width\":512,\"height\":115,\"caption\":\"RST-Steel Oy\"},\"image\":{\"@id\":\"https:\/\/com.rst-steel.eu\/#\/schema\/logo\/image\/\"},\"sameAs\":[\"https:\/\/www.facebook.com\/rststeel\",\"https:\/\/www.instagram.com\/rststeeloy\/\"]}]}<\/script>\n<!-- \/ Yoast SEO plugin. -->","yoast_head_json":{"title":"Avvisare f\u00f6r sidorutor Scania NextGen S\/R 2017- RST-Steel","description":"Avvisare f\u00f6r sidof\u00f6nster Scania NextGen S\/R-serien. Tillverkade av gjutna akrylplattor av h\u00f6g kvalitet. Monteras p\u00e5 f\u00f6nstert\u00e4tningen med akryltejp!","robots":{"index":"index","follow":"follow","max-snippet":"max-snippet:-1","max-image-preview":"max-image-preview:large","max-video-preview":"max-video-preview:-1"},"canonical":"https:\/\/com.rst-steel.eu\/sv\/produkt\/sidofonsteravvisare-scania-nextgen-s-r-2017-_pr_10654\/","og_locale":"sv_SE","og_type":"article","og_title":"Side Window Deflectors Scania NextGen S\/R 2017- RST-Steel","og_description":"Side Window Deflectors Scania NextGen S\/R-Series. Made from high-quality molded acrylic sheets. Installed on the window seal with acrylic tape!","og_url":"https:\/\/com.rst-steel.eu\/sv\/produkt\/sidofonsteravvisare-scania-nextgen-s-r-2017-_pr_10654\/","og_site_name":"RST-Steel","article_publisher":"https:\/\/www.facebook.com\/rststeel","article_modified_time":"2026-03-16T06:21:17+00:00","og_image":[{"width":700,"height":278,"url":"https:\/\/com.rst-steel.eu\/wp-content\/uploads\/2024\/09\/916667014b32006a4dcf4fa2c52673090569c8d1_80124.jpg","type":"image\/jpeg"}],"twitter_card":"summary_large_image","twitter_misc":{"Ber\u00e4knad l\u00e4stid":"1 minut"},"schema":{"@context":"https:\/\/schema.org","@graph":[{"@type":"WebPage","@id":"https:\/\/com.rst-steel.eu\/nb\/produkt\/sidevindusavvisere-scania-nextgen-s-r-2017-_pr_10654\/","url":"https:\/\/com.rst-steel.eu\/nb\/produkt\/sidevindusavvisere-scania-nextgen-s-r-2017-_pr_10654\/","name":"Avvisare f\u00f6r sidorutor Scania NextGen S\/R 2017- RST-Steel","isPartOf":{"@id":"https:\/\/com.rst-steel.eu\/#website"},"primaryImageOfPage":{"@id":"https:\/\/com.rst-steel.eu\/nb\/produkt\/sidevindusavvisere-scania-nextgen-s-r-2017-_pr_10654\/#primaryimage"},"image":{"@id":"https:\/\/com.rst-steel.eu\/nb\/produkt\/sidevindusavvisere-scania-nextgen-s-r-2017-_pr_10654\/#primaryimage"},"thumbnailUrl":"https:\/\/com.rst-steel.eu\/wp-content\/uploads\/2024\/09\/916667014b32006a4dcf4fa2c52673090569c8d1_80124.jpg","datePublished":"2024-09-25T10:42:27+00:00","dateModified":"2026-03-16T06:21:17+00:00","description":"Avvisare f\u00f6r sidof\u00f6nster Scania NextGen S\/R-serien. Tillverkade av gjutna akrylplattor av h\u00f6g kvalitet. Monteras p\u00e5 f\u00f6nstert\u00e4tningen med akryltejp!","breadcrumb":{"@id":"https:\/\/com.rst-steel.eu\/nb\/produkt\/sidevindusavvisere-scania-nextgen-s-r-2017-_pr_10654\/#breadcrumb"},"inLanguage":"sv-SE","potentialAction":[{"@type":"ReadAction","target":["https:\/\/com.rst-steel.eu\/nb\/produkt\/sidevindusavvisere-scania-nextgen-s-r-2017-_pr_10654\/"]}]},{"@type":"ImageObject","inLanguage":"sv-SE","@id":"https:\/\/com.rst-steel.eu\/nb\/produkt\/sidevindusavvisere-scania-nextgen-s-r-2017-_pr_10654\/#primaryimage","url":"https:\/\/com.rst-steel.eu\/wp-content\/uploads\/2024\/09\/916667014b32006a4dcf4fa2c52673090569c8d1_80124.jpg","contentUrl":"https:\/\/com.rst-steel.eu\/wp-content\/uploads\/2024\/09\/916667014b32006a4dcf4fa2c52673090569c8d1_80124.jpg","width":700,"height":278},{"@type":"BreadcrumbList","@id":"https:\/\/com.rst-steel.eu\/nb\/produkt\/sidevindusavvisere-scania-nextgen-s-r-2017-_pr_10654\/#breadcrumb","itemListElement":[{"@type":"ListItem","position":1,"name":"Home","item":"https:\/\/com.rst-steel.eu\/"},{"@type":"ListItem","position":2,"name":"RST-Steel Shop","item":"https:\/\/com.rst-steel.eu\/shop\/"},{"@type":"ListItem","position":3,"name":"Side Window Deflectors Scania NextGen S\/R 2017-"}]},{"@type":"WebSite","@id":"https:\/\/com.rst-steel.eu\/#website","url":"https:\/\/com.rst-steel.eu\/","name":"RST-Stahl.com","description":"Finskt kvalitetsst\u00e5l, f\u00f6r kvalitetsmedvetna f\u00f6rare","publisher":{"@id":"https:\/\/com.rst-steel.eu\/#organization"},"alternateName":"Safe and stylish RST-Steel quality","potentialAction":[{"@type":"SearchAction","target":{"@type":"EntryPoint","urlTemplate":"https:\/\/com.rst-steel.eu\/?s={search_term_string}"},"query-input":{"@type":"PropertyValueSpecification","valueRequired":true,"valueName":"search_term_string"}}],"inLanguage":"sv-SE"},{"@type":"Organization","@id":"https:\/\/com.rst-steel.eu\/#organization","name":"RST-Steel Oy","url":"https:\/\/com.rst-steel.eu\/","logo":{"@type":"ImageObject","inLanguage":"sv-SE","@id":"https:\/\/com.rst-steel.eu\/#\/schema\/logo\/image\/","url":"https:\/\/com.rst-steel.eu\/wp-content\/uploads\/2023\/04\/cropped-Rst-logo-valkoinen-teksti-3.png","contentUrl":"https:\/\/com.rst-steel.eu\/wp-content\/uploads\/2023\/04\/cropped-Rst-logo-valkoinen-teksti-3.png","width":512,"height":115,"caption":"RST-Steel Oy"},"image":{"@id":"https:\/\/com.rst-steel.eu\/#\/schema\/logo\/image\/"},"sameAs":["https:\/\/www.facebook.com\/rststeel","https:\/\/www.instagram.com\/rststeeloy\/"]}]}},"brands":[{"id":8347,"name":"Vepro","slug":"brand_vepro"}],"_links":{"self":[{"href":"https:\/\/com.rst-steel.eu\/sv\/wp-json\/wp\/v2\/product\/46729","targetHints":{"allow":["GET"]}}],"collection":[{"href":"https:\/\/com.rst-steel.eu\/sv\/wp-json\/wp\/v2\/product"}],"about":[{"href":"https:\/\/com.rst-steel.eu\/sv\/wp-json\/wp\/v2\/types\/product"}],"replies":[{"embeddable":true,"href":"https:\/\/com.rst-steel.eu\/sv\/wp-json\/wp\/v2\/comments?post=46729"}],"version-history":[{"count":0,"href":"https:\/\/com.rst-steel.eu\/sv\/wp-json\/wp\/v2\/product\/46729\/revisions"}],"wp:featuredmedia":[{"embeddable":true,"href":"https:\/\/com.rst-steel.eu\/sv\/wp-json\/wp\/v2\/media\/46728"}],"wp:attachment":[{"href":"https:\/\/com.rst-steel.eu\/sv\/wp-json\/wp\/v2\/media?parent=46729"}],"wp:term":[{"taxonomy":"make_fuel_type","embeddable":true,"href":"https:\/\/com.rst-steel.eu\/sv\/wp-json\/wp\/v2\/make_fuel_type?post=46729"},{"taxonomy":"make_model","embeddable":true,"href":"https:\/\/com.rst-steel.eu\/sv\/wp-json\/wp\/v2\/make_model?post=46729"},{"taxonomy":"make_brand","embeddable":true,"href":"https:\/\/com.rst-steel.eu\/sv\/wp-json\/wp\/v2\/make_brand?post=46729"},{"taxonomy":"make_year","embeddable":true,"href":"https:\/\/com.rst-steel.eu\/sv\/wp-json\/wp\/v2\/make_year?post=46729"},{"taxonomy":"pwb-brand","embeddable":true,"href":"https:\/\/com.rst-steel.eu\/sv\/wp-json\/wp\/v2\/pwb-brand?post=46729"},{"taxonomy":"product_brand","embeddable":true,"href":"https:\/\/com.rst-steel.eu\/sv\/wp-json\/wp\/v2\/product_brand?post=46729"},{"taxonomy":"product_cat","embeddable":true,"href":"https:\/\/com.rst-steel.eu\/sv\/wp-json\/wp\/v2\/product_cat?post=46729"},{"taxonomy":"product_tag","embeddable":true,"href":"https:\/\/com.rst-steel.eu\/sv\/wp-json\/wp\/v2\/product_tag?post=46729"}],"curies":[{"name":"wp","href":"https:\/\/api.w.org\/{rel}","templated":true}]}}