{"id":46692,"date":"2024-09-25T13:39:43","date_gmt":"2024-09-25T10:39:43","guid":{"rendered":"https:\/\/rst-steel.com\/product\/lazer-utility-50-std_pr_80797\/"},"modified":"2026-03-16T09:17:41","modified_gmt":"2026-03-16T06:17:41","slug":"work-light-lazer-utility-50-std_pr_80797","status":"publish","type":"product","link":"https:\/\/com.rst-steel.eu\/sv\/produkt\/work-light-lazer-utility-50-std_pr_80797\/","title":{"rendered":"Work light Lazer Utility-50 STD"},"content":{"rendered":"<div>Lazer Utility-50 STD<\/div>\n<div><\/div>\n<div>Utility-50 \u00e4r en LED-arbetslampa f\u00f6r medeltung anv\u00e4ndning som kombinerar form och funktion och \u00e4r full av prestanda, stil, robusthet och funktionalitet. K\u00e4rnan utg\u00f6rs av 4x h\u00f6geffektiva 13W LED-lampor i premiumutf\u00f6rande som ger en h\u00f6g belysningsniv\u00e5 som passar f\u00f6r en m\u00e4ngd olika till\u00e4mpningar, fordon och maskintyper. Den noggrant utvalda f\u00e4rgtemperaturen p\u00e5 5000K bidrar till att definiera ljusfl\u00f6det, som \u00e4r b\u00e5de kraftfullt och bekv\u00e4mt att anv\u00e4nda under l\u00e4ngre perioder och som har visat sig optimera sk\u00e4rpan och definitionen mellan former och f\u00e4rger tack vare sitt h\u00f6ga CRI (f\u00e4rg\u00e5tergivningsindex).<\/div>\n<div><\/div>\n<div>Utility-50 kan leverera mer \u00e4n bara en h\u00f6gpresterande arbetslampa. En version avUtility-50 finns tillg\u00e4nglig med integrerad funktion f\u00f6r r\u00f6tt bakljus. Den r\u00f6da baklyktan, som \u00e4r godk\u00e4nd enligt UNECE Reg 148-R1, k\u00e4nnetecknas av 4 konturmark\u00f6rer i varje h\u00f6rn av lyktan, vilket ger ett unikt och elegant utseende, ut\u00f6ver dess s\u00e4kerhetsf\u00f6rdelar. Dessutom finns en version av lampan med integrerad blinkande gul fyrfunktion, godk\u00e4nd enligt UNECE Reg 65, med eller utan den tidigare n\u00e4mnda r\u00f6da bakljusfunktionen.<\/div>\n<div><\/div>\n<div>Med samma frontm\u00e5tt som Utility-80 HD, 107 mm (h) x 107 mm (b), ger detta en indikation p\u00e5 lampans ljuskompetens, samtidigt som det minskade djupet p\u00e5 lampan underl\u00e4ttar installationen. Den minskade storleken \u00e4r dock inte till nackdel f\u00f6r prestandan, eftersom lampan \u00e4r noggrant utformad och konstruerad internt i Storbritannien f\u00f6r att optimera ljusutbytet med h\u00e4nsyn till v\u00e4rmeledningsf\u00f6rm\u00e5gan, vilket \u00e4r avg\u00f6rande f\u00f6r att bevara lampans livsl\u00e4ngd och problemfria anv\u00e4ndning under m\u00e5nga \u00e5r. Styrkan och tillf\u00f6rlitligheten hos Utility-50 f\u00f6rst\u00e4rks av ytterligare designfunktioner och byggkvalitet som \u00e4r ett resultat av v\u00e5r produktion i Storbritannien, inklusive: okrossbar polykarbonatlins med h\u00e5rd bel\u00e4ggning, EMC-skydd - CISPR:25 (klass 3 eller 5 tillg\u00e4nglig), korrosionsbest\u00e4ndighet av fordonskvalitet som ett resultat av v\u00e5r interna f\u00f6rbehandlings- och pulverlackeringsanl\u00e4ggning samt IP68- och IP69K-godk\u00e4nnande. Allt detta backas upp av v\u00e5r omfattande 5-\u00e5rsgaranti (2 \u00e5r f\u00f6r applikationer utanf\u00f6r fordonsindustrin).<\/div>\n<div><\/div>\n<div>Beroende p\u00e5 vilken modell som v\u00e4ljs levereras Utility-50 med Deutsch-kontakter f\u00f6r hanar och honor (utom versionen med b\u00e5de r\u00f6tt bakljus och gult varningsljus). Utility-50 levereras ocks\u00e5 med ett monteringssystem i satinsvartlackerat rostfritt st\u00e5l, med antingen l\u00f6sa M10-bultar och f\u00e4stelement eller fasta M10-bultar och f\u00e4stelement, det senare ger i vissa fall en f\u00f6renklad installation.<\/div>\n<div><\/div>\n<div><\/div>\n<div><span style=\"font-weight: bold\">Viktiga funktioner<\/span><\/div>\n<div><\/div>\n<div>\u2022<span>\t<\/span>Reg10 UNECE approved work light<\/div>\n<div>\u2022<span>\t<\/span>Optional red tail-light function available (UNECE Reg 148-R1)<\/div>\n<div>\u2022<span>\t<\/span>5000k f\u00e4rgtemperatur<\/div>\n<div>\u2022<span>\t<\/span>CAE-optimerat kylsystem med elektronisk v\u00e4rmestyrning<\/div>\n<div>\u2022<span>\t<\/span>Vakuummetalliserad optik f\u00f6r \u00f6verl\u00e4gset ljusutnyttjande<\/div>\n<div>\u2022<span>\t<\/span>Supplied with versatile stainless steel mounting bracket and &nbsp;&nbsp;&nbsp;&nbsp;&nbsp;&nbsp;&nbsp;&nbsp;fasteners<\/div>\n<div>\u2022<span>\t<\/span>Fixed bolt \u2018fast-mount\u2019 solution available<\/div>\n<div>\u2022<span>\t<\/span>\"Okrossbar\" lins av polykarbonat med h\u00e5rd bel\u00e4ggning<\/div>\n<div>\u2022<span>\t<\/span>Korrosionsbest\u00e4ndighet i fordonsklass<\/div>\n<div>\u2022<span>\t<\/span>EMC-skyddad - CISPR:25 (klass 3)<\/div>\n<div>\u2022<span>\t<\/span>IP68 \/ IP69k godk\u00e4nd<\/div>\n<div>\u2022<span>\t<\/span>Skyddad mot \u00f6versp\u00e4nning<\/div>\n<div>\u2022<span>\t<\/span>Skyddad mot omv\u00e4nd polaritet<\/div>\n<div>\u2022<span>\t<\/span>Inkluderar Deutsch-kontakter f\u00f6r hane\/fj\u00e4der<\/div>\n<div>\u2022<span>\t<\/span>Omfattande utbud av linsskydd tillg\u00e4ngligt<\/div>\n<div>\u2022<span>\t<\/span>5year warranty (2year for non-automotive \/ industrial applications)<\/div>\n<div>\u2022<span>\t<\/span>Tillverkad i Storbritannien<\/div>\n<div><\/div>\n<div><\/div>\n<div><span style=\"font-weight: bold\">Tekniska specifikationer<\/span><\/div>\n<ul>\n<li>Sp\u00e4nningsintervall (DC): 10-32V<\/li>\n<li>LED Livsl\u00e4ngd<span>\t<\/span>50.000 timmar<\/li>\n<li>Vikt: 0,65 kg<\/li>\n<\/ul>\n<p>&nbsp;<\/p>\n<p><span style=\"font-weight: bold\">HELLJUSFUNKTION<\/span><\/p>\n<ul>\n<li>Totalt ljusfl\u00f6de: 5.000 Lm<\/li>\n<li>F\u00e4rgtemperatur: 5000K<\/li>\n<li>Effektf\u00f6rbrukning: 50 watt<\/li>\n<li>H\u00f6gsta str\u00f6muttag: 7,25 ampere<\/li>\n<li>Str\u00f6muttag (14,4 V): 3,6 ampere<\/li>\n<li>Kontakt: 2-polig Deutsch DT (+28 cm kabel)<\/li>\n<\/ul>\n<p>&nbsp;<\/p>\n<p><span style=\"font-weight: bold\">DIMENSIONER<\/span><\/p>\n<ul>\n<li>Bredd<span>\t<\/span>104 mm<\/li>\n<li>Djup<span>\t<\/span>58 mm<\/li>\n<li>H\u00f6jd<span>\t<\/span>104 mm<\/li>\n<\/ul>\n<p>&nbsp;<\/p>\n<p><span style=\"font-weight: bold\">CERTIFIERING<\/span><\/p>\n<ul>\n<li>IP-klassning: IP68<\/li>\n<li>EMC certifiering: ECE R10<\/li>\n<li>Skydd mot elektromagnetisk kompatibilitet: CISPR-25 (klass 3)<\/li>\n<li>Saltspraytest<span>\t<\/span>ISO 9227<\/li>\n<li>Dump Load Protection<span>\t<\/span>ISO 7637-2<\/li>\n<\/ul>\n<p>&nbsp;<\/p>\n<p><span style=\"font-weight: bold\">DRIFTF\u00d6RH\u00c5LLANDEN<\/span><\/p>\n<ul>\n<li>Driftstemperatur<span>\t<\/span>-40oC \u2026 +90oC<\/li>\n<li>Vibration (BS EN 60068)<span>\t<\/span>10Hz &gt; 1000Hz, 0,14&gt;20 (m\/s\u00b2)\u00b2\/Hz<\/li>\n<\/ul>\n<p>&nbsp;<\/p>\n<p><span style=\"font-weight: bold\">FOTOMETRISKA DATA<\/span><\/p>\n<p><span style=\"font-weight: bold\">Horizontal \/ Vertical Beam Angle&nbsp;&nbsp;&nbsp;&nbsp;80\u00b0 \/ 80\u00b0<\/span><\/p>\n<ul>\n<li>1 Lux<span>\t<\/span>71m<\/li>\n<li>5 Lux<span>\t<\/span>32m<\/li>\n<li>20 Lux<span>\t<\/span>16m<\/li>\n<li>50 Lux *<span>\t<\/span>10m<\/li>\n<\/ul>","protected":false},"excerpt":{"rendered":"<p><span style=\"font-weight: bold\">Ett produktsortiment vars o\u00f6vertr\u00e4ffade kvalitet endast kan uppskattas fullt ut genom personlig erfarenhet!<\/span><\/p>","protected":false},"featured_media":46687,"comment_status":"open","ping_status":"closed","template":"","meta":{"_improvement_type_select":"improve_an_existing","_thumb_yes_seoaic":false,"_frame_yes_seoaic":false,"seoaic_generate_description":"","seoaic_improve_instructions_prompt":"","seoaic_rollback_content_improvement":"","seoaic_idea_thumbnail_generator":"","thumbnail_generated":false,"thumbnail_generate_prompt":"","seoaic_article_description":""},"make_fuel_type":[],"make_model":[],"make_brand":[],"make_year":[],"pwb-brand":[8332],"product_brand":[],"product_cat":[6195,6218,6219],"product_tag":[6298],"class_list":{"0":"post-46692","1":"product","2":"type-product","3":"status-publish","4":"has-post-thumbnail","6":"pwb-brand-brand_lazerlamps","7":"product_cat-lamps","8":"product_cat-work-lights","9":"product_cat-lazer-lamps-work-lights","10":"product_tag-lazer-lamps","12":"first","13":"instock","14":"taxable","15":"shipping-taxable","16":"purchasable","17":"product-type-simple"},"yoast_head":"<!-- This site is optimized with the Yoast SEO plugin v25.7 - https:\/\/yoast.com\/wordpress\/plugins\/seo\/ -->\n<title>Work light Lazer Utility-50 STD - RST-Steel<\/title>\n<meta name=\"description\" content=\"Lazer Utility-50 STD is a medium duty LED work light packed with performance, style, robustness, and functionality. Check out the product and order now!\" \/>\n<meta name=\"robots\" content=\"index, follow, max-snippet:-1, max-image-preview:large, max-video-preview:-1\" \/>\n<link rel=\"canonical\" href=\"https:\/\/com.rst-steel.eu\/sv\/produkt\/work-light-lazer-utility-50-std_pr_80797\/\" \/>\n<meta property=\"og:locale\" content=\"sv_SE\" \/>\n<meta property=\"og:type\" content=\"article\" \/>\n<meta property=\"og:title\" content=\"Work light Lazer Utility-50 STD - RST-Steel\" \/>\n<meta property=\"og:description\" content=\"Lazer Utility-50 STD is a medium duty LED work light packed with performance, style, robustness, and functionality. Check out the product and order now!\" \/>\n<meta property=\"og:url\" content=\"https:\/\/com.rst-steel.eu\/sv\/produkt\/work-light-lazer-utility-50-std_pr_80797\/\" \/>\n<meta property=\"og:site_name\" content=\"RST-Steel\" \/>\n<meta property=\"article:publisher\" content=\"https:\/\/www.facebook.com\/rststeel\" \/>\n<meta property=\"article:modified_time\" content=\"2026-03-16T06:17:41+00:00\" \/>\n<meta property=\"og:image\" content=\"https:\/\/com.rst-steel.eu\/wp-content\/uploads\/2024\/09\/438ec870e3d3fa7ae864298a92bde9907e4444d7_Utility_50_Standard_Front_HR-scaled.jpg\" \/>\n\t<meta property=\"og:image:width\" content=\"2560\" \/>\n\t<meta property=\"og:image:height\" content=\"1710\" \/>\n\t<meta property=\"og:image:type\" content=\"image\/jpeg\" \/>\n<meta name=\"twitter:card\" content=\"summary_large_image\" \/>\n<meta name=\"twitter:label1\" content=\"Ber\u00e4knad l\u00e4stid\" \/>\n\t<meta name=\"twitter:data1\" content=\"3 minuter\" \/>\n<script type=\"application\/ld+json\" class=\"yoast-schema-graph\">{\"@context\":\"https:\/\/schema.org\",\"@graph\":[{\"@type\":\"WebPage\",\"@id\":\"https:\/\/com.rst-steel.eu\/sv\/produkt\/work-light-lazer-utility-50-std_pr_80797\/\",\"url\":\"https:\/\/com.rst-steel.eu\/sv\/produkt\/work-light-lazer-utility-50-std_pr_80797\/\",\"name\":\"Work light Lazer Utility-50 STD - RST-Steel\",\"isPartOf\":{\"@id\":\"https:\/\/com.rst-steel.eu\/#website\"},\"primaryImageOfPage\":{\"@id\":\"https:\/\/com.rst-steel.eu\/sv\/produkt\/work-light-lazer-utility-50-std_pr_80797\/#primaryimage\"},\"image\":{\"@id\":\"https:\/\/com.rst-steel.eu\/sv\/produkt\/work-light-lazer-utility-50-std_pr_80797\/#primaryimage\"},\"thumbnailUrl\":\"https:\/\/com.rst-steel.eu\/wp-content\/uploads\/2024\/09\/438ec870e3d3fa7ae864298a92bde9907e4444d7_Utility_50_Standard_Front_HR-scaled.jpg\",\"datePublished\":\"2024-09-25T10:39:43+00:00\",\"dateModified\":\"2026-03-16T06:17:41+00:00\",\"description\":\"Lazer Utility-50 STD is a medium duty LED work light packed with performance, style, robustness, and functionality. Check out the product and order now!\",\"breadcrumb\":{\"@id\":\"https:\/\/com.rst-steel.eu\/sv\/produkt\/work-light-lazer-utility-50-std_pr_80797\/#breadcrumb\"},\"inLanguage\":\"sv-SE\",\"potentialAction\":[{\"@type\":\"ReadAction\",\"target\":[\"https:\/\/com.rst-steel.eu\/sv\/produkt\/work-light-lazer-utility-50-std_pr_80797\/\"]}]},{\"@type\":\"ImageObject\",\"inLanguage\":\"sv-SE\",\"@id\":\"https:\/\/com.rst-steel.eu\/sv\/produkt\/work-light-lazer-utility-50-std_pr_80797\/#primaryimage\",\"url\":\"https:\/\/com.rst-steel.eu\/wp-content\/uploads\/2024\/09\/438ec870e3d3fa7ae864298a92bde9907e4444d7_Utility_50_Standard_Front_HR-scaled.jpg\",\"contentUrl\":\"https:\/\/com.rst-steel.eu\/wp-content\/uploads\/2024\/09\/438ec870e3d3fa7ae864298a92bde9907e4444d7_Utility_50_Standard_Front_HR-scaled.jpg\",\"width\":2560,\"height\":1710},{\"@type\":\"BreadcrumbList\",\"@id\":\"https:\/\/com.rst-steel.eu\/sv\/produkt\/work-light-lazer-utility-50-std_pr_80797\/#breadcrumb\",\"itemListElement\":[{\"@type\":\"ListItem\",\"position\":1,\"name\":\"Home\",\"item\":\"https:\/\/com.rst-steel.eu\/\"},{\"@type\":\"ListItem\",\"position\":2,\"name\":\"RST-Steel Shop\",\"item\":\"https:\/\/com.rst-steel.eu\/shop\/\"},{\"@type\":\"ListItem\",\"position\":3,\"name\":\"Work light Lazer Utility-50 STD\"}]},{\"@type\":\"WebSite\",\"@id\":\"https:\/\/com.rst-steel.eu\/#website\",\"url\":\"https:\/\/com.rst-steel.eu\/\",\"name\":\"RST-Steel.com\",\"description\":\"Finnish quality steel, for quality-conscious drivers\",\"publisher\":{\"@id\":\"https:\/\/com.rst-steel.eu\/#organization\"},\"alternateName\":\"Safe and stylish RST-Steel quality\",\"potentialAction\":[{\"@type\":\"SearchAction\",\"target\":{\"@type\":\"EntryPoint\",\"urlTemplate\":\"https:\/\/com.rst-steel.eu\/?s={search_term_string}\"},\"query-input\":{\"@type\":\"PropertyValueSpecification\",\"valueRequired\":true,\"valueName\":\"search_term_string\"}}],\"inLanguage\":\"sv-SE\"},{\"@type\":\"Organization\",\"@id\":\"https:\/\/com.rst-steel.eu\/#organization\",\"name\":\"RST-Steel Oy\",\"url\":\"https:\/\/com.rst-steel.eu\/\",\"logo\":{\"@type\":\"ImageObject\",\"inLanguage\":\"sv-SE\",\"@id\":\"https:\/\/com.rst-steel.eu\/#\/schema\/logo\/image\/\",\"url\":\"https:\/\/com.rst-steel.eu\/wp-content\/uploads\/2023\/04\/cropped-Rst-logo-valkoinen-teksti-3.png\",\"contentUrl\":\"https:\/\/com.rst-steel.eu\/wp-content\/uploads\/2023\/04\/cropped-Rst-logo-valkoinen-teksti-3.png\",\"width\":512,\"height\":115,\"caption\":\"RST-Steel Oy\"},\"image\":{\"@id\":\"https:\/\/com.rst-steel.eu\/#\/schema\/logo\/image\/\"},\"sameAs\":[\"https:\/\/www.facebook.com\/rststeel\",\"https:\/\/www.instagram.com\/rststeeloy\/\"]}]}<\/script>\n<!-- \/ Yoast SEO plugin. -->","yoast_head_json":{"title":"Work light Lazer Utility-50 STD - RST-Steel","description":"Lazer Utility-50 STD \u00e4r en LED-arbetslampa f\u00f6r medeltung anv\u00e4ndning som \u00e4r fullpackad med prestanda, stil, robusthet och funktionalitet. Kolla in produkten och best\u00e4ll nu!","robots":{"index":"index","follow":"follow","max-snippet":"max-snippet:-1","max-image-preview":"max-image-preview:large","max-video-preview":"max-video-preview:-1"},"canonical":"https:\/\/com.rst-steel.eu\/sv\/produkt\/work-light-lazer-utility-50-std_pr_80797\/","og_locale":"sv_SE","og_type":"article","og_title":"Work light Lazer Utility-50 STD - RST-Steel","og_description":"Lazer Utility-50 STD is a medium duty LED work light packed with performance, style, robustness, and functionality. Check out the product and order now!","og_url":"https:\/\/com.rst-steel.eu\/sv\/produkt\/work-light-lazer-utility-50-std_pr_80797\/","og_site_name":"RST-Steel","article_publisher":"https:\/\/www.facebook.com\/rststeel","article_modified_time":"2026-03-16T06:17:41+00:00","og_image":[{"width":2560,"height":1710,"url":"https:\/\/com.rst-steel.eu\/wp-content\/uploads\/2024\/09\/438ec870e3d3fa7ae864298a92bde9907e4444d7_Utility_50_Standard_Front_HR-scaled.jpg","type":"image\/jpeg"}],"twitter_card":"summary_large_image","twitter_misc":{"Ber\u00e4knad l\u00e4stid":"3 minuter"},"schema":{"@context":"https:\/\/schema.org","@graph":[{"@type":"WebPage","@id":"https:\/\/com.rst-steel.eu\/sv\/produkt\/work-light-lazer-utility-50-std_pr_80797\/","url":"https:\/\/com.rst-steel.eu\/sv\/produkt\/work-light-lazer-utility-50-std_pr_80797\/","name":"Work light Lazer Utility-50 STD - RST-Steel","isPartOf":{"@id":"https:\/\/com.rst-steel.eu\/#website"},"primaryImageOfPage":{"@id":"https:\/\/com.rst-steel.eu\/sv\/produkt\/work-light-lazer-utility-50-std_pr_80797\/#primaryimage"},"image":{"@id":"https:\/\/com.rst-steel.eu\/sv\/produkt\/work-light-lazer-utility-50-std_pr_80797\/#primaryimage"},"thumbnailUrl":"https:\/\/com.rst-steel.eu\/wp-content\/uploads\/2024\/09\/438ec870e3d3fa7ae864298a92bde9907e4444d7_Utility_50_Standard_Front_HR-scaled.jpg","datePublished":"2024-09-25T10:39:43+00:00","dateModified":"2026-03-16T06:17:41+00:00","description":"Lazer Utility-50 STD \u00e4r en LED-arbetslampa f\u00f6r medeltung anv\u00e4ndning som \u00e4r fullpackad med prestanda, stil, robusthet och funktionalitet. Kolla in produkten och best\u00e4ll nu!","breadcrumb":{"@id":"https:\/\/com.rst-steel.eu\/sv\/produkt\/work-light-lazer-utility-50-std_pr_80797\/#breadcrumb"},"inLanguage":"sv-SE","potentialAction":[{"@type":"ReadAction","target":["https:\/\/com.rst-steel.eu\/sv\/produkt\/work-light-lazer-utility-50-std_pr_80797\/"]}]},{"@type":"ImageObject","inLanguage":"sv-SE","@id":"https:\/\/com.rst-steel.eu\/sv\/produkt\/work-light-lazer-utility-50-std_pr_80797\/#primaryimage","url":"https:\/\/com.rst-steel.eu\/wp-content\/uploads\/2024\/09\/438ec870e3d3fa7ae864298a92bde9907e4444d7_Utility_50_Standard_Front_HR-scaled.jpg","contentUrl":"https:\/\/com.rst-steel.eu\/wp-content\/uploads\/2024\/09\/438ec870e3d3fa7ae864298a92bde9907e4444d7_Utility_50_Standard_Front_HR-scaled.jpg","width":2560,"height":1710},{"@type":"BreadcrumbList","@id":"https:\/\/com.rst-steel.eu\/sv\/produkt\/work-light-lazer-utility-50-std_pr_80797\/#breadcrumb","itemListElement":[{"@type":"ListItem","position":1,"name":"Home","item":"https:\/\/com.rst-steel.eu\/"},{"@type":"ListItem","position":2,"name":"RST-Steel Shop","item":"https:\/\/com.rst-steel.eu\/shop\/"},{"@type":"ListItem","position":3,"name":"Work light Lazer Utility-50 STD"}]},{"@type":"WebSite","@id":"https:\/\/com.rst-steel.eu\/#website","url":"https:\/\/com.rst-steel.eu\/","name":"RST-Stahl.com","description":"Finskt kvalitetsst\u00e5l, f\u00f6r kvalitetsmedvetna f\u00f6rare","publisher":{"@id":"https:\/\/com.rst-steel.eu\/#organization"},"alternateName":"Safe and stylish RST-Steel quality","potentialAction":[{"@type":"SearchAction","target":{"@type":"EntryPoint","urlTemplate":"https:\/\/com.rst-steel.eu\/?s={search_term_string}"},"query-input":{"@type":"PropertyValueSpecification","valueRequired":true,"valueName":"search_term_string"}}],"inLanguage":"sv-SE"},{"@type":"Organization","@id":"https:\/\/com.rst-steel.eu\/#organization","name":"RST-Steel Oy","url":"https:\/\/com.rst-steel.eu\/","logo":{"@type":"ImageObject","inLanguage":"sv-SE","@id":"https:\/\/com.rst-steel.eu\/#\/schema\/logo\/image\/","url":"https:\/\/com.rst-steel.eu\/wp-content\/uploads\/2023\/04\/cropped-Rst-logo-valkoinen-teksti-3.png","contentUrl":"https:\/\/com.rst-steel.eu\/wp-content\/uploads\/2023\/04\/cropped-Rst-logo-valkoinen-teksti-3.png","width":512,"height":115,"caption":"RST-Steel Oy"},"image":{"@id":"https:\/\/com.rst-steel.eu\/#\/schema\/logo\/image\/"},"sameAs":["https:\/\/www.facebook.com\/rststeel","https:\/\/www.instagram.com\/rststeeloy\/"]}]}},"brands":[{"id":8332,"name":"Lazer Lamps","slug":"brand_lazerlamps"}],"_links":{"self":[{"href":"https:\/\/com.rst-steel.eu\/sv\/wp-json\/wp\/v2\/product\/46692","targetHints":{"allow":["GET"]}}],"collection":[{"href":"https:\/\/com.rst-steel.eu\/sv\/wp-json\/wp\/v2\/product"}],"about":[{"href":"https:\/\/com.rst-steel.eu\/sv\/wp-json\/wp\/v2\/types\/product"}],"replies":[{"embeddable":true,"href":"https:\/\/com.rst-steel.eu\/sv\/wp-json\/wp\/v2\/comments?post=46692"}],"version-history":[{"count":0,"href":"https:\/\/com.rst-steel.eu\/sv\/wp-json\/wp\/v2\/product\/46692\/revisions"}],"wp:featuredmedia":[{"embeddable":true,"href":"https:\/\/com.rst-steel.eu\/sv\/wp-json\/wp\/v2\/media\/46687"}],"wp:attachment":[{"href":"https:\/\/com.rst-steel.eu\/sv\/wp-json\/wp\/v2\/media?parent=46692"}],"wp:term":[{"taxonomy":"make_fuel_type","embeddable":true,"href":"https:\/\/com.rst-steel.eu\/sv\/wp-json\/wp\/v2\/make_fuel_type?post=46692"},{"taxonomy":"make_model","embeddable":true,"href":"https:\/\/com.rst-steel.eu\/sv\/wp-json\/wp\/v2\/make_model?post=46692"},{"taxonomy":"make_brand","embeddable":true,"href":"https:\/\/com.rst-steel.eu\/sv\/wp-json\/wp\/v2\/make_brand?post=46692"},{"taxonomy":"make_year","embeddable":true,"href":"https:\/\/com.rst-steel.eu\/sv\/wp-json\/wp\/v2\/make_year?post=46692"},{"taxonomy":"pwb-brand","embeddable":true,"href":"https:\/\/com.rst-steel.eu\/sv\/wp-json\/wp\/v2\/pwb-brand?post=46692"},{"taxonomy":"product_brand","embeddable":true,"href":"https:\/\/com.rst-steel.eu\/sv\/wp-json\/wp\/v2\/product_brand?post=46692"},{"taxonomy":"product_cat","embeddable":true,"href":"https:\/\/com.rst-steel.eu\/sv\/wp-json\/wp\/v2\/product_cat?post=46692"},{"taxonomy":"product_tag","embeddable":true,"href":"https:\/\/com.rst-steel.eu\/sv\/wp-json\/wp\/v2\/product_tag?post=46692"}],"curies":[{"name":"wp","href":"https:\/\/api.w.org\/{rel}","templated":true}]}}