{"id":46680,"date":"2024-09-25T13:39:17","date_gmt":"2024-09-25T10:39:17","guid":{"rendered":"https:\/\/rst-steel.com\/product\/lazer-air-130-elite_pr_81415\/"},"modified":"2026-03-16T09:17:36","modified_gmt":"2026-03-16T06:17:36","slug":"lazer-air-130-elite-led-auxiliary-light_pr_81415","status":"publish","type":"product","link":"https:\/\/com.rst-steel.eu\/sv\/produkt\/lazer-air-130-elite-led-auxiliary-light_pr_81415\/","title":{"rendered":"Lazer AIR-130 Elite Extraljus"},"content":{"rendered":"<p class=\"MsoNormal\"><span lang=\"EN-GB\">Lazer AIR-130 Elite<br \/><\/span><\/p>\n<p class=\"MsoNormal\"><span lang=\"EN-GB\"><br \/><\/span><\/p>\n<p class=\"MsoNormal\">N\u00e4r din lastbil \u00e4r ditt levebr\u00f6d och representerar dig och ditt f\u00f6retag, f\u00f6rtj\u00e4nar den det b\u00e4sta! Vi presenterar AIR, Lazer Lamps senaste LED-ljusrampsserie som \u00e4r speciellt utformad och konstruerad med tanke p\u00e5 marknaden f\u00f6r tunga lastbilar och kommersiella fordon. Inom sortimentet finns 3 varianter av lampor: AIR-55, AIR-90 och AIR-130 Elite, d\u00e4r det numeriska v\u00e4rdet representerar str\u00f6mf\u00f6rbrukningen f\u00f6r varje lampa. I hela AIR-serien har alla t\u00e4nkbara \u00e5tg\u00e4rder vidtagits genom v\u00e5ra interna funktioner f\u00f6r design, teknik och tillverkning i Storbritannien f\u00f6r att presentera en h\u00f6gpresterande LED-l\u00f6sning med en sl\u00e5ende produktdesign som lyfts fram av en monocoque-lins och den karakteristiska positionsljusfunktionen. Som alla produkter fr\u00e5n Lazer \u00e4r belysningsprestanda och byggkvalitet helt s\u00e4kerst\u00e4llda.<\/p>\n<p class=\"MsoNormal\"><\/p>\n<p class=\"MsoNormal\">AIR-130 Elite, som i stort sett har samma ljusf\u00f6rdelning som Triple-R 1000 Elite, representerar den absoluta toppen av ljusprestanda med tanke p\u00e5 lampans storlek och effektklassning, hela tiden med den robusthet och tillf\u00f6rlitlighet som garanteras av v\u00e5r omfattande 5-\u00e5rsgaranti. AIR-130 Elite avger 12.500 r\u00e5a lumen och 1 lux p\u00e5 592 m. Lampan har svarta kretskort som ger den ett smygande utseende i motsats till andra produkter i AIR-serien. Ljusf\u00f6rdelningen har noggrant konstruerats med en vertikal och horisontell spridning som \u00e4r optimerad f\u00f6r anv\u00e4ndning p\u00e5 v\u00e4g, \u00e4ven fr\u00e5n h\u00f6gre monteringspositioner p\u00e5 fordonet. Lampans helljusprestanda, som ligger p\u00e5 100%, ligger \u00f6ver de till\u00e5tna parametrarna i UNECE Reg 149 f\u00f6r en trafikljusk\u00e4lla, s\u00e5 funktionen med dubbla utg\u00e5ngar g\u00f6r det m\u00f6jligt att minska ljusfl\u00f6det f\u00f6r att h\u00e5lla sig inom gr\u00e4nsv\u00e4rdena i reglementet.<\/p>\n<p class=\"MsoNormal\"><\/p>\n<p class=\"MsoNormal\">F\u00f6rutom den avundsv\u00e4rda niv\u00e5n p\u00e5 helljusbelysningen har AIR-produkterna ett integrerat vitt eller gult positionsljus med \"tvillingfunktion\". F\u00f6rutom s\u00e4kerhetsf\u00f6rdelarna har den senaste tekniken och de senaste materialen anv\u00e4nts f\u00f6r att skapa ett distinkt utseende som kan ses b\u00e5de p\u00e5 n\u00e4ra och l\u00e5ngt h\u00e5ll. N\u00e4r det vita positionsljuset anv\u00e4nds \u00e4r det godk\u00e4nt enligt UNECE Reg148-standarden f\u00f6r anv\u00e4ndning p\u00e5 v\u00e4g.<\/p>\n<p class=\"MsoNormal\"><\/p>\n<p class=\"MsoNormal\">AIR-produkternas stil och byggkvalitet f\u00f6rst\u00e4rks av den formsprutade monocoque-linsen i polykarbonat. Den \"okrossbara\" linsen har livstidsgaranti och \u00e4r ytbehandlad med h\u00e5rdlackering (ett exempel p\u00e5 en av de tillverkningsprocesser som Lazer ocks\u00e5 hanterar internt). Linsen l\u00f6per ned\u00e5t och under lampan, med en strukturerad yta p\u00e5 undersidan. Den unika lampdesignen f\u00f6rst\u00e4rks tack vare det medf\u00f6ljande innovativa \"Centre Mount\"-systemet som g\u00f6r att lampan kan sitta mycket l\u00e4gre i f\u00f6rh\u00e5llande till monteringspunkten f\u00f6r en ren och elegant installation.<\/p>\n<p class=\"MsoNormal\"><\/p>\n<p class=\"MsoNormal\"><span style=\"font-weight: bold\">Viktiga funktioner<\/span><\/p>\n<ul>\n<li>Patents\u00f6kt formsprutad monocoque-lins med textureffekt p\u00e5 undersidan<\/li>\n<li>Svarta kretskort ger ett unikt dolt utseende<\/li>\n<li>Integrerade vita eller gula positionsljusstyrningar<\/li>\n<li>Anv\u00e4ndning av de senaste h\u00f6geffektiva premium-bin LED-lamporna<\/li>\n<li>Ultra-reflekterande vakuummetalliserad optik ger optimerad ljusbild f\u00f6r vardaglig anv\u00e4ndning p\u00e5 v\u00e4g, \u00e4ven vid h\u00f6gre monteringspositioner ovanf\u00f6r v\u00e4gen<\/li>\n<li>Patents\u00f6kt lampdesign<\/li>\n<li>ECE-godk\u00e4nd f\u00f6r helljus (E-Boost-teknik) och positions- och sidoljusfunktion (endast vit)<\/li>\n<li>Inkluderar det m\u00e5ngsidiga monteringssystemet \"Centre Mount\" som underl\u00e4ttar positionering av l\u00e5ga lampor i f\u00f6rh\u00e5llande till monteringspunkten<\/li>\n<li>G\u00e4ngade monteringsplatser f\u00f6r sidomontering (f\u00e4sten s\u00e4ljs separat)<\/li>\n<li>CAE-optimerad kylfl\u00e4ns ger f\u00f6rb\u00e4ttrad termisk dynamik<\/li>\n<li>Anodiserad f\u00f6rbehandling och pulverlackering av fordonskvalitet f\u00f6r ultimat korrosions- och kemikalieskydd<\/li>\n<li>Elektronisk v\u00e4rmehantering<\/li>\n<li>\"Okrossbar\" och h\u00e5rdbelagd polykarbonatlins med livstidsgaranti<\/li>\n<li>20 cm lampkabel komplett med 3-poliga Superseal-kontakter f\u00f6r hane och hona<\/li>\n<li>IP68 vattent\u00e4t<\/li>\n<li>5 \u00e5rs garanti<\/li>\n<li>Kopplingssatser f\u00f6r fordon tillg\u00e4ngliga<\/li>\n<li>Designad och tillverkad i Storbritannien<\/li>\n<\/ul>\n<p><\/p>\n<p><span style=\"font-weight: bold\">Tekniska specifikationer: Boost-l\u00e4ge \/ E-Mark-l\u00e4ge<\/span><\/p>\n<ul>\n<li>Sp\u00e4nningsintervall (DC): 10-32V<\/li>\n<li>LED-livsl\u00e4ngd: 50.000 timmar<\/li>\n<li>Vikt: 1,65 kg<\/li>\n<\/ul>\n<p>&nbsp;<\/p>\n<p><span style=\"font-weight: bold\">HELLJUSFUNKTION<\/span><\/p>\n<ul>\n<li>Totalt ljusfl\u00f6de: 12.500 Lm \/ 3.125 Lm<\/li>\n<li>Totalt f\u00f6rar-\"FOV\"-fl\u00f6de \u2020: 7 875 Lm \/ 1 968 Lm<\/li>\n<li>F\u00e4rgtemperatur: 5000K<\/li>\n<li>Effektf\u00f6rbrukning: 130 watt \/ 21 watt<\/li>\n<li>H\u00f6gsta str\u00f6muttag: 11,6 ampere \/ 2,3 ampere<\/li>\n<li>Str\u00f6muttag (14,4 V): 10,2 ampere \/ 1,5 ampere<\/li>\n<li>Kontaktdon: 3-polig Superseal (+25 cm kabel)<\/li>\n<\/ul>\n<p>&nbsp;<\/p>\n<p><span style=\"font-weight: bold\">DIMENSIONER<\/span><\/p>\n<ul>\n<li>Bredd: 411 mm<\/li>\n<li>Djup: 106 mm<\/li>\n<li>H\u00f6jd: 82 mm<\/li>\n<\/ul>\n<p>&nbsp;<\/p>\n<p><span style=\"font-weight: bold\">CERTIFIERING<\/span><\/p>\n<ul>\n<li>IP-klassning: IP68<\/li>\n<li>Helljus (E9-godk\u00e4nnande): ECE R149 - Ref: 17.5 (endast i l\u00e5geffektl\u00e4ge)<\/li>\n<li>EMC certifiering: ECE R10<\/li>\n<li>Saltspraytest: ISO 9227<\/li>\n<li>Skydd mot dumpning av last: ISO 7637-2<\/li>\n<\/ul>\n<p>&nbsp;<\/p>\n<p><span style=\"font-weight: bold\">FOTOMETRISKA DATA<\/span><\/p>\n<p><span style=\"font-weight: bold\">Horizontal \/ Vertical Beam Angle<span>\t<\/span>34\u00b0 \/ 17\u00b0<\/span><\/p>\n<ul>\n<li>0,25 lx Linje: 1183m \/ 592m<\/li>\n<li>0,5 lx Linje: 837m \/ 418m<\/li>\n<li>1 lx Linje: 592m \/ 296m<\/li>\n<li>3 lx Line: 342m \/ 171m<\/li>\n<\/ul>\n<p><\/p>\n<p><span style=\"font-weight: bold\">Leveransens inneh\u00e5ll:<\/span><\/p>\n<ul>\n<li>x1 AIR-130 Elite LED-lampa<\/li>\n<li>x2 Centrummonteringssats<\/li>\n<li>Instruktioner f\u00f6r installation<\/li>\n<\/ul>","protected":false},"excerpt":{"rendered":"<p><span style=\"font-weight: bold\">Speciellt utformad och konstruerad med tanke p\u00e5 marknaden f\u00f6r tunga lastbilar och kommersiella fordon.<\/span><\/p>","protected":false},"featured_media":46675,"comment_status":"open","ping_status":"closed","template":"","meta":{"_improvement_type_select":"improve_an_existing","_thumb_yes_seoaic":false,"_frame_yes_seoaic":false,"seoaic_generate_description":"","seoaic_improve_instructions_prompt":"","seoaic_rollback_content_improvement":"","seoaic_idea_thumbnail_generator":"","thumbnail_generated":false,"thumbnail_generate_prompt":"","seoaic_article_description":""},"make_fuel_type":[],"make_model":[],"make_brand":[],"make_year":[],"pwb-brand":[8332],"product_brand":[],"product_cat":[6195,6209,6211,7214],"product_tag":[7551,6298],"class_list":{"0":"post-46680","1":"product","2":"type-product","3":"status-publish","4":"has-post-thumbnail","6":"pwb-brand-brand_lazerlamps","7":"product_cat-lamps","8":"product_cat-auxiliary-lights","9":"product_cat-lazer-lamps-auxiliary-lights","10":"product_cat-rstc-air","11":"product_tag-extraljus","12":"product_tag-lazer-lamps","14":"first","15":"instock","16":"taxable","17":"shipping-taxable","18":"purchasable","19":"product-type-simple"},"yoast_head":"<!-- This site is optimized with the Yoast SEO plugin v25.7 - https:\/\/yoast.com\/wordpress\/plugins\/seo\/ -->\n<title>Lazer AIR-130 Elite LED-Auxiliary Light - RST-Steel<\/title>\n<meta name=\"description\" content=\"Lazer AIR-130 Elite is the most powerful version of the new AIR-Series! AIR products all feature an integrated \u2018twin\u2019 white or amber position light.\" \/>\n<meta name=\"robots\" content=\"index, follow, max-snippet:-1, max-image-preview:large, max-video-preview:-1\" \/>\n<link rel=\"canonical\" href=\"https:\/\/com.rst-steel.eu\/sv\/produkt\/lazer-air-130-elite-led-auxiliary-light_pr_81415\/\" \/>\n<meta property=\"og:locale\" content=\"sv_SE\" \/>\n<meta property=\"og:type\" content=\"article\" \/>\n<meta property=\"og:title\" content=\"Lazer AIR-130 Elite LED-Auxiliary Light - RST-Steel\" \/>\n<meta property=\"og:description\" content=\"Lazer AIR-130 Elite is the most powerful version of the new AIR-Series! AIR products all feature an integrated \u2018twin\u2019 white or amber position light.\" \/>\n<meta property=\"og:url\" content=\"https:\/\/com.rst-steel.eu\/sv\/produkt\/lazer-air-130-elite-led-auxiliary-light_pr_81415\/\" \/>\n<meta property=\"og:site_name\" content=\"RST-Steel\" \/>\n<meta property=\"article:publisher\" content=\"https:\/\/www.facebook.com\/rststeel\" \/>\n<meta property=\"article:modified_time\" content=\"2026-03-16T06:17:36+00:00\" \/>\n<meta property=\"og:image\" content=\"https:\/\/com.rst-steel.eu\/wp-content\/uploads\/2024\/09\/3f02eac94d643e3dcf977dc72da58543f017f9ec_AIR_130_Elite_Angled_HR-scaled.jpg\" \/>\n\t<meta property=\"og:image:width\" content=\"2560\" \/>\n\t<meta property=\"og:image:height\" content=\"1710\" \/>\n\t<meta property=\"og:image:type\" content=\"image\/jpeg\" \/>\n<meta name=\"twitter:card\" content=\"summary_large_image\" \/>\n<meta name=\"twitter:label1\" content=\"Ber\u00e4knad l\u00e4stid\" \/>\n\t<meta name=\"twitter:data1\" content=\"4 minuter\" \/>\n<script type=\"application\/ld+json\" class=\"yoast-schema-graph\">{\"@context\":\"https:\/\/schema.org\",\"@graph\":[{\"@type\":\"WebPage\",\"@id\":\"https:\/\/com.rst-steel.eu\/nb\/produkt\/lazer-air-130-elite-led-auxiliary-light_pr_81415\/\",\"url\":\"https:\/\/com.rst-steel.eu\/nb\/produkt\/lazer-air-130-elite-led-auxiliary-light_pr_81415\/\",\"name\":\"Lazer AIR-130 Elite LED-Auxiliary Light - RST-Steel\",\"isPartOf\":{\"@id\":\"https:\/\/com.rst-steel.eu\/#website\"},\"primaryImageOfPage\":{\"@id\":\"https:\/\/com.rst-steel.eu\/nb\/produkt\/lazer-air-130-elite-led-auxiliary-light_pr_81415\/#primaryimage\"},\"image\":{\"@id\":\"https:\/\/com.rst-steel.eu\/nb\/produkt\/lazer-air-130-elite-led-auxiliary-light_pr_81415\/#primaryimage\"},\"thumbnailUrl\":\"https:\/\/com.rst-steel.eu\/wp-content\/uploads\/2024\/09\/3f02eac94d643e3dcf977dc72da58543f017f9ec_AIR_130_Elite_Angled_HR-scaled.jpg\",\"datePublished\":\"2024-09-25T10:39:17+00:00\",\"dateModified\":\"2026-03-16T06:17:36+00:00\",\"description\":\"Lazer AIR-130 Elite is the most powerful version of the new AIR-Series! AIR products all feature an integrated \u2018twin\u2019 white or amber position light.\",\"breadcrumb\":{\"@id\":\"https:\/\/com.rst-steel.eu\/nb\/produkt\/lazer-air-130-elite-led-auxiliary-light_pr_81415\/#breadcrumb\"},\"inLanguage\":\"sv-SE\",\"potentialAction\":[{\"@type\":\"ReadAction\",\"target\":[\"https:\/\/com.rst-steel.eu\/nb\/produkt\/lazer-air-130-elite-led-auxiliary-light_pr_81415\/\"]}]},{\"@type\":\"ImageObject\",\"inLanguage\":\"sv-SE\",\"@id\":\"https:\/\/com.rst-steel.eu\/nb\/produkt\/lazer-air-130-elite-led-auxiliary-light_pr_81415\/#primaryimage\",\"url\":\"https:\/\/com.rst-steel.eu\/wp-content\/uploads\/2024\/09\/3f02eac94d643e3dcf977dc72da58543f017f9ec_AIR_130_Elite_Angled_HR-scaled.jpg\",\"contentUrl\":\"https:\/\/com.rst-steel.eu\/wp-content\/uploads\/2024\/09\/3f02eac94d643e3dcf977dc72da58543f017f9ec_AIR_130_Elite_Angled_HR-scaled.jpg\",\"width\":2560,\"height\":1710},{\"@type\":\"BreadcrumbList\",\"@id\":\"https:\/\/com.rst-steel.eu\/nb\/produkt\/lazer-air-130-elite-led-auxiliary-light_pr_81415\/#breadcrumb\",\"itemListElement\":[{\"@type\":\"ListItem\",\"position\":1,\"name\":\"Home\",\"item\":\"https:\/\/com.rst-steel.eu\/\"},{\"@type\":\"ListItem\",\"position\":2,\"name\":\"RST-Steel Shop\",\"item\":\"https:\/\/com.rst-steel.eu\/shop\/\"},{\"@type\":\"ListItem\",\"position\":3,\"name\":\"Lazer AIR-130 Elite LED-Auxiliary Light\"}]},{\"@type\":\"WebSite\",\"@id\":\"https:\/\/com.rst-steel.eu\/#website\",\"url\":\"https:\/\/com.rst-steel.eu\/\",\"name\":\"RST-Steel.com\",\"description\":\"Finnish quality steel, for quality-conscious drivers\",\"publisher\":{\"@id\":\"https:\/\/com.rst-steel.eu\/#organization\"},\"alternateName\":\"Safe and stylish RST-Steel quality\",\"potentialAction\":[{\"@type\":\"SearchAction\",\"target\":{\"@type\":\"EntryPoint\",\"urlTemplate\":\"https:\/\/com.rst-steel.eu\/?s={search_term_string}\"},\"query-input\":{\"@type\":\"PropertyValueSpecification\",\"valueRequired\":true,\"valueName\":\"search_term_string\"}}],\"inLanguage\":\"sv-SE\"},{\"@type\":\"Organization\",\"@id\":\"https:\/\/com.rst-steel.eu\/#organization\",\"name\":\"RST-Steel Oy\",\"url\":\"https:\/\/com.rst-steel.eu\/\",\"logo\":{\"@type\":\"ImageObject\",\"inLanguage\":\"sv-SE\",\"@id\":\"https:\/\/com.rst-steel.eu\/#\/schema\/logo\/image\/\",\"url\":\"https:\/\/com.rst-steel.eu\/wp-content\/uploads\/2023\/04\/cropped-Rst-logo-valkoinen-teksti-3.png\",\"contentUrl\":\"https:\/\/com.rst-steel.eu\/wp-content\/uploads\/2023\/04\/cropped-Rst-logo-valkoinen-teksti-3.png\",\"width\":512,\"height\":115,\"caption\":\"RST-Steel Oy\"},\"image\":{\"@id\":\"https:\/\/com.rst-steel.eu\/#\/schema\/logo\/image\/\"},\"sameAs\":[\"https:\/\/www.facebook.com\/rststeel\",\"https:\/\/www.instagram.com\/rststeeloy\/\"]}]}<\/script>\n<!-- \/ Yoast SEO plugin. -->","yoast_head_json":{"title":"Lazer AIR-130 Elite LED-Auxiliary Light - RST-Steel","description":"Lazer AIR-130 Elite \u00e4r den mest kraftfulla versionen av den nya AIR-serien! Alla AIR-produkter har ett integrerat vitt eller gult positionsljus i form av en \"twin\".","robots":{"index":"index","follow":"follow","max-snippet":"max-snippet:-1","max-image-preview":"max-image-preview:large","max-video-preview":"max-video-preview:-1"},"canonical":"https:\/\/com.rst-steel.eu\/sv\/produkt\/lazer-air-130-elite-led-auxiliary-light_pr_81415\/","og_locale":"sv_SE","og_type":"article","og_title":"Lazer AIR-130 Elite LED-Auxiliary Light - RST-Steel","og_description":"Lazer AIR-130 Elite is the most powerful version of the new AIR-Series! AIR products all feature an integrated \u2018twin\u2019 white or amber position light.","og_url":"https:\/\/com.rst-steel.eu\/sv\/produkt\/lazer-air-130-elite-led-auxiliary-light_pr_81415\/","og_site_name":"RST-Steel","article_publisher":"https:\/\/www.facebook.com\/rststeel","article_modified_time":"2026-03-16T06:17:36+00:00","og_image":[{"width":2560,"height":1710,"url":"https:\/\/com.rst-steel.eu\/wp-content\/uploads\/2024\/09\/3f02eac94d643e3dcf977dc72da58543f017f9ec_AIR_130_Elite_Angled_HR-scaled.jpg","type":"image\/jpeg"}],"twitter_card":"summary_large_image","twitter_misc":{"Ber\u00e4knad l\u00e4stid":"4 minuter"},"schema":{"@context":"https:\/\/schema.org","@graph":[{"@type":"WebPage","@id":"https:\/\/com.rst-steel.eu\/nb\/produkt\/lazer-air-130-elite-led-auxiliary-light_pr_81415\/","url":"https:\/\/com.rst-steel.eu\/nb\/produkt\/lazer-air-130-elite-led-auxiliary-light_pr_81415\/","name":"Lazer AIR-130 Elite LED-Auxiliary Light - RST-Steel","isPartOf":{"@id":"https:\/\/com.rst-steel.eu\/#website"},"primaryImageOfPage":{"@id":"https:\/\/com.rst-steel.eu\/nb\/produkt\/lazer-air-130-elite-led-auxiliary-light_pr_81415\/#primaryimage"},"image":{"@id":"https:\/\/com.rst-steel.eu\/nb\/produkt\/lazer-air-130-elite-led-auxiliary-light_pr_81415\/#primaryimage"},"thumbnailUrl":"https:\/\/com.rst-steel.eu\/wp-content\/uploads\/2024\/09\/3f02eac94d643e3dcf977dc72da58543f017f9ec_AIR_130_Elite_Angled_HR-scaled.jpg","datePublished":"2024-09-25T10:39:17+00:00","dateModified":"2026-03-16T06:17:36+00:00","description":"Lazer AIR-130 Elite \u00e4r den mest kraftfulla versionen av den nya AIR-serien! Alla AIR-produkter har ett integrerat vitt eller gult positionsljus i form av en \"twin\".","breadcrumb":{"@id":"https:\/\/com.rst-steel.eu\/nb\/produkt\/lazer-air-130-elite-led-auxiliary-light_pr_81415\/#breadcrumb"},"inLanguage":"sv-SE","potentialAction":[{"@type":"ReadAction","target":["https:\/\/com.rst-steel.eu\/nb\/produkt\/lazer-air-130-elite-led-auxiliary-light_pr_81415\/"]}]},{"@type":"ImageObject","inLanguage":"sv-SE","@id":"https:\/\/com.rst-steel.eu\/nb\/produkt\/lazer-air-130-elite-led-auxiliary-light_pr_81415\/#primaryimage","url":"https:\/\/com.rst-steel.eu\/wp-content\/uploads\/2024\/09\/3f02eac94d643e3dcf977dc72da58543f017f9ec_AIR_130_Elite_Angled_HR-scaled.jpg","contentUrl":"https:\/\/com.rst-steel.eu\/wp-content\/uploads\/2024\/09\/3f02eac94d643e3dcf977dc72da58543f017f9ec_AIR_130_Elite_Angled_HR-scaled.jpg","width":2560,"height":1710},{"@type":"BreadcrumbList","@id":"https:\/\/com.rst-steel.eu\/nb\/produkt\/lazer-air-130-elite-led-auxiliary-light_pr_81415\/#breadcrumb","itemListElement":[{"@type":"ListItem","position":1,"name":"Home","item":"https:\/\/com.rst-steel.eu\/"},{"@type":"ListItem","position":2,"name":"RST-Steel Shop","item":"https:\/\/com.rst-steel.eu\/shop\/"},{"@type":"ListItem","position":3,"name":"Lazer AIR-130 Elite LED-Auxiliary Light"}]},{"@type":"WebSite","@id":"https:\/\/com.rst-steel.eu\/#website","url":"https:\/\/com.rst-steel.eu\/","name":"RST-Stahl.com","description":"Finskt kvalitetsst\u00e5l, f\u00f6r kvalitetsmedvetna f\u00f6rare","publisher":{"@id":"https:\/\/com.rst-steel.eu\/#organization"},"alternateName":"Safe and stylish RST-Steel quality","potentialAction":[{"@type":"SearchAction","target":{"@type":"EntryPoint","urlTemplate":"https:\/\/com.rst-steel.eu\/?s={search_term_string}"},"query-input":{"@type":"PropertyValueSpecification","valueRequired":true,"valueName":"search_term_string"}}],"inLanguage":"sv-SE"},{"@type":"Organization","@id":"https:\/\/com.rst-steel.eu\/#organization","name":"RST-Steel Oy","url":"https:\/\/com.rst-steel.eu\/","logo":{"@type":"ImageObject","inLanguage":"sv-SE","@id":"https:\/\/com.rst-steel.eu\/#\/schema\/logo\/image\/","url":"https:\/\/com.rst-steel.eu\/wp-content\/uploads\/2023\/04\/cropped-Rst-logo-valkoinen-teksti-3.png","contentUrl":"https:\/\/com.rst-steel.eu\/wp-content\/uploads\/2023\/04\/cropped-Rst-logo-valkoinen-teksti-3.png","width":512,"height":115,"caption":"RST-Steel Oy"},"image":{"@id":"https:\/\/com.rst-steel.eu\/#\/schema\/logo\/image\/"},"sameAs":["https:\/\/www.facebook.com\/rststeel","https:\/\/www.instagram.com\/rststeeloy\/"]}]}},"brands":[{"id":8332,"name":"Lazer Lamps","slug":"brand_lazerlamps"}],"_links":{"self":[{"href":"https:\/\/com.rst-steel.eu\/sv\/wp-json\/wp\/v2\/product\/46680","targetHints":{"allow":["GET"]}}],"collection":[{"href":"https:\/\/com.rst-steel.eu\/sv\/wp-json\/wp\/v2\/product"}],"about":[{"href":"https:\/\/com.rst-steel.eu\/sv\/wp-json\/wp\/v2\/types\/product"}],"replies":[{"embeddable":true,"href":"https:\/\/com.rst-steel.eu\/sv\/wp-json\/wp\/v2\/comments?post=46680"}],"version-history":[{"count":0,"href":"https:\/\/com.rst-steel.eu\/sv\/wp-json\/wp\/v2\/product\/46680\/revisions"}],"wp:featuredmedia":[{"embeddable":true,"href":"https:\/\/com.rst-steel.eu\/sv\/wp-json\/wp\/v2\/media\/46675"}],"wp:attachment":[{"href":"https:\/\/com.rst-steel.eu\/sv\/wp-json\/wp\/v2\/media?parent=46680"}],"wp:term":[{"taxonomy":"make_fuel_type","embeddable":true,"href":"https:\/\/com.rst-steel.eu\/sv\/wp-json\/wp\/v2\/make_fuel_type?post=46680"},{"taxonomy":"make_model","embeddable":true,"href":"https:\/\/com.rst-steel.eu\/sv\/wp-json\/wp\/v2\/make_model?post=46680"},{"taxonomy":"make_brand","embeddable":true,"href":"https:\/\/com.rst-steel.eu\/sv\/wp-json\/wp\/v2\/make_brand?post=46680"},{"taxonomy":"make_year","embeddable":true,"href":"https:\/\/com.rst-steel.eu\/sv\/wp-json\/wp\/v2\/make_year?post=46680"},{"taxonomy":"pwb-brand","embeddable":true,"href":"https:\/\/com.rst-steel.eu\/sv\/wp-json\/wp\/v2\/pwb-brand?post=46680"},{"taxonomy":"product_brand","embeddable":true,"href":"https:\/\/com.rst-steel.eu\/sv\/wp-json\/wp\/v2\/product_brand?post=46680"},{"taxonomy":"product_cat","embeddable":true,"href":"https:\/\/com.rst-steel.eu\/sv\/wp-json\/wp\/v2\/product_cat?post=46680"},{"taxonomy":"product_tag","embeddable":true,"href":"https:\/\/com.rst-steel.eu\/sv\/wp-json\/wp\/v2\/product_tag?post=46680"}],"curies":[{"name":"wp","href":"https:\/\/api.w.org\/{rel}","templated":true}]}}