{"id":46657,"date":"2024-09-25T13:38:33","date_gmt":"2024-09-25T10:38:33","guid":{"rendered":"https:\/\/rst-steel.com\/product\/lazer-glide_pr_82065\/"},"modified":"2026-03-16T09:17:36","modified_gmt":"2026-03-16T06:17:36","slug":"lazer-glide_pr_82065","status":"publish","type":"product","link":"https:\/\/com.rst-steel.eu\/sv\/produkt\/lazer-glide_pr_82065\/","title":{"rendered":"Lazer Glide Extraljus"},"content":{"rendered":"<p>Lazer Glide Extraljus<\/p>\n<p><\/p>\n<p>Vi presenterar Glide, v\u00e4rldens f\u00f6rsta \"formade\" LED-ljusramp. Glide har en monocoque lins-konstruktion f\u00f6r mycket viktbesparande inneboende styrka och robusthet, och \u00e4r ett sortiment av 20-tums b\u00f6jda ljusramper som levererar s\u00e5 mycket, s\u00e4rskilt med tanke p\u00e5 deras extremt l\u00e5ga profil. Den avundsv\u00e4rda balansen mellan exceptionell belysningsprestanda och estetik i OE-kvalitet, som \u00e4r anpassad till frontkonturerna p\u00e5 ett stort antal olika fordonstyper, m\u00e4rken och modeller, g\u00f6r Glide till ett exceptionellt val, s\u00e4rskilt inom personbils- och l\u00e4tta kommersiella sektorer.<\/p>\n<p><\/p>\n<p>Standardprodukterna fr\u00e5n Glide representerar ett otroligt v\u00e4rde med tanke p\u00e5 deras design, prestanda och byggkvalitet. K\u00e4rnan \u00e4r 18x premium bin LED-lampor som arbetar tillsammans med det vakuummetalliserade optiska systemet f\u00f6r att distribuera 11 500 r\u00e5a lumen med stark avst\u00e5ndsbelysning (1 lux @ 548 m) och en 60 graders horisontell ljusspridning.<\/p>\n<p><\/p>\n<p>Varje Glide-lampa har ett inbyggt Dynamic Dip-l\u00e4ge som ger en mjuk \u00f6verg\u00e5ng mellan h\u00f6gt och l\u00e5gt ljusfl\u00f6de. L\u00e4get med l\u00e5g uteffekt m\u00f6jligg\u00f6r k\u00f6rning i enlighet med UNECE:s f\u00f6reskrifter 149 (dubbel E-Mark) d\u00e4r lokala lagar kr\u00e4ver detta, och\/eller en reducerad uteffekt som t.ex. minskar bl\u00e4ndningen fr\u00e5n starkt reflekterande ytor som stora v\u00e4gskyltar. Dynamic Dip-funktionen aktiveras efter att lampan har varit t\u00e4nd i &gt;2 sekunder genom att lampan snabbt och enkelt blinkar av och p\u00e5 igen.<\/p>\n<p><\/p>\n<p>L\u00e5s upp b\u00e5de stil och s\u00e4kerhet med Glide LED-ljusramper, som erbjuder ett integrerat vitt positionsljus som tillval, fullt godk\u00e4nt f\u00f6r anv\u00e4ndning p\u00e5 v\u00e4g enligt UNECE Reg 148-reglerna. Varje lampa \u00e4r utrustad med en sidomonteringssats, och det finns ytterligare monteringsalternativ f\u00f6r att anpassa din installation - v\u00e4lj mellan ett nummerskyltsf\u00e4ste eller en st\u00f6ldskyddad sidomonteringssats f\u00f6r extra trygghet. F\u00f6r montering av nummerskyltar p\u00e5 undersidan ska sidomonteringssatsen anv\u00e4ndas tillsammans med v\u00e5r universella monteringssats f\u00f6r nummerskyltar (s\u00e4ljs separat).<\/p>\n<p><\/p>\n<\/p>\n<p>Glide-serien av l\u00e5gprofilerade ljusramper, liksom alla Lazer LED-belysningsl\u00f6sningar, \u00e4r konstruerade och tillverkade enligt o\u00f6vertr\u00e4ffade standarder och fulla av avancerade och innovativa funktioner f\u00f6r att maximera prestanda och livsl\u00e4ngd. Med Glide kan du vara helt s\u00e4ker p\u00e5 att f\u00e5 exceptionell avancerad produktdesign i kombination med \u00f6verl\u00e4gsna belysningsniv\u00e5er, allt uppbackat av v\u00e5r omfattande 5-\u00e5rsgaranti.<\/p>\n<p><\/p>\n<p>Egenskaper:<\/p>\n<ul>\n<li>\"Formed\" ljusramp med formsprutad monocoque-konstruktion av linsen<\/li>\n<li>B\u00f6jd och extremt l\u00e5gprofilerad lampdesign underl\u00e4ttar fordonsinstallation av OE-kvalitet<\/li>\n<li>Patents\u00f6kt lampdesign<\/li>\n<li>Anv\u00e4ndning av de senaste h\u00f6gintensiva \"premium bin\"-lysdioderna<\/li>\n<li>Kombinerade vakuummetalliserade spot- och wide optic-system ger optimal ljusf\u00f6rdelning<\/li>\n<li>Dynamic Dip-funktion f\u00f6r \u00f6verg\u00e5ng mellan h\u00f6gt och l\u00e5gt utg\u00e5ngsl\u00e4ge<\/li>\n<li>UNECE-godk\u00e4nd Reg 149 (klass B-k\u00f6rljus) f\u00f6r helljusfunktion p\u00e5 v\u00e4g - endast Low Output\/E-Mark-l\u00e4ge<\/li>\n<li>Som tillval integrerad funktion f\u00f6r vitt positionsljus - godk\u00e4nd enligt UNECE Reg 148<\/li>\n<li>Antagande av svarta kretskort f\u00f6r ett modernt och dolt utseende<\/li>\n<li>\"Okrossbar\" polykarbonatlins med h\u00e5rd bel\u00e4ggning (med livstidsgaranti*)<\/li>\n<li>Texturerad effekt p\u00e5 undersidan av polykarbonatlinsen f\u00f6r ett unikt estetiskt utseende<\/li>\n<li>5000K LED-f\u00e4rgtemperatur och 80CRI ger maximal sk\u00e4rpa och definition<\/li>\n<li>Levereras med sidomonteringssats - st\u00f6ldskyddad sidomonteringssats finns ocks\u00e5 (s\u00e4ljs separat)<\/li>\n<li>Elektroniskt v\u00e4rmehanteringssystem optimerar ljusfl\u00f6det f\u00f6r att bevara LED-lampornas livsl\u00e4ngd<\/li>\n<li>Intern f\u00f6rbehandling och pulverlackering av fordonskvalitet f\u00f6r ultimat korrosions- och kemikalieskydd<\/li>\n<li>Skyddad mot \u00f6versp\u00e4nning<\/li>\n<li>Skyddad mot omv\u00e4nd polaritet<\/li>\n<li>UNECE godk\u00e4nd Reg 10<\/li>\n<li>IP68 vattent\u00e4t - 1,5 m neds\u00e4nkning i vatten (30 min)<\/li>\n<li>5 \u00e5rs garanti<\/li>\n<li>25 cm lampkabel med medf\u00f6ljande 2-poliga Superseal-kontakter f\u00f6r hane och hona<\/li>\n<li>Designad och tillverkad i Storbritannien<\/li>\n<\/ul>\n<p><\/p>\n<p><span style=\"font-weight: bold\"><br \/><\/span><\/p>\n<p><span style=\"font-weight: bold\">Tekniska specifikationer: Boost-l\u00e4ge \/ E-Mark-l\u00e4ge<\/span><\/p>\n<ul>\n<li>Sp\u00e4nningsintervall (DC): 10-32V<\/li>\n<li>LED-livsl\u00e4ngd: 50.000 timmar<\/li>\n<li>Vikt: 0,68 kg<\/li>\n<\/ul>\n<p>&nbsp;<\/p>\n<p><span style=\"font-weight: bold\">HELLJUSFUNKTION<\/span><\/p>\n<ul>\n<li>Totalt ljusfl\u00f6de: 11.500 Lm \/ 4.025 Lm<\/li>\n<li>Totalt f\u00f6rar-\"FOV\"-fl\u00f6de \u2020: 6 958 Lm \/ 2 435 Lm<\/li>\n<li>F\u00e4rgtemperatur: 5000K<\/li>\n<li>Effektf\u00f6rbrukning: 120 watt \/ 42 watt<\/li>\n<li>H\u00f6gsta str\u00f6muttag: 9,6 ampere \/ 2,6 ampere<\/li>\n<li>Str\u00f6muttag (14,4 V): 8,3 ampere \/ 2,3 ampere<\/li>\n<li>Kontaktdon: 2-polig Superseal (+25 cm kabel)<\/li>\n<\/ul>\n<p>&nbsp;<\/p>\n<p><span style=\"font-weight: bold\">DIMENSIONER<\/span><\/p>\n<ul>\n<li>Bredd: 517 mm<\/li>\n<li>Djup: 71 mm<\/li>\n<li>H\u00f6jd: 39 mm<\/li>\n<\/ul>\n<p>&nbsp;<\/p>\n<p><span style=\"font-weight: bold\">CERTIFIERING<\/span><\/p>\n<ul>\n<li>IP-klassning: IP68<\/li>\n<li>High Beam (E9 approval):&nbsp;ECE R149 (Double E-Mark) &#8211; Ref: 2x 12.5 (Low Output mode only)<\/li>\n<li>EMC certifiering: ECE R10<\/li>\n<li>Saltspraytest: ISO 9227<\/li>\n<li>Skydd mot dumpning av last: ISO 7637-2<\/li>\n<\/ul>\n<p>&nbsp;<\/p>\n<p><span style=\"font-weight: bold\">FOTOMETRISKA DATA<\/span><\/p>\n<p><span style=\"font-weight: bold\">Horizontal \/ Vertical Beam Angle<span>\t<\/span>60\u00b0 \/ 13\u00b0<\/span><\/p>\n<ul>\n<li>0,25 lx Linje: 1095m \/ 648m<\/li>\n<li>0,5 lx Linje: 775m \/ 458m<\/li>\n<li>1 lx Linje: 548m \/ 324m<\/li>\n<li>3 lx Line: 316m \/ 187m<\/li>\n<\/ul>\n<p><\/p>\n<p><span style=\"font-weight: bold\">Leveransens inneh\u00e5ll:<\/span><\/p>\n<ul>\n<li>Glide LED-str\u00e5lkastare<\/li>\n<li>Sidomonteringssats<\/li>\n<li>Instruktioner f\u00f6r installation<\/li>\n<\/ul>","protected":false},"excerpt":{"rendered":"<p><span style=\"font-weight: bold\">Vi introducerar Glide, v\u00e4rldens f\u00f6rsta \"formade\" LED-ljusramp!<\/span><\/p>","protected":false},"featured_media":46652,"comment_status":"open","ping_status":"closed","template":"","meta":{"_improvement_type_select":"improve_an_existing","_thumb_yes_seoaic":false,"_frame_yes_seoaic":false,"seoaic_generate_description":"","seoaic_improve_instructions_prompt":"","seoaic_rollback_content_improvement":"","seoaic_idea_thumbnail_generator":"","thumbnail_generated":false,"thumbnail_generate_prompt":"","seoaic_article_description":""},"make_fuel_type":[],"make_model":[],"make_brand":[],"make_year":[],"pwb-brand":[8332],"product_brand":[],"product_cat":[6195,6209,6211,7215],"product_tag":[8498,7551,6298,8496],"class_list":{"0":"post-46657","1":"product","2":"type-product","3":"status-publish","4":"has-post-thumbnail","6":"pwb-brand-brand_lazerlamps","7":"product_cat-lamps","8":"product_cat-auxiliary-lights","9":"product_cat-lazer-lamps-auxiliary-lights","10":"product_cat-rstc-glide","11":"product_tag-auxiliary-light","12":"product_tag-extraljus","13":"product_tag-lazer-lamps","14":"product_tag-light-bar","16":"first","17":"instock","18":"taxable","19":"shipping-taxable","20":"purchasable","21":"product-type-simple"},"yoast_head":"<!-- This site is optimized with the Yoast SEO plugin v25.7 - https:\/\/yoast.com\/wordpress\/plugins\/seo\/ -->\n<title>Lazer Glide - RST-Steel<\/title>\n<meta name=\"description\" content=\"Lazer Glide is the world\u2019s first \u2018formed\u2019 LED light bar. Unlock both style and safety with Glide LED lightbar! 5-year warranty\" \/>\n<meta name=\"robots\" content=\"index, follow, max-snippet:-1, max-image-preview:large, max-video-preview:-1\" \/>\n<link rel=\"canonical\" href=\"https:\/\/com.rst-steel.eu\/sv\/produkt\/lazer-glide_pr_82065\/\" \/>\n<meta property=\"og:locale\" content=\"sv_SE\" \/>\n<meta property=\"og:type\" content=\"article\" \/>\n<meta property=\"og:title\" content=\"Lazer Glide - RST-Steel\" \/>\n<meta property=\"og:description\" content=\"Lazer Glide is the world\u2019s first \u2018formed\u2019 LED light bar. Unlock both style and safety with Glide LED lightbar! 5-year warranty\" \/>\n<meta property=\"og:url\" content=\"https:\/\/com.rst-steel.eu\/sv\/produkt\/lazer-glide_pr_82065\/\" \/>\n<meta property=\"og:site_name\" content=\"RST-Steel\" \/>\n<meta property=\"article:publisher\" content=\"https:\/\/www.facebook.com\/rststeel\" \/>\n<meta property=\"article:modified_time\" content=\"2026-03-16T06:17:36+00:00\" \/>\n<meta property=\"og:image\" content=\"https:\/\/com.rst-steel.eu\/wp-content\/uploads\/2024\/09\/ac85cca0f157c72775f522b17080b721666fb12d_Glide_Angled_Side_Mounts_WEB.jpg\" \/>\n\t<meta property=\"og:image:width\" content=\"1000\" \/>\n\t<meta property=\"og:image:height\" content=\"750\" \/>\n\t<meta property=\"og:image:type\" content=\"image\/jpeg\" \/>\n<meta name=\"twitter:card\" content=\"summary_large_image\" \/>\n<meta name=\"twitter:label1\" content=\"Ber\u00e4knad l\u00e4stid\" \/>\n\t<meta name=\"twitter:data1\" content=\"4 minuter\" \/>\n<script type=\"application\/ld+json\" class=\"yoast-schema-graph\">{\"@context\":\"https:\/\/schema.org\",\"@graph\":[{\"@type\":\"WebPage\",\"@id\":\"https:\/\/com.rst-steel.eu\/nb\/produkt\/lazer-glide_pr_82065\/\",\"url\":\"https:\/\/com.rst-steel.eu\/nb\/produkt\/lazer-glide_pr_82065\/\",\"name\":\"Lazer Glide - RST-Steel\",\"isPartOf\":{\"@id\":\"https:\/\/com.rst-steel.eu\/#website\"},\"primaryImageOfPage\":{\"@id\":\"https:\/\/com.rst-steel.eu\/nb\/produkt\/lazer-glide_pr_82065\/#primaryimage\"},\"image\":{\"@id\":\"https:\/\/com.rst-steel.eu\/nb\/produkt\/lazer-glide_pr_82065\/#primaryimage\"},\"thumbnailUrl\":\"https:\/\/com.rst-steel.eu\/wp-content\/uploads\/2024\/09\/ac85cca0f157c72775f522b17080b721666fb12d_Glide_Angled_Side_Mounts_WEB.jpg\",\"datePublished\":\"2024-09-25T10:38:33+00:00\",\"dateModified\":\"2026-03-16T06:17:36+00:00\",\"description\":\"Lazer Glide is the world\u2019s first \u2018formed\u2019 LED light bar. Unlock both style and safety with Glide LED lightbar! 5-year warranty\",\"breadcrumb\":{\"@id\":\"https:\/\/com.rst-steel.eu\/nb\/produkt\/lazer-glide_pr_82065\/#breadcrumb\"},\"inLanguage\":\"sv-SE\",\"potentialAction\":[{\"@type\":\"ReadAction\",\"target\":[\"https:\/\/com.rst-steel.eu\/nb\/produkt\/lazer-glide_pr_82065\/\"]}]},{\"@type\":\"ImageObject\",\"inLanguage\":\"sv-SE\",\"@id\":\"https:\/\/com.rst-steel.eu\/nb\/produkt\/lazer-glide_pr_82065\/#primaryimage\",\"url\":\"https:\/\/com.rst-steel.eu\/wp-content\/uploads\/2024\/09\/ac85cca0f157c72775f522b17080b721666fb12d_Glide_Angled_Side_Mounts_WEB.jpg\",\"contentUrl\":\"https:\/\/com.rst-steel.eu\/wp-content\/uploads\/2024\/09\/ac85cca0f157c72775f522b17080b721666fb12d_Glide_Angled_Side_Mounts_WEB.jpg\",\"width\":1000,\"height\":750},{\"@type\":\"BreadcrumbList\",\"@id\":\"https:\/\/com.rst-steel.eu\/nb\/produkt\/lazer-glide_pr_82065\/#breadcrumb\",\"itemListElement\":[{\"@type\":\"ListItem\",\"position\":1,\"name\":\"Home\",\"item\":\"https:\/\/com.rst-steel.eu\/\"},{\"@type\":\"ListItem\",\"position\":2,\"name\":\"RST-Steel Shop\",\"item\":\"https:\/\/com.rst-steel.eu\/shop\/\"},{\"@type\":\"ListItem\",\"position\":3,\"name\":\"Lazer Glide\"}]},{\"@type\":\"WebSite\",\"@id\":\"https:\/\/com.rst-steel.eu\/#website\",\"url\":\"https:\/\/com.rst-steel.eu\/\",\"name\":\"RST-Steel.com\",\"description\":\"Finnish quality steel, for quality-conscious drivers\",\"publisher\":{\"@id\":\"https:\/\/com.rst-steel.eu\/#organization\"},\"alternateName\":\"Safe and stylish RST-Steel quality\",\"potentialAction\":[{\"@type\":\"SearchAction\",\"target\":{\"@type\":\"EntryPoint\",\"urlTemplate\":\"https:\/\/com.rst-steel.eu\/?s={search_term_string}\"},\"query-input\":{\"@type\":\"PropertyValueSpecification\",\"valueRequired\":true,\"valueName\":\"search_term_string\"}}],\"inLanguage\":\"sv-SE\"},{\"@type\":\"Organization\",\"@id\":\"https:\/\/com.rst-steel.eu\/#organization\",\"name\":\"RST-Steel Oy\",\"url\":\"https:\/\/com.rst-steel.eu\/\",\"logo\":{\"@type\":\"ImageObject\",\"inLanguage\":\"sv-SE\",\"@id\":\"https:\/\/com.rst-steel.eu\/#\/schema\/logo\/image\/\",\"url\":\"https:\/\/com.rst-steel.eu\/wp-content\/uploads\/2023\/04\/cropped-Rst-logo-valkoinen-teksti-3.png\",\"contentUrl\":\"https:\/\/com.rst-steel.eu\/wp-content\/uploads\/2023\/04\/cropped-Rst-logo-valkoinen-teksti-3.png\",\"width\":512,\"height\":115,\"caption\":\"RST-Steel Oy\"},\"image\":{\"@id\":\"https:\/\/com.rst-steel.eu\/#\/schema\/logo\/image\/\"},\"sameAs\":[\"https:\/\/www.facebook.com\/rststeel\",\"https:\/\/www.instagram.com\/rststeeloy\/\"]}]}<\/script>\n<!-- \/ Yoast SEO plugin. -->","yoast_head_json":{"title":"Lazer Glid - RST-Steel","description":"Lazer Glide \u00e4r v\u00e4rldens f\u00f6rsta \"formade\" LED-ljusramp. L\u00e5s upp b\u00e5de stil och s\u00e4kerhet med Glide LED-ljusramp! 5 \u00e5rs garanti","robots":{"index":"index","follow":"follow","max-snippet":"max-snippet:-1","max-image-preview":"max-image-preview:large","max-video-preview":"max-video-preview:-1"},"canonical":"https:\/\/com.rst-steel.eu\/sv\/produkt\/lazer-glide_pr_82065\/","og_locale":"sv_SE","og_type":"article","og_title":"Lazer Glide - RST-Steel","og_description":"Lazer Glide is the world\u2019s first \u2018formed\u2019 LED light bar. Unlock both style and safety with Glide LED lightbar! 5-year warranty","og_url":"https:\/\/com.rst-steel.eu\/sv\/produkt\/lazer-glide_pr_82065\/","og_site_name":"RST-Steel","article_publisher":"https:\/\/www.facebook.com\/rststeel","article_modified_time":"2026-03-16T06:17:36+00:00","og_image":[{"width":1000,"height":750,"url":"https:\/\/com.rst-steel.eu\/wp-content\/uploads\/2024\/09\/ac85cca0f157c72775f522b17080b721666fb12d_Glide_Angled_Side_Mounts_WEB.jpg","type":"image\/jpeg"}],"twitter_card":"summary_large_image","twitter_misc":{"Ber\u00e4knad l\u00e4stid":"4 minuter"},"schema":{"@context":"https:\/\/schema.org","@graph":[{"@type":"WebPage","@id":"https:\/\/com.rst-steel.eu\/nb\/produkt\/lazer-glide_pr_82065\/","url":"https:\/\/com.rst-steel.eu\/nb\/produkt\/lazer-glide_pr_82065\/","name":"Lazer Glid - RST-Steel","isPartOf":{"@id":"https:\/\/com.rst-steel.eu\/#website"},"primaryImageOfPage":{"@id":"https:\/\/com.rst-steel.eu\/nb\/produkt\/lazer-glide_pr_82065\/#primaryimage"},"image":{"@id":"https:\/\/com.rst-steel.eu\/nb\/produkt\/lazer-glide_pr_82065\/#primaryimage"},"thumbnailUrl":"https:\/\/com.rst-steel.eu\/wp-content\/uploads\/2024\/09\/ac85cca0f157c72775f522b17080b721666fb12d_Glide_Angled_Side_Mounts_WEB.jpg","datePublished":"2024-09-25T10:38:33+00:00","dateModified":"2026-03-16T06:17:36+00:00","description":"Lazer Glide \u00e4r v\u00e4rldens f\u00f6rsta \"formade\" LED-ljusramp. L\u00e5s upp b\u00e5de stil och s\u00e4kerhet med Glide LED-ljusramp! 5 \u00e5rs garanti","breadcrumb":{"@id":"https:\/\/com.rst-steel.eu\/nb\/produkt\/lazer-glide_pr_82065\/#breadcrumb"},"inLanguage":"sv-SE","potentialAction":[{"@type":"ReadAction","target":["https:\/\/com.rst-steel.eu\/nb\/produkt\/lazer-glide_pr_82065\/"]}]},{"@type":"ImageObject","inLanguage":"sv-SE","@id":"https:\/\/com.rst-steel.eu\/nb\/produkt\/lazer-glide_pr_82065\/#primaryimage","url":"https:\/\/com.rst-steel.eu\/wp-content\/uploads\/2024\/09\/ac85cca0f157c72775f522b17080b721666fb12d_Glide_Angled_Side_Mounts_WEB.jpg","contentUrl":"https:\/\/com.rst-steel.eu\/wp-content\/uploads\/2024\/09\/ac85cca0f157c72775f522b17080b721666fb12d_Glide_Angled_Side_Mounts_WEB.jpg","width":1000,"height":750},{"@type":"BreadcrumbList","@id":"https:\/\/com.rst-steel.eu\/nb\/produkt\/lazer-glide_pr_82065\/#breadcrumb","itemListElement":[{"@type":"ListItem","position":1,"name":"Home","item":"https:\/\/com.rst-steel.eu\/"},{"@type":"ListItem","position":2,"name":"RST-Steel Shop","item":"https:\/\/com.rst-steel.eu\/shop\/"},{"@type":"ListItem","position":3,"name":"Lazer Glide"}]},{"@type":"WebSite","@id":"https:\/\/com.rst-steel.eu\/#website","url":"https:\/\/com.rst-steel.eu\/","name":"RST-Stahl.com","description":"Finskt kvalitetsst\u00e5l, f\u00f6r kvalitetsmedvetna f\u00f6rare","publisher":{"@id":"https:\/\/com.rst-steel.eu\/#organization"},"alternateName":"Safe and stylish RST-Steel quality","potentialAction":[{"@type":"SearchAction","target":{"@type":"EntryPoint","urlTemplate":"https:\/\/com.rst-steel.eu\/?s={search_term_string}"},"query-input":{"@type":"PropertyValueSpecification","valueRequired":true,"valueName":"search_term_string"}}],"inLanguage":"sv-SE"},{"@type":"Organization","@id":"https:\/\/com.rst-steel.eu\/#organization","name":"RST-Steel Oy","url":"https:\/\/com.rst-steel.eu\/","logo":{"@type":"ImageObject","inLanguage":"sv-SE","@id":"https:\/\/com.rst-steel.eu\/#\/schema\/logo\/image\/","url":"https:\/\/com.rst-steel.eu\/wp-content\/uploads\/2023\/04\/cropped-Rst-logo-valkoinen-teksti-3.png","contentUrl":"https:\/\/com.rst-steel.eu\/wp-content\/uploads\/2023\/04\/cropped-Rst-logo-valkoinen-teksti-3.png","width":512,"height":115,"caption":"RST-Steel Oy"},"image":{"@id":"https:\/\/com.rst-steel.eu\/#\/schema\/logo\/image\/"},"sameAs":["https:\/\/www.facebook.com\/rststeel","https:\/\/www.instagram.com\/rststeeloy\/"]}]}},"brands":[{"id":8332,"name":"Lazer Lamps","slug":"brand_lazerlamps"}],"_links":{"self":[{"href":"https:\/\/com.rst-steel.eu\/sv\/wp-json\/wp\/v2\/product\/46657","targetHints":{"allow":["GET"]}}],"collection":[{"href":"https:\/\/com.rst-steel.eu\/sv\/wp-json\/wp\/v2\/product"}],"about":[{"href":"https:\/\/com.rst-steel.eu\/sv\/wp-json\/wp\/v2\/types\/product"}],"replies":[{"embeddable":true,"href":"https:\/\/com.rst-steel.eu\/sv\/wp-json\/wp\/v2\/comments?post=46657"}],"version-history":[{"count":0,"href":"https:\/\/com.rst-steel.eu\/sv\/wp-json\/wp\/v2\/product\/46657\/revisions"}],"wp:featuredmedia":[{"embeddable":true,"href":"https:\/\/com.rst-steel.eu\/sv\/wp-json\/wp\/v2\/media\/46652"}],"wp:attachment":[{"href":"https:\/\/com.rst-steel.eu\/sv\/wp-json\/wp\/v2\/media?parent=46657"}],"wp:term":[{"taxonomy":"make_fuel_type","embeddable":true,"href":"https:\/\/com.rst-steel.eu\/sv\/wp-json\/wp\/v2\/make_fuel_type?post=46657"},{"taxonomy":"make_model","embeddable":true,"href":"https:\/\/com.rst-steel.eu\/sv\/wp-json\/wp\/v2\/make_model?post=46657"},{"taxonomy":"make_brand","embeddable":true,"href":"https:\/\/com.rst-steel.eu\/sv\/wp-json\/wp\/v2\/make_brand?post=46657"},{"taxonomy":"make_year","embeddable":true,"href":"https:\/\/com.rst-steel.eu\/sv\/wp-json\/wp\/v2\/make_year?post=46657"},{"taxonomy":"pwb-brand","embeddable":true,"href":"https:\/\/com.rst-steel.eu\/sv\/wp-json\/wp\/v2\/pwb-brand?post=46657"},{"taxonomy":"product_brand","embeddable":true,"href":"https:\/\/com.rst-steel.eu\/sv\/wp-json\/wp\/v2\/product_brand?post=46657"},{"taxonomy":"product_cat","embeddable":true,"href":"https:\/\/com.rst-steel.eu\/sv\/wp-json\/wp\/v2\/product_cat?post=46657"},{"taxonomy":"product_tag","embeddable":true,"href":"https:\/\/com.rst-steel.eu\/sv\/wp-json\/wp\/v2\/product_tag?post=46657"}],"curies":[{"name":"wp","href":"https:\/\/api.w.org\/{rel}","templated":true}]}}