{"id":46641,"date":"2024-09-25T13:37:47","date_gmt":"2024-09-25T10:37:47","guid":{"rendered":"https:\/\/rst-steel.com\/product\/headlamp-eyebrows-scania-ng-2017-led-lights_pr_77123\/"},"modified":"2026-03-16T09:16:20","modified_gmt":"2026-03-16T06:16:20","slug":"stralkastare-ogonbryn-scania-ng-2017-led-lampor_pr_77123","status":"publish","type":"product","link":"https:\/\/com.rst-steel.eu\/sv\/produkt\/stralkastare-ogonbryn-scania-ng-2017-led-lampor_pr_77123\/","title":{"rendered":"\u00d6gonbryn Scania NG 2017- LED-Ljus"},"content":{"rendered":"<div>\u00d6gonbryn Scania NG 2017- LED-Ljus<\/div>\n<div><\/div>\n<div>F\u00f6rb\u00e4ttra utseendet p\u00e5 ditt fordon med \u00f6gonbryn som \u00e4r utformade f\u00f6r LED-lampor. Dessa \u00f6gonbryn \u00e4ndrar utseendet p\u00e5 lamporna samtidigt som de bibeh\u00e5ller sin belysningsprestanda. Modern design med tejpf\u00e4ste. <span style=\"font-weight: bold\">Snabb och enkel att installera! Perfekt passform!<\/span><\/div>\n<div><\/div>\n<div>\u00d6gonbrynen passar till Scania NextGen LED-str\u00e5lkastare och t\u00e4cker hela str\u00e5lkastarhuset.<\/div>\n<div><\/div>\n<div>Levereras som en upps\u00e4ttning (v\u00e4nster och h\u00f6ger), och i paketet ing\u00e5r installationsmaterial.<\/div>\n<div><\/div>\n<div><span style=\"font-weight: bold\">F\u00e4rg: Obehandlad<\/span><\/div>","protected":false},"excerpt":{"rendered":"<p><span style=\"font-weight: bold\">F\u00f6rb\u00e4ttra utseendet p\u00e5 ditt fordon med \u00f6gonbryn!<\/span><\/p>","protected":false},"featured_media":46640,"comment_status":"open","ping_status":"closed","template":"","meta":{"_improvement_type_select":"improve_an_existing","_thumb_yes_seoaic":false,"_frame_yes_seoaic":false,"seoaic_generate_description":"","seoaic_improve_instructions_prompt":"","seoaic_rollback_content_improvement":"","seoaic_idea_thumbnail_generator":"","thumbnail_generated":false,"thumbnail_generate_prompt":"","seoaic_article_description":""},"make_fuel_type":[],"make_model":[5614,2529,5608,5620,5623,5624],"make_brand":[3744],"make_year":[3748],"pwb-brand":[8344],"product_brand":[],"product_cat":[8137,7210,7213],"product_tag":[8488,8494],"class_list":{"0":"post-46641","1":"product","2":"type-product","3":"status-publish","4":"has-post-thumbnail","6":"make_engine-daycab-low-cg","7":"make_engine-daycab-low-cp","8":"make_engine-daycab-low-cr","9":"make_engine-daycab-normal-cg","10":"make_engine-daycab-normal-cp","11":"make_engine-daycab-normal-cr","12":"make_engine-scng-sleeper-cab","13":"make_engine-sleepercab-highline-cg","14":"make_engine-sleepercab-high-cp","15":"make_engine-sleepercab-highline-cr","16":"make_engine-sleepercab-highline-cs","17":"make_engine-sleepercab-low-cg","18":"make_engine-sleepercab-low-cl-2","19":"make_engine-scng-sleeper-cab-low-cp20l","20":"make_engine-sleepercab-low-cr","21":"make_engine-sleepercab-normal-cg","22":"make_engine-sleepercab-normal-cl","23":"make_engine-sleepercab-normal-cp","24":"make_engine-sleepercab-normal-cr","25":"make_engine-sleepercab-normal-cs","26":"make_engine-low-cp20l","27":"make_model-nextgen-g-2017","28":"make_model-nextgen-2017","29":"make_model-nextgen-p-2017","30":"make_model-nextgen-r-2017","31":"make_model-nextgen-s-2017","32":"make_model-nextgen-xt-2017","33":"make_brand-scania","34":"make_year-trucks","35":"pwb-brand-brand_solarguard","36":"product_cat-sunvisors-scania","37":"product_cat-sun-visors-and-wind-deflectors","38":"product_cat-sun-visors-for-trucks","39":"product_tag-scania","40":"product_tag-scania-nextgen","42":"first","43":"instock","44":"taxable","45":"shipping-taxable","46":"purchasable","47":"product-type-simple"},"yoast_head":"<!-- This site is optimized with the Yoast SEO plugin v25.7 - https:\/\/yoast.com\/wordpress\/plugins\/seo\/ -->\n<title>Headlamp Eyebrows Scania NG 2017- LED-Lights - RST-Steel<\/title>\n<meta name=\"description\" content=\"Headlamp Eyebrows Scania NextGen 2017- models, designed for LED lights. Eyebrows fit Scania NextGen LED headlights, covering the entire headlight housing.\" \/>\n<meta name=\"robots\" content=\"index, follow, max-snippet:-1, max-image-preview:large, max-video-preview:-1\" \/>\n<link rel=\"canonical\" href=\"https:\/\/com.rst-steel.eu\/sv\/produkt\/stralkastare-ogonbryn-scania-ng-2017-led-lampor_pr_77123\/\" \/>\n<meta property=\"og:locale\" content=\"sv_SE\" \/>\n<meta property=\"og:type\" content=\"article\" \/>\n<meta property=\"og:title\" content=\"Headlamp Eyebrows Scania NG 2017- LED-Lights - RST-Steel\" \/>\n<meta property=\"og:description\" content=\"Headlamp Eyebrows Scania NextGen 2017- models, designed for LED lights. Eyebrows fit Scania NextGen LED headlights, covering the entire headlight housing.\" \/>\n<meta property=\"og:url\" content=\"https:\/\/com.rst-steel.eu\/sv\/produkt\/stralkastare-ogonbryn-scania-ng-2017-led-lampor_pr_77123\/\" \/>\n<meta property=\"og:site_name\" content=\"RST-Steel\" \/>\n<meta property=\"article:publisher\" content=\"https:\/\/www.facebook.com\/rststeel\" \/>\n<meta property=\"article:modified_time\" content=\"2026-03-16T06:16:20+00:00\" \/>\n<meta property=\"og:image\" content=\"https:\/\/com.rst-steel.eu\/wp-content\/uploads\/2024\/09\/13989e085db6797a87c19f4434ed147c1a250f04_1100_0013.jpg\" \/>\n\t<meta property=\"og:image:width\" content=\"1024\" \/>\n\t<meta property=\"og:image:height\" content=\"1024\" \/>\n\t<meta property=\"og:image:type\" content=\"image\/jpeg\" \/>\n<meta name=\"twitter:card\" content=\"summary_large_image\" \/>\n<meta name=\"twitter:label1\" content=\"Ber\u00e4knad l\u00e4stid\" \/>\n\t<meta name=\"twitter:data1\" content=\"1 minut\" \/>\n<script type=\"application\/ld+json\" class=\"yoast-schema-graph\">{\"@context\":\"https:\/\/schema.org\",\"@graph\":[{\"@type\":\"WebPage\",\"@id\":\"https:\/\/com.rst-steel.eu\/sv\/produkt\/stralkastare-ogonbryn-scania-ng-2017-led-lampor_pr_77123\/\",\"url\":\"https:\/\/com.rst-steel.eu\/sv\/produkt\/stralkastare-ogonbryn-scania-ng-2017-led-lampor_pr_77123\/\",\"name\":\"Headlamp Eyebrows Scania NG 2017- LED-Lights - RST-Steel\",\"isPartOf\":{\"@id\":\"https:\/\/com.rst-steel.eu\/#website\"},\"primaryImageOfPage\":{\"@id\":\"https:\/\/com.rst-steel.eu\/sv\/produkt\/stralkastare-ogonbryn-scania-ng-2017-led-lampor_pr_77123\/#primaryimage\"},\"image\":{\"@id\":\"https:\/\/com.rst-steel.eu\/sv\/produkt\/stralkastare-ogonbryn-scania-ng-2017-led-lampor_pr_77123\/#primaryimage\"},\"thumbnailUrl\":\"https:\/\/com.rst-steel.eu\/wp-content\/uploads\/2024\/09\/13989e085db6797a87c19f4434ed147c1a250f04_1100_0013.jpg\",\"datePublished\":\"2024-09-25T10:37:47+00:00\",\"dateModified\":\"2026-03-16T06:16:20+00:00\",\"description\":\"Headlamp Eyebrows Scania NextGen 2017- models, designed for LED lights. Eyebrows fit Scania NextGen LED headlights, covering the entire headlight housing.\",\"breadcrumb\":{\"@id\":\"https:\/\/com.rst-steel.eu\/sv\/produkt\/stralkastare-ogonbryn-scania-ng-2017-led-lampor_pr_77123\/#breadcrumb\"},\"inLanguage\":\"sv-SE\",\"potentialAction\":[{\"@type\":\"ReadAction\",\"target\":[\"https:\/\/com.rst-steel.eu\/sv\/produkt\/stralkastare-ogonbryn-scania-ng-2017-led-lampor_pr_77123\/\"]}]},{\"@type\":\"ImageObject\",\"inLanguage\":\"sv-SE\",\"@id\":\"https:\/\/com.rst-steel.eu\/sv\/produkt\/stralkastare-ogonbryn-scania-ng-2017-led-lampor_pr_77123\/#primaryimage\",\"url\":\"https:\/\/com.rst-steel.eu\/wp-content\/uploads\/2024\/09\/13989e085db6797a87c19f4434ed147c1a250f04_1100_0013.jpg\",\"contentUrl\":\"https:\/\/com.rst-steel.eu\/wp-content\/uploads\/2024\/09\/13989e085db6797a87c19f4434ed147c1a250f04_1100_0013.jpg\",\"width\":1024,\"height\":1024,\"caption\":\"Headlamp Eyebrows Scania NG 2017- LED-Lights\"},{\"@type\":\"BreadcrumbList\",\"@id\":\"https:\/\/com.rst-steel.eu\/sv\/produkt\/stralkastare-ogonbryn-scania-ng-2017-led-lampor_pr_77123\/#breadcrumb\",\"itemListElement\":[{\"@type\":\"ListItem\",\"position\":1,\"name\":\"Home\",\"item\":\"https:\/\/com.rst-steel.eu\/\"},{\"@type\":\"ListItem\",\"position\":2,\"name\":\"RST-Steel Shop\",\"item\":\"https:\/\/com.rst-steel.eu\/shop\/\"},{\"@type\":\"ListItem\",\"position\":3,\"name\":\"Headlamp Eyebrows Scania NG 2017- LED-Lights\"}]},{\"@type\":\"WebSite\",\"@id\":\"https:\/\/com.rst-steel.eu\/#website\",\"url\":\"https:\/\/com.rst-steel.eu\/\",\"name\":\"RST-Steel.com\",\"description\":\"Finnish quality steel, for quality-conscious drivers\",\"publisher\":{\"@id\":\"https:\/\/com.rst-steel.eu\/#organization\"},\"alternateName\":\"Safe and stylish RST-Steel quality\",\"potentialAction\":[{\"@type\":\"SearchAction\",\"target\":{\"@type\":\"EntryPoint\",\"urlTemplate\":\"https:\/\/com.rst-steel.eu\/?s={search_term_string}\"},\"query-input\":{\"@type\":\"PropertyValueSpecification\",\"valueRequired\":true,\"valueName\":\"search_term_string\"}}],\"inLanguage\":\"sv-SE\"},{\"@type\":\"Organization\",\"@id\":\"https:\/\/com.rst-steel.eu\/#organization\",\"name\":\"RST-Steel Oy\",\"url\":\"https:\/\/com.rst-steel.eu\/\",\"logo\":{\"@type\":\"ImageObject\",\"inLanguage\":\"sv-SE\",\"@id\":\"https:\/\/com.rst-steel.eu\/#\/schema\/logo\/image\/\",\"url\":\"https:\/\/com.rst-steel.eu\/wp-content\/uploads\/2023\/04\/cropped-Rst-logo-valkoinen-teksti-3.png\",\"contentUrl\":\"https:\/\/com.rst-steel.eu\/wp-content\/uploads\/2023\/04\/cropped-Rst-logo-valkoinen-teksti-3.png\",\"width\":512,\"height\":115,\"caption\":\"RST-Steel Oy\"},\"image\":{\"@id\":\"https:\/\/com.rst-steel.eu\/#\/schema\/logo\/image\/\"},\"sameAs\":[\"https:\/\/www.facebook.com\/rststeel\",\"https:\/\/www.instagram.com\/rststeeloy\/\"]}]}<\/script>\n<!-- \/ Yoast SEO plugin. -->","yoast_head_json":{"title":"Str\u00e5lkastare \u00f6gonbryn Scania NG 2017- LED-Ljus - RST-Steel","description":"Str\u00e5lkastar\u00f6gonbryn Scania NextGen 2017- modeller, utformade f\u00f6r LED-lampor. \u00d6gonbrynen passar Scania NextGen LED-str\u00e5lkastare och t\u00e4cker hela str\u00e5lkastarhuset.","robots":{"index":"index","follow":"follow","max-snippet":"max-snippet:-1","max-image-preview":"max-image-preview:large","max-video-preview":"max-video-preview:-1"},"canonical":"https:\/\/com.rst-steel.eu\/sv\/produkt\/stralkastare-ogonbryn-scania-ng-2017-led-lampor_pr_77123\/","og_locale":"sv_SE","og_type":"article","og_title":"Headlamp Eyebrows Scania NG 2017- LED-Lights - RST-Steel","og_description":"Headlamp Eyebrows Scania NextGen 2017- models, designed for LED lights. Eyebrows fit Scania NextGen LED headlights, covering the entire headlight housing.","og_url":"https:\/\/com.rst-steel.eu\/sv\/produkt\/stralkastare-ogonbryn-scania-ng-2017-led-lampor_pr_77123\/","og_site_name":"RST-Steel","article_publisher":"https:\/\/www.facebook.com\/rststeel","article_modified_time":"2026-03-16T06:16:20+00:00","og_image":[{"width":1024,"height":1024,"url":"https:\/\/com.rst-steel.eu\/wp-content\/uploads\/2024\/09\/13989e085db6797a87c19f4434ed147c1a250f04_1100_0013.jpg","type":"image\/jpeg"}],"twitter_card":"summary_large_image","twitter_misc":{"Ber\u00e4knad l\u00e4stid":"1 minut"},"schema":{"@context":"https:\/\/schema.org","@graph":[{"@type":"WebPage","@id":"https:\/\/com.rst-steel.eu\/sv\/produkt\/stralkastare-ogonbryn-scania-ng-2017-led-lampor_pr_77123\/","url":"https:\/\/com.rst-steel.eu\/sv\/produkt\/stralkastare-ogonbryn-scania-ng-2017-led-lampor_pr_77123\/","name":"Str\u00e5lkastare \u00f6gonbryn Scania NG 2017- LED-Ljus - RST-Steel","isPartOf":{"@id":"https:\/\/com.rst-steel.eu\/#website"},"primaryImageOfPage":{"@id":"https:\/\/com.rst-steel.eu\/sv\/produkt\/stralkastare-ogonbryn-scania-ng-2017-led-lampor_pr_77123\/#primaryimage"},"image":{"@id":"https:\/\/com.rst-steel.eu\/sv\/produkt\/stralkastare-ogonbryn-scania-ng-2017-led-lampor_pr_77123\/#primaryimage"},"thumbnailUrl":"https:\/\/com.rst-steel.eu\/wp-content\/uploads\/2024\/09\/13989e085db6797a87c19f4434ed147c1a250f04_1100_0013.jpg","datePublished":"2024-09-25T10:37:47+00:00","dateModified":"2026-03-16T06:16:20+00:00","description":"Str\u00e5lkastar\u00f6gonbryn Scania NextGen 2017- modeller, utformade f\u00f6r LED-lampor. \u00d6gonbrynen passar Scania NextGen LED-str\u00e5lkastare och t\u00e4cker hela str\u00e5lkastarhuset.","breadcrumb":{"@id":"https:\/\/com.rst-steel.eu\/sv\/produkt\/stralkastare-ogonbryn-scania-ng-2017-led-lampor_pr_77123\/#breadcrumb"},"inLanguage":"sv-SE","potentialAction":[{"@type":"ReadAction","target":["https:\/\/com.rst-steel.eu\/sv\/produkt\/stralkastare-ogonbryn-scania-ng-2017-led-lampor_pr_77123\/"]}]},{"@type":"ImageObject","inLanguage":"sv-SE","@id":"https:\/\/com.rst-steel.eu\/sv\/produkt\/stralkastare-ogonbryn-scania-ng-2017-led-lampor_pr_77123\/#primaryimage","url":"https:\/\/com.rst-steel.eu\/wp-content\/uploads\/2024\/09\/13989e085db6797a87c19f4434ed147c1a250f04_1100_0013.jpg","contentUrl":"https:\/\/com.rst-steel.eu\/wp-content\/uploads\/2024\/09\/13989e085db6797a87c19f4434ed147c1a250f04_1100_0013.jpg","width":1024,"height":1024,"caption":"Headlamp Eyebrows Scania NG 2017- LED-Lights"},{"@type":"BreadcrumbList","@id":"https:\/\/com.rst-steel.eu\/sv\/produkt\/stralkastare-ogonbryn-scania-ng-2017-led-lampor_pr_77123\/#breadcrumb","itemListElement":[{"@type":"ListItem","position":1,"name":"Home","item":"https:\/\/com.rst-steel.eu\/"},{"@type":"ListItem","position":2,"name":"RST-Steel Shop","item":"https:\/\/com.rst-steel.eu\/shop\/"},{"@type":"ListItem","position":3,"name":"Headlamp Eyebrows Scania NG 2017- LED-Lights"}]},{"@type":"WebSite","@id":"https:\/\/com.rst-steel.eu\/#website","url":"https:\/\/com.rst-steel.eu\/","name":"RST-Stahl.com","description":"Finskt kvalitetsst\u00e5l, f\u00f6r kvalitetsmedvetna f\u00f6rare","publisher":{"@id":"https:\/\/com.rst-steel.eu\/#organization"},"alternateName":"Safe and stylish RST-Steel quality","potentialAction":[{"@type":"SearchAction","target":{"@type":"EntryPoint","urlTemplate":"https:\/\/com.rst-steel.eu\/?s={search_term_string}"},"query-input":{"@type":"PropertyValueSpecification","valueRequired":true,"valueName":"search_term_string"}}],"inLanguage":"sv-SE"},{"@type":"Organization","@id":"https:\/\/com.rst-steel.eu\/#organization","name":"RST-Steel Oy","url":"https:\/\/com.rst-steel.eu\/","logo":{"@type":"ImageObject","inLanguage":"sv-SE","@id":"https:\/\/com.rst-steel.eu\/#\/schema\/logo\/image\/","url":"https:\/\/com.rst-steel.eu\/wp-content\/uploads\/2023\/04\/cropped-Rst-logo-valkoinen-teksti-3.png","contentUrl":"https:\/\/com.rst-steel.eu\/wp-content\/uploads\/2023\/04\/cropped-Rst-logo-valkoinen-teksti-3.png","width":512,"height":115,"caption":"RST-Steel Oy"},"image":{"@id":"https:\/\/com.rst-steel.eu\/#\/schema\/logo\/image\/"},"sameAs":["https:\/\/www.facebook.com\/rststeel","https:\/\/www.instagram.com\/rststeeloy\/"]}]}},"brands":[{"id":8344,"name":"Solar Guard","slug":"brand_solarguard"}],"_links":{"self":[{"href":"https:\/\/com.rst-steel.eu\/sv\/wp-json\/wp\/v2\/product\/46641","targetHints":{"allow":["GET"]}}],"collection":[{"href":"https:\/\/com.rst-steel.eu\/sv\/wp-json\/wp\/v2\/product"}],"about":[{"href":"https:\/\/com.rst-steel.eu\/sv\/wp-json\/wp\/v2\/types\/product"}],"replies":[{"embeddable":true,"href":"https:\/\/com.rst-steel.eu\/sv\/wp-json\/wp\/v2\/comments?post=46641"}],"version-history":[{"count":0,"href":"https:\/\/com.rst-steel.eu\/sv\/wp-json\/wp\/v2\/product\/46641\/revisions"}],"wp:featuredmedia":[{"embeddable":true,"href":"https:\/\/com.rst-steel.eu\/sv\/wp-json\/wp\/v2\/media\/46640"}],"wp:attachment":[{"href":"https:\/\/com.rst-steel.eu\/sv\/wp-json\/wp\/v2\/media?parent=46641"}],"wp:term":[{"taxonomy":"make_fuel_type","embeddable":true,"href":"https:\/\/com.rst-steel.eu\/sv\/wp-json\/wp\/v2\/make_fuel_type?post=46641"},{"taxonomy":"make_model","embeddable":true,"href":"https:\/\/com.rst-steel.eu\/sv\/wp-json\/wp\/v2\/make_model?post=46641"},{"taxonomy":"make_brand","embeddable":true,"href":"https:\/\/com.rst-steel.eu\/sv\/wp-json\/wp\/v2\/make_brand?post=46641"},{"taxonomy":"make_year","embeddable":true,"href":"https:\/\/com.rst-steel.eu\/sv\/wp-json\/wp\/v2\/make_year?post=46641"},{"taxonomy":"pwb-brand","embeddable":true,"href":"https:\/\/com.rst-steel.eu\/sv\/wp-json\/wp\/v2\/pwb-brand?post=46641"},{"taxonomy":"product_brand","embeddable":true,"href":"https:\/\/com.rst-steel.eu\/sv\/wp-json\/wp\/v2\/product_brand?post=46641"},{"taxonomy":"product_cat","embeddable":true,"href":"https:\/\/com.rst-steel.eu\/sv\/wp-json\/wp\/v2\/product_cat?post=46641"},{"taxonomy":"product_tag","embeddable":true,"href":"https:\/\/com.rst-steel.eu\/sv\/wp-json\/wp\/v2\/product_tag?post=46641"}],"curies":[{"name":"wp","href":"https:\/\/api.w.org\/{rel}","templated":true}]}}