{"id":46634,"date":"2024-09-25T13:37:31","date_gmt":"2024-09-25T10:37:31","guid":{"rendered":"https:\/\/rst-steel.com\/product\/lazer-rp-spot_pr_76619\/"},"modified":"2026-03-16T09:16:11","modified_gmt":"2026-03-16T06:16:11","slug":"lazer-rp-spot_pr_76619","status":"publish","type":"product","link":"https:\/\/com.rst-steel.eu\/sv\/produkt\/lazer-rp-spot_pr_76619\/","title":{"rendered":"Lazer RP Spot"},"content":{"rendered":"<p><strong>Lazer RP Spot<\/strong><\/p>\n<p>RP Spot \u00e4r en \"off-road\"-LED-lampa som \u00e4r byggd f\u00f6r prestanda och h\u00e5llbarhet. Med 4x 20W LED-lampor i premiumsegmentet producerar lampan 8.940 r\u00e5a lumen som kombineras med den ultrareflekterande, vakuummetalliserade \"boost\"-optiken som \u00e4r speciellt utformad och konstruerad f\u00f6r att leverera ljus \u00f6ver ett imponerande avst\u00e5nd (1 lux vid 392 m), men \u00e4nd\u00e5 med 20 graders ljusspridning \u00e5t v\u00e4nster\/h\u00f6ger.<\/p>\n<p>F\u00f6r att komplettera och f\u00f6rst\u00e4rka det imponerande ljusfl\u00f6det finns ett omfattande sortiment av linsskydd med clips, inklusive gula linser och diffusorlinser. Ett svart linsskydd med m\u00e4rket \"Lazer\" ing\u00e5r i varje lampa.<\/p>\n<p>Liksom alla produkter fr\u00e5n Lazer Lamps har RP Spot designats, konstruerats och tillverkats internt i Storbritannien. Produkten \u00e4r byggd f\u00f6r att t\u00e5la tuffa milj\u00f6er och backas upp av v\u00e5r omfattande 5-\u00e5rsgaranti. Designfunktioner som elektronisk v\u00e4rmehantering, \"okrossbar\" polykarbonatlins med h\u00e5rdlackering och en CAE-optimerad kylfl\u00e4ns inneb\u00e4r att det h\u00e4r \u00e4r en produkt som du kan lita p\u00e5 kommer att leverera under m\u00e5nga \u00e5r.<\/p>\n<p>&nbsp;<\/p>\n<p><strong>Viktiga funktioner<\/strong><\/p>\n<ul>\n<li>Utnyttjar 4 h\u00f6gintensiva 20W LED-lampor<\/li>\n<li>Vakuummetalliserad \"boost\"-optik ger punktstr\u00e5lningsm\u00f6nster<\/li>\n<li>Lamphus i aluminium av marin kvalitet<\/li>\n<li>F\u00e4stelement i rostfritt st\u00e5l A2, deltaf\u00f6rseglade f\u00f6r maximalt korrosionsskydd.<\/li>\n<li>CAE-optimerat kylsystem med elektronisk v\u00e4rmehantering<\/li>\n<li>5000k f\u00e4rgtemperatur<\/li>\n<li>Omfattande utbud av linsskydd tillg\u00e4ngligt<\/li>\n<li>Gjutet, kraftigt monteringsf\u00e4ste<\/li>\n<li>\"Okrossbar\" lins av polykarbonat med h\u00e5rd bel\u00e4ggning<\/li>\n<li>Korrosionsbest\u00e4ndighet i fordonsklass<\/li>\n<li>IP68 \/ IP69k godk\u00e4nd<\/li>\n<li>Skyddad mot \u00f6versp\u00e4nning<\/li>\n<li>Skyddad mot omv\u00e4nd polaritet<\/li>\n<li>Inklusive Deutsch-kontakter f\u00f6r hane och hona (2-pinnar)<\/li>\n<li>5 \u00e5rs garanti<\/li>\n<li>Tillverkad i Storbritannien<\/li>\n<\/ul>\n<p>&nbsp;<\/p>\n<p><span style=\"font-weight: bold\">Tekniska specifikationer<\/span><\/p>\n<ul>\n<li>Sp\u00e4nningsintervall (DC): 10-32V<\/li>\n<li>LED-livsl\u00e4ngd: 50.000 timmar<\/li>\n<li>Vikt: 1,1 kg<\/li>\n<\/ul>\n<p>&nbsp;<\/p>\n<p><strong>HELLJUSFUNKTION<\/strong><\/p>\n<ul>\n<li>Totalt ljusfl\u00f6de: 8940 Lm<\/li>\n<li>Totalt fl\u00f6de f\u00f6r f\u00f6rarens \"FOV\": 6079 Lm<\/li>\n<li>F\u00e4rgtemperatur: 5000k<\/li>\n<li>Antal lysdioder med h\u00f6g effekt: 4<\/li>\n<li>Effektf\u00f6rbrukning: 80 W<\/li>\n<li>Str\u00f6muttag (vid 14,4 V): 5.6 A<\/li>\n<\/ul>\n<p>&nbsp;<\/p>\n<p><strong>DIMENSIONER<\/strong><\/p>\n<ul>\n<li>Bredd: 107 mm<\/li>\n<li>Djup: 108 mm<\/li>\n<li>H\u00f6jd: 107 mm<\/li>\n<\/ul>\n<p>&nbsp;<\/p>\n<p><strong>FOTOMETRISKA DATA<\/strong><br \/><strong>Horisontell str\u00e5lningsvinkel 20\u00b0.<\/strong><\/p>\n<ul>\n<li>0,25 Lux Linje: 785m<\/li>\n<li>0,5 Lux Linje: 555m<\/li>\n<li>1 Lux Line: 392m<\/li>\n<li>3 Lux Line: 227m<\/li>\n<\/ul>\n<p><strong>Driver FOV flux \u00e4r ett m\u00e5tt p\u00e5 effektiva lumen som tar h\u00e4nsyn till ljusm\u00e4ngden i f\u00f6rarens \"synf\u00e4lt\", definierat som ett omr\u00e5de +\/- 45o v\u00e4nster\/h\u00f6ger och +\/- 10o upp\u00e5t\/ned\u00e5t.<\/strong><\/p>\n<p>&nbsp;<\/p>","protected":false},"excerpt":{"rendered":"<p>The RP Spot is an \u2018off-road\u2019 LED light built for performance and durability. Boasting 4x premium-bin 20W LEDs, the lamp produces 8,940 raw lumens<\/p>","protected":false},"featured_media":46630,"comment_status":"open","ping_status":"closed","template":"","meta":{"_improvement_type_select":"improve_an_existing","_thumb_yes_seoaic":false,"_frame_yes_seoaic":false,"seoaic_generate_description":"","seoaic_improve_instructions_prompt":"","seoaic_rollback_content_improvement":"","seoaic_idea_thumbnail_generator":"","thumbnail_generated":false,"thumbnail_generate_prompt":"","seoaic_article_description":""},"make_fuel_type":[],"make_model":[],"make_brand":[],"make_year":[],"pwb-brand":[8332],"product_brand":[],"product_cat":[6195,6209,6211,7216],"product_tag":[6298],"class_list":{"0":"post-46634","1":"product","2":"type-product","3":"status-publish","4":"has-post-thumbnail","6":"pwb-brand-brand_lazerlamps","7":"product_cat-lamps","8":"product_cat-auxiliary-lights","9":"product_cat-lazer-lamps-auxiliary-lights","10":"product_cat-rstc-rp-series","11":"product_tag-lazer-lamps","13":"first","14":"onbackorder","15":"taxable","16":"shipping-taxable","17":"purchasable","18":"product-type-simple"},"yoast_head":"<!-- This site is optimized with the Yoast SEO plugin v25.7 - https:\/\/yoast.com\/wordpress\/plugins\/seo\/ -->\n<title>Lazer RP Spot - RST-Steel<\/title>\n<meta name=\"description\" content=\"The RP Spot is a durable off-road LED light with 8,940 lumens, boost optics, lens cover options, and with long 5-year warranty.\" \/>\n<meta name=\"robots\" content=\"index, follow, max-snippet:-1, max-image-preview:large, max-video-preview:-1\" \/>\n<link rel=\"canonical\" href=\"https:\/\/com.rst-steel.eu\/sv\/produkt\/lazer-rp-spot_pr_76619\/\" \/>\n<meta property=\"og:locale\" content=\"sv_SE\" \/>\n<meta property=\"og:type\" content=\"article\" \/>\n<meta property=\"og:title\" content=\"Lazer RP Spot - RST-Steel\" \/>\n<meta property=\"og:description\" content=\"The RP Spot is a durable off-road LED light with 8,940 lumens, boost optics, lens cover options, and with long 5-year warranty.\" \/>\n<meta property=\"og:url\" content=\"https:\/\/com.rst-steel.eu\/sv\/produkt\/lazer-rp-spot_pr_76619\/\" \/>\n<meta property=\"og:site_name\" content=\"RST-Steel\" \/>\n<meta property=\"article:publisher\" content=\"https:\/\/www.facebook.com\/rststeel\" \/>\n<meta property=\"article:modified_time\" content=\"2026-03-16T06:16:11+00:00\" \/>\n<meta property=\"og:image\" content=\"https:\/\/com.rst-steel.eu\/wp-content\/uploads\/2024\/09\/aa3ebfb4a99ec7eb4071b55f0f19d88e25eb0556_LZ6024_0003_1.jpg\" \/>\n\t<meta property=\"og:image:width\" content=\"1000\" \/>\n\t<meta property=\"og:image:height\" content=\"750\" \/>\n\t<meta property=\"og:image:type\" content=\"image\/jpeg\" \/>\n<meta name=\"twitter:card\" content=\"summary_large_image\" \/>\n<meta name=\"twitter:label1\" content=\"Ber\u00e4knad l\u00e4stid\" \/>\n\t<meta name=\"twitter:data1\" content=\"2 minuter\" \/>\n<script type=\"application\/ld+json\" class=\"yoast-schema-graph\">{\"@context\":\"https:\/\/schema.org\",\"@graph\":[{\"@type\":\"WebPage\",\"@id\":\"https:\/\/com.rst-steel.eu\/product\/lazer-rp-spot_pr_76619\/\",\"url\":\"https:\/\/com.rst-steel.eu\/product\/lazer-rp-spot_pr_76619\/\",\"name\":\"Lazer RP Spot - RST-Steel\",\"isPartOf\":{\"@id\":\"https:\/\/com.rst-steel.eu\/#website\"},\"primaryImageOfPage\":{\"@id\":\"https:\/\/com.rst-steel.eu\/product\/lazer-rp-spot_pr_76619\/#primaryimage\"},\"image\":{\"@id\":\"https:\/\/com.rst-steel.eu\/product\/lazer-rp-spot_pr_76619\/#primaryimage\"},\"thumbnailUrl\":\"https:\/\/com.rst-steel.eu\/wp-content\/uploads\/2024\/09\/aa3ebfb4a99ec7eb4071b55f0f19d88e25eb0556_LZ6024_0003_1.jpg\",\"datePublished\":\"2024-09-25T10:37:31+00:00\",\"dateModified\":\"2026-03-16T06:16:11+00:00\",\"description\":\"The RP Spot is a durable off-road LED light with 8,940 lumens, boost optics, lens cover options, and with long 5-year warranty.\",\"breadcrumb\":{\"@id\":\"https:\/\/com.rst-steel.eu\/product\/lazer-rp-spot_pr_76619\/#breadcrumb\"},\"inLanguage\":\"sv-SE\",\"potentialAction\":[{\"@type\":\"ReadAction\",\"target\":[\"https:\/\/com.rst-steel.eu\/product\/lazer-rp-spot_pr_76619\/\"]}]},{\"@type\":\"ImageObject\",\"inLanguage\":\"sv-SE\",\"@id\":\"https:\/\/com.rst-steel.eu\/product\/lazer-rp-spot_pr_76619\/#primaryimage\",\"url\":\"https:\/\/com.rst-steel.eu\/wp-content\/uploads\/2024\/09\/aa3ebfb4a99ec7eb4071b55f0f19d88e25eb0556_LZ6024_0003_1.jpg\",\"contentUrl\":\"https:\/\/com.rst-steel.eu\/wp-content\/uploads\/2024\/09\/aa3ebfb4a99ec7eb4071b55f0f19d88e25eb0556_LZ6024_0003_1.jpg\",\"width\":1000,\"height\":750,\"caption\":\"Lazer RP Spot\"},{\"@type\":\"BreadcrumbList\",\"@id\":\"https:\/\/com.rst-steel.eu\/product\/lazer-rp-spot_pr_76619\/#breadcrumb\",\"itemListElement\":[{\"@type\":\"ListItem\",\"position\":1,\"name\":\"Home\",\"item\":\"https:\/\/com.rst-steel.eu\/\"},{\"@type\":\"ListItem\",\"position\":2,\"name\":\"RST-Steel Shop\",\"item\":\"https:\/\/com.rst-steel.eu\/shop\/\"},{\"@type\":\"ListItem\",\"position\":3,\"name\":\"Lazer RP Spot\"}]},{\"@type\":\"WebSite\",\"@id\":\"https:\/\/com.rst-steel.eu\/#website\",\"url\":\"https:\/\/com.rst-steel.eu\/\",\"name\":\"RST-Steel.com\",\"description\":\"Finnish quality steel, for quality-conscious drivers\",\"publisher\":{\"@id\":\"https:\/\/com.rst-steel.eu\/#organization\"},\"alternateName\":\"Safe and stylish RST-Steel quality\",\"potentialAction\":[{\"@type\":\"SearchAction\",\"target\":{\"@type\":\"EntryPoint\",\"urlTemplate\":\"https:\/\/com.rst-steel.eu\/?s={search_term_string}\"},\"query-input\":{\"@type\":\"PropertyValueSpecification\",\"valueRequired\":true,\"valueName\":\"search_term_string\"}}],\"inLanguage\":\"sv-SE\"},{\"@type\":\"Organization\",\"@id\":\"https:\/\/com.rst-steel.eu\/#organization\",\"name\":\"RST-Steel Oy\",\"url\":\"https:\/\/com.rst-steel.eu\/\",\"logo\":{\"@type\":\"ImageObject\",\"inLanguage\":\"sv-SE\",\"@id\":\"https:\/\/com.rst-steel.eu\/#\/schema\/logo\/image\/\",\"url\":\"https:\/\/com.rst-steel.eu\/wp-content\/uploads\/2023\/04\/cropped-Rst-logo-valkoinen-teksti-3.png\",\"contentUrl\":\"https:\/\/com.rst-steel.eu\/wp-content\/uploads\/2023\/04\/cropped-Rst-logo-valkoinen-teksti-3.png\",\"width\":512,\"height\":115,\"caption\":\"RST-Steel Oy\"},\"image\":{\"@id\":\"https:\/\/com.rst-steel.eu\/#\/schema\/logo\/image\/\"},\"sameAs\":[\"https:\/\/www.facebook.com\/rststeel\",\"https:\/\/www.instagram.com\/rststeeloy\/\"]}]}<\/script>\n<!-- \/ Yoast SEO plugin. -->","yoast_head_json":{"title":"Lazer RP Spot - RST-Steel","description":"RP Spot \u00e4r en t\u00e5lig offroad LED-lampa med 8.940 lumen, boost-optik, alternativ f\u00f6r linsskydd och med l\u00e5ng 5-\u00e5rsgaranti.","robots":{"index":"index","follow":"follow","max-snippet":"max-snippet:-1","max-image-preview":"max-image-preview:large","max-video-preview":"max-video-preview:-1"},"canonical":"https:\/\/com.rst-steel.eu\/sv\/produkt\/lazer-rp-spot_pr_76619\/","og_locale":"sv_SE","og_type":"article","og_title":"Lazer RP Spot - RST-Steel","og_description":"The RP Spot is a durable off-road LED light with 8,940 lumens, boost optics, lens cover options, and with long 5-year warranty.","og_url":"https:\/\/com.rst-steel.eu\/sv\/produkt\/lazer-rp-spot_pr_76619\/","og_site_name":"RST-Steel","article_publisher":"https:\/\/www.facebook.com\/rststeel","article_modified_time":"2026-03-16T06:16:11+00:00","og_image":[{"width":1000,"height":750,"url":"https:\/\/com.rst-steel.eu\/wp-content\/uploads\/2024\/09\/aa3ebfb4a99ec7eb4071b55f0f19d88e25eb0556_LZ6024_0003_1.jpg","type":"image\/jpeg"}],"twitter_card":"summary_large_image","twitter_misc":{"Ber\u00e4knad l\u00e4stid":"2 minuter"},"schema":{"@context":"https:\/\/schema.org","@graph":[{"@type":"WebPage","@id":"https:\/\/com.rst-steel.eu\/product\/lazer-rp-spot_pr_76619\/","url":"https:\/\/com.rst-steel.eu\/product\/lazer-rp-spot_pr_76619\/","name":"Lazer RP Spot - RST-Steel","isPartOf":{"@id":"https:\/\/com.rst-steel.eu\/#website"},"primaryImageOfPage":{"@id":"https:\/\/com.rst-steel.eu\/product\/lazer-rp-spot_pr_76619\/#primaryimage"},"image":{"@id":"https:\/\/com.rst-steel.eu\/product\/lazer-rp-spot_pr_76619\/#primaryimage"},"thumbnailUrl":"https:\/\/com.rst-steel.eu\/wp-content\/uploads\/2024\/09\/aa3ebfb4a99ec7eb4071b55f0f19d88e25eb0556_LZ6024_0003_1.jpg","datePublished":"2024-09-25T10:37:31+00:00","dateModified":"2026-03-16T06:16:11+00:00","description":"RP Spot \u00e4r en t\u00e5lig offroad LED-lampa med 8.940 lumen, boost-optik, alternativ f\u00f6r linsskydd och med l\u00e5ng 5-\u00e5rsgaranti.","breadcrumb":{"@id":"https:\/\/com.rst-steel.eu\/product\/lazer-rp-spot_pr_76619\/#breadcrumb"},"inLanguage":"sv-SE","potentialAction":[{"@type":"ReadAction","target":["https:\/\/com.rst-steel.eu\/product\/lazer-rp-spot_pr_76619\/"]}]},{"@type":"ImageObject","inLanguage":"sv-SE","@id":"https:\/\/com.rst-steel.eu\/product\/lazer-rp-spot_pr_76619\/#primaryimage","url":"https:\/\/com.rst-steel.eu\/wp-content\/uploads\/2024\/09\/aa3ebfb4a99ec7eb4071b55f0f19d88e25eb0556_LZ6024_0003_1.jpg","contentUrl":"https:\/\/com.rst-steel.eu\/wp-content\/uploads\/2024\/09\/aa3ebfb4a99ec7eb4071b55f0f19d88e25eb0556_LZ6024_0003_1.jpg","width":1000,"height":750,"caption":"Lazer RP Spot"},{"@type":"BreadcrumbList","@id":"https:\/\/com.rst-steel.eu\/product\/lazer-rp-spot_pr_76619\/#breadcrumb","itemListElement":[{"@type":"ListItem","position":1,"name":"Home","item":"https:\/\/com.rst-steel.eu\/"},{"@type":"ListItem","position":2,"name":"RST-Steel Shop","item":"https:\/\/com.rst-steel.eu\/shop\/"},{"@type":"ListItem","position":3,"name":"Lazer RP Spot"}]},{"@type":"WebSite","@id":"https:\/\/com.rst-steel.eu\/#website","url":"https:\/\/com.rst-steel.eu\/","name":"RST-Stahl.com","description":"Finskt kvalitetsst\u00e5l, f\u00f6r kvalitetsmedvetna f\u00f6rare","publisher":{"@id":"https:\/\/com.rst-steel.eu\/#organization"},"alternateName":"Safe and stylish RST-Steel quality","potentialAction":[{"@type":"SearchAction","target":{"@type":"EntryPoint","urlTemplate":"https:\/\/com.rst-steel.eu\/?s={search_term_string}"},"query-input":{"@type":"PropertyValueSpecification","valueRequired":true,"valueName":"search_term_string"}}],"inLanguage":"sv-SE"},{"@type":"Organization","@id":"https:\/\/com.rst-steel.eu\/#organization","name":"RST-Steel Oy","url":"https:\/\/com.rst-steel.eu\/","logo":{"@type":"ImageObject","inLanguage":"sv-SE","@id":"https:\/\/com.rst-steel.eu\/#\/schema\/logo\/image\/","url":"https:\/\/com.rst-steel.eu\/wp-content\/uploads\/2023\/04\/cropped-Rst-logo-valkoinen-teksti-3.png","contentUrl":"https:\/\/com.rst-steel.eu\/wp-content\/uploads\/2023\/04\/cropped-Rst-logo-valkoinen-teksti-3.png","width":512,"height":115,"caption":"RST-Steel Oy"},"image":{"@id":"https:\/\/com.rst-steel.eu\/#\/schema\/logo\/image\/"},"sameAs":["https:\/\/www.facebook.com\/rststeel","https:\/\/www.instagram.com\/rststeeloy\/"]}]}},"brands":[{"id":8332,"name":"Lazer Lamps","slug":"brand_lazerlamps"}],"_links":{"self":[{"href":"https:\/\/com.rst-steel.eu\/sv\/wp-json\/wp\/v2\/product\/46634","targetHints":{"allow":["GET"]}}],"collection":[{"href":"https:\/\/com.rst-steel.eu\/sv\/wp-json\/wp\/v2\/product"}],"about":[{"href":"https:\/\/com.rst-steel.eu\/sv\/wp-json\/wp\/v2\/types\/product"}],"replies":[{"embeddable":true,"href":"https:\/\/com.rst-steel.eu\/sv\/wp-json\/wp\/v2\/comments?post=46634"}],"version-history":[{"count":0,"href":"https:\/\/com.rst-steel.eu\/sv\/wp-json\/wp\/v2\/product\/46634\/revisions"}],"wp:featuredmedia":[{"embeddable":true,"href":"https:\/\/com.rst-steel.eu\/sv\/wp-json\/wp\/v2\/media\/46630"}],"wp:attachment":[{"href":"https:\/\/com.rst-steel.eu\/sv\/wp-json\/wp\/v2\/media?parent=46634"}],"wp:term":[{"taxonomy":"make_fuel_type","embeddable":true,"href":"https:\/\/com.rst-steel.eu\/sv\/wp-json\/wp\/v2\/make_fuel_type?post=46634"},{"taxonomy":"make_model","embeddable":true,"href":"https:\/\/com.rst-steel.eu\/sv\/wp-json\/wp\/v2\/make_model?post=46634"},{"taxonomy":"make_brand","embeddable":true,"href":"https:\/\/com.rst-steel.eu\/sv\/wp-json\/wp\/v2\/make_brand?post=46634"},{"taxonomy":"make_year","embeddable":true,"href":"https:\/\/com.rst-steel.eu\/sv\/wp-json\/wp\/v2\/make_year?post=46634"},{"taxonomy":"pwb-brand","embeddable":true,"href":"https:\/\/com.rst-steel.eu\/sv\/wp-json\/wp\/v2\/pwb-brand?post=46634"},{"taxonomy":"product_brand","embeddable":true,"href":"https:\/\/com.rst-steel.eu\/sv\/wp-json\/wp\/v2\/product_brand?post=46634"},{"taxonomy":"product_cat","embeddable":true,"href":"https:\/\/com.rst-steel.eu\/sv\/wp-json\/wp\/v2\/product_cat?post=46634"},{"taxonomy":"product_tag","embeddable":true,"href":"https:\/\/com.rst-steel.eu\/sv\/wp-json\/wp\/v2\/product_tag?post=46634"}],"curies":[{"name":"wp","href":"https:\/\/api.w.org\/{rel}","templated":true}]}}