{"id":46618,"date":"2024-09-25T13:36:14","date_gmt":"2024-09-25T10:36:14","guid":{"rendered":"https:\/\/rst-steel.com\/product\/side-window-deflectors-volvo-fh4_pr_10665\/"},"modified":"2026-03-16T09:13:27","modified_gmt":"2026-03-16T06:13:27","slug":"side-window-deflectors-volvo-fh4-fh-fm-2020-fh-aero_pr_10665","status":"publish","type":"product","link":"https:\/\/com.rst-steel.eu\/sv\/produkt\/side-window-deflectors-volvo-fh4-fh-fm-2020-fh-aero_pr_10665\/","title":{"rendered":"Side Window Deflectors Volvo FH4, FH\/FM 2020-, FH Aero"},"content":{"rendered":"<p>Vindavvisare Volvo FH4<\/p>\n<p><\/p>\n<p>Sidof\u00f6nsteravvisarna \u00e4r ett viktigt tillbeh\u00f6r f\u00f6r den som vill undvika dragk\u00e4nslan i bilen och samtidigt ha en god ventilation. De hj\u00e4lper till att f\u00f6rhindra imma p\u00e5 f\u00f6nstren under regniga dagar genom att till\u00e5ta luftcirkulation inuti fordonet. N\u00e4r f\u00f6nstret \u00e4r \u00f6ppet skyddar f\u00f6nsteravvisarna f\u00f6raren fr\u00e5n direkta vindbyar.<\/p>\n<p><\/p>\n<p>The side&nbsp; window deflectors also reduce dirt accumulation on the side windows, improving visibility through the side mirrors. Even during heavy rain or snowstorms, you can keep the windows slightly open without letting water or snow enter the vehicle. Enhance both the style and functionality of your truck. Easy installation!<\/p>\n<p><\/p>\n<p>Tillverkad av gjutna akrylplattor av h\u00f6g kvalitet. Monteras p\u00e5 f\u00f6nstert\u00e4tningen med akryltejp, utan att belasta f\u00f6nstermekanismen. L\u00e4mplig \u00e4ven f\u00f6r dubbelglasade f\u00f6nster.<\/p>\n<p><\/p>\n<p><span style=\"font-weight: bold\">Passar:<\/span><\/p>\n<ul>\n<li>Volvo FH4\/5<\/li>\n<li>Volvo FM5<\/li>\n<li>FH Aero<\/li>\n<\/ul>\n<p><\/p>\n<p><\/p>\n<p><span style=\"font-weight: bold\">Leveransens inneh\u00e5ll:<\/span><\/p>\n<ul>\n<li>F\u00f6nsteravvisare (v\u00e4nster och h\u00f6ger)<\/li>\n<li>N\u00f6dv\u00e4ndiga monteringsdetaljer<\/li>\n<\/ul>","protected":false},"excerpt":{"rendered":"<p><span style=\"font-weight: bold\">Sidof\u00f6nsteravvisare till Volvo FH4\/ FH5, FM5 och FH Aero modeller!<\/span><\/p>","protected":false},"featured_media":46617,"comment_status":"open","ping_status":"closed","template":"","meta":{"_improvement_type_select":"improve_an_existing","_thumb_yes_seoaic":false,"_frame_yes_seoaic":false,"seoaic_generate_description":"","seoaic_improve_instructions_prompt":"","seoaic_rollback_content_improvement":"","seoaic_idea_thumbnail_generator":"","thumbnail_generated":false,"thumbnail_generate_prompt":"","seoaic_article_description":""},"make_fuel_type":[],"make_model":[5637,6966,3743],"make_brand":[3745],"make_year":[3748],"pwb-brand":[8347],"product_brand":[],"product_cat":[8130,7210,7212],"product_tag":[],"class_list":{"0":"post-46618","1":"product","2":"type-product","3":"status-publish","4":"has-post-thumbnail","6":"make_engine-normal-cab","7":"make_engine-globetrotter","8":"make_engine-globetrotter-xl-cab","9":"make_model-fh-2021","10":"make_model-fh-aero","11":"make_model-fh4","12":"make_brand-volvo","13":"make_year-trucks","14":"pwb-brand-brand_vepro","15":"product_cat-wwd-volvo","16":"product_cat-sun-visors-and-wind-deflectors","17":"product_cat-window-wind-deflectors-for-trucks","19":"first","20":"instock","21":"taxable","22":"shipping-taxable","23":"purchasable","24":"product-type-simple"},"yoast_head":"<!-- This site is optimized with the Yoast SEO plugin v25.7 - https:\/\/yoast.com\/wordpress\/plugins\/seo\/ -->\n<title>Side Window Deflectors Volvo FH4, FH\/FM 2020-, FH Aero - RST-Steel<\/title>\n<meta name=\"description\" content=\"Side Window Deflectors Volvo FH4\/FH5 and FH Aero models. Enhance both the style and functionality of your truck. Easy installation!\" \/>\n<meta name=\"robots\" content=\"index, follow, max-snippet:-1, max-image-preview:large, max-video-preview:-1\" \/>\n<link rel=\"canonical\" href=\"https:\/\/com.rst-steel.eu\/sv\/produkt\/side-window-deflectors-volvo-fh4-fh-fm-2020-fh-aero_pr_10665\/\" \/>\n<meta property=\"og:locale\" content=\"sv_SE\" \/>\n<meta property=\"og:type\" content=\"article\" \/>\n<meta property=\"og:title\" content=\"Side Window Deflectors Volvo FH4, FH\/FM 2020-, FH Aero - RST-Steel\" \/>\n<meta property=\"og:description\" content=\"Side Window Deflectors Volvo FH4\/FH5 and FH Aero models. Enhance both the style and functionality of your truck. Easy installation!\" \/>\n<meta property=\"og:url\" content=\"https:\/\/com.rst-steel.eu\/sv\/produkt\/side-window-deflectors-volvo-fh4-fh-fm-2020-fh-aero_pr_10665\/\" \/>\n<meta property=\"og:site_name\" content=\"RST-Steel\" \/>\n<meta property=\"article:publisher\" content=\"https:\/\/www.facebook.com\/rststeel\" \/>\n<meta property=\"article:modified_time\" content=\"2026-03-16T06:13:27+00:00\" \/>\n<meta property=\"og:image\" content=\"https:\/\/com.rst-steel.eu\/wp-content\/uploads\/2024\/09\/6b94a6d9036b15abc828b085d24b4cd6fe444949__8601S_1.jpg\" \/>\n\t<meta property=\"og:image:width\" content=\"309\" \/>\n\t<meta property=\"og:image:height\" content=\"428\" \/>\n\t<meta property=\"og:image:type\" content=\"image\/jpeg\" \/>\n<meta name=\"twitter:card\" content=\"summary_large_image\" \/>\n<meta name=\"twitter:label1\" content=\"Ber\u00e4knad l\u00e4stid\" \/>\n\t<meta name=\"twitter:data1\" content=\"1 minut\" \/>\n<script type=\"application\/ld+json\" class=\"yoast-schema-graph\">{\"@context\":\"https:\/\/schema.org\",\"@graph\":[{\"@type\":\"WebPage\",\"@id\":\"https:\/\/com.rst-steel.eu\/sv\/produkt\/side-window-deflectors-volvo-fh4-fh-fm-2020-fh-aero_pr_10665\/\",\"url\":\"https:\/\/com.rst-steel.eu\/sv\/produkt\/side-window-deflectors-volvo-fh4-fh-fm-2020-fh-aero_pr_10665\/\",\"name\":\"Side Window Deflectors Volvo FH4, FH\/FM 2020-, FH Aero - RST-Steel\",\"isPartOf\":{\"@id\":\"https:\/\/com.rst-steel.eu\/#website\"},\"primaryImageOfPage\":{\"@id\":\"https:\/\/com.rst-steel.eu\/sv\/produkt\/side-window-deflectors-volvo-fh4-fh-fm-2020-fh-aero_pr_10665\/#primaryimage\"},\"image\":{\"@id\":\"https:\/\/com.rst-steel.eu\/sv\/produkt\/side-window-deflectors-volvo-fh4-fh-fm-2020-fh-aero_pr_10665\/#primaryimage\"},\"thumbnailUrl\":\"https:\/\/com.rst-steel.eu\/wp-content\/uploads\/2024\/09\/6b94a6d9036b15abc828b085d24b4cd6fe444949__8601S_1.jpg\",\"datePublished\":\"2024-09-25T10:36:14+00:00\",\"dateModified\":\"2026-03-16T06:13:27+00:00\",\"description\":\"Side Window Deflectors Volvo FH4\/FH5 and FH Aero models. Enhance both the style and functionality of your truck. Easy installation!\",\"breadcrumb\":{\"@id\":\"https:\/\/com.rst-steel.eu\/sv\/produkt\/side-window-deflectors-volvo-fh4-fh-fm-2020-fh-aero_pr_10665\/#breadcrumb\"},\"inLanguage\":\"sv-SE\",\"potentialAction\":[{\"@type\":\"ReadAction\",\"target\":[\"https:\/\/com.rst-steel.eu\/sv\/produkt\/side-window-deflectors-volvo-fh4-fh-fm-2020-fh-aero_pr_10665\/\"]}]},{\"@type\":\"ImageObject\",\"inLanguage\":\"sv-SE\",\"@id\":\"https:\/\/com.rst-steel.eu\/sv\/produkt\/side-window-deflectors-volvo-fh4-fh-fm-2020-fh-aero_pr_10665\/#primaryimage\",\"url\":\"https:\/\/com.rst-steel.eu\/wp-content\/uploads\/2024\/09\/6b94a6d9036b15abc828b085d24b4cd6fe444949__8601S_1.jpg\",\"contentUrl\":\"https:\/\/com.rst-steel.eu\/wp-content\/uploads\/2024\/09\/6b94a6d9036b15abc828b085d24b4cd6fe444949__8601S_1.jpg\",\"width\":309,\"height\":428,\"caption\":\"Side Window Deflectors Volvo FH4\"},{\"@type\":\"BreadcrumbList\",\"@id\":\"https:\/\/com.rst-steel.eu\/sv\/produkt\/side-window-deflectors-volvo-fh4-fh-fm-2020-fh-aero_pr_10665\/#breadcrumb\",\"itemListElement\":[{\"@type\":\"ListItem\",\"position\":1,\"name\":\"Home\",\"item\":\"https:\/\/com.rst-steel.eu\/\"},{\"@type\":\"ListItem\",\"position\":2,\"name\":\"RST-Steel Shop\",\"item\":\"https:\/\/com.rst-steel.eu\/shop\/\"},{\"@type\":\"ListItem\",\"position\":3,\"name\":\"Side Window Deflectors Volvo FH4, FH\/FM 2020-, FH Aero\"}]},{\"@type\":\"WebSite\",\"@id\":\"https:\/\/com.rst-steel.eu\/#website\",\"url\":\"https:\/\/com.rst-steel.eu\/\",\"name\":\"RST-Steel.com\",\"description\":\"Finnish quality steel, for quality-conscious drivers\",\"publisher\":{\"@id\":\"https:\/\/com.rst-steel.eu\/#organization\"},\"alternateName\":\"Safe and stylish RST-Steel quality\",\"potentialAction\":[{\"@type\":\"SearchAction\",\"target\":{\"@type\":\"EntryPoint\",\"urlTemplate\":\"https:\/\/com.rst-steel.eu\/?s={search_term_string}\"},\"query-input\":{\"@type\":\"PropertyValueSpecification\",\"valueRequired\":true,\"valueName\":\"search_term_string\"}}],\"inLanguage\":\"sv-SE\"},{\"@type\":\"Organization\",\"@id\":\"https:\/\/com.rst-steel.eu\/#organization\",\"name\":\"RST-Steel Oy\",\"url\":\"https:\/\/com.rst-steel.eu\/\",\"logo\":{\"@type\":\"ImageObject\",\"inLanguage\":\"sv-SE\",\"@id\":\"https:\/\/com.rst-steel.eu\/#\/schema\/logo\/image\/\",\"url\":\"https:\/\/com.rst-steel.eu\/wp-content\/uploads\/2023\/04\/cropped-Rst-logo-valkoinen-teksti-3.png\",\"contentUrl\":\"https:\/\/com.rst-steel.eu\/wp-content\/uploads\/2023\/04\/cropped-Rst-logo-valkoinen-teksti-3.png\",\"width\":512,\"height\":115,\"caption\":\"RST-Steel Oy\"},\"image\":{\"@id\":\"https:\/\/com.rst-steel.eu\/#\/schema\/logo\/image\/\"},\"sameAs\":[\"https:\/\/www.facebook.com\/rststeel\",\"https:\/\/www.instagram.com\/rststeeloy\/\"]}]}<\/script>\n<!-- \/ Yoast SEO plugin. -->","yoast_head_json":{"title":"Side Window Deflectors Volvo FH4, FH\/FM 2020-, FH Aero - RST-Steel","description":"Sidof\u00f6nsteravvisare Volvo FH4\/FH5 och FH Aero modeller. F\u00f6rb\u00e4ttrar b\u00e5de stilen och funktionaliteten hos din lastbil. Enkel installation!","robots":{"index":"index","follow":"follow","max-snippet":"max-snippet:-1","max-image-preview":"max-image-preview:large","max-video-preview":"max-video-preview:-1"},"canonical":"https:\/\/com.rst-steel.eu\/sv\/produkt\/side-window-deflectors-volvo-fh4-fh-fm-2020-fh-aero_pr_10665\/","og_locale":"sv_SE","og_type":"article","og_title":"Side Window Deflectors Volvo FH4, FH\/FM 2020-, FH Aero - RST-Steel","og_description":"Side Window Deflectors Volvo FH4\/FH5 and FH Aero models. Enhance both the style and functionality of your truck. Easy installation!","og_url":"https:\/\/com.rst-steel.eu\/sv\/produkt\/side-window-deflectors-volvo-fh4-fh-fm-2020-fh-aero_pr_10665\/","og_site_name":"RST-Steel","article_publisher":"https:\/\/www.facebook.com\/rststeel","article_modified_time":"2026-03-16T06:13:27+00:00","og_image":[{"width":309,"height":428,"url":"https:\/\/com.rst-steel.eu\/wp-content\/uploads\/2024\/09\/6b94a6d9036b15abc828b085d24b4cd6fe444949__8601S_1.jpg","type":"image\/jpeg"}],"twitter_card":"summary_large_image","twitter_misc":{"Ber\u00e4knad l\u00e4stid":"1 minut"},"schema":{"@context":"https:\/\/schema.org","@graph":[{"@type":"WebPage","@id":"https:\/\/com.rst-steel.eu\/sv\/produkt\/side-window-deflectors-volvo-fh4-fh-fm-2020-fh-aero_pr_10665\/","url":"https:\/\/com.rst-steel.eu\/sv\/produkt\/side-window-deflectors-volvo-fh4-fh-fm-2020-fh-aero_pr_10665\/","name":"Side Window Deflectors Volvo FH4, FH\/FM 2020-, FH Aero - RST-Steel","isPartOf":{"@id":"https:\/\/com.rst-steel.eu\/#website"},"primaryImageOfPage":{"@id":"https:\/\/com.rst-steel.eu\/sv\/produkt\/side-window-deflectors-volvo-fh4-fh-fm-2020-fh-aero_pr_10665\/#primaryimage"},"image":{"@id":"https:\/\/com.rst-steel.eu\/sv\/produkt\/side-window-deflectors-volvo-fh4-fh-fm-2020-fh-aero_pr_10665\/#primaryimage"},"thumbnailUrl":"https:\/\/com.rst-steel.eu\/wp-content\/uploads\/2024\/09\/6b94a6d9036b15abc828b085d24b4cd6fe444949__8601S_1.jpg","datePublished":"2024-09-25T10:36:14+00:00","dateModified":"2026-03-16T06:13:27+00:00","description":"Sidof\u00f6nsteravvisare Volvo FH4\/FH5 och FH Aero modeller. F\u00f6rb\u00e4ttrar b\u00e5de stilen och funktionaliteten hos din lastbil. Enkel installation!","breadcrumb":{"@id":"https:\/\/com.rst-steel.eu\/sv\/produkt\/side-window-deflectors-volvo-fh4-fh-fm-2020-fh-aero_pr_10665\/#breadcrumb"},"inLanguage":"sv-SE","potentialAction":[{"@type":"ReadAction","target":["https:\/\/com.rst-steel.eu\/sv\/produkt\/side-window-deflectors-volvo-fh4-fh-fm-2020-fh-aero_pr_10665\/"]}]},{"@type":"ImageObject","inLanguage":"sv-SE","@id":"https:\/\/com.rst-steel.eu\/sv\/produkt\/side-window-deflectors-volvo-fh4-fh-fm-2020-fh-aero_pr_10665\/#primaryimage","url":"https:\/\/com.rst-steel.eu\/wp-content\/uploads\/2024\/09\/6b94a6d9036b15abc828b085d24b4cd6fe444949__8601S_1.jpg","contentUrl":"https:\/\/com.rst-steel.eu\/wp-content\/uploads\/2024\/09\/6b94a6d9036b15abc828b085d24b4cd6fe444949__8601S_1.jpg","width":309,"height":428,"caption":"Side Window Deflectors Volvo FH4"},{"@type":"BreadcrumbList","@id":"https:\/\/com.rst-steel.eu\/sv\/produkt\/side-window-deflectors-volvo-fh4-fh-fm-2020-fh-aero_pr_10665\/#breadcrumb","itemListElement":[{"@type":"ListItem","position":1,"name":"Home","item":"https:\/\/com.rst-steel.eu\/"},{"@type":"ListItem","position":2,"name":"RST-Steel Shop","item":"https:\/\/com.rst-steel.eu\/shop\/"},{"@type":"ListItem","position":3,"name":"Side Window Deflectors Volvo FH4, FH\/FM 2020-, FH Aero"}]},{"@type":"WebSite","@id":"https:\/\/com.rst-steel.eu\/#website","url":"https:\/\/com.rst-steel.eu\/","name":"RST-Stahl.com","description":"Finskt kvalitetsst\u00e5l, f\u00f6r kvalitetsmedvetna f\u00f6rare","publisher":{"@id":"https:\/\/com.rst-steel.eu\/#organization"},"alternateName":"Safe and stylish RST-Steel quality","potentialAction":[{"@type":"SearchAction","target":{"@type":"EntryPoint","urlTemplate":"https:\/\/com.rst-steel.eu\/?s={search_term_string}"},"query-input":{"@type":"PropertyValueSpecification","valueRequired":true,"valueName":"search_term_string"}}],"inLanguage":"sv-SE"},{"@type":"Organization","@id":"https:\/\/com.rst-steel.eu\/#organization","name":"RST-Steel Oy","url":"https:\/\/com.rst-steel.eu\/","logo":{"@type":"ImageObject","inLanguage":"sv-SE","@id":"https:\/\/com.rst-steel.eu\/#\/schema\/logo\/image\/","url":"https:\/\/com.rst-steel.eu\/wp-content\/uploads\/2023\/04\/cropped-Rst-logo-valkoinen-teksti-3.png","contentUrl":"https:\/\/com.rst-steel.eu\/wp-content\/uploads\/2023\/04\/cropped-Rst-logo-valkoinen-teksti-3.png","width":512,"height":115,"caption":"RST-Steel Oy"},"image":{"@id":"https:\/\/com.rst-steel.eu\/#\/schema\/logo\/image\/"},"sameAs":["https:\/\/www.facebook.com\/rststeel","https:\/\/www.instagram.com\/rststeeloy\/"]}]}},"brands":[{"id":8347,"name":"Vepro","slug":"brand_vepro"}],"_links":{"self":[{"href":"https:\/\/com.rst-steel.eu\/sv\/wp-json\/wp\/v2\/product\/46618","targetHints":{"allow":["GET"]}}],"collection":[{"href":"https:\/\/com.rst-steel.eu\/sv\/wp-json\/wp\/v2\/product"}],"about":[{"href":"https:\/\/com.rst-steel.eu\/sv\/wp-json\/wp\/v2\/types\/product"}],"replies":[{"embeddable":true,"href":"https:\/\/com.rst-steel.eu\/sv\/wp-json\/wp\/v2\/comments?post=46618"}],"version-history":[{"count":0,"href":"https:\/\/com.rst-steel.eu\/sv\/wp-json\/wp\/v2\/product\/46618\/revisions"}],"wp:featuredmedia":[{"embeddable":true,"href":"https:\/\/com.rst-steel.eu\/sv\/wp-json\/wp\/v2\/media\/46617"}],"wp:attachment":[{"href":"https:\/\/com.rst-steel.eu\/sv\/wp-json\/wp\/v2\/media?parent=46618"}],"wp:term":[{"taxonomy":"make_fuel_type","embeddable":true,"href":"https:\/\/com.rst-steel.eu\/sv\/wp-json\/wp\/v2\/make_fuel_type?post=46618"},{"taxonomy":"make_model","embeddable":true,"href":"https:\/\/com.rst-steel.eu\/sv\/wp-json\/wp\/v2\/make_model?post=46618"},{"taxonomy":"make_brand","embeddable":true,"href":"https:\/\/com.rst-steel.eu\/sv\/wp-json\/wp\/v2\/make_brand?post=46618"},{"taxonomy":"make_year","embeddable":true,"href":"https:\/\/com.rst-steel.eu\/sv\/wp-json\/wp\/v2\/make_year?post=46618"},{"taxonomy":"pwb-brand","embeddable":true,"href":"https:\/\/com.rst-steel.eu\/sv\/wp-json\/wp\/v2\/pwb-brand?post=46618"},{"taxonomy":"product_brand","embeddable":true,"href":"https:\/\/com.rst-steel.eu\/sv\/wp-json\/wp\/v2\/product_brand?post=46618"},{"taxonomy":"product_cat","embeddable":true,"href":"https:\/\/com.rst-steel.eu\/sv\/wp-json\/wp\/v2\/product_cat?post=46618"},{"taxonomy":"product_tag","embeddable":true,"href":"https:\/\/com.rst-steel.eu\/sv\/wp-json\/wp\/v2\/product_tag?post=46618"}],"curies":[{"name":"wp","href":"https:\/\/api.w.org\/{rel}","templated":true}]}}