{"id":46489,"date":"2024-09-18T15:31:10","date_gmt":"2024-09-18T12:31:10","guid":{"rendered":"https:\/\/rst-steel.com\/product\/plow-bar-mb-actros-mp4-mp5_prm_66326\/"},"modified":"2026-03-16T09:17:39","modified_gmt":"2026-03-16T06:17:39","slug":"plog-bar-mb-actros-mp4-mp5_prm_66326","status":"publish","type":"product","link":"https:\/\/com.rst-steel.eu\/sv\/produkt\/plog-bar-mb-actros-mp4-mp5_prm_66326\/","title":{"rendered":"Plogb\u00e5ge MB Actros MP4\/MP5"},"content":{"rendered":"<p>Plogb\u00e5ge MB Actros MP4\/MP5<\/p>\n<p>&nbsp;<\/p>\n<p>RST-Steel plogst\u00e4nger \u00e4r h\u00f6gkvalitativa produkter tillverkade av rostfritt st\u00e5l.<\/p>\n<p>Plogbommarna kan utrustas med extraljus och positionsljus, vilket f\u00f6rb\u00e4ttrar din synlighet i trafiken och samtidigt \u00f6kar s\u00e4kerheten f\u00f6r dig sj\u00e4lv och andra i trafiken.<\/p>\n<p>&nbsp;<\/p>\n<p><span style=\"font-weight: bold;\">Teknisk information:<\/span><\/p>\n<ul>\n<li>F\u00e4rg: Spegelpolerat rostfritt st\u00e5l eller pulverlackerat med RAL-f\u00e4rger<\/li>\n<li>R\u00f6rdiameter: 60 mm<\/li>\n<\/ul>\n<p>&nbsp;<\/p>\n<p><span style=\"font-weight: bold;\">Leveransinneh\u00e5ll:<\/span><\/p>\n<ul>\n<li>Plogst\u00e5ng<\/li>\n<li>Monteringsf\u00e4sten som beh\u00f6vs f\u00f6r installation<\/li>\n<li>Instruktioner f\u00f6r installation<\/li>\n<\/ul>","protected":false},"excerpt":{"rendered":"<p>RST-Steel plogst\u00e4nger \u00e4r h\u00f6gkvalitativa produkter tillverkade av rostfritt st\u00e5l.<\/p>","protected":false},"featured_media":46487,"comment_status":"open","ping_status":"closed","template":"","meta":{"_improvement_type_select":"improve_an_existing","_thumb_yes_seoaic":false,"_frame_yes_seoaic":false,"seoaic_generate_description":"","seoaic_improve_instructions_prompt":"","seoaic_rollback_content_improvement":"","seoaic_idea_thumbnail_generator":"","thumbnail_generated":false,"thumbnail_generate_prompt":"","seoaic_article_description":""},"make_fuel_type":[],"make_model":[5649],"make_brand":[6469],"make_year":[3748],"pwb-brand":[8334],"product_brand":[],"product_cat":[6057,6060,7183],"product_tag":[],"class_list":{"0":"post-46489","1":"product","2":"type-product","3":"status-publish","4":"has-post-thumbnail","6":"make_engine-classicspace-2-3m","7":"make_engine-compactspace-2-3m","8":"make_engine-streamspace-2-3m","9":"make_model-actros-mp4-mp5","10":"make_brand-mercedes-benz","11":"make_year-trucks","12":"pwb-brand-brand_rststeel","13":"product_cat-lightbars","14":"product_cat-plowbars-for-trucks","15":"product_cat-mb-ka-au","16":"product_shipping_class-lightbars","18":"first","19":"instock","20":"taxable","21":"shipping-taxable","22":"purchasable","23":"product-type-variable"},"yoast_head":"<!-- This site is optimized with the Yoast SEO plugin v25.7 - https:\/\/yoast.com\/wordpress\/plugins\/seo\/ -->\n<title>Plow Bar MB Actros MP4\/MP5 - RST-Steel<\/title>\n<meta name=\"description\" content=\"Plow Bar MB Actros MP4\/MP5 models. RST-Steel plow bars are high-quality products made of stainless steel. Several model options available!\" \/>\n<meta name=\"robots\" content=\"index, follow, max-snippet:-1, max-image-preview:large, max-video-preview:-1\" \/>\n<link rel=\"canonical\" href=\"https:\/\/com.rst-steel.eu\/sv\/produkt\/plog-bar-mb-actros-mp4-mp5_prm_66326\/\" \/>\n<meta property=\"og:locale\" content=\"sv_SE\" \/>\n<meta property=\"og:type\" content=\"article\" \/>\n<meta property=\"og:title\" content=\"Plow Bar MB Actros MP4\/MP5 - RST-Steel\" \/>\n<meta property=\"og:description\" content=\"Plow Bar MB Actros MP4\/MP5 models. RST-Steel plow bars are high-quality products made of stainless steel. Several model options available!\" \/>\n<meta property=\"og:url\" content=\"https:\/\/com.rst-steel.eu\/sv\/produkt\/plog-bar-mb-actros-mp4-mp5_prm_66326\/\" \/>\n<meta property=\"og:site_name\" content=\"RST-Steel\" \/>\n<meta property=\"article:publisher\" content=\"https:\/\/www.facebook.com\/rststeel\" \/>\n<meta property=\"article:modified_time\" content=\"2026-03-16T06:17:39+00:00\" \/>\n<meta property=\"og:image\" content=\"https:\/\/com.rst-steel.eu\/wp-content\/uploads\/2024\/09\/077f6d79a21c68495bc0dffc7149786b353c511e_MB2202_Tuotekuva-scaled.jpg\" \/>\n\t<meta property=\"og:image:width\" content=\"2560\" \/>\n\t<meta property=\"og:image:height\" content=\"1707\" \/>\n\t<meta property=\"og:image:type\" content=\"image\/jpeg\" \/>\n<meta name=\"twitter:card\" content=\"summary_large_image\" \/>\n<meta name=\"twitter:label1\" content=\"Ber\u00e4knad l\u00e4stid\" \/>\n\t<meta name=\"twitter:data1\" content=\"1 minut\" \/>\n<script type=\"application\/ld+json\" class=\"yoast-schema-graph\">{\"@context\":\"https:\/\/schema.org\",\"@graph\":[{\"@type\":\"WebPage\",\"@id\":\"https:\/\/com.rst-steel.eu\/nb\/produkt\/plogbjelke-mb-actros-mp4-mp5_prm_66326\/\",\"url\":\"https:\/\/com.rst-steel.eu\/nb\/produkt\/plogbjelke-mb-actros-mp4-mp5_prm_66326\/\",\"name\":\"Plow Bar MB Actros MP4\/MP5 - RST-Steel\",\"isPartOf\":{\"@id\":\"https:\/\/com.rst-steel.eu\/#website\"},\"primaryImageOfPage\":{\"@id\":\"https:\/\/com.rst-steel.eu\/nb\/produkt\/plogbjelke-mb-actros-mp4-mp5_prm_66326\/#primaryimage\"},\"image\":{\"@id\":\"https:\/\/com.rst-steel.eu\/nb\/produkt\/plogbjelke-mb-actros-mp4-mp5_prm_66326\/#primaryimage\"},\"thumbnailUrl\":\"https:\/\/com.rst-steel.eu\/wp-content\/uploads\/2024\/09\/077f6d79a21c68495bc0dffc7149786b353c511e_MB2202_Tuotekuva-scaled.jpg\",\"datePublished\":\"2024-09-18T12:31:10+00:00\",\"dateModified\":\"2026-03-16T06:17:39+00:00\",\"description\":\"Plow Bar MB Actros MP4\/MP5 models. RST-Steel plow bars are high-quality products made of stainless steel. Several model options available!\",\"breadcrumb\":{\"@id\":\"https:\/\/com.rst-steel.eu\/nb\/produkt\/plogbjelke-mb-actros-mp4-mp5_prm_66326\/#breadcrumb\"},\"inLanguage\":\"sv-SE\",\"potentialAction\":[{\"@type\":\"ReadAction\",\"target\":[\"https:\/\/com.rst-steel.eu\/nb\/produkt\/plogbjelke-mb-actros-mp4-mp5_prm_66326\/\"]}]},{\"@type\":\"ImageObject\",\"inLanguage\":\"sv-SE\",\"@id\":\"https:\/\/com.rst-steel.eu\/nb\/produkt\/plogbjelke-mb-actros-mp4-mp5_prm_66326\/#primaryimage\",\"url\":\"https:\/\/com.rst-steel.eu\/wp-content\/uploads\/2024\/09\/077f6d79a21c68495bc0dffc7149786b353c511e_MB2202_Tuotekuva-scaled.jpg\",\"contentUrl\":\"https:\/\/com.rst-steel.eu\/wp-content\/uploads\/2024\/09\/077f6d79a21c68495bc0dffc7149786b353c511e_MB2202_Tuotekuva-scaled.jpg\",\"width\":2560,\"height\":1707,\"caption\":\"Plow Bar MB Actros MP4\/MP5\"},{\"@type\":\"BreadcrumbList\",\"@id\":\"https:\/\/com.rst-steel.eu\/nb\/produkt\/plogbjelke-mb-actros-mp4-mp5_prm_66326\/#breadcrumb\",\"itemListElement\":[{\"@type\":\"ListItem\",\"position\":1,\"name\":\"Home\",\"item\":\"https:\/\/com.rst-steel.eu\/\"},{\"@type\":\"ListItem\",\"position\":2,\"name\":\"RST-Steel Shop\",\"item\":\"https:\/\/com.rst-steel.eu\/shop\/\"},{\"@type\":\"ListItem\",\"position\":3,\"name\":\"Plow Bar MB Actros MP4\/MP5\"}]},{\"@type\":\"WebSite\",\"@id\":\"https:\/\/com.rst-steel.eu\/#website\",\"url\":\"https:\/\/com.rst-steel.eu\/\",\"name\":\"RST-Steel.com\",\"description\":\"Finnish quality steel, for quality-conscious drivers\",\"publisher\":{\"@id\":\"https:\/\/com.rst-steel.eu\/#organization\"},\"alternateName\":\"Safe and stylish RST-Steel quality\",\"potentialAction\":[{\"@type\":\"SearchAction\",\"target\":{\"@type\":\"EntryPoint\",\"urlTemplate\":\"https:\/\/com.rst-steel.eu\/?s={search_term_string}\"},\"query-input\":{\"@type\":\"PropertyValueSpecification\",\"valueRequired\":true,\"valueName\":\"search_term_string\"}}],\"inLanguage\":\"sv-SE\"},{\"@type\":\"Organization\",\"@id\":\"https:\/\/com.rst-steel.eu\/#organization\",\"name\":\"RST-Steel Oy\",\"url\":\"https:\/\/com.rst-steel.eu\/\",\"logo\":{\"@type\":\"ImageObject\",\"inLanguage\":\"sv-SE\",\"@id\":\"https:\/\/com.rst-steel.eu\/#\/schema\/logo\/image\/\",\"url\":\"https:\/\/com.rst-steel.eu\/wp-content\/uploads\/2023\/04\/cropped-Rst-logo-valkoinen-teksti-3.png\",\"contentUrl\":\"https:\/\/com.rst-steel.eu\/wp-content\/uploads\/2023\/04\/cropped-Rst-logo-valkoinen-teksti-3.png\",\"width\":512,\"height\":115,\"caption\":\"RST-Steel Oy\"},\"image\":{\"@id\":\"https:\/\/com.rst-steel.eu\/#\/schema\/logo\/image\/\"},\"sameAs\":[\"https:\/\/www.facebook.com\/rststeel\",\"https:\/\/www.instagram.com\/rststeeloy\/\"]}]}<\/script>\n<!-- \/ Yoast SEO plugin. -->","yoast_head_json":{"title":"Plogf\u00e4ste MB Actros MP4\/MP5 - RST-Steel","description":"Plogst\u00e5ng MB Actros MP4\/MP5 modeller. RST-Steel plogst\u00e4nger \u00e4r h\u00f6gkvalitativa produkter tillverkade av rostfritt st\u00e5l. Flera modellalternativ tillg\u00e4ngliga!","robots":{"index":"index","follow":"follow","max-snippet":"max-snippet:-1","max-image-preview":"max-image-preview:large","max-video-preview":"max-video-preview:-1"},"canonical":"https:\/\/com.rst-steel.eu\/sv\/produkt\/plog-bar-mb-actros-mp4-mp5_prm_66326\/","og_locale":"sv_SE","og_type":"article","og_title":"Plow Bar MB Actros MP4\/MP5 - RST-Steel","og_description":"Plow Bar MB Actros MP4\/MP5 models. RST-Steel plow bars are high-quality products made of stainless steel. Several model options available!","og_url":"https:\/\/com.rst-steel.eu\/sv\/produkt\/plog-bar-mb-actros-mp4-mp5_prm_66326\/","og_site_name":"RST-Steel","article_publisher":"https:\/\/www.facebook.com\/rststeel","article_modified_time":"2026-03-16T06:17:39+00:00","og_image":[{"width":2560,"height":1707,"url":"https:\/\/com.rst-steel.eu\/wp-content\/uploads\/2024\/09\/077f6d79a21c68495bc0dffc7149786b353c511e_MB2202_Tuotekuva-scaled.jpg","type":"image\/jpeg"}],"twitter_card":"summary_large_image","twitter_misc":{"Ber\u00e4knad l\u00e4stid":"1 minut"},"schema":{"@context":"https:\/\/schema.org","@graph":[{"@type":"WebPage","@id":"https:\/\/com.rst-steel.eu\/nb\/produkt\/plogbjelke-mb-actros-mp4-mp5_prm_66326\/","url":"https:\/\/com.rst-steel.eu\/nb\/produkt\/plogbjelke-mb-actros-mp4-mp5_prm_66326\/","name":"Plogf\u00e4ste MB Actros MP4\/MP5 - RST-Steel","isPartOf":{"@id":"https:\/\/com.rst-steel.eu\/#website"},"primaryImageOfPage":{"@id":"https:\/\/com.rst-steel.eu\/nb\/produkt\/plogbjelke-mb-actros-mp4-mp5_prm_66326\/#primaryimage"},"image":{"@id":"https:\/\/com.rst-steel.eu\/nb\/produkt\/plogbjelke-mb-actros-mp4-mp5_prm_66326\/#primaryimage"},"thumbnailUrl":"https:\/\/com.rst-steel.eu\/wp-content\/uploads\/2024\/09\/077f6d79a21c68495bc0dffc7149786b353c511e_MB2202_Tuotekuva-scaled.jpg","datePublished":"2024-09-18T12:31:10+00:00","dateModified":"2026-03-16T06:17:39+00:00","description":"Plogst\u00e5ng MB Actros MP4\/MP5 modeller. RST-Steel plogst\u00e4nger \u00e4r h\u00f6gkvalitativa produkter tillverkade av rostfritt st\u00e5l. Flera modellalternativ tillg\u00e4ngliga!","breadcrumb":{"@id":"https:\/\/com.rst-steel.eu\/nb\/produkt\/plogbjelke-mb-actros-mp4-mp5_prm_66326\/#breadcrumb"},"inLanguage":"sv-SE","potentialAction":[{"@type":"ReadAction","target":["https:\/\/com.rst-steel.eu\/nb\/produkt\/plogbjelke-mb-actros-mp4-mp5_prm_66326\/"]}]},{"@type":"ImageObject","inLanguage":"sv-SE","@id":"https:\/\/com.rst-steel.eu\/nb\/produkt\/plogbjelke-mb-actros-mp4-mp5_prm_66326\/#primaryimage","url":"https:\/\/com.rst-steel.eu\/wp-content\/uploads\/2024\/09\/077f6d79a21c68495bc0dffc7149786b353c511e_MB2202_Tuotekuva-scaled.jpg","contentUrl":"https:\/\/com.rst-steel.eu\/wp-content\/uploads\/2024\/09\/077f6d79a21c68495bc0dffc7149786b353c511e_MB2202_Tuotekuva-scaled.jpg","width":2560,"height":1707,"caption":"Plow Bar MB Actros MP4\/MP5"},{"@type":"BreadcrumbList","@id":"https:\/\/com.rst-steel.eu\/nb\/produkt\/plogbjelke-mb-actros-mp4-mp5_prm_66326\/#breadcrumb","itemListElement":[{"@type":"ListItem","position":1,"name":"Home","item":"https:\/\/com.rst-steel.eu\/"},{"@type":"ListItem","position":2,"name":"RST-Steel Shop","item":"https:\/\/com.rst-steel.eu\/shop\/"},{"@type":"ListItem","position":3,"name":"Plow Bar MB Actros MP4\/MP5"}]},{"@type":"WebSite","@id":"https:\/\/com.rst-steel.eu\/#website","url":"https:\/\/com.rst-steel.eu\/","name":"RST-Stahl.com","description":"Finskt kvalitetsst\u00e5l, f\u00f6r kvalitetsmedvetna f\u00f6rare","publisher":{"@id":"https:\/\/com.rst-steel.eu\/#organization"},"alternateName":"Safe and stylish RST-Steel quality","potentialAction":[{"@type":"SearchAction","target":{"@type":"EntryPoint","urlTemplate":"https:\/\/com.rst-steel.eu\/?s={search_term_string}"},"query-input":{"@type":"PropertyValueSpecification","valueRequired":true,"valueName":"search_term_string"}}],"inLanguage":"sv-SE"},{"@type":"Organization","@id":"https:\/\/com.rst-steel.eu\/#organization","name":"RST-Steel Oy","url":"https:\/\/com.rst-steel.eu\/","logo":{"@type":"ImageObject","inLanguage":"sv-SE","@id":"https:\/\/com.rst-steel.eu\/#\/schema\/logo\/image\/","url":"https:\/\/com.rst-steel.eu\/wp-content\/uploads\/2023\/04\/cropped-Rst-logo-valkoinen-teksti-3.png","contentUrl":"https:\/\/com.rst-steel.eu\/wp-content\/uploads\/2023\/04\/cropped-Rst-logo-valkoinen-teksti-3.png","width":512,"height":115,"caption":"RST-Steel Oy"},"image":{"@id":"https:\/\/com.rst-steel.eu\/#\/schema\/logo\/image\/"},"sameAs":["https:\/\/www.facebook.com\/rststeel","https:\/\/www.instagram.com\/rststeeloy\/"]}]}},"brands":[{"id":8334,"name":"RST-Steel","slug":"brand_rststeel"}],"_links":{"self":[{"href":"https:\/\/com.rst-steel.eu\/sv\/wp-json\/wp\/v2\/product\/46489","targetHints":{"allow":["GET"]}}],"collection":[{"href":"https:\/\/com.rst-steel.eu\/sv\/wp-json\/wp\/v2\/product"}],"about":[{"href":"https:\/\/com.rst-steel.eu\/sv\/wp-json\/wp\/v2\/types\/product"}],"replies":[{"embeddable":true,"href":"https:\/\/com.rst-steel.eu\/sv\/wp-json\/wp\/v2\/comments?post=46489"}],"version-history":[{"count":0,"href":"https:\/\/com.rst-steel.eu\/sv\/wp-json\/wp\/v2\/product\/46489\/revisions"}],"wp:featuredmedia":[{"embeddable":true,"href":"https:\/\/com.rst-steel.eu\/sv\/wp-json\/wp\/v2\/media\/46487"}],"wp:attachment":[{"href":"https:\/\/com.rst-steel.eu\/sv\/wp-json\/wp\/v2\/media?parent=46489"}],"wp:term":[{"taxonomy":"make_fuel_type","embeddable":true,"href":"https:\/\/com.rst-steel.eu\/sv\/wp-json\/wp\/v2\/make_fuel_type?post=46489"},{"taxonomy":"make_model","embeddable":true,"href":"https:\/\/com.rst-steel.eu\/sv\/wp-json\/wp\/v2\/make_model?post=46489"},{"taxonomy":"make_brand","embeddable":true,"href":"https:\/\/com.rst-steel.eu\/sv\/wp-json\/wp\/v2\/make_brand?post=46489"},{"taxonomy":"make_year","embeddable":true,"href":"https:\/\/com.rst-steel.eu\/sv\/wp-json\/wp\/v2\/make_year?post=46489"},{"taxonomy":"pwb-brand","embeddable":true,"href":"https:\/\/com.rst-steel.eu\/sv\/wp-json\/wp\/v2\/pwb-brand?post=46489"},{"taxonomy":"product_brand","embeddable":true,"href":"https:\/\/com.rst-steel.eu\/sv\/wp-json\/wp\/v2\/product_brand?post=46489"},{"taxonomy":"product_cat","embeddable":true,"href":"https:\/\/com.rst-steel.eu\/sv\/wp-json\/wp\/v2\/product_cat?post=46489"},{"taxonomy":"product_tag","embeddable":true,"href":"https:\/\/com.rst-steel.eu\/sv\/wp-json\/wp\/v2\/product_tag?post=46489"}],"curies":[{"name":"wp","href":"https:\/\/api.w.org\/{rel}","templated":true}]}}