{"id":45403,"date":"2024-08-09T11:14:05","date_gmt":"2024-08-09T08:14:05","guid":{"rendered":"https:\/\/rst-steel.com\/product\/revon-led-work-light-40w-3200lm-case-new-holland_pr_3670\/"},"modified":"2026-03-16T09:21:23","modified_gmt":"2026-03-16T06:21:23","slug":"revon-led-work-light-40w-3200lm-case-new-holland_pr_3670","status":"publish","type":"product","link":"https:\/\/com.rst-steel.eu\/sv\/produkt\/revon-led-work-light-40w-3200lm-case-new-holland_pr_3670\/","title":{"rendered":"Arbetsljus Revon 40W\/3200lm, Case\/New Holland"},"content":{"rendered":"<p>Arbetsljus Revon 40W\/3200lm, Case\/New Holland<\/p>\n<p><\/p>\n<p>Inf\u00e4lld arbetsbelysning med bred ljusbild och h\u00f6gkvalitativa Osram LED-lampor<\/p>\n<p>En arbetsbelysning som \u00e4r l\u00e4mplig f\u00f6r t.ex. flera Case \/ New Holland-traktorer f\u00f6r att ers\u00e4tta den ursprungliga halogenlampan.<\/p>\n<p>Ers\u00e4tter OE-artikelnummer CIH 82031078 och NH 82031075<\/p>\n<p><\/p>\n<p><span style=\"font-weight: bold\">Kompatibilitet<\/span>:<\/p>\n<p>F\u00f6r <span style=\"font-weight: bold\">Case<\/span><\/p>\n<p>Case IH CS100,Case IH CS105 Pro, Case IH CS80, Case IH CS85 Pro, Case IH CS90,Case IH CS95 Pro, Case IH CVX140, Case IH CVX150, Case IH CVX160, Case IH CVX170<\/p>\n<p>Case IH Maxxum 110, Case IH Maxxum 115, Case IH Maxxum 120, Case IH Maxxum 125, Case IH Maxxum 130, Case IH Maxxum 140,<\/p>\n<p>Case IH MXU100, Case IH MXU110, Case IH MXU115, Case IH MXU125, Case IH MXU130, Case IH MXU135<\/p>\n<p>Case IH Puma 125, Case IH Puma 130, Case IH Puma 140, Case IH Puma 145, Case IH Puma 150,Case IH Puma 155, Case IH Puma 160, Case IH Puma 165, Case IH Puma 165 CVX, Case IH Puma 170, Case IH Puma 180, Case IH Puma 180 CVX, Case IH Puma 185, Case IH Puma 185 CVX, Case IH Puma 195, Case IH Puma 195 CVX, Case IH Puma 200, Case IH Puma 200 CVX, Case IH Puma 210, Case IH Puma 210 CVX, Case IH Puma 215, Case IH Puma 220, Case IH Puma 220 CVX, Case IH Puma 225, Case IH Puma 225 CVX, Case IH Puma 230<\/p>\n<p><span style=\"font-weight: bold\">New Holland<\/span><\/p>\n<p>T6010, New Holland T6020, New Holland T6030, New Holland T6040, New Holland T6050, New Holland T6060, New Holland T6070, New Holland T6070 Power CommandNew Holland T6070 Range Command, New Holland T6080, New Holland T6080 Power Command, New Holland T6080 Range Command, New Holland T6090, New Holland T6090 Power CommandNew Holland T6090 Range Command, New Holland T7030, New Holland T7030 Power Command, New Holland T7030 Power Command Elite, New Holland T7040,New Holland T7040 Power Command, New Holland T7050, New Holland T7050 Power Command, New Holland T7050 Power Command Elite, New Holland T7060, New Holland T7060 Power Command,New Holland T7060 Power Command Elite, New Holland T7070, New Holland T7510 Sisu 620.60 6TI, New Holland T7520 Sisu 620.61 6TI, New Holland T7530 Sisu 620.62 6TI, New Holland T7540 Sisu 620.63 6TI, New Holland T7550 Sisu 620.64 6TI, New Holland T8030, New Holland T8040 (vm. 06-07), New Holland T8040 (vm. 07-11), New Holland TS100A DELTA vm. 2005-2007, New Holland TS100A PLUS vm. 2005-2007, New Holland TS110A PLUS vm. 2005-2007, New Holland TS115A DELTA vm. 2005-2007, New Holland TS115A PLUS vm. 2005-2007, New Holland TS125A PLUS vm. 2005-2007, New Holland TS130A DELTA vm. 2006-2007,New Holland TS135A PLUS vm. 2005-2007<\/p>\n<p><\/p>\n<p><\/p>\n<p><span style=\"font-weight: bold\">Teknisk information:<\/span><\/p>\n<ul>\n<li>Driftsp\u00e4nning: 9-32V<\/li>\n<li>Str\u00f6mf\u00f6rbrukning: 40W<\/li>\n<li>Totalt ljusfl\u00f6de: 3200lm<\/li>\n<li>F\u00e4rgtemperatur: 6000K<\/li>\n<li>Lysdioder: 8 x 5W Osram LED<\/li>\n<li>EMC-skydd-CISPR-25 klass 4<\/li>\n<li>CE, RoHS, R10<\/li>\n<li>IP-klassning: IP68<\/li>\n<li>Kabell\u00e4ngd: 15 cm<\/li>\n<li>Lins: Polykarbonat<\/li>\n<li>Adapter: PGJ13<\/li>\n<\/ul>\n<p><\/p>\n<p><span style=\"font-weight: bold\">Dimensioner:<\/span><\/p>\n<ul>\n<li>Bredd: 152 mm<\/li>\n<li>Djup: 61 mm<\/li>\n<li>H\u00f6jd: 72 mm<\/li>\n<\/ul>","protected":false},"excerpt":{"rendered":"<p>Inf\u00e4lld arbetsbelysning med bred ljusbild och h\u00f6gkvalitativa Osram LED:er!<\/p>","protected":false},"featured_media":45402,"comment_status":"open","ping_status":"closed","template":"","meta":{"_improvement_type_select":"improve_an_existing","_thumb_yes_seoaic":false,"_frame_yes_seoaic":false,"seoaic_generate_description":"","seoaic_improve_instructions_prompt":"","seoaic_rollback_content_improvement":"","seoaic_idea_thumbnail_generator":"","thumbnail_generated":false,"thumbnail_generate_prompt":"","seoaic_article_description":""},"make_fuel_type":[],"make_model":[],"make_brand":[],"make_year":[],"pwb-brand":[8351],"product_brand":[],"product_cat":[6195,6218,6220],"product_tag":[],"class_list":{"0":"post-45403","1":"product","2":"type-product","3":"status-publish","4":"has-post-thumbnail","6":"pwb-brand-brand_revon","7":"product_cat-lamps","8":"product_cat-work-lights","9":"product_cat-led-work-lights","11":"first","12":"instock","13":"taxable","14":"shipping-taxable","15":"purchasable","16":"product-type-simple"},"yoast_head":"<!-- This site is optimized with the Yoast SEO plugin v25.7 - https:\/\/yoast.com\/wordpress\/plugins\/seo\/ -->\n<title>Revon LED Work Light 40W\/3200lm, Case\/New Holland - RST-Steel<\/title>\n<meta name=\"description\" content=\"The Revon LED Work Light is designed for Case and New Holland equipment, offering bright, reliable illumination with a durable build for tough conditions.\" \/>\n<meta name=\"robots\" content=\"index, follow, max-snippet:-1, max-image-preview:large, max-video-preview:-1\" \/>\n<link rel=\"canonical\" href=\"https:\/\/com.rst-steel.eu\/sv\/produkt\/revon-led-work-light-40w-3200lm-case-new-holland_pr_3670\/\" \/>\n<meta property=\"og:locale\" content=\"sv_SE\" \/>\n<meta property=\"og:type\" content=\"article\" \/>\n<meta property=\"og:title\" content=\"Revon LED Work Light 40W\/3200lm, Case\/New Holland - RST-Steel\" \/>\n<meta property=\"og:description\" content=\"The Revon LED Work Light is designed for Case and New Holland equipment, offering bright, reliable illumination with a durable build for tough conditions.\" \/>\n<meta property=\"og:url\" content=\"https:\/\/com.rst-steel.eu\/sv\/produkt\/revon-led-work-light-40w-3200lm-case-new-holland_pr_3670\/\" \/>\n<meta property=\"og:site_name\" content=\"RST-Steel\" \/>\n<meta property=\"article:publisher\" content=\"https:\/\/www.facebook.com\/rststeel\" \/>\n<meta property=\"article:modified_time\" content=\"2026-03-16T06:21:23+00:00\" \/>\n<meta property=\"og:image\" content=\"https:\/\/com.rst-steel.eu\/wp-content\/uploads\/2024\/08\/c2c2b4ed3bec713b19613e7481e61e1da3d24cf9_LedTyovaloRevon40W3200lmCNH_58010046_7d13777954072ffcc913c961399575fa_1.jpg\" \/>\n\t<meta property=\"og:image:width\" content=\"598\" \/>\n\t<meta property=\"og:image:height\" content=\"587\" \/>\n\t<meta property=\"og:image:type\" content=\"image\/jpeg\" \/>\n<meta name=\"twitter:card\" content=\"summary_large_image\" \/>\n<meta name=\"twitter:label1\" content=\"Ber\u00e4knad l\u00e4stid\" \/>\n\t<meta name=\"twitter:data1\" content=\"3 minuter\" \/>\n<script type=\"application\/ld+json\" class=\"yoast-schema-graph\">{\"@context\":\"https:\/\/schema.org\",\"@graph\":[{\"@type\":\"WebPage\",\"@id\":\"https:\/\/com.rst-steel.eu\/sv\/produkt\/revon-led-work-light-40w-3200lm-case-new-holland_pr_3670\/\",\"url\":\"https:\/\/com.rst-steel.eu\/sv\/produkt\/revon-led-work-light-40w-3200lm-case-new-holland_pr_3670\/\",\"name\":\"Revon LED Work Light 40W\/3200lm, Case\/New Holland - RST-Steel\",\"isPartOf\":{\"@id\":\"https:\/\/com.rst-steel.eu\/#website\"},\"primaryImageOfPage\":{\"@id\":\"https:\/\/com.rst-steel.eu\/sv\/produkt\/revon-led-work-light-40w-3200lm-case-new-holland_pr_3670\/#primaryimage\"},\"image\":{\"@id\":\"https:\/\/com.rst-steel.eu\/sv\/produkt\/revon-led-work-light-40w-3200lm-case-new-holland_pr_3670\/#primaryimage\"},\"thumbnailUrl\":\"https:\/\/com.rst-steel.eu\/wp-content\/uploads\/2024\/08\/c2c2b4ed3bec713b19613e7481e61e1da3d24cf9_LedTyovaloRevon40W3200lmCNH_58010046_7d13777954072ffcc913c961399575fa_1.jpg\",\"datePublished\":\"2024-08-09T08:14:05+00:00\",\"dateModified\":\"2026-03-16T06:21:23+00:00\",\"description\":\"The Revon LED Work Light is designed for Case and New Holland equipment, offering bright, reliable illumination with a durable build for tough conditions.\",\"breadcrumb\":{\"@id\":\"https:\/\/com.rst-steel.eu\/sv\/produkt\/revon-led-work-light-40w-3200lm-case-new-holland_pr_3670\/#breadcrumb\"},\"inLanguage\":\"sv-SE\",\"potentialAction\":[{\"@type\":\"ReadAction\",\"target\":[\"https:\/\/com.rst-steel.eu\/sv\/produkt\/revon-led-work-light-40w-3200lm-case-new-holland_pr_3670\/\"]}]},{\"@type\":\"ImageObject\",\"inLanguage\":\"sv-SE\",\"@id\":\"https:\/\/com.rst-steel.eu\/sv\/produkt\/revon-led-work-light-40w-3200lm-case-new-holland_pr_3670\/#primaryimage\",\"url\":\"https:\/\/com.rst-steel.eu\/wp-content\/uploads\/2024\/08\/c2c2b4ed3bec713b19613e7481e61e1da3d24cf9_LedTyovaloRevon40W3200lmCNH_58010046_7d13777954072ffcc913c961399575fa_1.jpg\",\"contentUrl\":\"https:\/\/com.rst-steel.eu\/wp-content\/uploads\/2024\/08\/c2c2b4ed3bec713b19613e7481e61e1da3d24cf9_LedTyovaloRevon40W3200lmCNH_58010046_7d13777954072ffcc913c961399575fa_1.jpg\",\"width\":598,\"height\":587,\"caption\":\"Revon LED Work Light 40W\/3200lm, Case\/New Holland\"},{\"@type\":\"BreadcrumbList\",\"@id\":\"https:\/\/com.rst-steel.eu\/sv\/produkt\/revon-led-work-light-40w-3200lm-case-new-holland_pr_3670\/#breadcrumb\",\"itemListElement\":[{\"@type\":\"ListItem\",\"position\":1,\"name\":\"Home\",\"item\":\"https:\/\/com.rst-steel.eu\/\"},{\"@type\":\"ListItem\",\"position\":2,\"name\":\"RST-Steel Shop\",\"item\":\"https:\/\/com.rst-steel.eu\/shop\/\"},{\"@type\":\"ListItem\",\"position\":3,\"name\":\"Revon LED Work Light 40W\/3200lm, Case\/New Holland\"}]},{\"@type\":\"WebSite\",\"@id\":\"https:\/\/com.rst-steel.eu\/#website\",\"url\":\"https:\/\/com.rst-steel.eu\/\",\"name\":\"RST-Steel.com\",\"description\":\"Finnish quality steel, for quality-conscious drivers\",\"publisher\":{\"@id\":\"https:\/\/com.rst-steel.eu\/#organization\"},\"alternateName\":\"Safe and stylish RST-Steel quality\",\"potentialAction\":[{\"@type\":\"SearchAction\",\"target\":{\"@type\":\"EntryPoint\",\"urlTemplate\":\"https:\/\/com.rst-steel.eu\/?s={search_term_string}\"},\"query-input\":{\"@type\":\"PropertyValueSpecification\",\"valueRequired\":true,\"valueName\":\"search_term_string\"}}],\"inLanguage\":\"sv-SE\"},{\"@type\":\"Organization\",\"@id\":\"https:\/\/com.rst-steel.eu\/#organization\",\"name\":\"RST-Steel Oy\",\"url\":\"https:\/\/com.rst-steel.eu\/\",\"logo\":{\"@type\":\"ImageObject\",\"inLanguage\":\"sv-SE\",\"@id\":\"https:\/\/com.rst-steel.eu\/#\/schema\/logo\/image\/\",\"url\":\"https:\/\/com.rst-steel.eu\/wp-content\/uploads\/2023\/04\/cropped-Rst-logo-valkoinen-teksti-3.png\",\"contentUrl\":\"https:\/\/com.rst-steel.eu\/wp-content\/uploads\/2023\/04\/cropped-Rst-logo-valkoinen-teksti-3.png\",\"width\":512,\"height\":115,\"caption\":\"RST-Steel Oy\"},\"image\":{\"@id\":\"https:\/\/com.rst-steel.eu\/#\/schema\/logo\/image\/\"},\"sameAs\":[\"https:\/\/www.facebook.com\/rststeel\",\"https:\/\/www.instagram.com\/rststeeloy\/\"]}]}<\/script>\n<!-- \/ Yoast SEO plugin. -->","yoast_head_json":{"title":"Revon LED-arbetslampa 40W\/3200lm, v\u00e4ska\/New Holland - RST-Steel","description":"Revon LED-arbetslampan \u00e4r utformad f\u00f6r Case- och New Holland-utrustning och ger stark, tillf\u00f6rlitlig belysning med en t\u00e5lig konstruktion f\u00f6r tuffa f\u00f6rh\u00e5llanden.","robots":{"index":"index","follow":"follow","max-snippet":"max-snippet:-1","max-image-preview":"max-image-preview:large","max-video-preview":"max-video-preview:-1"},"canonical":"https:\/\/com.rst-steel.eu\/sv\/produkt\/revon-led-work-light-40w-3200lm-case-new-holland_pr_3670\/","og_locale":"sv_SE","og_type":"article","og_title":"Revon LED Work Light 40W\/3200lm, Case\/New Holland - RST-Steel","og_description":"The Revon LED Work Light is designed for Case and New Holland equipment, offering bright, reliable illumination with a durable build for tough conditions.","og_url":"https:\/\/com.rst-steel.eu\/sv\/produkt\/revon-led-work-light-40w-3200lm-case-new-holland_pr_3670\/","og_site_name":"RST-Steel","article_publisher":"https:\/\/www.facebook.com\/rststeel","article_modified_time":"2026-03-16T06:21:23+00:00","og_image":[{"width":598,"height":587,"url":"https:\/\/com.rst-steel.eu\/wp-content\/uploads\/2024\/08\/c2c2b4ed3bec713b19613e7481e61e1da3d24cf9_LedTyovaloRevon40W3200lmCNH_58010046_7d13777954072ffcc913c961399575fa_1.jpg","type":"image\/jpeg"}],"twitter_card":"summary_large_image","twitter_misc":{"Ber\u00e4knad l\u00e4stid":"3 minuter"},"schema":{"@context":"https:\/\/schema.org","@graph":[{"@type":"WebPage","@id":"https:\/\/com.rst-steel.eu\/sv\/produkt\/revon-led-work-light-40w-3200lm-case-new-holland_pr_3670\/","url":"https:\/\/com.rst-steel.eu\/sv\/produkt\/revon-led-work-light-40w-3200lm-case-new-holland_pr_3670\/","name":"Revon LED-arbetslampa 40W\/3200lm, v\u00e4ska\/New Holland - RST-Steel","isPartOf":{"@id":"https:\/\/com.rst-steel.eu\/#website"},"primaryImageOfPage":{"@id":"https:\/\/com.rst-steel.eu\/sv\/produkt\/revon-led-work-light-40w-3200lm-case-new-holland_pr_3670\/#primaryimage"},"image":{"@id":"https:\/\/com.rst-steel.eu\/sv\/produkt\/revon-led-work-light-40w-3200lm-case-new-holland_pr_3670\/#primaryimage"},"thumbnailUrl":"https:\/\/com.rst-steel.eu\/wp-content\/uploads\/2024\/08\/c2c2b4ed3bec713b19613e7481e61e1da3d24cf9_LedTyovaloRevon40W3200lmCNH_58010046_7d13777954072ffcc913c961399575fa_1.jpg","datePublished":"2024-08-09T08:14:05+00:00","dateModified":"2026-03-16T06:21:23+00:00","description":"Revon LED-arbetslampan \u00e4r utformad f\u00f6r Case- och New Holland-utrustning och ger stark, tillf\u00f6rlitlig belysning med en t\u00e5lig konstruktion f\u00f6r tuffa f\u00f6rh\u00e5llanden.","breadcrumb":{"@id":"https:\/\/com.rst-steel.eu\/sv\/produkt\/revon-led-work-light-40w-3200lm-case-new-holland_pr_3670\/#breadcrumb"},"inLanguage":"sv-SE","potentialAction":[{"@type":"ReadAction","target":["https:\/\/com.rst-steel.eu\/sv\/produkt\/revon-led-work-light-40w-3200lm-case-new-holland_pr_3670\/"]}]},{"@type":"ImageObject","inLanguage":"sv-SE","@id":"https:\/\/com.rst-steel.eu\/sv\/produkt\/revon-led-work-light-40w-3200lm-case-new-holland_pr_3670\/#primaryimage","url":"https:\/\/com.rst-steel.eu\/wp-content\/uploads\/2024\/08\/c2c2b4ed3bec713b19613e7481e61e1da3d24cf9_LedTyovaloRevon40W3200lmCNH_58010046_7d13777954072ffcc913c961399575fa_1.jpg","contentUrl":"https:\/\/com.rst-steel.eu\/wp-content\/uploads\/2024\/08\/c2c2b4ed3bec713b19613e7481e61e1da3d24cf9_LedTyovaloRevon40W3200lmCNH_58010046_7d13777954072ffcc913c961399575fa_1.jpg","width":598,"height":587,"caption":"Revon LED Work Light 40W\/3200lm, Case\/New Holland"},{"@type":"BreadcrumbList","@id":"https:\/\/com.rst-steel.eu\/sv\/produkt\/revon-led-work-light-40w-3200lm-case-new-holland_pr_3670\/#breadcrumb","itemListElement":[{"@type":"ListItem","position":1,"name":"Home","item":"https:\/\/com.rst-steel.eu\/"},{"@type":"ListItem","position":2,"name":"RST-Steel Shop","item":"https:\/\/com.rst-steel.eu\/shop\/"},{"@type":"ListItem","position":3,"name":"Revon LED Work Light 40W\/3200lm, Case\/New Holland"}]},{"@type":"WebSite","@id":"https:\/\/com.rst-steel.eu\/#website","url":"https:\/\/com.rst-steel.eu\/","name":"RST-Stahl.com","description":"Finskt kvalitetsst\u00e5l, f\u00f6r kvalitetsmedvetna f\u00f6rare","publisher":{"@id":"https:\/\/com.rst-steel.eu\/#organization"},"alternateName":"Safe and stylish RST-Steel quality","potentialAction":[{"@type":"SearchAction","target":{"@type":"EntryPoint","urlTemplate":"https:\/\/com.rst-steel.eu\/?s={search_term_string}"},"query-input":{"@type":"PropertyValueSpecification","valueRequired":true,"valueName":"search_term_string"}}],"inLanguage":"sv-SE"},{"@type":"Organization","@id":"https:\/\/com.rst-steel.eu\/#organization","name":"RST-Steel Oy","url":"https:\/\/com.rst-steel.eu\/","logo":{"@type":"ImageObject","inLanguage":"sv-SE","@id":"https:\/\/com.rst-steel.eu\/#\/schema\/logo\/image\/","url":"https:\/\/com.rst-steel.eu\/wp-content\/uploads\/2023\/04\/cropped-Rst-logo-valkoinen-teksti-3.png","contentUrl":"https:\/\/com.rst-steel.eu\/wp-content\/uploads\/2023\/04\/cropped-Rst-logo-valkoinen-teksti-3.png","width":512,"height":115,"caption":"RST-Steel Oy"},"image":{"@id":"https:\/\/com.rst-steel.eu\/#\/schema\/logo\/image\/"},"sameAs":["https:\/\/www.facebook.com\/rststeel","https:\/\/www.instagram.com\/rststeeloy\/"]}]}},"brands":[{"id":8351,"name":"Revon","slug":"brand_revon"}],"_links":{"self":[{"href":"https:\/\/com.rst-steel.eu\/sv\/wp-json\/wp\/v2\/product\/45403","targetHints":{"allow":["GET"]}}],"collection":[{"href":"https:\/\/com.rst-steel.eu\/sv\/wp-json\/wp\/v2\/product"}],"about":[{"href":"https:\/\/com.rst-steel.eu\/sv\/wp-json\/wp\/v2\/types\/product"}],"replies":[{"embeddable":true,"href":"https:\/\/com.rst-steel.eu\/sv\/wp-json\/wp\/v2\/comments?post=45403"}],"version-history":[{"count":0,"href":"https:\/\/com.rst-steel.eu\/sv\/wp-json\/wp\/v2\/product\/45403\/revisions"}],"wp:featuredmedia":[{"embeddable":true,"href":"https:\/\/com.rst-steel.eu\/sv\/wp-json\/wp\/v2\/media\/45402"}],"wp:attachment":[{"href":"https:\/\/com.rst-steel.eu\/sv\/wp-json\/wp\/v2\/media?parent=45403"}],"wp:term":[{"taxonomy":"make_fuel_type","embeddable":true,"href":"https:\/\/com.rst-steel.eu\/sv\/wp-json\/wp\/v2\/make_fuel_type?post=45403"},{"taxonomy":"make_model","embeddable":true,"href":"https:\/\/com.rst-steel.eu\/sv\/wp-json\/wp\/v2\/make_model?post=45403"},{"taxonomy":"make_brand","embeddable":true,"href":"https:\/\/com.rst-steel.eu\/sv\/wp-json\/wp\/v2\/make_brand?post=45403"},{"taxonomy":"make_year","embeddable":true,"href":"https:\/\/com.rst-steel.eu\/sv\/wp-json\/wp\/v2\/make_year?post=45403"},{"taxonomy":"pwb-brand","embeddable":true,"href":"https:\/\/com.rst-steel.eu\/sv\/wp-json\/wp\/v2\/pwb-brand?post=45403"},{"taxonomy":"product_brand","embeddable":true,"href":"https:\/\/com.rst-steel.eu\/sv\/wp-json\/wp\/v2\/product_brand?post=45403"},{"taxonomy":"product_cat","embeddable":true,"href":"https:\/\/com.rst-steel.eu\/sv\/wp-json\/wp\/v2\/product_cat?post=45403"},{"taxonomy":"product_tag","embeddable":true,"href":"https:\/\/com.rst-steel.eu\/sv\/wp-json\/wp\/v2\/product_tag?post=45403"}],"curies":[{"name":"wp","href":"https:\/\/api.w.org\/{rel}","templated":true}]}}