{"id":45394,"date":"2024-08-09T11:13:38","date_gmt":"2024-08-09T08:13:38","guid":{"rendered":"https:\/\/rst-steel.com\/product\/revon-led-work-light-50w-4250lm_pr_3666\/"},"modified":"2026-03-16T09:21:22","modified_gmt":"2026-03-16T06:21:22","slug":"led-tyovalo-revon-50w-4250lm_pr_3666","status":"publish","type":"product","link":"https:\/\/com.rst-steel.eu\/sv\/produkt\/led-tyovalo-revon-50w-4250lm_pr_3666\/","title":{"rendered":"LED-Ty\u00f6valo Revon 50W\/4250lm"},"content":{"rendered":"<p>Arbetsljus Revon 50W\/4250lm<\/p>\n<p><\/p>\n<p>En arbetslampa med fotf\u00e4ste med bred ljusbild och Osram LED-lampor av h\u00f6g kvalitet.&nbsp;<\/p>\n<p>Arbetslampans 360-graders roterande fot och deutsch-kontakten p\u00e5 kabeln g\u00f6r det enkelt att orientera sig, ger m\u00e5ngsidig anv\u00e4ndning och underl\u00e4ttar installationen<\/p>\n<p><\/p>\n<p><\/p>\n<p><\/p>\n<p>Teknisk information:<\/p>\n<p><\/p>\n<p>Driftsp\u00e4nning: 9-32V<\/p>\n<p>Str\u00f6mf\u00f6rbrukning: 50W<\/p>\n<p>Totalt ljusfl\u00f6de: 4250 Lm<\/p>\n<p>F\u00e4rgtemperatur: 5000K<\/p>\n<p>Lysdioder: 5 x 10W Osram LED<\/p>\n<p>EMC-skydd-CISPR-25 klass 4<\/p>\n<p>CE, RoHS, R10<\/p>\n<p>IP-klassning: IP68<\/p>\n<p>Kabell\u00e4ngd: 25 cm<\/p>\n<p>Lins: Polykarbonat<\/p>\n<p>Adapter: Deutch DT 2-polig<\/p>\n<p><\/p>\n<p><\/p>\n<p>Dimensioner:<\/p>\n<p><\/p>\n<p>Bredd: 86 mm<\/p>\n<p>Height: 79,5&nbsp; mm<\/p>\n<p>Djup: 62 mm<\/p>\n<p><\/p>\n<p><\/p>","protected":false},"excerpt":{"rendered":"<p>En arbetslampa med fotf\u00e4ste med bred ljusbild och Osram LED-lampor av h\u00f6g kvalitet.&nbsp;<\/p>\n<div><\/div>","protected":false},"featured_media":45392,"comment_status":"open","ping_status":"closed","template":"","meta":{"_improvement_type_select":"improve_an_existing","_thumb_yes_seoaic":false,"_frame_yes_seoaic":false,"seoaic_generate_description":"","seoaic_improve_instructions_prompt":"","seoaic_rollback_content_improvement":"","seoaic_idea_thumbnail_generator":"","thumbnail_generated":false,"thumbnail_generate_prompt":"","seoaic_article_description":""},"make_fuel_type":[],"make_model":[],"make_brand":[],"make_year":[],"pwb-brand":[8351],"product_brand":[],"product_cat":[6195,6218,6220],"product_tag":[],"class_list":{"0":"post-45394","1":"product","2":"type-product","3":"status-publish","4":"has-post-thumbnail","6":"pwb-brand-brand_revon","7":"product_cat-lamps","8":"product_cat-work-lights","9":"product_cat-led-work-lights","11":"first","12":"instock","13":"taxable","14":"shipping-taxable","15":"purchasable","16":"product-type-simple"},"yoast_head":"<!-- This site is optimized with the Yoast SEO plugin v25.7 - https:\/\/yoast.com\/wordpress\/plugins\/seo\/ -->\n<title>LED-Ty\u00f6valo Revon 50W\/4250lm - RST-Steel<\/title>\n<meta name=\"description\" content=\"The Revon LED Work Light delivers bright, durable illumination for diverse work settings, designed to enhance visibility and withstand tough conditions.\" \/>\n<meta name=\"robots\" content=\"index, follow, max-snippet:-1, max-image-preview:large, max-video-preview:-1\" \/>\n<link rel=\"canonical\" href=\"https:\/\/com.rst-steel.eu\/sv\/produkt\/led-tyovalo-revon-50w-4250lm_pr_3666\/\" \/>\n<meta property=\"og:locale\" content=\"sv_SE\" \/>\n<meta property=\"og:type\" content=\"article\" \/>\n<meta property=\"og:title\" content=\"LED-Ty\u00f6valo Revon 50W\/4250lm - RST-Steel\" \/>\n<meta property=\"og:description\" content=\"The Revon LED Work Light delivers bright, durable illumination for diverse work settings, designed to enhance visibility and withstand tough conditions.\" \/>\n<meta property=\"og:url\" content=\"https:\/\/com.rst-steel.eu\/sv\/produkt\/led-tyovalo-revon-50w-4250lm_pr_3666\/\" \/>\n<meta property=\"og:site_name\" content=\"RST-Steel\" \/>\n<meta property=\"article:publisher\" content=\"https:\/\/www.facebook.com\/rststeel\" \/>\n<meta property=\"article:modified_time\" content=\"2026-03-16T06:21:22+00:00\" \/>\n<meta property=\"og:image\" content=\"https:\/\/com.rst-steel.eu\/wp-content\/uploads\/2024\/08\/f7a0fc8b7522a70b8e7922ed8d14aaeb9b85a677_LedTyovaloRevon50W4250lm_58010042_c8f43923509b411bf7adb5ce2c33f886_1.jpg\" \/>\n\t<meta property=\"og:image:width\" content=\"605\" \/>\n\t<meta property=\"og:image:height\" content=\"526\" \/>\n\t<meta property=\"og:image:type\" content=\"image\/jpeg\" \/>\n<meta name=\"twitter:card\" content=\"summary_large_image\" \/>\n<meta name=\"twitter:label1\" content=\"Ber\u00e4knad l\u00e4stid\" \/>\n\t<meta name=\"twitter:data1\" content=\"1 minut\" \/>\n<script type=\"application\/ld+json\" class=\"yoast-schema-graph\">{\"@context\":\"https:\/\/schema.org\",\"@graph\":[{\"@type\":\"WebPage\",\"@id\":\"https:\/\/com.rst-steel.eu\/product\/led-tyovalo-revon-50w-4250lm_pr_3666\/\",\"url\":\"https:\/\/com.rst-steel.eu\/product\/led-tyovalo-revon-50w-4250lm_pr_3666\/\",\"name\":\"LED-Ty\u00f6valo Revon 50W\/4250lm - RST-Steel\",\"isPartOf\":{\"@id\":\"https:\/\/com.rst-steel.eu\/#website\"},\"primaryImageOfPage\":{\"@id\":\"https:\/\/com.rst-steel.eu\/product\/led-tyovalo-revon-50w-4250lm_pr_3666\/#primaryimage\"},\"image\":{\"@id\":\"https:\/\/com.rst-steel.eu\/product\/led-tyovalo-revon-50w-4250lm_pr_3666\/#primaryimage\"},\"thumbnailUrl\":\"https:\/\/com.rst-steel.eu\/wp-content\/uploads\/2024\/08\/f7a0fc8b7522a70b8e7922ed8d14aaeb9b85a677_LedTyovaloRevon50W4250lm_58010042_c8f43923509b411bf7adb5ce2c33f886_1.jpg\",\"datePublished\":\"2024-08-09T08:13:38+00:00\",\"dateModified\":\"2026-03-16T06:21:22+00:00\",\"description\":\"The Revon LED Work Light delivers bright, durable illumination for diverse work settings, designed to enhance visibility and withstand tough conditions.\",\"breadcrumb\":{\"@id\":\"https:\/\/com.rst-steel.eu\/product\/led-tyovalo-revon-50w-4250lm_pr_3666\/#breadcrumb\"},\"inLanguage\":\"sv-SE\",\"potentialAction\":[{\"@type\":\"ReadAction\",\"target\":[\"https:\/\/com.rst-steel.eu\/product\/led-tyovalo-revon-50w-4250lm_pr_3666\/\"]}]},{\"@type\":\"ImageObject\",\"inLanguage\":\"sv-SE\",\"@id\":\"https:\/\/com.rst-steel.eu\/product\/led-tyovalo-revon-50w-4250lm_pr_3666\/#primaryimage\",\"url\":\"https:\/\/com.rst-steel.eu\/wp-content\/uploads\/2024\/08\/f7a0fc8b7522a70b8e7922ed8d14aaeb9b85a677_LedTyovaloRevon50W4250lm_58010042_c8f43923509b411bf7adb5ce2c33f886_1.jpg\",\"contentUrl\":\"https:\/\/com.rst-steel.eu\/wp-content\/uploads\/2024\/08\/f7a0fc8b7522a70b8e7922ed8d14aaeb9b85a677_LedTyovaloRevon50W4250lm_58010042_c8f43923509b411bf7adb5ce2c33f886_1.jpg\",\"width\":605,\"height\":526,\"caption\":\"Revon LED Work Light 50W\/4250lm\"},{\"@type\":\"BreadcrumbList\",\"@id\":\"https:\/\/com.rst-steel.eu\/product\/led-tyovalo-revon-50w-4250lm_pr_3666\/#breadcrumb\",\"itemListElement\":[{\"@type\":\"ListItem\",\"position\":1,\"name\":\"Home\",\"item\":\"https:\/\/com.rst-steel.eu\/\"},{\"@type\":\"ListItem\",\"position\":2,\"name\":\"RST-Steel Shop\",\"item\":\"https:\/\/com.rst-steel.eu\/shop\/\"},{\"@type\":\"ListItem\",\"position\":3,\"name\":\"LED-Ty\u00f6valo Revon 50W\/4250lm\"}]},{\"@type\":\"WebSite\",\"@id\":\"https:\/\/com.rst-steel.eu\/#website\",\"url\":\"https:\/\/com.rst-steel.eu\/\",\"name\":\"RST-Steel.com\",\"description\":\"Finnish quality steel, for quality-conscious drivers\",\"publisher\":{\"@id\":\"https:\/\/com.rst-steel.eu\/#organization\"},\"alternateName\":\"Safe and stylish RST-Steel quality\",\"potentialAction\":[{\"@type\":\"SearchAction\",\"target\":{\"@type\":\"EntryPoint\",\"urlTemplate\":\"https:\/\/com.rst-steel.eu\/?s={search_term_string}\"},\"query-input\":{\"@type\":\"PropertyValueSpecification\",\"valueRequired\":true,\"valueName\":\"search_term_string\"}}],\"inLanguage\":\"sv-SE\"},{\"@type\":\"Organization\",\"@id\":\"https:\/\/com.rst-steel.eu\/#organization\",\"name\":\"RST-Steel Oy\",\"url\":\"https:\/\/com.rst-steel.eu\/\",\"logo\":{\"@type\":\"ImageObject\",\"inLanguage\":\"sv-SE\",\"@id\":\"https:\/\/com.rst-steel.eu\/#\/schema\/logo\/image\/\",\"url\":\"https:\/\/com.rst-steel.eu\/wp-content\/uploads\/2023\/04\/cropped-Rst-logo-valkoinen-teksti-3.png\",\"contentUrl\":\"https:\/\/com.rst-steel.eu\/wp-content\/uploads\/2023\/04\/cropped-Rst-logo-valkoinen-teksti-3.png\",\"width\":512,\"height\":115,\"caption\":\"RST-Steel Oy\"},\"image\":{\"@id\":\"https:\/\/com.rst-steel.eu\/#\/schema\/logo\/image\/\"},\"sameAs\":[\"https:\/\/www.facebook.com\/rststeel\",\"https:\/\/www.instagram.com\/rststeeloy\/\"]}]}<\/script>\n<!-- \/ Yoast SEO plugin. -->","yoast_head_json":{"title":"LED-Ty\u00f6valo Revon 50W\/4250lm - RST-Steel","description":"Revon LED-arbetslampan ger stark och h\u00e5llbar belysning f\u00f6r olika arbetsomr\u00e5den och \u00e4r utformad f\u00f6r att f\u00f6rb\u00e4ttra synligheten och klara tuffa f\u00f6rh\u00e5llanden.","robots":{"index":"index","follow":"follow","max-snippet":"max-snippet:-1","max-image-preview":"max-image-preview:large","max-video-preview":"max-video-preview:-1"},"canonical":"https:\/\/com.rst-steel.eu\/sv\/produkt\/led-tyovalo-revon-50w-4250lm_pr_3666\/","og_locale":"sv_SE","og_type":"article","og_title":"LED-Ty\u00f6valo Revon 50W\/4250lm - RST-Steel","og_description":"The Revon LED Work Light delivers bright, durable illumination for diverse work settings, designed to enhance visibility and withstand tough conditions.","og_url":"https:\/\/com.rst-steel.eu\/sv\/produkt\/led-tyovalo-revon-50w-4250lm_pr_3666\/","og_site_name":"RST-Steel","article_publisher":"https:\/\/www.facebook.com\/rststeel","article_modified_time":"2026-03-16T06:21:22+00:00","og_image":[{"width":605,"height":526,"url":"https:\/\/com.rst-steel.eu\/wp-content\/uploads\/2024\/08\/f7a0fc8b7522a70b8e7922ed8d14aaeb9b85a677_LedTyovaloRevon50W4250lm_58010042_c8f43923509b411bf7adb5ce2c33f886_1.jpg","type":"image\/jpeg"}],"twitter_card":"summary_large_image","twitter_misc":{"Ber\u00e4knad l\u00e4stid":"1 minut"},"schema":{"@context":"https:\/\/schema.org","@graph":[{"@type":"WebPage","@id":"https:\/\/com.rst-steel.eu\/product\/led-tyovalo-revon-50w-4250lm_pr_3666\/","url":"https:\/\/com.rst-steel.eu\/product\/led-tyovalo-revon-50w-4250lm_pr_3666\/","name":"LED-Ty\u00f6valo Revon 50W\/4250lm - RST-Steel","isPartOf":{"@id":"https:\/\/com.rst-steel.eu\/#website"},"primaryImageOfPage":{"@id":"https:\/\/com.rst-steel.eu\/product\/led-tyovalo-revon-50w-4250lm_pr_3666\/#primaryimage"},"image":{"@id":"https:\/\/com.rst-steel.eu\/product\/led-tyovalo-revon-50w-4250lm_pr_3666\/#primaryimage"},"thumbnailUrl":"https:\/\/com.rst-steel.eu\/wp-content\/uploads\/2024\/08\/f7a0fc8b7522a70b8e7922ed8d14aaeb9b85a677_LedTyovaloRevon50W4250lm_58010042_c8f43923509b411bf7adb5ce2c33f886_1.jpg","datePublished":"2024-08-09T08:13:38+00:00","dateModified":"2026-03-16T06:21:22+00:00","description":"Revon LED-arbetslampan ger stark och h\u00e5llbar belysning f\u00f6r olika arbetsomr\u00e5den och \u00e4r utformad f\u00f6r att f\u00f6rb\u00e4ttra synligheten och klara tuffa f\u00f6rh\u00e5llanden.","breadcrumb":{"@id":"https:\/\/com.rst-steel.eu\/product\/led-tyovalo-revon-50w-4250lm_pr_3666\/#breadcrumb"},"inLanguage":"sv-SE","potentialAction":[{"@type":"ReadAction","target":["https:\/\/com.rst-steel.eu\/product\/led-tyovalo-revon-50w-4250lm_pr_3666\/"]}]},{"@type":"ImageObject","inLanguage":"sv-SE","@id":"https:\/\/com.rst-steel.eu\/product\/led-tyovalo-revon-50w-4250lm_pr_3666\/#primaryimage","url":"https:\/\/com.rst-steel.eu\/wp-content\/uploads\/2024\/08\/f7a0fc8b7522a70b8e7922ed8d14aaeb9b85a677_LedTyovaloRevon50W4250lm_58010042_c8f43923509b411bf7adb5ce2c33f886_1.jpg","contentUrl":"https:\/\/com.rst-steel.eu\/wp-content\/uploads\/2024\/08\/f7a0fc8b7522a70b8e7922ed8d14aaeb9b85a677_LedTyovaloRevon50W4250lm_58010042_c8f43923509b411bf7adb5ce2c33f886_1.jpg","width":605,"height":526,"caption":"Revon LED Work Light 50W\/4250lm"},{"@type":"BreadcrumbList","@id":"https:\/\/com.rst-steel.eu\/product\/led-tyovalo-revon-50w-4250lm_pr_3666\/#breadcrumb","itemListElement":[{"@type":"ListItem","position":1,"name":"Home","item":"https:\/\/com.rst-steel.eu\/"},{"@type":"ListItem","position":2,"name":"RST-Steel Shop","item":"https:\/\/com.rst-steel.eu\/shop\/"},{"@type":"ListItem","position":3,"name":"LED-Ty\u00f6valo Revon 50W\/4250lm"}]},{"@type":"WebSite","@id":"https:\/\/com.rst-steel.eu\/#website","url":"https:\/\/com.rst-steel.eu\/","name":"RST-Stahl.com","description":"Finskt kvalitetsst\u00e5l, f\u00f6r kvalitetsmedvetna f\u00f6rare","publisher":{"@id":"https:\/\/com.rst-steel.eu\/#organization"},"alternateName":"Safe and stylish RST-Steel quality","potentialAction":[{"@type":"SearchAction","target":{"@type":"EntryPoint","urlTemplate":"https:\/\/com.rst-steel.eu\/?s={search_term_string}"},"query-input":{"@type":"PropertyValueSpecification","valueRequired":true,"valueName":"search_term_string"}}],"inLanguage":"sv-SE"},{"@type":"Organization","@id":"https:\/\/com.rst-steel.eu\/#organization","name":"RST-Steel Oy","url":"https:\/\/com.rst-steel.eu\/","logo":{"@type":"ImageObject","inLanguage":"sv-SE","@id":"https:\/\/com.rst-steel.eu\/#\/schema\/logo\/image\/","url":"https:\/\/com.rst-steel.eu\/wp-content\/uploads\/2023\/04\/cropped-Rst-logo-valkoinen-teksti-3.png","contentUrl":"https:\/\/com.rst-steel.eu\/wp-content\/uploads\/2023\/04\/cropped-Rst-logo-valkoinen-teksti-3.png","width":512,"height":115,"caption":"RST-Steel Oy"},"image":{"@id":"https:\/\/com.rst-steel.eu\/#\/schema\/logo\/image\/"},"sameAs":["https:\/\/www.facebook.com\/rststeel","https:\/\/www.instagram.com\/rststeeloy\/"]}]}},"brands":[{"id":8351,"name":"Revon","slug":"brand_revon"}],"_links":{"self":[{"href":"https:\/\/com.rst-steel.eu\/sv\/wp-json\/wp\/v2\/product\/45394","targetHints":{"allow":["GET"]}}],"collection":[{"href":"https:\/\/com.rst-steel.eu\/sv\/wp-json\/wp\/v2\/product"}],"about":[{"href":"https:\/\/com.rst-steel.eu\/sv\/wp-json\/wp\/v2\/types\/product"}],"replies":[{"embeddable":true,"href":"https:\/\/com.rst-steel.eu\/sv\/wp-json\/wp\/v2\/comments?post=45394"}],"version-history":[{"count":0,"href":"https:\/\/com.rst-steel.eu\/sv\/wp-json\/wp\/v2\/product\/45394\/revisions"}],"wp:featuredmedia":[{"embeddable":true,"href":"https:\/\/com.rst-steel.eu\/sv\/wp-json\/wp\/v2\/media\/45392"}],"wp:attachment":[{"href":"https:\/\/com.rst-steel.eu\/sv\/wp-json\/wp\/v2\/media?parent=45394"}],"wp:term":[{"taxonomy":"make_fuel_type","embeddable":true,"href":"https:\/\/com.rst-steel.eu\/sv\/wp-json\/wp\/v2\/make_fuel_type?post=45394"},{"taxonomy":"make_model","embeddable":true,"href":"https:\/\/com.rst-steel.eu\/sv\/wp-json\/wp\/v2\/make_model?post=45394"},{"taxonomy":"make_brand","embeddable":true,"href":"https:\/\/com.rst-steel.eu\/sv\/wp-json\/wp\/v2\/make_brand?post=45394"},{"taxonomy":"make_year","embeddable":true,"href":"https:\/\/com.rst-steel.eu\/sv\/wp-json\/wp\/v2\/make_year?post=45394"},{"taxonomy":"pwb-brand","embeddable":true,"href":"https:\/\/com.rst-steel.eu\/sv\/wp-json\/wp\/v2\/pwb-brand?post=45394"},{"taxonomy":"product_brand","embeddable":true,"href":"https:\/\/com.rst-steel.eu\/sv\/wp-json\/wp\/v2\/product_brand?post=45394"},{"taxonomy":"product_cat","embeddable":true,"href":"https:\/\/com.rst-steel.eu\/sv\/wp-json\/wp\/v2\/product_cat?post=45394"},{"taxonomy":"product_tag","embeddable":true,"href":"https:\/\/com.rst-steel.eu\/sv\/wp-json\/wp\/v2\/product_tag?post=45394"}],"curies":[{"name":"wp","href":"https:\/\/api.w.org\/{rel}","templated":true}]}}