{"id":45365,"date":"2024-08-09T11:12:26","date_gmt":"2024-08-09T08:12:26","guid":{"rendered":"https:\/\/rst-steel.com\/product\/revon-led-work-light-40w-3400lm_pr_3654\/"},"modified":"2026-03-16T09:21:21","modified_gmt":"2026-03-16T06:21:21","slug":"led-tyovalo-revon-40w-3400lm-massey-ferguson_pr_3654","status":"publish","type":"product","link":"https:\/\/com.rst-steel.eu\/sv\/produkt\/led-tyovalo-revon-40w-3400lm-massey-ferguson_pr_3654\/","title":{"rendered":"LED-Ty\u00f6valo Revon 40W\/3400lm, Massey Ferguson"},"content":{"rendered":"<p>Arbetsljus Revon 40W\/3400lm<\/p>\n<p><\/p>\n<p>En fotmonterad arbetslampa med bred ljusbild och h\u00f6gkvalitativa Cree-lysdioder<\/p>\n<p><\/p>\n<p><span style=\"font-weight: bold\">Teknisk information:<\/span><\/p>\n<p><span style=\"font-weight: bold\"><\/span><\/p>\n<ul>\n<li>Driftsp\u00e4nning: 9-32V<\/li>\n<li>Str\u00f6mf\u00f6rbrukning: 40W<\/li>\n<li>Totalt ljusfl\u00f6de: 3400 Lm<\/li>\n<li>F\u00e4rgtemperatur: 6000 Lm<\/li>\n<li>Lysdioder: 8 x 5W Cree LED<\/li>\n<li>EMC-skydd-CISPR-25 klass 4<\/li>\n<li>CE, RoHS, R10<\/li>\n<li>IP-klassning: IP68<\/li>\n<li>Kabell\u00e4ngd: 40 cm<\/li>\n<li>Lins: Polykarbonat<\/li>\n<li>Adapter: nej<\/li>\n<\/ul>\n<p><\/p>\n<p><span style=\"font-weight: bold\">Dimensioner:<\/span><\/p>\n<ul>\n<li>Bredd: 160 mm<\/li>\n<li>Height: 96&nbsp; mm<\/li>\n<li>Djup: 60 mm<\/li>\n<\/ul>\n<p><\/p>\n<p><\/p>","protected":false},"excerpt":{"rendered":"<p>En fotmonterad arbetslampa med bred ljusbild och h\u00f6gkvalitativa Cree-lysdioder<\/p>\n<p><\/p>","protected":false},"featured_media":45363,"comment_status":"open","ping_status":"closed","template":"","meta":{"_improvement_type_select":"improve_an_existing","_thumb_yes_seoaic":false,"_frame_yes_seoaic":false,"seoaic_generate_description":"","seoaic_improve_instructions_prompt":"","seoaic_rollback_content_improvement":"","seoaic_idea_thumbnail_generator":"","thumbnail_generated":false,"thumbnail_generate_prompt":"","seoaic_article_description":""},"make_fuel_type":[],"make_model":[],"make_brand":[],"make_year":[],"pwb-brand":[8351],"product_brand":[],"product_cat":[6195,6218,6220],"product_tag":[],"class_list":{"0":"post-45365","1":"product","2":"type-product","3":"status-publish","4":"has-post-thumbnail","6":"pwb-brand-brand_revon","7":"product_cat-lamps","8":"product_cat-work-lights","9":"product_cat-led-work-lights","11":"first","12":"onbackorder","13":"taxable","14":"shipping-taxable","15":"purchasable","16":"product-type-simple"},"yoast_head":"<!-- This site is optimized with the Yoast SEO plugin v25.7 - https:\/\/yoast.com\/wordpress\/plugins\/seo\/ -->\n<title>LED-Ty\u00f6valo Revon 40W\/3400lm, Massey Ferguson - RST-Steel<\/title>\n<meta name=\"description\" content=\"The Revon LED Work Light (40W, 3400lm) provides bright, reliable illumination with a robust design, ideal for various work environments.\" \/>\n<meta name=\"robots\" content=\"index, follow, max-snippet:-1, max-image-preview:large, max-video-preview:-1\" \/>\n<link rel=\"canonical\" href=\"https:\/\/com.rst-steel.eu\/sv\/produkt\/led-tyovalo-revon-40w-3400lm-massey-ferguson_pr_3654\/\" \/>\n<meta property=\"og:locale\" content=\"sv_SE\" \/>\n<meta property=\"og:type\" content=\"article\" \/>\n<meta property=\"og:title\" content=\"LED-Ty\u00f6valo Revon 40W\/3400lm, Massey Ferguson - RST-Steel\" \/>\n<meta property=\"og:description\" content=\"The Revon LED Work Light (40W, 3400lm) provides bright, reliable illumination with a robust design, ideal for various work environments.\" \/>\n<meta property=\"og:url\" content=\"https:\/\/com.rst-steel.eu\/sv\/produkt\/led-tyovalo-revon-40w-3400lm-massey-ferguson_pr_3654\/\" \/>\n<meta property=\"og:site_name\" content=\"RST-Steel\" \/>\n<meta property=\"article:publisher\" content=\"https:\/\/www.facebook.com\/rststeel\" \/>\n<meta property=\"article:modified_time\" content=\"2026-03-16T06:21:21+00:00\" \/>\n<meta property=\"og:image\" content=\"https:\/\/com.rst-steel.eu\/wp-content\/uploads\/2024\/08\/b07dc75e9a0a51da7c2ccf562610b9ba39fe5ebc_LedTyovaloRevon40W3200lm_58010030_f2361133ae055d2fbd4d287404b81900_1.jpg\" \/>\n\t<meta property=\"og:image:width\" content=\"608\" \/>\n\t<meta property=\"og:image:height\" content=\"612\" \/>\n\t<meta property=\"og:image:type\" content=\"image\/jpeg\" \/>\n<meta name=\"twitter:card\" content=\"summary_large_image\" \/>\n<meta name=\"twitter:label1\" content=\"Ber\u00e4knad l\u00e4stid\" \/>\n\t<meta name=\"twitter:data1\" content=\"1 minut\" \/>\n<script type=\"application\/ld+json\" class=\"yoast-schema-graph\">{\"@context\":\"https:\/\/schema.org\",\"@graph\":[{\"@type\":\"WebPage\",\"@id\":\"https:\/\/com.rst-steel.eu\/product\/led-tyovalo-revon-40w-3400lm-massey-ferguson_pr_3654\/\",\"url\":\"https:\/\/com.rst-steel.eu\/product\/led-tyovalo-revon-40w-3400lm-massey-ferguson_pr_3654\/\",\"name\":\"LED-Ty\u00f6valo Revon 40W\/3400lm, Massey Ferguson - RST-Steel\",\"isPartOf\":{\"@id\":\"https:\/\/com.rst-steel.eu\/#website\"},\"primaryImageOfPage\":{\"@id\":\"https:\/\/com.rst-steel.eu\/product\/led-tyovalo-revon-40w-3400lm-massey-ferguson_pr_3654\/#primaryimage\"},\"image\":{\"@id\":\"https:\/\/com.rst-steel.eu\/product\/led-tyovalo-revon-40w-3400lm-massey-ferguson_pr_3654\/#primaryimage\"},\"thumbnailUrl\":\"https:\/\/com.rst-steel.eu\/wp-content\/uploads\/2024\/08\/b07dc75e9a0a51da7c2ccf562610b9ba39fe5ebc_LedTyovaloRevon40W3200lm_58010030_f2361133ae055d2fbd4d287404b81900_1.jpg\",\"datePublished\":\"2024-08-09T08:12:26+00:00\",\"dateModified\":\"2026-03-16T06:21:21+00:00\",\"description\":\"The Revon LED Work Light (40W, 3400lm) provides bright, reliable illumination with a robust design, ideal for various work environments.\",\"breadcrumb\":{\"@id\":\"https:\/\/com.rst-steel.eu\/product\/led-tyovalo-revon-40w-3400lm-massey-ferguson_pr_3654\/#breadcrumb\"},\"inLanguage\":\"sv-SE\",\"potentialAction\":[{\"@type\":\"ReadAction\",\"target\":[\"https:\/\/com.rst-steel.eu\/product\/led-tyovalo-revon-40w-3400lm-massey-ferguson_pr_3654\/\"]}]},{\"@type\":\"ImageObject\",\"inLanguage\":\"sv-SE\",\"@id\":\"https:\/\/com.rst-steel.eu\/product\/led-tyovalo-revon-40w-3400lm-massey-ferguson_pr_3654\/#primaryimage\",\"url\":\"https:\/\/com.rst-steel.eu\/wp-content\/uploads\/2024\/08\/b07dc75e9a0a51da7c2ccf562610b9ba39fe5ebc_LedTyovaloRevon40W3200lm_58010030_f2361133ae055d2fbd4d287404b81900_1.jpg\",\"contentUrl\":\"https:\/\/com.rst-steel.eu\/wp-content\/uploads\/2024\/08\/b07dc75e9a0a51da7c2ccf562610b9ba39fe5ebc_LedTyovaloRevon40W3200lm_58010030_f2361133ae055d2fbd4d287404b81900_1.jpg\",\"width\":608,\"height\":612,\"caption\":\"Revon LED Work Light 40W\/3400lm\"},{\"@type\":\"BreadcrumbList\",\"@id\":\"https:\/\/com.rst-steel.eu\/product\/led-tyovalo-revon-40w-3400lm-massey-ferguson_pr_3654\/#breadcrumb\",\"itemListElement\":[{\"@type\":\"ListItem\",\"position\":1,\"name\":\"Home\",\"item\":\"https:\/\/com.rst-steel.eu\/\"},{\"@type\":\"ListItem\",\"position\":2,\"name\":\"RST-Steel Shop\",\"item\":\"https:\/\/com.rst-steel.eu\/shop\/\"},{\"@type\":\"ListItem\",\"position\":3,\"name\":\"LED-Ty\u00f6valo Revon 40W\/3400lm, Massey Ferguson\"}]},{\"@type\":\"WebSite\",\"@id\":\"https:\/\/com.rst-steel.eu\/#website\",\"url\":\"https:\/\/com.rst-steel.eu\/\",\"name\":\"RST-Steel.com\",\"description\":\"Finnish quality steel, for quality-conscious drivers\",\"publisher\":{\"@id\":\"https:\/\/com.rst-steel.eu\/#organization\"},\"alternateName\":\"Safe and stylish RST-Steel quality\",\"potentialAction\":[{\"@type\":\"SearchAction\",\"target\":{\"@type\":\"EntryPoint\",\"urlTemplate\":\"https:\/\/com.rst-steel.eu\/?s={search_term_string}\"},\"query-input\":{\"@type\":\"PropertyValueSpecification\",\"valueRequired\":true,\"valueName\":\"search_term_string\"}}],\"inLanguage\":\"sv-SE\"},{\"@type\":\"Organization\",\"@id\":\"https:\/\/com.rst-steel.eu\/#organization\",\"name\":\"RST-Steel Oy\",\"url\":\"https:\/\/com.rst-steel.eu\/\",\"logo\":{\"@type\":\"ImageObject\",\"inLanguage\":\"sv-SE\",\"@id\":\"https:\/\/com.rst-steel.eu\/#\/schema\/logo\/image\/\",\"url\":\"https:\/\/com.rst-steel.eu\/wp-content\/uploads\/2023\/04\/cropped-Rst-logo-valkoinen-teksti-3.png\",\"contentUrl\":\"https:\/\/com.rst-steel.eu\/wp-content\/uploads\/2023\/04\/cropped-Rst-logo-valkoinen-teksti-3.png\",\"width\":512,\"height\":115,\"caption\":\"RST-Steel Oy\"},\"image\":{\"@id\":\"https:\/\/com.rst-steel.eu\/#\/schema\/logo\/image\/\"},\"sameAs\":[\"https:\/\/www.facebook.com\/rststeel\",\"https:\/\/www.instagram.com\/rststeeloy\/\"]}]}<\/script>\n<!-- \/ Yoast SEO plugin. -->","yoast_head_json":{"title":"LED-Ty\u00f6valo Revon 40W\/3400lm, Massey Ferguson - RST-Steel","description":"Revon LED-arbetslampa (40W, 3400lm) ger stark, tillf\u00f6rlitlig belysning med en robust design som \u00e4r idealisk f\u00f6r olika arbetsmilj\u00f6er.","robots":{"index":"index","follow":"follow","max-snippet":"max-snippet:-1","max-image-preview":"max-image-preview:large","max-video-preview":"max-video-preview:-1"},"canonical":"https:\/\/com.rst-steel.eu\/sv\/produkt\/led-tyovalo-revon-40w-3400lm-massey-ferguson_pr_3654\/","og_locale":"sv_SE","og_type":"article","og_title":"LED-Ty\u00f6valo Revon 40W\/3400lm, Massey Ferguson - RST-Steel","og_description":"The Revon LED Work Light (40W, 3400lm) provides bright, reliable illumination with a robust design, ideal for various work environments.","og_url":"https:\/\/com.rst-steel.eu\/sv\/produkt\/led-tyovalo-revon-40w-3400lm-massey-ferguson_pr_3654\/","og_site_name":"RST-Steel","article_publisher":"https:\/\/www.facebook.com\/rststeel","article_modified_time":"2026-03-16T06:21:21+00:00","og_image":[{"width":608,"height":612,"url":"https:\/\/com.rst-steel.eu\/wp-content\/uploads\/2024\/08\/b07dc75e9a0a51da7c2ccf562610b9ba39fe5ebc_LedTyovaloRevon40W3200lm_58010030_f2361133ae055d2fbd4d287404b81900_1.jpg","type":"image\/jpeg"}],"twitter_card":"summary_large_image","twitter_misc":{"Ber\u00e4knad l\u00e4stid":"1 minut"},"schema":{"@context":"https:\/\/schema.org","@graph":[{"@type":"WebPage","@id":"https:\/\/com.rst-steel.eu\/product\/led-tyovalo-revon-40w-3400lm-massey-ferguson_pr_3654\/","url":"https:\/\/com.rst-steel.eu\/product\/led-tyovalo-revon-40w-3400lm-massey-ferguson_pr_3654\/","name":"LED-Ty\u00f6valo Revon 40W\/3400lm, Massey Ferguson - RST-Steel","isPartOf":{"@id":"https:\/\/com.rst-steel.eu\/#website"},"primaryImageOfPage":{"@id":"https:\/\/com.rst-steel.eu\/product\/led-tyovalo-revon-40w-3400lm-massey-ferguson_pr_3654\/#primaryimage"},"image":{"@id":"https:\/\/com.rst-steel.eu\/product\/led-tyovalo-revon-40w-3400lm-massey-ferguson_pr_3654\/#primaryimage"},"thumbnailUrl":"https:\/\/com.rst-steel.eu\/wp-content\/uploads\/2024\/08\/b07dc75e9a0a51da7c2ccf562610b9ba39fe5ebc_LedTyovaloRevon40W3200lm_58010030_f2361133ae055d2fbd4d287404b81900_1.jpg","datePublished":"2024-08-09T08:12:26+00:00","dateModified":"2026-03-16T06:21:21+00:00","description":"Revon LED-arbetslampa (40W, 3400lm) ger stark, tillf\u00f6rlitlig belysning med en robust design som \u00e4r idealisk f\u00f6r olika arbetsmilj\u00f6er.","breadcrumb":{"@id":"https:\/\/com.rst-steel.eu\/product\/led-tyovalo-revon-40w-3400lm-massey-ferguson_pr_3654\/#breadcrumb"},"inLanguage":"sv-SE","potentialAction":[{"@type":"ReadAction","target":["https:\/\/com.rst-steel.eu\/product\/led-tyovalo-revon-40w-3400lm-massey-ferguson_pr_3654\/"]}]},{"@type":"ImageObject","inLanguage":"sv-SE","@id":"https:\/\/com.rst-steel.eu\/product\/led-tyovalo-revon-40w-3400lm-massey-ferguson_pr_3654\/#primaryimage","url":"https:\/\/com.rst-steel.eu\/wp-content\/uploads\/2024\/08\/b07dc75e9a0a51da7c2ccf562610b9ba39fe5ebc_LedTyovaloRevon40W3200lm_58010030_f2361133ae055d2fbd4d287404b81900_1.jpg","contentUrl":"https:\/\/com.rst-steel.eu\/wp-content\/uploads\/2024\/08\/b07dc75e9a0a51da7c2ccf562610b9ba39fe5ebc_LedTyovaloRevon40W3200lm_58010030_f2361133ae055d2fbd4d287404b81900_1.jpg","width":608,"height":612,"caption":"Revon LED Work Light 40W\/3400lm"},{"@type":"BreadcrumbList","@id":"https:\/\/com.rst-steel.eu\/product\/led-tyovalo-revon-40w-3400lm-massey-ferguson_pr_3654\/#breadcrumb","itemListElement":[{"@type":"ListItem","position":1,"name":"Home","item":"https:\/\/com.rst-steel.eu\/"},{"@type":"ListItem","position":2,"name":"RST-Steel Shop","item":"https:\/\/com.rst-steel.eu\/shop\/"},{"@type":"ListItem","position":3,"name":"LED-Ty\u00f6valo Revon 40W\/3400lm, Massey Ferguson"}]},{"@type":"WebSite","@id":"https:\/\/com.rst-steel.eu\/#website","url":"https:\/\/com.rst-steel.eu\/","name":"RST-Stahl.com","description":"Finskt kvalitetsst\u00e5l, f\u00f6r kvalitetsmedvetna f\u00f6rare","publisher":{"@id":"https:\/\/com.rst-steel.eu\/#organization"},"alternateName":"Safe and stylish RST-Steel quality","potentialAction":[{"@type":"SearchAction","target":{"@type":"EntryPoint","urlTemplate":"https:\/\/com.rst-steel.eu\/?s={search_term_string}"},"query-input":{"@type":"PropertyValueSpecification","valueRequired":true,"valueName":"search_term_string"}}],"inLanguage":"sv-SE"},{"@type":"Organization","@id":"https:\/\/com.rst-steel.eu\/#organization","name":"RST-Steel Oy","url":"https:\/\/com.rst-steel.eu\/","logo":{"@type":"ImageObject","inLanguage":"sv-SE","@id":"https:\/\/com.rst-steel.eu\/#\/schema\/logo\/image\/","url":"https:\/\/com.rst-steel.eu\/wp-content\/uploads\/2023\/04\/cropped-Rst-logo-valkoinen-teksti-3.png","contentUrl":"https:\/\/com.rst-steel.eu\/wp-content\/uploads\/2023\/04\/cropped-Rst-logo-valkoinen-teksti-3.png","width":512,"height":115,"caption":"RST-Steel Oy"},"image":{"@id":"https:\/\/com.rst-steel.eu\/#\/schema\/logo\/image\/"},"sameAs":["https:\/\/www.facebook.com\/rststeel","https:\/\/www.instagram.com\/rststeeloy\/"]}]}},"brands":[{"id":8351,"name":"Revon","slug":"brand_revon"}],"_links":{"self":[{"href":"https:\/\/com.rst-steel.eu\/sv\/wp-json\/wp\/v2\/product\/45365","targetHints":{"allow":["GET"]}}],"collection":[{"href":"https:\/\/com.rst-steel.eu\/sv\/wp-json\/wp\/v2\/product"}],"about":[{"href":"https:\/\/com.rst-steel.eu\/sv\/wp-json\/wp\/v2\/types\/product"}],"replies":[{"embeddable":true,"href":"https:\/\/com.rst-steel.eu\/sv\/wp-json\/wp\/v2\/comments?post=45365"}],"version-history":[{"count":0,"href":"https:\/\/com.rst-steel.eu\/sv\/wp-json\/wp\/v2\/product\/45365\/revisions"}],"wp:featuredmedia":[{"embeddable":true,"href":"https:\/\/com.rst-steel.eu\/sv\/wp-json\/wp\/v2\/media\/45363"}],"wp:attachment":[{"href":"https:\/\/com.rst-steel.eu\/sv\/wp-json\/wp\/v2\/media?parent=45365"}],"wp:term":[{"taxonomy":"make_fuel_type","embeddable":true,"href":"https:\/\/com.rst-steel.eu\/sv\/wp-json\/wp\/v2\/make_fuel_type?post=45365"},{"taxonomy":"make_model","embeddable":true,"href":"https:\/\/com.rst-steel.eu\/sv\/wp-json\/wp\/v2\/make_model?post=45365"},{"taxonomy":"make_brand","embeddable":true,"href":"https:\/\/com.rst-steel.eu\/sv\/wp-json\/wp\/v2\/make_brand?post=45365"},{"taxonomy":"make_year","embeddable":true,"href":"https:\/\/com.rst-steel.eu\/sv\/wp-json\/wp\/v2\/make_year?post=45365"},{"taxonomy":"pwb-brand","embeddable":true,"href":"https:\/\/com.rst-steel.eu\/sv\/wp-json\/wp\/v2\/pwb-brand?post=45365"},{"taxonomy":"product_brand","embeddable":true,"href":"https:\/\/com.rst-steel.eu\/sv\/wp-json\/wp\/v2\/product_brand?post=45365"},{"taxonomy":"product_cat","embeddable":true,"href":"https:\/\/com.rst-steel.eu\/sv\/wp-json\/wp\/v2\/product_cat?post=45365"},{"taxonomy":"product_tag","embeddable":true,"href":"https:\/\/com.rst-steel.eu\/sv\/wp-json\/wp\/v2\/product_tag?post=45365"}],"curies":[{"name":"wp","href":"https:\/\/api.w.org\/{rel}","templated":true}]}}