{"id":43827,"date":"2024-06-27T14:10:43","date_gmt":"2024-06-27T11:10:43","guid":{"rendered":"https:\/\/rst-steel.com\/product\/frontsignled-man-tgx-xlx-cab-25x150cm_pr_79491\/"},"modified":"2026-03-16T09:16:55","modified_gmt":"2026-03-16T06:16:55","slug":"led-valokyltti-sri-frontsign-man-tgx-xlx-25x150cm_pr_79491","status":"publish","type":"product","link":"https:\/\/com.rst-steel.eu\/sv\/produkt\/led-valokyltti-sri-frontsign-man-tgx-xlx-25x150cm_pr_79491\/","title":{"rendered":"FrontSignLED MAN TGX \u2013 XLX Cab (25x150cm)"},"content":{"rendered":"<p>FrontSignLED MAN TGX \u2013 XLX Cab (25x150cm)<\/p>\n<p>&nbsp;<\/p>\n<p>Passar till nya MAN TGX-lastbilar med XLX-hytt.<\/p>\n<p>&nbsp;<\/p>\n<p>Denna mycket flexibla och b\u00f6jbara belysta LED-skylt har en tjocklek p\u00e5 8 mm. Den \u00e4r tillverkad av v\u00e4derbest\u00e4ndigt material, vilket garanterar en l\u00e5ng livsl\u00e4ngd. Skylten ger optimal ljusstyrka tack vare den patenterade LED-sockeln med SMD-dioder som sitter t\u00e4tt.<\/p>\n<p>&nbsp;<\/p>\n<p>Denna LED-skylt \u00e4r mycket energieffektiv, med en maximal str\u00f6mf\u00f6rbrukning p\u00e5 bara 15 watt. Den ger en mycket behaglig och j\u00e4mn ljusf\u00f6rdelning, och den producerar n\u00e4stan ingen v\u00e4rme, vilket bidrar till dess l\u00e5nga livsl\u00e4ngd!<\/p>\n<p>&nbsp;<\/p>\n<p><span style=\"font-weight: bold;\">Tekniska specifikationer<\/span><\/p>\n<ul>\n<li>H\u00f6jd: 25 cm<\/li>\n<li>Bredd: 150 cm<\/li>\n<li>Tjocklek: 8 mm<\/li>\n<li>Flexibel upplyst skylt<\/li>\n<li>Tillverkad av v\u00e4derbest\u00e4ndigt material<\/li>\n<li>Optimalt ljusutbyte tack vare v\u00e5r patenterade LED-sockel med t\u00e4tt placerade SMD-dioder<\/li>\n<li>Extremt fin och j\u00e4mn ljusf\u00f6rdelning<\/li>\n<li>L\u00e5g v\u00e4rmeutveckling - d\u00e4rf\u00f6r har v\u00e5ra produkter l\u00e5ng livsl\u00e4ngd<\/li>\n<li style=\"list-style-type: none;\"><\/li>\n<li>Enkel att installera<\/li>\n<li>Max. str\u00f6mf\u00f6rbrukning 15W<\/li>\n<\/ul>","protected":false},"excerpt":{"rendered":"<p>Passar till nya MAN TGX-lastbilar med XLX-hytt.<\/p>","protected":false},"featured_media":43826,"comment_status":"open","ping_status":"closed","template":"","meta":{"_improvement_type_select":"improve_an_existing","_thumb_yes_seoaic":false,"_frame_yes_seoaic":false,"seoaic_generate_description":"","seoaic_improve_instructions_prompt":"","seoaic_rollback_content_improvement":"","seoaic_idea_thumbnail_generator":"","thumbnail_generated":false,"thumbnail_generate_prompt":"","seoaic_article_description":""},"make_fuel_type":[],"make_model":[5664],"make_brand":[6641],"make_year":[3748],"pwb-brand":[8339],"product_brand":[],"product_cat":[7209,7211],"product_tag":[],"class_list":{"0":"post-43827","1":"product","2":"type-product","3":"status-publish","4":"has-post-thumbnail","6":"make_model-tgx-2021","7":"make_brand-man-truck","8":"make_year-trucks","9":"pwb-brand-brand_srisignsolution","10":"product_cat-cabin-outside","11":"product_cat-led-signs-for-trucks","13":"first","14":"onbackorder","15":"taxable","16":"shipping-taxable","17":"purchasable","18":"product-type-simple"},"yoast_head":"<!-- This site is optimized with the Yoast SEO plugin v25.7 - https:\/\/yoast.com\/wordpress\/plugins\/seo\/ -->\n<title>FrontSignLED MAN TGX - XLX Cab (25x150cm) - RST-Steel<\/title>\n<meta name=\"description\" content=\"FrontSignLED MAN TGX - XLX Cab. The sign offers optimal brightness thanks to the patented LED socket with closely spaced SMD diodes.\" \/>\n<meta name=\"robots\" content=\"index, follow, max-snippet:-1, max-image-preview:large, max-video-preview:-1\" \/>\n<link rel=\"canonical\" href=\"https:\/\/com.rst-steel.eu\/sv\/produkt\/led-valokyltti-sri-frontsign-man-tgx-xlx-25x150cm_pr_79491\/\" \/>\n<meta property=\"og:locale\" content=\"sv_SE\" \/>\n<meta property=\"og:type\" content=\"article\" \/>\n<meta property=\"og:title\" content=\"FrontSignLED MAN TGX - XLX Cab (25x150cm) - RST-Steel\" \/>\n<meta property=\"og:description\" content=\"FrontSignLED MAN TGX - XLX Cab. The sign offers optimal brightness thanks to the patented LED socket with closely spaced SMD diodes.\" \/>\n<meta property=\"og:url\" content=\"https:\/\/com.rst-steel.eu\/sv\/produkt\/led-valokyltti-sri-frontsign-man-tgx-xlx-25x150cm_pr_79491\/\" \/>\n<meta property=\"og:site_name\" content=\"RST-Steel\" \/>\n<meta property=\"article:publisher\" content=\"https:\/\/www.facebook.com\/rststeel\" \/>\n<meta property=\"article:modified_time\" content=\"2026-03-16T06:16:55+00:00\" \/>\n<meta property=\"og:image\" content=\"https:\/\/com.rst-steel.eu\/wp-content\/uploads\/2024\/06\/f4906a6cbc12eda7bbf2621d864b73fdf637ddc2_1122_0015.jpg\" \/>\n\t<meta property=\"og:image:width\" content=\"800\" \/>\n\t<meta property=\"og:image:height\" content=\"550\" \/>\n\t<meta property=\"og:image:type\" content=\"image\/jpeg\" \/>\n<meta name=\"twitter:card\" content=\"summary_large_image\" \/>\n<meta name=\"twitter:label1\" content=\"Ber\u00e4knad l\u00e4stid\" \/>\n\t<meta name=\"twitter:data1\" content=\"1 minut\" \/>\n<script type=\"application\/ld+json\" class=\"yoast-schema-graph\">{\"@context\":\"https:\/\/schema.org\",\"@graph\":[{\"@type\":\"WebPage\",\"@id\":\"https:\/\/com.rst-steel.eu\/nb\/produkt\/led-valokyltti-sri-frontsign-man-tgx-xlx-25x150cm_pr_79491\/\",\"url\":\"https:\/\/com.rst-steel.eu\/nb\/produkt\/led-valokyltti-sri-frontsign-man-tgx-xlx-25x150cm_pr_79491\/\",\"name\":\"FrontSignLED MAN TGX - XLX Cab (25x150cm) - RST-Steel\",\"isPartOf\":{\"@id\":\"https:\/\/com.rst-steel.eu\/#website\"},\"primaryImageOfPage\":{\"@id\":\"https:\/\/com.rst-steel.eu\/nb\/produkt\/led-valokyltti-sri-frontsign-man-tgx-xlx-25x150cm_pr_79491\/#primaryimage\"},\"image\":{\"@id\":\"https:\/\/com.rst-steel.eu\/nb\/produkt\/led-valokyltti-sri-frontsign-man-tgx-xlx-25x150cm_pr_79491\/#primaryimage\"},\"thumbnailUrl\":\"https:\/\/com.rst-steel.eu\/wp-content\/uploads\/2024\/06\/f4906a6cbc12eda7bbf2621d864b73fdf637ddc2_1122_0015.jpg\",\"datePublished\":\"2024-06-27T11:10:43+00:00\",\"dateModified\":\"2026-03-16T06:16:55+00:00\",\"description\":\"FrontSignLED MAN TGX - XLX Cab. The sign offers optimal brightness thanks to the patented LED socket with closely spaced SMD diodes.\",\"breadcrumb\":{\"@id\":\"https:\/\/com.rst-steel.eu\/nb\/produkt\/led-valokyltti-sri-frontsign-man-tgx-xlx-25x150cm_pr_79491\/#breadcrumb\"},\"inLanguage\":\"sv-SE\",\"potentialAction\":[{\"@type\":\"ReadAction\",\"target\":[\"https:\/\/com.rst-steel.eu\/nb\/produkt\/led-valokyltti-sri-frontsign-man-tgx-xlx-25x150cm_pr_79491\/\"]}]},{\"@type\":\"ImageObject\",\"inLanguage\":\"sv-SE\",\"@id\":\"https:\/\/com.rst-steel.eu\/nb\/produkt\/led-valokyltti-sri-frontsign-man-tgx-xlx-25x150cm_pr_79491\/#primaryimage\",\"url\":\"https:\/\/com.rst-steel.eu\/wp-content\/uploads\/2024\/06\/f4906a6cbc12eda7bbf2621d864b73fdf637ddc2_1122_0015.jpg\",\"contentUrl\":\"https:\/\/com.rst-steel.eu\/wp-content\/uploads\/2024\/06\/f4906a6cbc12eda7bbf2621d864b73fdf637ddc2_1122_0015.jpg\",\"width\":800,\"height\":550,\"caption\":\"FrontSignLED MAN TGX - XLX Cab (25x150cm)\"},{\"@type\":\"BreadcrumbList\",\"@id\":\"https:\/\/com.rst-steel.eu\/nb\/produkt\/led-valokyltti-sri-frontsign-man-tgx-xlx-25x150cm_pr_79491\/#breadcrumb\",\"itemListElement\":[{\"@type\":\"ListItem\",\"position\":1,\"name\":\"Home\",\"item\":\"https:\/\/com.rst-steel.eu\/\"},{\"@type\":\"ListItem\",\"position\":2,\"name\":\"RST-Steel Shop\",\"item\":\"https:\/\/com.rst-steel.eu\/shop\/\"},{\"@type\":\"ListItem\",\"position\":3,\"name\":\"FrontSignLED MAN TGX &#8211; XLX Cab (25x150cm)\"}]},{\"@type\":\"WebSite\",\"@id\":\"https:\/\/com.rst-steel.eu\/#website\",\"url\":\"https:\/\/com.rst-steel.eu\/\",\"name\":\"RST-Steel.com\",\"description\":\"Finnish quality steel, for quality-conscious drivers\",\"publisher\":{\"@id\":\"https:\/\/com.rst-steel.eu\/#organization\"},\"alternateName\":\"Safe and stylish RST-Steel quality\",\"potentialAction\":[{\"@type\":\"SearchAction\",\"target\":{\"@type\":\"EntryPoint\",\"urlTemplate\":\"https:\/\/com.rst-steel.eu\/?s={search_term_string}\"},\"query-input\":{\"@type\":\"PropertyValueSpecification\",\"valueRequired\":true,\"valueName\":\"search_term_string\"}}],\"inLanguage\":\"sv-SE\"},{\"@type\":\"Organization\",\"@id\":\"https:\/\/com.rst-steel.eu\/#organization\",\"name\":\"RST-Steel Oy\",\"url\":\"https:\/\/com.rst-steel.eu\/\",\"logo\":{\"@type\":\"ImageObject\",\"inLanguage\":\"sv-SE\",\"@id\":\"https:\/\/com.rst-steel.eu\/#\/schema\/logo\/image\/\",\"url\":\"https:\/\/com.rst-steel.eu\/wp-content\/uploads\/2023\/04\/cropped-Rst-logo-valkoinen-teksti-3.png\",\"contentUrl\":\"https:\/\/com.rst-steel.eu\/wp-content\/uploads\/2023\/04\/cropped-Rst-logo-valkoinen-teksti-3.png\",\"width\":512,\"height\":115,\"caption\":\"RST-Steel Oy\"},\"image\":{\"@id\":\"https:\/\/com.rst-steel.eu\/#\/schema\/logo\/image\/\"},\"sameAs\":[\"https:\/\/www.facebook.com\/rststeel\",\"https:\/\/www.instagram.com\/rststeeloy\/\"]}]}<\/script>\n<!-- \/ Yoast SEO plugin. -->","yoast_head_json":{"title":"FrontSignLED MAN TGX - XLX hytt (25x150cm) - RST-Steel","description":"FrontSignLED MAN TGX - XLX Cab. Skylten har optimal ljusstyrka tack vare den patenterade LED-sockeln med SMD-dioder som sitter t\u00e4tt.","robots":{"index":"index","follow":"follow","max-snippet":"max-snippet:-1","max-image-preview":"max-image-preview:large","max-video-preview":"max-video-preview:-1"},"canonical":"https:\/\/com.rst-steel.eu\/sv\/produkt\/led-valokyltti-sri-frontsign-man-tgx-xlx-25x150cm_pr_79491\/","og_locale":"sv_SE","og_type":"article","og_title":"FrontSignLED MAN TGX - XLX Cab (25x150cm) - RST-Steel","og_description":"FrontSignLED MAN TGX - XLX Cab. The sign offers optimal brightness thanks to the patented LED socket with closely spaced SMD diodes.","og_url":"https:\/\/com.rst-steel.eu\/sv\/produkt\/led-valokyltti-sri-frontsign-man-tgx-xlx-25x150cm_pr_79491\/","og_site_name":"RST-Steel","article_publisher":"https:\/\/www.facebook.com\/rststeel","article_modified_time":"2026-03-16T06:16:55+00:00","og_image":[{"width":800,"height":550,"url":"https:\/\/com.rst-steel.eu\/wp-content\/uploads\/2024\/06\/f4906a6cbc12eda7bbf2621d864b73fdf637ddc2_1122_0015.jpg","type":"image\/jpeg"}],"twitter_card":"summary_large_image","twitter_misc":{"Ber\u00e4knad l\u00e4stid":"1 minut"},"schema":{"@context":"https:\/\/schema.org","@graph":[{"@type":"WebPage","@id":"https:\/\/com.rst-steel.eu\/nb\/produkt\/led-valokyltti-sri-frontsign-man-tgx-xlx-25x150cm_pr_79491\/","url":"https:\/\/com.rst-steel.eu\/nb\/produkt\/led-valokyltti-sri-frontsign-man-tgx-xlx-25x150cm_pr_79491\/","name":"FrontSignLED MAN TGX - XLX hytt (25x150cm) - RST-Steel","isPartOf":{"@id":"https:\/\/com.rst-steel.eu\/#website"},"primaryImageOfPage":{"@id":"https:\/\/com.rst-steel.eu\/nb\/produkt\/led-valokyltti-sri-frontsign-man-tgx-xlx-25x150cm_pr_79491\/#primaryimage"},"image":{"@id":"https:\/\/com.rst-steel.eu\/nb\/produkt\/led-valokyltti-sri-frontsign-man-tgx-xlx-25x150cm_pr_79491\/#primaryimage"},"thumbnailUrl":"https:\/\/com.rst-steel.eu\/wp-content\/uploads\/2024\/06\/f4906a6cbc12eda7bbf2621d864b73fdf637ddc2_1122_0015.jpg","datePublished":"2024-06-27T11:10:43+00:00","dateModified":"2026-03-16T06:16:55+00:00","description":"FrontSignLED MAN TGX - XLX Cab. Skylten har optimal ljusstyrka tack vare den patenterade LED-sockeln med SMD-dioder som sitter t\u00e4tt.","breadcrumb":{"@id":"https:\/\/com.rst-steel.eu\/nb\/produkt\/led-valokyltti-sri-frontsign-man-tgx-xlx-25x150cm_pr_79491\/#breadcrumb"},"inLanguage":"sv-SE","potentialAction":[{"@type":"ReadAction","target":["https:\/\/com.rst-steel.eu\/nb\/produkt\/led-valokyltti-sri-frontsign-man-tgx-xlx-25x150cm_pr_79491\/"]}]},{"@type":"ImageObject","inLanguage":"sv-SE","@id":"https:\/\/com.rst-steel.eu\/nb\/produkt\/led-valokyltti-sri-frontsign-man-tgx-xlx-25x150cm_pr_79491\/#primaryimage","url":"https:\/\/com.rst-steel.eu\/wp-content\/uploads\/2024\/06\/f4906a6cbc12eda7bbf2621d864b73fdf637ddc2_1122_0015.jpg","contentUrl":"https:\/\/com.rst-steel.eu\/wp-content\/uploads\/2024\/06\/f4906a6cbc12eda7bbf2621d864b73fdf637ddc2_1122_0015.jpg","width":800,"height":550,"caption":"FrontSignLED MAN TGX - XLX Cab (25x150cm)"},{"@type":"BreadcrumbList","@id":"https:\/\/com.rst-steel.eu\/nb\/produkt\/led-valokyltti-sri-frontsign-man-tgx-xlx-25x150cm_pr_79491\/#breadcrumb","itemListElement":[{"@type":"ListItem","position":1,"name":"Home","item":"https:\/\/com.rst-steel.eu\/"},{"@type":"ListItem","position":2,"name":"RST-Steel Shop","item":"https:\/\/com.rst-steel.eu\/shop\/"},{"@type":"ListItem","position":3,"name":"FrontSignLED MAN TGX &#8211; XLX Cab (25x150cm)"}]},{"@type":"WebSite","@id":"https:\/\/com.rst-steel.eu\/#website","url":"https:\/\/com.rst-steel.eu\/","name":"RST-Stahl.com","description":"Finskt kvalitetsst\u00e5l, f\u00f6r kvalitetsmedvetna f\u00f6rare","publisher":{"@id":"https:\/\/com.rst-steel.eu\/#organization"},"alternateName":"Safe and stylish RST-Steel quality","potentialAction":[{"@type":"SearchAction","target":{"@type":"EntryPoint","urlTemplate":"https:\/\/com.rst-steel.eu\/?s={search_term_string}"},"query-input":{"@type":"PropertyValueSpecification","valueRequired":true,"valueName":"search_term_string"}}],"inLanguage":"sv-SE"},{"@type":"Organization","@id":"https:\/\/com.rst-steel.eu\/#organization","name":"RST-Steel Oy","url":"https:\/\/com.rst-steel.eu\/","logo":{"@type":"ImageObject","inLanguage":"sv-SE","@id":"https:\/\/com.rst-steel.eu\/#\/schema\/logo\/image\/","url":"https:\/\/com.rst-steel.eu\/wp-content\/uploads\/2023\/04\/cropped-Rst-logo-valkoinen-teksti-3.png","contentUrl":"https:\/\/com.rst-steel.eu\/wp-content\/uploads\/2023\/04\/cropped-Rst-logo-valkoinen-teksti-3.png","width":512,"height":115,"caption":"RST-Steel Oy"},"image":{"@id":"https:\/\/com.rst-steel.eu\/#\/schema\/logo\/image\/"},"sameAs":["https:\/\/www.facebook.com\/rststeel","https:\/\/www.instagram.com\/rststeeloy\/"]}]}},"brands":[{"id":8339,"name":"SRI Sign Solution","slug":"brand_srisignsolution"}],"_links":{"self":[{"href":"https:\/\/com.rst-steel.eu\/sv\/wp-json\/wp\/v2\/product\/43827","targetHints":{"allow":["GET"]}}],"collection":[{"href":"https:\/\/com.rst-steel.eu\/sv\/wp-json\/wp\/v2\/product"}],"about":[{"href":"https:\/\/com.rst-steel.eu\/sv\/wp-json\/wp\/v2\/types\/product"}],"replies":[{"embeddable":true,"href":"https:\/\/com.rst-steel.eu\/sv\/wp-json\/wp\/v2\/comments?post=43827"}],"version-history":[{"count":0,"href":"https:\/\/com.rst-steel.eu\/sv\/wp-json\/wp\/v2\/product\/43827\/revisions"}],"wp:featuredmedia":[{"embeddable":true,"href":"https:\/\/com.rst-steel.eu\/sv\/wp-json\/wp\/v2\/media\/43826"}],"wp:attachment":[{"href":"https:\/\/com.rst-steel.eu\/sv\/wp-json\/wp\/v2\/media?parent=43827"}],"wp:term":[{"taxonomy":"make_fuel_type","embeddable":true,"href":"https:\/\/com.rst-steel.eu\/sv\/wp-json\/wp\/v2\/make_fuel_type?post=43827"},{"taxonomy":"make_model","embeddable":true,"href":"https:\/\/com.rst-steel.eu\/sv\/wp-json\/wp\/v2\/make_model?post=43827"},{"taxonomy":"make_brand","embeddable":true,"href":"https:\/\/com.rst-steel.eu\/sv\/wp-json\/wp\/v2\/make_brand?post=43827"},{"taxonomy":"make_year","embeddable":true,"href":"https:\/\/com.rst-steel.eu\/sv\/wp-json\/wp\/v2\/make_year?post=43827"},{"taxonomy":"pwb-brand","embeddable":true,"href":"https:\/\/com.rst-steel.eu\/sv\/wp-json\/wp\/v2\/pwb-brand?post=43827"},{"taxonomy":"product_brand","embeddable":true,"href":"https:\/\/com.rst-steel.eu\/sv\/wp-json\/wp\/v2\/product_brand?post=43827"},{"taxonomy":"product_cat","embeddable":true,"href":"https:\/\/com.rst-steel.eu\/sv\/wp-json\/wp\/v2\/product_cat?post=43827"},{"taxonomy":"product_tag","embeddable":true,"href":"https:\/\/com.rst-steel.eu\/sv\/wp-json\/wp\/v2\/product_tag?post=43827"}],"curies":[{"name":"wp","href":"https:\/\/api.w.org\/{rel}","templated":true}]}}