{"id":42671,"date":"2024-03-11T15:01:28","date_gmt":"2024-03-11T12:01:28","guid":{"rendered":"https:\/\/rst-steel.com\/product\/roof-bar-scania-2005-2016-cr19n-normal-cab_prm_68040\/"},"modified":"2026-03-16T09:13:30","modified_gmt":"2026-03-16T06:13:30","slug":"roof-bar-scania-2005-2016-cr19n-normal-cab_prm_68040","status":"publish","type":"product","link":"https:\/\/com.rst-steel.eu\/sv\/produkt\/roof-bar-scania-2005-2016-cr19n-normal-cab_prm_68040\/","title":{"rendered":"Roof bar Basic V53 Scania 4\/R Normal"},"content":{"rendered":"<div><strong>Roof bar Basic V53 Scania 4\/R Normal<\/strong><\/div>\n<div><\/div>\n<ul>\n<li><\/li>\n<\/ul>\n<div>RST-Steels takr\u00e4cken \u00e4r h\u00f6gkvalitativa produkter tillverkade av rostfritt st\u00e5l.<\/div>\n<div><\/div>\n<div>Ger bilen ett snyggt och elegant utseende, den drar ocks\u00e5 blickarna till sig och kan v\u00e4cka j\u00e4rnfeber, vilket g\u00f6r att du och ditt f\u00f6retag sticker ut. Takb\u00e5garna kan utrustas med extraljus och positionsljus, vilket f\u00f6rb\u00e4ttrar din synlighet i trafiken och samtidigt \u00f6kar s\u00e4kerheten f\u00f6r dig sj\u00e4lv och andra i trafiken.<\/div>\n<ul>\n<li><\/li>\n<\/ul>\n<div><span style=\"font-weight: bold;\">Notera<\/span>! Inf\u00e4stning utan borrning av h\u00e5l<\/div>\n<ul>\n<li><\/li>\n<\/ul>\n<div>St\u00e5ngen kan utrustas med: 3st Lazer Triple-R 1000 eller 6st 9'' Lazer Sentinel<\/div>\n<ul>\n<li><\/li>\n<\/ul>\n<div><span style=\"font-weight: bold;\">Teknisk information:<\/span><\/div>\n<ul>\n<li>F\u00e4rg: Polerat rostfritt st\u00e5l eller pulverlackerat med RAL-f\u00e4rgkod<\/li>\n<li>R\u00f6rdiameter: 76 mm<\/li>\n<li>Svetsade lampf\u00e4sten 6st<\/li>\n<li><\/li>\n<\/ul>\n<div><span style=\"font-weight: bold;\">Leveransinneh\u00e5ll:<\/span><\/div>\n<ul>\n<li>Roof bar Basic V53 Scania<\/li>\n<li>Monteringsf\u00e4sten som beh\u00f6vs f\u00f6r installation<\/li>\n<li>Instruktioner f\u00f6r installation<\/li>\n<\/ul>","protected":false},"excerpt":{"rendered":"<p>Flera modellalternativ tillg\u00e4ngliga!<\/p>","protected":false},"featured_media":121603,"comment_status":"open","ping_status":"closed","template":"","meta":{"_improvement_type_select":"improve_an_existing","_thumb_yes_seoaic":false,"_frame_yes_seoaic":false,"seoaic_generate_description":"","seoaic_improve_instructions_prompt":"","seoaic_rollback_content_improvement":"","seoaic_idea_thumbnail_generator":"","thumbnail_generated":false,"thumbnail_generate_prompt":"","seoaic_article_description":""},"make_fuel_type":[],"make_model":[5293,6872],"make_brand":[3744],"make_year":[3748],"pwb-brand":[8334],"product_brand":[],"product_cat":[6057,6058],"product_tag":[8488,7549],"class_list":{"0":"post-42671","1":"product","2":"type-product","3":"status-publish","4":"has-post-thumbnail","6":"make_engine-normalcab","7":"make_model-scania-2005-2016","8":"make_model-scania-streamline","9":"make_brand-scania","10":"make_year-trucks","11":"pwb-brand-brand_rststeel","12":"product_cat-lightbars","13":"product_cat-roofbars-for-trucks","14":"product_tag-scania","15":"product_tag-takbage","16":"product_shipping_class-lightbars","18":"first","19":"onbackorder","20":"taxable","21":"shipping-taxable","22":"purchasable","23":"product-type-variable"},"yoast_head":"<!-- This site is optimized with the Yoast SEO plugin v25.7 - https:\/\/yoast.com\/wordpress\/plugins\/seo\/ -->\n<title>Roof bar Basic V53 Scania 4\/R Normal - RST-Steel<\/title>\n<meta name=\"description\" content=\"Roof bar Basic V53 for Scania 4\/R Normal. Durable, easy-to-install auxiliary light bracket designed for secure mounting and optimal fit.\" \/>\n<meta name=\"robots\" content=\"index, follow, max-snippet:-1, max-image-preview:large, max-video-preview:-1\" \/>\n<link rel=\"canonical\" href=\"https:\/\/com.rst-steel.eu\/sv\/produkt\/roof-bar-scania-2005-2016-cr19n-normal-cab_prm_68040\/\" \/>\n<meta property=\"og:locale\" content=\"sv_SE\" \/>\n<meta property=\"og:type\" content=\"article\" \/>\n<meta property=\"og:title\" content=\"Roof bar Basic V53 Scania 4\/R Normal - RST-Steel\" \/>\n<meta property=\"og:description\" content=\"Roof bar Basic V53 for Scania 4\/R Normal. Durable, easy-to-install auxiliary light bracket designed for secure mounting and optimal fit.\" \/>\n<meta property=\"og:url\" content=\"https:\/\/com.rst-steel.eu\/sv\/produkt\/roof-bar-scania-2005-2016-cr19n-normal-cab_prm_68040\/\" \/>\n<meta property=\"og:site_name\" content=\"RST-Steel\" \/>\n<meta property=\"article:publisher\" content=\"https:\/\/www.facebook.com\/rststeel\" \/>\n<meta property=\"article:modified_time\" content=\"2026-03-16T06:13:30+00:00\" \/>\n<meta property=\"og:image\" content=\"https:\/\/com.rst-steel.eu\/wp-content\/uploads\/2024\/03\/200589_web1.jpeg\" \/>\n\t<meta property=\"og:image:width\" content=\"1152\" \/>\n\t<meta property=\"og:image:height\" content=\"1500\" \/>\n\t<meta property=\"og:image:type\" content=\"image\/jpeg\" \/>\n<meta name=\"twitter:card\" content=\"summary_large_image\" \/>\n<meta name=\"twitter:label1\" content=\"Ber\u00e4knad l\u00e4stid\" \/>\n\t<meta name=\"twitter:data1\" content=\"1 minut\" \/>\n<script type=\"application\/ld+json\" class=\"yoast-schema-graph\">{\"@context\":\"https:\/\/schema.org\",\"@graph\":[{\"@type\":\"WebPage\",\"@id\":\"https:\/\/com.rst-steel.eu\/product\/roof-bar-scania-2005-2016-cr19n-normal-cab_prm_68040\/\",\"url\":\"https:\/\/com.rst-steel.eu\/product\/roof-bar-scania-2005-2016-cr19n-normal-cab_prm_68040\/\",\"name\":\"Roof bar Basic V53 Scania 4\/R Normal - RST-Steel\",\"isPartOf\":{\"@id\":\"https:\/\/com.rst-steel.eu\/#website\"},\"primaryImageOfPage\":{\"@id\":\"https:\/\/com.rst-steel.eu\/product\/roof-bar-scania-2005-2016-cr19n-normal-cab_prm_68040\/#primaryimage\"},\"image\":{\"@id\":\"https:\/\/com.rst-steel.eu\/product\/roof-bar-scania-2005-2016-cr19n-normal-cab_prm_68040\/#primaryimage\"},\"thumbnailUrl\":\"https:\/\/com.rst-steel.eu\/wp-content\/uploads\/2024\/03\/200589_web1.jpeg\",\"datePublished\":\"2024-03-11T12:01:28+00:00\",\"dateModified\":\"2026-03-16T06:13:30+00:00\",\"description\":\"Roof bar Basic V53 for Scania 4\/R Normal. Durable, easy-to-install auxiliary light bracket designed for secure mounting and optimal fit.\",\"breadcrumb\":{\"@id\":\"https:\/\/com.rst-steel.eu\/product\/roof-bar-scania-2005-2016-cr19n-normal-cab_prm_68040\/#breadcrumb\"},\"inLanguage\":\"sv-SE\",\"potentialAction\":[{\"@type\":\"ReadAction\",\"target\":[\"https:\/\/com.rst-steel.eu\/product\/roof-bar-scania-2005-2016-cr19n-normal-cab_prm_68040\/\"]}]},{\"@type\":\"ImageObject\",\"inLanguage\":\"sv-SE\",\"@id\":\"https:\/\/com.rst-steel.eu\/product\/roof-bar-scania-2005-2016-cr19n-normal-cab_prm_68040\/#primaryimage\",\"url\":\"https:\/\/com.rst-steel.eu\/wp-content\/uploads\/2024\/03\/200589_web1.jpeg\",\"contentUrl\":\"https:\/\/com.rst-steel.eu\/wp-content\/uploads\/2024\/03\/200589_web1.jpeg\",\"width\":1152,\"height\":1500,\"caption\":\"Roof bar Basic V53 Scania 4\/R Normal\"},{\"@type\":\"BreadcrumbList\",\"@id\":\"https:\/\/com.rst-steel.eu\/product\/roof-bar-scania-2005-2016-cr19n-normal-cab_prm_68040\/#breadcrumb\",\"itemListElement\":[{\"@type\":\"ListItem\",\"position\":1,\"name\":\"Home\",\"item\":\"https:\/\/com.rst-steel.eu\/\"},{\"@type\":\"ListItem\",\"position\":2,\"name\":\"RST-Steel Shop\",\"item\":\"https:\/\/com.rst-steel.eu\/shop\/\"},{\"@type\":\"ListItem\",\"position\":3,\"name\":\"Roof bar Basic V53 Scania 4\/R Normal\"}]},{\"@type\":\"WebSite\",\"@id\":\"https:\/\/com.rst-steel.eu\/#website\",\"url\":\"https:\/\/com.rst-steel.eu\/\",\"name\":\"RST-Steel.com\",\"description\":\"Finnish quality steel, for quality-conscious drivers\",\"publisher\":{\"@id\":\"https:\/\/com.rst-steel.eu\/#organization\"},\"alternateName\":\"Safe and stylish RST-Steel quality\",\"potentialAction\":[{\"@type\":\"SearchAction\",\"target\":{\"@type\":\"EntryPoint\",\"urlTemplate\":\"https:\/\/com.rst-steel.eu\/?s={search_term_string}\"},\"query-input\":{\"@type\":\"PropertyValueSpecification\",\"valueRequired\":true,\"valueName\":\"search_term_string\"}}],\"inLanguage\":\"sv-SE\"},{\"@type\":\"Organization\",\"@id\":\"https:\/\/com.rst-steel.eu\/#organization\",\"name\":\"RST-Steel Oy\",\"url\":\"https:\/\/com.rst-steel.eu\/\",\"logo\":{\"@type\":\"ImageObject\",\"inLanguage\":\"sv-SE\",\"@id\":\"https:\/\/com.rst-steel.eu\/#\/schema\/logo\/image\/\",\"url\":\"https:\/\/com.rst-steel.eu\/wp-content\/uploads\/2023\/04\/cropped-Rst-logo-valkoinen-teksti-3.png\",\"contentUrl\":\"https:\/\/com.rst-steel.eu\/wp-content\/uploads\/2023\/04\/cropped-Rst-logo-valkoinen-teksti-3.png\",\"width\":512,\"height\":115,\"caption\":\"RST-Steel Oy\"},\"image\":{\"@id\":\"https:\/\/com.rst-steel.eu\/#\/schema\/logo\/image\/\"},\"sameAs\":[\"https:\/\/www.facebook.com\/rststeel\",\"https:\/\/www.instagram.com\/rststeeloy\/\"]}]}<\/script>\n<!-- \/ Yoast SEO plugin. -->","yoast_head_json":{"title":"Roof bar Basic V53 Scania 4\/R Normal - RST-Steel","description":"Roof bar Basic V53 for Scania 4\/R Normal. Durable, easy-to-install auxiliary light bracket designed for secure mounting and optimal fit.","robots":{"index":"index","follow":"follow","max-snippet":"max-snippet:-1","max-image-preview":"max-image-preview:large","max-video-preview":"max-video-preview:-1"},"canonical":"https:\/\/com.rst-steel.eu\/sv\/produkt\/roof-bar-scania-2005-2016-cr19n-normal-cab_prm_68040\/","og_locale":"sv_SE","og_type":"article","og_title":"Roof bar Basic V53 Scania 4\/R Normal - RST-Steel","og_description":"Roof bar Basic V53 for Scania 4\/R Normal. Durable, easy-to-install auxiliary light bracket designed for secure mounting and optimal fit.","og_url":"https:\/\/com.rst-steel.eu\/sv\/produkt\/roof-bar-scania-2005-2016-cr19n-normal-cab_prm_68040\/","og_site_name":"RST-Steel","article_publisher":"https:\/\/www.facebook.com\/rststeel","article_modified_time":"2026-03-16T06:13:30+00:00","og_image":[{"width":1152,"height":1500,"url":"https:\/\/com.rst-steel.eu\/wp-content\/uploads\/2024\/03\/200589_web1.jpeg","type":"image\/jpeg"}],"twitter_card":"summary_large_image","twitter_misc":{"Ber\u00e4knad l\u00e4stid":"1 minut"},"schema":{"@context":"https:\/\/schema.org","@graph":[{"@type":"WebPage","@id":"https:\/\/com.rst-steel.eu\/product\/roof-bar-scania-2005-2016-cr19n-normal-cab_prm_68040\/","url":"https:\/\/com.rst-steel.eu\/product\/roof-bar-scania-2005-2016-cr19n-normal-cab_prm_68040\/","name":"Roof bar Basic V53 Scania 4\/R Normal - RST-Steel","isPartOf":{"@id":"https:\/\/com.rst-steel.eu\/#website"},"primaryImageOfPage":{"@id":"https:\/\/com.rst-steel.eu\/product\/roof-bar-scania-2005-2016-cr19n-normal-cab_prm_68040\/#primaryimage"},"image":{"@id":"https:\/\/com.rst-steel.eu\/product\/roof-bar-scania-2005-2016-cr19n-normal-cab_prm_68040\/#primaryimage"},"thumbnailUrl":"https:\/\/com.rst-steel.eu\/wp-content\/uploads\/2024\/03\/200589_web1.jpeg","datePublished":"2024-03-11T12:01:28+00:00","dateModified":"2026-03-16T06:13:30+00:00","description":"Roof bar Basic V53 for Scania 4\/R Normal. Durable, easy-to-install auxiliary light bracket designed for secure mounting and optimal fit.","breadcrumb":{"@id":"https:\/\/com.rst-steel.eu\/product\/roof-bar-scania-2005-2016-cr19n-normal-cab_prm_68040\/#breadcrumb"},"inLanguage":"sv-SE","potentialAction":[{"@type":"ReadAction","target":["https:\/\/com.rst-steel.eu\/product\/roof-bar-scania-2005-2016-cr19n-normal-cab_prm_68040\/"]}]},{"@type":"ImageObject","inLanguage":"sv-SE","@id":"https:\/\/com.rst-steel.eu\/product\/roof-bar-scania-2005-2016-cr19n-normal-cab_prm_68040\/#primaryimage","url":"https:\/\/com.rst-steel.eu\/wp-content\/uploads\/2024\/03\/200589_web1.jpeg","contentUrl":"https:\/\/com.rst-steel.eu\/wp-content\/uploads\/2024\/03\/200589_web1.jpeg","width":1152,"height":1500,"caption":"Roof bar Basic V53 Scania 4\/R Normal"},{"@type":"BreadcrumbList","@id":"https:\/\/com.rst-steel.eu\/product\/roof-bar-scania-2005-2016-cr19n-normal-cab_prm_68040\/#breadcrumb","itemListElement":[{"@type":"ListItem","position":1,"name":"Home","item":"https:\/\/com.rst-steel.eu\/"},{"@type":"ListItem","position":2,"name":"RST-Steel Shop","item":"https:\/\/com.rst-steel.eu\/shop\/"},{"@type":"ListItem","position":3,"name":"Roof bar Basic V53 Scania 4\/R Normal"}]},{"@type":"WebSite","@id":"https:\/\/com.rst-steel.eu\/#website","url":"https:\/\/com.rst-steel.eu\/","name":"RST-Stahl.com","description":"Finskt kvalitetsst\u00e5l, f\u00f6r kvalitetsmedvetna f\u00f6rare","publisher":{"@id":"https:\/\/com.rst-steel.eu\/#organization"},"alternateName":"Safe and stylish RST-Steel quality","potentialAction":[{"@type":"SearchAction","target":{"@type":"EntryPoint","urlTemplate":"https:\/\/com.rst-steel.eu\/?s={search_term_string}"},"query-input":{"@type":"PropertyValueSpecification","valueRequired":true,"valueName":"search_term_string"}}],"inLanguage":"sv-SE"},{"@type":"Organization","@id":"https:\/\/com.rst-steel.eu\/#organization","name":"RST-Steel Oy","url":"https:\/\/com.rst-steel.eu\/","logo":{"@type":"ImageObject","inLanguage":"sv-SE","@id":"https:\/\/com.rst-steel.eu\/#\/schema\/logo\/image\/","url":"https:\/\/com.rst-steel.eu\/wp-content\/uploads\/2023\/04\/cropped-Rst-logo-valkoinen-teksti-3.png","contentUrl":"https:\/\/com.rst-steel.eu\/wp-content\/uploads\/2023\/04\/cropped-Rst-logo-valkoinen-teksti-3.png","width":512,"height":115,"caption":"RST-Steel Oy"},"image":{"@id":"https:\/\/com.rst-steel.eu\/#\/schema\/logo\/image\/"},"sameAs":["https:\/\/www.facebook.com\/rststeel","https:\/\/www.instagram.com\/rststeeloy\/"]}]}},"brands":[{"id":8334,"name":"RST-Steel","slug":"brand_rststeel"}],"_links":{"self":[{"href":"https:\/\/com.rst-steel.eu\/sv\/wp-json\/wp\/v2\/product\/42671","targetHints":{"allow":["GET"]}}],"collection":[{"href":"https:\/\/com.rst-steel.eu\/sv\/wp-json\/wp\/v2\/product"}],"about":[{"href":"https:\/\/com.rst-steel.eu\/sv\/wp-json\/wp\/v2\/types\/product"}],"replies":[{"embeddable":true,"href":"https:\/\/com.rst-steel.eu\/sv\/wp-json\/wp\/v2\/comments?post=42671"}],"version-history":[{"count":0,"href":"https:\/\/com.rst-steel.eu\/sv\/wp-json\/wp\/v2\/product\/42671\/revisions"}],"wp:featuredmedia":[{"embeddable":true,"href":"https:\/\/com.rst-steel.eu\/sv\/wp-json\/wp\/v2\/media\/121603"}],"wp:attachment":[{"href":"https:\/\/com.rst-steel.eu\/sv\/wp-json\/wp\/v2\/media?parent=42671"}],"wp:term":[{"taxonomy":"make_fuel_type","embeddable":true,"href":"https:\/\/com.rst-steel.eu\/sv\/wp-json\/wp\/v2\/make_fuel_type?post=42671"},{"taxonomy":"make_model","embeddable":true,"href":"https:\/\/com.rst-steel.eu\/sv\/wp-json\/wp\/v2\/make_model?post=42671"},{"taxonomy":"make_brand","embeddable":true,"href":"https:\/\/com.rst-steel.eu\/sv\/wp-json\/wp\/v2\/make_brand?post=42671"},{"taxonomy":"make_year","embeddable":true,"href":"https:\/\/com.rst-steel.eu\/sv\/wp-json\/wp\/v2\/make_year?post=42671"},{"taxonomy":"pwb-brand","embeddable":true,"href":"https:\/\/com.rst-steel.eu\/sv\/wp-json\/wp\/v2\/pwb-brand?post=42671"},{"taxonomy":"product_brand","embeddable":true,"href":"https:\/\/com.rst-steel.eu\/sv\/wp-json\/wp\/v2\/product_brand?post=42671"},{"taxonomy":"product_cat","embeddable":true,"href":"https:\/\/com.rst-steel.eu\/sv\/wp-json\/wp\/v2\/product_cat?post=42671"},{"taxonomy":"product_tag","embeddable":true,"href":"https:\/\/com.rst-steel.eu\/sv\/wp-json\/wp\/v2\/product_tag?post=42671"}],"curies":[{"name":"wp","href":"https:\/\/api.w.org\/{rel}","templated":true}]}}