{"id":42637,"date":"2024-03-11T14:36:36","date_gmt":"2024-03-11T11:36:36","guid":{"rendered":"https:\/\/rst-steel.com\/product\/bull-bar-dakar-scania-nextgen-2017-_prm_9850\/"},"modified":"2026-03-16T09:16:30","modified_gmt":"2026-03-16T06:16:30","slug":"scania-nextgen-r-s-bull-bar-dakar-v32-legalpro_prm_9850","status":"publish","type":"product","link":"https:\/\/com.rst-steel.eu\/sv\/produkt\/scania-nextgen-r-s-bull-bar-dakar-v32-legalpro_prm_9850\/","title":{"rendered":"Scania NextGen R\/S Bull Bar Dakar V32 (LegalPro)"},"content":{"rendered":"<p><span style=\"font-weight: bold\">Funktioner<\/span><\/p>\n<ul>\n<li><span style=\"font-weight: bold\">Kompatibilitet<\/span>: Fits Scania NextGen R\/S models from 2017 onwards.<\/li>\n<li><span style=\"font-weight: bold\">H\u00e5llbarhet<\/span>: Manufactured from high-quality stainless steel designed to withstand even the toughest conditions.<\/li>\n<li><span style=\"font-weight: bold\">Easy installation<\/span>: Includes installation instructions and mounting hardware, allowing you to install the bullbar yourself.<\/li>\n<li><span style=\"font-weight: bold\">Stylish appearance:<\/span>&nbsp;This bull bar gives your vehicle a modern and dynamic look. Its sleek design and polished or painted steel finish make your truck stand out on the road.<\/li>\n<li><span style=\"font-weight: bold\">Maximum protection:<\/span>&nbsp;The bull bar provides effective protection for the front of your vehicle, helping to prevent damage in collisions. This reduces the risk of costly repairs and keeps your truck in better condition for longer.<\/li>\n<li>&nbsp;<\/li>\n<\/ul>\n<p><span style=\"font-weight: bold\">Notera<\/span>! bilen kan bogseras \u00e4ven om viltf\u00e5ngaren sitter p\u00e5 plats.<\/p>\n<ul>\n<li>&nbsp;<\/li>\n<\/ul>\n<p><span style=\"font-weight: bold\">Obs! I- och J-modellerna \u00e4r godk\u00e4nda f\u00f6r anv\u00e4ndning i hela Europa och i m\u00e5nga andra l\u00e4nder, s\u00e5som Norge!<\/span><\/p>\n<ul>\n<li>Swedish Transport Agency TSFS 2017:10<\/li>\n<li>EU Directive 92\/114\/EEC<\/li>\n<li>ECE Regulation No. 61<\/li>\n<li>&nbsp;<\/li>\n<\/ul>\n<p>Baserat p\u00e5 detta har frontskydden f\u00e5tt ett officiellt godk\u00e4nnande f\u00f6r v\u00e4gtrafik och kan lagligt anv\u00e4ndas i alla EU-l\u00e4nder samt i Norge.\n\nVad inneb\u00e4r ett v\u00e4gtrafikgodk\u00e4nt frontskydd?\nEtt v\u00e4gtrafikgodk\u00e4nt frontskydd inneb\u00e4r att produkten \u00e4r fullt godk\u00e4nd f\u00f6r anv\u00e4ndning i v\u00e4gtrafik i Europa och Norge, och att den kan monteras p\u00e5 fordonet \u00e4ven vid besiktning.<\/p>\n<ul>\n<li>&nbsp;<\/li>\n<\/ul>\n<p>RST-Steel\u2019s bull bars are premium&nbsp;<span style=\"font-weight: bold\">Finnish-made<\/span>&nbsp;products crafted from stainless steel.<\/p>\n<p>A bull bar protects the front of the truck in potential collision situations. It gives your vehicle a robust and stylish appearance, turns heads, and can spark admiration\u2014helping you and your company stand out.<\/p>\n<p>The bullbar can be equipped with auxiliary lights and position lights to improve visibility in traffic, adding safety for both you and others on the road.<\/p>\n<p><span style=\"font-weight: bold\">The bull bar is designed for quick and easy removal, for example during maintenance work.<\/span><\/p>\n<ul>\n<li>&nbsp;<\/li>\n<\/ul>\n<p><span style=\"font-weight: bold\">Varf\u00f6r v\u00e4lja RST-Steel?<\/span><\/p>\n<ul>\n<li><span style=\"font-weight: bold\">Tillverkad i Finland<\/span>&nbsp;Every RST-Steel product is made in our own factory in Nivala.<\/li>\n<li><span style=\"font-weight: bold\">P\u00e5litlighet<\/span>: M\u00e5nga \u00e5rs erfarenhet och expertis s\u00e4kerst\u00e4ller den h\u00f6ga kvaliteten och h\u00e5llbarheten hos v\u00e5ra produkter.<\/li>\n<li><span style=\"font-weight: bold\">Kundn\u00f6jdhet:<\/span>&nbsp;Tusentals n\u00f6jda kunder \u00f6ver hela v\u00e4rlden litar p\u00e5 RST-Steel-produkter.<\/li>\n<li>&nbsp;<\/li>\n<\/ul>\n<p><span style=\"font-weight: bold\">Tekniska specifikationer<\/span><\/p>\n<ul>\n<li>Color: Mirror-polished stainless steel or Powder coated with RAL colors<\/li>\n<li>R\u00f6rdiametrar: 76 mm \/ 60 mm<\/li>\n<li>&nbsp;<\/li>\n<\/ul>\n<p><a href=\"https:\/\/www.youtube.com\/watch?v=G2FVajPh-pM\"><strong>VIDEO F\u00d6R INSTALLATION AV BULLBAR-KABELSATS FINNS H\u00c4R!<\/strong><\/a><\/p>\n<p><span style=\"font-weight: bold\">Delivery Contents<\/span><\/p>\n<ul>\n<li>Frontskydd<\/li>\n<li>Monteringsf\u00e4sten som kr\u00e4vs f\u00f6r installation<\/li>\n<\/ul>\n<ul>\n<li>Instruktioner f\u00f6r installation<\/li>\n<\/ul>","protected":false},"excerpt":{"rendered":"<p><span style=\"font-weight: bold\">Skydda din lastbil p\u00e5 b\u00e4sta m\u00f6jliga s\u00e4tt!<\/span><\/p>","protected":false},"featured_media":120137,"comment_status":"open","ping_status":"closed","template":"","meta":{"_improvement_type_select":"improve_an_existing","_thumb_yes_seoaic":false,"_frame_yes_seoaic":false,"seoaic_generate_description":"","seoaic_improve_instructions_prompt":"","seoaic_rollback_content_improvement":"","seoaic_idea_thumbnail_generator":"","thumbnail_generated":false,"thumbnail_generate_prompt":"","seoaic_article_description":""},"make_fuel_type":[],"make_model":[5620,5623],"make_brand":[3744],"make_year":[3748],"pwb-brand":[8334],"product_brand":[],"product_cat":[6280,7157],"product_tag":[8501,6683,8488,8494],"class_list":{"0":"post-42637","1":"product","2":"type-product","3":"status-publish","4":"has-post-thumbnail","6":"make_engine-daycab-low-cr","7":"make_engine-daycab-normal-cr","8":"make_engine-sleepercab-highline-cr","9":"make_engine-sleepercab-highline-cs","10":"make_engine-sleepercab-low-cr","11":"make_engine-sleepercab-normal-cr","12":"make_engine-sleepercab-normal-cs","13":"make_model-nextgen-r-2017","14":"make_model-nextgen-s-2017","15":"make_brand-scania","16":"make_year-trucks","17":"pwb-brand-brand_rststeel","18":"product_cat-bullbars","19":"product_cat-scania-ka-kk","20":"product_tag-bullbar-dakar","21":"product_tag-frontskydd","22":"product_tag-scania","23":"product_tag-scania-nextgen","24":"product_shipping_class-bullbars","26":"first","27":"instock","28":"taxable","29":"shipping-taxable","30":"purchasable","31":"product-type-variable"},"yoast_head":"<!-- This site is optimized with the Yoast SEO plugin v25.7 - https:\/\/yoast.com\/wordpress\/plugins\/seo\/ -->\n<title>Scania NextGen R\/S Bull Bar Dakar V32 (LegalPro) RST-Steel<\/title>\n<meta name=\"description\" content=\"Bull Bar Dakar Scania NextGen 2017- models. Suitable for R\/S series. Several model options available! Check out the products in our online store!\" \/>\n<meta name=\"robots\" content=\"index, follow, max-snippet:-1, max-image-preview:large, max-video-preview:-1\" \/>\n<link rel=\"canonical\" href=\"https:\/\/com.rst-steel.eu\/sv\/produkt\/scania-nextgen-r-s-bull-bar-dakar-v32-legalpro_prm_9850\/\" \/>\n<meta property=\"og:locale\" content=\"sv_SE\" \/>\n<meta property=\"og:type\" content=\"article\" \/>\n<meta property=\"og:title\" content=\"Scania NextGen R\/S Bull Bar Dakar V32 (LegalPro) RST-Steel\" \/>\n<meta property=\"og:description\" content=\"Bull Bar Dakar Scania NextGen 2017- models. Suitable for R\/S series. Several model options available! Check out the products in our online store!\" \/>\n<meta property=\"og:url\" content=\"https:\/\/com.rst-steel.eu\/sv\/produkt\/scania-nextgen-r-s-bull-bar-dakar-v32-legalpro_prm_9850\/\" \/>\n<meta property=\"og:site_name\" content=\"RST-Steel\" \/>\n<meta property=\"article:publisher\" content=\"https:\/\/www.facebook.com\/rststeel\" \/>\n<meta property=\"article:modified_time\" content=\"2026-03-16T06:16:30+00:00\" \/>\n<meta property=\"og:image\" content=\"https:\/\/com.rst-steel.eu\/wp-content\/uploads\/2025\/12\/49907c6a67e939e4d16a2728ca42bc78b982f102_V32_web.jpg\" \/>\n\t<meta property=\"og:image:width\" content=\"1000\" \/>\n\t<meta property=\"og:image:height\" content=\"1000\" \/>\n\t<meta property=\"og:image:type\" content=\"image\/jpeg\" \/>\n<meta name=\"twitter:card\" content=\"summary_large_image\" \/>\n<meta name=\"twitter:label1\" content=\"Ber\u00e4knad l\u00e4stid\" \/>\n\t<meta name=\"twitter:data1\" content=\"2 minuter\" \/>\n<script type=\"application\/ld+json\" class=\"yoast-schema-graph\">{\"@context\":\"https:\/\/schema.org\",\"@graph\":[{\"@type\":\"WebPage\",\"@id\":\"https:\/\/com.rst-steel.eu\/nb\/produkt\/scania-nextgen-r-s-bull-bar-dakar-v32-legalpro_prm_9850\/\",\"url\":\"https:\/\/com.rst-steel.eu\/nb\/produkt\/scania-nextgen-r-s-bull-bar-dakar-v32-legalpro_prm_9850\/\",\"name\":\"Scania NextGen R\/S Bull Bar Dakar V32 (LegalPro) RST-Steel\",\"isPartOf\":{\"@id\":\"https:\/\/com.rst-steel.eu\/#website\"},\"primaryImageOfPage\":{\"@id\":\"https:\/\/com.rst-steel.eu\/nb\/produkt\/scania-nextgen-r-s-bull-bar-dakar-v32-legalpro_prm_9850\/#primaryimage\"},\"image\":{\"@id\":\"https:\/\/com.rst-steel.eu\/nb\/produkt\/scania-nextgen-r-s-bull-bar-dakar-v32-legalpro_prm_9850\/#primaryimage\"},\"thumbnailUrl\":\"https:\/\/com.rst-steel.eu\/wp-content\/uploads\/2025\/12\/49907c6a67e939e4d16a2728ca42bc78b982f102_V32_web.jpg\",\"datePublished\":\"2024-03-11T11:36:36+00:00\",\"dateModified\":\"2026-03-16T06:16:30+00:00\",\"description\":\"Bull Bar Dakar Scania NextGen 2017- models. Suitable for R\/S series. Several model options available! Check out the products in our online store!\",\"breadcrumb\":{\"@id\":\"https:\/\/com.rst-steel.eu\/nb\/produkt\/scania-nextgen-r-s-bull-bar-dakar-v32-legalpro_prm_9850\/#breadcrumb\"},\"inLanguage\":\"sv-SE\",\"potentialAction\":[{\"@type\":\"ReadAction\",\"target\":[\"https:\/\/com.rst-steel.eu\/nb\/produkt\/scania-nextgen-r-s-bull-bar-dakar-v32-legalpro_prm_9850\/\"]}]},{\"@type\":\"ImageObject\",\"inLanguage\":\"sv-SE\",\"@id\":\"https:\/\/com.rst-steel.eu\/nb\/produkt\/scania-nextgen-r-s-bull-bar-dakar-v32-legalpro_prm_9850\/#primaryimage\",\"url\":\"https:\/\/com.rst-steel.eu\/wp-content\/uploads\/2025\/12\/49907c6a67e939e4d16a2728ca42bc78b982f102_V32_web.jpg\",\"contentUrl\":\"https:\/\/com.rst-steel.eu\/wp-content\/uploads\/2025\/12\/49907c6a67e939e4d16a2728ca42bc78b982f102_V32_web.jpg\",\"width\":1000,\"height\":1000},{\"@type\":\"BreadcrumbList\",\"@id\":\"https:\/\/com.rst-steel.eu\/nb\/produkt\/scania-nextgen-r-s-bull-bar-dakar-v32-legalpro_prm_9850\/#breadcrumb\",\"itemListElement\":[{\"@type\":\"ListItem\",\"position\":1,\"name\":\"Home\",\"item\":\"https:\/\/com.rst-steel.eu\/\"},{\"@type\":\"ListItem\",\"position\":2,\"name\":\"RST-Steel Shop\",\"item\":\"https:\/\/com.rst-steel.eu\/shop\/\"},{\"@type\":\"ListItem\",\"position\":3,\"name\":\"Scania NextGen R\/S Bull Bar Dakar V32 (LegalPro)\"}]},{\"@type\":\"WebSite\",\"@id\":\"https:\/\/com.rst-steel.eu\/#website\",\"url\":\"https:\/\/com.rst-steel.eu\/\",\"name\":\"RST-Steel.com\",\"description\":\"Finnish quality steel, for quality-conscious drivers\",\"publisher\":{\"@id\":\"https:\/\/com.rst-steel.eu\/#organization\"},\"alternateName\":\"Safe and stylish RST-Steel quality\",\"potentialAction\":[{\"@type\":\"SearchAction\",\"target\":{\"@type\":\"EntryPoint\",\"urlTemplate\":\"https:\/\/com.rst-steel.eu\/?s={search_term_string}\"},\"query-input\":{\"@type\":\"PropertyValueSpecification\",\"valueRequired\":true,\"valueName\":\"search_term_string\"}}],\"inLanguage\":\"sv-SE\"},{\"@type\":\"Organization\",\"@id\":\"https:\/\/com.rst-steel.eu\/#organization\",\"name\":\"RST-Steel Oy\",\"url\":\"https:\/\/com.rst-steel.eu\/\",\"logo\":{\"@type\":\"ImageObject\",\"inLanguage\":\"sv-SE\",\"@id\":\"https:\/\/com.rst-steel.eu\/#\/schema\/logo\/image\/\",\"url\":\"https:\/\/com.rst-steel.eu\/wp-content\/uploads\/2023\/04\/cropped-Rst-logo-valkoinen-teksti-3.png\",\"contentUrl\":\"https:\/\/com.rst-steel.eu\/wp-content\/uploads\/2023\/04\/cropped-Rst-logo-valkoinen-teksti-3.png\",\"width\":512,\"height\":115,\"caption\":\"RST-Steel Oy\"},\"image\":{\"@id\":\"https:\/\/com.rst-steel.eu\/#\/schema\/logo\/image\/\"},\"sameAs\":[\"https:\/\/www.facebook.com\/rststeel\",\"https:\/\/www.instagram.com\/rststeeloy\/\"]}]}<\/script>\n<!-- \/ Yoast SEO plugin. -->","yoast_head_json":{"title":"Scania NextGen R\/S Bull Bar Dakar V32 (LegalPro) RST-Steel","description":"Bull Bar Dakar Scania NextGen 2017- modeller. L\u00e4mplig f\u00f6r R\/S-serien. Flera modellalternativ tillg\u00e4ngliga! Kolla in produkterna i v\u00e5r onlinebutik!","robots":{"index":"index","follow":"follow","max-snippet":"max-snippet:-1","max-image-preview":"max-image-preview:large","max-video-preview":"max-video-preview:-1"},"canonical":"https:\/\/com.rst-steel.eu\/sv\/produkt\/scania-nextgen-r-s-bull-bar-dakar-v32-legalpro_prm_9850\/","og_locale":"sv_SE","og_type":"article","og_title":"Scania NextGen R\/S Bull Bar Dakar V32 (LegalPro) RST-Steel","og_description":"Bull Bar Dakar Scania NextGen 2017- models. Suitable for R\/S series. Several model options available! Check out the products in our online store!","og_url":"https:\/\/com.rst-steel.eu\/sv\/produkt\/scania-nextgen-r-s-bull-bar-dakar-v32-legalpro_prm_9850\/","og_site_name":"RST-Steel","article_publisher":"https:\/\/www.facebook.com\/rststeel","article_modified_time":"2026-03-16T06:16:30+00:00","og_image":[{"width":1000,"height":1000,"url":"https:\/\/com.rst-steel.eu\/wp-content\/uploads\/2025\/12\/49907c6a67e939e4d16a2728ca42bc78b982f102_V32_web.jpg","type":"image\/jpeg"}],"twitter_card":"summary_large_image","twitter_misc":{"Ber\u00e4knad l\u00e4stid":"2 minuter"},"schema":{"@context":"https:\/\/schema.org","@graph":[{"@type":"WebPage","@id":"https:\/\/com.rst-steel.eu\/nb\/produkt\/scania-nextgen-r-s-bull-bar-dakar-v32-legalpro_prm_9850\/","url":"https:\/\/com.rst-steel.eu\/nb\/produkt\/scania-nextgen-r-s-bull-bar-dakar-v32-legalpro_prm_9850\/","name":"Scania NextGen R\/S Bull Bar Dakar V32 (LegalPro) RST-Steel","isPartOf":{"@id":"https:\/\/com.rst-steel.eu\/#website"},"primaryImageOfPage":{"@id":"https:\/\/com.rst-steel.eu\/nb\/produkt\/scania-nextgen-r-s-bull-bar-dakar-v32-legalpro_prm_9850\/#primaryimage"},"image":{"@id":"https:\/\/com.rst-steel.eu\/nb\/produkt\/scania-nextgen-r-s-bull-bar-dakar-v32-legalpro_prm_9850\/#primaryimage"},"thumbnailUrl":"https:\/\/com.rst-steel.eu\/wp-content\/uploads\/2025\/12\/49907c6a67e939e4d16a2728ca42bc78b982f102_V32_web.jpg","datePublished":"2024-03-11T11:36:36+00:00","dateModified":"2026-03-16T06:16:30+00:00","description":"Bull Bar Dakar Scania NextGen 2017- modeller. L\u00e4mplig f\u00f6r R\/S-serien. Flera modellalternativ tillg\u00e4ngliga! Kolla in produkterna i v\u00e5r onlinebutik!","breadcrumb":{"@id":"https:\/\/com.rst-steel.eu\/nb\/produkt\/scania-nextgen-r-s-bull-bar-dakar-v32-legalpro_prm_9850\/#breadcrumb"},"inLanguage":"sv-SE","potentialAction":[{"@type":"ReadAction","target":["https:\/\/com.rst-steel.eu\/nb\/produkt\/scania-nextgen-r-s-bull-bar-dakar-v32-legalpro_prm_9850\/"]}]},{"@type":"ImageObject","inLanguage":"sv-SE","@id":"https:\/\/com.rst-steel.eu\/nb\/produkt\/scania-nextgen-r-s-bull-bar-dakar-v32-legalpro_prm_9850\/#primaryimage","url":"https:\/\/com.rst-steel.eu\/wp-content\/uploads\/2025\/12\/49907c6a67e939e4d16a2728ca42bc78b982f102_V32_web.jpg","contentUrl":"https:\/\/com.rst-steel.eu\/wp-content\/uploads\/2025\/12\/49907c6a67e939e4d16a2728ca42bc78b982f102_V32_web.jpg","width":1000,"height":1000},{"@type":"BreadcrumbList","@id":"https:\/\/com.rst-steel.eu\/nb\/produkt\/scania-nextgen-r-s-bull-bar-dakar-v32-legalpro_prm_9850\/#breadcrumb","itemListElement":[{"@type":"ListItem","position":1,"name":"Home","item":"https:\/\/com.rst-steel.eu\/"},{"@type":"ListItem","position":2,"name":"RST-Steel Shop","item":"https:\/\/com.rst-steel.eu\/shop\/"},{"@type":"ListItem","position":3,"name":"Scania NextGen R\/S Bull Bar Dakar V32 (LegalPro)"}]},{"@type":"WebSite","@id":"https:\/\/com.rst-steel.eu\/#website","url":"https:\/\/com.rst-steel.eu\/","name":"RST-Stahl.com","description":"Finskt kvalitetsst\u00e5l, f\u00f6r kvalitetsmedvetna f\u00f6rare","publisher":{"@id":"https:\/\/com.rst-steel.eu\/#organization"},"alternateName":"Safe and stylish RST-Steel quality","potentialAction":[{"@type":"SearchAction","target":{"@type":"EntryPoint","urlTemplate":"https:\/\/com.rst-steel.eu\/?s={search_term_string}"},"query-input":{"@type":"PropertyValueSpecification","valueRequired":true,"valueName":"search_term_string"}}],"inLanguage":"sv-SE"},{"@type":"Organization","@id":"https:\/\/com.rst-steel.eu\/#organization","name":"RST-Steel Oy","url":"https:\/\/com.rst-steel.eu\/","logo":{"@type":"ImageObject","inLanguage":"sv-SE","@id":"https:\/\/com.rst-steel.eu\/#\/schema\/logo\/image\/","url":"https:\/\/com.rst-steel.eu\/wp-content\/uploads\/2023\/04\/cropped-Rst-logo-valkoinen-teksti-3.png","contentUrl":"https:\/\/com.rst-steel.eu\/wp-content\/uploads\/2023\/04\/cropped-Rst-logo-valkoinen-teksti-3.png","width":512,"height":115,"caption":"RST-Steel Oy"},"image":{"@id":"https:\/\/com.rst-steel.eu\/#\/schema\/logo\/image\/"},"sameAs":["https:\/\/www.facebook.com\/rststeel","https:\/\/www.instagram.com\/rststeeloy\/"]}]}},"brands":[{"id":8334,"name":"RST-Steel","slug":"brand_rststeel"}],"_links":{"self":[{"href":"https:\/\/com.rst-steel.eu\/sv\/wp-json\/wp\/v2\/product\/42637","targetHints":{"allow":["GET"]}}],"collection":[{"href":"https:\/\/com.rst-steel.eu\/sv\/wp-json\/wp\/v2\/product"}],"about":[{"href":"https:\/\/com.rst-steel.eu\/sv\/wp-json\/wp\/v2\/types\/product"}],"replies":[{"embeddable":true,"href":"https:\/\/com.rst-steel.eu\/sv\/wp-json\/wp\/v2\/comments?post=42637"}],"version-history":[{"count":0,"href":"https:\/\/com.rst-steel.eu\/sv\/wp-json\/wp\/v2\/product\/42637\/revisions"}],"wp:featuredmedia":[{"embeddable":true,"href":"https:\/\/com.rst-steel.eu\/sv\/wp-json\/wp\/v2\/media\/120137"}],"wp:attachment":[{"href":"https:\/\/com.rst-steel.eu\/sv\/wp-json\/wp\/v2\/media?parent=42637"}],"wp:term":[{"taxonomy":"make_fuel_type","embeddable":true,"href":"https:\/\/com.rst-steel.eu\/sv\/wp-json\/wp\/v2\/make_fuel_type?post=42637"},{"taxonomy":"make_model","embeddable":true,"href":"https:\/\/com.rst-steel.eu\/sv\/wp-json\/wp\/v2\/make_model?post=42637"},{"taxonomy":"make_brand","embeddable":true,"href":"https:\/\/com.rst-steel.eu\/sv\/wp-json\/wp\/v2\/make_brand?post=42637"},{"taxonomy":"make_year","embeddable":true,"href":"https:\/\/com.rst-steel.eu\/sv\/wp-json\/wp\/v2\/make_year?post=42637"},{"taxonomy":"pwb-brand","embeddable":true,"href":"https:\/\/com.rst-steel.eu\/sv\/wp-json\/wp\/v2\/pwb-brand?post=42637"},{"taxonomy":"product_brand","embeddable":true,"href":"https:\/\/com.rst-steel.eu\/sv\/wp-json\/wp\/v2\/product_brand?post=42637"},{"taxonomy":"product_cat","embeddable":true,"href":"https:\/\/com.rst-steel.eu\/sv\/wp-json\/wp\/v2\/product_cat?post=42637"},{"taxonomy":"product_tag","embeddable":true,"href":"https:\/\/com.rst-steel.eu\/sv\/wp-json\/wp\/v2\/product_tag?post=42637"}],"curies":[{"name":"wp","href":"https:\/\/api.w.org\/{rel}","templated":true}]}}