{"id":41816,"date":"2024-01-19T12:21:36","date_gmt":"2024-01-19T09:21:36","guid":{"rendered":"https:\/\/rst-steel.com\/product\/front-spoiler-bar-daf-xd-22-_prm_70933\/"},"modified":"2026-03-16T09:16:44","modified_gmt":"2026-03-16T06:16:44","slug":"framre-spoilerbage-daf-xd-22-_prm_70933","status":"publish","type":"product","link":"https:\/\/com.rst-steel.eu\/sv\/produkt\/framre-spoilerbage-daf-xd-22-_prm_70933\/","title":{"rendered":"Frontr\u00f6r DAF XD 22-"},"content":{"rendered":"<p><strong>Frontr\u00f6r DAF XD 22-<\/strong><\/p>\n<ul>\n<li><\/li>\n<\/ul>\n<p>RST-Steel:s frontb\u00e5ge \u00e4r en h\u00f6gkvalitativ produkt tillverkad av rostfritt st\u00e5l. Frontb\u00e5gen \u00e4r ett snyggt tillbeh\u00f6r som skyddar den fr\u00e4mre st\u00f6tf\u00e5ngaren p\u00e5 din bil.<\/p>\n<p>Frontb\u00e5gar kan utrustas med positionsljus, som f\u00f6rb\u00e4ttrar sikten i trafiken och samtidigt \u00f6kar s\u00e4kerheten f\u00f6r dig sj\u00e4lv och andra i trafiken.<\/p>\n<p>Om du k\u00f6r p\u00e5 trottoarkanter, farthinder eller sn\u00f6klumpar p\u00e5 v\u00e4gen kan det orsaka skador p\u00e5 bilens front. Att reparera skadorna kan vara dyrt och tidskr\u00e4vande. Genom att f\u00f6rbereda sig f\u00f6r dessa faror kan resan forts\u00e4tta med ett tryggt sinne och verksamheten s\u00e4kras i dessa avseenden.<\/p>\n<ul>\n<li><\/li>\n<\/ul>\n<p><span style=\"font-weight: bold;\">Teknisk information:<\/span><\/p>\n<ul>\n<li>F\u00e4rg: Spegelpolerat rostfritt st\u00e5l eller lackering med RAL-basf\u00e4rger<\/li>\n<li>R\u00f6rdiameter: 60 mm<\/li>\n<li>Enkel att installera<\/li>\n<li><\/li>\n<\/ul>\n<p><span style=\"font-weight: bold;\">Leveransinneh\u00e5ll:<\/span><\/p>\n<ul>\n<li>Front spoiler bar DAF XD<\/li>\n<li>Monteringsf\u00e4sten som beh\u00f6vs f\u00f6r installation<\/li>\n<li>Instruktioner f\u00f6r installation<\/li>\n<\/ul>","protected":false},"excerpt":{"rendered":"<p>Flera modellalternativ tillg\u00e4ngliga!<\/p>","protected":false},"featured_media":43790,"comment_status":"open","ping_status":"closed","template":"","meta":{"_improvement_type_select":"improve_an_existing","_thumb_yes_seoaic":false,"_frame_yes_seoaic":false,"seoaic_generate_description":"","seoaic_improve_instructions_prompt":"","seoaic_rollback_content_improvement":"","seoaic_idea_thumbnail_generator":"","thumbnail_generated":false,"thumbnail_generate_prompt":"","seoaic_article_description":""},"make_fuel_type":[],"make_model":[6760],"make_brand":[5268],"make_year":[3748],"pwb-brand":[8334],"product_brand":[],"product_cat":[6092,6093,7295],"product_tag":[7550],"class_list":{"0":"post-41816","1":"product","2":"type-product","3":"status-publish","4":"has-post-thumbnail","6":"make_model-xd-2022","7":"make_brand-daf","8":"make_year-trucks","9":"pwb-brand-brand_rststeel","10":"product_cat-front-spoiler-bars","11":"product_cat-front-spoiler-bars-for-trucks","12":"product_cat-daf-ep-ka","13":"product_tag-frontbagar","14":"product_shipping_class-lightbars","16":"first","17":"onbackorder","18":"taxable","19":"shipping-taxable","20":"purchasable","21":"product-type-variable"},"yoast_head":"<!-- This site is optimized with the Yoast SEO plugin v25.7 - https:\/\/yoast.com\/wordpress\/plugins\/seo\/ -->\n<title>Front Spoiler Bar DAF XD 22- RST-Steel<\/title>\n<meta name=\"description\" content=\"Front Spoiler Bar DAF XD 22- models. RST-Steel\u2019s front spoiler bars are high-quality products made of stainless steel. Check the products and order now!\" \/>\n<meta name=\"robots\" content=\"index, follow, max-snippet:-1, max-image-preview:large, max-video-preview:-1\" \/>\n<link rel=\"canonical\" href=\"https:\/\/com.rst-steel.eu\/sv\/produkt\/framre-spoilerbage-daf-xd-22-_prm_70933\/\" \/>\n<meta property=\"og:locale\" content=\"sv_SE\" \/>\n<meta property=\"og:type\" content=\"article\" \/>\n<meta property=\"og:title\" content=\"Front Spoiler Bar DAF XD 22- RST-Steel\" \/>\n<meta property=\"og:description\" content=\"Front Spoiler Bar DAF XD 22- models. RST-Steel\u2019s front spoiler bars are high-quality products made of stainless steel. Check the products and order now!\" \/>\n<meta property=\"og:url\" content=\"https:\/\/com.rst-steel.eu\/sv\/produkt\/framre-spoilerbage-daf-xd-22-_prm_70933\/\" \/>\n<meta property=\"og:site_name\" content=\"RST-Steel\" \/>\n<meta property=\"article:publisher\" content=\"https:\/\/www.facebook.com\/rststeel\" \/>\n<meta property=\"article:modified_time\" content=\"2026-03-16T06:16:44+00:00\" \/>\n<meta property=\"og:image\" content=\"https:\/\/com.rst-steel.eu\/wp-content\/uploads\/2024\/06\/8feb400a066b83d5836f506f960ca3635ead8662_DAF_XD.jpeg\" \/>\n\t<meta property=\"og:image:width\" content=\"1200\" \/>\n\t<meta property=\"og:image:height\" content=\"1426\" \/>\n\t<meta property=\"og:image:type\" content=\"image\/jpeg\" \/>\n<meta name=\"twitter:card\" content=\"summary_large_image\" \/>\n<meta name=\"twitter:label1\" content=\"Ber\u00e4knad l\u00e4stid\" \/>\n\t<meta name=\"twitter:data1\" content=\"1 minut\" \/>\n<script type=\"application\/ld+json\" class=\"yoast-schema-graph\">{\"@context\":\"https:\/\/schema.org\",\"@graph\":[{\"@type\":\"WebPage\",\"@id\":\"https:\/\/com.rst-steel.eu\/sv\/produkt\/framre-spoilerbage-daf-xd-22-_prm_70933\/\",\"url\":\"https:\/\/com.rst-steel.eu\/sv\/produkt\/framre-spoilerbage-daf-xd-22-_prm_70933\/\",\"name\":\"Front Spoiler Bar DAF XD 22- RST-Steel\",\"isPartOf\":{\"@id\":\"https:\/\/com.rst-steel.eu\/#website\"},\"primaryImageOfPage\":{\"@id\":\"https:\/\/com.rst-steel.eu\/sv\/produkt\/framre-spoilerbage-daf-xd-22-_prm_70933\/#primaryimage\"},\"image\":{\"@id\":\"https:\/\/com.rst-steel.eu\/sv\/produkt\/framre-spoilerbage-daf-xd-22-_prm_70933\/#primaryimage\"},\"thumbnailUrl\":\"https:\/\/com.rst-steel.eu\/wp-content\/uploads\/2024\/06\/8feb400a066b83d5836f506f960ca3635ead8662_DAF_XD.jpeg\",\"datePublished\":\"2024-01-19T09:21:36+00:00\",\"dateModified\":\"2026-03-16T06:16:44+00:00\",\"description\":\"Front Spoiler Bar DAF XD 22- models. RST-Steel\u2019s front spoiler bars are high-quality products made of stainless steel. Check the products and order now!\",\"breadcrumb\":{\"@id\":\"https:\/\/com.rst-steel.eu\/sv\/produkt\/framre-spoilerbage-daf-xd-22-_prm_70933\/#breadcrumb\"},\"inLanguage\":\"sv-SE\",\"potentialAction\":[{\"@type\":\"ReadAction\",\"target\":[\"https:\/\/com.rst-steel.eu\/sv\/produkt\/framre-spoilerbage-daf-xd-22-_prm_70933\/\"]}]},{\"@type\":\"ImageObject\",\"inLanguage\":\"sv-SE\",\"@id\":\"https:\/\/com.rst-steel.eu\/sv\/produkt\/framre-spoilerbage-daf-xd-22-_prm_70933\/#primaryimage\",\"url\":\"https:\/\/com.rst-steel.eu\/wp-content\/uploads\/2024\/06\/8feb400a066b83d5836f506f960ca3635ead8662_DAF_XD.jpeg\",\"contentUrl\":\"https:\/\/com.rst-steel.eu\/wp-content\/uploads\/2024\/06\/8feb400a066b83d5836f506f960ca3635ead8662_DAF_XD.jpeg\",\"width\":1200,\"height\":1426,\"caption\":\"Kuvassa Front Spoiler Bar DAF XD 22-\"},{\"@type\":\"BreadcrumbList\",\"@id\":\"https:\/\/com.rst-steel.eu\/sv\/produkt\/framre-spoilerbage-daf-xd-22-_prm_70933\/#breadcrumb\",\"itemListElement\":[{\"@type\":\"ListItem\",\"position\":1,\"name\":\"Home\",\"item\":\"https:\/\/com.rst-steel.eu\/\"},{\"@type\":\"ListItem\",\"position\":2,\"name\":\"RST-Steel Shop\",\"item\":\"https:\/\/com.rst-steel.eu\/shop\/\"},{\"@type\":\"ListItem\",\"position\":3,\"name\":\"Front Spoiler Bar DAF XD 22-\"}]},{\"@type\":\"WebSite\",\"@id\":\"https:\/\/com.rst-steel.eu\/#website\",\"url\":\"https:\/\/com.rst-steel.eu\/\",\"name\":\"RST-Steel.com\",\"description\":\"Finnish quality steel, for quality-conscious drivers\",\"publisher\":{\"@id\":\"https:\/\/com.rst-steel.eu\/#organization\"},\"alternateName\":\"Safe and stylish RST-Steel quality\",\"potentialAction\":[{\"@type\":\"SearchAction\",\"target\":{\"@type\":\"EntryPoint\",\"urlTemplate\":\"https:\/\/com.rst-steel.eu\/?s={search_term_string}\"},\"query-input\":{\"@type\":\"PropertyValueSpecification\",\"valueRequired\":true,\"valueName\":\"search_term_string\"}}],\"inLanguage\":\"sv-SE\"},{\"@type\":\"Organization\",\"@id\":\"https:\/\/com.rst-steel.eu\/#organization\",\"name\":\"RST-Steel Oy\",\"url\":\"https:\/\/com.rst-steel.eu\/\",\"logo\":{\"@type\":\"ImageObject\",\"inLanguage\":\"sv-SE\",\"@id\":\"https:\/\/com.rst-steel.eu\/#\/schema\/logo\/image\/\",\"url\":\"https:\/\/com.rst-steel.eu\/wp-content\/uploads\/2023\/04\/cropped-Rst-logo-valkoinen-teksti-3.png\",\"contentUrl\":\"https:\/\/com.rst-steel.eu\/wp-content\/uploads\/2023\/04\/cropped-Rst-logo-valkoinen-teksti-3.png\",\"width\":512,\"height\":115,\"caption\":\"RST-Steel Oy\"},\"image\":{\"@id\":\"https:\/\/com.rst-steel.eu\/#\/schema\/logo\/image\/\"},\"sameAs\":[\"https:\/\/www.facebook.com\/rststeel\",\"https:\/\/www.instagram.com\/rststeeloy\/\"]}]}<\/script>\n<!-- \/ Yoast SEO plugin. -->","yoast_head_json":{"title":"Frontspoilerb\u00e5ge DAF XD 22- RST-Steel","description":"Frontspoiler DAF XD 22- modeller. RST-Steel:s fr\u00e4mre spoilerst\u00e4nger \u00e4r h\u00f6gkvalitativa produkter tillverkade av rostfritt st\u00e5l. Kolla in produkterna och best\u00e4ll nu!","robots":{"index":"index","follow":"follow","max-snippet":"max-snippet:-1","max-image-preview":"max-image-preview:large","max-video-preview":"max-video-preview:-1"},"canonical":"https:\/\/com.rst-steel.eu\/sv\/produkt\/framre-spoilerbage-daf-xd-22-_prm_70933\/","og_locale":"sv_SE","og_type":"article","og_title":"Front Spoiler Bar DAF XD 22- RST-Steel","og_description":"Front Spoiler Bar DAF XD 22- models. RST-Steel\u2019s front spoiler bars are high-quality products made of stainless steel. Check the products and order now!","og_url":"https:\/\/com.rst-steel.eu\/sv\/produkt\/framre-spoilerbage-daf-xd-22-_prm_70933\/","og_site_name":"RST-Steel","article_publisher":"https:\/\/www.facebook.com\/rststeel","article_modified_time":"2026-03-16T06:16:44+00:00","og_image":[{"width":1200,"height":1426,"url":"https:\/\/com.rst-steel.eu\/wp-content\/uploads\/2024\/06\/8feb400a066b83d5836f506f960ca3635ead8662_DAF_XD.jpeg","type":"image\/jpeg"}],"twitter_card":"summary_large_image","twitter_misc":{"Ber\u00e4knad l\u00e4stid":"1 minut"},"schema":{"@context":"https:\/\/schema.org","@graph":[{"@type":"WebPage","@id":"https:\/\/com.rst-steel.eu\/sv\/produkt\/framre-spoilerbage-daf-xd-22-_prm_70933\/","url":"https:\/\/com.rst-steel.eu\/sv\/produkt\/framre-spoilerbage-daf-xd-22-_prm_70933\/","name":"Frontspoilerb\u00e5ge DAF XD 22- RST-Steel","isPartOf":{"@id":"https:\/\/com.rst-steel.eu\/#website"},"primaryImageOfPage":{"@id":"https:\/\/com.rst-steel.eu\/sv\/produkt\/framre-spoilerbage-daf-xd-22-_prm_70933\/#primaryimage"},"image":{"@id":"https:\/\/com.rst-steel.eu\/sv\/produkt\/framre-spoilerbage-daf-xd-22-_prm_70933\/#primaryimage"},"thumbnailUrl":"https:\/\/com.rst-steel.eu\/wp-content\/uploads\/2024\/06\/8feb400a066b83d5836f506f960ca3635ead8662_DAF_XD.jpeg","datePublished":"2024-01-19T09:21:36+00:00","dateModified":"2026-03-16T06:16:44+00:00","description":"Frontspoiler DAF XD 22- modeller. RST-Steel:s fr\u00e4mre spoilerst\u00e4nger \u00e4r h\u00f6gkvalitativa produkter tillverkade av rostfritt st\u00e5l. Kolla in produkterna och best\u00e4ll nu!","breadcrumb":{"@id":"https:\/\/com.rst-steel.eu\/sv\/produkt\/framre-spoilerbage-daf-xd-22-_prm_70933\/#breadcrumb"},"inLanguage":"sv-SE","potentialAction":[{"@type":"ReadAction","target":["https:\/\/com.rst-steel.eu\/sv\/produkt\/framre-spoilerbage-daf-xd-22-_prm_70933\/"]}]},{"@type":"ImageObject","inLanguage":"sv-SE","@id":"https:\/\/com.rst-steel.eu\/sv\/produkt\/framre-spoilerbage-daf-xd-22-_prm_70933\/#primaryimage","url":"https:\/\/com.rst-steel.eu\/wp-content\/uploads\/2024\/06\/8feb400a066b83d5836f506f960ca3635ead8662_DAF_XD.jpeg","contentUrl":"https:\/\/com.rst-steel.eu\/wp-content\/uploads\/2024\/06\/8feb400a066b83d5836f506f960ca3635ead8662_DAF_XD.jpeg","width":1200,"height":1426,"caption":"Kuvassa Front Spoiler Bar DAF XD 22-"},{"@type":"BreadcrumbList","@id":"https:\/\/com.rst-steel.eu\/sv\/produkt\/framre-spoilerbage-daf-xd-22-_prm_70933\/#breadcrumb","itemListElement":[{"@type":"ListItem","position":1,"name":"Home","item":"https:\/\/com.rst-steel.eu\/"},{"@type":"ListItem","position":2,"name":"RST-Steel Shop","item":"https:\/\/com.rst-steel.eu\/shop\/"},{"@type":"ListItem","position":3,"name":"Front Spoiler Bar DAF XD 22-"}]},{"@type":"WebSite","@id":"https:\/\/com.rst-steel.eu\/#website","url":"https:\/\/com.rst-steel.eu\/","name":"RST-Stahl.com","description":"Finskt kvalitetsst\u00e5l, f\u00f6r kvalitetsmedvetna f\u00f6rare","publisher":{"@id":"https:\/\/com.rst-steel.eu\/#organization"},"alternateName":"Safe and stylish RST-Steel quality","potentialAction":[{"@type":"SearchAction","target":{"@type":"EntryPoint","urlTemplate":"https:\/\/com.rst-steel.eu\/?s={search_term_string}"},"query-input":{"@type":"PropertyValueSpecification","valueRequired":true,"valueName":"search_term_string"}}],"inLanguage":"sv-SE"},{"@type":"Organization","@id":"https:\/\/com.rst-steel.eu\/#organization","name":"RST-Steel Oy","url":"https:\/\/com.rst-steel.eu\/","logo":{"@type":"ImageObject","inLanguage":"sv-SE","@id":"https:\/\/com.rst-steel.eu\/#\/schema\/logo\/image\/","url":"https:\/\/com.rst-steel.eu\/wp-content\/uploads\/2023\/04\/cropped-Rst-logo-valkoinen-teksti-3.png","contentUrl":"https:\/\/com.rst-steel.eu\/wp-content\/uploads\/2023\/04\/cropped-Rst-logo-valkoinen-teksti-3.png","width":512,"height":115,"caption":"RST-Steel Oy"},"image":{"@id":"https:\/\/com.rst-steel.eu\/#\/schema\/logo\/image\/"},"sameAs":["https:\/\/www.facebook.com\/rststeel","https:\/\/www.instagram.com\/rststeeloy\/"]}]}},"brands":[{"id":8334,"name":"RST-Steel","slug":"brand_rststeel"}],"_links":{"self":[{"href":"https:\/\/com.rst-steel.eu\/sv\/wp-json\/wp\/v2\/product\/41816","targetHints":{"allow":["GET"]}}],"collection":[{"href":"https:\/\/com.rst-steel.eu\/sv\/wp-json\/wp\/v2\/product"}],"about":[{"href":"https:\/\/com.rst-steel.eu\/sv\/wp-json\/wp\/v2\/types\/product"}],"replies":[{"embeddable":true,"href":"https:\/\/com.rst-steel.eu\/sv\/wp-json\/wp\/v2\/comments?post=41816"}],"version-history":[{"count":0,"href":"https:\/\/com.rst-steel.eu\/sv\/wp-json\/wp\/v2\/product\/41816\/revisions"}],"wp:featuredmedia":[{"embeddable":true,"href":"https:\/\/com.rst-steel.eu\/sv\/wp-json\/wp\/v2\/media\/43790"}],"wp:attachment":[{"href":"https:\/\/com.rst-steel.eu\/sv\/wp-json\/wp\/v2\/media?parent=41816"}],"wp:term":[{"taxonomy":"make_fuel_type","embeddable":true,"href":"https:\/\/com.rst-steel.eu\/sv\/wp-json\/wp\/v2\/make_fuel_type?post=41816"},{"taxonomy":"make_model","embeddable":true,"href":"https:\/\/com.rst-steel.eu\/sv\/wp-json\/wp\/v2\/make_model?post=41816"},{"taxonomy":"make_brand","embeddable":true,"href":"https:\/\/com.rst-steel.eu\/sv\/wp-json\/wp\/v2\/make_brand?post=41816"},{"taxonomy":"make_year","embeddable":true,"href":"https:\/\/com.rst-steel.eu\/sv\/wp-json\/wp\/v2\/make_year?post=41816"},{"taxonomy":"pwb-brand","embeddable":true,"href":"https:\/\/com.rst-steel.eu\/sv\/wp-json\/wp\/v2\/pwb-brand?post=41816"},{"taxonomy":"product_brand","embeddable":true,"href":"https:\/\/com.rst-steel.eu\/sv\/wp-json\/wp\/v2\/product_brand?post=41816"},{"taxonomy":"product_cat","embeddable":true,"href":"https:\/\/com.rst-steel.eu\/sv\/wp-json\/wp\/v2\/product_cat?post=41816"},{"taxonomy":"product_tag","embeddable":true,"href":"https:\/\/com.rst-steel.eu\/sv\/wp-json\/wp\/v2\/product_tag?post=41816"}],"curies":[{"name":"wp","href":"https:\/\/api.w.org\/{rel}","templated":true}]}}