{"id":41525,"date":"2023-12-07T10:16:45","date_gmt":"2023-12-07T07:16:45","guid":{"rendered":"https:\/\/rst-steel.com\/product\/lazer-utility-80-hd-vb_pr_76618\/"},"modified":"2026-03-16T09:16:11","modified_gmt":"2026-03-16T06:16:11","slug":"lazer-utility-80-hd-vb_pr_76618","status":"publish","type":"product","link":"https:\/\/com.rst-steel.eu\/sv\/produkt\/lazer-utility-80-hd-vb_pr_76618\/","title":{"rendered":"Arbetsljus Lazer Utility-80 HD (VB)"},"content":{"rendered":"<p>Arbetsljus Lazer Utility-80 HD (VB)&nbsp;<\/p>\n<p><\/p>\n<p>Utility-80 HD (Heavy-Duty) \u00e4r ett nytt tillskott till produktsortimentet i Utility-serien 2023 och bygger vidare p\u00e5 v\u00e5rt rykte om h\u00f6gpresterande LED-arbetslampor. Produkten \u00e4r s\u00e4rskilt utformad och konstruerad f\u00f6r de h\u00e5rda krav som st\u00e4lls i industriella till\u00e4mpningar, t.ex. gruvdrift, bygg- och anl\u00e4ggningsarbeten, skogsbruk och jordbruk.<\/p>\n<p>Utility-80 HD best\u00e5r av 4x premium 20W LED och avger 8.940 r\u00e5a lumen som utnyttjas genom den ultrareflekterande, vakuummetalliserade optiken som har designats om f\u00f6r denna produkt f\u00f6r att ge \u00e4nnu b\u00e4ttre ljusf\u00f6rdelning \u00f6ver ett st\u00f6rre omr\u00e5de. F\u00f6r kunder som vill ha flexibilitet och enkel kontroll \u00f6ver ljusintensiteten finns en version av produkten med variabel ljusstyrka, vilket ger maskinoperat\u00f6ren m\u00f6jlighet att \u00f6ka eller minska lampans ljusstyrka med en knapptryckning.<\/p>\n<p>Ljusf\u00e4rgen f\u00f6r b\u00e5da varianterna av 80 HD \u00e4r inst\u00e4lld p\u00e5 5000K, noggrant utvald f\u00f6r att f\u00f6rb\u00e4ttra s\u00e4kerheten genom att maximera definitionen av objekt och faror l\u00e4ngre fram, samtidigt som tr\u00f6ttheten som kan uppst\u00e5 vid anv\u00e4ndning av produkter med h\u00f6gre f\u00e4rgtemperatur minskar.<\/p>\n<p><\/p>\n<p><span style=\"font-weight: bold\">Produktfunktioner:<\/span><\/p>\n<ul>\n<li>ECE-godk\u00e4nd arbetsbelysning<\/li>\n<li>Utnyttjar 4 h\u00f6gdensitets 20W LED-lampor<\/li>\n<li>Alternativ f\u00f6r variabel ljusstyrka tillg\u00e4ngligt<\/li>\n<li>CAE-optimerat kylsystem med elektronisk v\u00e4rmestyrning<\/li>\n<li>5000k f\u00e4rgtemperatur<\/li>\n<li>Vakuummetalliserad optik f\u00f6r \u00f6verl\u00e4gset ljusutnyttjande<\/li>\n<li>Gjutet, kraftigt monteringsf\u00e4ste tillverkat av 7 mm rostfritt st\u00e5l<\/li>\n<li>\"Okrossbar\" lins av polykarbonat med h\u00e5rd bel\u00e4ggning<\/li>\n<li>Korrosionsbest\u00e4ndighet i fordonsklass<\/li>\n<li>EMC-skyddad - CISPR:25 (klass 3)<\/li>\n<li>IP68 \/ IP69k godk\u00e4nd<\/li>\n<li>Skyddad mot \u00f6versp\u00e4nning<\/li>\n<li>Skyddad mot omv\u00e4nd polaritet<\/li>\n<li>Inkluderar Deutsch-kontakter f\u00f6r hane\/fj\u00e4der<\/li>\n<li>Omfattande utbud av linsskydd tillg\u00e4ngligt<\/li>\n<li>5 \u00e5rs garanti<\/li>\n<\/ul>\n<p><\/p>\n<p><span style=\"font-weight: bold\">Tekniska specifikationer<\/span><\/p>\n<ul>\n<li>Sp\u00e4nningsintervall (DC): 10-32V<\/li>\n<li>F\u00e4rgtemperatur: 5000 K<\/li>\n<li>Vikt: 1,1 kg<\/li>\n<li>Totalt ljusfl\u00f6de: 8940 Lm<\/li>\n<li>Antal lysdioder med h\u00f6g effekt: 4<\/li>\n<li>Effektf\u00f6rbrukning: 80 watt<\/li>\n<li>Str\u00f6muttag (vid 14,4 V): 5,6 ampere<\/li>\n<\/ul>\n<p><\/p>\n<p><span style=\"font-weight: bold\">CERTIFIERING&nbsp;&nbsp;<\/span><\/p>\n<ul>\n<li>Arbetslampa: ECE R10&nbsp;<\/li>\n<li>IP-klassning: IP68 \/ IP69K<\/li>\n<li>Saltspraytest: ISO 9227 (2000H)<\/li>\n<li>Skydd mot elektromagnetisk kompatibilitet: CISPR-25 (klass 3)<\/li>\n<\/ul>\n<p><\/p>\n<p><span style=\"font-weight: bold\">DIMENSIONER&nbsp;&nbsp;<\/span><\/p>\n<ul>\n<li>Bredd: 107 mm<\/li>\n<li>Djup: 108 mm<\/li>\n<li>H\u00f6jd: 107 mm<\/li>\n<\/ul>\n<p><\/p>\n<p><span style=\"font-weight: bold\">FOTOMETRISKA DATA&nbsp;&nbsp;<\/span><\/p>\n<ul>\n<li>1Lx Linje @ 96m<\/li>\n<li>5Lx Linje @ 44m<\/li>\n<li>20Lx Linje @ 23m<\/li>\n<li>50Lx linje @ 14m*<\/li>\n<\/ul>\n<p><\/p>\n<p><span style=\"font-weight: bold\">Leveransinneh\u00e5ll:<\/span><\/p>\n<ul>\n<li>Utility-80 HD arbetslampa<\/li>\n<li>1x Lampf\u00e4ste<\/li>\n<\/ul>","protected":false},"excerpt":{"rendered":"<p>Den b\u00e4sta nyheten 2023!<\/p>\n<p><\/p>","protected":false},"featured_media":41521,"comment_status":"open","ping_status":"closed","template":"","meta":{"_improvement_type_select":"improve_an_existing","_thumb_yes_seoaic":false,"_frame_yes_seoaic":false,"seoaic_generate_description":"","seoaic_improve_instructions_prompt":"","seoaic_rollback_content_improvement":"","seoaic_idea_thumbnail_generator":"","thumbnail_generated":false,"thumbnail_generate_prompt":"","seoaic_article_description":""},"make_fuel_type":[],"make_model":[],"make_brand":[],"make_year":[6686,6360,3748,6373,6465],"pwb-brand":[8332],"product_brand":[],"product_cat":[6195,6218,6219],"product_tag":[6298],"class_list":{"0":"post-41525","1":"product","2":"type-product","3":"status-publish","4":"has-post-thumbnail","6":"make_year-pickup-truck","7":"make_year-tractor-com","8":"make_year-trucks","9":"make_year-van","10":"make_year-workmachines","11":"pwb-brand-brand_lazerlamps","12":"product_cat-lamps","13":"product_cat-work-lights","14":"product_cat-lazer-lamps-work-lights","15":"product_tag-lazer-lamps","17":"first","18":"instock","19":"taxable","20":"shipping-taxable","21":"purchasable","22":"product-type-simple"},"yoast_head":"<!-- This site is optimized with the Yoast SEO plugin v25.7 - https:\/\/yoast.com\/wordpress\/plugins\/seo\/ -->\n<title>Lazer Utility-80 HD (VB) - RST-Steel<\/title>\n<meta name=\"description\" content=\"Lazer Utility-80 HD (VB) is a new addition to the Utility Series product range in 2023. The product is designed and engineered for heavy-duty works!\" \/>\n<meta name=\"robots\" content=\"index, follow, max-snippet:-1, max-image-preview:large, max-video-preview:-1\" \/>\n<link rel=\"canonical\" href=\"https:\/\/com.rst-steel.eu\/sv\/produkt\/lazer-utility-80-hd-vb_pr_76618\/\" \/>\n<meta property=\"og:locale\" content=\"sv_SE\" \/>\n<meta property=\"og:type\" content=\"article\" \/>\n<meta property=\"og:title\" content=\"Lazer Utility-80 HD (VB) - RST-Steel\" \/>\n<meta property=\"og:description\" content=\"Lazer Utility-80 HD (VB) is a new addition to the Utility Series product range in 2023. The product is designed and engineered for heavy-duty works!\" \/>\n<meta property=\"og:url\" content=\"https:\/\/com.rst-steel.eu\/sv\/produkt\/lazer-utility-80-hd-vb_pr_76618\/\" \/>\n<meta property=\"og:site_name\" content=\"RST-Steel\" \/>\n<meta property=\"article:publisher\" content=\"https:\/\/www.facebook.com\/rststeel\" \/>\n<meta property=\"article:modified_time\" content=\"2026-03-16T06:16:11+00:00\" \/>\n<meta property=\"og:image\" content=\"https:\/\/com.rst-steel.eu\/wp-content\/uploads\/2023\/12\/1c01b88fee92d8b1aa697152633e0d9f91940a70_LZ6024_0002.jpg\" \/>\n\t<meta property=\"og:image:width\" content=\"1000\" \/>\n\t<meta property=\"og:image:height\" content=\"750\" \/>\n\t<meta property=\"og:image:type\" content=\"image\/jpeg\" \/>\n<meta name=\"twitter:card\" content=\"summary_large_image\" \/>\n<meta name=\"twitter:label1\" content=\"Ber\u00e4knad l\u00e4stid\" \/>\n\t<meta name=\"twitter:data1\" content=\"2 minuter\" \/>\n<script type=\"application\/ld+json\" class=\"yoast-schema-graph\">{\"@context\":\"https:\/\/schema.org\",\"@graph\":[{\"@type\":\"WebPage\",\"@id\":\"https:\/\/com.rst-steel.eu\/nb\/produkt\/lazer-utility-80-hd-vb_pr_76618\/\",\"url\":\"https:\/\/com.rst-steel.eu\/nb\/produkt\/lazer-utility-80-hd-vb_pr_76618\/\",\"name\":\"Lazer Utility-80 HD (VB) - RST-Steel\",\"isPartOf\":{\"@id\":\"https:\/\/com.rst-steel.eu\/#website\"},\"primaryImageOfPage\":{\"@id\":\"https:\/\/com.rst-steel.eu\/nb\/produkt\/lazer-utility-80-hd-vb_pr_76618\/#primaryimage\"},\"image\":{\"@id\":\"https:\/\/com.rst-steel.eu\/nb\/produkt\/lazer-utility-80-hd-vb_pr_76618\/#primaryimage\"},\"thumbnailUrl\":\"https:\/\/com.rst-steel.eu\/wp-content\/uploads\/2023\/12\/1c01b88fee92d8b1aa697152633e0d9f91940a70_LZ6024_0002.jpg\",\"datePublished\":\"2023-12-07T07:16:45+00:00\",\"dateModified\":\"2026-03-16T06:16:11+00:00\",\"description\":\"Lazer Utility-80 HD (VB) is a new addition to the Utility Series product range in 2023. The product is designed and engineered for heavy-duty works!\",\"breadcrumb\":{\"@id\":\"https:\/\/com.rst-steel.eu\/nb\/produkt\/lazer-utility-80-hd-vb_pr_76618\/#breadcrumb\"},\"inLanguage\":\"sv-SE\",\"potentialAction\":[{\"@type\":\"ReadAction\",\"target\":[\"https:\/\/com.rst-steel.eu\/nb\/produkt\/lazer-utility-80-hd-vb_pr_76618\/\"]}]},{\"@type\":\"ImageObject\",\"inLanguage\":\"sv-SE\",\"@id\":\"https:\/\/com.rst-steel.eu\/nb\/produkt\/lazer-utility-80-hd-vb_pr_76618\/#primaryimage\",\"url\":\"https:\/\/com.rst-steel.eu\/wp-content\/uploads\/2023\/12\/1c01b88fee92d8b1aa697152633e0d9f91940a70_LZ6024_0002.jpg\",\"contentUrl\":\"https:\/\/com.rst-steel.eu\/wp-content\/uploads\/2023\/12\/1c01b88fee92d8b1aa697152633e0d9f91940a70_LZ6024_0002.jpg\",\"width\":1000,\"height\":750,\"caption\":\"Lazer Utility-80 HD (VB)\"},{\"@type\":\"BreadcrumbList\",\"@id\":\"https:\/\/com.rst-steel.eu\/nb\/produkt\/lazer-utility-80-hd-vb_pr_76618\/#breadcrumb\",\"itemListElement\":[{\"@type\":\"ListItem\",\"position\":1,\"name\":\"Home\",\"item\":\"https:\/\/com.rst-steel.eu\/\"},{\"@type\":\"ListItem\",\"position\":2,\"name\":\"RST-Steel Shop\",\"item\":\"https:\/\/com.rst-steel.eu\/shop\/\"},{\"@type\":\"ListItem\",\"position\":3,\"name\":\"Lazer Utility-80 HD (VB)\"}]},{\"@type\":\"WebSite\",\"@id\":\"https:\/\/com.rst-steel.eu\/#website\",\"url\":\"https:\/\/com.rst-steel.eu\/\",\"name\":\"RST-Steel.com\",\"description\":\"Finnish quality steel, for quality-conscious drivers\",\"publisher\":{\"@id\":\"https:\/\/com.rst-steel.eu\/#organization\"},\"alternateName\":\"Safe and stylish RST-Steel quality\",\"potentialAction\":[{\"@type\":\"SearchAction\",\"target\":{\"@type\":\"EntryPoint\",\"urlTemplate\":\"https:\/\/com.rst-steel.eu\/?s={search_term_string}\"},\"query-input\":{\"@type\":\"PropertyValueSpecification\",\"valueRequired\":true,\"valueName\":\"search_term_string\"}}],\"inLanguage\":\"sv-SE\"},{\"@type\":\"Organization\",\"@id\":\"https:\/\/com.rst-steel.eu\/#organization\",\"name\":\"RST-Steel Oy\",\"url\":\"https:\/\/com.rst-steel.eu\/\",\"logo\":{\"@type\":\"ImageObject\",\"inLanguage\":\"sv-SE\",\"@id\":\"https:\/\/com.rst-steel.eu\/#\/schema\/logo\/image\/\",\"url\":\"https:\/\/com.rst-steel.eu\/wp-content\/uploads\/2023\/04\/cropped-Rst-logo-valkoinen-teksti-3.png\",\"contentUrl\":\"https:\/\/com.rst-steel.eu\/wp-content\/uploads\/2023\/04\/cropped-Rst-logo-valkoinen-teksti-3.png\",\"width\":512,\"height\":115,\"caption\":\"RST-Steel Oy\"},\"image\":{\"@id\":\"https:\/\/com.rst-steel.eu\/#\/schema\/logo\/image\/\"},\"sameAs\":[\"https:\/\/www.facebook.com\/rststeel\",\"https:\/\/www.instagram.com\/rststeeloy\/\"]}]}<\/script>\n<!-- \/ Yoast SEO plugin. -->","yoast_head_json":{"title":"Lazer Utility-80 HD (VB) - RST-Steel","description":"Lazer Utility-80 HD (VB) \u00e4r ett nytt tillskott i Utility-seriens produktsortiment 2023. Produkten \u00e4r utformad och konstruerad f\u00f6r tunga arbeten!","robots":{"index":"index","follow":"follow","max-snippet":"max-snippet:-1","max-image-preview":"max-image-preview:large","max-video-preview":"max-video-preview:-1"},"canonical":"https:\/\/com.rst-steel.eu\/sv\/produkt\/lazer-utility-80-hd-vb_pr_76618\/","og_locale":"sv_SE","og_type":"article","og_title":"Lazer Utility-80 HD (VB) - RST-Steel","og_description":"Lazer Utility-80 HD (VB) is a new addition to the Utility Series product range in 2023. The product is designed and engineered for heavy-duty works!","og_url":"https:\/\/com.rst-steel.eu\/sv\/produkt\/lazer-utility-80-hd-vb_pr_76618\/","og_site_name":"RST-Steel","article_publisher":"https:\/\/www.facebook.com\/rststeel","article_modified_time":"2026-03-16T06:16:11+00:00","og_image":[{"width":1000,"height":750,"url":"https:\/\/com.rst-steel.eu\/wp-content\/uploads\/2023\/12\/1c01b88fee92d8b1aa697152633e0d9f91940a70_LZ6024_0002.jpg","type":"image\/jpeg"}],"twitter_card":"summary_large_image","twitter_misc":{"Ber\u00e4knad l\u00e4stid":"2 minuter"},"schema":{"@context":"https:\/\/schema.org","@graph":[{"@type":"WebPage","@id":"https:\/\/com.rst-steel.eu\/nb\/produkt\/lazer-utility-80-hd-vb_pr_76618\/","url":"https:\/\/com.rst-steel.eu\/nb\/produkt\/lazer-utility-80-hd-vb_pr_76618\/","name":"Lazer Utility-80 HD (VB) - RST-Steel","isPartOf":{"@id":"https:\/\/com.rst-steel.eu\/#website"},"primaryImageOfPage":{"@id":"https:\/\/com.rst-steel.eu\/nb\/produkt\/lazer-utility-80-hd-vb_pr_76618\/#primaryimage"},"image":{"@id":"https:\/\/com.rst-steel.eu\/nb\/produkt\/lazer-utility-80-hd-vb_pr_76618\/#primaryimage"},"thumbnailUrl":"https:\/\/com.rst-steel.eu\/wp-content\/uploads\/2023\/12\/1c01b88fee92d8b1aa697152633e0d9f91940a70_LZ6024_0002.jpg","datePublished":"2023-12-07T07:16:45+00:00","dateModified":"2026-03-16T06:16:11+00:00","description":"Lazer Utility-80 HD (VB) \u00e4r ett nytt tillskott i Utility-seriens produktsortiment 2023. Produkten \u00e4r utformad och konstruerad f\u00f6r tunga arbeten!","breadcrumb":{"@id":"https:\/\/com.rst-steel.eu\/nb\/produkt\/lazer-utility-80-hd-vb_pr_76618\/#breadcrumb"},"inLanguage":"sv-SE","potentialAction":[{"@type":"ReadAction","target":["https:\/\/com.rst-steel.eu\/nb\/produkt\/lazer-utility-80-hd-vb_pr_76618\/"]}]},{"@type":"ImageObject","inLanguage":"sv-SE","@id":"https:\/\/com.rst-steel.eu\/nb\/produkt\/lazer-utility-80-hd-vb_pr_76618\/#primaryimage","url":"https:\/\/com.rst-steel.eu\/wp-content\/uploads\/2023\/12\/1c01b88fee92d8b1aa697152633e0d9f91940a70_LZ6024_0002.jpg","contentUrl":"https:\/\/com.rst-steel.eu\/wp-content\/uploads\/2023\/12\/1c01b88fee92d8b1aa697152633e0d9f91940a70_LZ6024_0002.jpg","width":1000,"height":750,"caption":"Lazer Utility-80 HD (VB)"},{"@type":"BreadcrumbList","@id":"https:\/\/com.rst-steel.eu\/nb\/produkt\/lazer-utility-80-hd-vb_pr_76618\/#breadcrumb","itemListElement":[{"@type":"ListItem","position":1,"name":"Home","item":"https:\/\/com.rst-steel.eu\/"},{"@type":"ListItem","position":2,"name":"RST-Steel Shop","item":"https:\/\/com.rst-steel.eu\/shop\/"},{"@type":"ListItem","position":3,"name":"Lazer Utility-80 HD (VB)"}]},{"@type":"WebSite","@id":"https:\/\/com.rst-steel.eu\/#website","url":"https:\/\/com.rst-steel.eu\/","name":"RST-Stahl.com","description":"Finskt kvalitetsst\u00e5l, f\u00f6r kvalitetsmedvetna f\u00f6rare","publisher":{"@id":"https:\/\/com.rst-steel.eu\/#organization"},"alternateName":"Safe and stylish RST-Steel quality","potentialAction":[{"@type":"SearchAction","target":{"@type":"EntryPoint","urlTemplate":"https:\/\/com.rst-steel.eu\/?s={search_term_string}"},"query-input":{"@type":"PropertyValueSpecification","valueRequired":true,"valueName":"search_term_string"}}],"inLanguage":"sv-SE"},{"@type":"Organization","@id":"https:\/\/com.rst-steel.eu\/#organization","name":"RST-Steel Oy","url":"https:\/\/com.rst-steel.eu\/","logo":{"@type":"ImageObject","inLanguage":"sv-SE","@id":"https:\/\/com.rst-steel.eu\/#\/schema\/logo\/image\/","url":"https:\/\/com.rst-steel.eu\/wp-content\/uploads\/2023\/04\/cropped-Rst-logo-valkoinen-teksti-3.png","contentUrl":"https:\/\/com.rst-steel.eu\/wp-content\/uploads\/2023\/04\/cropped-Rst-logo-valkoinen-teksti-3.png","width":512,"height":115,"caption":"RST-Steel Oy"},"image":{"@id":"https:\/\/com.rst-steel.eu\/#\/schema\/logo\/image\/"},"sameAs":["https:\/\/www.facebook.com\/rststeel","https:\/\/www.instagram.com\/rststeeloy\/"]}]}},"brands":[{"id":8332,"name":"Lazer Lamps","slug":"brand_lazerlamps"}],"_links":{"self":[{"href":"https:\/\/com.rst-steel.eu\/sv\/wp-json\/wp\/v2\/product\/41525","targetHints":{"allow":["GET"]}}],"collection":[{"href":"https:\/\/com.rst-steel.eu\/sv\/wp-json\/wp\/v2\/product"}],"about":[{"href":"https:\/\/com.rst-steel.eu\/sv\/wp-json\/wp\/v2\/types\/product"}],"replies":[{"embeddable":true,"href":"https:\/\/com.rst-steel.eu\/sv\/wp-json\/wp\/v2\/comments?post=41525"}],"version-history":[{"count":0,"href":"https:\/\/com.rst-steel.eu\/sv\/wp-json\/wp\/v2\/product\/41525\/revisions"}],"wp:featuredmedia":[{"embeddable":true,"href":"https:\/\/com.rst-steel.eu\/sv\/wp-json\/wp\/v2\/media\/41521"}],"wp:attachment":[{"href":"https:\/\/com.rst-steel.eu\/sv\/wp-json\/wp\/v2\/media?parent=41525"}],"wp:term":[{"taxonomy":"make_fuel_type","embeddable":true,"href":"https:\/\/com.rst-steel.eu\/sv\/wp-json\/wp\/v2\/make_fuel_type?post=41525"},{"taxonomy":"make_model","embeddable":true,"href":"https:\/\/com.rst-steel.eu\/sv\/wp-json\/wp\/v2\/make_model?post=41525"},{"taxonomy":"make_brand","embeddable":true,"href":"https:\/\/com.rst-steel.eu\/sv\/wp-json\/wp\/v2\/make_brand?post=41525"},{"taxonomy":"make_year","embeddable":true,"href":"https:\/\/com.rst-steel.eu\/sv\/wp-json\/wp\/v2\/make_year?post=41525"},{"taxonomy":"pwb-brand","embeddable":true,"href":"https:\/\/com.rst-steel.eu\/sv\/wp-json\/wp\/v2\/pwb-brand?post=41525"},{"taxonomy":"product_brand","embeddable":true,"href":"https:\/\/com.rst-steel.eu\/sv\/wp-json\/wp\/v2\/product_brand?post=41525"},{"taxonomy":"product_cat","embeddable":true,"href":"https:\/\/com.rst-steel.eu\/sv\/wp-json\/wp\/v2\/product_cat?post=41525"},{"taxonomy":"product_tag","embeddable":true,"href":"https:\/\/com.rst-steel.eu\/sv\/wp-json\/wp\/v2\/product_tag?post=41525"}],"curies":[{"name":"wp","href":"https:\/\/api.w.org\/{rel}","templated":true}]}}