{"id":41501,"date":"2023-12-01T14:00:49","date_gmt":"2023-12-01T11:00:49","guid":{"rendered":"https:\/\/rst-steel.com\/product\/misutonida-front-bars-vw-amarok-2023-_prm_70946\/"},"modified":"2026-03-16T09:16:30","modified_gmt":"2026-03-16T06:16:30","slug":"misutonida-front-bars-vw-amarok-2023-_prm_70946","status":"publish","type":"product","link":"https:\/\/com.rst-steel.eu\/sv\/produkt\/misutonida-front-bars-vw-amarok-2023-_prm_70946\/","title":{"rendered":"Misutonida frontb\u00e5gar VW Amarok 2023-"},"content":{"rendered":"<p>Misutonida frontb\u00e5gar VW Amarok 2023-<\/p>\n<p><\/p>\n<p>Frontb\u00e5garna ger din bil ett spektakul\u00e4rt och individuellt utseende, samt extra skydd f\u00f6r den fr\u00e4mre st\u00f6tf\u00e5ngaren och kylaren. Det \u00e4r ocks\u00e5 enkelt att f\u00e4sta extraljus p\u00e5 frontb\u00e5gen med hj\u00e4lp av ljusf\u00e4sten.<\/p>\n<p>Frontb\u00e5garna \u00e4r enkla och snabba att installera, illustrerade installationsanvisningar ing\u00e5r.<\/p>\n<p>Frontb\u00e5garna har ett certifikat f\u00f6r europeisk typgodk\u00e4nnande f\u00f6r v\u00e4gbruk (CEE).<\/p>\n<p><\/p>\n<p><span style=\"font-weight: bold\">Teknisk information:<\/span><\/p>\n<ul>\n<li>F\u00e4rg: Spegelpolerat rostfritt st\u00e5l eller svart<\/li>\n<li>R\u00f6rdiameter: Superbar 76 och med mellanst\u00e5ng 63 mm<\/li>\n<li>3-\u00e5rs materialgaranti<\/li>\n<li>Tillverkad i Italien<\/li>\n<\/ul>\n<p><\/p>\n<p><span style=\"font-weight: bold\">Leveransinneh\u00e5ll:<\/span><\/p>\n<ul>\n<li>Frontb\u00e5ge<\/li>\n<li>Monteringsf\u00e4sten som beh\u00f6vs f\u00f6r installation<\/li>\n<li>Instruktioner f\u00f6r installation<\/li>\n<\/ul>","protected":false},"excerpt":{"rendered":"<p>Flera modellalternativ tillg\u00e4ngliga!<\/p>","protected":false},"featured_media":41500,"comment_status":"open","ping_status":"closed","template":"","meta":{"_improvement_type_select":"improve_an_existing","_thumb_yes_seoaic":false,"_frame_yes_seoaic":false,"seoaic_generate_description":"","seoaic_improve_instructions_prompt":"","seoaic_rollback_content_improvement":"","seoaic_idea_thumbnail_generator":"","thumbnail_generated":false,"thumbnail_generate_prompt":"","seoaic_article_description":""},"make_fuel_type":[],"make_model":[6687],"make_brand":[6688],"make_year":[6686],"pwb-brand":[8350],"product_brand":[],"product_cat":[8274,6057,6066],"product_tag":[],"class_list":{"0":"post-41501","1":"product","2":"type-product","3":"status-publish","4":"has-post-thumbnail","6":"make_engine-vw-amarok-dc","7":"make_model-amarok-23","8":"make_brand-vw-pickup","9":"make_year-pickup-truck","10":"pwb-brand-brand_misutonida","11":"product_cat-fr-pt-vw","12":"product_cat-lightbars","13":"product_cat-frontbars-for-pick-up-trucks","14":"product_shipping_class-lightbars","16":"first","17":"instock","18":"taxable","19":"shipping-taxable","20":"purchasable","21":"product-type-variable"},"yoast_head":"<!-- This site is optimized with the Yoast SEO plugin v25.7 - https:\/\/yoast.com\/wordpress\/plugins\/seo\/ -->\n<title>Misutonida front bars VW Amarok 2023- RST-Steel<\/title>\n<meta name=\"description\" content=\"Misutonida Front Bars VW Amarok 2023- models. Gives your car a spectacular and individual appearance. Place your order now!\" \/>\n<meta name=\"robots\" content=\"index, follow, max-snippet:-1, max-image-preview:large, max-video-preview:-1\" \/>\n<link rel=\"canonical\" href=\"https:\/\/com.rst-steel.eu\/sv\/produkt\/misutonida-front-bars-vw-amarok-2023-_prm_70946\/\" \/>\n<meta property=\"og:locale\" content=\"sv_SE\" \/>\n<meta property=\"og:type\" content=\"article\" \/>\n<meta property=\"og:title\" content=\"Misutonida front bars VW Amarok 2023- RST-Steel\" \/>\n<meta property=\"og:description\" content=\"Misutonida Front Bars VW Amarok 2023- models. Gives your car a spectacular and individual appearance. Place your order now!\" \/>\n<meta property=\"og:url\" content=\"https:\/\/com.rst-steel.eu\/sv\/produkt\/misutonida-front-bars-vw-amarok-2023-_prm_70946\/\" \/>\n<meta property=\"og:site_name\" content=\"RST-Steel\" \/>\n<meta property=\"article:publisher\" content=\"https:\/\/www.facebook.com\/rststeel\" \/>\n<meta property=\"article:modified_time\" content=\"2026-03-16T06:16:30+00:00\" \/>\n<meta property=\"og:image\" content=\"https:\/\/com.rst-steel.eu\/wp-content\/uploads\/2023\/12\/e637ebe0351b5adf2c17ab146e70d580cf36adb5_AMAROK23EC_MED_521_IX-scaled.jpg\" \/>\n\t<meta property=\"og:image:width\" content=\"2560\" \/>\n\t<meta property=\"og:image:height\" content=\"1706\" \/>\n\t<meta property=\"og:image:type\" content=\"image\/jpeg\" \/>\n<meta name=\"twitter:card\" content=\"summary_large_image\" \/>\n<meta name=\"twitter:label1\" content=\"Ber\u00e4knad l\u00e4stid\" \/>\n\t<meta name=\"twitter:data1\" content=\"1 minut\" \/>\n<script type=\"application\/ld+json\" class=\"yoast-schema-graph\">{\"@context\":\"https:\/\/schema.org\",\"@graph\":[{\"@type\":\"WebPage\",\"@id\":\"https:\/\/com.rst-steel.eu\/sv\/produkt\/misutonida-front-bars-vw-amarok-2023-_prm_70946\/\",\"url\":\"https:\/\/com.rst-steel.eu\/sv\/produkt\/misutonida-front-bars-vw-amarok-2023-_prm_70946\/\",\"name\":\"Misutonida front bars VW Amarok 2023- RST-Steel\",\"isPartOf\":{\"@id\":\"https:\/\/com.rst-steel.eu\/#website\"},\"primaryImageOfPage\":{\"@id\":\"https:\/\/com.rst-steel.eu\/sv\/produkt\/misutonida-front-bars-vw-amarok-2023-_prm_70946\/#primaryimage\"},\"image\":{\"@id\":\"https:\/\/com.rst-steel.eu\/sv\/produkt\/misutonida-front-bars-vw-amarok-2023-_prm_70946\/#primaryimage\"},\"thumbnailUrl\":\"https:\/\/com.rst-steel.eu\/wp-content\/uploads\/2023\/12\/e637ebe0351b5adf2c17ab146e70d580cf36adb5_AMAROK23EC_MED_521_IX-scaled.jpg\",\"datePublished\":\"2023-12-01T11:00:49+00:00\",\"dateModified\":\"2026-03-16T06:16:30+00:00\",\"description\":\"Misutonida Front Bars VW Amarok 2023- models. Gives your car a spectacular and individual appearance. Place your order now!\",\"breadcrumb\":{\"@id\":\"https:\/\/com.rst-steel.eu\/sv\/produkt\/misutonida-front-bars-vw-amarok-2023-_prm_70946\/#breadcrumb\"},\"inLanguage\":\"sv-SE\",\"potentialAction\":[{\"@type\":\"ReadAction\",\"target\":[\"https:\/\/com.rst-steel.eu\/sv\/produkt\/misutonida-front-bars-vw-amarok-2023-_prm_70946\/\"]}]},{\"@type\":\"ImageObject\",\"inLanguage\":\"sv-SE\",\"@id\":\"https:\/\/com.rst-steel.eu\/sv\/produkt\/misutonida-front-bars-vw-amarok-2023-_prm_70946\/#primaryimage\",\"url\":\"https:\/\/com.rst-steel.eu\/wp-content\/uploads\/2023\/12\/e637ebe0351b5adf2c17ab146e70d580cf36adb5_AMAROK23EC_MED_521_IX-scaled.jpg\",\"contentUrl\":\"https:\/\/com.rst-steel.eu\/wp-content\/uploads\/2023\/12\/e637ebe0351b5adf2c17ab146e70d580cf36adb5_AMAROK23EC_MED_521_IX-scaled.jpg\",\"width\":2560,\"height\":1706,\"caption\":\"Misutonida front bars VW Amarok 2023-\"},{\"@type\":\"BreadcrumbList\",\"@id\":\"https:\/\/com.rst-steel.eu\/sv\/produkt\/misutonida-front-bars-vw-amarok-2023-_prm_70946\/#breadcrumb\",\"itemListElement\":[{\"@type\":\"ListItem\",\"position\":1,\"name\":\"Home\",\"item\":\"https:\/\/com.rst-steel.eu\/\"},{\"@type\":\"ListItem\",\"position\":2,\"name\":\"RST-Steel Shop\",\"item\":\"https:\/\/com.rst-steel.eu\/shop\/\"},{\"@type\":\"ListItem\",\"position\":3,\"name\":\"Misutonida front bars VW Amarok 2023-\"}]},{\"@type\":\"WebSite\",\"@id\":\"https:\/\/com.rst-steel.eu\/#website\",\"url\":\"https:\/\/com.rst-steel.eu\/\",\"name\":\"RST-Steel.com\",\"description\":\"Finnish quality steel, for quality-conscious drivers\",\"publisher\":{\"@id\":\"https:\/\/com.rst-steel.eu\/#organization\"},\"alternateName\":\"Safe and stylish RST-Steel quality\",\"potentialAction\":[{\"@type\":\"SearchAction\",\"target\":{\"@type\":\"EntryPoint\",\"urlTemplate\":\"https:\/\/com.rst-steel.eu\/?s={search_term_string}\"},\"query-input\":{\"@type\":\"PropertyValueSpecification\",\"valueRequired\":true,\"valueName\":\"search_term_string\"}}],\"inLanguage\":\"sv-SE\"},{\"@type\":\"Organization\",\"@id\":\"https:\/\/com.rst-steel.eu\/#organization\",\"name\":\"RST-Steel Oy\",\"url\":\"https:\/\/com.rst-steel.eu\/\",\"logo\":{\"@type\":\"ImageObject\",\"inLanguage\":\"sv-SE\",\"@id\":\"https:\/\/com.rst-steel.eu\/#\/schema\/logo\/image\/\",\"url\":\"https:\/\/com.rst-steel.eu\/wp-content\/uploads\/2023\/04\/cropped-Rst-logo-valkoinen-teksti-3.png\",\"contentUrl\":\"https:\/\/com.rst-steel.eu\/wp-content\/uploads\/2023\/04\/cropped-Rst-logo-valkoinen-teksti-3.png\",\"width\":512,\"height\":115,\"caption\":\"RST-Steel Oy\"},\"image\":{\"@id\":\"https:\/\/com.rst-steel.eu\/#\/schema\/logo\/image\/\"},\"sameAs\":[\"https:\/\/www.facebook.com\/rststeel\",\"https:\/\/www.instagram.com\/rststeeloy\/\"]}]}<\/script>\n<!-- \/ Yoast SEO plugin. -->","yoast_head_json":{"title":"Misutonida front bars VW Amarok 2023- RST-Steel","description":"Misutonida Frontb\u00e5gar VW Amarok 2023- modeller. Ger din bil ett spektakul\u00e4rt och individuellt utseende. G\u00f6r din best\u00e4llning nu!","robots":{"index":"index","follow":"follow","max-snippet":"max-snippet:-1","max-image-preview":"max-image-preview:large","max-video-preview":"max-video-preview:-1"},"canonical":"https:\/\/com.rst-steel.eu\/sv\/produkt\/misutonida-front-bars-vw-amarok-2023-_prm_70946\/","og_locale":"sv_SE","og_type":"article","og_title":"Misutonida front bars VW Amarok 2023- RST-Steel","og_description":"Misutonida Front Bars VW Amarok 2023- models. Gives your car a spectacular and individual appearance. Place your order now!","og_url":"https:\/\/com.rst-steel.eu\/sv\/produkt\/misutonida-front-bars-vw-amarok-2023-_prm_70946\/","og_site_name":"RST-Steel","article_publisher":"https:\/\/www.facebook.com\/rststeel","article_modified_time":"2026-03-16T06:16:30+00:00","og_image":[{"width":2560,"height":1706,"url":"https:\/\/com.rst-steel.eu\/wp-content\/uploads\/2023\/12\/e637ebe0351b5adf2c17ab146e70d580cf36adb5_AMAROK23EC_MED_521_IX-scaled.jpg","type":"image\/jpeg"}],"twitter_card":"summary_large_image","twitter_misc":{"Ber\u00e4knad l\u00e4stid":"1 minut"},"schema":{"@context":"https:\/\/schema.org","@graph":[{"@type":"WebPage","@id":"https:\/\/com.rst-steel.eu\/sv\/produkt\/misutonida-front-bars-vw-amarok-2023-_prm_70946\/","url":"https:\/\/com.rst-steel.eu\/sv\/produkt\/misutonida-front-bars-vw-amarok-2023-_prm_70946\/","name":"Misutonida front bars VW Amarok 2023- RST-Steel","isPartOf":{"@id":"https:\/\/com.rst-steel.eu\/#website"},"primaryImageOfPage":{"@id":"https:\/\/com.rst-steel.eu\/sv\/produkt\/misutonida-front-bars-vw-amarok-2023-_prm_70946\/#primaryimage"},"image":{"@id":"https:\/\/com.rst-steel.eu\/sv\/produkt\/misutonida-front-bars-vw-amarok-2023-_prm_70946\/#primaryimage"},"thumbnailUrl":"https:\/\/com.rst-steel.eu\/wp-content\/uploads\/2023\/12\/e637ebe0351b5adf2c17ab146e70d580cf36adb5_AMAROK23EC_MED_521_IX-scaled.jpg","datePublished":"2023-12-01T11:00:49+00:00","dateModified":"2026-03-16T06:16:30+00:00","description":"Misutonida Frontb\u00e5gar VW Amarok 2023- modeller. Ger din bil ett spektakul\u00e4rt och individuellt utseende. G\u00f6r din best\u00e4llning nu!","breadcrumb":{"@id":"https:\/\/com.rst-steel.eu\/sv\/produkt\/misutonida-front-bars-vw-amarok-2023-_prm_70946\/#breadcrumb"},"inLanguage":"sv-SE","potentialAction":[{"@type":"ReadAction","target":["https:\/\/com.rst-steel.eu\/sv\/produkt\/misutonida-front-bars-vw-amarok-2023-_prm_70946\/"]}]},{"@type":"ImageObject","inLanguage":"sv-SE","@id":"https:\/\/com.rst-steel.eu\/sv\/produkt\/misutonida-front-bars-vw-amarok-2023-_prm_70946\/#primaryimage","url":"https:\/\/com.rst-steel.eu\/wp-content\/uploads\/2023\/12\/e637ebe0351b5adf2c17ab146e70d580cf36adb5_AMAROK23EC_MED_521_IX-scaled.jpg","contentUrl":"https:\/\/com.rst-steel.eu\/wp-content\/uploads\/2023\/12\/e637ebe0351b5adf2c17ab146e70d580cf36adb5_AMAROK23EC_MED_521_IX-scaled.jpg","width":2560,"height":1706,"caption":"Misutonida front bars VW Amarok 2023-"},{"@type":"BreadcrumbList","@id":"https:\/\/com.rst-steel.eu\/sv\/produkt\/misutonida-front-bars-vw-amarok-2023-_prm_70946\/#breadcrumb","itemListElement":[{"@type":"ListItem","position":1,"name":"Home","item":"https:\/\/com.rst-steel.eu\/"},{"@type":"ListItem","position":2,"name":"RST-Steel Shop","item":"https:\/\/com.rst-steel.eu\/shop\/"},{"@type":"ListItem","position":3,"name":"Misutonida front bars VW Amarok 2023-"}]},{"@type":"WebSite","@id":"https:\/\/com.rst-steel.eu\/#website","url":"https:\/\/com.rst-steel.eu\/","name":"RST-Stahl.com","description":"Finskt kvalitetsst\u00e5l, f\u00f6r kvalitetsmedvetna f\u00f6rare","publisher":{"@id":"https:\/\/com.rst-steel.eu\/#organization"},"alternateName":"Safe and stylish RST-Steel quality","potentialAction":[{"@type":"SearchAction","target":{"@type":"EntryPoint","urlTemplate":"https:\/\/com.rst-steel.eu\/?s={search_term_string}"},"query-input":{"@type":"PropertyValueSpecification","valueRequired":true,"valueName":"search_term_string"}}],"inLanguage":"sv-SE"},{"@type":"Organization","@id":"https:\/\/com.rst-steel.eu\/#organization","name":"RST-Steel Oy","url":"https:\/\/com.rst-steel.eu\/","logo":{"@type":"ImageObject","inLanguage":"sv-SE","@id":"https:\/\/com.rst-steel.eu\/#\/schema\/logo\/image\/","url":"https:\/\/com.rst-steel.eu\/wp-content\/uploads\/2023\/04\/cropped-Rst-logo-valkoinen-teksti-3.png","contentUrl":"https:\/\/com.rst-steel.eu\/wp-content\/uploads\/2023\/04\/cropped-Rst-logo-valkoinen-teksti-3.png","width":512,"height":115,"caption":"RST-Steel Oy"},"image":{"@id":"https:\/\/com.rst-steel.eu\/#\/schema\/logo\/image\/"},"sameAs":["https:\/\/www.facebook.com\/rststeel","https:\/\/www.instagram.com\/rststeeloy\/"]}]}},"brands":[{"id":8350,"name":"Misutonida","slug":"brand_misutonida"}],"_links":{"self":[{"href":"https:\/\/com.rst-steel.eu\/sv\/wp-json\/wp\/v2\/product\/41501","targetHints":{"allow":["GET"]}}],"collection":[{"href":"https:\/\/com.rst-steel.eu\/sv\/wp-json\/wp\/v2\/product"}],"about":[{"href":"https:\/\/com.rst-steel.eu\/sv\/wp-json\/wp\/v2\/types\/product"}],"replies":[{"embeddable":true,"href":"https:\/\/com.rst-steel.eu\/sv\/wp-json\/wp\/v2\/comments?post=41501"}],"version-history":[{"count":0,"href":"https:\/\/com.rst-steel.eu\/sv\/wp-json\/wp\/v2\/product\/41501\/revisions"}],"wp:featuredmedia":[{"embeddable":true,"href":"https:\/\/com.rst-steel.eu\/sv\/wp-json\/wp\/v2\/media\/41500"}],"wp:attachment":[{"href":"https:\/\/com.rst-steel.eu\/sv\/wp-json\/wp\/v2\/media?parent=41501"}],"wp:term":[{"taxonomy":"make_fuel_type","embeddable":true,"href":"https:\/\/com.rst-steel.eu\/sv\/wp-json\/wp\/v2\/make_fuel_type?post=41501"},{"taxonomy":"make_model","embeddable":true,"href":"https:\/\/com.rst-steel.eu\/sv\/wp-json\/wp\/v2\/make_model?post=41501"},{"taxonomy":"make_brand","embeddable":true,"href":"https:\/\/com.rst-steel.eu\/sv\/wp-json\/wp\/v2\/make_brand?post=41501"},{"taxonomy":"make_year","embeddable":true,"href":"https:\/\/com.rst-steel.eu\/sv\/wp-json\/wp\/v2\/make_year?post=41501"},{"taxonomy":"pwb-brand","embeddable":true,"href":"https:\/\/com.rst-steel.eu\/sv\/wp-json\/wp\/v2\/pwb-brand?post=41501"},{"taxonomy":"product_brand","embeddable":true,"href":"https:\/\/com.rst-steel.eu\/sv\/wp-json\/wp\/v2\/product_brand?post=41501"},{"taxonomy":"product_cat","embeddable":true,"href":"https:\/\/com.rst-steel.eu\/sv\/wp-json\/wp\/v2\/product_cat?post=41501"},{"taxonomy":"product_tag","embeddable":true,"href":"https:\/\/com.rst-steel.eu\/sv\/wp-json\/wp\/v2\/product_tag?post=41501"}],"curies":[{"name":"wp","href":"https:\/\/api.w.org\/{rel}","templated":true}]}}